{"id":9788,"date":"2019-11-24T19:05:35","date_gmt":"2019-11-24T18:05:35","guid":{"rendered":"https:\/\/smartsdiscount.com\/?post_type=product&amp;p=9788"},"modified":"2019-11-24T19:05:35","modified_gmt":"2019-11-24T18:05:35","slug":"oneplus-7-pro-8go-256go-gm1910-gris-miroir","status":"publish","type":"product","link":"https:\/\/eurosdiscounts.com\/index.php\/produit\/oneplus-7-pro-8go-256go-gm1910-gris-miroir\/","title":{"rendered":"Oneplus 7 Pro 8Go 256Go GM1910 Gris Miroir"},"content":{"rendered":"<p><span class=\"fpBlocTitle\">Les points forts :<\/span><\/p>\n<ul>\n<li>Taille de la diagonale : 6.67\u2033<\/li>\n<li>R\u00e9solution du capteur : 48 m\u00e9gapixels<\/li>\n<li>Capacit\u00e9 : 3700 mAh<\/li>\n<li>Capacit\u00e9 de la m\u00e9moire interne : 256 Go<\/li>\n<li>8 coeurs<\/li>\n<\/ul>\n<div class=\"jsFpBulletPointMore\">\n<ul>\n<li>RAM : 8 Go \u2013 LPDDR4X SDRAM<\/li>\n<li>G\u00e9n\u00e9ration \u00e0 haut d\u00e9bit mobile : 4G<\/li>\n<li>Syst\u00e8me d\u2019exploitation : OxygenOS (bas\u00e9 sur Android Pie)<\/li>\n<\/ul>\n<\/div>\n","protected":false},"excerpt":{"rendered":"<table class=\"fpDescTb fpDescTbPub\">\n<tbody>\n<tr>\n<th colspan=\"2\">Informations g\u00e9n\u00e9rales sur le produit<\/th>\n<\/tr>\n<tr>\n<td>Marque<\/td>\n<td>ONEPLUS<\/td>\n<\/tr>\n<tr>\n<td>Nom du produit<\/td>\n<td>Oneplus 7 Pro 8Go 256Go GM1910 Gris Miroir<\/td>\n<\/tr>\n<tr>\n<td>Cat\u00e9gorie<\/td>\n<td>SMARTPHONE<\/td>\n<\/tr>\n<tr>\n<th colspan=\"2\">Informations sur le produit<\/th>\n<\/tr>\n<tr>\n<td>Couleur(s)<\/td>\n<td>Gris<\/td>\n<\/tr>\n<tr>\n<th colspan=\"2\">G\u00e9n\u00e9ral<\/th>\n<\/tr>\n<tr>\n<td>Type de produit<\/td>\n<td>Smartphone<\/td>\n<\/tr>\n<tr>\n<td>Composants int\u00e9gr\u00e9s<\/td>\n<td>Cam\u00e9ra avant, enregistreur vocal, haut-parleurs st\u00e9r\u00e9o, navigation, lecteur num\u00e9rique, triple cam\u00e9ra orient\u00e9e vers l&rsquo;arri\u00e8re<\/td>\n<\/tr>\n<tr>\n<td>Mat\u00e9riau du boitier<\/td>\n<td>Gorilla glass<\/td>\n<\/tr>\n<tr>\n<td>Couleur du boitier<\/td>\n<td>Gris miroir<\/td>\n<\/tr>\n<tr>\n<td>Profondeur<\/td>\n<td>8.8 mm<\/td>\n<\/tr>\n<tr>\n<td>Largeur<\/td>\n<td>75.9 mm<\/td>\n<\/tr>\n<tr>\n<td>Hauteur<\/td>\n<td>162.6 mm<\/td>\n<\/tr>\n<tr>\n<td>Poids<\/td>\n<td>206 g<\/td>\n<\/tr>\n<tr>\n<td>Valeur DAS<\/td>\n<td>1,394 W\/kg (corps) \/ 1,199 W\/kg (t\u00eate)<\/td>\n<\/tr>\n<tr>\n<td>Format<\/td>\n<td>Tactile<\/td>\n<\/tr>\n<tr>\n<th colspan=\"2\">T\u00e9l\u00e9phone mobile<\/th>\n<\/tr>\n<tr>\n<td>Syst\u00e8me d&rsquo;exploitation<\/td>\n<td>OxygenOS (bas\u00e9 sur Android Pie)<\/td>\n<\/tr>\n<tr>\n<td>Technologie<\/td>\n<td>CDMA2000 1X \/ GSM \/ WCDMA (UMTS) \/ TD-SCDMA<\/td>\n<\/tr>\n<tr>\n<td>G\u00e9n\u00e9ration \u00e0 haut d\u00e9bit mobile<\/td>\n<td>4G<\/td>\n<\/tr>\n<tr>\n<td>Fournisseur de services<\/td>\n<td>Non sp\u00e9cifi\u00e9<\/td>\n<\/tr>\n<tr>\n<td>Type de carte SIM<\/td>\n<td>Nano SIM<\/td>\n<\/tr>\n<tr>\n<td>Navigation<\/td>\n<td>GPS, A-GPS, GLONASS, BeiDou, Galileo, SBAS<\/td>\n<\/tr>\n<tr>\n<td>Appareil d&rsquo;entr\u00e9e<\/td>\n<td>Multi-touches, capacitif<\/td>\n<\/tr>\n<tr>\n<td>Qt\u00e9 de carte SIM<\/td>\n<td>Double SIM<\/td>\n<\/tr>\n<tr>\n<th colspan=\"2\">Processeur<\/th>\n<\/tr>\n<tr>\n<td>Type<\/td>\n<td>Qualcomm Snapdragon 855<\/td>\n<\/tr>\n<tr>\n<td>Qt\u00e9 de coeur de processeur<\/td>\n<td>8 coeurs<\/td>\n<\/tr>\n<tr>\n<td>Architecture 64 bits<\/td>\n<td>Oui<\/td>\n<\/tr>\n<tr>\n<td>Fr\u00e9quence d&rsquo;horloge<\/td>\n<td>2.84 GHz<\/td>\n<\/tr>\n<tr>\n<th colspan=\"2\">Affichage<\/th>\n<\/tr>\n<tr>\n<td>Technologie<\/td>\n<td>Fluid Amoled<\/td>\n<\/tr>\n<tr>\n<td>Caract\u00e9ristiques<\/td>\n<td>Lunettes 3D<\/td>\n<\/tr>\n<tr>\n<td>Type<\/td>\n<td>Ecran OEL<\/td>\n<\/tr>\n<tr>\n<td>Densit\u00e9 des pixels<\/td>\n<td>516 ppi<\/td>\n<\/tr>\n<tr>\n<td>Taille de la diagonale<\/td>\n<td>6.67&Prime;<\/td>\n<\/tr>\n<tr>\n<td>R\u00e9solution d&rsquo;\u00e9cran<\/td>\n<td>3120 x 1440 pixels<\/td>\n<\/tr>\n<tr>\n<td>Rapport hauteur\/largeur<\/td>\n<td>19.5:9<\/td>\n<\/tr>\n<tr>\n<td>Format d&rsquo;affichage<\/td>\n<td>Full HD+<\/td>\n<\/tr>\n<tr>\n<th colspan=\"2\">Messagerie et Internet<\/th>\n<\/tr>\n<tr>\n<td>Services de messagerie<\/td>\n<td>SMS, MMS<\/td>\n<\/tr>\n<tr>\n<td>Blogs et r\u00e9seaux sociaux pris en charge<\/td>\n<td>Oui<\/td>\n<\/tr>\n<tr>\n<th colspan=\"2\">Communications<\/th>\n<\/tr>\n<tr>\n<td>Interface sans fil<\/td>\n<td>NFC, IEEE 802.11a\/b\/g\/n\/ac, Bluetooth 5.0<\/td>\n<\/tr>\n<tr>\n<td>Bande 2G<\/td>\n<td>GSM 850\/900\/1800\/1900 \/ CDMA2000 1X 800 \/ TD-SCDMA<\/td>\n<\/tr>\n<tr>\n<td>Bande 4G LTE<\/td>\n<td>Bande 1, Bande 2, Bande 3, Bande 4, Bande 5, Bande 7, Bande 8, Bande 12, Bande 13, Bande 17, Bande 18, Bande 19, Bande 20, Bande 25, Bande 26, Bande 28, Bande 29, Bande 32, Bande 34, Bande 38, Bande 39, Bande 40, Bande 41, Bande 66<\/td>\n<\/tr>\n<tr>\n<td>Fr\u00e9quence LTE 4G<\/td>\n<td>FDD 2100, FDD 1900 PCS, FDD 1800+, FDD 1700 &#8211; 2110 AWS, FDD 850, FDD 2600, FDD 900, FDD 700a, FDD 700c, FDD 700b, FDD 800 inf\u00e9rieur, FDD 800 sup\u00e9rieur, FDD 800 DD, FDD 1900+, FDD 850+, FDD 700 APT, FDD 700d, FDD 1500 L, TDD 2000, TDD 2600, TDD 1900, TDD 2300, TDD 2500, FDD 1700 &#8211; 2110 AWS-3<\/td>\n<\/tr>\n<tr>\n<td>Bande 3G UMTS<\/td>\n<td>Bande 1, Bande 2, Bande 4, Bande 5, Bande 8, Bande 9, Bande 19<\/td>\n<\/tr>\n<tr>\n<td>Fr\u00e9quence UMTS 3G<\/td>\n<td>2100, 1900, 1700, 850, 900, 1700, 800<\/td>\n<\/tr>\n<tr>\n<td>Transmission de donn\u00e9es<\/td>\n<td>GPRS, EDGE, EV-DO, HSDPA, HSUPA, HSPA+, LTE, VoLTE, FDD-LTE, TDD-LTE<\/td>\n<\/tr>\n<tr>\n<th colspan=\"2\">Caract\u00e9ristiques du t\u00e9l\u00e9phone<\/th>\n<\/tr>\n<tr>\n<td>Fonctions du t\u00e9l\u00e9phone<\/td>\n<td>T\u00e9l\u00e9phone \u00e0 haut parleur, commande vocale, compteur d&rsquo;appels, t\u00e9l\u00e9conf\u00e9rence, mode avion, num\u00e9rotation vocale, vibreur<\/td>\n<\/tr>\n<tr>\n<td>Capteurs<\/td>\n<td>Acc\u00e9l\u00e9rom\u00e8tre, d\u00e9tecteur de lumi\u00e8re ambiante, Capteur de proximit\u00e9, boussole num\u00e9rique, capteur gyroscopique, capteur laser<\/td>\n<\/tr>\n<tr>\n<td>P\u00e9riph\u00e9riques de s\u00e9curit\u00e9<\/td>\n<td>Reconnaissance faciale, lecteur d&#8217;empreinte digitale (sous l&rsquo;affichage)<\/td>\n<\/tr>\n<tr>\n<td>Fonctions suppl\u00e9mentaires<\/td>\n<td>Technologie de r\u00e9duction du bruit, technologie MIMO, AI Engine<\/td>\n<\/tr>\n<tr>\n<th colspan=\"2\">Lecteur multim\u00e9dia<\/th>\n<\/tr>\n<tr>\n<td>Normes vid\u00e9o num\u00e9riques prises en charge<\/td>\n<td>MKV, FLV, AVI, MOV, MPEG-4, WMV, 3GP, TS, WebM, H.265 HEVC<\/td>\n<\/tr>\n<tr>\n<td>Am\u00e9liorations sonores<\/td>\n<td>Dolby Atmos Surround Sound<\/td>\n<\/tr>\n<tr>\n<td>Normes audionum\u00e9riques prises en charge<\/td>\n<td>WAV, WMA, AAC, MP3, FLAC, AC-3, AAC +, OGG, APE (Monkey&rsquo;s Audio), M4A, IMY, EAC3, MID, AMR-WB, AMR-NB, EAC3-JOC, AC-4<\/td>\n<\/tr>\n<tr>\n<th colspan=\"2\">M\u00e9moire<\/th>\n<\/tr>\n<tr>\n<td>RAM<\/td>\n<td>8 Go &#8211; LPDDR4X SDRAM<\/td>\n<\/tr>\n<tr>\n<td>Capacit\u00e9 de la m\u00e9moire interne<\/td>\n<td>256 Go<\/td>\n<\/tr>\n<tr>\n<th colspan=\"2\">Connexions<\/th>\n<\/tr>\n<tr>\n<td>Type de connecteur<\/td>\n<td>USB Type-C &#8211; 24 pin USB-C<\/td>\n<\/tr>\n<tr>\n<th colspan=\"2\">Syst\u00e8me graphique<\/th>\n<\/tr>\n<tr>\n<td>Acc\u00e9l\u00e9rateur graphique<\/td>\n<td>Qualcomm ADRENO 640<\/td>\n<\/tr>\n<tr>\n<th colspan=\"2\">Batterie<\/th>\n<\/tr>\n<tr>\n<td>Capacit\u00e9<\/td>\n<td>3700 mAh<\/td>\n<\/tr>\n<tr>\n<td>Technologie de charge rapide<\/td>\n<td>Charge rapide Qualcomm<\/td>\n<\/tr>\n<tr>\n<th colspan=\"2\">Cam\u00e9ra avant<\/th>\n<\/tr>\n<tr>\n<td>R\u00e9solution du capteur<\/td>\n<td>16 m\u00e9gapixels<\/td>\n<\/tr>\n<tr>\n<td>R\u00e9glage de la mise au point<\/td>\n<td>Sans mise au point<\/td>\n<\/tr>\n<tr>\n<td>Fonctionnalit\u00e9s<\/td>\n<td>Stabilisateur d&rsquo;image \u00e9lectronique (SIE)<\/td>\n<\/tr>\n<tr>\n<td>Ouverture de l&rsquo;objectif<\/td>\n<td>F\/2.0<\/td>\n<\/tr>\n<tr>\n<td>Nom de capteur<\/td>\n<td>Capteur Sony Exmor RX IMX471<\/td>\n<\/tr>\n<tr>\n<td>Effets sp\u00e9ciaux<\/td>\n<td>HDR<\/td>\n<\/tr>\n<tr>\n<td>R\u00e9solutions vid\u00e9o<\/td>\n<td>1920 x 1080 (1080p) \u00e0 30 fps<\/td>\n<\/tr>\n<tr>\n<td>Source de lumi\u00e8re<\/td>\n<td>Affichage de flash<\/td>\n<\/tr>\n<tr>\n<td>Modes cam\u00e9ra<\/td>\n<td>Mode Time-Lapse (chronophotographie), Beaut\u00e9 de visage<\/td>\n<\/tr>\n<tr>\n<td>D\u00e9tection faciale<\/td>\n<td>Mode Capture de sourire<\/td>\n<\/tr>\n<tr>\n<td>Dimension de pixel<\/td>\n<td>1 \u00b5m<\/td>\n<\/tr>\n<tr>\n<th colspan=\"2\">Cam\u00e9ra arri\u00e8re<\/th>\n<\/tr>\n<tr>\n<td>Caract\u00e9ristiques<\/td>\n<td>Fonction d&rsquo;animation GIF, Phase Detect Auto-Focus (PDAF), Electronic Image Stabilizer (EIS), Mise au point automatique continue (CAF), capture d&rsquo;images au format RAW, Dynamic Denoise, Image claire, d\u00e9tection de sc\u00e8ne AI<\/td>\n<\/tr>\n<tr>\n<td>Effets sp\u00e9ciaux<\/td>\n<td>Portrait, HDR, Studio<\/td>\n<\/tr>\n<tr>\n<td>R\u00e9glage de la mise au point<\/td>\n<td>Automatique<\/td>\n<\/tr>\n<tr>\n<td>R\u00e9solution du capteur<\/td>\n<td>48 m\u00e9gapixels<\/td>\n<\/tr>\n<tr>\n<td>Autofocus \u00e0 laser<\/td>\n<td>Oui<\/td>\n<\/tr>\n<tr>\n<td>Nom de capteur<\/td>\n<td>Capteur Sony Exmoor RS IMX586<\/td>\n<\/tr>\n<tr>\n<td>Modes de cam\u00e9ra<\/td>\n<td>Panorama, mode Time-Lapse (chronophotographie), mode Pro, mode portrait, Ultra shot<\/td>\n<\/tr>\n<tr>\n<td>R\u00e9solutions vid\u00e9o<\/td>\n<td>1920 x 1080 (1080p) \u00e0 30 fps, 1920 x 1080 (1080p) \u00e0 60 fps, 3840 x 2160 (4K) \u00e0 30 fps, 3840 x 2160 (4K) \u00e0 60 fps, vid\u00e9o super ralentie de 1920 x 1080 (1080p) \u00e0 240 fps, Vid\u00e9o super ralentie de 1280 x 720 (720p) \u00e0 480 fps<\/td>\n<\/tr>\n<tr>\n<td>Ouverture d&rsquo;objectif<\/td>\n<td>F\/1.6<\/td>\n<\/tr>\n<tr>\n<td>Source de lumi\u00e8re<\/td>\n<td>Double Flash LED<\/td>\n<\/tr>\n<tr>\n<td>Structure de l&rsquo;objectif<\/td>\n<td>7 \u00e9l\u00e9ments<\/td>\n<\/tr>\n<tr>\n<td>Stabilisateur d&rsquo;image optique<\/td>\n<td>Stabilisateur d&rsquo;image optique (OIS)<\/td>\n<\/tr>\n<tr>\n<td>Dimension de pixel<\/td>\n<td>1.6 \u00b5m<\/td>\n<\/tr>\n<tr>\n<th colspan=\"2\">Deuxi\u00e8me cam\u00e9ra arri\u00e8re<\/th>\n<\/tr>\n<tr>\n<td>Ouverture de l&rsquo;objectif<\/td>\n<td>F\/2.4<\/td>\n<\/tr>\n<tr>\n<td>Type d&rsquo;objectif<\/td>\n<td>T\u00e9l\u00e9objectif<\/td>\n<\/tr>\n<tr>\n<td>R\u00e9solution du capteur<\/td>\n<td>8 m\u00e9gapixels<\/td>\n<\/tr>\n<tr>\n<td>Dimension de pixel<\/td>\n<td>1 \u00b5m<\/td>\n<\/tr>\n<tr>\n<th colspan=\"2\">Troisi\u00e8me cam\u00e9ra arri\u00e8re<\/th>\n<\/tr>\n<tr>\n<td>Ouverture de lentille<\/td>\n<td>F\/2.2<\/td>\n<\/tr>\n<tr>\n<td>Type de lentille<\/td>\n<td>Lentille ultra grand angle<\/td>\n<\/tr>\n<tr>\n<td>R\u00e9solution du capteur<\/td>\n<td>16 m\u00e9gapixels<\/td>\n<\/tr>\n<tr>\n<td>Champ de vue (FOV)<\/td>\n<td>117 degr\u00e9s<\/td>\n<\/tr>\n<\/tbody>\n<\/table>\n","protected":false},"featured_media":15789,"comment_status":"open","ping_status":"closed","template":"","meta":[],"product_cat":[234],"product_tag":[],"class_list":{"0":"post-9788","1":"product","2":"type-product","3":"status-publish","4":"has-post-thumbnail","6":"product_cat-smartphones","8":"first","9":"instock","10":"shipping-taxable","11":"purchasable","12":"product-type-simple","13":"col-xs-6 col-sm-4","14":"col-md-3 col-lg-3","15":"un-4-cols"},"yoast_head":"<!-- This site is optimized with the Yoast SEO plugin v27.0 - https:\/\/yoast.com\/product\/yoast-seo-wordpress\/ -->\n<title>oneplus-7-pro-8go-256go-gm1910-gris-miroir<\/title>\n<meta name=\"description\" content=\"oneplus-7-pro-8go-256go-gm1910-gris-miroir\" \/>\n<meta name=\"robots\" content=\"index, follow, max-snippet:-1, max-image-preview:large, max-video-preview:-1\" \/>\n<link rel=\"canonical\" href=\"https:\/\/eurosdiscounts.com\/index.php\/produit\/oneplus-7-pro-8go-256go-gm1910-gris-miroir\/\" \/>\n<meta property=\"og:locale\" content=\"fr_FR\" \/>\n<meta property=\"og:type\" content=\"article\" \/>\n<meta property=\"og:title\" content=\"oneplus-7-pro-8go-256go-gm1910-gris-miroir\" \/>\n<meta property=\"og:description\" content=\"oneplus-7-pro-8go-256go-gm1910-gris-miroir\" \/>\n<meta property=\"og:url\" content=\"https:\/\/eurosdiscounts.com\/index.php\/produit\/oneplus-7-pro-8go-256go-gm1910-gris-miroir\/\" \/>\n<meta property=\"og:site_name\" content=\"Eurosdiscounts.com- Achat sur Internet a prix discount, Canap\u00e9s pas cher, Smartphone pas cher, pc portable pas cher..\" \/>\n<meta property=\"og:image\" content=\"https:\/\/eurosdiscounts.com\/wp-content\/uploads\/2019\/11\/c-134.jpg\" \/>\n\t<meta property=\"og:image:width\" content=\"700\" \/>\n\t<meta property=\"og:image:height\" content=\"700\" \/>\n\t<meta property=\"og:image:type\" content=\"image\/jpeg\" \/>\n<meta name=\"twitter:card\" content=\"summary_large_image\" \/>\n<script type=\"application\/ld+json\" class=\"yoast-schema-graph\">{\"@context\":\"https:\/\/schema.org\",\"@graph\":[{\"@type\":\"WebPage\",\"@id\":\"https:\/\/eurosdiscounts.com\/index.php\/produit\/oneplus-7-pro-8go-256go-gm1910-gris-miroir\/\",\"url\":\"https:\/\/eurosdiscounts.com\/index.php\/produit\/oneplus-7-pro-8go-256go-gm1910-gris-miroir\/\",\"name\":\"oneplus-7-pro-8go-256go-gm1910-gris-miroir\",\"isPartOf\":{\"@id\":\"https:\/\/eurosdiscounts.com\/#website\"},\"primaryImageOfPage\":{\"@id\":\"https:\/\/eurosdiscounts.com\/index.php\/produit\/oneplus-7-pro-8go-256go-gm1910-gris-miroir\/#primaryimage\"},\"image\":{\"@id\":\"https:\/\/eurosdiscounts.com\/index.php\/produit\/oneplus-7-pro-8go-256go-gm1910-gris-miroir\/#primaryimage\"},\"thumbnailUrl\":\"https:\/\/eurosdiscounts.com\/wp-content\/uploads\/2019\/11\/c-134.jpg\",\"datePublished\":\"2019-11-24T18:05:35+00:00\",\"description\":\"oneplus-7-pro-8go-256go-gm1910-gris-miroir\",\"breadcrumb\":{\"@id\":\"https:\/\/eurosdiscounts.com\/index.php\/produit\/oneplus-7-pro-8go-256go-gm1910-gris-miroir\/#breadcrumb\"},\"inLanguage\":\"fr-FR\",\"potentialAction\":[{\"@type\":\"ReadAction\",\"target\":[\"https:\/\/eurosdiscounts.com\/index.php\/produit\/oneplus-7-pro-8go-256go-gm1910-gris-miroir\/\"]}]},{\"@type\":\"ImageObject\",\"inLanguage\":\"fr-FR\",\"@id\":\"https:\/\/eurosdiscounts.com\/index.php\/produit\/oneplus-7-pro-8go-256go-gm1910-gris-miroir\/#primaryimage\",\"url\":\"https:\/\/eurosdiscounts.com\/wp-content\/uploads\/2019\/11\/c-134.jpg\",\"contentUrl\":\"https:\/\/eurosdiscounts.com\/wp-content\/uploads\/2019\/11\/c-134.jpg\",\"width\":700,\"height\":700},{\"@type\":\"BreadcrumbList\",\"@id\":\"https:\/\/eurosdiscounts.com\/index.php\/produit\/oneplus-7-pro-8go-256go-gm1910-gris-miroir\/#breadcrumb\",\"itemListElement\":[{\"@type\":\"ListItem\",\"position\":1,\"name\":\"Accueil\",\"item\":\"https:\/\/eurosdiscounts.com\/\"},{\"@type\":\"ListItem\",\"position\":2,\"name\":\"Boutique\",\"item\":\"https:\/\/eurosdiscounts.com\/index.php\/boutique\/\"},{\"@type\":\"ListItem\",\"position\":3,\"name\":\"Oneplus 7 Pro 8Go 256Go GM1910 Gris Miroir\"}]},{\"@type\":\"WebSite\",\"@id\":\"https:\/\/eurosdiscounts.com\/#website\",\"url\":\"https:\/\/eurosdiscounts.com\/\",\"name\":\"Eurosdiscounts.com- Achat sur Internet a prix discount, Canap\u00e9s pas cher, Smartphone pas cher, pc portable pas cher..\",\"description\":\"Eurosdiscounts.com- Achat sur Internet a prix discount, Canap\u00e9s pas cher, Smartphone pas cher, pc portable pas cher..\",\"potentialAction\":[{\"@type\":\"SearchAction\",\"target\":{\"@type\":\"EntryPoint\",\"urlTemplate\":\"https:\/\/eurosdiscounts.com\/?s={search_term_string}\"},\"query-input\":{\"@type\":\"PropertyValueSpecification\",\"valueRequired\":true,\"valueName\":\"search_term_string\"}}],\"inLanguage\":\"fr-FR\"}]}<\/script>\n<!-- \/ Yoast SEO plugin. -->","yoast_head_json":{"title":"oneplus-7-pro-8go-256go-gm1910-gris-miroir","description":"oneplus-7-pro-8go-256go-gm1910-gris-miroir","robots":{"index":"index","follow":"follow","max-snippet":"max-snippet:-1","max-image-preview":"max-image-preview:large","max-video-preview":"max-video-preview:-1"},"canonical":"https:\/\/eurosdiscounts.com\/index.php\/produit\/oneplus-7-pro-8go-256go-gm1910-gris-miroir\/","og_locale":"fr_FR","og_type":"article","og_title":"oneplus-7-pro-8go-256go-gm1910-gris-miroir","og_description":"oneplus-7-pro-8go-256go-gm1910-gris-miroir","og_url":"https:\/\/eurosdiscounts.com\/index.php\/produit\/oneplus-7-pro-8go-256go-gm1910-gris-miroir\/","og_site_name":"Eurosdiscounts.com- Achat sur Internet a prix discount, Canap\u00e9s pas cher, Smartphone pas cher, pc portable pas cher..","og_image":[{"width":700,"height":700,"url":"https:\/\/eurosdiscounts.com\/wp-content\/uploads\/2019\/11\/c-134.jpg","type":"image\/jpeg"}],"twitter_card":"summary_large_image","schema":{"@context":"https:\/\/schema.org","@graph":[{"@type":"WebPage","@id":"https:\/\/eurosdiscounts.com\/index.php\/produit\/oneplus-7-pro-8go-256go-gm1910-gris-miroir\/","url":"https:\/\/eurosdiscounts.com\/index.php\/produit\/oneplus-7-pro-8go-256go-gm1910-gris-miroir\/","name":"oneplus-7-pro-8go-256go-gm1910-gris-miroir","isPartOf":{"@id":"https:\/\/eurosdiscounts.com\/#website"},"primaryImageOfPage":{"@id":"https:\/\/eurosdiscounts.com\/index.php\/produit\/oneplus-7-pro-8go-256go-gm1910-gris-miroir\/#primaryimage"},"image":{"@id":"https:\/\/eurosdiscounts.com\/index.php\/produit\/oneplus-7-pro-8go-256go-gm1910-gris-miroir\/#primaryimage"},"thumbnailUrl":"https:\/\/eurosdiscounts.com\/wp-content\/uploads\/2019\/11\/c-134.jpg","datePublished":"2019-11-24T18:05:35+00:00","description":"oneplus-7-pro-8go-256go-gm1910-gris-miroir","breadcrumb":{"@id":"https:\/\/eurosdiscounts.com\/index.php\/produit\/oneplus-7-pro-8go-256go-gm1910-gris-miroir\/#breadcrumb"},"inLanguage":"fr-FR","potentialAction":[{"@type":"ReadAction","target":["https:\/\/eurosdiscounts.com\/index.php\/produit\/oneplus-7-pro-8go-256go-gm1910-gris-miroir\/"]}]},{"@type":"ImageObject","inLanguage":"fr-FR","@id":"https:\/\/eurosdiscounts.com\/index.php\/produit\/oneplus-7-pro-8go-256go-gm1910-gris-miroir\/#primaryimage","url":"https:\/\/eurosdiscounts.com\/wp-content\/uploads\/2019\/11\/c-134.jpg","contentUrl":"https:\/\/eurosdiscounts.com\/wp-content\/uploads\/2019\/11\/c-134.jpg","width":700,"height":700},{"@type":"BreadcrumbList","@id":"https:\/\/eurosdiscounts.com\/index.php\/produit\/oneplus-7-pro-8go-256go-gm1910-gris-miroir\/#breadcrumb","itemListElement":[{"@type":"ListItem","position":1,"name":"Accueil","item":"https:\/\/eurosdiscounts.com\/"},{"@type":"ListItem","position":2,"name":"Boutique","item":"https:\/\/eurosdiscounts.com\/index.php\/boutique\/"},{"@type":"ListItem","position":3,"name":"Oneplus 7 Pro 8Go 256Go GM1910 Gris Miroir"}]},{"@type":"WebSite","@id":"https:\/\/eurosdiscounts.com\/#website","url":"https:\/\/eurosdiscounts.com\/","name":"Eurosdiscounts.com- Achat sur Internet a prix discount, Canap\u00e9s pas cher, Smartphone pas cher, pc portable pas cher..","description":"Eurosdiscounts.com- Achat sur Internet a prix discount, Canap\u00e9s pas cher, Smartphone pas cher, pc portable pas cher..","potentialAction":[{"@type":"SearchAction","target":{"@type":"EntryPoint","urlTemplate":"https:\/\/eurosdiscounts.com\/?s={search_term_string}"},"query-input":{"@type":"PropertyValueSpecification","valueRequired":true,"valueName":"search_term_string"}}],"inLanguage":"fr-FR"}]}},"_links":{"self":[{"href":"https:\/\/eurosdiscounts.com\/index.php\/wp-json\/wp\/v2\/product\/9788","targetHints":{"allow":["GET"]}}],"collection":[{"href":"https:\/\/eurosdiscounts.com\/index.php\/wp-json\/wp\/v2\/product"}],"about":[{"href":"https:\/\/eurosdiscounts.com\/index.php\/wp-json\/wp\/v2\/types\/product"}],"replies":[{"embeddable":true,"href":"https:\/\/eurosdiscounts.com\/index.php\/wp-json\/wp\/v2\/comments?post=9788"}],"wp:featuredmedia":[{"embeddable":true,"href":"https:\/\/eurosdiscounts.com\/index.php\/wp-json\/wp\/v2\/media\/15789"}],"wp:attachment":[{"href":"https:\/\/eurosdiscounts.com\/index.php\/wp-json\/wp\/v2\/media?parent=9788"}],"wp:term":[{"taxonomy":"product_cat","embeddable":true,"href":"https:\/\/eurosdiscounts.com\/index.php\/wp-json\/wp\/v2\/product_cat?post=9788"},{"taxonomy":"product_tag","embeddable":true,"href":"https:\/\/eurosdiscounts.com\/index.php\/wp-json\/wp\/v2\/product_tag?post=9788"}],"curies":[{"name":"wp","href":"https:\/\/api.w.org\/{rel}","templated":true}]}}