{"id":9778,"date":"2019-11-24T18:47:40","date_gmt":"2019-11-24T17:47:40","guid":{"rendered":"https:\/\/smartsdiscount.com\/?post_type=product&amp;p=9778"},"modified":"2019-11-24T18:47:40","modified_gmt":"2019-11-24T17:47:40","slug":"oneplus-6t-8-128go-dual-sim-4g-lte-smartphone-mirror-black","status":"publish","type":"product","link":"https:\/\/eurosdiscounts.com\/index.php\/produit\/oneplus-6t-8-128go-dual-sim-4g-lte-smartphone-mirror-black\/","title":{"rendered":"OnePlus 6T 8 + 128Go Dual Sim 4G LTE Smartphone Mirror Black"},"content":{"rendered":"<p class=\"fpOfferCom\">Produit neuf; D\u00e9bloqu\u00e9 tout op\u00e9rateur; Bo\u00eete scell\u00e9e d&rsquo;usine fourni avec tous les accessoires; ROM europ\u00e9enne; Garantie frabricant de 2 ans.<\/p>\n<p><span lang=\"fr\" xml:lang=\"fr\"><span title=\"Network: \">R\u00e9seau:<br \/>\n<\/span><span title=\"Technology:GSM \/ CDMA \/ HSPA \/ LTE \">Technologie: GSM \/ CDMA \/ HSPA \/ LTE<br \/>\n<\/span><span title=\"Build:Front\/back glass, aluminum frame \">Construction: verre avant \/ arri\u00e8re, cadre en aluminium<br \/>\n<\/span><span title=\"SIM:Dual SIM (Nano-SIM, dual stand-by) \">SIM: double carte SIM (nano-SIM, double veille)<br \/>\n<\/span><span title=\"Display: \">Afficher:<br \/>\n<\/span><span title=\"Type:Optic AMOLED capacitive touchscreen, 16M colors \">Type: \u00c9cran tactile capacitif AMOLED optique, 16M couleurs<br \/>\n<\/span><span title=\"Size: 6.41 inches, 100.9 cm2 (~85.6% screen-to-body ratio) \">Taille: 6,41 pouces, 100,9 cm2 (~ 85,6% du ratio \u00e9cran \/ corps)<br \/>\n<\/span><span title=\"Resolution:1080 x 2340 pixels, 19.5:9 ratio (~402 ppi density) \">R\u00e9solution: 1080 x 2340 pixels, format 19,5: 9 (densit\u00e9 ~ 402 ppp)<br \/>\n<\/span><span title=\"Multitouch:Yes \">Multitouch: oui<br \/>\n<\/span><span title=\"Protection:Corning Gorilla Glass 6 \">Protection: Corning Gorilla Glass 6<br \/>\n<\/span><span title=\"- DCI-P3 \">&#8211; DCI-P3<br \/>\n<\/span><span title=\"- Oxygen OS \">&#8211; Oxygen OS<br \/>\n<\/span><span title=\"Platform: \">Plate-forme:<br \/>\n<\/span><span title=\"OS:Android 9.0 (Pie) \">OS: Android 9.0 (Pie)<br \/>\n<\/span><span title=\"Chipset:Qualcomm SDM845 Snapdragon 845 (10 nm) \">Jeu de puces: Qualcomm SDM845 Snapdragon 845 (10 nm)<br \/>\n<\/span><span title=\"CPU:Octa-core (4x2.8 GHz Kryo 385 Gold &amp; 4x1.7 GHz Kryo 385 Silver) \">CPU: Octa-core (Kryo 385 Gold 4&#215;2,8 GHz et Kryo 385 4&#215;1,7 GHz Argent)<br \/>\n<\/span><span title=\"GPU:Adreno 630 \">GPU: Adreno 630<br \/>\n<\/span><span title=\"Memory: \">M\u00e9moire:<br \/>\n<\/span><span title=\"Card slot:No \">Fente pour carte: non<br \/>\n<\/span><span title=\"Internal:128 GB, 6GB RAM \">Interne: 128 Go, 8 Go de RAM<br \/>\n<\/span><span title=\"Main Camera: \">Cam\u00e9ra principale:<br \/>\n<\/span><span title=\"Dual:16 MP, f\/1.7, 25mm (wide), 1\/2.6', 1.22\u00b5m, OIS, PDAF \">Dual: 16 MP, f \/ 1.7, 25mm (large), 1 \/ 2.6 \u00ab\u00a0, 1.22\u00b5m, OIS, PDAF<br \/>\n<\/span><span title=\"20 MP (16 MP effective), f\/1.7, 25mm (wide), 1\/2.8', 1.0\u00b5m, PDAF \">20 MP (16 MP effectifs), f \/ 1,7, 25 mm (largeur), 1 \/ 2,8 \u00ab\u00a0, 1,0 \u00b5m, PDAF<br \/>\n<\/span><span title=\"Features:Dual-LED flash, HDR, panorama \">Caract\u00e9ristiques: flash double LED, HDR, panorama<br \/>\n<\/span><span title=\"Video:2160p@30\/60fps, 1080p@30\/60\/240fps, 720p@480fps, Auto HDR, gyro-EIS \">Vid\u00e9o: 2160p @ 30 \/ 60fps, 1080p @ 30\/60 \/ 240fps, 720p @ 480fps, HDR automatique, gyroscope EIS<br \/>\n<\/span><span title=\"Selfie camera: \">Cam\u00e9ra selfie:<br \/>\n<\/span><span title=\"Single:16 MP, f\/2.0, 25mm (wide), 1\/3.1', 1.0\u00b5m \">Simple: 16 MP, f \/ 2.0, 25mm (large), 1 \/ 3.1 \u00ab\u00a0, 1.0\u00b5m<br \/>\n<\/span><span title=\"Features:Auto-HDR, gyro-EIS \">Caract\u00e9ristiques: Auto-HDR, gyroscope-EIS<br \/>\n<\/span><span title=\"Video:1080p@30fps \">Vid\u00e9o: 1080p @ 30fps<br \/>\n<\/span><span title=\"Sound: \">Du son:<br \/>\n<\/span><span title=\"Alert types:Vibration;\">Types d&rsquo;alerte: Vibration;\u00a0<\/span><span title=\"MP3, WAV ringtones \">MP3, sonneries WAV<br \/>\n<\/span><span title=\"Loudspeaker:Yes \">Haut parleur: oui<br \/>\n<\/span><span title=\"3.5mm jack:No \">Jack 3,5 mm: non<br \/>\n<\/span><span title=\"- Active noise cancellation with dedicated mic \">&#8211; Suppression active du bruit avec micro d\u00e9di\u00e9<br \/>\n<\/span><span title=\"- Dirac HD sound \">&#8211; Son Dirac HD<br \/>\n<\/span><span title=\"Comms: \">Comms:<br \/>\n<\/span><span title=\"WLAN:Wi-Fi 802.11 a\/b\/g\/n\/ac, dual-band, WiFi Direct, DLNA, hotspot \">WLAN: Wi-Fi 802.11 a \/ b \/ g \/ n \/ ac, double bande, WiFi Direct, DLNA, hotspot<br \/>\n<\/span><span title=\"Bluetooth:5.0, A2DP, aptX HD, LE \">Bluetooth: 5.0, A2DP, aptX HD, LE<br \/>\n<\/span><span title=\"GPS:Yes, with A-GPS, GLONASS, BDS, GALILEO \">GPS: Oui, avec A-GPS, GLONASS, BDS, GALILEO<br \/>\n<\/span><span title=\"NFC:Yes \">NFC: oui<br \/>\n<\/span><span title=\"Radio:No \">Radio: non<br \/>\n<\/span><span title=\"USB:2.0, Type-C 1.0 reversible connector, USB On-The-Go \">USB: 2.0, connecteur r\u00e9versible de type C 1.0, USB On-The-Go<br \/>\n<\/span><span title=\"Features: \">Caract\u00e9ristiques:<br \/>\n<\/span><span title=\"Sensors:Fingerprint (under display), accelerometer, gyro, proximity, compass \">Capteurs: empreinte digitale (sous affichage), acc\u00e9l\u00e9rom\u00e8tre, gyroscope, proximit\u00e9, boussole<br \/>\n<\/span><span title=\"Messaging:SMS(threaded view), MMS, Email, Push Email, IM \">Messagerie: SMS (affichage filet\u00e9), MMS, Email, Email Push, IM<br \/>\n<\/span><span title=\"Browser:HTML5 \">Navigateur: HTML5<br \/>\n<\/span><span title=\"- Fast battery charging 5V 4A 20W (Dash Charge) \">&#8211; Charge rapide de la batterie 5V 4A 20W (Charge Dash)<br \/>\n<\/span><span title=\"- DivX\/Xvid\/MP4\/H.265 player \">&#8211; Lecteur DivX \/ Xvid \/ MP4 \/ H.265<br \/>\n<\/span><span title=\"- MP3\/eAAC+\/WMA\/WAV\/FLAC player \">&#8211; Lecteur MP3 \/ eAAC + \/ WMA \/ WAV \/ FLAC<br \/>\n<\/span><span title=\"- Document viewer \">&#8211; Visionneuse de documents<br \/>\n<\/span><span title=\"- Photo\/video editor \">&#8211; \u00c9diteur photo \/ vid\u00e9o<br \/>\n<\/span><\/span><\/p>\n<div id=\"desc\" class=\"anchor\"><\/div>\n<div id=\"descContent\" class=\"fpBlk testSep\" data-cs-override-id=\"Descriptif\">\n<p class=\"fpMb\">100% NOUVEAU, prend en charge les r\u00e9seaux 4G LTE, 3G et 2G en France. Octa-core (Kryo 385 Gold 4&#215;2,8 GHz et Kryo 385 Silver 4&#215;1,7 GHz), 8 Go de RAM, 128 Go de ROM, 6,41 pouces, Cam\u00e9ra principale: 16 MP + 20 MP, cam\u00e9ra frontale de 16 MP<\/p>\n<\/div>\n<p>&nbsp;<\/p>\n","protected":false},"excerpt":{"rendered":"<p>100% NOUVEAU, prend en charge les r\u00e9seaux 4G LTE, 3G et 2G en France. Octa-core (Kryo 385 Gold 4&#215;2,8 GHz et Kryo 385 Silver 4&#215;1,7 GHz), 8 Go de RAM, 128 Go de ROM, 6,41 pouces, Cam\u00e9ra principale: 16 MP + 20 MP, cam\u00e9ra frontale de 16 MP<\/p>\n","protected":false},"featured_media":15800,"comment_status":"open","ping_status":"closed","template":"","meta":[],"product_cat":[234],"product_tag":[],"class_list":{"0":"post-9778","1":"product","2":"type-product","3":"status-publish","4":"has-post-thumbnail","6":"product_cat-smartphones","8":"first","9":"instock","10":"shipping-taxable","11":"purchasable","12":"product-type-simple","13":"col-xs-6 col-sm-4","14":"col-md-3 col-lg-3","15":"un-4-cols"},"yoast_head":"<!-- This site is optimized with the Yoast SEO plugin v27.0 - https:\/\/yoast.com\/product\/yoast-seo-wordpress\/ -->\n<title>oneplus-6t-8-128go-dual-sim-4g-lte-smartphone-mirror-black<\/title>\n<meta name=\"description\" content=\"oneplus-6t-8-128go-dual-sim-4g-lte-smartphone-mirror-black\" \/>\n<meta name=\"robots\" content=\"index, follow, max-snippet:-1, max-image-preview:large, max-video-preview:-1\" \/>\n<link rel=\"canonical\" href=\"https:\/\/eurosdiscounts.com\/index.php\/produit\/oneplus-6t-8-128go-dual-sim-4g-lte-smartphone-mirror-black\/\" \/>\n<meta property=\"og:locale\" content=\"fr_FR\" \/>\n<meta property=\"og:type\" content=\"article\" \/>\n<meta property=\"og:title\" content=\"oneplus-6t-8-128go-dual-sim-4g-lte-smartphone-mirror-black\" \/>\n<meta property=\"og:description\" content=\"oneplus-6t-8-128go-dual-sim-4g-lte-smartphone-mirror-black\" \/>\n<meta property=\"og:url\" content=\"https:\/\/eurosdiscounts.com\/index.php\/produit\/oneplus-6t-8-128go-dual-sim-4g-lte-smartphone-mirror-black\/\" \/>\n<meta property=\"og:site_name\" content=\"Eurosdiscounts.com- Achat sur Internet a prix discount, Canap\u00e9s pas cher, Smartphone pas cher, pc portable pas cher..\" \/>\n<meta property=\"og:image\" content=\"https:\/\/eurosdiscounts.com\/wp-content\/uploads\/2019\/11\/c-136.jpg\" \/>\n\t<meta property=\"og:image:width\" content=\"700\" \/>\n\t<meta property=\"og:image:height\" content=\"700\" \/>\n\t<meta property=\"og:image:type\" content=\"image\/jpeg\" \/>\n<meta name=\"twitter:card\" content=\"summary_large_image\" \/>\n<meta name=\"twitter:label1\" content=\"Dur\u00e9e de lecture estim\u00e9e\" \/>\n\t<meta name=\"twitter:data1\" content=\"2 minutes\" \/>\n<script type=\"application\/ld+json\" class=\"yoast-schema-graph\">{\"@context\":\"https:\/\/schema.org\",\"@graph\":[{\"@type\":\"WebPage\",\"@id\":\"https:\/\/eurosdiscounts.com\/index.php\/produit\/oneplus-6t-8-128go-dual-sim-4g-lte-smartphone-mirror-black\/\",\"url\":\"https:\/\/eurosdiscounts.com\/index.php\/produit\/oneplus-6t-8-128go-dual-sim-4g-lte-smartphone-mirror-black\/\",\"name\":\"oneplus-6t-8-128go-dual-sim-4g-lte-smartphone-mirror-black\",\"isPartOf\":{\"@id\":\"https:\/\/eurosdiscounts.com\/#website\"},\"primaryImageOfPage\":{\"@id\":\"https:\/\/eurosdiscounts.com\/index.php\/produit\/oneplus-6t-8-128go-dual-sim-4g-lte-smartphone-mirror-black\/#primaryimage\"},\"image\":{\"@id\":\"https:\/\/eurosdiscounts.com\/index.php\/produit\/oneplus-6t-8-128go-dual-sim-4g-lte-smartphone-mirror-black\/#primaryimage\"},\"thumbnailUrl\":\"https:\/\/eurosdiscounts.com\/wp-content\/uploads\/2019\/11\/c-136.jpg\",\"datePublished\":\"2019-11-24T17:47:40+00:00\",\"description\":\"oneplus-6t-8-128go-dual-sim-4g-lte-smartphone-mirror-black\",\"breadcrumb\":{\"@id\":\"https:\/\/eurosdiscounts.com\/index.php\/produit\/oneplus-6t-8-128go-dual-sim-4g-lte-smartphone-mirror-black\/#breadcrumb\"},\"inLanguage\":\"fr-FR\",\"potentialAction\":[{\"@type\":\"ReadAction\",\"target\":[\"https:\/\/eurosdiscounts.com\/index.php\/produit\/oneplus-6t-8-128go-dual-sim-4g-lte-smartphone-mirror-black\/\"]}]},{\"@type\":\"ImageObject\",\"inLanguage\":\"fr-FR\",\"@id\":\"https:\/\/eurosdiscounts.com\/index.php\/produit\/oneplus-6t-8-128go-dual-sim-4g-lte-smartphone-mirror-black\/#primaryimage\",\"url\":\"https:\/\/eurosdiscounts.com\/wp-content\/uploads\/2019\/11\/c-136.jpg\",\"contentUrl\":\"https:\/\/eurosdiscounts.com\/wp-content\/uploads\/2019\/11\/c-136.jpg\",\"width\":700,\"height\":700},{\"@type\":\"BreadcrumbList\",\"@id\":\"https:\/\/eurosdiscounts.com\/index.php\/produit\/oneplus-6t-8-128go-dual-sim-4g-lte-smartphone-mirror-black\/#breadcrumb\",\"itemListElement\":[{\"@type\":\"ListItem\",\"position\":1,\"name\":\"Accueil\",\"item\":\"https:\/\/eurosdiscounts.com\/\"},{\"@type\":\"ListItem\",\"position\":2,\"name\":\"Boutique\",\"item\":\"https:\/\/eurosdiscounts.com\/index.php\/boutique\/\"},{\"@type\":\"ListItem\",\"position\":3,\"name\":\"OnePlus 6T 8 + 128Go Dual Sim 4G LTE Smartphone Mirror Black\"}]},{\"@type\":\"WebSite\",\"@id\":\"https:\/\/eurosdiscounts.com\/#website\",\"url\":\"https:\/\/eurosdiscounts.com\/\",\"name\":\"Eurosdiscounts.com- Achat sur Internet a prix discount, Canap\u00e9s pas cher, Smartphone pas cher, pc portable pas cher..\",\"description\":\"Eurosdiscounts.com- Achat sur Internet a prix discount, Canap\u00e9s pas cher, Smartphone pas cher, pc portable pas cher..\",\"potentialAction\":[{\"@type\":\"SearchAction\",\"target\":{\"@type\":\"EntryPoint\",\"urlTemplate\":\"https:\/\/eurosdiscounts.com\/?s={search_term_string}\"},\"query-input\":{\"@type\":\"PropertyValueSpecification\",\"valueRequired\":true,\"valueName\":\"search_term_string\"}}],\"inLanguage\":\"fr-FR\"}]}<\/script>\n<!-- \/ Yoast SEO plugin. -->","yoast_head_json":{"title":"oneplus-6t-8-128go-dual-sim-4g-lte-smartphone-mirror-black","description":"oneplus-6t-8-128go-dual-sim-4g-lte-smartphone-mirror-black","robots":{"index":"index","follow":"follow","max-snippet":"max-snippet:-1","max-image-preview":"max-image-preview:large","max-video-preview":"max-video-preview:-1"},"canonical":"https:\/\/eurosdiscounts.com\/index.php\/produit\/oneplus-6t-8-128go-dual-sim-4g-lte-smartphone-mirror-black\/","og_locale":"fr_FR","og_type":"article","og_title":"oneplus-6t-8-128go-dual-sim-4g-lte-smartphone-mirror-black","og_description":"oneplus-6t-8-128go-dual-sim-4g-lte-smartphone-mirror-black","og_url":"https:\/\/eurosdiscounts.com\/index.php\/produit\/oneplus-6t-8-128go-dual-sim-4g-lte-smartphone-mirror-black\/","og_site_name":"Eurosdiscounts.com- Achat sur Internet a prix discount, Canap\u00e9s pas cher, Smartphone pas cher, pc portable pas cher..","og_image":[{"width":700,"height":700,"url":"https:\/\/eurosdiscounts.com\/wp-content\/uploads\/2019\/11\/c-136.jpg","type":"image\/jpeg"}],"twitter_card":"summary_large_image","twitter_misc":{"Dur\u00e9e de lecture estim\u00e9e":"2 minutes"},"schema":{"@context":"https:\/\/schema.org","@graph":[{"@type":"WebPage","@id":"https:\/\/eurosdiscounts.com\/index.php\/produit\/oneplus-6t-8-128go-dual-sim-4g-lte-smartphone-mirror-black\/","url":"https:\/\/eurosdiscounts.com\/index.php\/produit\/oneplus-6t-8-128go-dual-sim-4g-lte-smartphone-mirror-black\/","name":"oneplus-6t-8-128go-dual-sim-4g-lte-smartphone-mirror-black","isPartOf":{"@id":"https:\/\/eurosdiscounts.com\/#website"},"primaryImageOfPage":{"@id":"https:\/\/eurosdiscounts.com\/index.php\/produit\/oneplus-6t-8-128go-dual-sim-4g-lte-smartphone-mirror-black\/#primaryimage"},"image":{"@id":"https:\/\/eurosdiscounts.com\/index.php\/produit\/oneplus-6t-8-128go-dual-sim-4g-lte-smartphone-mirror-black\/#primaryimage"},"thumbnailUrl":"https:\/\/eurosdiscounts.com\/wp-content\/uploads\/2019\/11\/c-136.jpg","datePublished":"2019-11-24T17:47:40+00:00","description":"oneplus-6t-8-128go-dual-sim-4g-lte-smartphone-mirror-black","breadcrumb":{"@id":"https:\/\/eurosdiscounts.com\/index.php\/produit\/oneplus-6t-8-128go-dual-sim-4g-lte-smartphone-mirror-black\/#breadcrumb"},"inLanguage":"fr-FR","potentialAction":[{"@type":"ReadAction","target":["https:\/\/eurosdiscounts.com\/index.php\/produit\/oneplus-6t-8-128go-dual-sim-4g-lte-smartphone-mirror-black\/"]}]},{"@type":"ImageObject","inLanguage":"fr-FR","@id":"https:\/\/eurosdiscounts.com\/index.php\/produit\/oneplus-6t-8-128go-dual-sim-4g-lte-smartphone-mirror-black\/#primaryimage","url":"https:\/\/eurosdiscounts.com\/wp-content\/uploads\/2019\/11\/c-136.jpg","contentUrl":"https:\/\/eurosdiscounts.com\/wp-content\/uploads\/2019\/11\/c-136.jpg","width":700,"height":700},{"@type":"BreadcrumbList","@id":"https:\/\/eurosdiscounts.com\/index.php\/produit\/oneplus-6t-8-128go-dual-sim-4g-lte-smartphone-mirror-black\/#breadcrumb","itemListElement":[{"@type":"ListItem","position":1,"name":"Accueil","item":"https:\/\/eurosdiscounts.com\/"},{"@type":"ListItem","position":2,"name":"Boutique","item":"https:\/\/eurosdiscounts.com\/index.php\/boutique\/"},{"@type":"ListItem","position":3,"name":"OnePlus 6T 8 + 128Go Dual Sim 4G LTE Smartphone Mirror Black"}]},{"@type":"WebSite","@id":"https:\/\/eurosdiscounts.com\/#website","url":"https:\/\/eurosdiscounts.com\/","name":"Eurosdiscounts.com- Achat sur Internet a prix discount, Canap\u00e9s pas cher, Smartphone pas cher, pc portable pas cher..","description":"Eurosdiscounts.com- Achat sur Internet a prix discount, Canap\u00e9s pas cher, Smartphone pas cher, pc portable pas cher..","potentialAction":[{"@type":"SearchAction","target":{"@type":"EntryPoint","urlTemplate":"https:\/\/eurosdiscounts.com\/?s={search_term_string}"},"query-input":{"@type":"PropertyValueSpecification","valueRequired":true,"valueName":"search_term_string"}}],"inLanguage":"fr-FR"}]}},"_links":{"self":[{"href":"https:\/\/eurosdiscounts.com\/index.php\/wp-json\/wp\/v2\/product\/9778","targetHints":{"allow":["GET"]}}],"collection":[{"href":"https:\/\/eurosdiscounts.com\/index.php\/wp-json\/wp\/v2\/product"}],"about":[{"href":"https:\/\/eurosdiscounts.com\/index.php\/wp-json\/wp\/v2\/types\/product"}],"replies":[{"embeddable":true,"href":"https:\/\/eurosdiscounts.com\/index.php\/wp-json\/wp\/v2\/comments?post=9778"}],"wp:featuredmedia":[{"embeddable":true,"href":"https:\/\/eurosdiscounts.com\/index.php\/wp-json\/wp\/v2\/media\/15800"}],"wp:attachment":[{"href":"https:\/\/eurosdiscounts.com\/index.php\/wp-json\/wp\/v2\/media?parent=9778"}],"wp:term":[{"taxonomy":"product_cat","embeddable":true,"href":"https:\/\/eurosdiscounts.com\/index.php\/wp-json\/wp\/v2\/product_cat?post=9778"},{"taxonomy":"product_tag","embeddable":true,"href":"https:\/\/eurosdiscounts.com\/index.php\/wp-json\/wp\/v2\/product_tag?post=9778"}],"curies":[{"name":"wp","href":"https:\/\/api.w.org\/{rel}","templated":true}]}}