{"id":9697,"date":"2019-11-23T19:07:34","date_gmt":"2019-11-23T18:07:34","guid":{"rendered":"https:\/\/smartsdiscount.com\/?post_type=product&amp;p=9697"},"modified":"2023-03-28T23:05:10","modified_gmt":"2023-03-28T21:05:10","slug":"canape-deplimousse-convertible-poppy-coloris-rouge","status":"publish","type":"product","link":"https:\/\/eurosdiscounts.com\/index.php\/produit\/canape-deplimousse-convertible-poppy-coloris-rouge\/","title":{"rendered":"D\u00e9plimousse convertible POPPY coloris rouge"},"content":{"rendered":"<h3>Description du produit<\/h3>\n<ul style=\"font-weight: 400;\">\n<li>Espaces de rangement<\/li>\n<li>Pi\u00e8tement en m\u00e9tal<\/li>\n<\/ul>\n<p style=\"font-weight: 400;\">Besoin d&rsquo;un lit d&rsquo;appoint original? Ce d\u00e9plimousse deux places convertible rouge vitamin\u00e9 va \u00e9gayer votre int\u00e9rieur! Contemporain et pratique, il prend peu de place pli\u00e9 mais vous offrira un couchage confortable une fois ouvert.<\/p>\n<p style=\"font-weight: 400;\"><b><strong>Solide et fonctionnel, ce d\u00e9plimousse s&rsquo;adapte \u00e0 tous les int\u00e9rieurs\u00a0<\/strong><\/b><b><strong>gr\u00e2ce \u00e0 ses courbes classiques\u00a0et sa couleur rouge tendance. Il est de plus tr\u00e8s facile d&rsquo;entretien gr\u00e2ce \u00e0 son rev\u00eatement en tissu.<\/strong><\/b><\/p>\n<p style=\"font-weight: 400;\">Vous pouvez, si vous le souhaitez,\u00a0disposer dessus\u00a0un plaid BUNNY Conforama pour apporter encore plus de confort.<\/p>\n<p style=\"font-weight: 400;\">Autres teintes disponibles: anthracite, noir, taupe.<\/p>\n","protected":false},"excerpt":{"rendered":"<p>Description du produit Espaces de rangement Pi\u00e8tement en m\u00e9tal Besoin d&rsquo;un lit d&rsquo;appoint original? Ce d\u00e9plimousse deux places convertible rouge vitamin\u00e9 va \u00e9gayer votre int\u00e9rieur! Contemporain et pratique, il prend peu de place pli\u00e9 mais vous offrira un couchage confortable une fois ouvert. Solide et fonctionnel, ce d\u00e9plimousse s&rsquo;adapte \u00e0 tous les int\u00e9rieurs\u00a0gr\u00e2ce \u00e0 ses&hellip;<\/p>\n","protected":false},"featured_media":15163,"comment_status":"open","ping_status":"closed","template":"","meta":[],"product_cat":[214],"product_tag":[],"class_list":{"0":"post-9697","1":"product","2":"type-product","3":"status-publish","4":"has-post-thumbnail","6":"product_cat-canapes","8":"first","9":"instock","10":"shipping-taxable","11":"purchasable","12":"product-type-simple","13":"col-xs-6 col-sm-4","14":"col-md-3 col-lg-3","15":"un-4-cols"},"yoast_head":"<!-- This site is optimized with the Yoast SEO plugin v27.0 - https:\/\/yoast.com\/product\/yoast-seo-wordpress\/ -->\n<title>Canap\u00e9-deplimousse-convertible-poppy-coloris-rouge<\/title>\n<meta name=\"description\" content=\"Canap\u00e9-deplimousse-convertible-poppy-coloris-rouge\" \/>\n<meta name=\"robots\" content=\"index, follow, max-snippet:-1, max-image-preview:large, max-video-preview:-1\" \/>\n<link rel=\"canonical\" href=\"https:\/\/eurosdiscounts.com\/index.php\/produit\/canape-deplimousse-convertible-poppy-coloris-rouge\/\" \/>\n<meta property=\"og:locale\" content=\"fr_FR\" \/>\n<meta property=\"og:type\" content=\"article\" \/>\n<meta property=\"og:title\" content=\"Canap\u00e9-deplimousse-convertible-poppy-coloris-rouge\" \/>\n<meta property=\"og:description\" content=\"Canap\u00e9-deplimousse-convertible-poppy-coloris-rouge\" \/>\n<meta property=\"og:url\" content=\"https:\/\/eurosdiscounts.com\/index.php\/produit\/canape-deplimousse-convertible-poppy-coloris-rouge\/\" \/>\n<meta property=\"og:site_name\" content=\"Eurosdiscounts.com- Achat sur Internet a prix discount, Canap\u00e9s pas cher, Smartphone pas cher, pc portable pas cher..\" \/>\n<meta property=\"article:modified_time\" content=\"2023-03-28T21:05:10+00:00\" \/>\n<meta property=\"og:image\" content=\"https:\/\/eurosdiscounts.com\/wp-content\/uploads\/2019\/11\/c-4.jpg\" \/>\n\t<meta property=\"og:image:width\" content=\"800\" \/>\n\t<meta property=\"og:image:height\" content=\"600\" \/>\n\t<meta property=\"og:image:type\" content=\"image\/jpeg\" \/>\n<meta name=\"twitter:card\" content=\"summary_large_image\" \/>\n<meta name=\"twitter:label1\" content=\"Dur\u00e9e de lecture estim\u00e9e\" \/>\n\t<meta name=\"twitter:data1\" content=\"1 minute\" \/>\n<script type=\"application\/ld+json\" class=\"yoast-schema-graph\">{\"@context\":\"https:\/\/schema.org\",\"@graph\":[{\"@type\":\"WebPage\",\"@id\":\"https:\/\/eurosdiscounts.com\/index.php\/produit\/canape-deplimousse-convertible-poppy-coloris-rouge\/\",\"url\":\"https:\/\/eurosdiscounts.com\/index.php\/produit\/canape-deplimousse-convertible-poppy-coloris-rouge\/\",\"name\":\"Canap\u00e9-deplimousse-convertible-poppy-coloris-rouge\",\"isPartOf\":{\"@id\":\"https:\/\/eurosdiscounts.com\/#website\"},\"primaryImageOfPage\":{\"@id\":\"https:\/\/eurosdiscounts.com\/index.php\/produit\/canape-deplimousse-convertible-poppy-coloris-rouge\/#primaryimage\"},\"image\":{\"@id\":\"https:\/\/eurosdiscounts.com\/index.php\/produit\/canape-deplimousse-convertible-poppy-coloris-rouge\/#primaryimage\"},\"thumbnailUrl\":\"https:\/\/eurosdiscounts.com\/wp-content\/uploads\/2019\/11\/c-4.jpg\",\"datePublished\":\"2019-11-23T18:07:34+00:00\",\"dateModified\":\"2023-03-28T21:05:10+00:00\",\"description\":\"Canap\u00e9-deplimousse-convertible-poppy-coloris-rouge\",\"breadcrumb\":{\"@id\":\"https:\/\/eurosdiscounts.com\/index.php\/produit\/canape-deplimousse-convertible-poppy-coloris-rouge\/#breadcrumb\"},\"inLanguage\":\"fr-FR\",\"potentialAction\":[{\"@type\":\"ReadAction\",\"target\":[\"https:\/\/eurosdiscounts.com\/index.php\/produit\/canape-deplimousse-convertible-poppy-coloris-rouge\/\"]}]},{\"@type\":\"ImageObject\",\"inLanguage\":\"fr-FR\",\"@id\":\"https:\/\/eurosdiscounts.com\/index.php\/produit\/canape-deplimousse-convertible-poppy-coloris-rouge\/#primaryimage\",\"url\":\"https:\/\/eurosdiscounts.com\/wp-content\/uploads\/2019\/11\/c-4.jpg\",\"contentUrl\":\"https:\/\/eurosdiscounts.com\/wp-content\/uploads\/2019\/11\/c-4.jpg\",\"width\":800,\"height\":600},{\"@type\":\"BreadcrumbList\",\"@id\":\"https:\/\/eurosdiscounts.com\/index.php\/produit\/canape-deplimousse-convertible-poppy-coloris-rouge\/#breadcrumb\",\"itemListElement\":[{\"@type\":\"ListItem\",\"position\":1,\"name\":\"Accueil\",\"item\":\"https:\/\/eurosdiscounts.com\/\"},{\"@type\":\"ListItem\",\"position\":2,\"name\":\"Boutique\",\"item\":\"https:\/\/eurosdiscounts.com\/index.php\/boutique\/\"},{\"@type\":\"ListItem\",\"position\":3,\"name\":\"D\u00e9plimousse convertible POPPY coloris rouge\"}]},{\"@type\":\"WebSite\",\"@id\":\"https:\/\/eurosdiscounts.com\/#website\",\"url\":\"https:\/\/eurosdiscounts.com\/\",\"name\":\"Eurosdiscounts.com- Achat sur Internet a prix discount, Canap\u00e9s pas cher, Smartphone pas cher, pc portable pas cher..\",\"description\":\"Eurosdiscounts.com- Achat sur Internet a prix discount, Canap\u00e9s pas cher, Smartphone pas cher, pc portable pas cher..\",\"potentialAction\":[{\"@type\":\"SearchAction\",\"target\":{\"@type\":\"EntryPoint\",\"urlTemplate\":\"https:\/\/eurosdiscounts.com\/?s={search_term_string}\"},\"query-input\":{\"@type\":\"PropertyValueSpecification\",\"valueRequired\":true,\"valueName\":\"search_term_string\"}}],\"inLanguage\":\"fr-FR\"}]}<\/script>\n<!-- \/ Yoast SEO plugin. -->","yoast_head_json":{"title":"Canap\u00e9-deplimousse-convertible-poppy-coloris-rouge","description":"Canap\u00e9-deplimousse-convertible-poppy-coloris-rouge","robots":{"index":"index","follow":"follow","max-snippet":"max-snippet:-1","max-image-preview":"max-image-preview:large","max-video-preview":"max-video-preview:-1"},"canonical":"https:\/\/eurosdiscounts.com\/index.php\/produit\/canape-deplimousse-convertible-poppy-coloris-rouge\/","og_locale":"fr_FR","og_type":"article","og_title":"Canap\u00e9-deplimousse-convertible-poppy-coloris-rouge","og_description":"Canap\u00e9-deplimousse-convertible-poppy-coloris-rouge","og_url":"https:\/\/eurosdiscounts.com\/index.php\/produit\/canape-deplimousse-convertible-poppy-coloris-rouge\/","og_site_name":"Eurosdiscounts.com- Achat sur Internet a prix discount, Canap\u00e9s pas cher, Smartphone pas cher, pc portable pas cher..","article_modified_time":"2023-03-28T21:05:10+00:00","og_image":[{"width":800,"height":600,"url":"https:\/\/eurosdiscounts.com\/wp-content\/uploads\/2019\/11\/c-4.jpg","type":"image\/jpeg"}],"twitter_card":"summary_large_image","twitter_misc":{"Dur\u00e9e de lecture estim\u00e9e":"1 minute"},"schema":{"@context":"https:\/\/schema.org","@graph":[{"@type":"WebPage","@id":"https:\/\/eurosdiscounts.com\/index.php\/produit\/canape-deplimousse-convertible-poppy-coloris-rouge\/","url":"https:\/\/eurosdiscounts.com\/index.php\/produit\/canape-deplimousse-convertible-poppy-coloris-rouge\/","name":"Canap\u00e9-deplimousse-convertible-poppy-coloris-rouge","isPartOf":{"@id":"https:\/\/eurosdiscounts.com\/#website"},"primaryImageOfPage":{"@id":"https:\/\/eurosdiscounts.com\/index.php\/produit\/canape-deplimousse-convertible-poppy-coloris-rouge\/#primaryimage"},"image":{"@id":"https:\/\/eurosdiscounts.com\/index.php\/produit\/canape-deplimousse-convertible-poppy-coloris-rouge\/#primaryimage"},"thumbnailUrl":"https:\/\/eurosdiscounts.com\/wp-content\/uploads\/2019\/11\/c-4.jpg","datePublished":"2019-11-23T18:07:34+00:00","dateModified":"2023-03-28T21:05:10+00:00","description":"Canap\u00e9-deplimousse-convertible-poppy-coloris-rouge","breadcrumb":{"@id":"https:\/\/eurosdiscounts.com\/index.php\/produit\/canape-deplimousse-convertible-poppy-coloris-rouge\/#breadcrumb"},"inLanguage":"fr-FR","potentialAction":[{"@type":"ReadAction","target":["https:\/\/eurosdiscounts.com\/index.php\/produit\/canape-deplimousse-convertible-poppy-coloris-rouge\/"]}]},{"@type":"ImageObject","inLanguage":"fr-FR","@id":"https:\/\/eurosdiscounts.com\/index.php\/produit\/canape-deplimousse-convertible-poppy-coloris-rouge\/#primaryimage","url":"https:\/\/eurosdiscounts.com\/wp-content\/uploads\/2019\/11\/c-4.jpg","contentUrl":"https:\/\/eurosdiscounts.com\/wp-content\/uploads\/2019\/11\/c-4.jpg","width":800,"height":600},{"@type":"BreadcrumbList","@id":"https:\/\/eurosdiscounts.com\/index.php\/produit\/canape-deplimousse-convertible-poppy-coloris-rouge\/#breadcrumb","itemListElement":[{"@type":"ListItem","position":1,"name":"Accueil","item":"https:\/\/eurosdiscounts.com\/"},{"@type":"ListItem","position":2,"name":"Boutique","item":"https:\/\/eurosdiscounts.com\/index.php\/boutique\/"},{"@type":"ListItem","position":3,"name":"D\u00e9plimousse convertible POPPY coloris rouge"}]},{"@type":"WebSite","@id":"https:\/\/eurosdiscounts.com\/#website","url":"https:\/\/eurosdiscounts.com\/","name":"Eurosdiscounts.com- Achat sur Internet a prix discount, Canap\u00e9s pas cher, Smartphone pas cher, pc portable pas cher..","description":"Eurosdiscounts.com- Achat sur Internet a prix discount, Canap\u00e9s pas cher, Smartphone pas cher, pc portable pas cher..","potentialAction":[{"@type":"SearchAction","target":{"@type":"EntryPoint","urlTemplate":"https:\/\/eurosdiscounts.com\/?s={search_term_string}"},"query-input":{"@type":"PropertyValueSpecification","valueRequired":true,"valueName":"search_term_string"}}],"inLanguage":"fr-FR"}]}},"_links":{"self":[{"href":"https:\/\/eurosdiscounts.com\/index.php\/wp-json\/wp\/v2\/product\/9697","targetHints":{"allow":["GET"]}}],"collection":[{"href":"https:\/\/eurosdiscounts.com\/index.php\/wp-json\/wp\/v2\/product"}],"about":[{"href":"https:\/\/eurosdiscounts.com\/index.php\/wp-json\/wp\/v2\/types\/product"}],"replies":[{"embeddable":true,"href":"https:\/\/eurosdiscounts.com\/index.php\/wp-json\/wp\/v2\/comments?post=9697"}],"wp:featuredmedia":[{"embeddable":true,"href":"https:\/\/eurosdiscounts.com\/index.php\/wp-json\/wp\/v2\/media\/15163"}],"wp:attachment":[{"href":"https:\/\/eurosdiscounts.com\/index.php\/wp-json\/wp\/v2\/media?parent=9697"}],"wp:term":[{"taxonomy":"product_cat","embeddable":true,"href":"https:\/\/eurosdiscounts.com\/index.php\/wp-json\/wp\/v2\/product_cat?post=9697"},{"taxonomy":"product_tag","embeddable":true,"href":"https:\/\/eurosdiscounts.com\/index.php\/wp-json\/wp\/v2\/product_tag?post=9697"}],"curies":[{"name":"wp","href":"https:\/\/api.w.org\/{rel}","templated":true}]}}