{"id":9692,"date":"2019-11-23T19:03:59","date_gmt":"2019-11-23T18:03:59","guid":{"rendered":"https:\/\/smartsdiscount.com\/?post_type=product&amp;p=9692"},"modified":"2023-02-03T15:40:18","modified_gmt":"2023-02-03T14:40:18","slug":"canape-deplimousse-convertible-poppy-coloris-anthracite","status":"publish","type":"product","link":"https:\/\/eurosdiscounts.com\/index.php\/produit\/canape-deplimousse-convertible-poppy-coloris-anthracite\/","title":{"rendered":"D\u00e9plimousse convertible POPPY coloris anthracite"},"content":{"rendered":"<h3>Description du produit<\/h3>\n<ul>\n<li>Couchage 2 places<\/li>\n<li>Coussins d\u00e9co inclus<\/li>\n<li>Fabrication fran\u00e7aise<\/li>\n<\/ul>\n<p>Besoin d&rsquo;un lit d&rsquo;appoint original? Ce d\u00e9plimousse deux places convertible s&rsquo;adaptera au mieux chez vous! Contemporain et pratique, il prend peu de place pli\u00e9 mais vous offrira un couchage confortable une fois ouvert.<\/p>\n<p><b><strong>Solide et fonctionnel, ce d\u00e9plimousse s&rsquo;adapte \u00e0 tous les int\u00e9rieurs\u00a0<\/strong><\/b><b><strong>avec\u00a0ses courbes classiques\u00a0et sa couleur anthracite tendance. Il est de plus tr\u00e8s facile d&rsquo;entretien gr\u00e2ce \u00e0 son rev\u00eatement en tissu.<\/strong><\/b><\/p>\n<p>Vous pouvez, si vous le souhaitez,\u00a0disposer dessus\u00a0un plaid BUNNY Conforama pour apporter encore plus de confort.<\/p>\n<p>Autres teintes disponibles: rouge, noir, taupe.<\/p>\n<h3>Conseils d&rsquo;utilisation<\/h3>\n<p>&nbsp;<\/p>\n<p>Conseils d&rsquo;entretien:<\/p>\n<p>&#8211; Frottez d\u00e9licatement le tissu \u00e0 l&rsquo;aide d&rsquo;un chiffon microfibre mouill\u00e9 avec de l&rsquo;eau et un peu de savon de Marseille.<\/p>\n<p>&#8211; Une fois par mois, d\u00e9poussi\u00e9rez votre d\u00e9plimousse \u00e0 l&rsquo;aide d&rsquo;un aspirateur muni de pr\u00e9f\u00e9rence d&rsquo;une brosse souple.<\/p>\n<table>\n<tbody>\n<tr>\n<td colspan=\"2\">\n<h3>Coloris<\/h3>\n<\/td>\n<\/tr>\n<tr>\n<td><b><strong>Coloris<\/strong><\/b><\/td>\n<td>taupe<\/td>\n<\/tr>\n<tr>\n<td><b><strong>Autres teintes disponibles<\/strong><\/b><\/td>\n<td>Gris, noir, rouge, taupe<\/td>\n<\/tr>\n<tr>\n<td><b><strong>Couleur<\/strong><\/b><\/td>\n<td>Anthracite<\/td>\n<\/tr>\n<\/tbody>\n<\/table>\n<table>\n<tbody>\n<tr>\n<td colspan=\"2\">\n<h3>Description<\/h3>\n<\/td>\n<\/tr>\n<tr>\n<td><b><strong>Origine de Fabrication<\/strong><\/b><\/td>\n<td>France<\/td>\n<\/tr>\n<tr>\n<td><b><strong>Type<\/strong><\/b><\/td>\n<td>convertible<\/td>\n<\/tr>\n<tr>\n<td><b><strong>Nombre de places<\/strong><\/b><\/td>\n<td>2 pl<\/td>\n<\/tr>\n<tr>\n<td><b><strong>Rev\u00eatement<\/strong><\/b><\/td>\n<td>tissu<\/td>\n<\/tr>\n<\/tbody>\n<\/table>\n<table>\n<tbody>\n<tr>\n<td colspan=\"2\">\n<h3>\u00a0Dimensions et poids<\/h3>\n<\/td>\n<\/tr>\n<tr>\n<td><b><strong>Dimension couchage (cm : larg. x long. x epaiss.)<\/strong><\/b><\/td>\n<td>119&#215;190<\/td>\n<\/tr>\n<tr>\n<td><b><strong>Densit\u00e9 garnissage dossier<\/strong><\/b><\/td>\n<td>17 kg\/m3<\/td>\n<\/tr>\n<tr>\n<td><b><strong>Dimension colis<\/strong><\/b><\/td>\n<td>L 150 X P 65 X H 80 cm<\/td>\n<\/tr>\n<tr>\n<td><b><strong>Epaisseur matelas<\/strong><\/b><\/td>\n<td>10 cm<\/td>\n<\/tr>\n<tr>\n<td><b><strong>Densit\u00e9 garnissage assise<\/strong><\/b><\/td>\n<td>21 kg\/m3<\/td>\n<\/tr>\n<tr>\n<td><b><strong>Poids total colis<\/strong><\/b><\/td>\n<td>30 kg<\/td>\n<\/tr>\n<tr>\n<td><b><strong>Largeur<\/strong><\/b><\/td>\n<td>155 cm<\/td>\n<\/tr>\n<tr>\n<td><b><strong>Profondeur<\/strong><\/b><\/td>\n<td>84 cm<\/td>\n<\/tr>\n<tr>\n<td><b><strong>Hauteur<\/strong><\/b><\/td>\n<td>71000 cm<\/td>\n<\/tr>\n<\/tbody>\n<\/table>\n<table>\n<tbody>\n<tr>\n<td colspan=\"2\">\n<h3>Services<\/h3>\n<\/td>\n<\/tr>\n<tr>\n<td><b><strong>Disponibilit\u00e9 pi\u00e8ces d\u00e9tach\u00e9es<\/strong><\/b><\/td>\n<td>NC<\/td>\n<\/tr>\n<tr>\n<td><b><strong>Garantie<\/strong><\/b><\/td>\n<td>GAR 2 ANS PIECES<\/td>\n<\/tr>\n<\/tbody>\n<\/table>\n","protected":false},"excerpt":{"rendered":"<p>Description du produit Couchage 2 places Coussins d\u00e9co inclus Fabrication fran\u00e7aise Besoin d&rsquo;un lit d&rsquo;appoint original? Ce d\u00e9plimousse deux places convertible s&rsquo;adaptera au mieux chez vous! Contemporain et pratique, il prend peu de place pli\u00e9 mais vous offrira un couchage confortable une fois ouvert. Solide et fonctionnel, ce d\u00e9plimousse s&rsquo;adapte \u00e0 tous les int\u00e9rieurs\u00a0avec\u00a0ses courbes&hellip;<\/p>\n","protected":false},"featured_media":15167,"comment_status":"open","ping_status":"closed","template":"","meta":[],"product_cat":[214],"product_tag":[],"class_list":{"0":"post-9692","1":"product","2":"type-product","3":"status-publish","4":"has-post-thumbnail","6":"product_cat-canapes","8":"first","9":"instock","10":"shipping-taxable","11":"purchasable","12":"product-type-simple","13":"col-xs-6 col-sm-4","14":"col-md-3 col-lg-3","15":"un-4-cols"},"yoast_head":"<!-- This site is optimized with the Yoast SEO plugin v27.0 - https:\/\/yoast.com\/product\/yoast-seo-wordpress\/ -->\n<title>Canap\u00e9-deplimousse-convertible-poppy-coloris-anthracite<\/title>\n<meta name=\"description\" content=\"Canap\u00e9-deplimousse-convertible-poppy-coloris-anthracite\" \/>\n<meta name=\"robots\" content=\"index, follow, max-snippet:-1, max-image-preview:large, max-video-preview:-1\" \/>\n<link rel=\"canonical\" href=\"https:\/\/eurosdiscounts.com\/index.php\/produit\/canape-deplimousse-convertible-poppy-coloris-anthracite\/\" \/>\n<meta property=\"og:locale\" content=\"fr_FR\" \/>\n<meta property=\"og:type\" content=\"article\" \/>\n<meta property=\"og:title\" content=\"Canap\u00e9-deplimousse-convertible-poppy-coloris-anthracite\" \/>\n<meta property=\"og:description\" content=\"Canap\u00e9-deplimousse-convertible-poppy-coloris-anthracite\" \/>\n<meta property=\"og:url\" content=\"https:\/\/eurosdiscounts.com\/index.php\/produit\/canape-deplimousse-convertible-poppy-coloris-anthracite\/\" \/>\n<meta property=\"og:site_name\" content=\"Eurosdiscounts.com- Achat sur Internet a prix discount, Canap\u00e9s pas cher, Smartphone pas cher, pc portable pas cher..\" \/>\n<meta property=\"article:modified_time\" content=\"2023-02-03T14:40:18+00:00\" \/>\n<meta property=\"og:image\" content=\"https:\/\/eurosdiscounts.com\/wp-content\/uploads\/2019\/11\/c-5.jpg\" \/>\n\t<meta property=\"og:image:width\" content=\"800\" \/>\n\t<meta property=\"og:image:height\" content=\"600\" \/>\n\t<meta property=\"og:image:type\" content=\"image\/jpeg\" \/>\n<meta name=\"twitter:card\" content=\"summary_large_image\" \/>\n<meta name=\"twitter:label1\" content=\"Dur\u00e9e de lecture estim\u00e9e\" \/>\n\t<meta name=\"twitter:data1\" content=\"1 minute\" \/>\n<script type=\"application\/ld+json\" class=\"yoast-schema-graph\">{\"@context\":\"https:\/\/schema.org\",\"@graph\":[{\"@type\":\"WebPage\",\"@id\":\"https:\/\/eurosdiscounts.com\/index.php\/produit\/canape-deplimousse-convertible-poppy-coloris-anthracite\/\",\"url\":\"https:\/\/eurosdiscounts.com\/index.php\/produit\/canape-deplimousse-convertible-poppy-coloris-anthracite\/\",\"name\":\"Canap\u00e9-deplimousse-convertible-poppy-coloris-anthracite\",\"isPartOf\":{\"@id\":\"https:\/\/eurosdiscounts.com\/#website\"},\"primaryImageOfPage\":{\"@id\":\"https:\/\/eurosdiscounts.com\/index.php\/produit\/canape-deplimousse-convertible-poppy-coloris-anthracite\/#primaryimage\"},\"image\":{\"@id\":\"https:\/\/eurosdiscounts.com\/index.php\/produit\/canape-deplimousse-convertible-poppy-coloris-anthracite\/#primaryimage\"},\"thumbnailUrl\":\"https:\/\/eurosdiscounts.com\/wp-content\/uploads\/2019\/11\/c-5.jpg\",\"datePublished\":\"2019-11-23T18:03:59+00:00\",\"dateModified\":\"2023-02-03T14:40:18+00:00\",\"description\":\"Canap\u00e9-deplimousse-convertible-poppy-coloris-anthracite\",\"breadcrumb\":{\"@id\":\"https:\/\/eurosdiscounts.com\/index.php\/produit\/canape-deplimousse-convertible-poppy-coloris-anthracite\/#breadcrumb\"},\"inLanguage\":\"fr-FR\",\"potentialAction\":[{\"@type\":\"ReadAction\",\"target\":[\"https:\/\/eurosdiscounts.com\/index.php\/produit\/canape-deplimousse-convertible-poppy-coloris-anthracite\/\"]}]},{\"@type\":\"ImageObject\",\"inLanguage\":\"fr-FR\",\"@id\":\"https:\/\/eurosdiscounts.com\/index.php\/produit\/canape-deplimousse-convertible-poppy-coloris-anthracite\/#primaryimage\",\"url\":\"https:\/\/eurosdiscounts.com\/wp-content\/uploads\/2019\/11\/c-5.jpg\",\"contentUrl\":\"https:\/\/eurosdiscounts.com\/wp-content\/uploads\/2019\/11\/c-5.jpg\",\"width\":800,\"height\":600},{\"@type\":\"BreadcrumbList\",\"@id\":\"https:\/\/eurosdiscounts.com\/index.php\/produit\/canape-deplimousse-convertible-poppy-coloris-anthracite\/#breadcrumb\",\"itemListElement\":[{\"@type\":\"ListItem\",\"position\":1,\"name\":\"Accueil\",\"item\":\"https:\/\/eurosdiscounts.com\/\"},{\"@type\":\"ListItem\",\"position\":2,\"name\":\"Boutique\",\"item\":\"https:\/\/eurosdiscounts.com\/index.php\/boutique\/\"},{\"@type\":\"ListItem\",\"position\":3,\"name\":\"D\u00e9plimousse convertible POPPY coloris anthracite\"}]},{\"@type\":\"WebSite\",\"@id\":\"https:\/\/eurosdiscounts.com\/#website\",\"url\":\"https:\/\/eurosdiscounts.com\/\",\"name\":\"Eurosdiscounts.com- Achat sur Internet a prix discount, Canap\u00e9s pas cher, Smartphone pas cher, pc portable pas cher..\",\"description\":\"Eurosdiscounts.com- Achat sur Internet a prix discount, Canap\u00e9s pas cher, Smartphone pas cher, pc portable pas cher..\",\"potentialAction\":[{\"@type\":\"SearchAction\",\"target\":{\"@type\":\"EntryPoint\",\"urlTemplate\":\"https:\/\/eurosdiscounts.com\/?s={search_term_string}\"},\"query-input\":{\"@type\":\"PropertyValueSpecification\",\"valueRequired\":true,\"valueName\":\"search_term_string\"}}],\"inLanguage\":\"fr-FR\"}]}<\/script>\n<!-- \/ Yoast SEO plugin. -->","yoast_head_json":{"title":"Canap\u00e9-deplimousse-convertible-poppy-coloris-anthracite","description":"Canap\u00e9-deplimousse-convertible-poppy-coloris-anthracite","robots":{"index":"index","follow":"follow","max-snippet":"max-snippet:-1","max-image-preview":"max-image-preview:large","max-video-preview":"max-video-preview:-1"},"canonical":"https:\/\/eurosdiscounts.com\/index.php\/produit\/canape-deplimousse-convertible-poppy-coloris-anthracite\/","og_locale":"fr_FR","og_type":"article","og_title":"Canap\u00e9-deplimousse-convertible-poppy-coloris-anthracite","og_description":"Canap\u00e9-deplimousse-convertible-poppy-coloris-anthracite","og_url":"https:\/\/eurosdiscounts.com\/index.php\/produit\/canape-deplimousse-convertible-poppy-coloris-anthracite\/","og_site_name":"Eurosdiscounts.com- Achat sur Internet a prix discount, Canap\u00e9s pas cher, Smartphone pas cher, pc portable pas cher..","article_modified_time":"2023-02-03T14:40:18+00:00","og_image":[{"width":800,"height":600,"url":"https:\/\/eurosdiscounts.com\/wp-content\/uploads\/2019\/11\/c-5.jpg","type":"image\/jpeg"}],"twitter_card":"summary_large_image","twitter_misc":{"Dur\u00e9e de lecture estim\u00e9e":"1 minute"},"schema":{"@context":"https:\/\/schema.org","@graph":[{"@type":"WebPage","@id":"https:\/\/eurosdiscounts.com\/index.php\/produit\/canape-deplimousse-convertible-poppy-coloris-anthracite\/","url":"https:\/\/eurosdiscounts.com\/index.php\/produit\/canape-deplimousse-convertible-poppy-coloris-anthracite\/","name":"Canap\u00e9-deplimousse-convertible-poppy-coloris-anthracite","isPartOf":{"@id":"https:\/\/eurosdiscounts.com\/#website"},"primaryImageOfPage":{"@id":"https:\/\/eurosdiscounts.com\/index.php\/produit\/canape-deplimousse-convertible-poppy-coloris-anthracite\/#primaryimage"},"image":{"@id":"https:\/\/eurosdiscounts.com\/index.php\/produit\/canape-deplimousse-convertible-poppy-coloris-anthracite\/#primaryimage"},"thumbnailUrl":"https:\/\/eurosdiscounts.com\/wp-content\/uploads\/2019\/11\/c-5.jpg","datePublished":"2019-11-23T18:03:59+00:00","dateModified":"2023-02-03T14:40:18+00:00","description":"Canap\u00e9-deplimousse-convertible-poppy-coloris-anthracite","breadcrumb":{"@id":"https:\/\/eurosdiscounts.com\/index.php\/produit\/canape-deplimousse-convertible-poppy-coloris-anthracite\/#breadcrumb"},"inLanguage":"fr-FR","potentialAction":[{"@type":"ReadAction","target":["https:\/\/eurosdiscounts.com\/index.php\/produit\/canape-deplimousse-convertible-poppy-coloris-anthracite\/"]}]},{"@type":"ImageObject","inLanguage":"fr-FR","@id":"https:\/\/eurosdiscounts.com\/index.php\/produit\/canape-deplimousse-convertible-poppy-coloris-anthracite\/#primaryimage","url":"https:\/\/eurosdiscounts.com\/wp-content\/uploads\/2019\/11\/c-5.jpg","contentUrl":"https:\/\/eurosdiscounts.com\/wp-content\/uploads\/2019\/11\/c-5.jpg","width":800,"height":600},{"@type":"BreadcrumbList","@id":"https:\/\/eurosdiscounts.com\/index.php\/produit\/canape-deplimousse-convertible-poppy-coloris-anthracite\/#breadcrumb","itemListElement":[{"@type":"ListItem","position":1,"name":"Accueil","item":"https:\/\/eurosdiscounts.com\/"},{"@type":"ListItem","position":2,"name":"Boutique","item":"https:\/\/eurosdiscounts.com\/index.php\/boutique\/"},{"@type":"ListItem","position":3,"name":"D\u00e9plimousse convertible POPPY coloris anthracite"}]},{"@type":"WebSite","@id":"https:\/\/eurosdiscounts.com\/#website","url":"https:\/\/eurosdiscounts.com\/","name":"Eurosdiscounts.com- Achat sur Internet a prix discount, Canap\u00e9s pas cher, Smartphone pas cher, pc portable pas cher..","description":"Eurosdiscounts.com- Achat sur Internet a prix discount, Canap\u00e9s pas cher, Smartphone pas cher, pc portable pas cher..","potentialAction":[{"@type":"SearchAction","target":{"@type":"EntryPoint","urlTemplate":"https:\/\/eurosdiscounts.com\/?s={search_term_string}"},"query-input":{"@type":"PropertyValueSpecification","valueRequired":true,"valueName":"search_term_string"}}],"inLanguage":"fr-FR"}]}},"_links":{"self":[{"href":"https:\/\/eurosdiscounts.com\/index.php\/wp-json\/wp\/v2\/product\/9692","targetHints":{"allow":["GET"]}}],"collection":[{"href":"https:\/\/eurosdiscounts.com\/index.php\/wp-json\/wp\/v2\/product"}],"about":[{"href":"https:\/\/eurosdiscounts.com\/index.php\/wp-json\/wp\/v2\/types\/product"}],"replies":[{"embeddable":true,"href":"https:\/\/eurosdiscounts.com\/index.php\/wp-json\/wp\/v2\/comments?post=9692"}],"wp:featuredmedia":[{"embeddable":true,"href":"https:\/\/eurosdiscounts.com\/index.php\/wp-json\/wp\/v2\/media\/15167"}],"wp:attachment":[{"href":"https:\/\/eurosdiscounts.com\/index.php\/wp-json\/wp\/v2\/media?parent=9692"}],"wp:term":[{"taxonomy":"product_cat","embeddable":true,"href":"https:\/\/eurosdiscounts.com\/index.php\/wp-json\/wp\/v2\/product_cat?post=9692"},{"taxonomy":"product_tag","embeddable":true,"href":"https:\/\/eurosdiscounts.com\/index.php\/wp-json\/wp\/v2\/product_tag?post=9692"}],"curies":[{"name":"wp","href":"https:\/\/api.w.org\/{rel}","templated":true}]}}