{"id":9682,"date":"2019-11-23T18:40:49","date_gmt":"2019-11-23T17:40:49","guid":{"rendered":"https:\/\/smartsdiscount.com\/?post_type=product&amp;p=9682"},"modified":"2023-02-03T01:28:26","modified_gmt":"2023-02-03T00:28:26","slug":"canape-dangle-convertible-4-places-antero-coloris-anthracite-noir","status":"publish","type":"product","link":"https:\/\/eurosdiscounts.com\/index.php\/produit\/canape-dangle-convertible-4-places-antero-coloris-anthracite-noir\/","title":{"rendered":"Canap\u00e9 d&rsquo;angle convertible 4 places ANTERO coloris anthracite\/ noir"},"content":{"rendered":"<h3 class=\"costum-list-style\">Description du produit<\/h3>\n<ul class=\"ui-tabs-nav ui-helper-reset ui-helper-clearfix ui-widget-header ui-corner-all\" role=\"tablist\">\n<li>T\u00eati\u00e8res ajustables<\/li>\n<li>Convertible<\/li>\n<li>Coffre de rangement<\/li>\n<\/ul>\n<p class=\"normal\">Proposez une assise confortable \u00e0 vos convives gr\u00e2ce \u00e0 ce canap\u00e9 convertible d&rsquo;angle droit quatre places. En tissu anthracite et noir, il est dot\u00e9 de t\u00eati\u00e8res individuellement ajustables pour une position du corps personnalis\u00e9e. Pratique, il se d\u00e9ploie en un geste en un couchage confortable pour deux personnes. Son coffre de rangement vous permettra d&rsquo;y stocker votre linge de lit pour un gain de place optimal. Ce produit a \u00e9t\u00e9 pens\u00e9 et con\u00e7u pour le respect de l&rsquo;environnement.<br \/>\nPour un s\u00e9jour confortable \u00e0 l&rsquo;inspiration contemporaine, associez votre canap\u00e9 au tapis SAM. Existe \u00e9galement en Gris clair\/Gris clair, Taupe\/Taupe, Moka\/Chocolat.<\/p>\n<p>Informations produit<br \/>\nDimensions:<br \/>\n&#8211; Profondeur : 216 cm<br \/>\n&#8211; Hauteur : 82 cm<br \/>\n&#8211; Largeur : 262 cm<\/p>\n<p>Composition\/rev\u00eatement:<br \/>\n&#8211; Assise: tissu\/microfibres<br \/>\n&#8211; Dossier: tissu\/microfibres<br \/>\n&#8211; Garnissage: mousse polyur\u00e9thane<br \/>\n&#8211; Pi\u00e8tement: m\u00e9tal<\/p>\n<p>Colisage:<br \/>\n&#8211; Nombre de colis: 2<br \/>\n&#8211; Dimensions colis: 172x86x95 et 217x86x95 cm<br \/>\n&#8211; Poids total colis: 136 kg<\/p>\n<p>Pensez \u00e0 v\u00e9rifier que l&rsquo;acc\u00e8s \u00e0 votre pi\u00e8ce (couloir, ascenseur, escalier, etc.) permet d&rsquo;accueillir ais\u00e9ment le produit.<\/p>\n<h3 class=\"costum-list-style\">Conseils d&rsquo;utilisation<\/h3>\n<p class=\"normal\">Nos conseils:D\u00e9poussi\u00e9rez r\u00e9guli\u00e8rement et d\u00e9licatement votre canap\u00e9 \u00e0 l&rsquo;aide de la brosse souple de l&rsquo;aspirateur sur puissance minimale. Pour \u00e9viter une usure trop rapide, n&rsquo;exposez pas votre canap\u00e9 \u00e0 la lumi\u00e8re directe. Garantie 2 ans pi\u00e8ces<\/p>\n","protected":false},"excerpt":{"rendered":"<p>Description du produit T\u00eati\u00e8res ajustables Convertible Coffre de rangement Proposez une assise confortable \u00e0 vos convives gr\u00e2ce \u00e0 ce canap\u00e9 convertible d&rsquo;angle droit quatre places. En tissu anthracite et noir, il est dot\u00e9 de t\u00eati\u00e8res individuellement ajustables pour une position du corps personnalis\u00e9e. Pratique, il se d\u00e9ploie en un geste en un couchage confortable pour&hellip;<\/p>\n","protected":false},"featured_media":15176,"comment_status":"open","ping_status":"closed","template":"","meta":[],"product_cat":[156,214],"product_tag":[],"class_list":{"0":"post-9682","1":"product","2":"type-product","3":"status-publish","4":"has-post-thumbnail","6":"product_cat-bons-plans","7":"product_cat-canapes","9":"first","10":"instock","11":"sale","12":"shipping-taxable","13":"purchasable","14":"product-type-simple","15":"col-xs-6 col-sm-4","16":"col-md-3 col-lg-3","17":"un-4-cols"},"yoast_head":"<!-- This site is optimized with the Yoast SEO plugin v27.0 - https:\/\/yoast.com\/product\/yoast-seo-wordpress\/ -->\n<title>canape-dangle-convertible-4-places-antero-coloris-anthracite-noir<\/title>\n<meta name=\"description\" content=\"canape-dangle-convertible-4-places-antero-coloris-anthracite-noir\" \/>\n<meta name=\"robots\" content=\"index, follow, max-snippet:-1, max-image-preview:large, max-video-preview:-1\" \/>\n<link rel=\"canonical\" href=\"https:\/\/eurosdiscounts.com\/index.php\/produit\/canape-dangle-convertible-4-places-antero-coloris-anthracite-noir\/\" \/>\n<meta property=\"og:locale\" content=\"fr_FR\" \/>\n<meta property=\"og:type\" content=\"article\" \/>\n<meta property=\"og:title\" content=\"canape-dangle-convertible-4-places-antero-coloris-anthracite-noir\" \/>\n<meta property=\"og:description\" content=\"canape-dangle-convertible-4-places-antero-coloris-anthracite-noir\" \/>\n<meta property=\"og:url\" content=\"https:\/\/eurosdiscounts.com\/index.php\/produit\/canape-dangle-convertible-4-places-antero-coloris-anthracite-noir\/\" \/>\n<meta property=\"og:site_name\" content=\"Eurosdiscounts.com- Achat sur Internet a prix discount, Canap\u00e9s pas cher, Smartphone pas cher, pc portable pas cher..\" \/>\n<meta property=\"article:modified_time\" content=\"2023-02-03T00:28:26+00:00\" \/>\n<meta property=\"og:image\" content=\"https:\/\/eurosdiscounts.com\/wp-content\/uploads\/2019\/11\/c-7.jpg\" \/>\n\t<meta property=\"og:image:width\" content=\"800\" \/>\n\t<meta property=\"og:image:height\" content=\"600\" \/>\n\t<meta property=\"og:image:type\" content=\"image\/jpeg\" \/>\n<meta name=\"twitter:card\" content=\"summary_large_image\" \/>\n<meta name=\"twitter:label1\" content=\"Dur\u00e9e de lecture estim\u00e9e\" \/>\n\t<meta name=\"twitter:data1\" content=\"1 minute\" \/>\n<script type=\"application\/ld+json\" class=\"yoast-schema-graph\">{\"@context\":\"https:\/\/schema.org\",\"@graph\":[{\"@type\":\"WebPage\",\"@id\":\"https:\/\/eurosdiscounts.com\/index.php\/produit\/canape-dangle-convertible-4-places-antero-coloris-anthracite-noir\/\",\"url\":\"https:\/\/eurosdiscounts.com\/index.php\/produit\/canape-dangle-convertible-4-places-antero-coloris-anthracite-noir\/\",\"name\":\"canape-dangle-convertible-4-places-antero-coloris-anthracite-noir\",\"isPartOf\":{\"@id\":\"https:\/\/eurosdiscounts.com\/#website\"},\"primaryImageOfPage\":{\"@id\":\"https:\/\/eurosdiscounts.com\/index.php\/produit\/canape-dangle-convertible-4-places-antero-coloris-anthracite-noir\/#primaryimage\"},\"image\":{\"@id\":\"https:\/\/eurosdiscounts.com\/index.php\/produit\/canape-dangle-convertible-4-places-antero-coloris-anthracite-noir\/#primaryimage\"},\"thumbnailUrl\":\"https:\/\/eurosdiscounts.com\/wp-content\/uploads\/2019\/11\/c-7.jpg\",\"datePublished\":\"2019-11-23T17:40:49+00:00\",\"dateModified\":\"2023-02-03T00:28:26+00:00\",\"description\":\"canape-dangle-convertible-4-places-antero-coloris-anthracite-noir\",\"breadcrumb\":{\"@id\":\"https:\/\/eurosdiscounts.com\/index.php\/produit\/canape-dangle-convertible-4-places-antero-coloris-anthracite-noir\/#breadcrumb\"},\"inLanguage\":\"fr-FR\",\"potentialAction\":[{\"@type\":\"ReadAction\",\"target\":[\"https:\/\/eurosdiscounts.com\/index.php\/produit\/canape-dangle-convertible-4-places-antero-coloris-anthracite-noir\/\"]}]},{\"@type\":\"ImageObject\",\"inLanguage\":\"fr-FR\",\"@id\":\"https:\/\/eurosdiscounts.com\/index.php\/produit\/canape-dangle-convertible-4-places-antero-coloris-anthracite-noir\/#primaryimage\",\"url\":\"https:\/\/eurosdiscounts.com\/wp-content\/uploads\/2019\/11\/c-7.jpg\",\"contentUrl\":\"https:\/\/eurosdiscounts.com\/wp-content\/uploads\/2019\/11\/c-7.jpg\",\"width\":800,\"height\":600},{\"@type\":\"BreadcrumbList\",\"@id\":\"https:\/\/eurosdiscounts.com\/index.php\/produit\/canape-dangle-convertible-4-places-antero-coloris-anthracite-noir\/#breadcrumb\",\"itemListElement\":[{\"@type\":\"ListItem\",\"position\":1,\"name\":\"Accueil\",\"item\":\"https:\/\/eurosdiscounts.com\/\"},{\"@type\":\"ListItem\",\"position\":2,\"name\":\"Boutique\",\"item\":\"https:\/\/eurosdiscounts.com\/index.php\/boutique\/\"},{\"@type\":\"ListItem\",\"position\":3,\"name\":\"Canap\u00e9 d&rsquo;angle convertible 4 places ANTERO coloris anthracite\/ noir\"}]},{\"@type\":\"WebSite\",\"@id\":\"https:\/\/eurosdiscounts.com\/#website\",\"url\":\"https:\/\/eurosdiscounts.com\/\",\"name\":\"Eurosdiscounts.com- Achat sur Internet a prix discount, Canap\u00e9s pas cher, Smartphone pas cher, pc portable pas cher..\",\"description\":\"Eurosdiscounts.com- Achat sur Internet a prix discount, Canap\u00e9s pas cher, Smartphone pas cher, pc portable pas cher..\",\"potentialAction\":[{\"@type\":\"SearchAction\",\"target\":{\"@type\":\"EntryPoint\",\"urlTemplate\":\"https:\/\/eurosdiscounts.com\/?s={search_term_string}\"},\"query-input\":{\"@type\":\"PropertyValueSpecification\",\"valueRequired\":true,\"valueName\":\"search_term_string\"}}],\"inLanguage\":\"fr-FR\"}]}<\/script>\n<!-- \/ Yoast SEO plugin. -->","yoast_head_json":{"title":"canape-dangle-convertible-4-places-antero-coloris-anthracite-noir","description":"canape-dangle-convertible-4-places-antero-coloris-anthracite-noir","robots":{"index":"index","follow":"follow","max-snippet":"max-snippet:-1","max-image-preview":"max-image-preview:large","max-video-preview":"max-video-preview:-1"},"canonical":"https:\/\/eurosdiscounts.com\/index.php\/produit\/canape-dangle-convertible-4-places-antero-coloris-anthracite-noir\/","og_locale":"fr_FR","og_type":"article","og_title":"canape-dangle-convertible-4-places-antero-coloris-anthracite-noir","og_description":"canape-dangle-convertible-4-places-antero-coloris-anthracite-noir","og_url":"https:\/\/eurosdiscounts.com\/index.php\/produit\/canape-dangle-convertible-4-places-antero-coloris-anthracite-noir\/","og_site_name":"Eurosdiscounts.com- Achat sur Internet a prix discount, Canap\u00e9s pas cher, Smartphone pas cher, pc portable pas cher..","article_modified_time":"2023-02-03T00:28:26+00:00","og_image":[{"width":800,"height":600,"url":"https:\/\/eurosdiscounts.com\/wp-content\/uploads\/2019\/11\/c-7.jpg","type":"image\/jpeg"}],"twitter_card":"summary_large_image","twitter_misc":{"Dur\u00e9e de lecture estim\u00e9e":"1 minute"},"schema":{"@context":"https:\/\/schema.org","@graph":[{"@type":"WebPage","@id":"https:\/\/eurosdiscounts.com\/index.php\/produit\/canape-dangle-convertible-4-places-antero-coloris-anthracite-noir\/","url":"https:\/\/eurosdiscounts.com\/index.php\/produit\/canape-dangle-convertible-4-places-antero-coloris-anthracite-noir\/","name":"canape-dangle-convertible-4-places-antero-coloris-anthracite-noir","isPartOf":{"@id":"https:\/\/eurosdiscounts.com\/#website"},"primaryImageOfPage":{"@id":"https:\/\/eurosdiscounts.com\/index.php\/produit\/canape-dangle-convertible-4-places-antero-coloris-anthracite-noir\/#primaryimage"},"image":{"@id":"https:\/\/eurosdiscounts.com\/index.php\/produit\/canape-dangle-convertible-4-places-antero-coloris-anthracite-noir\/#primaryimage"},"thumbnailUrl":"https:\/\/eurosdiscounts.com\/wp-content\/uploads\/2019\/11\/c-7.jpg","datePublished":"2019-11-23T17:40:49+00:00","dateModified":"2023-02-03T00:28:26+00:00","description":"canape-dangle-convertible-4-places-antero-coloris-anthracite-noir","breadcrumb":{"@id":"https:\/\/eurosdiscounts.com\/index.php\/produit\/canape-dangle-convertible-4-places-antero-coloris-anthracite-noir\/#breadcrumb"},"inLanguage":"fr-FR","potentialAction":[{"@type":"ReadAction","target":["https:\/\/eurosdiscounts.com\/index.php\/produit\/canape-dangle-convertible-4-places-antero-coloris-anthracite-noir\/"]}]},{"@type":"ImageObject","inLanguage":"fr-FR","@id":"https:\/\/eurosdiscounts.com\/index.php\/produit\/canape-dangle-convertible-4-places-antero-coloris-anthracite-noir\/#primaryimage","url":"https:\/\/eurosdiscounts.com\/wp-content\/uploads\/2019\/11\/c-7.jpg","contentUrl":"https:\/\/eurosdiscounts.com\/wp-content\/uploads\/2019\/11\/c-7.jpg","width":800,"height":600},{"@type":"BreadcrumbList","@id":"https:\/\/eurosdiscounts.com\/index.php\/produit\/canape-dangle-convertible-4-places-antero-coloris-anthracite-noir\/#breadcrumb","itemListElement":[{"@type":"ListItem","position":1,"name":"Accueil","item":"https:\/\/eurosdiscounts.com\/"},{"@type":"ListItem","position":2,"name":"Boutique","item":"https:\/\/eurosdiscounts.com\/index.php\/boutique\/"},{"@type":"ListItem","position":3,"name":"Canap\u00e9 d&rsquo;angle convertible 4 places ANTERO coloris anthracite\/ noir"}]},{"@type":"WebSite","@id":"https:\/\/eurosdiscounts.com\/#website","url":"https:\/\/eurosdiscounts.com\/","name":"Eurosdiscounts.com- Achat sur Internet a prix discount, Canap\u00e9s pas cher, Smartphone pas cher, pc portable pas cher..","description":"Eurosdiscounts.com- Achat sur Internet a prix discount, Canap\u00e9s pas cher, Smartphone pas cher, pc portable pas cher..","potentialAction":[{"@type":"SearchAction","target":{"@type":"EntryPoint","urlTemplate":"https:\/\/eurosdiscounts.com\/?s={search_term_string}"},"query-input":{"@type":"PropertyValueSpecification","valueRequired":true,"valueName":"search_term_string"}}],"inLanguage":"fr-FR"}]}},"_links":{"self":[{"href":"https:\/\/eurosdiscounts.com\/index.php\/wp-json\/wp\/v2\/product\/9682","targetHints":{"allow":["GET"]}}],"collection":[{"href":"https:\/\/eurosdiscounts.com\/index.php\/wp-json\/wp\/v2\/product"}],"about":[{"href":"https:\/\/eurosdiscounts.com\/index.php\/wp-json\/wp\/v2\/types\/product"}],"replies":[{"embeddable":true,"href":"https:\/\/eurosdiscounts.com\/index.php\/wp-json\/wp\/v2\/comments?post=9682"}],"wp:featuredmedia":[{"embeddable":true,"href":"https:\/\/eurosdiscounts.com\/index.php\/wp-json\/wp\/v2\/media\/15176"}],"wp:attachment":[{"href":"https:\/\/eurosdiscounts.com\/index.php\/wp-json\/wp\/v2\/media?parent=9682"}],"wp:term":[{"taxonomy":"product_cat","embeddable":true,"href":"https:\/\/eurosdiscounts.com\/index.php\/wp-json\/wp\/v2\/product_cat?post=9682"},{"taxonomy":"product_tag","embeddable":true,"href":"https:\/\/eurosdiscounts.com\/index.php\/wp-json\/wp\/v2\/product_tag?post=9682"}],"curies":[{"name":"wp","href":"https:\/\/api.w.org\/{rel}","templated":true}]}}