{"id":9662,"date":"2019-11-23T18:15:19","date_gmt":"2019-11-23T17:15:19","guid":{"rendered":"https:\/\/smartsdiscount.com\/?post_type=product&amp;p=9662"},"modified":"2019-11-23T18:15:19","modified_gmt":"2019-11-23T17:15:19","slug":"canape-lit-chaise-longue-milano-de-267-cm-convertible-en-lit-reversible","status":"publish","type":"product","link":"https:\/\/eurosdiscounts.com\/index.php\/produit\/canape-lit-chaise-longue-milano-de-267-cm-convertible-en-lit-reversible\/","title":{"rendered":"Canap\u00e9-lit chaise longue milano de 267 cm, convertible en lit, r\u00e9versible"},"content":{"rendered":"<h3 class=\"costum-list-style\">Description du produit<\/h3>\n<p class=\"normal\">Canap\u00e9 chaise longue convertible en lit Si\u00e8ge rembourr\u00e9 Canap\u00e9-lit convertible en un lit d&rsquo;appoint inclinant les dossiers comme s&rsquo;il s&rsquo;agissait d&rsquo;un canap\u00e9-lit. Chaise longue r\u00e9glable \u00e0 droite ou \u00e0 gauche Description technique : Rev\u00eatement en tissu gris. Structure en bois massif et panneaux de particules Assises et dossiers rembourr\u00e9s en mousse de 50 kg\/m3 Dimensions hors tout : Total : L 267 x P 137 x H 88 cm Lit : L 160&#215;187 cm Emballage : Paquet 1 : 165 x 1,14 x 27 cm 48 Kg Paquet 2 : 163 x 84 x 27 cm 30 Kg Montage non inclus, Livraison en France, Hors Corse et DOM TOM, au pied de l&rsquo;immeuble\/devant la maison.<\/p>\n","protected":false},"excerpt":{"rendered":"<p>Description du produit Canap\u00e9 chaise longue convertible en lit Si\u00e8ge rembourr\u00e9 Canap\u00e9-lit convertible en un lit d&rsquo;appoint inclinant les dossiers comme s&rsquo;il s&rsquo;agissait d&rsquo;un canap\u00e9-lit. Chaise longue r\u00e9glable \u00e0 droite ou \u00e0 gauche Description technique : Rev\u00eatement en tissu gris. Structure en bois massif et panneaux de particules Assises et dossiers rembourr\u00e9s en mousse de&hellip;<\/p>\n","protected":false},"featured_media":15194,"comment_status":"open","ping_status":"closed","template":"","meta":[],"product_cat":[156,214],"product_tag":[],"class_list":{"0":"post-9662","1":"product","2":"type-product","3":"status-publish","4":"has-post-thumbnail","6":"product_cat-bons-plans","7":"product_cat-canapes","9":"first","10":"instock","11":"sale","12":"shipping-taxable","13":"purchasable","14":"product-type-simple","15":"col-xs-6 col-sm-4","16":"col-md-3 col-lg-3","17":"un-4-cols"},"yoast_head":"<!-- This site is optimized with the Yoast SEO plugin v27.0 - https:\/\/yoast.com\/product\/yoast-seo-wordpress\/ -->\n<title>canape-lit-chaise-longue-milano-de-267-cm-convertible-en-lit-reversible<\/title>\n<meta name=\"description\" content=\"canape-lit-chaise-longue-milano-de-267-cm-convertible-en-lit-reversible\" \/>\n<meta name=\"robots\" content=\"index, follow, max-snippet:-1, max-image-preview:large, max-video-preview:-1\" \/>\n<link rel=\"canonical\" href=\"https:\/\/eurosdiscounts.com\/index.php\/produit\/canape-lit-chaise-longue-milano-de-267-cm-convertible-en-lit-reversible\/\" \/>\n<meta property=\"og:locale\" content=\"fr_FR\" \/>\n<meta property=\"og:type\" content=\"article\" \/>\n<meta property=\"og:title\" content=\"canape-lit-chaise-longue-milano-de-267-cm-convertible-en-lit-reversible\" \/>\n<meta property=\"og:description\" content=\"canape-lit-chaise-longue-milano-de-267-cm-convertible-en-lit-reversible\" \/>\n<meta property=\"og:url\" content=\"https:\/\/eurosdiscounts.com\/index.php\/produit\/canape-lit-chaise-longue-milano-de-267-cm-convertible-en-lit-reversible\/\" \/>\n<meta property=\"og:site_name\" content=\"Eurosdiscounts.com- Achat sur Internet a prix discount, Canap\u00e9s pas cher, Smartphone pas cher, pc portable pas cher..\" \/>\n<meta property=\"og:image\" content=\"https:\/\/eurosdiscounts.com\/wp-content\/uploads\/2019\/11\/c-11.jpg\" \/>\n\t<meta property=\"og:image:width\" content=\"800\" \/>\n\t<meta property=\"og:image:height\" content=\"600\" \/>\n\t<meta property=\"og:image:type\" content=\"image\/jpeg\" \/>\n<meta name=\"twitter:card\" content=\"summary_large_image\" \/>\n<meta name=\"twitter:label1\" content=\"Dur\u00e9e de lecture estim\u00e9e\" \/>\n\t<meta name=\"twitter:data1\" content=\"1 minute\" \/>\n<script type=\"application\/ld+json\" class=\"yoast-schema-graph\">{\"@context\":\"https:\/\/schema.org\",\"@graph\":[{\"@type\":\"WebPage\",\"@id\":\"https:\/\/eurosdiscounts.com\/index.php\/produit\/canape-lit-chaise-longue-milano-de-267-cm-convertible-en-lit-reversible\/\",\"url\":\"https:\/\/eurosdiscounts.com\/index.php\/produit\/canape-lit-chaise-longue-milano-de-267-cm-convertible-en-lit-reversible\/\",\"name\":\"canape-lit-chaise-longue-milano-de-267-cm-convertible-en-lit-reversible\",\"isPartOf\":{\"@id\":\"https:\/\/eurosdiscounts.com\/#website\"},\"primaryImageOfPage\":{\"@id\":\"https:\/\/eurosdiscounts.com\/index.php\/produit\/canape-lit-chaise-longue-milano-de-267-cm-convertible-en-lit-reversible\/#primaryimage\"},\"image\":{\"@id\":\"https:\/\/eurosdiscounts.com\/index.php\/produit\/canape-lit-chaise-longue-milano-de-267-cm-convertible-en-lit-reversible\/#primaryimage\"},\"thumbnailUrl\":\"https:\/\/eurosdiscounts.com\/wp-content\/uploads\/2019\/11\/c-11.jpg\",\"datePublished\":\"2019-11-23T17:15:19+00:00\",\"description\":\"canape-lit-chaise-longue-milano-de-267-cm-convertible-en-lit-reversible\",\"breadcrumb\":{\"@id\":\"https:\/\/eurosdiscounts.com\/index.php\/produit\/canape-lit-chaise-longue-milano-de-267-cm-convertible-en-lit-reversible\/#breadcrumb\"},\"inLanguage\":\"fr-FR\",\"potentialAction\":[{\"@type\":\"ReadAction\",\"target\":[\"https:\/\/eurosdiscounts.com\/index.php\/produit\/canape-lit-chaise-longue-milano-de-267-cm-convertible-en-lit-reversible\/\"]}]},{\"@type\":\"ImageObject\",\"inLanguage\":\"fr-FR\",\"@id\":\"https:\/\/eurosdiscounts.com\/index.php\/produit\/canape-lit-chaise-longue-milano-de-267-cm-convertible-en-lit-reversible\/#primaryimage\",\"url\":\"https:\/\/eurosdiscounts.com\/wp-content\/uploads\/2019\/11\/c-11.jpg\",\"contentUrl\":\"https:\/\/eurosdiscounts.com\/wp-content\/uploads\/2019\/11\/c-11.jpg\",\"width\":800,\"height\":600},{\"@type\":\"BreadcrumbList\",\"@id\":\"https:\/\/eurosdiscounts.com\/index.php\/produit\/canape-lit-chaise-longue-milano-de-267-cm-convertible-en-lit-reversible\/#breadcrumb\",\"itemListElement\":[{\"@type\":\"ListItem\",\"position\":1,\"name\":\"Accueil\",\"item\":\"https:\/\/eurosdiscounts.com\/\"},{\"@type\":\"ListItem\",\"position\":2,\"name\":\"Boutique\",\"item\":\"https:\/\/eurosdiscounts.com\/index.php\/boutique\/\"},{\"@type\":\"ListItem\",\"position\":3,\"name\":\"Canap\u00e9-lit chaise longue milano de 267 cm, convertible en lit, r\u00e9versible\"}]},{\"@type\":\"WebSite\",\"@id\":\"https:\/\/eurosdiscounts.com\/#website\",\"url\":\"https:\/\/eurosdiscounts.com\/\",\"name\":\"Eurosdiscounts.com- Achat sur Internet a prix discount, Canap\u00e9s pas cher, Smartphone pas cher, pc portable pas cher..\",\"description\":\"Eurosdiscounts.com- Achat sur Internet a prix discount, Canap\u00e9s pas cher, Smartphone pas cher, pc portable pas cher..\",\"potentialAction\":[{\"@type\":\"SearchAction\",\"target\":{\"@type\":\"EntryPoint\",\"urlTemplate\":\"https:\/\/eurosdiscounts.com\/?s={search_term_string}\"},\"query-input\":{\"@type\":\"PropertyValueSpecification\",\"valueRequired\":true,\"valueName\":\"search_term_string\"}}],\"inLanguage\":\"fr-FR\"}]}<\/script>\n<!-- \/ Yoast SEO plugin. -->","yoast_head_json":{"title":"canape-lit-chaise-longue-milano-de-267-cm-convertible-en-lit-reversible","description":"canape-lit-chaise-longue-milano-de-267-cm-convertible-en-lit-reversible","robots":{"index":"index","follow":"follow","max-snippet":"max-snippet:-1","max-image-preview":"max-image-preview:large","max-video-preview":"max-video-preview:-1"},"canonical":"https:\/\/eurosdiscounts.com\/index.php\/produit\/canape-lit-chaise-longue-milano-de-267-cm-convertible-en-lit-reversible\/","og_locale":"fr_FR","og_type":"article","og_title":"canape-lit-chaise-longue-milano-de-267-cm-convertible-en-lit-reversible","og_description":"canape-lit-chaise-longue-milano-de-267-cm-convertible-en-lit-reversible","og_url":"https:\/\/eurosdiscounts.com\/index.php\/produit\/canape-lit-chaise-longue-milano-de-267-cm-convertible-en-lit-reversible\/","og_site_name":"Eurosdiscounts.com- Achat sur Internet a prix discount, Canap\u00e9s pas cher, Smartphone pas cher, pc portable pas cher..","og_image":[{"width":800,"height":600,"url":"https:\/\/eurosdiscounts.com\/wp-content\/uploads\/2019\/11\/c-11.jpg","type":"image\/jpeg"}],"twitter_card":"summary_large_image","twitter_misc":{"Dur\u00e9e de lecture estim\u00e9e":"1 minute"},"schema":{"@context":"https:\/\/schema.org","@graph":[{"@type":"WebPage","@id":"https:\/\/eurosdiscounts.com\/index.php\/produit\/canape-lit-chaise-longue-milano-de-267-cm-convertible-en-lit-reversible\/","url":"https:\/\/eurosdiscounts.com\/index.php\/produit\/canape-lit-chaise-longue-milano-de-267-cm-convertible-en-lit-reversible\/","name":"canape-lit-chaise-longue-milano-de-267-cm-convertible-en-lit-reversible","isPartOf":{"@id":"https:\/\/eurosdiscounts.com\/#website"},"primaryImageOfPage":{"@id":"https:\/\/eurosdiscounts.com\/index.php\/produit\/canape-lit-chaise-longue-milano-de-267-cm-convertible-en-lit-reversible\/#primaryimage"},"image":{"@id":"https:\/\/eurosdiscounts.com\/index.php\/produit\/canape-lit-chaise-longue-milano-de-267-cm-convertible-en-lit-reversible\/#primaryimage"},"thumbnailUrl":"https:\/\/eurosdiscounts.com\/wp-content\/uploads\/2019\/11\/c-11.jpg","datePublished":"2019-11-23T17:15:19+00:00","description":"canape-lit-chaise-longue-milano-de-267-cm-convertible-en-lit-reversible","breadcrumb":{"@id":"https:\/\/eurosdiscounts.com\/index.php\/produit\/canape-lit-chaise-longue-milano-de-267-cm-convertible-en-lit-reversible\/#breadcrumb"},"inLanguage":"fr-FR","potentialAction":[{"@type":"ReadAction","target":["https:\/\/eurosdiscounts.com\/index.php\/produit\/canape-lit-chaise-longue-milano-de-267-cm-convertible-en-lit-reversible\/"]}]},{"@type":"ImageObject","inLanguage":"fr-FR","@id":"https:\/\/eurosdiscounts.com\/index.php\/produit\/canape-lit-chaise-longue-milano-de-267-cm-convertible-en-lit-reversible\/#primaryimage","url":"https:\/\/eurosdiscounts.com\/wp-content\/uploads\/2019\/11\/c-11.jpg","contentUrl":"https:\/\/eurosdiscounts.com\/wp-content\/uploads\/2019\/11\/c-11.jpg","width":800,"height":600},{"@type":"BreadcrumbList","@id":"https:\/\/eurosdiscounts.com\/index.php\/produit\/canape-lit-chaise-longue-milano-de-267-cm-convertible-en-lit-reversible\/#breadcrumb","itemListElement":[{"@type":"ListItem","position":1,"name":"Accueil","item":"https:\/\/eurosdiscounts.com\/"},{"@type":"ListItem","position":2,"name":"Boutique","item":"https:\/\/eurosdiscounts.com\/index.php\/boutique\/"},{"@type":"ListItem","position":3,"name":"Canap\u00e9-lit chaise longue milano de 267 cm, convertible en lit, r\u00e9versible"}]},{"@type":"WebSite","@id":"https:\/\/eurosdiscounts.com\/#website","url":"https:\/\/eurosdiscounts.com\/","name":"Eurosdiscounts.com- Achat sur Internet a prix discount, Canap\u00e9s pas cher, Smartphone pas cher, pc portable pas cher..","description":"Eurosdiscounts.com- Achat sur Internet a prix discount, Canap\u00e9s pas cher, Smartphone pas cher, pc portable pas cher..","potentialAction":[{"@type":"SearchAction","target":{"@type":"EntryPoint","urlTemplate":"https:\/\/eurosdiscounts.com\/?s={search_term_string}"},"query-input":{"@type":"PropertyValueSpecification","valueRequired":true,"valueName":"search_term_string"}}],"inLanguage":"fr-FR"}]}},"_links":{"self":[{"href":"https:\/\/eurosdiscounts.com\/index.php\/wp-json\/wp\/v2\/product\/9662","targetHints":{"allow":["GET"]}}],"collection":[{"href":"https:\/\/eurosdiscounts.com\/index.php\/wp-json\/wp\/v2\/product"}],"about":[{"href":"https:\/\/eurosdiscounts.com\/index.php\/wp-json\/wp\/v2\/types\/product"}],"replies":[{"embeddable":true,"href":"https:\/\/eurosdiscounts.com\/index.php\/wp-json\/wp\/v2\/comments?post=9662"}],"wp:featuredmedia":[{"embeddable":true,"href":"https:\/\/eurosdiscounts.com\/index.php\/wp-json\/wp\/v2\/media\/15194"}],"wp:attachment":[{"href":"https:\/\/eurosdiscounts.com\/index.php\/wp-json\/wp\/v2\/media?parent=9662"}],"wp:term":[{"taxonomy":"product_cat","embeddable":true,"href":"https:\/\/eurosdiscounts.com\/index.php\/wp-json\/wp\/v2\/product_cat?post=9662"},{"taxonomy":"product_tag","embeddable":true,"href":"https:\/\/eurosdiscounts.com\/index.php\/wp-json\/wp\/v2\/product_tag?post=9662"}],"curies":[{"name":"wp","href":"https:\/\/api.w.org\/{rel}","templated":true}]}}