{"id":9621,"date":"2019-11-23T17:28:54","date_gmt":"2019-11-23T16:28:54","guid":{"rendered":"https:\/\/smartsdiscount.com\/?post_type=product&amp;p=9621"},"modified":"2023-03-28T23:05:09","modified_gmt":"2023-03-28T21:05:09","slug":"canape-convertible-3-places-en-tissu-samia-coloris-anthracite","status":"publish","type":"product","link":"https:\/\/eurosdiscounts.com\/index.php\/produit\/canape-convertible-3-places-en-tissu-samia-coloris-anthracite\/","title":{"rendered":"Canap\u00e9 convertible 3 places en tissu SAMIA coloris anthracite"},"content":{"rendered":"<h3 class=\"costum-list-style\">Description du produit<\/h3>\n<ul class=\"ui-tabs-nav ui-helper-reset ui-helper-clearfix ui-widget-header ui-corner-all\" role=\"tablist\">\n<li>Ouverture simple et rapide<\/li>\n<li>Epaisseur matelas 14cm<\/li>\n<li>Existe en 7 coloris<\/li>\n<\/ul>\n<p class=\"normal\">Succombez au confort et au design du canap\u00e9 convertible 3 places\u00a0<strong>SAMIA<\/strong>. Sobre et \u00e9l\u00e9gant, ce canap\u00e9 en tissu microfibre est propos\u00e9 dans un coloris anthracite qui saura se marier \u00e0 toutes les d\u00e9corations int\u00e9rieures. Convertible, ce canap\u00e9 est rapide \u00e0 d\u00e9plier et \u00e0 replier, il sera parfait pour faire office de couchage d\u2019appoint. Il propose \u00e9galement une assise moelleuse ainsi que des accoudoirs pratiques pour s\u2019installer dans le plus grand confort.<\/p>\n<p>Le canap\u00e9 convertible\u00a0<strong>SAMIA<\/strong>\u00a0est \u00e9galement propos\u00e9 dans les coloris bleu, taupe, jaune, marron, gris clair et noir. Choisissez celui qui r\u00e9pondra au mieux \u00e0 vos envies de d\u00e9co.<\/p>\n<p><strong>Dimensions :<br \/>\n<\/strong><br \/>\n&#8211; Profondeur d\u2019assise : &lsquo;100&rsquo;<br \/>\n&#8211; Hauteur d\u2019assise : &rsquo;90&rsquo;<br \/>\n&#8211; Longueur: &lsquo;195&rsquo;<br \/>\n&#8211; Dimension couchage (cm : larg. x long. x epaiss.)&rsquo;: 189 x 140 x 14 cm<br \/>\n&#8211; Epaisseur matelas: &rsquo;14&rsquo;<\/p>\n<p><strong>Composition\/rev\u00eatement :<br \/>\n<\/strong><br \/>\n&#8211; Rev\u00eatement: Tissu \/ Microfibre<br \/>\n&#8211; Rev\u00eatement caisse: 100% polyester<br \/>\n&#8211; Suspension: Grille m\u00e9tal avec ressors et bandes \u00e9lastiques<br \/>\n&#8211; Technologie matelas: Mousse polyur\u00e9thane densit\u00e9 28kg\/m3<br \/>\n&#8211; Mati\u00e8re garnissage: Ouate fibre polyester 150g\/m2<br \/>\n&#8211; Rev\u00eatement couette\/assise: 100% polyester<br \/>\n&#8211; Mati\u00e8re pieds: Plastique<br \/>\n&#8211; Mati\u00e8re structure: Contre-plaqu\u00e9, bois et pin<\/p>\n<p><strong>Accessoires inclus<br \/>\n<\/strong><br \/>\n&#8211; T\u00eati\u00e8res \/ appuie-t\u00eates ajustables: Non<br \/>\n&#8211; Coussin(s) cale-reins: Non<br \/>\n&#8211; Coffre de rangement: Non<br \/>\n&#8211; Accoudoirs r\u00e9glables: Non<\/p>\n<p><strong>Colisage* :<br \/>\n<\/strong><br \/>\n&#8211; Dimension colis 2: 100x38x52 cm<br \/>\n&#8211; Dimension colis: 162x84x97 cm<br \/>\n&#8211; Poids total colis: &rsquo;98&rsquo;<br \/>\n*Pensez \u00e0 v\u00e9rifier que l\u2019acc\u00e8s \u00e0 votre pi\u00e8ce (couloirs, escalier, ascenseur, etc.) permet d\u2019accueillir ais\u00e9ment le produit.<\/p>\n<h3 class=\"costum-list-style\">Conseils d&rsquo;utilisation<\/h3>\n<p class=\"normal\"><strong>Nos conseils\/bon \u00e0 savoir<\/strong>Pour nettoyer facilement votre canap\u00e9, utilisez un aspirateur muni d\u2019un embout sp\u00e9cial tissu ou rideau, propre et sec, pour aspirer la poussi\u00e8re et les \u00e9ventuelles miettes.Besoins de conseils, n\u2019h\u00e9sitez pas \u00e0 consulter notre guide d\u2019achats Canap\u00e9.<\/p>\n","protected":false},"excerpt":{"rendered":"<p>Description du produit Ouverture simple et rapide Epaisseur matelas 14cm Existe en 7 coloris Succombez au confort et au design du canap\u00e9 convertible 3 places\u00a0SAMIA. Sobre et \u00e9l\u00e9gant, ce canap\u00e9 en tissu microfibre est propos\u00e9 dans un coloris anthracite qui saura se marier \u00e0 toutes les d\u00e9corations int\u00e9rieures. Convertible, ce canap\u00e9 est rapide \u00e0 d\u00e9plier&hellip;<\/p>\n","protected":false},"featured_media":15227,"comment_status":"open","ping_status":"closed","template":"","meta":[],"product_cat":[156,214],"product_tag":[],"class_list":{"0":"post-9621","1":"product","2":"type-product","3":"status-publish","4":"has-post-thumbnail","6":"product_cat-bons-plans","7":"product_cat-canapes","9":"first","10":"instock","11":"sale","12":"shipping-taxable","13":"purchasable","14":"product-type-simple","15":"col-xs-6 col-sm-4","16":"col-md-3 col-lg-3","17":"un-4-cols"},"yoast_head":"<!-- This site is optimized with the Yoast SEO plugin v27.0 - https:\/\/yoast.com\/product\/yoast-seo-wordpress\/ -->\n<title>canape-convertible-3-places-en-tissu-samia-coloris-anthracite<\/title>\n<meta name=\"description\" content=\"canape-convertible-3-places-en-tissu-samia-coloris-anthracite\" \/>\n<meta name=\"robots\" content=\"index, follow, max-snippet:-1, max-image-preview:large, max-video-preview:-1\" \/>\n<link rel=\"canonical\" href=\"https:\/\/eurosdiscounts.com\/index.php\/produit\/canape-convertible-3-places-en-tissu-samia-coloris-anthracite\/\" \/>\n<meta property=\"og:locale\" content=\"fr_FR\" \/>\n<meta property=\"og:type\" content=\"article\" \/>\n<meta property=\"og:title\" content=\"canape-convertible-3-places-en-tissu-samia-coloris-anthracite\" \/>\n<meta property=\"og:description\" content=\"canape-convertible-3-places-en-tissu-samia-coloris-anthracite\" \/>\n<meta property=\"og:url\" content=\"https:\/\/eurosdiscounts.com\/index.php\/produit\/canape-convertible-3-places-en-tissu-samia-coloris-anthracite\/\" \/>\n<meta property=\"og:site_name\" content=\"Eurosdiscounts.com- Achat sur Internet a prix discount, Canap\u00e9s pas cher, Smartphone pas cher, pc portable pas cher..\" \/>\n<meta property=\"article:modified_time\" content=\"2023-03-28T21:05:09+00:00\" \/>\n<meta property=\"og:image\" content=\"https:\/\/eurosdiscounts.com\/wp-content\/uploads\/2019\/11\/c-19.jpg\" \/>\n\t<meta property=\"og:image:width\" content=\"800\" \/>\n\t<meta property=\"og:image:height\" content=\"600\" \/>\n\t<meta property=\"og:image:type\" content=\"image\/jpeg\" \/>\n<meta name=\"twitter:card\" content=\"summary_large_image\" \/>\n<meta name=\"twitter:label1\" content=\"Dur\u00e9e de lecture estim\u00e9e\" \/>\n\t<meta name=\"twitter:data1\" content=\"2 minutes\" \/>\n<script type=\"application\/ld+json\" class=\"yoast-schema-graph\">{\"@context\":\"https:\/\/schema.org\",\"@graph\":[{\"@type\":\"WebPage\",\"@id\":\"https:\/\/eurosdiscounts.com\/index.php\/produit\/canape-convertible-3-places-en-tissu-samia-coloris-anthracite\/\",\"url\":\"https:\/\/eurosdiscounts.com\/index.php\/produit\/canape-convertible-3-places-en-tissu-samia-coloris-anthracite\/\",\"name\":\"canape-convertible-3-places-en-tissu-samia-coloris-anthracite\",\"isPartOf\":{\"@id\":\"https:\/\/eurosdiscounts.com\/#website\"},\"primaryImageOfPage\":{\"@id\":\"https:\/\/eurosdiscounts.com\/index.php\/produit\/canape-convertible-3-places-en-tissu-samia-coloris-anthracite\/#primaryimage\"},\"image\":{\"@id\":\"https:\/\/eurosdiscounts.com\/index.php\/produit\/canape-convertible-3-places-en-tissu-samia-coloris-anthracite\/#primaryimage\"},\"thumbnailUrl\":\"https:\/\/eurosdiscounts.com\/wp-content\/uploads\/2019\/11\/c-19.jpg\",\"datePublished\":\"2019-11-23T16:28:54+00:00\",\"dateModified\":\"2023-03-28T21:05:09+00:00\",\"description\":\"canape-convertible-3-places-en-tissu-samia-coloris-anthracite\",\"breadcrumb\":{\"@id\":\"https:\/\/eurosdiscounts.com\/index.php\/produit\/canape-convertible-3-places-en-tissu-samia-coloris-anthracite\/#breadcrumb\"},\"inLanguage\":\"fr-FR\",\"potentialAction\":[{\"@type\":\"ReadAction\",\"target\":[\"https:\/\/eurosdiscounts.com\/index.php\/produit\/canape-convertible-3-places-en-tissu-samia-coloris-anthracite\/\"]}]},{\"@type\":\"ImageObject\",\"inLanguage\":\"fr-FR\",\"@id\":\"https:\/\/eurosdiscounts.com\/index.php\/produit\/canape-convertible-3-places-en-tissu-samia-coloris-anthracite\/#primaryimage\",\"url\":\"https:\/\/eurosdiscounts.com\/wp-content\/uploads\/2019\/11\/c-19.jpg\",\"contentUrl\":\"https:\/\/eurosdiscounts.com\/wp-content\/uploads\/2019\/11\/c-19.jpg\",\"width\":800,\"height\":600},{\"@type\":\"BreadcrumbList\",\"@id\":\"https:\/\/eurosdiscounts.com\/index.php\/produit\/canape-convertible-3-places-en-tissu-samia-coloris-anthracite\/#breadcrumb\",\"itemListElement\":[{\"@type\":\"ListItem\",\"position\":1,\"name\":\"Accueil\",\"item\":\"https:\/\/eurosdiscounts.com\/\"},{\"@type\":\"ListItem\",\"position\":2,\"name\":\"Boutique\",\"item\":\"https:\/\/eurosdiscounts.com\/index.php\/boutique\/\"},{\"@type\":\"ListItem\",\"position\":3,\"name\":\"Canap\u00e9 convertible 3 places en tissu SAMIA coloris anthracite\"}]},{\"@type\":\"WebSite\",\"@id\":\"https:\/\/eurosdiscounts.com\/#website\",\"url\":\"https:\/\/eurosdiscounts.com\/\",\"name\":\"Eurosdiscounts.com- Achat sur Internet a prix discount, Canap\u00e9s pas cher, Smartphone pas cher, pc portable pas cher..\",\"description\":\"Eurosdiscounts.com- Achat sur Internet a prix discount, Canap\u00e9s pas cher, Smartphone pas cher, pc portable pas cher..\",\"potentialAction\":[{\"@type\":\"SearchAction\",\"target\":{\"@type\":\"EntryPoint\",\"urlTemplate\":\"https:\/\/eurosdiscounts.com\/?s={search_term_string}\"},\"query-input\":{\"@type\":\"PropertyValueSpecification\",\"valueRequired\":true,\"valueName\":\"search_term_string\"}}],\"inLanguage\":\"fr-FR\"}]}<\/script>\n<!-- \/ Yoast SEO plugin. -->","yoast_head_json":{"title":"canape-convertible-3-places-en-tissu-samia-coloris-anthracite","description":"canape-convertible-3-places-en-tissu-samia-coloris-anthracite","robots":{"index":"index","follow":"follow","max-snippet":"max-snippet:-1","max-image-preview":"max-image-preview:large","max-video-preview":"max-video-preview:-1"},"canonical":"https:\/\/eurosdiscounts.com\/index.php\/produit\/canape-convertible-3-places-en-tissu-samia-coloris-anthracite\/","og_locale":"fr_FR","og_type":"article","og_title":"canape-convertible-3-places-en-tissu-samia-coloris-anthracite","og_description":"canape-convertible-3-places-en-tissu-samia-coloris-anthracite","og_url":"https:\/\/eurosdiscounts.com\/index.php\/produit\/canape-convertible-3-places-en-tissu-samia-coloris-anthracite\/","og_site_name":"Eurosdiscounts.com- Achat sur Internet a prix discount, Canap\u00e9s pas cher, Smartphone pas cher, pc portable pas cher..","article_modified_time":"2023-03-28T21:05:09+00:00","og_image":[{"width":800,"height":600,"url":"https:\/\/eurosdiscounts.com\/wp-content\/uploads\/2019\/11\/c-19.jpg","type":"image\/jpeg"}],"twitter_card":"summary_large_image","twitter_misc":{"Dur\u00e9e de lecture estim\u00e9e":"2 minutes"},"schema":{"@context":"https:\/\/schema.org","@graph":[{"@type":"WebPage","@id":"https:\/\/eurosdiscounts.com\/index.php\/produit\/canape-convertible-3-places-en-tissu-samia-coloris-anthracite\/","url":"https:\/\/eurosdiscounts.com\/index.php\/produit\/canape-convertible-3-places-en-tissu-samia-coloris-anthracite\/","name":"canape-convertible-3-places-en-tissu-samia-coloris-anthracite","isPartOf":{"@id":"https:\/\/eurosdiscounts.com\/#website"},"primaryImageOfPage":{"@id":"https:\/\/eurosdiscounts.com\/index.php\/produit\/canape-convertible-3-places-en-tissu-samia-coloris-anthracite\/#primaryimage"},"image":{"@id":"https:\/\/eurosdiscounts.com\/index.php\/produit\/canape-convertible-3-places-en-tissu-samia-coloris-anthracite\/#primaryimage"},"thumbnailUrl":"https:\/\/eurosdiscounts.com\/wp-content\/uploads\/2019\/11\/c-19.jpg","datePublished":"2019-11-23T16:28:54+00:00","dateModified":"2023-03-28T21:05:09+00:00","description":"canape-convertible-3-places-en-tissu-samia-coloris-anthracite","breadcrumb":{"@id":"https:\/\/eurosdiscounts.com\/index.php\/produit\/canape-convertible-3-places-en-tissu-samia-coloris-anthracite\/#breadcrumb"},"inLanguage":"fr-FR","potentialAction":[{"@type":"ReadAction","target":["https:\/\/eurosdiscounts.com\/index.php\/produit\/canape-convertible-3-places-en-tissu-samia-coloris-anthracite\/"]}]},{"@type":"ImageObject","inLanguage":"fr-FR","@id":"https:\/\/eurosdiscounts.com\/index.php\/produit\/canape-convertible-3-places-en-tissu-samia-coloris-anthracite\/#primaryimage","url":"https:\/\/eurosdiscounts.com\/wp-content\/uploads\/2019\/11\/c-19.jpg","contentUrl":"https:\/\/eurosdiscounts.com\/wp-content\/uploads\/2019\/11\/c-19.jpg","width":800,"height":600},{"@type":"BreadcrumbList","@id":"https:\/\/eurosdiscounts.com\/index.php\/produit\/canape-convertible-3-places-en-tissu-samia-coloris-anthracite\/#breadcrumb","itemListElement":[{"@type":"ListItem","position":1,"name":"Accueil","item":"https:\/\/eurosdiscounts.com\/"},{"@type":"ListItem","position":2,"name":"Boutique","item":"https:\/\/eurosdiscounts.com\/index.php\/boutique\/"},{"@type":"ListItem","position":3,"name":"Canap\u00e9 convertible 3 places en tissu SAMIA coloris anthracite"}]},{"@type":"WebSite","@id":"https:\/\/eurosdiscounts.com\/#website","url":"https:\/\/eurosdiscounts.com\/","name":"Eurosdiscounts.com- Achat sur Internet a prix discount, Canap\u00e9s pas cher, Smartphone pas cher, pc portable pas cher..","description":"Eurosdiscounts.com- Achat sur Internet a prix discount, Canap\u00e9s pas cher, Smartphone pas cher, pc portable pas cher..","potentialAction":[{"@type":"SearchAction","target":{"@type":"EntryPoint","urlTemplate":"https:\/\/eurosdiscounts.com\/?s={search_term_string}"},"query-input":{"@type":"PropertyValueSpecification","valueRequired":true,"valueName":"search_term_string"}}],"inLanguage":"fr-FR"}]}},"_links":{"self":[{"href":"https:\/\/eurosdiscounts.com\/index.php\/wp-json\/wp\/v2\/product\/9621","targetHints":{"allow":["GET"]}}],"collection":[{"href":"https:\/\/eurosdiscounts.com\/index.php\/wp-json\/wp\/v2\/product"}],"about":[{"href":"https:\/\/eurosdiscounts.com\/index.php\/wp-json\/wp\/v2\/types\/product"}],"replies":[{"embeddable":true,"href":"https:\/\/eurosdiscounts.com\/index.php\/wp-json\/wp\/v2\/comments?post=9621"}],"wp:featuredmedia":[{"embeddable":true,"href":"https:\/\/eurosdiscounts.com\/index.php\/wp-json\/wp\/v2\/media\/15227"}],"wp:attachment":[{"href":"https:\/\/eurosdiscounts.com\/index.php\/wp-json\/wp\/v2\/media?parent=9621"}],"wp:term":[{"taxonomy":"product_cat","embeddable":true,"href":"https:\/\/eurosdiscounts.com\/index.php\/wp-json\/wp\/v2\/product_cat?post=9621"},{"taxonomy":"product_tag","embeddable":true,"href":"https:\/\/eurosdiscounts.com\/index.php\/wp-json\/wp\/v2\/product_tag?post=9621"}],"curies":[{"name":"wp","href":"https:\/\/api.w.org\/{rel}","templated":true}]}}