{"id":9557,"date":"2019-11-22T22:58:48","date_gmt":"2019-11-22T21:58:48","guid":{"rendered":"https:\/\/smartsdiscount.com\/?post_type=product&amp;p=9557"},"modified":"2019-11-22T22:58:48","modified_gmt":"2019-11-22T21:58:48","slug":"samsung-ue55nu8505txxc-tv-led-4k-uhd-138-cm-55-ecran-incurve-smart-tv-2700-pqi-4-x-hdmi-2-x-usb-classe-energetique-a","status":"publish","type":"product","link":"https:\/\/eurosdiscounts.com\/index.php\/produit\/samsung-ue55nu8505txxc-tv-led-4k-uhd-138-cm-55-ecran-incurve-smart-tv-2700-pqi-4-x-hdmi-2-x-usb-classe-energetique-a\/","title":{"rendered":"SAMSUNG UE55NU8505TXXC TV LED 4K UHD 138 cm (55&Prime;) &#8211; ECRAN INCURVE &#8211; SMART TV &#8211; 2700 PQI &#8211; 4 x HDMI &#8211; 2 x USB &#8211; Classe \u00e9nerg\u00e9tique A"},"content":{"rendered":"<div id=\"descContent\" class=\"fpBlk testSep\" data-cs-override-id=\"Descriptif\">\n<div id=\"VehicleSparePartProductAndVehicleAttributeCollection\">\n<p><span class=\"fpBlocTitle\">Les points forts :<\/span><\/p>\n<ul>\n<li>R\u00e9tro\u00e9clairage par LED \u2013 Supreme UHD dimming, Ultra Slim Array<\/li>\n<li>Format d\u2019affichage : 4K UHD (2160p)<\/li>\n<li>R\u00e9solution : 3840 x 2160<\/li>\n<li>Technologie HDR : HDR 1000, Hybrid Log-Gamma (HLG), HDR 10+<\/li>\n<li>Qt\u00e9 de ports HDMI : 4 ports<\/li>\n<\/ul>\n<div class=\"jsFpBulletPointMore\">\n<ul>\n<li>Tuner TV num\u00e9rique : DVB-C, DVB-S2, DVB-T2<\/li>\n<li>Am\u00e9liorations d\u2019image : R\u00e9glage automatique de la profondeur, Dynamic Crystal Color<\/li>\n<li>Interface vid\u00e9o : HDMI<\/li>\n<\/ul>\n<\/div>\n<\/div>\n<\/div>\n<div id=\"8029440\" class=\"jsPertSwCarousel\" data-on-load-event=\"\">\n<form name=\"algoForm\"><\/form>\n<\/div>\n","protected":false},"excerpt":{"rendered":"<table class=\"fpDescTb fpDescTbPub\">\n<tbody>\n<tr>\n<th colspan=\"2\">INFORMATIONS G\u00c9N\u00c9RALES SUR LE PRODUIT<\/th>\n<\/tr>\n<tr>\n<td>Marque<\/td>\n<td><a title=\"SAMSUNG\" href=\"https:\/\/www.cdiscount.com\/m-443-samsung.html\" data-link=\"SFP-ZBN-TNO-DPM\">SAMSUNG<\/a><\/td>\n<\/tr>\n<tr>\n<td>Nom du produit<\/td>\n<td>SAMSUNG UE55NU8505TXXC TV LED 4K UHD 138 cm (55\u2033)<\/td>\n<\/tr>\n<tr>\n<td>Cat\u00e9gorie<\/td>\n<td>T\u00e9l\u00e9viseur LED<\/td>\n<\/tr>\n<tr>\n<th colspan=\"2\">G\u00c9N\u00c9RAL<\/th>\n<\/tr>\n<tr>\n<td>Type de Produit<\/td>\n<td>Incurv\u00e9 TV LCD avec r\u00e9tro\u00e9clairage par LED \u2013 Smart TV<\/td>\n<\/tr>\n<tr>\n<td>Qt\u00e9 de ports HDMI<\/td>\n<td>4 ports<\/td>\n<\/tr>\n<tr>\n<td>Interface vid\u00e9o<\/td>\n<td>HDMI<\/td>\n<\/tr>\n<tr>\n<td>Tuner de t\u00e9l\u00e9vision<\/td>\n<td>1 x analogique, 1 x num\u00e9rique<\/td>\n<\/tr>\n<tr>\n<td>Consommation \u00e9lectrique en mode marche<\/td>\n<td>99 Watt<\/td>\n<\/tr>\n<tr>\n<td>Dimensions<\/td>\n<td>Sans support<\/td>\n<\/tr>\n<tr>\n<td>Largeur<\/td>\n<td>122.52 cm<\/td>\n<\/tr>\n<tr>\n<td>Hauteur<\/td>\n<td>71.05 cm<\/td>\n<\/tr>\n<tr>\n<td>Profondeur<\/td>\n<td>9.72 cm<\/td>\n<\/tr>\n<tr>\n<td>Poids<\/td>\n<td>17.7 kg<\/td>\n<\/tr>\n<tr>\n<td>Consommation d\u2019\u00e9nergie annuelle<\/td>\n<td>137 kWh<\/td>\n<\/tr>\n<tr>\n<td>Plate-forme<\/td>\n<td>Tizen OS<\/td>\n<\/tr>\n<tr>\n<td>Classe de diagonale<\/td>\n<td>55\u2033<\/td>\n<\/tr>\n<tr>\n<td>Ecran incurv\u00e9<\/td>\n<td>Oui<\/td>\n<\/tr>\n<tr>\n<td>Modes<\/td>\n<td>Mode naturel, Mode Film<\/td>\n<\/tr>\n<tr>\n<td>Capteurs<\/td>\n<td>Capteur Eco<\/td>\n<\/tr>\n<tr>\n<td>Conception<\/td>\n<td>Conception 360, Bezel-less Design, Conception sans limites<\/td>\n<\/tr>\n<tr>\n<td>Am\u00e9liorations d\u2019image<\/td>\n<td>R\u00e9glage automatique de la profondeur, Dynamic Crystal Color<\/td>\n<\/tr>\n<tr>\n<td>Compatible HDR<\/td>\n<td>Oui<\/td>\n<\/tr>\n<tr>\n<td>Technologie HDR<\/td>\n<td>HDR 1000, Hybrid Log-Gamma (HLG), HDR 10+<\/td>\n<\/tr>\n<tr>\n<td>Consommation en fonctionnement<\/td>\n<td>165 Watt<\/td>\n<\/tr>\n<tr>\n<td>Classe \u00e9nerg\u00e9tique<\/td>\n<td>Classe A<\/td>\n<\/tr>\n<tr>\n<td>Pr\u00e9sence de syntonisateur TV<\/td>\n<td>Oui<\/td>\n<\/tr>\n<tr>\n<th colspan=\"2\">AFFICHAGE<\/th>\n<\/tr>\n<tr>\n<td>Technologie de r\u00e9tro\u00e9clairage LCD<\/td>\n<td>R\u00e9tro\u00e9clairage par LED \u2013 Supreme UHD dimming, Ultra Slim Array<\/td>\n<\/tr>\n<tr>\n<td>R\u00e9solution<\/td>\n<td>3840 x 2160<\/td>\n<\/tr>\n<tr>\n<td>Format d\u2019affichage<\/td>\n<td>4K UHD (2160p)<\/td>\n<\/tr>\n<tr>\n<td>Langue du menu d\u2019affichage<\/td>\n<td>Multilingual<\/td>\n<\/tr>\n<tr>\n<td>Fonctions suppl\u00e9mentaires<\/td>\n<td>Commutateur rapide HDMI, Auto Motion Plus, processeur Quad-Core, E-Manual, solution de c\u00e2ble propre<\/td>\n<\/tr>\n<tr>\n<td>Format de l\u2019image<\/td>\n<td>16:9<\/td>\n<\/tr>\n<tr>\n<th colspan=\"2\">CONNEXIONS<\/th>\n<\/tr>\n<tr>\n<td>Type de connecteur<\/td>\n<td>4 x HDMI<br \/>\n2 x USB<br \/>\nR\u00e9seau<br \/>\nSortie audio num\u00e9rique (optique)<\/td>\n<\/tr>\n<tr>\n<th colspan=\"2\">TUNER TV NUM\u00c9RIQUE<\/th>\n<\/tr>\n<tr>\n<td>Tuner TV num\u00e9rique<\/td>\n<td>DVB-C, DVB-S2, DVB-T2<\/td>\n<\/tr>\n<tr>\n<td>Tuner TVHD<\/td>\n<td>Oui<\/td>\n<\/tr>\n<tr>\n<th colspan=\"2\">FONCTIONNALIT\u00c9S VID\u00c9O<\/th>\n<\/tr>\n<tr>\n<td>Capacit\u00e9 de sous-titrage<\/td>\n<td>Oui<\/td>\n<\/tr>\n<tr>\n<td>Guide \u00e9lectronique des programmes<\/td>\n<td>EPG num\u00e9rique<\/td>\n<\/tr>\n<tr>\n<th colspan=\"2\">LECTEUR MULTIM\u00c9DIA<\/th>\n<\/tr>\n<tr>\n<td>Port USB<\/td>\n<td>Oui<\/td>\n<\/tr>\n<tr>\n<td>Qt\u00e9 de ports USB<\/td>\n<td>2<\/td>\n<\/tr>\n<tr>\n<th colspan=\"2\">SYST\u00c8ME AUDIO<\/th>\n<\/tr>\n<tr>\n<td>Syst\u00e8me de haut-parleurs<\/td>\n<td>2 haut-parleurs, haut-parleur de graves<\/td>\n<\/tr>\n<tr>\n<td>Alimentation en sortie \/ Total<\/td>\n<td>40 Watt<\/td>\n<\/tr>\n<tr>\n<td>Format audio num\u00e9rique<\/td>\n<td>Sortie num\u00e9rique Dolby<\/td>\n<\/tr>\n<tr>\n<td>Haut-parleurs<\/td>\n<td>2 x haut-parleur \u2013 int\u00e9gr\u00e9<br \/>\n1 x caisson de basses \u2013 int\u00e9gr\u00e9<\/td>\n<\/tr>\n<tr>\n<td>Fonctions suppl\u00e9mentaires<\/td>\n<td>ARC (Audio Return Channel), Voice Interaction<\/td>\n<\/tr>\n<tr>\n<th colspan=\"2\">MULTIM\u00c9DIA R\u00c9SEAU ET INTERNET<\/th>\n<\/tr>\n<tr>\n<td>Fonctionnalit\u00e9s<\/td>\n<td>Lecture audio num\u00e9rique, lecteur de photo num\u00e9rique, lecture vid\u00e9o num\u00e9rique, navigation WEB, lecture vid\u00e9o Internet<\/td>\n<\/tr>\n<tr>\n<td>Connectivit\u00e9<\/td>\n<td>Wi-Fi, LAN, Bluetooth<\/td>\n<\/tr>\n<tr>\n<td>Services de diffusion en streaming sur Internet<\/td>\n<td>Smart Hub<\/td>\n<\/tr>\n<tr>\n<td>DLNA<\/td>\n<td>Oui<\/td>\n<\/tr>\n<tr>\n<td>Protocole LAN<\/td>\n<td>Ethernet<\/td>\n<\/tr>\n<tr>\n<td>Connecter &amp; partager<\/td>\n<td>Wi-Fi Direct, Sym\u00e9trie de l\u2019\u00e9cran, Appareil d\u2019interface humaine USB (HID), ConnectShare<\/td>\n<\/tr>\n<tr>\n<td>Contr\u00f4le \u00e9lectronique de prise en charge de consommateur (CEC)<\/td>\n<td>Anynet Plus, Lien Multiroom<\/td>\n<\/tr>\n<tr>\n<th colspan=\"2\">T\u00c9L\u00c9COMMANDE<\/th>\n<\/tr>\n<tr>\n<td>Type<\/td>\n<td>T\u00e9l\u00e9commande standard<\/td>\n<\/tr>\n<tr>\n<td>Mod\u00e8le de t\u00e9l\u00e9commande<\/td>\n<td>Samsung TM1850A<\/td>\n<\/tr>\n<tr>\n<td>Caract\u00e9ristiques<\/td>\n<td>OneRemote<\/td>\n<\/tr>\n<tr>\n<th colspan=\"2\">ALIMENTATION<\/th>\n<\/tr>\n<tr>\n<td>P\u00e9riph\u00e9rique d\u2019alimentation<\/td>\n<td>Alimentation \u00e9lectrique<\/td>\n<\/tr>\n<tr>\n<td>Tension nominale<\/td>\n<td>CA 230V (50\/60 Hz)<\/td>\n<\/tr>\n<tr>\n<td>Consommation \u00e9lectrique en mode d\u2019attente<\/td>\n<td>0.5 Watt<\/td>\n<\/tr>\n<tr>\n<td>Marche \/ arr\u00eat auto<\/td>\n<td>Oui<\/td>\n<\/tr>\n<tr>\n<th colspan=\"2\">SUPPORTS ET SYST\u00c8MES DE MONTAGE<\/th>\n<\/tr>\n<tr>\n<td>Pied<\/td>\n<td>Inclus<\/td>\n<\/tr>\n<tr>\n<td>Type de support<\/td>\n<td>De table<\/td>\n<\/tr>\n<tr>\n<td>Interface de montage VESA<\/td>\n<td>Oui<\/td>\n<\/tr>\n<tr>\n<th colspan=\"2\">DIMENSIONS ET POIDS (EMBALL\u00c9)<\/th>\n<\/tr>\n<tr>\n<td>Hauteur (Exp\u00e9dition)<\/td>\n<td>85.2 cm<\/td>\n<\/tr>\n<tr>\n<td>Largeur (emball\u00e9e)<\/td>\n<td>142.5 cm<\/td>\n<\/tr>\n<tr>\n<td>Profondeur (emball\u00e9e)<\/td>\n<td>18.4 cm<\/td>\n<\/tr>\n<tr>\n<td>Poids (Exp\u00e9dition)<\/td>\n<td>24.8 kg<\/td>\n<\/tr>\n<tr>\n<th colspan=\"2\">DIVERS<\/th>\n<\/tr>\n<tr>\n<td>Accessoires inclus<\/td>\n<td>Piles<\/td>\n<\/tr>\n<tr>\n<th colspan=\"2\">ATTRIBUTS DE RECHERCHE<\/th>\n<\/tr>\n<tr>\n<td>Multim\u00e9dia r\u00e9seau et Internet|Connectivit\u00e9<\/td>\n<td>Bluetooth<br \/>\nLAN<br \/>\nWi-Fi<\/td>\n<\/tr>\n<tr>\n<td>T\u00e9l\u00e9vision|Compatible HDR<\/td>\n<td>Oui<\/td>\n<\/tr>\n<tr>\n<th colspan=\"2\">DIMENSIONS &amp; POIDS \u2013 D\u00c9TAILS<\/th>\n<\/tr>\n<tr>\n<td>Dimensions &amp; Poids \u2013 D\u00e9tails<\/td>\n<td>Panneau sans support au sol \u2013 122.52 cm x 9.72 cm x 71.05 cm x 17.7 kg<br \/>\nPanneau avec support au sol \u2013 122.52 cm x 33.77 cm x 78.86 cm x 19.5 kg<\/td>\n<\/tr>\n<tr>\n<th colspan=\"2\">INTERNET DES OBJETS (IDO)<\/th>\n<\/tr>\n<tr>\n<td>Plateforme<\/td>\n<td>SmartThings<\/td>\n<\/tr>\n<tr>\n<td>Compatible avec l\u2019Internet des objets (IdO)<\/td>\n<td>Oui<\/td>\n<\/tr>\n<\/tbody>\n<\/table>\n","protected":false},"featured_media":15480,"comment_status":"open","ping_status":"closed","template":"","meta":[],"product_cat":[236],"product_tag":[],"class_list":{"0":"post-9557","1":"product","2":"type-product","3":"status-publish","4":"has-post-thumbnail","6":"product_cat-televiseurs","8":"first","9":"instock","10":"shipping-taxable","11":"purchasable","12":"product-type-simple","13":"col-xs-6 col-sm-4","14":"col-md-3 col-lg-3","15":"un-4-cols"},"yoast_head":"<!-- This site is optimized with the Yoast SEO plugin v27.0 - https:\/\/yoast.com\/product\/yoast-seo-wordpress\/ -->\n<title>samsung-ue55nu8505txxc-tv-led-4k-uhd-138-cm-55-ecran-incurve-smart-tv<\/title>\n<meta name=\"description\" content=\"samsung-ue55nu8505txxc-tv-led-4k-uhd-138-cm-55-ecran-incurve-smart-tv-2700-pqi-4-x-hdmi-2-x-usb-classe-energetique-a\" \/>\n<meta name=\"robots\" content=\"index, follow, max-snippet:-1, max-image-preview:large, max-video-preview:-1\" \/>\n<link rel=\"canonical\" href=\"https:\/\/eurosdiscounts.com\/index.php\/produit\/samsung-ue55nu8505txxc-tv-led-4k-uhd-138-cm-55-ecran-incurve-smart-tv-2700-pqi-4-x-hdmi-2-x-usb-classe-energetique-a\/\" \/>\n<meta property=\"og:locale\" content=\"fr_FR\" \/>\n<meta property=\"og:type\" content=\"article\" \/>\n<meta property=\"og:title\" content=\"samsung-ue55nu8505txxc-tv-led-4k-uhd-138-cm-55-ecran-incurve-smart-tv\" \/>\n<meta property=\"og:description\" content=\"samsung-ue55nu8505txxc-tv-led-4k-uhd-138-cm-55-ecran-incurve-smart-tv-2700-pqi-4-x-hdmi-2-x-usb-classe-energetique-a\" \/>\n<meta property=\"og:url\" content=\"https:\/\/eurosdiscounts.com\/index.php\/produit\/samsung-ue55nu8505txxc-tv-led-4k-uhd-138-cm-55-ecran-incurve-smart-tv-2700-pqi-4-x-hdmi-2-x-usb-classe-energetique-a\/\" \/>\n<meta property=\"og:site_name\" content=\"Eurosdiscounts.com- Achat sur Internet a prix discount, Canap\u00e9s pas cher, Smartphone pas cher, pc portable pas cher..\" \/>\n<meta property=\"og:image\" content=\"https:\/\/eurosdiscounts.com\/wp-content\/uploads\/2019\/11\/c-55.jpg\" \/>\n\t<meta property=\"og:image:width\" content=\"700\" \/>\n\t<meta property=\"og:image:height\" content=\"700\" \/>\n\t<meta property=\"og:image:type\" content=\"image\/jpeg\" \/>\n<meta name=\"twitter:card\" content=\"summary_large_image\" \/>\n<script type=\"application\/ld+json\" class=\"yoast-schema-graph\">{\"@context\":\"https:\/\/schema.org\",\"@graph\":[{\"@type\":\"WebPage\",\"@id\":\"https:\/\/eurosdiscounts.com\/index.php\/produit\/samsung-ue55nu8505txxc-tv-led-4k-uhd-138-cm-55-ecran-incurve-smart-tv-2700-pqi-4-x-hdmi-2-x-usb-classe-energetique-a\/\",\"url\":\"https:\/\/eurosdiscounts.com\/index.php\/produit\/samsung-ue55nu8505txxc-tv-led-4k-uhd-138-cm-55-ecran-incurve-smart-tv-2700-pqi-4-x-hdmi-2-x-usb-classe-energetique-a\/\",\"name\":\"samsung-ue55nu8505txxc-tv-led-4k-uhd-138-cm-55-ecran-incurve-smart-tv\",\"isPartOf\":{\"@id\":\"https:\/\/eurosdiscounts.com\/#website\"},\"primaryImageOfPage\":{\"@id\":\"https:\/\/eurosdiscounts.com\/index.php\/produit\/samsung-ue55nu8505txxc-tv-led-4k-uhd-138-cm-55-ecran-incurve-smart-tv-2700-pqi-4-x-hdmi-2-x-usb-classe-energetique-a\/#primaryimage\"},\"image\":{\"@id\":\"https:\/\/eurosdiscounts.com\/index.php\/produit\/samsung-ue55nu8505txxc-tv-led-4k-uhd-138-cm-55-ecran-incurve-smart-tv-2700-pqi-4-x-hdmi-2-x-usb-classe-energetique-a\/#primaryimage\"},\"thumbnailUrl\":\"https:\/\/eurosdiscounts.com\/wp-content\/uploads\/2019\/11\/c-55.jpg\",\"datePublished\":\"2019-11-22T21:58:48+00:00\",\"description\":\"samsung-ue55nu8505txxc-tv-led-4k-uhd-138-cm-55-ecran-incurve-smart-tv-2700-pqi-4-x-hdmi-2-x-usb-classe-energetique-a\",\"breadcrumb\":{\"@id\":\"https:\/\/eurosdiscounts.com\/index.php\/produit\/samsung-ue55nu8505txxc-tv-led-4k-uhd-138-cm-55-ecran-incurve-smart-tv-2700-pqi-4-x-hdmi-2-x-usb-classe-energetique-a\/#breadcrumb\"},\"inLanguage\":\"fr-FR\",\"potentialAction\":[{\"@type\":\"ReadAction\",\"target\":[\"https:\/\/eurosdiscounts.com\/index.php\/produit\/samsung-ue55nu8505txxc-tv-led-4k-uhd-138-cm-55-ecran-incurve-smart-tv-2700-pqi-4-x-hdmi-2-x-usb-classe-energetique-a\/\"]}]},{\"@type\":\"ImageObject\",\"inLanguage\":\"fr-FR\",\"@id\":\"https:\/\/eurosdiscounts.com\/index.php\/produit\/samsung-ue55nu8505txxc-tv-led-4k-uhd-138-cm-55-ecran-incurve-smart-tv-2700-pqi-4-x-hdmi-2-x-usb-classe-energetique-a\/#primaryimage\",\"url\":\"https:\/\/eurosdiscounts.com\/wp-content\/uploads\/2019\/11\/c-55.jpg\",\"contentUrl\":\"https:\/\/eurosdiscounts.com\/wp-content\/uploads\/2019\/11\/c-55.jpg\",\"width\":700,\"height\":700},{\"@type\":\"BreadcrumbList\",\"@id\":\"https:\/\/eurosdiscounts.com\/index.php\/produit\/samsung-ue55nu8505txxc-tv-led-4k-uhd-138-cm-55-ecran-incurve-smart-tv-2700-pqi-4-x-hdmi-2-x-usb-classe-energetique-a\/#breadcrumb\",\"itemListElement\":[{\"@type\":\"ListItem\",\"position\":1,\"name\":\"Accueil\",\"item\":\"https:\/\/eurosdiscounts.com\/\"},{\"@type\":\"ListItem\",\"position\":2,\"name\":\"Boutique\",\"item\":\"https:\/\/eurosdiscounts.com\/index.php\/boutique\/\"},{\"@type\":\"ListItem\",\"position\":3,\"name\":\"SAMSUNG UE55NU8505TXXC TV LED 4K UHD 138 cm (55&Prime;) &#8211; ECRAN INCURVE &#8211; SMART TV &#8211; 2700 PQI &#8211; 4 x HDMI &#8211; 2 x USB &#8211; Classe \u00e9nerg\u00e9tique A\"}]},{\"@type\":\"WebSite\",\"@id\":\"https:\/\/eurosdiscounts.com\/#website\",\"url\":\"https:\/\/eurosdiscounts.com\/\",\"name\":\"Eurosdiscounts.com- Achat sur Internet a prix discount, Canap\u00e9s pas cher, Smartphone pas cher, pc portable pas cher..\",\"description\":\"Eurosdiscounts.com- Achat sur Internet a prix discount, Canap\u00e9s pas cher, Smartphone pas cher, pc portable pas cher..\",\"potentialAction\":[{\"@type\":\"SearchAction\",\"target\":{\"@type\":\"EntryPoint\",\"urlTemplate\":\"https:\/\/eurosdiscounts.com\/?s={search_term_string}\"},\"query-input\":{\"@type\":\"PropertyValueSpecification\",\"valueRequired\":true,\"valueName\":\"search_term_string\"}}],\"inLanguage\":\"fr-FR\"}]}<\/script>\n<!-- \/ Yoast SEO plugin. -->","yoast_head_json":{"title":"samsung-ue55nu8505txxc-tv-led-4k-uhd-138-cm-55-ecran-incurve-smart-tv","description":"samsung-ue55nu8505txxc-tv-led-4k-uhd-138-cm-55-ecran-incurve-smart-tv-2700-pqi-4-x-hdmi-2-x-usb-classe-energetique-a","robots":{"index":"index","follow":"follow","max-snippet":"max-snippet:-1","max-image-preview":"max-image-preview:large","max-video-preview":"max-video-preview:-1"},"canonical":"https:\/\/eurosdiscounts.com\/index.php\/produit\/samsung-ue55nu8505txxc-tv-led-4k-uhd-138-cm-55-ecran-incurve-smart-tv-2700-pqi-4-x-hdmi-2-x-usb-classe-energetique-a\/","og_locale":"fr_FR","og_type":"article","og_title":"samsung-ue55nu8505txxc-tv-led-4k-uhd-138-cm-55-ecran-incurve-smart-tv","og_description":"samsung-ue55nu8505txxc-tv-led-4k-uhd-138-cm-55-ecran-incurve-smart-tv-2700-pqi-4-x-hdmi-2-x-usb-classe-energetique-a","og_url":"https:\/\/eurosdiscounts.com\/index.php\/produit\/samsung-ue55nu8505txxc-tv-led-4k-uhd-138-cm-55-ecran-incurve-smart-tv-2700-pqi-4-x-hdmi-2-x-usb-classe-energetique-a\/","og_site_name":"Eurosdiscounts.com- Achat sur Internet a prix discount, Canap\u00e9s pas cher, Smartphone pas cher, pc portable pas cher..","og_image":[{"width":700,"height":700,"url":"https:\/\/eurosdiscounts.com\/wp-content\/uploads\/2019\/11\/c-55.jpg","type":"image\/jpeg"}],"twitter_card":"summary_large_image","schema":{"@context":"https:\/\/schema.org","@graph":[{"@type":"WebPage","@id":"https:\/\/eurosdiscounts.com\/index.php\/produit\/samsung-ue55nu8505txxc-tv-led-4k-uhd-138-cm-55-ecran-incurve-smart-tv-2700-pqi-4-x-hdmi-2-x-usb-classe-energetique-a\/","url":"https:\/\/eurosdiscounts.com\/index.php\/produit\/samsung-ue55nu8505txxc-tv-led-4k-uhd-138-cm-55-ecran-incurve-smart-tv-2700-pqi-4-x-hdmi-2-x-usb-classe-energetique-a\/","name":"samsung-ue55nu8505txxc-tv-led-4k-uhd-138-cm-55-ecran-incurve-smart-tv","isPartOf":{"@id":"https:\/\/eurosdiscounts.com\/#website"},"primaryImageOfPage":{"@id":"https:\/\/eurosdiscounts.com\/index.php\/produit\/samsung-ue55nu8505txxc-tv-led-4k-uhd-138-cm-55-ecran-incurve-smart-tv-2700-pqi-4-x-hdmi-2-x-usb-classe-energetique-a\/#primaryimage"},"image":{"@id":"https:\/\/eurosdiscounts.com\/index.php\/produit\/samsung-ue55nu8505txxc-tv-led-4k-uhd-138-cm-55-ecran-incurve-smart-tv-2700-pqi-4-x-hdmi-2-x-usb-classe-energetique-a\/#primaryimage"},"thumbnailUrl":"https:\/\/eurosdiscounts.com\/wp-content\/uploads\/2019\/11\/c-55.jpg","datePublished":"2019-11-22T21:58:48+00:00","description":"samsung-ue55nu8505txxc-tv-led-4k-uhd-138-cm-55-ecran-incurve-smart-tv-2700-pqi-4-x-hdmi-2-x-usb-classe-energetique-a","breadcrumb":{"@id":"https:\/\/eurosdiscounts.com\/index.php\/produit\/samsung-ue55nu8505txxc-tv-led-4k-uhd-138-cm-55-ecran-incurve-smart-tv-2700-pqi-4-x-hdmi-2-x-usb-classe-energetique-a\/#breadcrumb"},"inLanguage":"fr-FR","potentialAction":[{"@type":"ReadAction","target":["https:\/\/eurosdiscounts.com\/index.php\/produit\/samsung-ue55nu8505txxc-tv-led-4k-uhd-138-cm-55-ecran-incurve-smart-tv-2700-pqi-4-x-hdmi-2-x-usb-classe-energetique-a\/"]}]},{"@type":"ImageObject","inLanguage":"fr-FR","@id":"https:\/\/eurosdiscounts.com\/index.php\/produit\/samsung-ue55nu8505txxc-tv-led-4k-uhd-138-cm-55-ecran-incurve-smart-tv-2700-pqi-4-x-hdmi-2-x-usb-classe-energetique-a\/#primaryimage","url":"https:\/\/eurosdiscounts.com\/wp-content\/uploads\/2019\/11\/c-55.jpg","contentUrl":"https:\/\/eurosdiscounts.com\/wp-content\/uploads\/2019\/11\/c-55.jpg","width":700,"height":700},{"@type":"BreadcrumbList","@id":"https:\/\/eurosdiscounts.com\/index.php\/produit\/samsung-ue55nu8505txxc-tv-led-4k-uhd-138-cm-55-ecran-incurve-smart-tv-2700-pqi-4-x-hdmi-2-x-usb-classe-energetique-a\/#breadcrumb","itemListElement":[{"@type":"ListItem","position":1,"name":"Accueil","item":"https:\/\/eurosdiscounts.com\/"},{"@type":"ListItem","position":2,"name":"Boutique","item":"https:\/\/eurosdiscounts.com\/index.php\/boutique\/"},{"@type":"ListItem","position":3,"name":"SAMSUNG UE55NU8505TXXC TV LED 4K UHD 138 cm (55&Prime;) &#8211; ECRAN INCURVE &#8211; SMART TV &#8211; 2700 PQI &#8211; 4 x HDMI &#8211; 2 x USB &#8211; Classe \u00e9nerg\u00e9tique A"}]},{"@type":"WebSite","@id":"https:\/\/eurosdiscounts.com\/#website","url":"https:\/\/eurosdiscounts.com\/","name":"Eurosdiscounts.com- Achat sur Internet a prix discount, Canap\u00e9s pas cher, Smartphone pas cher, pc portable pas cher..","description":"Eurosdiscounts.com- Achat sur Internet a prix discount, Canap\u00e9s pas cher, Smartphone pas cher, pc portable pas cher..","potentialAction":[{"@type":"SearchAction","target":{"@type":"EntryPoint","urlTemplate":"https:\/\/eurosdiscounts.com\/?s={search_term_string}"},"query-input":{"@type":"PropertyValueSpecification","valueRequired":true,"valueName":"search_term_string"}}],"inLanguage":"fr-FR"}]}},"_links":{"self":[{"href":"https:\/\/eurosdiscounts.com\/index.php\/wp-json\/wp\/v2\/product\/9557","targetHints":{"allow":["GET"]}}],"collection":[{"href":"https:\/\/eurosdiscounts.com\/index.php\/wp-json\/wp\/v2\/product"}],"about":[{"href":"https:\/\/eurosdiscounts.com\/index.php\/wp-json\/wp\/v2\/types\/product"}],"replies":[{"embeddable":true,"href":"https:\/\/eurosdiscounts.com\/index.php\/wp-json\/wp\/v2\/comments?post=9557"}],"wp:featuredmedia":[{"embeddable":true,"href":"https:\/\/eurosdiscounts.com\/index.php\/wp-json\/wp\/v2\/media\/15480"}],"wp:attachment":[{"href":"https:\/\/eurosdiscounts.com\/index.php\/wp-json\/wp\/v2\/media?parent=9557"}],"wp:term":[{"taxonomy":"product_cat","embeddable":true,"href":"https:\/\/eurosdiscounts.com\/index.php\/wp-json\/wp\/v2\/product_cat?post=9557"},{"taxonomy":"product_tag","embeddable":true,"href":"https:\/\/eurosdiscounts.com\/index.php\/wp-json\/wp\/v2\/product_tag?post=9557"}],"curies":[{"name":"wp","href":"https:\/\/api.w.org\/{rel}","templated":true}]}}