{"id":9553,"date":"2019-11-22T22:48:33","date_gmt":"2019-11-22T21:48:33","guid":{"rendered":"https:\/\/smartsdiscount.com\/?post_type=product&amp;p=9553"},"modified":"2023-03-28T23:05:06","modified_gmt":"2023-03-28T21:05:06","slug":"continental-edison-tv-led-hd-32-80-cm-smart-tv-resolution-k41366-x-768-wi-fi-netflix-you-tube-2x-hdmi-1x-usb","status":"publish","type":"product","link":"https:\/\/eurosdiscounts.com\/index.php\/produit\/continental-edison-tv-led-hd-32-80-cm-smart-tv-resolution-k41366-x-768-wi-fi-netflix-you-tube-2x-hdmi-1x-usb\/","title":{"rendered":"CONTINENTAL EDISON TV LED HD 32&prime; (80 cm) &#8211; Smart TV &#8211; R\u00e9solution k41366 x 768 &#8211; Wi-Fi, Netflix, You Tube &#8211; 2x HDMI, 1x USB"},"content":{"rendered":"<p><span class=\"fpBlocTitle\">Les points forts :<\/span><\/p>\n<ul>\n<li>R\u00e9tro\u00e9clairage par LED<\/li>\n<li>Format d\u2019affichage : 720p<\/li>\n<li>R\u00e9solution : 1366 x 768<\/li>\n<li>Technologie d\u2019am\u00e9lioration du mouvement : 60 Hz Refresh Rate<\/li>\n<li>Qt\u00e9 de ports HDMI : 2 ports<\/li>\n<\/ul>\n<div class=\"jsFpBulletPointMore\">\n<ul>\n<li>Tuner TV num\u00e9rique : DVB-C, DVB-S, DVB-S2, DVB-T, DVB-T2<\/li>\n<li>Interface vid\u00e9o : Composite, HDMI<\/li>\n<\/ul>\n<\/div>\n<p>&nbsp;<\/p>\n","protected":false},"excerpt":{"rendered":"<table class=\"fpDescTb fpDescTbPub\">\n<tbody>\n<tr>\n<th colspan=\"2\">INFORMATIONS G\u00c9N\u00c9RALES SUR LE PRODUIT<\/th>\n<\/tr>\n<tr>\n<td>Marque<\/td>\n<td><a title=\"CONTINENTAL EDISON\" href=\"https:\/\/www.cdiscount.com\/m-142-continental-edison.html\" data-link=\"SFP-ZBN-TNO-DPM\">CONTINENTAL EDISON<\/a><\/td>\n<\/tr>\n<tr>\n<td>Nom du produit<\/td>\n<td>CONTINENTAL EDISON TV LED HD 32\u2032 (80 cm) \u2013 Smart T<\/td>\n<\/tr>\n<tr>\n<td>Cat\u00e9gorie<\/td>\n<td>T\u00e9l\u00e9viseur LED<\/td>\n<\/tr>\n<tr>\n<th colspan=\"2\">G\u00c9N\u00c9RAL<\/th>\n<\/tr>\n<tr>\n<td>Type de Produit<\/td>\n<td>TV LCD avec r\u00e9tro\u00e9clairage par LED \u2013 Smart TV<\/td>\n<\/tr>\n<tr>\n<td>Qt\u00e9 de ports HDMI<\/td>\n<td>2 ports<\/td>\n<\/tr>\n<tr>\n<td>Interface vid\u00e9o<\/td>\n<td>Composite, HDMI<\/td>\n<\/tr>\n<tr>\n<td>Consommation \u00e9lectrique en mode marche<\/td>\n<td>31 Watt<\/td>\n<\/tr>\n<tr>\n<td>Dimensions<\/td>\n<td>Sans support<\/td>\n<\/tr>\n<tr>\n<td>Largeur<\/td>\n<td>73.21 cm<\/td>\n<\/tr>\n<tr>\n<td>Hauteur<\/td>\n<td>43.5 cm<\/td>\n<\/tr>\n<tr>\n<td>Profondeur<\/td>\n<td>7.98 cm<\/td>\n<\/tr>\n<tr>\n<td>Poids<\/td>\n<td>4.2 kg<\/td>\n<\/tr>\n<tr>\n<td>Consommation d\u2019\u00e9nergie annuelle<\/td>\n<td>46 kWh<\/td>\n<\/tr>\n<tr>\n<td>Classe de diagonale<\/td>\n<td>32\u2033<\/td>\n<\/tr>\n<tr>\n<td>Classe \u00e9nerg\u00e9tique<\/td>\n<td>Classe A+<\/td>\n<\/tr>\n<tr>\n<td>Pr\u00e9sence de syntonisateur TV<\/td>\n<td>Oui<\/td>\n<\/tr>\n<tr>\n<td>Environnement<\/td>\n<td>Usage interne<\/td>\n<\/tr>\n<tr>\n<th colspan=\"2\">AFFICHAGE<\/th>\n<\/tr>\n<tr>\n<td>Technologie de r\u00e9tro\u00e9clairage LCD<\/td>\n<td>R\u00e9tro\u00e9clairage par LED<\/td>\n<\/tr>\n<tr>\n<td>Technologie d\u2019am\u00e9lioration du mouvement<\/td>\n<td>60 Hz Refresh Rate<\/td>\n<\/tr>\n<tr>\n<td>R\u00e9solution<\/td>\n<td>1366 x 768<\/td>\n<\/tr>\n<tr>\n<td>Luminosit\u00e9<\/td>\n<td>220 cd\/m\u00b2<\/td>\n<\/tr>\n<tr>\n<td>Rapport de contraste d\u2019image<\/td>\n<td>3000:1<\/td>\n<\/tr>\n<tr>\n<td>Angle de visualisation<\/td>\n<td>178 degr\u00e9s<\/td>\n<\/tr>\n<tr>\n<td>Angle de vue (vertical)<\/td>\n<td>178 degr\u00e9s<\/td>\n<\/tr>\n<tr>\n<td>Format d\u2019affichage<\/td>\n<td>720p<\/td>\n<\/tr>\n<tr>\n<td>Fonctions commerciales<\/td>\n<td>Mode hotel<\/td>\n<\/tr>\n<tr>\n<td>Temps de r\u00e9ponse<\/td>\n<td>6.5 ms<\/td>\n<\/tr>\n<tr>\n<td>Fonctions suppl\u00e9mentaires<\/td>\n<td>Advanced Video Function (AVF), Advanced Audio Function (AAF), PVR Ready<\/td>\n<\/tr>\n<tr>\n<td>Format de l\u2019image<\/td>\n<td>16:9<\/td>\n<\/tr>\n<tr>\n<th colspan=\"2\">CONNEXIONS<\/th>\n<\/tr>\n<tr>\n<td>Type de connecteur<\/td>\n<td>2 x HDMI<br \/>\nEntr\u00e9e audio\/vid\u00e9o composite<br \/>\n2 x USB 2.0<br \/>\nSortie audio num\u00e9rique (coaxial)<br \/>\nCasque<br \/>\nLAN<\/td>\n<\/tr>\n<tr>\n<th colspan=\"2\">TUNER DE T\u00c9L\u00c9VISION<\/th>\n<\/tr>\n<tr>\n<td>Tuner TV analogique<\/td>\n<td>PAL, SECAM<\/td>\n<\/tr>\n<tr>\n<td>Acc\u00e8s conditionnel<\/td>\n<td>Logement Common Interface Plus (CI+)<\/td>\n<\/tr>\n<tr>\n<th colspan=\"2\">TUNER TV NUM\u00c9RIQUE<\/th>\n<\/tr>\n<tr>\n<td>Tuner TV num\u00e9rique<\/td>\n<td>DVB-C, DVB-S, DVB-S2, DVB-T, DVB-T2<\/td>\n<\/tr>\n<tr>\n<td>Service de t\u00e9l\u00e9vision num\u00e9rique<\/td>\n<td>TNT<\/td>\n<\/tr>\n<tr>\n<th colspan=\"2\">FONCTIONNALIT\u00c9S VID\u00c9O<\/th>\n<\/tr>\n<tr>\n<td>T\u00e9l\u00e9texte<\/td>\n<td>Oui<\/td>\n<\/tr>\n<tr>\n<td>Signaux d\u2019entr\u00e9e vid\u00e9o analogique<\/td>\n<td>NTSC, PAL, SECAM<\/td>\n<\/tr>\n<tr>\n<td>Verrouillage de chaines par les parents<\/td>\n<td>Oui<\/td>\n<\/tr>\n<tr>\n<td>Guide \u00e9lectronique des programmes<\/td>\n<td>EPG num\u00e9rique<\/td>\n<\/tr>\n<tr>\n<th colspan=\"2\">LECTEUR MULTIM\u00c9DIA<\/th>\n<\/tr>\n<tr>\n<td>Port USB<\/td>\n<td>Oui<\/td>\n<\/tr>\n<tr>\n<td>Formats audio pris en charge<\/td>\n<td>MP3, AC3, AAC<\/td>\n<\/tr>\n<tr>\n<td>Formats d\u2019images pris en charge<\/td>\n<td>BMP, JPG, PNG, JPEG<\/td>\n<\/tr>\n<tr>\n<td>Formats vid\u00e9o pris en charge<\/td>\n<td>MPEG-2, MPEG-4, WMV, AVI, MKV, VOB, TS, H.264, VC-1, DAT, MPG, H.265<\/td>\n<\/tr>\n<tr>\n<td>Capacit\u00e9 du lecteur de stockage<\/td>\n<td>4 Go<\/td>\n<\/tr>\n<tr>\n<td>Syst\u00e8me d\u2019exploitation<\/td>\n<td>Linux<\/td>\n<\/tr>\n<tr>\n<td>Qt\u00e9 de ports USB<\/td>\n<td>2<\/td>\n<\/tr>\n<tr>\n<th colspan=\"2\">SYST\u00c8ME AUDIO<\/th>\n<\/tr>\n<tr>\n<td>Syst\u00e8me de haut-parleurs<\/td>\n<td>2 haut-parleurs<\/td>\n<\/tr>\n<tr>\n<td>Alimentation en sortie \/ Total<\/td>\n<td>10 Watt<\/td>\n<\/tr>\n<tr>\n<td>Format audio num\u00e9rique<\/td>\n<td>Sortie num\u00e9rique Dolby<\/td>\n<\/tr>\n<tr>\n<td>Haut-parleurs<\/td>\n<td>2 x haut-parleur \u00e0 canal principal \u2013 int\u00e9gr\u00e9 \u2013 5 Watt<\/td>\n<\/tr>\n<tr>\n<th colspan=\"2\">MULTIM\u00c9DIA R\u00c9SEAU ET INTERNET<\/th>\n<\/tr>\n<tr>\n<td>Fonctionnalit\u00e9s<\/td>\n<td>Navigation WEB<\/td>\n<\/tr>\n<tr>\n<td>Connectivit\u00e9<\/td>\n<td>Wi-Fi, LAN<\/td>\n<\/tr>\n<tr>\n<td>Services de diffusion en streaming sur Internet<\/td>\n<td>Netflix, YouTube, AccuWeather, TuneIn, Viewster, iFood.tv, Chili, HappyKids.tv, ducktv, Euronews, Filmbox Live<\/td>\n<\/tr>\n<tr>\n<td>DLNA<\/td>\n<td>Oui<\/td>\n<\/tr>\n<tr>\n<td>Protocole WiFi<\/td>\n<td>802.11b, 802.11g, 802.11n<\/td>\n<\/tr>\n<tr>\n<td>Connecter &amp; partager<\/td>\n<td>Wi-Fi Miracast<\/td>\n<\/tr>\n<tr>\n<th colspan=\"2\">T\u00c9L\u00c9COMMANDE<\/th>\n<\/tr>\n<tr>\n<td>Type<\/td>\n<td>T\u00e9l\u00e9commande standard<\/td>\n<\/tr>\n<tr>\n<td>Facteur de forme de batterie<\/td>\n<td>Type AAA<\/td>\n<\/tr>\n<tr>\n<td>Quantit\u00e9 de batterie incluse<\/td>\n<td>2<\/td>\n<\/tr>\n<tr>\n<td>Quantit\u00e9 de batterie n\u00e9cessaire<\/td>\n<td>2<\/td>\n<\/tr>\n<tr>\n<th colspan=\"2\">ALIMENTATION<\/th>\n<\/tr>\n<tr>\n<td>P\u00e9riph\u00e9rique d\u2019alimentation<\/td>\n<td>Alimentation \u00e9lectrique<\/td>\n<\/tr>\n<tr>\n<td>Tension nominale<\/td>\n<td>CA 120\/230 V<\/td>\n<\/tr>\n<tr>\n<td>Consommation \u00e9lectrique en mode d\u2019attente<\/td>\n<td>0.5 Watt<\/td>\n<\/tr>\n<tr>\n<td>Commutateur marche\/arr\u00eat<\/td>\n<td>Non<\/td>\n<\/tr>\n<tr>\n<th colspan=\"2\">SUPPORTS ET SYST\u00c8MES DE MONTAGE<\/th>\n<\/tr>\n<tr>\n<td>Pied<\/td>\n<td>Inclus<\/td>\n<\/tr>\n<tr>\n<td>Type de support<\/td>\n<td>De table<\/td>\n<\/tr>\n<tr>\n<td>Interface de montage VESA<\/td>\n<td>100 x 100 mm<\/td>\n<\/tr>\n<tr>\n<th colspan=\"2\">DIMENSIONS ET POIDS (EMBALL\u00c9)<\/th>\n<\/tr>\n<tr>\n<td>Hauteur (Exp\u00e9dition)<\/td>\n<td>52 cm<\/td>\n<\/tr>\n<tr>\n<td>Largeur (emball\u00e9e)<\/td>\n<td>80 cm<\/td>\n<\/tr>\n<tr>\n<td>Profondeur (emball\u00e9e)<\/td>\n<td>12.8 cm<\/td>\n<\/tr>\n<tr>\n<td>Poids (Exp\u00e9dition)<\/td>\n<td>6.2 kg<\/td>\n<\/tr>\n<tr>\n<th colspan=\"2\">GARANTIE DU FABRICANT<\/th>\n<\/tr>\n<tr>\n<td>Service et maintenance<\/td>\n<td>Garantie limit\u00e9e \u2013 2 ans<\/td>\n<\/tr>\n<tr>\n<th colspan=\"2\">ATTRIBUTS DE RECHERCHE<\/th>\n<\/tr>\n<tr>\n<td>Multim\u00e9dia r\u00e9seau et Internet|Connectivit\u00e9<\/td>\n<td>LAN<br \/>\nWi-Fi<\/td>\n<\/tr>\n<tr>\n<th colspan=\"2\">DIMENSIONS &amp; POIDS \u2013 D\u00c9TAILS<\/th>\n<\/tr>\n<tr>\n<td>Dimensions &amp; Poids \u2013 D\u00e9tails<\/td>\n<td>Panneau sans support au sol \u2013 73.21 cm x 7.98 cm x 43.5 cm x 4.2 kg<br \/>\nPanneau avec support au sol \u2013 73.21 cm x 18.06 cm x 48.36 cm x 5.6 kg<\/td>\n<\/tr>\n<\/tbody>\n<\/table>\n","protected":false},"featured_media":15485,"comment_status":"open","ping_status":"closed","template":"","meta":[],"product_cat":[236],"product_tag":[],"class_list":{"0":"post-9553","1":"product","2":"type-product","3":"status-publish","4":"has-post-thumbnail","6":"product_cat-televiseurs","8":"first","9":"instock","10":"shipping-taxable","11":"purchasable","12":"product-type-simple","13":"col-xs-6 col-sm-4","14":"col-md-3 col-lg-3","15":"un-4-cols"},"yoast_head":"<!-- This site is optimized with the Yoast SEO plugin v27.0 - https:\/\/yoast.com\/product\/yoast-seo-wordpress\/ -->\n<title>continental-edison-tv-led-hd-32-80-cm-smart-tv-resolution<\/title>\n<meta name=\"description\" content=\"continental-edison-tv-led-hd-32-80-cm-smart-tv-resolution-k41366-x-768-wi-fi-netflix-you-tube-2x-hdmi-1x-usb\" \/>\n<meta name=\"robots\" content=\"index, follow, max-snippet:-1, max-image-preview:large, max-video-preview:-1\" \/>\n<link rel=\"canonical\" href=\"https:\/\/eurosdiscounts.com\/index.php\/produit\/continental-edison-tv-led-hd-32-80-cm-smart-tv-resolution-k41366-x-768-wi-fi-netflix-you-tube-2x-hdmi-1x-usb\/\" \/>\n<meta property=\"og:locale\" content=\"fr_FR\" \/>\n<meta property=\"og:type\" content=\"article\" \/>\n<meta property=\"og:title\" content=\"continental-edison-tv-led-hd-32-80-cm-smart-tv-resolution\" \/>\n<meta property=\"og:description\" content=\"continental-edison-tv-led-hd-32-80-cm-smart-tv-resolution-k41366-x-768-wi-fi-netflix-you-tube-2x-hdmi-1x-usb\" \/>\n<meta property=\"og:url\" content=\"https:\/\/eurosdiscounts.com\/index.php\/produit\/continental-edison-tv-led-hd-32-80-cm-smart-tv-resolution-k41366-x-768-wi-fi-netflix-you-tube-2x-hdmi-1x-usb\/\" \/>\n<meta property=\"og:site_name\" content=\"Eurosdiscounts.com- Achat sur Internet a prix discount, Canap\u00e9s pas cher, Smartphone pas cher, pc portable pas cher..\" \/>\n<meta property=\"article:modified_time\" content=\"2023-03-28T21:05:06+00:00\" \/>\n<meta property=\"og:image\" content=\"https:\/\/eurosdiscounts.com\/wp-content\/uploads\/2019\/11\/c-56.jpg\" \/>\n\t<meta property=\"og:image:width\" content=\"700\" \/>\n\t<meta property=\"og:image:height\" content=\"700\" \/>\n\t<meta property=\"og:image:type\" content=\"image\/jpeg\" \/>\n<meta name=\"twitter:card\" content=\"summary_large_image\" \/>\n<script type=\"application\/ld+json\" class=\"yoast-schema-graph\">{\"@context\":\"https:\/\/schema.org\",\"@graph\":[{\"@type\":\"WebPage\",\"@id\":\"https:\/\/eurosdiscounts.com\/index.php\/produit\/continental-edison-tv-led-hd-32-80-cm-smart-tv-resolution-k41366-x-768-wi-fi-netflix-you-tube-2x-hdmi-1x-usb\/\",\"url\":\"https:\/\/eurosdiscounts.com\/index.php\/produit\/continental-edison-tv-led-hd-32-80-cm-smart-tv-resolution-k41366-x-768-wi-fi-netflix-you-tube-2x-hdmi-1x-usb\/\",\"name\":\"continental-edison-tv-led-hd-32-80-cm-smart-tv-resolution\",\"isPartOf\":{\"@id\":\"https:\/\/eurosdiscounts.com\/#website\"},\"primaryImageOfPage\":{\"@id\":\"https:\/\/eurosdiscounts.com\/index.php\/produit\/continental-edison-tv-led-hd-32-80-cm-smart-tv-resolution-k41366-x-768-wi-fi-netflix-you-tube-2x-hdmi-1x-usb\/#primaryimage\"},\"image\":{\"@id\":\"https:\/\/eurosdiscounts.com\/index.php\/produit\/continental-edison-tv-led-hd-32-80-cm-smart-tv-resolution-k41366-x-768-wi-fi-netflix-you-tube-2x-hdmi-1x-usb\/#primaryimage\"},\"thumbnailUrl\":\"https:\/\/eurosdiscounts.com\/wp-content\/uploads\/2019\/11\/c-56.jpg\",\"datePublished\":\"2019-11-22T21:48:33+00:00\",\"dateModified\":\"2023-03-28T21:05:06+00:00\",\"description\":\"continental-edison-tv-led-hd-32-80-cm-smart-tv-resolution-k41366-x-768-wi-fi-netflix-you-tube-2x-hdmi-1x-usb\",\"breadcrumb\":{\"@id\":\"https:\/\/eurosdiscounts.com\/index.php\/produit\/continental-edison-tv-led-hd-32-80-cm-smart-tv-resolution-k41366-x-768-wi-fi-netflix-you-tube-2x-hdmi-1x-usb\/#breadcrumb\"},\"inLanguage\":\"fr-FR\",\"potentialAction\":[{\"@type\":\"ReadAction\",\"target\":[\"https:\/\/eurosdiscounts.com\/index.php\/produit\/continental-edison-tv-led-hd-32-80-cm-smart-tv-resolution-k41366-x-768-wi-fi-netflix-you-tube-2x-hdmi-1x-usb\/\"]}]},{\"@type\":\"ImageObject\",\"inLanguage\":\"fr-FR\",\"@id\":\"https:\/\/eurosdiscounts.com\/index.php\/produit\/continental-edison-tv-led-hd-32-80-cm-smart-tv-resolution-k41366-x-768-wi-fi-netflix-you-tube-2x-hdmi-1x-usb\/#primaryimage\",\"url\":\"https:\/\/eurosdiscounts.com\/wp-content\/uploads\/2019\/11\/c-56.jpg\",\"contentUrl\":\"https:\/\/eurosdiscounts.com\/wp-content\/uploads\/2019\/11\/c-56.jpg\",\"width\":700,\"height\":700},{\"@type\":\"BreadcrumbList\",\"@id\":\"https:\/\/eurosdiscounts.com\/index.php\/produit\/continental-edison-tv-led-hd-32-80-cm-smart-tv-resolution-k41366-x-768-wi-fi-netflix-you-tube-2x-hdmi-1x-usb\/#breadcrumb\",\"itemListElement\":[{\"@type\":\"ListItem\",\"position\":1,\"name\":\"Accueil\",\"item\":\"https:\/\/eurosdiscounts.com\/\"},{\"@type\":\"ListItem\",\"position\":2,\"name\":\"Boutique\",\"item\":\"https:\/\/eurosdiscounts.com\/index.php\/boutique\/\"},{\"@type\":\"ListItem\",\"position\":3,\"name\":\"CONTINENTAL EDISON TV LED HD 32&prime; (80 cm) &#8211; Smart TV &#8211; R\u00e9solution k41366 x 768 &#8211; Wi-Fi, Netflix, You Tube &#8211; 2x HDMI, 1x USB\"}]},{\"@type\":\"WebSite\",\"@id\":\"https:\/\/eurosdiscounts.com\/#website\",\"url\":\"https:\/\/eurosdiscounts.com\/\",\"name\":\"Eurosdiscounts.com- Achat sur Internet a prix discount, Canap\u00e9s pas cher, Smartphone pas cher, pc portable pas cher..\",\"description\":\"Eurosdiscounts.com- Achat sur Internet a prix discount, Canap\u00e9s pas cher, Smartphone pas cher, pc portable pas cher..\",\"potentialAction\":[{\"@type\":\"SearchAction\",\"target\":{\"@type\":\"EntryPoint\",\"urlTemplate\":\"https:\/\/eurosdiscounts.com\/?s={search_term_string}\"},\"query-input\":{\"@type\":\"PropertyValueSpecification\",\"valueRequired\":true,\"valueName\":\"search_term_string\"}}],\"inLanguage\":\"fr-FR\"}]}<\/script>\n<!-- \/ Yoast SEO plugin. -->","yoast_head_json":{"title":"continental-edison-tv-led-hd-32-80-cm-smart-tv-resolution","description":"continental-edison-tv-led-hd-32-80-cm-smart-tv-resolution-k41366-x-768-wi-fi-netflix-you-tube-2x-hdmi-1x-usb","robots":{"index":"index","follow":"follow","max-snippet":"max-snippet:-1","max-image-preview":"max-image-preview:large","max-video-preview":"max-video-preview:-1"},"canonical":"https:\/\/eurosdiscounts.com\/index.php\/produit\/continental-edison-tv-led-hd-32-80-cm-smart-tv-resolution-k41366-x-768-wi-fi-netflix-you-tube-2x-hdmi-1x-usb\/","og_locale":"fr_FR","og_type":"article","og_title":"continental-edison-tv-led-hd-32-80-cm-smart-tv-resolution","og_description":"continental-edison-tv-led-hd-32-80-cm-smart-tv-resolution-k41366-x-768-wi-fi-netflix-you-tube-2x-hdmi-1x-usb","og_url":"https:\/\/eurosdiscounts.com\/index.php\/produit\/continental-edison-tv-led-hd-32-80-cm-smart-tv-resolution-k41366-x-768-wi-fi-netflix-you-tube-2x-hdmi-1x-usb\/","og_site_name":"Eurosdiscounts.com- Achat sur Internet a prix discount, Canap\u00e9s pas cher, Smartphone pas cher, pc portable pas cher..","article_modified_time":"2023-03-28T21:05:06+00:00","og_image":[{"width":700,"height":700,"url":"https:\/\/eurosdiscounts.com\/wp-content\/uploads\/2019\/11\/c-56.jpg","type":"image\/jpeg"}],"twitter_card":"summary_large_image","schema":{"@context":"https:\/\/schema.org","@graph":[{"@type":"WebPage","@id":"https:\/\/eurosdiscounts.com\/index.php\/produit\/continental-edison-tv-led-hd-32-80-cm-smart-tv-resolution-k41366-x-768-wi-fi-netflix-you-tube-2x-hdmi-1x-usb\/","url":"https:\/\/eurosdiscounts.com\/index.php\/produit\/continental-edison-tv-led-hd-32-80-cm-smart-tv-resolution-k41366-x-768-wi-fi-netflix-you-tube-2x-hdmi-1x-usb\/","name":"continental-edison-tv-led-hd-32-80-cm-smart-tv-resolution","isPartOf":{"@id":"https:\/\/eurosdiscounts.com\/#website"},"primaryImageOfPage":{"@id":"https:\/\/eurosdiscounts.com\/index.php\/produit\/continental-edison-tv-led-hd-32-80-cm-smart-tv-resolution-k41366-x-768-wi-fi-netflix-you-tube-2x-hdmi-1x-usb\/#primaryimage"},"image":{"@id":"https:\/\/eurosdiscounts.com\/index.php\/produit\/continental-edison-tv-led-hd-32-80-cm-smart-tv-resolution-k41366-x-768-wi-fi-netflix-you-tube-2x-hdmi-1x-usb\/#primaryimage"},"thumbnailUrl":"https:\/\/eurosdiscounts.com\/wp-content\/uploads\/2019\/11\/c-56.jpg","datePublished":"2019-11-22T21:48:33+00:00","dateModified":"2023-03-28T21:05:06+00:00","description":"continental-edison-tv-led-hd-32-80-cm-smart-tv-resolution-k41366-x-768-wi-fi-netflix-you-tube-2x-hdmi-1x-usb","breadcrumb":{"@id":"https:\/\/eurosdiscounts.com\/index.php\/produit\/continental-edison-tv-led-hd-32-80-cm-smart-tv-resolution-k41366-x-768-wi-fi-netflix-you-tube-2x-hdmi-1x-usb\/#breadcrumb"},"inLanguage":"fr-FR","potentialAction":[{"@type":"ReadAction","target":["https:\/\/eurosdiscounts.com\/index.php\/produit\/continental-edison-tv-led-hd-32-80-cm-smart-tv-resolution-k41366-x-768-wi-fi-netflix-you-tube-2x-hdmi-1x-usb\/"]}]},{"@type":"ImageObject","inLanguage":"fr-FR","@id":"https:\/\/eurosdiscounts.com\/index.php\/produit\/continental-edison-tv-led-hd-32-80-cm-smart-tv-resolution-k41366-x-768-wi-fi-netflix-you-tube-2x-hdmi-1x-usb\/#primaryimage","url":"https:\/\/eurosdiscounts.com\/wp-content\/uploads\/2019\/11\/c-56.jpg","contentUrl":"https:\/\/eurosdiscounts.com\/wp-content\/uploads\/2019\/11\/c-56.jpg","width":700,"height":700},{"@type":"BreadcrumbList","@id":"https:\/\/eurosdiscounts.com\/index.php\/produit\/continental-edison-tv-led-hd-32-80-cm-smart-tv-resolution-k41366-x-768-wi-fi-netflix-you-tube-2x-hdmi-1x-usb\/#breadcrumb","itemListElement":[{"@type":"ListItem","position":1,"name":"Accueil","item":"https:\/\/eurosdiscounts.com\/"},{"@type":"ListItem","position":2,"name":"Boutique","item":"https:\/\/eurosdiscounts.com\/index.php\/boutique\/"},{"@type":"ListItem","position":3,"name":"CONTINENTAL EDISON TV LED HD 32&prime; (80 cm) &#8211; Smart TV &#8211; R\u00e9solution k41366 x 768 &#8211; Wi-Fi, Netflix, You Tube &#8211; 2x HDMI, 1x USB"}]},{"@type":"WebSite","@id":"https:\/\/eurosdiscounts.com\/#website","url":"https:\/\/eurosdiscounts.com\/","name":"Eurosdiscounts.com- Achat sur Internet a prix discount, Canap\u00e9s pas cher, Smartphone pas cher, pc portable pas cher..","description":"Eurosdiscounts.com- Achat sur Internet a prix discount, Canap\u00e9s pas cher, Smartphone pas cher, pc portable pas cher..","potentialAction":[{"@type":"SearchAction","target":{"@type":"EntryPoint","urlTemplate":"https:\/\/eurosdiscounts.com\/?s={search_term_string}"},"query-input":{"@type":"PropertyValueSpecification","valueRequired":true,"valueName":"search_term_string"}}],"inLanguage":"fr-FR"}]}},"_links":{"self":[{"href":"https:\/\/eurosdiscounts.com\/index.php\/wp-json\/wp\/v2\/product\/9553","targetHints":{"allow":["GET"]}}],"collection":[{"href":"https:\/\/eurosdiscounts.com\/index.php\/wp-json\/wp\/v2\/product"}],"about":[{"href":"https:\/\/eurosdiscounts.com\/index.php\/wp-json\/wp\/v2\/types\/product"}],"replies":[{"embeddable":true,"href":"https:\/\/eurosdiscounts.com\/index.php\/wp-json\/wp\/v2\/comments?post=9553"}],"wp:featuredmedia":[{"embeddable":true,"href":"https:\/\/eurosdiscounts.com\/index.php\/wp-json\/wp\/v2\/media\/15485"}],"wp:attachment":[{"href":"https:\/\/eurosdiscounts.com\/index.php\/wp-json\/wp\/v2\/media?parent=9553"}],"wp:term":[{"taxonomy":"product_cat","embeddable":true,"href":"https:\/\/eurosdiscounts.com\/index.php\/wp-json\/wp\/v2\/product_cat?post=9553"},{"taxonomy":"product_tag","embeddable":true,"href":"https:\/\/eurosdiscounts.com\/index.php\/wp-json\/wp\/v2\/product_tag?post=9553"}],"curies":[{"name":"wp","href":"https:\/\/api.w.org\/{rel}","templated":true}]}}