{"id":9548,"date":"2019-11-22T22:45:43","date_gmt":"2019-11-22T21:45:43","guid":{"rendered":"https:\/\/smartsdiscount.com\/?post_type=product&amp;p=9548"},"modified":"2019-11-22T22:45:43","modified_gmt":"2019-11-22T21:45:43","slug":"samsung-ue32m4005awxxc-tv-led-hd-81-cm-32-2-x-hdmi-1-x-usb-classe-energetique-a","status":"publish","type":"product","link":"https:\/\/eurosdiscounts.com\/index.php\/produit\/samsung-ue32m4005awxxc-tv-led-hd-81-cm-32-2-x-hdmi-1-x-usb-classe-energetique-a\/","title":{"rendered":"SAMSUNG UE32M4005AWXXC TV LED HD &#8211; 81 cm (32&Prime;) &#8211; 2 x HDMI &#8211; 1 x USB &#8211; Classe \u00e9nerg\u00e9tique A"},"content":{"rendered":"<p><span class=\"fpBlocTitle\">Les points forts :<\/span><\/p>\n<ul>\n<li>R\u00e9tro\u00e9clairage par LED<\/li>\n<li>Format d\u2019affichage : 720p<\/li>\n<li>R\u00e9solution : 1366 x 768<\/li>\n<li>Technologie d\u2019am\u00e9lioration du mouvement : 100 Picture Quality Index<\/li>\n<li>Qt\u00e9 de ports HDMI : 2 ports<\/li>\n<\/ul>\n<div class=\"jsFpBulletPointMore\">\n<ul>\n<li>Tuner TV num\u00e9rique : DVB-C, DVB-T<\/li>\n<li>Am\u00e9liorations d\u2019image : HyperReal Engine, Mega Contrast<\/li>\n<li>Interface vid\u00e9o : Composant, composite, HDMI<\/li>\n<\/ul>\n<\/div>\n<p>&nbsp;<\/p>\n","protected":false},"excerpt":{"rendered":"<table class=\"fpDescTb fpDescTbPub\">\n<tbody>\n<tr>\n<th colspan=\"2\">INFORMATIONS G\u00c9N\u00c9RALES SUR LE PRODUIT<\/th>\n<\/tr>\n<tr>\n<td>Marque<\/td>\n<td><a title=\"SAMSUNG\" href=\"https:\/\/www.cdiscount.com\/m-443-samsung.html\" data-link=\"SFP-ZBN-TNO-DPM\">SAMSUNG<\/a><\/td>\n<\/tr>\n<tr>\n<td>Nom du produit<\/td>\n<td>SAMSUNG UE32M4005AWXXC TV LED HD \u2013 81 cm (32\u2033) \u2013 2<\/td>\n<\/tr>\n<tr>\n<td>Cat\u00e9gorie<\/td>\n<td>T\u00e9l\u00e9viseur LED<\/td>\n<\/tr>\n<tr>\n<th colspan=\"2\">G\u00c9N\u00c9RAL<\/th>\n<\/tr>\n<tr>\n<td>Type de Produit<\/td>\n<td>TV LCD avec r\u00e9tro\u00e9clairage par LED<\/td>\n<\/tr>\n<tr>\n<td>Qt\u00e9 de ports HDMI<\/td>\n<td>2 ports<\/td>\n<\/tr>\n<tr>\n<td>Interface vid\u00e9o<\/td>\n<td>Composant, composite, HDMI<\/td>\n<\/tr>\n<tr>\n<td>Tuner de t\u00e9l\u00e9vision<\/td>\n<td>1 x analogique, 1 x num\u00e9rique<\/td>\n<\/tr>\n<tr>\n<td>Consommation \u00e9lectrique en mode marche<\/td>\n<td>37 Watt<\/td>\n<\/tr>\n<tr>\n<td>Dimensions<\/td>\n<td>Sans support<\/td>\n<\/tr>\n<tr>\n<td>Largeur<\/td>\n<td>74.54 cm<\/td>\n<\/tr>\n<tr>\n<td>Hauteur<\/td>\n<td>44.22 cm<\/td>\n<\/tr>\n<tr>\n<td>Profondeur<\/td>\n<td>6.9 cm<\/td>\n<\/tr>\n<tr>\n<td>Poids<\/td>\n<td>4 kg<\/td>\n<\/tr>\n<tr>\n<td>Consommation d\u2019\u00e9nergie annuelle<\/td>\n<td>51 kWh<\/td>\n<\/tr>\n<tr>\n<td>Classe de diagonale<\/td>\n<td>32\u2033<\/td>\n<\/tr>\n<tr>\n<td>Modes<\/td>\n<td>Mode jeu<\/td>\n<\/tr>\n<tr>\n<td>Capteurs<\/td>\n<td>Capteur Eco<\/td>\n<\/tr>\n<tr>\n<td>Conception<\/td>\n<td>Slim Design, bords fins<\/td>\n<\/tr>\n<tr>\n<td>Am\u00e9liorations d\u2019image<\/td>\n<td>HyperReal Engine, Mega Contrast<\/td>\n<\/tr>\n<tr>\n<td>Classe \u00e9nerg\u00e9tique<\/td>\n<td>Classe A<\/td>\n<\/tr>\n<tr>\n<td>Pr\u00e9sence de syntonisateur TV<\/td>\n<td>Oui<\/td>\n<\/tr>\n<tr>\n<th colspan=\"2\">AFFICHAGE<\/th>\n<\/tr>\n<tr>\n<td>Technologie de r\u00e9tro\u00e9clairage LCD<\/td>\n<td>R\u00e9tro\u00e9clairage par LED<\/td>\n<\/tr>\n<tr>\n<td>Technologie d\u2019am\u00e9lioration du mouvement<\/td>\n<td>100 Picture Quality Index<\/td>\n<\/tr>\n<tr>\n<td>R\u00e9solution<\/td>\n<td>1366 x 768<\/td>\n<\/tr>\n<tr>\n<td>Format d\u2019affichage<\/td>\n<td>720p<\/td>\n<\/tr>\n<tr>\n<td>Fonctions suppl\u00e9mentaires<\/td>\n<td>E-Manual<\/td>\n<\/tr>\n<tr>\n<td>Format de l\u2019image<\/td>\n<td>16:9<\/td>\n<\/tr>\n<tr>\n<th colspan=\"2\">CONNEXIONS<\/th>\n<\/tr>\n<tr>\n<td>Type de connecteur<\/td>\n<td>2 x HDMI<br \/>\nUSB 2.0<br \/>\nEntr\u00e9e vid\u00e9o composite\/vid\u00e9o en composantes<br \/>\nCasque<br \/>\nSortie audio num\u00e9rique (optique)<\/td>\n<\/tr>\n<tr>\n<th colspan=\"2\">TUNER DE T\u00c9L\u00c9VISION<\/th>\n<\/tr>\n<tr>\n<td>Acc\u00e8s conditionnel<\/td>\n<td>Logement Common Interface Plus (CI+)<\/td>\n<\/tr>\n<tr>\n<td>Aper\u00e7u multi-chaines<\/td>\n<td>Incrustation d\u2019image<\/td>\n<\/tr>\n<tr>\n<th colspan=\"2\">TUNER TV NUM\u00c9RIQUE<\/th>\n<\/tr>\n<tr>\n<td>Tuner TV num\u00e9rique<\/td>\n<td>DVB-C, DVB-T<\/td>\n<\/tr>\n<tr>\n<td>Tuner TVHD<\/td>\n<td>Oui<\/td>\n<\/tr>\n<tr>\n<th colspan=\"2\">FONCTIONNALIT\u00c9S VID\u00c9O<\/th>\n<\/tr>\n<tr>\n<td>Guide \u00e9lectronique des programmes<\/td>\n<td>EPG num\u00e9rique<\/td>\n<\/tr>\n<tr>\n<th colspan=\"2\">LECTEUR MULTIM\u00c9DIA<\/th>\n<\/tr>\n<tr>\n<td>Port USB<\/td>\n<td>Oui<\/td>\n<\/tr>\n<tr>\n<td>Qt\u00e9 de ports USB<\/td>\n<td>1<\/td>\n<\/tr>\n<tr>\n<th colspan=\"2\">SYST\u00c8ME AUDIO<\/th>\n<\/tr>\n<tr>\n<td>Alimentation en sortie \/ Total<\/td>\n<td>10 Watt<\/td>\n<\/tr>\n<tr>\n<td>Format audio num\u00e9rique<\/td>\n<td>Sortie Dolby Digital Plus<\/td>\n<\/tr>\n<tr>\n<th colspan=\"2\">MULTIM\u00c9DIA R\u00c9SEAU ET INTERNET<\/th>\n<\/tr>\n<tr>\n<td>Connecter &amp; partager<\/td>\n<td>ConnectShare<\/td>\n<\/tr>\n<tr>\n<th colspan=\"2\">T\u00c9L\u00c9COMMANDE<\/th>\n<\/tr>\n<tr>\n<td>Type<\/td>\n<td>T\u00e9l\u00e9commande standard<\/td>\n<\/tr>\n<tr>\n<td>Mod\u00e8le de t\u00e9l\u00e9commande<\/td>\n<td>Samsung TM1240A<\/td>\n<\/tr>\n<tr>\n<th colspan=\"2\">ALIMENTATION<\/th>\n<\/tr>\n<tr>\n<td>P\u00e9riph\u00e9rique d\u2019alimentation<\/td>\n<td>Alimentation \u00e9lectrique<\/td>\n<\/tr>\n<tr>\n<td>Tension nominale<\/td>\n<td>CA 230V (50\/60 Hz)<\/td>\n<\/tr>\n<tr>\n<td>Consommation \u00e9lectrique en mode d\u2019attente<\/td>\n<td>0.3 Watt<\/td>\n<\/tr>\n<tr>\n<td>Marche \/ arr\u00eat auto<\/td>\n<td>Oui<\/td>\n<\/tr>\n<tr>\n<th colspan=\"2\">SUPPORTS ET SYST\u00c8MES DE MONTAGE<\/th>\n<\/tr>\n<tr>\n<td>Pied<\/td>\n<td>Inclus<\/td>\n<\/tr>\n<tr>\n<td>Type de support<\/td>\n<td>De table<\/td>\n<\/tr>\n<tr>\n<td>Interface de montage VESA<\/td>\n<td>100 x 100 mm<\/td>\n<\/tr>\n<tr>\n<th colspan=\"2\">DIMENSIONS ET POIDS (EMBALL\u00c9)<\/th>\n<\/tr>\n<tr>\n<td>Hauteur (Exp\u00e9dition)<\/td>\n<td>50 cm<\/td>\n<\/tr>\n<tr>\n<td>Largeur (emball\u00e9e)<\/td>\n<td>87.9 cm<\/td>\n<\/tr>\n<tr>\n<td>Profondeur (emball\u00e9e)<\/td>\n<td>12.7 cm<\/td>\n<\/tr>\n<tr>\n<td>Poids (Exp\u00e9dition)<\/td>\n<td>5.8 kg<\/td>\n<\/tr>\n<tr>\n<th colspan=\"2\">DIVERS<\/th>\n<\/tr>\n<tr>\n<td>Accessoires inclus<\/td>\n<td>C\u00e2ble d\u2019alimentation, piles<\/td>\n<\/tr>\n<tr>\n<th colspan=\"2\">DIMENSIONS &amp; POIDS \u2013 D\u00c9TAILS<\/th>\n<\/tr>\n<tr>\n<td>Dimensions &amp; Poids \u2013 D\u00e9tails<\/td>\n<td>Panneau sans support au sol \u2013 74.54 cm x 6.9 cm x 44.22 cm x 4 kg<br \/>\nPanneau avec support au sol \u2013 74.54 cm x 15.05 cm x 46.64 cm x 4.1 kg<\/td>\n<\/tr>\n<\/tbody>\n<\/table>\n","protected":false},"featured_media":15493,"comment_status":"open","ping_status":"closed","template":"","meta":[],"product_cat":[236],"product_tag":[],"class_list":{"0":"post-9548","1":"product","2":"type-product","3":"status-publish","4":"has-post-thumbnail","6":"product_cat-televiseurs","8":"first","9":"instock","10":"shipping-taxable","11":"purchasable","12":"product-type-simple","13":"col-xs-6 col-sm-4","14":"col-md-3 col-lg-3","15":"un-4-cols"},"yoast_head":"<!-- This site is optimized with the Yoast SEO plugin v27.0 - https:\/\/yoast.com\/product\/yoast-seo-wordpress\/ -->\n<title>samsung-ue32m4005awxxc-tv-led-hd-81-cm-32-2-x-hdmi-1-x-usb<\/title>\n<meta name=\"description\" content=\"samsung-ue32m4005awxxc-tv-led-hd-81-cm-32-2-x-hdmi-1-x-usb-classe-energetique-a\" \/>\n<meta name=\"robots\" content=\"index, follow, max-snippet:-1, max-image-preview:large, max-video-preview:-1\" \/>\n<link rel=\"canonical\" href=\"https:\/\/eurosdiscounts.com\/index.php\/produit\/samsung-ue32m4005awxxc-tv-led-hd-81-cm-32-2-x-hdmi-1-x-usb-classe-energetique-a\/\" \/>\n<meta property=\"og:locale\" content=\"fr_FR\" \/>\n<meta property=\"og:type\" content=\"article\" \/>\n<meta property=\"og:title\" content=\"samsung-ue32m4005awxxc-tv-led-hd-81-cm-32-2-x-hdmi-1-x-usb\" \/>\n<meta property=\"og:description\" content=\"samsung-ue32m4005awxxc-tv-led-hd-81-cm-32-2-x-hdmi-1-x-usb-classe-energetique-a\" \/>\n<meta property=\"og:url\" content=\"https:\/\/eurosdiscounts.com\/index.php\/produit\/samsung-ue32m4005awxxc-tv-led-hd-81-cm-32-2-x-hdmi-1-x-usb-classe-energetique-a\/\" \/>\n<meta property=\"og:site_name\" content=\"Eurosdiscounts.com- Achat sur Internet a prix discount, Canap\u00e9s pas cher, Smartphone pas cher, pc portable pas cher..\" \/>\n<meta property=\"og:image\" content=\"https:\/\/eurosdiscounts.com\/wp-content\/uploads\/2019\/11\/c-57.jpg\" \/>\n\t<meta property=\"og:image:width\" content=\"700\" \/>\n\t<meta property=\"og:image:height\" content=\"700\" \/>\n\t<meta property=\"og:image:type\" content=\"image\/jpeg\" \/>\n<meta name=\"twitter:card\" content=\"summary_large_image\" \/>\n<script type=\"application\/ld+json\" class=\"yoast-schema-graph\">{\"@context\":\"https:\/\/schema.org\",\"@graph\":[{\"@type\":\"WebPage\",\"@id\":\"https:\/\/eurosdiscounts.com\/index.php\/produit\/samsung-ue32m4005awxxc-tv-led-hd-81-cm-32-2-x-hdmi-1-x-usb-classe-energetique-a\/\",\"url\":\"https:\/\/eurosdiscounts.com\/index.php\/produit\/samsung-ue32m4005awxxc-tv-led-hd-81-cm-32-2-x-hdmi-1-x-usb-classe-energetique-a\/\",\"name\":\"samsung-ue32m4005awxxc-tv-led-hd-81-cm-32-2-x-hdmi-1-x-usb\",\"isPartOf\":{\"@id\":\"https:\/\/eurosdiscounts.com\/#website\"},\"primaryImageOfPage\":{\"@id\":\"https:\/\/eurosdiscounts.com\/index.php\/produit\/samsung-ue32m4005awxxc-tv-led-hd-81-cm-32-2-x-hdmi-1-x-usb-classe-energetique-a\/#primaryimage\"},\"image\":{\"@id\":\"https:\/\/eurosdiscounts.com\/index.php\/produit\/samsung-ue32m4005awxxc-tv-led-hd-81-cm-32-2-x-hdmi-1-x-usb-classe-energetique-a\/#primaryimage\"},\"thumbnailUrl\":\"https:\/\/eurosdiscounts.com\/wp-content\/uploads\/2019\/11\/c-57.jpg\",\"datePublished\":\"2019-11-22T21:45:43+00:00\",\"description\":\"samsung-ue32m4005awxxc-tv-led-hd-81-cm-32-2-x-hdmi-1-x-usb-classe-energetique-a\",\"breadcrumb\":{\"@id\":\"https:\/\/eurosdiscounts.com\/index.php\/produit\/samsung-ue32m4005awxxc-tv-led-hd-81-cm-32-2-x-hdmi-1-x-usb-classe-energetique-a\/#breadcrumb\"},\"inLanguage\":\"fr-FR\",\"potentialAction\":[{\"@type\":\"ReadAction\",\"target\":[\"https:\/\/eurosdiscounts.com\/index.php\/produit\/samsung-ue32m4005awxxc-tv-led-hd-81-cm-32-2-x-hdmi-1-x-usb-classe-energetique-a\/\"]}]},{\"@type\":\"ImageObject\",\"inLanguage\":\"fr-FR\",\"@id\":\"https:\/\/eurosdiscounts.com\/index.php\/produit\/samsung-ue32m4005awxxc-tv-led-hd-81-cm-32-2-x-hdmi-1-x-usb-classe-energetique-a\/#primaryimage\",\"url\":\"https:\/\/eurosdiscounts.com\/wp-content\/uploads\/2019\/11\/c-57.jpg\",\"contentUrl\":\"https:\/\/eurosdiscounts.com\/wp-content\/uploads\/2019\/11\/c-57.jpg\",\"width\":700,\"height\":700},{\"@type\":\"BreadcrumbList\",\"@id\":\"https:\/\/eurosdiscounts.com\/index.php\/produit\/samsung-ue32m4005awxxc-tv-led-hd-81-cm-32-2-x-hdmi-1-x-usb-classe-energetique-a\/#breadcrumb\",\"itemListElement\":[{\"@type\":\"ListItem\",\"position\":1,\"name\":\"Accueil\",\"item\":\"https:\/\/eurosdiscounts.com\/\"},{\"@type\":\"ListItem\",\"position\":2,\"name\":\"Boutique\",\"item\":\"https:\/\/eurosdiscounts.com\/index.php\/boutique\/\"},{\"@type\":\"ListItem\",\"position\":3,\"name\":\"SAMSUNG UE32M4005AWXXC TV LED HD &#8211; 81 cm (32&Prime;) &#8211; 2 x HDMI &#8211; 1 x USB &#8211; Classe \u00e9nerg\u00e9tique A\"}]},{\"@type\":\"WebSite\",\"@id\":\"https:\/\/eurosdiscounts.com\/#website\",\"url\":\"https:\/\/eurosdiscounts.com\/\",\"name\":\"Eurosdiscounts.com- Achat sur Internet a prix discount, Canap\u00e9s pas cher, Smartphone pas cher, pc portable pas cher..\",\"description\":\"Eurosdiscounts.com- Achat sur Internet a prix discount, Canap\u00e9s pas cher, Smartphone pas cher, pc portable pas cher..\",\"potentialAction\":[{\"@type\":\"SearchAction\",\"target\":{\"@type\":\"EntryPoint\",\"urlTemplate\":\"https:\/\/eurosdiscounts.com\/?s={search_term_string}\"},\"query-input\":{\"@type\":\"PropertyValueSpecification\",\"valueRequired\":true,\"valueName\":\"search_term_string\"}}],\"inLanguage\":\"fr-FR\"}]}<\/script>\n<!-- \/ Yoast SEO plugin. -->","yoast_head_json":{"title":"samsung-ue32m4005awxxc-tv-led-hd-81-cm-32-2-x-hdmi-1-x-usb","description":"samsung-ue32m4005awxxc-tv-led-hd-81-cm-32-2-x-hdmi-1-x-usb-classe-energetique-a","robots":{"index":"index","follow":"follow","max-snippet":"max-snippet:-1","max-image-preview":"max-image-preview:large","max-video-preview":"max-video-preview:-1"},"canonical":"https:\/\/eurosdiscounts.com\/index.php\/produit\/samsung-ue32m4005awxxc-tv-led-hd-81-cm-32-2-x-hdmi-1-x-usb-classe-energetique-a\/","og_locale":"fr_FR","og_type":"article","og_title":"samsung-ue32m4005awxxc-tv-led-hd-81-cm-32-2-x-hdmi-1-x-usb","og_description":"samsung-ue32m4005awxxc-tv-led-hd-81-cm-32-2-x-hdmi-1-x-usb-classe-energetique-a","og_url":"https:\/\/eurosdiscounts.com\/index.php\/produit\/samsung-ue32m4005awxxc-tv-led-hd-81-cm-32-2-x-hdmi-1-x-usb-classe-energetique-a\/","og_site_name":"Eurosdiscounts.com- Achat sur Internet a prix discount, Canap\u00e9s pas cher, Smartphone pas cher, pc portable pas cher..","og_image":[{"width":700,"height":700,"url":"https:\/\/eurosdiscounts.com\/wp-content\/uploads\/2019\/11\/c-57.jpg","type":"image\/jpeg"}],"twitter_card":"summary_large_image","schema":{"@context":"https:\/\/schema.org","@graph":[{"@type":"WebPage","@id":"https:\/\/eurosdiscounts.com\/index.php\/produit\/samsung-ue32m4005awxxc-tv-led-hd-81-cm-32-2-x-hdmi-1-x-usb-classe-energetique-a\/","url":"https:\/\/eurosdiscounts.com\/index.php\/produit\/samsung-ue32m4005awxxc-tv-led-hd-81-cm-32-2-x-hdmi-1-x-usb-classe-energetique-a\/","name":"samsung-ue32m4005awxxc-tv-led-hd-81-cm-32-2-x-hdmi-1-x-usb","isPartOf":{"@id":"https:\/\/eurosdiscounts.com\/#website"},"primaryImageOfPage":{"@id":"https:\/\/eurosdiscounts.com\/index.php\/produit\/samsung-ue32m4005awxxc-tv-led-hd-81-cm-32-2-x-hdmi-1-x-usb-classe-energetique-a\/#primaryimage"},"image":{"@id":"https:\/\/eurosdiscounts.com\/index.php\/produit\/samsung-ue32m4005awxxc-tv-led-hd-81-cm-32-2-x-hdmi-1-x-usb-classe-energetique-a\/#primaryimage"},"thumbnailUrl":"https:\/\/eurosdiscounts.com\/wp-content\/uploads\/2019\/11\/c-57.jpg","datePublished":"2019-11-22T21:45:43+00:00","description":"samsung-ue32m4005awxxc-tv-led-hd-81-cm-32-2-x-hdmi-1-x-usb-classe-energetique-a","breadcrumb":{"@id":"https:\/\/eurosdiscounts.com\/index.php\/produit\/samsung-ue32m4005awxxc-tv-led-hd-81-cm-32-2-x-hdmi-1-x-usb-classe-energetique-a\/#breadcrumb"},"inLanguage":"fr-FR","potentialAction":[{"@type":"ReadAction","target":["https:\/\/eurosdiscounts.com\/index.php\/produit\/samsung-ue32m4005awxxc-tv-led-hd-81-cm-32-2-x-hdmi-1-x-usb-classe-energetique-a\/"]}]},{"@type":"ImageObject","inLanguage":"fr-FR","@id":"https:\/\/eurosdiscounts.com\/index.php\/produit\/samsung-ue32m4005awxxc-tv-led-hd-81-cm-32-2-x-hdmi-1-x-usb-classe-energetique-a\/#primaryimage","url":"https:\/\/eurosdiscounts.com\/wp-content\/uploads\/2019\/11\/c-57.jpg","contentUrl":"https:\/\/eurosdiscounts.com\/wp-content\/uploads\/2019\/11\/c-57.jpg","width":700,"height":700},{"@type":"BreadcrumbList","@id":"https:\/\/eurosdiscounts.com\/index.php\/produit\/samsung-ue32m4005awxxc-tv-led-hd-81-cm-32-2-x-hdmi-1-x-usb-classe-energetique-a\/#breadcrumb","itemListElement":[{"@type":"ListItem","position":1,"name":"Accueil","item":"https:\/\/eurosdiscounts.com\/"},{"@type":"ListItem","position":2,"name":"Boutique","item":"https:\/\/eurosdiscounts.com\/index.php\/boutique\/"},{"@type":"ListItem","position":3,"name":"SAMSUNG UE32M4005AWXXC TV LED HD &#8211; 81 cm (32&Prime;) &#8211; 2 x HDMI &#8211; 1 x USB &#8211; Classe \u00e9nerg\u00e9tique A"}]},{"@type":"WebSite","@id":"https:\/\/eurosdiscounts.com\/#website","url":"https:\/\/eurosdiscounts.com\/","name":"Eurosdiscounts.com- Achat sur Internet a prix discount, Canap\u00e9s pas cher, Smartphone pas cher, pc portable pas cher..","description":"Eurosdiscounts.com- Achat sur Internet a prix discount, Canap\u00e9s pas cher, Smartphone pas cher, pc portable pas cher..","potentialAction":[{"@type":"SearchAction","target":{"@type":"EntryPoint","urlTemplate":"https:\/\/eurosdiscounts.com\/?s={search_term_string}"},"query-input":{"@type":"PropertyValueSpecification","valueRequired":true,"valueName":"search_term_string"}}],"inLanguage":"fr-FR"}]}},"_links":{"self":[{"href":"https:\/\/eurosdiscounts.com\/index.php\/wp-json\/wp\/v2\/product\/9548","targetHints":{"allow":["GET"]}}],"collection":[{"href":"https:\/\/eurosdiscounts.com\/index.php\/wp-json\/wp\/v2\/product"}],"about":[{"href":"https:\/\/eurosdiscounts.com\/index.php\/wp-json\/wp\/v2\/types\/product"}],"replies":[{"embeddable":true,"href":"https:\/\/eurosdiscounts.com\/index.php\/wp-json\/wp\/v2\/comments?post=9548"}],"wp:featuredmedia":[{"embeddable":true,"href":"https:\/\/eurosdiscounts.com\/index.php\/wp-json\/wp\/v2\/media\/15493"}],"wp:attachment":[{"href":"https:\/\/eurosdiscounts.com\/index.php\/wp-json\/wp\/v2\/media?parent=9548"}],"wp:term":[{"taxonomy":"product_cat","embeddable":true,"href":"https:\/\/eurosdiscounts.com\/index.php\/wp-json\/wp\/v2\/product_cat?post=9548"},{"taxonomy":"product_tag","embeddable":true,"href":"https:\/\/eurosdiscounts.com\/index.php\/wp-json\/wp\/v2\/product_tag?post=9548"}],"curies":[{"name":"wp","href":"https:\/\/api.w.org\/{rel}","templated":true}]}}