{"id":9495,"date":"2019-11-22T18:44:43","date_gmt":"2019-11-22T17:44:43","guid":{"rendered":"https:\/\/smartsdiscount.com\/?post_type=product&amp;p=9495"},"modified":"2019-11-22T18:44:43","modified_gmt":"2019-11-22T17:44:43","slug":"thomson-tv-thomson-55-led-incurvee-smart-wifi-uhd-4k-55ud6676","status":"publish","type":"product","link":"https:\/\/eurosdiscounts.com\/index.php\/produit\/thomson-tv-thomson-55-led-incurvee-smart-wifi-uhd-4k-55ud6676\/","title":{"rendered":"Thomson &#8211; TV Thomson 55&prime; LED Incurv\u00e9e Smart Wifi UHD 4K 55UD6676"},"content":{"rendered":"<table class=\"fpDescTb fpDescTbPub\">\n<tbody>\n<tr>\n<th colspan=\"2\">Informations g\u00e9n\u00e9rales sur le produit<\/th>\n<\/tr>\n<tr>\n<td>Marque<\/td>\n<td><a title=\"THOMSON\" href=\"https:\/\/www.cdiscount.com\/m-105-thomson.html\" data-link=\"SFP-ZBN-TNO-DPM\">THOMSON<\/a><\/td>\n<\/tr>\n<tr>\n<td>Nom du produit<\/td>\n<td>Thomson &#8211; TV Thomson 55&prime; LED Incurv\u00e9e Smart Wifi U<\/td>\n<\/tr>\n<tr>\n<td>Cat\u00e9gorie<\/td>\n<td>T\u00e9l\u00e9viseur LED<\/td>\n<\/tr>\n<\/tbody>\n<\/table>\n","protected":false},"excerpt":{"rendered":"<p>TV Thomson 55&prime; LED Incurv\u00e9e Smart Wifi UHD 4K 55UD6676. TV LED. Marque Thomson. Mat\u00e9riel neuf non d\u00e9ball\u00e9, garantie totale 3 ans.<\/p>\n","protected":false},"featured_media":15538,"comment_status":"open","ping_status":"closed","template":"","meta":[],"product_cat":[156,236],"product_tag":[],"class_list":{"0":"post-9495","1":"product","2":"type-product","3":"status-publish","4":"has-post-thumbnail","6":"product_cat-bons-plans","7":"product_cat-televiseurs","9":"first","10":"instock","11":"sale","12":"shipping-taxable","13":"purchasable","14":"product-type-simple","15":"col-xs-6 col-sm-4","16":"col-md-3 col-lg-3","17":"un-4-cols"},"yoast_head":"<!-- This site is optimized with the Yoast SEO plugin v27.0 - https:\/\/yoast.com\/product\/yoast-seo-wordpress\/ -->\n<title>thomson-tv-thomson-55-led-incurvee-smart-wifi-uhd-4k-55ud6676<\/title>\n<meta name=\"description\" content=\"thomson-tv-thomson-55-led-incurvee-smart-wifi-uhd-4k-55ud6676\" \/>\n<meta name=\"robots\" content=\"index, follow, max-snippet:-1, max-image-preview:large, max-video-preview:-1\" \/>\n<link rel=\"canonical\" href=\"https:\/\/eurosdiscounts.com\/index.php\/produit\/thomson-tv-thomson-55-led-incurvee-smart-wifi-uhd-4k-55ud6676\/\" \/>\n<meta property=\"og:locale\" content=\"fr_FR\" \/>\n<meta property=\"og:type\" content=\"article\" \/>\n<meta property=\"og:title\" content=\"thomson-tv-thomson-55-led-incurvee-smart-wifi-uhd-4k-55ud6676\" \/>\n<meta property=\"og:description\" content=\"thomson-tv-thomson-55-led-incurvee-smart-wifi-uhd-4k-55ud6676\" \/>\n<meta property=\"og:url\" content=\"https:\/\/eurosdiscounts.com\/index.php\/produit\/thomson-tv-thomson-55-led-incurvee-smart-wifi-uhd-4k-55ud6676\/\" \/>\n<meta property=\"og:site_name\" content=\"Eurosdiscounts.com- Achat sur Internet a prix discount, Canap\u00e9s pas cher, Smartphone pas cher, pc portable pas cher..\" \/>\n<meta property=\"og:image\" content=\"https:\/\/eurosdiscounts.com\/wp-content\/uploads\/2019\/11\/c-70.jpg\" \/>\n\t<meta property=\"og:image:width\" content=\"700\" \/>\n\t<meta property=\"og:image:height\" content=\"700\" \/>\n\t<meta property=\"og:image:type\" content=\"image\/jpeg\" \/>\n<meta name=\"twitter:card\" content=\"summary_large_image\" \/>\n<script type=\"application\/ld+json\" class=\"yoast-schema-graph\">{\"@context\":\"https:\/\/schema.org\",\"@graph\":[{\"@type\":\"WebPage\",\"@id\":\"https:\/\/eurosdiscounts.com\/index.php\/produit\/thomson-tv-thomson-55-led-incurvee-smart-wifi-uhd-4k-55ud6676\/\",\"url\":\"https:\/\/eurosdiscounts.com\/index.php\/produit\/thomson-tv-thomson-55-led-incurvee-smart-wifi-uhd-4k-55ud6676\/\",\"name\":\"thomson-tv-thomson-55-led-incurvee-smart-wifi-uhd-4k-55ud6676\",\"isPartOf\":{\"@id\":\"https:\/\/eurosdiscounts.com\/#website\"},\"primaryImageOfPage\":{\"@id\":\"https:\/\/eurosdiscounts.com\/index.php\/produit\/thomson-tv-thomson-55-led-incurvee-smart-wifi-uhd-4k-55ud6676\/#primaryimage\"},\"image\":{\"@id\":\"https:\/\/eurosdiscounts.com\/index.php\/produit\/thomson-tv-thomson-55-led-incurvee-smart-wifi-uhd-4k-55ud6676\/#primaryimage\"},\"thumbnailUrl\":\"https:\/\/eurosdiscounts.com\/wp-content\/uploads\/2019\/11\/c-70.jpg\",\"datePublished\":\"2019-11-22T17:44:43+00:00\",\"description\":\"thomson-tv-thomson-55-led-incurvee-smart-wifi-uhd-4k-55ud6676\",\"breadcrumb\":{\"@id\":\"https:\/\/eurosdiscounts.com\/index.php\/produit\/thomson-tv-thomson-55-led-incurvee-smart-wifi-uhd-4k-55ud6676\/#breadcrumb\"},\"inLanguage\":\"fr-FR\",\"potentialAction\":[{\"@type\":\"ReadAction\",\"target\":[\"https:\/\/eurosdiscounts.com\/index.php\/produit\/thomson-tv-thomson-55-led-incurvee-smart-wifi-uhd-4k-55ud6676\/\"]}]},{\"@type\":\"ImageObject\",\"inLanguage\":\"fr-FR\",\"@id\":\"https:\/\/eurosdiscounts.com\/index.php\/produit\/thomson-tv-thomson-55-led-incurvee-smart-wifi-uhd-4k-55ud6676\/#primaryimage\",\"url\":\"https:\/\/eurosdiscounts.com\/wp-content\/uploads\/2019\/11\/c-70.jpg\",\"contentUrl\":\"https:\/\/eurosdiscounts.com\/wp-content\/uploads\/2019\/11\/c-70.jpg\",\"width\":700,\"height\":700},{\"@type\":\"BreadcrumbList\",\"@id\":\"https:\/\/eurosdiscounts.com\/index.php\/produit\/thomson-tv-thomson-55-led-incurvee-smart-wifi-uhd-4k-55ud6676\/#breadcrumb\",\"itemListElement\":[{\"@type\":\"ListItem\",\"position\":1,\"name\":\"Accueil\",\"item\":\"https:\/\/eurosdiscounts.com\/\"},{\"@type\":\"ListItem\",\"position\":2,\"name\":\"Boutique\",\"item\":\"https:\/\/eurosdiscounts.com\/index.php\/boutique\/\"},{\"@type\":\"ListItem\",\"position\":3,\"name\":\"Thomson &#8211; TV Thomson 55&prime; LED Incurv\u00e9e Smart Wifi UHD 4K 55UD6676\"}]},{\"@type\":\"WebSite\",\"@id\":\"https:\/\/eurosdiscounts.com\/#website\",\"url\":\"https:\/\/eurosdiscounts.com\/\",\"name\":\"Eurosdiscounts.com- Achat sur Internet a prix discount, Canap\u00e9s pas cher, Smartphone pas cher, pc portable pas cher..\",\"description\":\"Eurosdiscounts.com- Achat sur Internet a prix discount, Canap\u00e9s pas cher, Smartphone pas cher, pc portable pas cher..\",\"potentialAction\":[{\"@type\":\"SearchAction\",\"target\":{\"@type\":\"EntryPoint\",\"urlTemplate\":\"https:\/\/eurosdiscounts.com\/?s={search_term_string}\"},\"query-input\":{\"@type\":\"PropertyValueSpecification\",\"valueRequired\":true,\"valueName\":\"search_term_string\"}}],\"inLanguage\":\"fr-FR\"}]}<\/script>\n<!-- \/ Yoast SEO plugin. -->","yoast_head_json":{"title":"thomson-tv-thomson-55-led-incurvee-smart-wifi-uhd-4k-55ud6676","description":"thomson-tv-thomson-55-led-incurvee-smart-wifi-uhd-4k-55ud6676","robots":{"index":"index","follow":"follow","max-snippet":"max-snippet:-1","max-image-preview":"max-image-preview:large","max-video-preview":"max-video-preview:-1"},"canonical":"https:\/\/eurosdiscounts.com\/index.php\/produit\/thomson-tv-thomson-55-led-incurvee-smart-wifi-uhd-4k-55ud6676\/","og_locale":"fr_FR","og_type":"article","og_title":"thomson-tv-thomson-55-led-incurvee-smart-wifi-uhd-4k-55ud6676","og_description":"thomson-tv-thomson-55-led-incurvee-smart-wifi-uhd-4k-55ud6676","og_url":"https:\/\/eurosdiscounts.com\/index.php\/produit\/thomson-tv-thomson-55-led-incurvee-smart-wifi-uhd-4k-55ud6676\/","og_site_name":"Eurosdiscounts.com- Achat sur Internet a prix discount, Canap\u00e9s pas cher, Smartphone pas cher, pc portable pas cher..","og_image":[{"width":700,"height":700,"url":"https:\/\/eurosdiscounts.com\/wp-content\/uploads\/2019\/11\/c-70.jpg","type":"image\/jpeg"}],"twitter_card":"summary_large_image","schema":{"@context":"https:\/\/schema.org","@graph":[{"@type":"WebPage","@id":"https:\/\/eurosdiscounts.com\/index.php\/produit\/thomson-tv-thomson-55-led-incurvee-smart-wifi-uhd-4k-55ud6676\/","url":"https:\/\/eurosdiscounts.com\/index.php\/produit\/thomson-tv-thomson-55-led-incurvee-smart-wifi-uhd-4k-55ud6676\/","name":"thomson-tv-thomson-55-led-incurvee-smart-wifi-uhd-4k-55ud6676","isPartOf":{"@id":"https:\/\/eurosdiscounts.com\/#website"},"primaryImageOfPage":{"@id":"https:\/\/eurosdiscounts.com\/index.php\/produit\/thomson-tv-thomson-55-led-incurvee-smart-wifi-uhd-4k-55ud6676\/#primaryimage"},"image":{"@id":"https:\/\/eurosdiscounts.com\/index.php\/produit\/thomson-tv-thomson-55-led-incurvee-smart-wifi-uhd-4k-55ud6676\/#primaryimage"},"thumbnailUrl":"https:\/\/eurosdiscounts.com\/wp-content\/uploads\/2019\/11\/c-70.jpg","datePublished":"2019-11-22T17:44:43+00:00","description":"thomson-tv-thomson-55-led-incurvee-smart-wifi-uhd-4k-55ud6676","breadcrumb":{"@id":"https:\/\/eurosdiscounts.com\/index.php\/produit\/thomson-tv-thomson-55-led-incurvee-smart-wifi-uhd-4k-55ud6676\/#breadcrumb"},"inLanguage":"fr-FR","potentialAction":[{"@type":"ReadAction","target":["https:\/\/eurosdiscounts.com\/index.php\/produit\/thomson-tv-thomson-55-led-incurvee-smart-wifi-uhd-4k-55ud6676\/"]}]},{"@type":"ImageObject","inLanguage":"fr-FR","@id":"https:\/\/eurosdiscounts.com\/index.php\/produit\/thomson-tv-thomson-55-led-incurvee-smart-wifi-uhd-4k-55ud6676\/#primaryimage","url":"https:\/\/eurosdiscounts.com\/wp-content\/uploads\/2019\/11\/c-70.jpg","contentUrl":"https:\/\/eurosdiscounts.com\/wp-content\/uploads\/2019\/11\/c-70.jpg","width":700,"height":700},{"@type":"BreadcrumbList","@id":"https:\/\/eurosdiscounts.com\/index.php\/produit\/thomson-tv-thomson-55-led-incurvee-smart-wifi-uhd-4k-55ud6676\/#breadcrumb","itemListElement":[{"@type":"ListItem","position":1,"name":"Accueil","item":"https:\/\/eurosdiscounts.com\/"},{"@type":"ListItem","position":2,"name":"Boutique","item":"https:\/\/eurosdiscounts.com\/index.php\/boutique\/"},{"@type":"ListItem","position":3,"name":"Thomson &#8211; TV Thomson 55&prime; LED Incurv\u00e9e Smart Wifi UHD 4K 55UD6676"}]},{"@type":"WebSite","@id":"https:\/\/eurosdiscounts.com\/#website","url":"https:\/\/eurosdiscounts.com\/","name":"Eurosdiscounts.com- Achat sur Internet a prix discount, Canap\u00e9s pas cher, Smartphone pas cher, pc portable pas cher..","description":"Eurosdiscounts.com- Achat sur Internet a prix discount, Canap\u00e9s pas cher, Smartphone pas cher, pc portable pas cher..","potentialAction":[{"@type":"SearchAction","target":{"@type":"EntryPoint","urlTemplate":"https:\/\/eurosdiscounts.com\/?s={search_term_string}"},"query-input":{"@type":"PropertyValueSpecification","valueRequired":true,"valueName":"search_term_string"}}],"inLanguage":"fr-FR"}]}},"_links":{"self":[{"href":"https:\/\/eurosdiscounts.com\/index.php\/wp-json\/wp\/v2\/product\/9495","targetHints":{"allow":["GET"]}}],"collection":[{"href":"https:\/\/eurosdiscounts.com\/index.php\/wp-json\/wp\/v2\/product"}],"about":[{"href":"https:\/\/eurosdiscounts.com\/index.php\/wp-json\/wp\/v2\/types\/product"}],"replies":[{"embeddable":true,"href":"https:\/\/eurosdiscounts.com\/index.php\/wp-json\/wp\/v2\/comments?post=9495"}],"wp:featuredmedia":[{"embeddable":true,"href":"https:\/\/eurosdiscounts.com\/index.php\/wp-json\/wp\/v2\/media\/15538"}],"wp:attachment":[{"href":"https:\/\/eurosdiscounts.com\/index.php\/wp-json\/wp\/v2\/media?parent=9495"}],"wp:term":[{"taxonomy":"product_cat","embeddable":true,"href":"https:\/\/eurosdiscounts.com\/index.php\/wp-json\/wp\/v2\/product_cat?post=9495"},{"taxonomy":"product_tag","embeddable":true,"href":"https:\/\/eurosdiscounts.com\/index.php\/wp-json\/wp\/v2\/product_tag?post=9495"}],"curies":[{"name":"wp","href":"https:\/\/api.w.org\/{rel}","templated":true}]}}