{"id":9175,"date":"2019-11-19T15:43:36","date_gmt":"2019-11-19T14:43:36","guid":{"rendered":"https:\/\/smartsdiscount.com\/?post_type=product&amp;p=9175"},"modified":"2019-11-19T15:43:36","modified_gmt":"2019-11-19T14:43:36","slug":"canape-dangle-relaxation-electrique-5-places-en-cuir-teramo-coloris-anthracite","status":"publish","type":"product","link":"https:\/\/eurosdiscounts.com\/index.php\/produit\/canape-dangle-relaxation-electrique-5-places-en-cuir-teramo-coloris-anthracite\/","title":{"rendered":"Canap\u00e9 d&rsquo;angle relaxation \u00e9lectrique 5 places en cuir TERAMO coloris anthracite"},"content":{"rendered":"<div id=\"tabs-1\" class=\"ui-tabs-panel\">\n<h3 class=\"costum-list-style\">Description du produit<\/h3>\n<ul class=\"ui-tabs-nav ui-helper-reset ui-helper-clearfix ui-widget-header ui-corner-all\" role=\"tablist\">\n<li>2 relaxations \u00e9lectriques<\/li>\n<li>Assise et dossier en Cuir<\/li>\n<li>Grand angle<\/li>\n<\/ul>\n<\/div>\n<div id=\"tabs-2\" class=\"ui-tabs-panel\">\n<div class=\"\">\n<div class=\"detailCaracts\">\n<table class=\"productSpecifications\">\n<tbody>\n<tr>\n<td class=\"titleCaract\" colspan=\"2\">\n<h3>Description<\/h3>\n<\/td>\n<\/tr>\n<tr class=\"col\">\n<td><strong>Nombre de places<\/strong><\/td>\n<td>5 pl<\/td>\n<\/tr>\n<tr class=\"col\">\n<td><strong>Accoudoirs r\u00e9glables<\/strong><\/td>\n<td>Non<\/td>\n<\/tr>\n<tr class=\"col\">\n<td><strong>T\u00e9ti\u00e8res \/ appuie-t\u00eates ajustables<\/strong><\/td>\n<td>Non<\/td>\n<\/tr>\n<tr class=\"col\">\n<td><strong>Type<\/strong><\/td>\n<td>relax \u00e9lectrique<\/td>\n<\/tr>\n<tr class=\"col\">\n<td><strong>Style<\/strong><\/td>\n<td>Urbain<\/td>\n<\/tr>\n<tr class=\"col\">\n<td><strong>Cot\u00e9 d&rsquo;angle<\/strong><\/td>\n<td>panoramique<\/td>\n<\/tr>\n<tr class=\"col\">\n<td><strong>Liseuse<\/strong><\/td>\n<td>non<\/td>\n<\/tr>\n<tr class=\"col\">\n<td><strong>Coussin(s) cale-reins<\/strong><\/td>\n<td>Non<\/td>\n<\/tr>\n<tr class=\"col\">\n<td><strong>Coffre de rangement<\/strong><\/td>\n<td>Non<\/td>\n<\/tr>\n<tr class=\"col col-last\">\n<td><strong>Type<\/strong><\/td>\n<td>Si\u00e8ge complet<\/td>\n<\/tr>\n<\/tbody>\n<\/table>\n<\/div>\n<div class=\"detailCaracts\">\n<table class=\"productSpecifications\">\n<tbody>\n<tr>\n<td class=\"titleCaract\" colspan=\"2\">\n<h3>Coloris<\/h3>\n<\/td>\n<\/tr>\n<tr class=\"col col-last\">\n<td><strong>Coloris<\/strong><\/td>\n<td>gris<\/td>\n<\/tr>\n<\/tbody>\n<\/table>\n<\/div>\n<div class=\"detailCaracts\">\n<table class=\"productSpecifications\">\n<tbody>\n<tr>\n<td class=\"titleCaract\" colspan=\"2\">\n<h3>\u00a0Dimensions et poids<\/h3>\n<\/td>\n<\/tr>\n<tr class=\"col\">\n<td><strong>Dimension colis 3<\/strong><\/td>\n<td>119x119x98 &#8211; Colis 4: 98x75x98 &#8211; Colis 5: 98x98x98<\/td>\n<\/tr>\n<tr class=\"col\">\n<td><strong>Dimension colis<\/strong><\/td>\n<td>98x98x98<\/td>\n<\/tr>\n<tr class=\"col\">\n<td><strong>Dimension colis 2<\/strong><\/td>\n<td>98x75x98<\/td>\n<\/tr>\n<tr class=\"col\">\n<td><strong>Poids total colis<\/strong><\/td>\n<td>240 kg<\/td>\n<\/tr>\n<tr class=\"col\">\n<td><strong>Profondeur<\/strong><\/td>\n<td>284 cm<\/td>\n<\/tr>\n<tr class=\"col\">\n<td><strong>Hauteur<\/strong><\/td>\n<td>95 cm<\/td>\n<\/tr>\n<tr class=\"col col-last\">\n<td><strong>Largeur<\/strong><\/td>\n<td>284 cm<\/td>\n<\/tr>\n<\/tbody>\n<\/table>\n<\/div>\n<div class=\"detailCaracts\">\n<table class=\"productSpecifications\">\n<tbody>\n<tr>\n<td class=\"titleCaract\" colspan=\"2\">\n<h3>Mati\u00e8res et finitions<\/h3>\n<\/td>\n<\/tr>\n<tr class=\"col\">\n<td><strong>Rev\u00eatement<\/strong><\/td>\n<td>cuir \/ cro\u00fbte de cuir<\/td>\n<\/tr>\n<tr class=\"col\">\n<td><strong>Rev\u00eatement caisse<\/strong><\/td>\n<td>Cro\u00fbte de Cuir<\/td>\n<\/tr>\n<tr class=\"col\">\n<td><strong>Suspension<\/strong><\/td>\n<td>Ressorts et sangles \u00e9lastiques<\/td>\n<\/tr>\n<tr class=\"col\">\n<td><strong>Technologie matelas<\/strong><\/td>\n<td>Mousse polyur\u00e9thane et ressorts ensach\u00e9s et fibres<\/td>\n<\/tr>\n<tr class=\"col\">\n<td><strong>Mati\u00e8re garnissage<\/strong><\/td>\n<td>Mousse polyur\u00e9thane et ressorts ensach\u00e9s et fibres<\/td>\n<\/tr>\n<tr class=\"col\">\n<td><strong>Rev\u00eatement couette\/assise<\/strong><\/td>\n<td>Cuir de vachette, \u00e9p.0.9\/1.1mm, fleur corrig\u00e9e, pigm.,tannage chrome<\/td>\n<\/tr>\n<tr class=\"col\">\n<td><strong>Mati\u00e8re pieds<\/strong><\/td>\n<td>Mechanisme acier<\/td>\n<\/tr>\n<tr class=\"col\">\n<td><strong>Mati\u00e8re structure<\/strong><\/td>\n<td>Bois et contreplaqu\u00e9<\/td>\n<\/tr>\n<tr class=\"col col-last\">\n<td><strong>Autres teintes disponibles<\/strong><\/td>\n<td>Noir, Chocolat, Rouge, Blanc, Taupe, Gris clair<\/td>\n<\/tr>\n<\/tbody>\n<\/table>\n<\/div>\n<div class=\"detailCaracts\">\n<table class=\"productSpecifications\">\n<tbody>\n<tr>\n<td class=\"titleCaract\" colspan=\"2\">\n<h3>Services<\/h3>\n<\/td>\n<\/tr>\n<tr class=\"col\">\n<td><strong>Disponibilit\u00e9 pi\u00e8ces d\u00e9tach\u00e9es<\/strong><\/td>\n<td>Non disponible<\/td>\n<\/tr>\n<tr class=\"col col-last\">\n<td><strong>Garantie<\/strong><\/td>\n<td>GAR 2 ANS PIECES<\/td>\n<\/tr>\n<\/tbody>\n<\/table>\n<\/div>\n<div class=\"detailCaracts\">\n<table class=\"productSpecifications\">\n<tbody>\n<tr>\n<td class=\"titleCaract\" colspan=\"2\">\n<h3>Description<\/h3>\n<\/td>\n<\/tr>\n<tr class=\"col col-last\">\n<td><strong>Usage<\/strong><\/td>\n<td>Int\u00e9rieur<\/td>\n<\/tr>\n<\/tbody>\n<\/table>\n<\/div>\n<\/div>\n<\/div>\n","protected":false},"excerpt":{"rendered":"<h3 class=\"costum-list-style\">Description du produit<\/h3>\n<ul class=\"ui-tabs-nav ui-helper-reset ui-helper-clearfix ui-widget-header ui-corner-all\" role=\"tablist\">\n<li>2 relaxations \u00e9lectriques<\/li>\n<li>Assise et dossier en Cuir<\/li>\n<li>Grand angle<\/li>\n<\/ul>\n","protected":false},"featured_media":15278,"comment_status":"open","ping_status":"closed","template":"","meta":[],"product_cat":[156,214],"product_tag":[],"class_list":{"0":"post-9175","1":"product","2":"type-product","3":"status-publish","4":"has-post-thumbnail","6":"product_cat-bons-plans","7":"product_cat-canapes","9":"first","10":"instock","11":"sale","12":"shipping-taxable","13":"purchasable","14":"product-type-simple","15":"col-xs-6 col-sm-4","16":"col-md-3 col-lg-3","17":"un-4-cols"},"yoast_head":"<!-- This site is optimized with the Yoast SEO plugin v27.0 - https:\/\/yoast.com\/product\/yoast-seo-wordpress\/ -->\n<title>canape-dangle-relaxation-electrique-5-places-en-cuir-teramo<\/title>\n<meta name=\"description\" content=\"canape-dangle-relaxation-electrique-5-places-en-cuir-teramo-coloris-anthracite\" \/>\n<meta name=\"robots\" content=\"index, follow, max-snippet:-1, max-image-preview:large, max-video-preview:-1\" \/>\n<link rel=\"canonical\" href=\"https:\/\/eurosdiscounts.com\/index.php\/produit\/canape-dangle-relaxation-electrique-5-places-en-cuir-teramo-coloris-anthracite\/\" \/>\n<meta property=\"og:locale\" content=\"fr_FR\" \/>\n<meta property=\"og:type\" content=\"article\" \/>\n<meta property=\"og:title\" content=\"Canap\u00e9 d&#039;angle relaxation \u00e9lectrique 5 places\" \/>\n<meta property=\"og:description\" content=\"Canap\u00e9 d&#039;angle relaxation \u00e9lectrique 5 places\" \/>\n<meta property=\"og:url\" content=\"https:\/\/eurosdiscounts.com\/index.php\/produit\/canape-dangle-relaxation-electrique-5-places-en-cuir-teramo-coloris-anthracite\/\" \/>\n<meta property=\"og:site_name\" content=\"Eurosdiscounts.com- Achat sur Internet a prix discount, Canap\u00e9s pas cher, Smartphone pas cher, pc portable pas cher..\" \/>\n<meta property=\"og:image\" content=\"https:\/\/eurosdiscounts.com\/wp-content\/uploads\/2019\/11\/c-33.jpg\" \/>\n\t<meta property=\"og:image:width\" content=\"800\" \/>\n\t<meta property=\"og:image:height\" content=\"600\" \/>\n\t<meta property=\"og:image:type\" content=\"image\/jpeg\" \/>\n<meta name=\"twitter:card\" content=\"summary_large_image\" \/>\n<meta name=\"twitter:title\" content=\"Canap\u00e9 d&#039;angle relaxation \u00e9lectrique 5 places\" \/>\n<meta name=\"twitter:description\" content=\"Canap\u00e9 d&#039;angle relaxation \u00e9lectrique 5 places\" \/>\n<meta name=\"twitter:label1\" content=\"Dur\u00e9e de lecture estim\u00e9e\" \/>\n\t<meta name=\"twitter:data1\" content=\"1 minute\" \/>\n<script type=\"application\/ld+json\" class=\"yoast-schema-graph\">{\"@context\":\"https:\/\/schema.org\",\"@graph\":[{\"@type\":\"WebPage\",\"@id\":\"https:\/\/eurosdiscounts.com\/index.php\/produit\/canape-dangle-relaxation-electrique-5-places-en-cuir-teramo-coloris-anthracite\/\",\"url\":\"https:\/\/eurosdiscounts.com\/index.php\/produit\/canape-dangle-relaxation-electrique-5-places-en-cuir-teramo-coloris-anthracite\/\",\"name\":\"canape-dangle-relaxation-electrique-5-places-en-cuir-teramo\",\"isPartOf\":{\"@id\":\"https:\/\/eurosdiscounts.com\/#website\"},\"primaryImageOfPage\":{\"@id\":\"https:\/\/eurosdiscounts.com\/index.php\/produit\/canape-dangle-relaxation-electrique-5-places-en-cuir-teramo-coloris-anthracite\/#primaryimage\"},\"image\":{\"@id\":\"https:\/\/eurosdiscounts.com\/index.php\/produit\/canape-dangle-relaxation-electrique-5-places-en-cuir-teramo-coloris-anthracite\/#primaryimage\"},\"thumbnailUrl\":\"https:\/\/eurosdiscounts.com\/wp-content\/uploads\/2019\/11\/c-33.jpg\",\"datePublished\":\"2019-11-19T14:43:36+00:00\",\"description\":\"canape-dangle-relaxation-electrique-5-places-en-cuir-teramo-coloris-anthracite\",\"breadcrumb\":{\"@id\":\"https:\/\/eurosdiscounts.com\/index.php\/produit\/canape-dangle-relaxation-electrique-5-places-en-cuir-teramo-coloris-anthracite\/#breadcrumb\"},\"inLanguage\":\"fr-FR\",\"potentialAction\":[{\"@type\":\"ReadAction\",\"target\":[\"https:\/\/eurosdiscounts.com\/index.php\/produit\/canape-dangle-relaxation-electrique-5-places-en-cuir-teramo-coloris-anthracite\/\"]}]},{\"@type\":\"ImageObject\",\"inLanguage\":\"fr-FR\",\"@id\":\"https:\/\/eurosdiscounts.com\/index.php\/produit\/canape-dangle-relaxation-electrique-5-places-en-cuir-teramo-coloris-anthracite\/#primaryimage\",\"url\":\"https:\/\/eurosdiscounts.com\/wp-content\/uploads\/2019\/11\/c-33.jpg\",\"contentUrl\":\"https:\/\/eurosdiscounts.com\/wp-content\/uploads\/2019\/11\/c-33.jpg\",\"width\":800,\"height\":600},{\"@type\":\"BreadcrumbList\",\"@id\":\"https:\/\/eurosdiscounts.com\/index.php\/produit\/canape-dangle-relaxation-electrique-5-places-en-cuir-teramo-coloris-anthracite\/#breadcrumb\",\"itemListElement\":[{\"@type\":\"ListItem\",\"position\":1,\"name\":\"Accueil\",\"item\":\"https:\/\/eurosdiscounts.com\/\"},{\"@type\":\"ListItem\",\"position\":2,\"name\":\"Boutique\",\"item\":\"https:\/\/eurosdiscounts.com\/index.php\/boutique\/\"},{\"@type\":\"ListItem\",\"position\":3,\"name\":\"Canap\u00e9 d&rsquo;angle relaxation \u00e9lectrique 5 places en cuir TERAMO coloris anthracite\"}]},{\"@type\":\"WebSite\",\"@id\":\"https:\/\/eurosdiscounts.com\/#website\",\"url\":\"https:\/\/eurosdiscounts.com\/\",\"name\":\"Eurosdiscounts.com- Achat sur Internet a prix discount, Canap\u00e9s pas cher, Smartphone pas cher, pc portable pas cher..\",\"description\":\"Eurosdiscounts.com- Achat sur Internet a prix discount, Canap\u00e9s pas cher, Smartphone pas cher, pc portable pas cher..\",\"potentialAction\":[{\"@type\":\"SearchAction\",\"target\":{\"@type\":\"EntryPoint\",\"urlTemplate\":\"https:\/\/eurosdiscounts.com\/?s={search_term_string}\"},\"query-input\":{\"@type\":\"PropertyValueSpecification\",\"valueRequired\":true,\"valueName\":\"search_term_string\"}}],\"inLanguage\":\"fr-FR\"}]}<\/script>\n<!-- \/ Yoast SEO plugin. -->","yoast_head_json":{"title":"canape-dangle-relaxation-electrique-5-places-en-cuir-teramo","description":"canape-dangle-relaxation-electrique-5-places-en-cuir-teramo-coloris-anthracite","robots":{"index":"index","follow":"follow","max-snippet":"max-snippet:-1","max-image-preview":"max-image-preview:large","max-video-preview":"max-video-preview:-1"},"canonical":"https:\/\/eurosdiscounts.com\/index.php\/produit\/canape-dangle-relaxation-electrique-5-places-en-cuir-teramo-coloris-anthracite\/","og_locale":"fr_FR","og_type":"article","og_title":"Canap\u00e9 d'angle relaxation \u00e9lectrique 5 places","og_description":"Canap\u00e9 d'angle relaxation \u00e9lectrique 5 places","og_url":"https:\/\/eurosdiscounts.com\/index.php\/produit\/canape-dangle-relaxation-electrique-5-places-en-cuir-teramo-coloris-anthracite\/","og_site_name":"Eurosdiscounts.com- Achat sur Internet a prix discount, Canap\u00e9s pas cher, Smartphone pas cher, pc portable pas cher..","og_image":[{"width":800,"height":600,"url":"https:\/\/eurosdiscounts.com\/wp-content\/uploads\/2019\/11\/c-33.jpg","type":"image\/jpeg"}],"twitter_card":"summary_large_image","twitter_title":"Canap\u00e9 d'angle relaxation \u00e9lectrique 5 places","twitter_description":"Canap\u00e9 d'angle relaxation \u00e9lectrique 5 places","twitter_misc":{"Dur\u00e9e de lecture estim\u00e9e":"1 minute"},"schema":{"@context":"https:\/\/schema.org","@graph":[{"@type":"WebPage","@id":"https:\/\/eurosdiscounts.com\/index.php\/produit\/canape-dangle-relaxation-electrique-5-places-en-cuir-teramo-coloris-anthracite\/","url":"https:\/\/eurosdiscounts.com\/index.php\/produit\/canape-dangle-relaxation-electrique-5-places-en-cuir-teramo-coloris-anthracite\/","name":"canape-dangle-relaxation-electrique-5-places-en-cuir-teramo","isPartOf":{"@id":"https:\/\/eurosdiscounts.com\/#website"},"primaryImageOfPage":{"@id":"https:\/\/eurosdiscounts.com\/index.php\/produit\/canape-dangle-relaxation-electrique-5-places-en-cuir-teramo-coloris-anthracite\/#primaryimage"},"image":{"@id":"https:\/\/eurosdiscounts.com\/index.php\/produit\/canape-dangle-relaxation-electrique-5-places-en-cuir-teramo-coloris-anthracite\/#primaryimage"},"thumbnailUrl":"https:\/\/eurosdiscounts.com\/wp-content\/uploads\/2019\/11\/c-33.jpg","datePublished":"2019-11-19T14:43:36+00:00","description":"canape-dangle-relaxation-electrique-5-places-en-cuir-teramo-coloris-anthracite","breadcrumb":{"@id":"https:\/\/eurosdiscounts.com\/index.php\/produit\/canape-dangle-relaxation-electrique-5-places-en-cuir-teramo-coloris-anthracite\/#breadcrumb"},"inLanguage":"fr-FR","potentialAction":[{"@type":"ReadAction","target":["https:\/\/eurosdiscounts.com\/index.php\/produit\/canape-dangle-relaxation-electrique-5-places-en-cuir-teramo-coloris-anthracite\/"]}]},{"@type":"ImageObject","inLanguage":"fr-FR","@id":"https:\/\/eurosdiscounts.com\/index.php\/produit\/canape-dangle-relaxation-electrique-5-places-en-cuir-teramo-coloris-anthracite\/#primaryimage","url":"https:\/\/eurosdiscounts.com\/wp-content\/uploads\/2019\/11\/c-33.jpg","contentUrl":"https:\/\/eurosdiscounts.com\/wp-content\/uploads\/2019\/11\/c-33.jpg","width":800,"height":600},{"@type":"BreadcrumbList","@id":"https:\/\/eurosdiscounts.com\/index.php\/produit\/canape-dangle-relaxation-electrique-5-places-en-cuir-teramo-coloris-anthracite\/#breadcrumb","itemListElement":[{"@type":"ListItem","position":1,"name":"Accueil","item":"https:\/\/eurosdiscounts.com\/"},{"@type":"ListItem","position":2,"name":"Boutique","item":"https:\/\/eurosdiscounts.com\/index.php\/boutique\/"},{"@type":"ListItem","position":3,"name":"Canap\u00e9 d&rsquo;angle relaxation \u00e9lectrique 5 places en cuir TERAMO coloris anthracite"}]},{"@type":"WebSite","@id":"https:\/\/eurosdiscounts.com\/#website","url":"https:\/\/eurosdiscounts.com\/","name":"Eurosdiscounts.com- Achat sur Internet a prix discount, Canap\u00e9s pas cher, Smartphone pas cher, pc portable pas cher..","description":"Eurosdiscounts.com- Achat sur Internet a prix discount, Canap\u00e9s pas cher, Smartphone pas cher, pc portable pas cher..","potentialAction":[{"@type":"SearchAction","target":{"@type":"EntryPoint","urlTemplate":"https:\/\/eurosdiscounts.com\/?s={search_term_string}"},"query-input":{"@type":"PropertyValueSpecification","valueRequired":true,"valueName":"search_term_string"}}],"inLanguage":"fr-FR"}]}},"_links":{"self":[{"href":"https:\/\/eurosdiscounts.com\/index.php\/wp-json\/wp\/v2\/product\/9175","targetHints":{"allow":["GET"]}}],"collection":[{"href":"https:\/\/eurosdiscounts.com\/index.php\/wp-json\/wp\/v2\/product"}],"about":[{"href":"https:\/\/eurosdiscounts.com\/index.php\/wp-json\/wp\/v2\/types\/product"}],"replies":[{"embeddable":true,"href":"https:\/\/eurosdiscounts.com\/index.php\/wp-json\/wp\/v2\/comments?post=9175"}],"wp:featuredmedia":[{"embeddable":true,"href":"https:\/\/eurosdiscounts.com\/index.php\/wp-json\/wp\/v2\/media\/15278"}],"wp:attachment":[{"href":"https:\/\/eurosdiscounts.com\/index.php\/wp-json\/wp\/v2\/media?parent=9175"}],"wp:term":[{"taxonomy":"product_cat","embeddable":true,"href":"https:\/\/eurosdiscounts.com\/index.php\/wp-json\/wp\/v2\/product_cat?post=9175"},{"taxonomy":"product_tag","embeddable":true,"href":"https:\/\/eurosdiscounts.com\/index.php\/wp-json\/wp\/v2\/product_tag?post=9175"}],"curies":[{"name":"wp","href":"https:\/\/api.w.org\/{rel}","templated":true}]}}