{"id":9166,"date":"2019-11-19T15:34:54","date_gmt":"2019-11-19T14:34:54","guid":{"rendered":"https:\/\/smartsdiscount.com\/?post_type=product&amp;p=9166"},"modified":"2019-11-19T15:34:54","modified_gmt":"2019-11-19T14:34:54","slug":"canape-dangle-panoramique-5-places","status":"publish","type":"product","link":"https:\/\/eurosdiscounts.com\/index.php\/produit\/canape-dangle-panoramique-5-places\/","title":{"rendered":"Canap\u00e9 d&rsquo;angle panoramique 5 places"},"content":{"rendered":"<h3 class=\"costum-list-style\">Description du produit<\/h3>\n<ul class=\"ui-tabs-nav ui-helper-reset ui-helper-clearfix ui-widget-header ui-corner-all\" role=\"tablist\">\n<li>Coussins d\u00e9co fournis<\/li>\n<\/ul>\n<p class=\"normal\">Alliez design et bien-\u00eatre pour toute la famille avec ce canap\u00e9 d&rsquo;angle panoramique en tissu gris cinq places. G\u00e9n\u00e9reusement garni en mousse Bultex, il assure un confort moelleux et enveloppant. Sa structure et ses pieds en bois de h\u00eatre massif promettent une stabilit\u00e9 et une solidit\u00e9 durables. En bonus ses coussins d\u00e9co sont inclus.<br \/>\nPour une ambiance moderne et chaleureuse, associez votre fauteuil au tapis SAM.<\/p>\n<p>Informations produit<br \/>\nDimensions:<br \/>\n&#8211; Largeur : 295 cm<br \/>\n&#8211; Profondeur : 295 cm<br \/>\n&#8211; Hauteur : 90 cm<\/p>\n<p>Composition\/rev\u00eatement:<br \/>\n&#8211; Assise: tissu<br \/>\n&#8211; Dossier: tissu<br \/>\n&#8211; Garnissage: mousse et mousse Bultex<br \/>\n&#8211; Pi\u00e8tement: plastique et bois<\/p>\n<p>Colisage:<br \/>\n&#8211; Nombre de colis: 2<br \/>\n&#8211; Dimensions colis : 189x90x109 + 189x90x109 cm<br \/>\n&#8211; Poids total colis: 160 kg<\/p>\n<p>Pensez \u00e0 v\u00e9rifier que l&rsquo;acc\u00e8s \u00e0 votre pi\u00e8ce (couloir, ascenseur, escalier, etc.) permet d&rsquo;accueillir ais\u00e9ment le produit.<\/p>\n<p>&nbsp;<\/p>\n<h3 class=\"costum-list-style\">Conseils d&rsquo;utilisation<\/h3>\n<p class=\"normal\">Nos conseils:D\u00e9poussi\u00e9rez r\u00e9guli\u00e8rement et d\u00e9licatement votre fauteuil \u00e0 l&rsquo;aide de la brosse souple de l&rsquo;aspirateur sur puissance minimale. Pour \u00e9viter une usure trop rapide, n&rsquo;exposez pas votre canap\u00e9 \u00e0 la lumi\u00e8re directe. Garantie 2 ans pi\u00e8ces<\/p>\n","protected":false},"excerpt":{"rendered":"<div class=\"detailCaracts\">\n<table class=\"productSpecifications\">\n<tbody>\n<tr>\n<td class=\"titleCaract\" colspan=\"2\">\n<h3>Description<\/h3>\n<\/td>\n<\/tr>\n<tr class=\"col\">\n<td><strong>Origine de Fabrication<\/strong><\/td>\n<td>Europe<\/td>\n<\/tr>\n<tr class=\"col\">\n<td><strong>Nombre de places<\/strong><\/td>\n<td>5 pl<\/td>\n<\/tr>\n<tr class=\"col\">\n<td><strong>Accoudoirs r\u00e9glables<\/strong><\/td>\n<td>Non<\/td>\n<\/tr>\n<tr class=\"col\">\n<td><strong>T\u00e9ti\u00e8res \/ appuie-t\u00eates ajustables<\/strong><\/td>\n<td>Non<\/td>\n<\/tr>\n<tr class=\"col\">\n<td><strong>Type<\/strong><\/td>\n<td>fixe<\/td>\n<\/tr>\n<tr class=\"col\">\n<td><strong>Style<\/strong><\/td>\n<td>Urbain<\/td>\n<\/tr>\n<tr class=\"col\">\n<td><strong>Cot\u00e9 d&rsquo;angle<\/strong><\/td>\n<td>panoramique<\/td>\n<\/tr>\n<tr class=\"col\">\n<td><strong>Liseuse<\/strong><\/td>\n<td>non<\/td>\n<\/tr>\n<tr class=\"col\">\n<td><strong>Coussin(s) cale-reins<\/strong><\/td>\n<td>Oui<\/td>\n<\/tr>\n<tr class=\"col\">\n<td><strong>Coffre de rangement<\/strong><\/td>\n<td>Non<\/td>\n<\/tr>\n<tr class=\"col col-last\">\n<td><strong>Type<\/strong><\/td>\n<td>Si\u00e8ge complet<\/td>\n<\/tr>\n<\/tbody>\n<\/table>\n<\/div>\n<div class=\"detailCaracts\">\n<table class=\"productSpecifications\">\n<tbody>\n<tr>\n<td class=\"titleCaract\" colspan=\"2\">\n<h3>Coloris<\/h3>\n<\/td>\n<\/tr>\n<tr class=\"col col-last\">\n<td><strong>Coloris<\/strong><\/td>\n<td>gris<\/td>\n<\/tr>\n<\/tbody>\n<\/table>\n<\/div>\n<div class=\"detailCaracts\">\n<table class=\"productSpecifications\">\n<tbody>\n<tr>\n<td class=\"titleCaract\" colspan=\"2\">\n<h3>Dimensions et poids<\/h3>\n<\/td>\n<\/tr>\n<tr class=\"col\">\n<td><strong>Dimension colis 3<\/strong><\/td>\n<td>106x90x106<\/td>\n<\/tr>\n<tr class=\"col\">\n<td><strong>Dimension colis<\/strong><\/td>\n<td>189x90x109<\/td>\n<\/tr>\n<tr class=\"col\">\n<td><strong>Dimension colis 2<\/strong><\/td>\n<td>189x90x109<\/td>\n<\/tr>\n<tr class=\"col\">\n<td><strong>Poids total colis<\/strong><\/td>\n<td>160 kg<\/td>\n<\/tr>\n<tr class=\"col\">\n<td><strong>Profondeur<\/strong><\/td>\n<td>295 cm<\/td>\n<\/tr>\n<tr class=\"col\">\n<td><strong>Hauteur<\/strong><\/td>\n<td>90 cm<\/td>\n<\/tr>\n<tr class=\"col col-last\">\n<td><strong>Largeur<\/strong><\/td>\n<td>295 cm<\/td>\n<\/tr>\n<\/tbody>\n<\/table>\n<\/div>\n<div class=\"detailCaracts\">\n<table class=\"productSpecifications\">\n<tbody>\n<tr>\n<td class=\"titleCaract\" colspan=\"2\">\n<h3>Mati\u00e8res et finitions<\/h3>\n<\/td>\n<\/tr>\n<tr class=\"col\">\n<td><strong>Rev\u00eatement<\/strong><\/td>\n<td>tissu<\/td>\n<\/tr>\n<tr class=\"col\">\n<td><strong>Rev\u00eatement caisse<\/strong><\/td>\n<td>100% polyester<\/td>\n<\/tr>\n<tr class=\"col\">\n<td><strong>Suspension<\/strong><\/td>\n<td>Ressorts nosag et sangles \u00e9lastiques<\/td>\n<\/tr>\n<tr class=\"col\">\n<td><strong>Technologie matelas<\/strong><\/td>\n<td>Mousse polyur\u00e9thane, mousse Bultex 40kg et fibres<\/td>\n<\/tr>\n<tr class=\"col\">\n<td><strong>Mati\u00e8re garnissage<\/strong><\/td>\n<td>Mousse polyur\u00e9thane, mousse Bultex 40kg et fibres<\/td>\n<\/tr>\n<tr class=\"col\">\n<td><strong>Rev\u00eatement couette\/assise<\/strong><\/td>\n<td>100% polyester<\/td>\n<\/tr>\n<tr class=\"col\">\n<td><strong>Mati\u00e8re pieds<\/strong><\/td>\n<td>Bois et plastique<\/td>\n<\/tr>\n<tr class=\"col\">\n<td><strong>Mati\u00e8re structure<\/strong><\/td>\n<td>Panneaux de fibres et h\u00eatre<\/td>\n<\/tr>\n<tr class=\"col col-last\">\n<td><strong>Autres teintes disponibles<\/strong><\/td>\n<td>Anthracite, Bleu clair, Bleu fonc\u00e9, Beige, Marron<\/td>\n<\/tr>\n<\/tbody>\n<\/table>\n<\/div>\n<div class=\"detailCaracts\">\n<table class=\"productSpecifications\">\n<tbody>\n<tr>\n<td class=\"titleCaract\" colspan=\"2\">\n<h3>Services<\/h3>\n<\/td>\n<\/tr>\n<tr class=\"col\">\n<td><strong>Disponibilit\u00e9 pi\u00e8ces d\u00e9tach\u00e9es<\/strong><\/td>\n<td>Non disponible<\/td>\n<\/tr>\n<tr class=\"col col-last\">\n<td><strong>Garantie<\/strong><\/td>\n<td>GAR 2 ANS PIECES<\/td>\n<\/tr>\n<\/tbody>\n<\/table>\n<\/div>\n","protected":false},"featured_media":15286,"comment_status":"open","ping_status":"closed","template":"","meta":[],"product_cat":[156,214],"product_tag":[],"class_list":{"0":"post-9166","1":"product","2":"type-product","3":"status-publish","4":"has-post-thumbnail","6":"product_cat-bons-plans","7":"product_cat-canapes","9":"first","10":"instock","11":"sale","12":"shipping-taxable","13":"purchasable","14":"product-type-simple","15":"col-xs-6 col-sm-4","16":"col-md-3 col-lg-3","17":"un-4-cols"},"yoast_head":"<!-- This site is optimized with the Yoast SEO plugin v27.0 - https:\/\/yoast.com\/product\/yoast-seo-wordpress\/ -->\n<title>canape-dangle-panoramique-5-places<\/title>\n<meta name=\"description\" content=\"Alliez design et bien-\u00eatre pour toute la famille avec ce canap\u00e9 d&#039;angle panoramique en tissu gris cinq places. G\u00e9n\u00e9reusement garni en mousse Bultex, il assure un confort moelleux et enveloppant. Sa structure et ses pieds en bois de h\u00eatre massif promettent une stabilit\u00e9 et une solidit\u00e9 durables. En bonus ses coussins d\u00e9co sont inclus.Pour une ambiance moderne et chaleureuse, associez votre fauteuil au tapis SAM.\" \/>\n<meta name=\"robots\" content=\"index, follow, max-snippet:-1, max-image-preview:large, max-video-preview:-1\" \/>\n<link rel=\"canonical\" href=\"https:\/\/eurosdiscounts.com\/index.php\/produit\/canape-dangle-panoramique-5-places\/\" \/>\n<meta property=\"og:locale\" content=\"fr_FR\" \/>\n<meta property=\"og:type\" content=\"article\" \/>\n<meta property=\"og:title\" content=\"canape-dangle-panoramique-5-places\" \/>\n<meta property=\"og:description\" content=\"Alliez design et bien-\u00eatre pour toute la famille avec ce canap\u00e9 d&#039;angle panoramique en tissu gris cinq places. G\u00e9n\u00e9reusement garni en mousse Bultex, il assure un confort moelleux et enveloppant. Sa structure et ses pieds en bois de h\u00eatre massif promettent une stabilit\u00e9 et une solidit\u00e9 durables. En bonus ses coussins d\u00e9co sont inclus.Pour une ambiance moderne et chaleureuse, associez votre fauteuil au tapis SAM.\" \/>\n<meta property=\"og:url\" content=\"https:\/\/eurosdiscounts.com\/index.php\/produit\/canape-dangle-panoramique-5-places\/\" \/>\n<meta property=\"og:site_name\" content=\"Eurosdiscounts.com- Achat sur Internet a prix discount, Canap\u00e9s pas cher, Smartphone pas cher, pc portable pas cher..\" \/>\n<meta property=\"og:image\" content=\"https:\/\/eurosdiscounts.com\/wp-content\/uploads\/2019\/11\/c-35.jpg\" \/>\n\t<meta property=\"og:image:width\" content=\"800\" \/>\n\t<meta property=\"og:image:height\" content=\"600\" \/>\n\t<meta property=\"og:image:type\" content=\"image\/jpeg\" \/>\n<meta name=\"twitter:card\" content=\"summary_large_image\" \/>\n<meta name=\"twitter:label1\" content=\"Dur\u00e9e de lecture estim\u00e9e\" \/>\n\t<meta name=\"twitter:data1\" content=\"1 minute\" \/>\n<script type=\"application\/ld+json\" class=\"yoast-schema-graph\">{\"@context\":\"https:\/\/schema.org\",\"@graph\":[{\"@type\":\"WebPage\",\"@id\":\"https:\/\/eurosdiscounts.com\/index.php\/produit\/canape-dangle-panoramique-5-places\/\",\"url\":\"https:\/\/eurosdiscounts.com\/index.php\/produit\/canape-dangle-panoramique-5-places\/\",\"name\":\"canape-dangle-panoramique-5-places\",\"isPartOf\":{\"@id\":\"https:\/\/eurosdiscounts.com\/#website\"},\"primaryImageOfPage\":{\"@id\":\"https:\/\/eurosdiscounts.com\/index.php\/produit\/canape-dangle-panoramique-5-places\/#primaryimage\"},\"image\":{\"@id\":\"https:\/\/eurosdiscounts.com\/index.php\/produit\/canape-dangle-panoramique-5-places\/#primaryimage\"},\"thumbnailUrl\":\"https:\/\/eurosdiscounts.com\/wp-content\/uploads\/2019\/11\/c-35.jpg\",\"datePublished\":\"2019-11-19T14:34:54+00:00\",\"description\":\"Alliez design et bien-\u00eatre pour toute la famille avec ce canap\u00e9 d'angle panoramique en tissu gris cinq places. G\u00e9n\u00e9reusement garni en mousse Bultex, il assure un confort moelleux et enveloppant. Sa structure et ses pieds en bois de h\u00eatre massif promettent une stabilit\u00e9 et une solidit\u00e9 durables. En bonus ses coussins d\u00e9co sont inclus.Pour une ambiance moderne et chaleureuse, associez votre fauteuil au tapis SAM.\",\"breadcrumb\":{\"@id\":\"https:\/\/eurosdiscounts.com\/index.php\/produit\/canape-dangle-panoramique-5-places\/#breadcrumb\"},\"inLanguage\":\"fr-FR\",\"potentialAction\":[{\"@type\":\"ReadAction\",\"target\":[\"https:\/\/eurosdiscounts.com\/index.php\/produit\/canape-dangle-panoramique-5-places\/\"]}]},{\"@type\":\"ImageObject\",\"inLanguage\":\"fr-FR\",\"@id\":\"https:\/\/eurosdiscounts.com\/index.php\/produit\/canape-dangle-panoramique-5-places\/#primaryimage\",\"url\":\"https:\/\/eurosdiscounts.com\/wp-content\/uploads\/2019\/11\/c-35.jpg\",\"contentUrl\":\"https:\/\/eurosdiscounts.com\/wp-content\/uploads\/2019\/11\/c-35.jpg\",\"width\":800,\"height\":600},{\"@type\":\"BreadcrumbList\",\"@id\":\"https:\/\/eurosdiscounts.com\/index.php\/produit\/canape-dangle-panoramique-5-places\/#breadcrumb\",\"itemListElement\":[{\"@type\":\"ListItem\",\"position\":1,\"name\":\"Accueil\",\"item\":\"https:\/\/eurosdiscounts.com\/\"},{\"@type\":\"ListItem\",\"position\":2,\"name\":\"Boutique\",\"item\":\"https:\/\/eurosdiscounts.com\/index.php\/boutique\/\"},{\"@type\":\"ListItem\",\"position\":3,\"name\":\"Canap\u00e9 d&rsquo;angle panoramique 5 places\"}]},{\"@type\":\"WebSite\",\"@id\":\"https:\/\/eurosdiscounts.com\/#website\",\"url\":\"https:\/\/eurosdiscounts.com\/\",\"name\":\"Eurosdiscounts.com- Achat sur Internet a prix discount, Canap\u00e9s pas cher, Smartphone pas cher, pc portable pas cher..\",\"description\":\"Eurosdiscounts.com- Achat sur Internet a prix discount, Canap\u00e9s pas cher, Smartphone pas cher, pc portable pas cher..\",\"potentialAction\":[{\"@type\":\"SearchAction\",\"target\":{\"@type\":\"EntryPoint\",\"urlTemplate\":\"https:\/\/eurosdiscounts.com\/?s={search_term_string}\"},\"query-input\":{\"@type\":\"PropertyValueSpecification\",\"valueRequired\":true,\"valueName\":\"search_term_string\"}}],\"inLanguage\":\"fr-FR\"}]}<\/script>\n<!-- \/ Yoast SEO plugin. -->","yoast_head_json":{"title":"canape-dangle-panoramique-5-places","description":"Alliez design et bien-\u00eatre pour toute la famille avec ce canap\u00e9 d'angle panoramique en tissu gris cinq places. G\u00e9n\u00e9reusement garni en mousse Bultex, il assure un confort moelleux et enveloppant. Sa structure et ses pieds en bois de h\u00eatre massif promettent une stabilit\u00e9 et une solidit\u00e9 durables. En bonus ses coussins d\u00e9co sont inclus.Pour une ambiance moderne et chaleureuse, associez votre fauteuil au tapis SAM.","robots":{"index":"index","follow":"follow","max-snippet":"max-snippet:-1","max-image-preview":"max-image-preview:large","max-video-preview":"max-video-preview:-1"},"canonical":"https:\/\/eurosdiscounts.com\/index.php\/produit\/canape-dangle-panoramique-5-places\/","og_locale":"fr_FR","og_type":"article","og_title":"canape-dangle-panoramique-5-places","og_description":"Alliez design et bien-\u00eatre pour toute la famille avec ce canap\u00e9 d'angle panoramique en tissu gris cinq places. G\u00e9n\u00e9reusement garni en mousse Bultex, il assure un confort moelleux et enveloppant. Sa structure et ses pieds en bois de h\u00eatre massif promettent une stabilit\u00e9 et une solidit\u00e9 durables. En bonus ses coussins d\u00e9co sont inclus.Pour une ambiance moderne et chaleureuse, associez votre fauteuil au tapis SAM.","og_url":"https:\/\/eurosdiscounts.com\/index.php\/produit\/canape-dangle-panoramique-5-places\/","og_site_name":"Eurosdiscounts.com- Achat sur Internet a prix discount, Canap\u00e9s pas cher, Smartphone pas cher, pc portable pas cher..","og_image":[{"width":800,"height":600,"url":"https:\/\/eurosdiscounts.com\/wp-content\/uploads\/2019\/11\/c-35.jpg","type":"image\/jpeg"}],"twitter_card":"summary_large_image","twitter_misc":{"Dur\u00e9e de lecture estim\u00e9e":"1 minute"},"schema":{"@context":"https:\/\/schema.org","@graph":[{"@type":"WebPage","@id":"https:\/\/eurosdiscounts.com\/index.php\/produit\/canape-dangle-panoramique-5-places\/","url":"https:\/\/eurosdiscounts.com\/index.php\/produit\/canape-dangle-panoramique-5-places\/","name":"canape-dangle-panoramique-5-places","isPartOf":{"@id":"https:\/\/eurosdiscounts.com\/#website"},"primaryImageOfPage":{"@id":"https:\/\/eurosdiscounts.com\/index.php\/produit\/canape-dangle-panoramique-5-places\/#primaryimage"},"image":{"@id":"https:\/\/eurosdiscounts.com\/index.php\/produit\/canape-dangle-panoramique-5-places\/#primaryimage"},"thumbnailUrl":"https:\/\/eurosdiscounts.com\/wp-content\/uploads\/2019\/11\/c-35.jpg","datePublished":"2019-11-19T14:34:54+00:00","description":"Alliez design et bien-\u00eatre pour toute la famille avec ce canap\u00e9 d'angle panoramique en tissu gris cinq places. G\u00e9n\u00e9reusement garni en mousse Bultex, il assure un confort moelleux et enveloppant. Sa structure et ses pieds en bois de h\u00eatre massif promettent une stabilit\u00e9 et une solidit\u00e9 durables. En bonus ses coussins d\u00e9co sont inclus.Pour une ambiance moderne et chaleureuse, associez votre fauteuil au tapis SAM.","breadcrumb":{"@id":"https:\/\/eurosdiscounts.com\/index.php\/produit\/canape-dangle-panoramique-5-places\/#breadcrumb"},"inLanguage":"fr-FR","potentialAction":[{"@type":"ReadAction","target":["https:\/\/eurosdiscounts.com\/index.php\/produit\/canape-dangle-panoramique-5-places\/"]}]},{"@type":"ImageObject","inLanguage":"fr-FR","@id":"https:\/\/eurosdiscounts.com\/index.php\/produit\/canape-dangle-panoramique-5-places\/#primaryimage","url":"https:\/\/eurosdiscounts.com\/wp-content\/uploads\/2019\/11\/c-35.jpg","contentUrl":"https:\/\/eurosdiscounts.com\/wp-content\/uploads\/2019\/11\/c-35.jpg","width":800,"height":600},{"@type":"BreadcrumbList","@id":"https:\/\/eurosdiscounts.com\/index.php\/produit\/canape-dangle-panoramique-5-places\/#breadcrumb","itemListElement":[{"@type":"ListItem","position":1,"name":"Accueil","item":"https:\/\/eurosdiscounts.com\/"},{"@type":"ListItem","position":2,"name":"Boutique","item":"https:\/\/eurosdiscounts.com\/index.php\/boutique\/"},{"@type":"ListItem","position":3,"name":"Canap\u00e9 d&rsquo;angle panoramique 5 places"}]},{"@type":"WebSite","@id":"https:\/\/eurosdiscounts.com\/#website","url":"https:\/\/eurosdiscounts.com\/","name":"Eurosdiscounts.com- Achat sur Internet a prix discount, Canap\u00e9s pas cher, Smartphone pas cher, pc portable pas cher..","description":"Eurosdiscounts.com- Achat sur Internet a prix discount, Canap\u00e9s pas cher, Smartphone pas cher, pc portable pas cher..","potentialAction":[{"@type":"SearchAction","target":{"@type":"EntryPoint","urlTemplate":"https:\/\/eurosdiscounts.com\/?s={search_term_string}"},"query-input":{"@type":"PropertyValueSpecification","valueRequired":true,"valueName":"search_term_string"}}],"inLanguage":"fr-FR"}]}},"_links":{"self":[{"href":"https:\/\/eurosdiscounts.com\/index.php\/wp-json\/wp\/v2\/product\/9166","targetHints":{"allow":["GET"]}}],"collection":[{"href":"https:\/\/eurosdiscounts.com\/index.php\/wp-json\/wp\/v2\/product"}],"about":[{"href":"https:\/\/eurosdiscounts.com\/index.php\/wp-json\/wp\/v2\/types\/product"}],"replies":[{"embeddable":true,"href":"https:\/\/eurosdiscounts.com\/index.php\/wp-json\/wp\/v2\/comments?post=9166"}],"wp:featuredmedia":[{"embeddable":true,"href":"https:\/\/eurosdiscounts.com\/index.php\/wp-json\/wp\/v2\/media\/15286"}],"wp:attachment":[{"href":"https:\/\/eurosdiscounts.com\/index.php\/wp-json\/wp\/v2\/media?parent=9166"}],"wp:term":[{"taxonomy":"product_cat","embeddable":true,"href":"https:\/\/eurosdiscounts.com\/index.php\/wp-json\/wp\/v2\/product_cat?post=9166"},{"taxonomy":"product_tag","embeddable":true,"href":"https:\/\/eurosdiscounts.com\/index.php\/wp-json\/wp\/v2\/product_tag?post=9166"}],"curies":[{"name":"wp","href":"https:\/\/api.w.org\/{rel}","templated":true}]}}