{"id":8917,"date":"2019-11-10T13:57:23","date_gmt":"2019-11-10T12:57:23","guid":{"rendered":"https:\/\/smartsdiscount.com\/?post_type=product&amp;p=8917"},"modified":"2019-11-10T13:57:23","modified_gmt":"2019-11-10T12:57:23","slug":"canape-lit-grand-sofa-lit-moderne160-x-90-x-78-cm-confortable-canape-de-relaxation-reglableavec-table-deroulante-en-cuir-artificiel","status":"publish","type":"product","link":"https:\/\/eurosdiscounts.com\/index.php\/produit\/canape-lit-grand-sofa-lit-moderne160-x-90-x-78-cm-confortable-canape-de-relaxation-reglableavec-table-deroulante-en-cuir-artificiel\/","title":{"rendered":"Canap\u00e9-lit Grand Sofa-lit moderne160 x 90 x 78 cm Confortable Canap\u00e9 de relaxation r\u00e9glableavec table d\u00e9roulante en cuir artificiel"},"content":{"rendered":"<table class=\"fpDescTb fpDescTbPub\">\n<tbody>\n<tr>\n<th colspan=\"2\">Informations g\u00e9n\u00e9rales sur le produit<\/th>\n<\/tr>\n<tr>\n<td>Nom du produit<\/td>\n<td>Canap\u00e9-lit Grand Sofa-lit moderne160 x 90 x 78 cm<\/td>\n<\/tr>\n<tr>\n<td>Cat\u00e9gorie<\/td>\n<td>CANAP\u00c9 &#8211; SOFA &#8211; DIVAN<\/td>\n<\/tr>\n<tr>\n<th colspan=\"2\">G\u00e9n\u00e9ral<\/th>\n<\/tr>\n<tr>\n<td>Marque<\/td>\n<td>OVONNI<\/td>\n<\/tr>\n<tr>\n<td>Style<\/td>\n<td>Contemporain<\/td>\n<\/tr>\n<tr>\n<td>Type de canap\u00e9<\/td>\n<td>Convertible<\/td>\n<\/tr>\n<tr>\n<th colspan=\"2\">Caract\u00e9ristiques<\/th>\n<\/tr>\n<tr>\n<td>Mati\u00e8re du rev\u00eatement<\/td>\n<td>Simili<\/td>\n<\/tr>\n<\/tbody>\n<\/table>\n","protected":false},"excerpt":{"rendered":"<div id=\"presContent\" class=\"fpBlk testSep extCode\">\n<p><b>Caract\u00e9ristiques:<\/b>Ce canap\u00e9-lit de haute qualit\u00e9, avec un design polyvalent qui lui permet d\u2019\u00eatre utilis\u00e9 en plusieurs configurations, est parfait pour les invit\u00e9s inattendus et fournit un espace confortable de si\u00e8ge pour vous d\u00e9tendre pendant la journ\u00e9e. Son design contemporain compl\u00e8te tout d\u00e9cor. Notre canap\u00e9-lit peut \u00eatre transform\u00e9 rapidement et facilement d&rsquo;un canap\u00e9 \u00e0 un lit et inverse. Transform\u00e9 en canap\u00e9, vous permet de choisir parmi diff\u00e9rents positions d&rsquo;inclinaison du dossier. Une table d\u00e9roulante avec deux porte-goblets ajoute de l&rsquo;utilit\u00e9 \u00e0 ce canap\u00e9 contemporain. Rembourr\u00e9 en cuir artificiel de haute qualit\u00e9, ce canap\u00e9-lit fournit du confort optimal. La structure en bois de pin solide contribue \u00e0 sa stabilit\u00e9 et durabilit\u00e9.<\/p>\n<ul>\n<li>Couleur : Noir<\/li>\n<li>Mat\u00e9riau : Cadre en bois de pin + cuir artificiel de haute qualit\u00e9<\/li>\n<li>Avec table d\u00e9roulante et deux porte-gobelets<\/li>\n<li><strong>Sp\u00e9cifications du canap\u00e9<\/strong>:<\/li>\n<li>Dimensions totales avec dossier \u00e0 environ 105\u00b0 : 160 x 90 x 78 cm (L x L x H)<\/li>\n<li>Profondeur du si\u00e8ge : 50 cm<\/li>\n<li>Hauteur du si\u00e8ge \u00e0 partir du sol : 39 cm<\/li>\n<li>Hauteur du dossier : 45 cm<\/li>\n<li><strong>Dimensions du lit (lorsqu&rsquo;il est compl\u00e8tement \u00e9tendu)<\/strong>: 160 x 100 x 39 cm (L x L x H)<\/li>\n<li>Mat\u00e9riel: Coton: 10%, Polyester: 20%, Polyur\u00e9thane: 70%<\/li>\n<\/ul>\n<\/div>\n<div id=\"desc\" class=\"anchor\"><\/div>\n<div id=\"descContent\" class=\"fpBlk testSep\" data-cs-override-id=\"Descriptif\">\n<p class=\"fpMb\">Ce canap\u00e9-lit de haute qualit\u00e9, avec un design polyvalent qui lui permet d\u2019\u00eatre utilis\u00e9 en plusieurs configurations, est parfait pour les invit\u00e9s inattendus et fournit un espace confortable de si\u00e8ge pour vous d\u00e9tendre pendant la journ\u00e9e. Son design contemporain compl\u00e8te tout d\u00e9cor. Notre canap\u00e9-lit peut \u00eatre transform\u00e9 rapidement et facilement d&rsquo;un canap\u00e9 \u00e0 un lit et inverse. Transform\u00e9 en canap\u00e9<\/p>\n<\/div>\n","protected":false},"featured_media":15304,"comment_status":"open","ping_status":"closed","template":"","meta":[],"product_cat":[214],"product_tag":[],"class_list":{"0":"post-8917","1":"product","2":"type-product","3":"status-publish","4":"has-post-thumbnail","6":"product_cat-canapes","8":"first","9":"instock","10":"shipping-taxable","11":"purchasable","12":"product-type-simple","13":"col-xs-6 col-sm-4","14":"col-md-3 col-lg-3","15":"un-4-cols"},"yoast_head":"<!-- This site is optimized with the Yoast SEO plugin v27.0 - https:\/\/yoast.com\/product\/yoast-seo-wordpress\/ -->\n<title>canape-lit-grand-sofa-lit-moderne160-x-90-x-78-cm-confortable<\/title>\n<meta name=\"description\" content=\"canape-lit-grand-sofa-lit-moderne160-x-90-x-78-cm-confortable-canape-de-relaxation-reglableavec-table-deroulante-en-cuir-artificiel\" \/>\n<meta name=\"robots\" content=\"index, follow, max-snippet:-1, max-image-preview:large, max-video-preview:-1\" \/>\n<link rel=\"canonical\" href=\"https:\/\/eurosdiscounts.com\/index.php\/produit\/canape-lit-grand-sofa-lit-moderne160-x-90-x-78-cm-confortable-canape-de-relaxation-reglableavec-table-deroulante-en-cuir-artificiel\/\" \/>\n<meta property=\"og:locale\" content=\"fr_FR\" \/>\n<meta property=\"og:type\" content=\"article\" \/>\n<meta property=\"og:title\" content=\"canape-lit-grand-sofa-lit-moderne160-x-90-x-78-cm-confortable\" \/>\n<meta property=\"og:description\" content=\"canape-lit-grand-sofa-lit-moderne160-x-90-x-78-cm-confortable-canape-de-relaxation-reglableavec-table-deroulante-en-cuir-artificiel\" \/>\n<meta property=\"og:url\" content=\"https:\/\/eurosdiscounts.com\/index.php\/produit\/canape-lit-grand-sofa-lit-moderne160-x-90-x-78-cm-confortable-canape-de-relaxation-reglableavec-table-deroulante-en-cuir-artificiel\/\" \/>\n<meta property=\"og:site_name\" content=\"Eurosdiscounts.com- Achat sur Internet a prix discount, Canap\u00e9s pas cher, Smartphone pas cher, pc portable pas cher..\" \/>\n<meta property=\"og:image\" content=\"https:\/\/eurosdiscounts.com\/wp-content\/uploads\/2019\/11\/c-42.jpg\" \/>\n\t<meta property=\"og:image:width\" content=\"700\" \/>\n\t<meta property=\"og:image:height\" content=\"700\" \/>\n\t<meta property=\"og:image:type\" content=\"image\/jpeg\" \/>\n<meta name=\"twitter:card\" content=\"summary_large_image\" \/>\n<script type=\"application\/ld+json\" class=\"yoast-schema-graph\">{\"@context\":\"https:\/\/schema.org\",\"@graph\":[{\"@type\":\"WebPage\",\"@id\":\"https:\/\/eurosdiscounts.com\/index.php\/produit\/canape-lit-grand-sofa-lit-moderne160-x-90-x-78-cm-confortable-canape-de-relaxation-reglableavec-table-deroulante-en-cuir-artificiel\/\",\"url\":\"https:\/\/eurosdiscounts.com\/index.php\/produit\/canape-lit-grand-sofa-lit-moderne160-x-90-x-78-cm-confortable-canape-de-relaxation-reglableavec-table-deroulante-en-cuir-artificiel\/\",\"name\":\"canape-lit-grand-sofa-lit-moderne160-x-90-x-78-cm-confortable\",\"isPartOf\":{\"@id\":\"https:\/\/eurosdiscounts.com\/#website\"},\"primaryImageOfPage\":{\"@id\":\"https:\/\/eurosdiscounts.com\/index.php\/produit\/canape-lit-grand-sofa-lit-moderne160-x-90-x-78-cm-confortable-canape-de-relaxation-reglableavec-table-deroulante-en-cuir-artificiel\/#primaryimage\"},\"image\":{\"@id\":\"https:\/\/eurosdiscounts.com\/index.php\/produit\/canape-lit-grand-sofa-lit-moderne160-x-90-x-78-cm-confortable-canape-de-relaxation-reglableavec-table-deroulante-en-cuir-artificiel\/#primaryimage\"},\"thumbnailUrl\":\"https:\/\/eurosdiscounts.com\/wp-content\/uploads\/2019\/11\/c-42.jpg\",\"datePublished\":\"2019-11-10T12:57:23+00:00\",\"description\":\"canape-lit-grand-sofa-lit-moderne160-x-90-x-78-cm-confortable-canape-de-relaxation-reglableavec-table-deroulante-en-cuir-artificiel\",\"breadcrumb\":{\"@id\":\"https:\/\/eurosdiscounts.com\/index.php\/produit\/canape-lit-grand-sofa-lit-moderne160-x-90-x-78-cm-confortable-canape-de-relaxation-reglableavec-table-deroulante-en-cuir-artificiel\/#breadcrumb\"},\"inLanguage\":\"fr-FR\",\"potentialAction\":[{\"@type\":\"ReadAction\",\"target\":[\"https:\/\/eurosdiscounts.com\/index.php\/produit\/canape-lit-grand-sofa-lit-moderne160-x-90-x-78-cm-confortable-canape-de-relaxation-reglableavec-table-deroulante-en-cuir-artificiel\/\"]}]},{\"@type\":\"ImageObject\",\"inLanguage\":\"fr-FR\",\"@id\":\"https:\/\/eurosdiscounts.com\/index.php\/produit\/canape-lit-grand-sofa-lit-moderne160-x-90-x-78-cm-confortable-canape-de-relaxation-reglableavec-table-deroulante-en-cuir-artificiel\/#primaryimage\",\"url\":\"https:\/\/eurosdiscounts.com\/wp-content\/uploads\/2019\/11\/c-42.jpg\",\"contentUrl\":\"https:\/\/eurosdiscounts.com\/wp-content\/uploads\/2019\/11\/c-42.jpg\",\"width\":700,\"height\":700},{\"@type\":\"BreadcrumbList\",\"@id\":\"https:\/\/eurosdiscounts.com\/index.php\/produit\/canape-lit-grand-sofa-lit-moderne160-x-90-x-78-cm-confortable-canape-de-relaxation-reglableavec-table-deroulante-en-cuir-artificiel\/#breadcrumb\",\"itemListElement\":[{\"@type\":\"ListItem\",\"position\":1,\"name\":\"Accueil\",\"item\":\"https:\/\/eurosdiscounts.com\/\"},{\"@type\":\"ListItem\",\"position\":2,\"name\":\"Boutique\",\"item\":\"https:\/\/eurosdiscounts.com\/index.php\/boutique\/\"},{\"@type\":\"ListItem\",\"position\":3,\"name\":\"Canap\u00e9-lit Grand Sofa-lit moderne160 x 90 x 78 cm Confortable Canap\u00e9 de relaxation r\u00e9glableavec table d\u00e9roulante en cuir artificiel\"}]},{\"@type\":\"WebSite\",\"@id\":\"https:\/\/eurosdiscounts.com\/#website\",\"url\":\"https:\/\/eurosdiscounts.com\/\",\"name\":\"Eurosdiscounts.com- Achat sur Internet a prix discount, Canap\u00e9s pas cher, Smartphone pas cher, pc portable pas cher..\",\"description\":\"Eurosdiscounts.com- Achat sur Internet a prix discount, Canap\u00e9s pas cher, Smartphone pas cher, pc portable pas cher..\",\"potentialAction\":[{\"@type\":\"SearchAction\",\"target\":{\"@type\":\"EntryPoint\",\"urlTemplate\":\"https:\/\/eurosdiscounts.com\/?s={search_term_string}\"},\"query-input\":{\"@type\":\"PropertyValueSpecification\",\"valueRequired\":true,\"valueName\":\"search_term_string\"}}],\"inLanguage\":\"fr-FR\"}]}<\/script>\n<!-- \/ Yoast SEO plugin. -->","yoast_head_json":{"title":"canape-lit-grand-sofa-lit-moderne160-x-90-x-78-cm-confortable","description":"canape-lit-grand-sofa-lit-moderne160-x-90-x-78-cm-confortable-canape-de-relaxation-reglableavec-table-deroulante-en-cuir-artificiel","robots":{"index":"index","follow":"follow","max-snippet":"max-snippet:-1","max-image-preview":"max-image-preview:large","max-video-preview":"max-video-preview:-1"},"canonical":"https:\/\/eurosdiscounts.com\/index.php\/produit\/canape-lit-grand-sofa-lit-moderne160-x-90-x-78-cm-confortable-canape-de-relaxation-reglableavec-table-deroulante-en-cuir-artificiel\/","og_locale":"fr_FR","og_type":"article","og_title":"canape-lit-grand-sofa-lit-moderne160-x-90-x-78-cm-confortable","og_description":"canape-lit-grand-sofa-lit-moderne160-x-90-x-78-cm-confortable-canape-de-relaxation-reglableavec-table-deroulante-en-cuir-artificiel","og_url":"https:\/\/eurosdiscounts.com\/index.php\/produit\/canape-lit-grand-sofa-lit-moderne160-x-90-x-78-cm-confortable-canape-de-relaxation-reglableavec-table-deroulante-en-cuir-artificiel\/","og_site_name":"Eurosdiscounts.com- Achat sur Internet a prix discount, Canap\u00e9s pas cher, Smartphone pas cher, pc portable pas cher..","og_image":[{"width":700,"height":700,"url":"https:\/\/eurosdiscounts.com\/wp-content\/uploads\/2019\/11\/c-42.jpg","type":"image\/jpeg"}],"twitter_card":"summary_large_image","schema":{"@context":"https:\/\/schema.org","@graph":[{"@type":"WebPage","@id":"https:\/\/eurosdiscounts.com\/index.php\/produit\/canape-lit-grand-sofa-lit-moderne160-x-90-x-78-cm-confortable-canape-de-relaxation-reglableavec-table-deroulante-en-cuir-artificiel\/","url":"https:\/\/eurosdiscounts.com\/index.php\/produit\/canape-lit-grand-sofa-lit-moderne160-x-90-x-78-cm-confortable-canape-de-relaxation-reglableavec-table-deroulante-en-cuir-artificiel\/","name":"canape-lit-grand-sofa-lit-moderne160-x-90-x-78-cm-confortable","isPartOf":{"@id":"https:\/\/eurosdiscounts.com\/#website"},"primaryImageOfPage":{"@id":"https:\/\/eurosdiscounts.com\/index.php\/produit\/canape-lit-grand-sofa-lit-moderne160-x-90-x-78-cm-confortable-canape-de-relaxation-reglableavec-table-deroulante-en-cuir-artificiel\/#primaryimage"},"image":{"@id":"https:\/\/eurosdiscounts.com\/index.php\/produit\/canape-lit-grand-sofa-lit-moderne160-x-90-x-78-cm-confortable-canape-de-relaxation-reglableavec-table-deroulante-en-cuir-artificiel\/#primaryimage"},"thumbnailUrl":"https:\/\/eurosdiscounts.com\/wp-content\/uploads\/2019\/11\/c-42.jpg","datePublished":"2019-11-10T12:57:23+00:00","description":"canape-lit-grand-sofa-lit-moderne160-x-90-x-78-cm-confortable-canape-de-relaxation-reglableavec-table-deroulante-en-cuir-artificiel","breadcrumb":{"@id":"https:\/\/eurosdiscounts.com\/index.php\/produit\/canape-lit-grand-sofa-lit-moderne160-x-90-x-78-cm-confortable-canape-de-relaxation-reglableavec-table-deroulante-en-cuir-artificiel\/#breadcrumb"},"inLanguage":"fr-FR","potentialAction":[{"@type":"ReadAction","target":["https:\/\/eurosdiscounts.com\/index.php\/produit\/canape-lit-grand-sofa-lit-moderne160-x-90-x-78-cm-confortable-canape-de-relaxation-reglableavec-table-deroulante-en-cuir-artificiel\/"]}]},{"@type":"ImageObject","inLanguage":"fr-FR","@id":"https:\/\/eurosdiscounts.com\/index.php\/produit\/canape-lit-grand-sofa-lit-moderne160-x-90-x-78-cm-confortable-canape-de-relaxation-reglableavec-table-deroulante-en-cuir-artificiel\/#primaryimage","url":"https:\/\/eurosdiscounts.com\/wp-content\/uploads\/2019\/11\/c-42.jpg","contentUrl":"https:\/\/eurosdiscounts.com\/wp-content\/uploads\/2019\/11\/c-42.jpg","width":700,"height":700},{"@type":"BreadcrumbList","@id":"https:\/\/eurosdiscounts.com\/index.php\/produit\/canape-lit-grand-sofa-lit-moderne160-x-90-x-78-cm-confortable-canape-de-relaxation-reglableavec-table-deroulante-en-cuir-artificiel\/#breadcrumb","itemListElement":[{"@type":"ListItem","position":1,"name":"Accueil","item":"https:\/\/eurosdiscounts.com\/"},{"@type":"ListItem","position":2,"name":"Boutique","item":"https:\/\/eurosdiscounts.com\/index.php\/boutique\/"},{"@type":"ListItem","position":3,"name":"Canap\u00e9-lit Grand Sofa-lit moderne160 x 90 x 78 cm Confortable Canap\u00e9 de relaxation r\u00e9glableavec table d\u00e9roulante en cuir artificiel"}]},{"@type":"WebSite","@id":"https:\/\/eurosdiscounts.com\/#website","url":"https:\/\/eurosdiscounts.com\/","name":"Eurosdiscounts.com- Achat sur Internet a prix discount, Canap\u00e9s pas cher, Smartphone pas cher, pc portable pas cher..","description":"Eurosdiscounts.com- Achat sur Internet a prix discount, Canap\u00e9s pas cher, Smartphone pas cher, pc portable pas cher..","potentialAction":[{"@type":"SearchAction","target":{"@type":"EntryPoint","urlTemplate":"https:\/\/eurosdiscounts.com\/?s={search_term_string}"},"query-input":{"@type":"PropertyValueSpecification","valueRequired":true,"valueName":"search_term_string"}}],"inLanguage":"fr-FR"}]}},"_links":{"self":[{"href":"https:\/\/eurosdiscounts.com\/index.php\/wp-json\/wp\/v2\/product\/8917","targetHints":{"allow":["GET"]}}],"collection":[{"href":"https:\/\/eurosdiscounts.com\/index.php\/wp-json\/wp\/v2\/product"}],"about":[{"href":"https:\/\/eurosdiscounts.com\/index.php\/wp-json\/wp\/v2\/types\/product"}],"replies":[{"embeddable":true,"href":"https:\/\/eurosdiscounts.com\/index.php\/wp-json\/wp\/v2\/comments?post=8917"}],"wp:featuredmedia":[{"embeddable":true,"href":"https:\/\/eurosdiscounts.com\/index.php\/wp-json\/wp\/v2\/media\/15304"}],"wp:attachment":[{"href":"https:\/\/eurosdiscounts.com\/index.php\/wp-json\/wp\/v2\/media?parent=8917"}],"wp:term":[{"taxonomy":"product_cat","embeddable":true,"href":"https:\/\/eurosdiscounts.com\/index.php\/wp-json\/wp\/v2\/product_cat?post=8917"},{"taxonomy":"product_tag","embeddable":true,"href":"https:\/\/eurosdiscounts.com\/index.php\/wp-json\/wp\/v2\/product_tag?post=8917"}],"curies":[{"name":"wp","href":"https:\/\/api.w.org\/{rel}","templated":true}]}}