{"id":8890,"date":"2019-11-10T13:23:43","date_gmt":"2019-11-10T12:23:43","guid":{"rendered":"https:\/\/smartsdiscount.com\/?post_type=product&amp;p=8890"},"modified":"2019-11-10T13:23:43","modified_gmt":"2019-11-10T12:23:43","slug":"vidaxl-canape-lit-gris-fonce-polyester","status":"publish","type":"product","link":"https:\/\/eurosdiscounts.com\/index.php\/produit\/vidaxl-canape-lit-gris-fonce-polyester\/","title":{"rendered":"vidaXL Canap\u00e9-lit Gris fonc\u00e9 Polyester"},"content":{"rendered":"<table class=\"fpDescTb fpDescTbPub\">\n<tbody>\n<tr>\n<th colspan=\"2\">Informations g\u00e9n\u00e9rales sur le produit<\/th>\n<\/tr>\n<tr>\n<td>Marque<\/td>\n<td><a title=\"VIDAXL\" href=\"https:\/\/www.cdiscount.com\/m-26546-vidaxl.html\" data-link=\"SFP-ZBN-TNO-DPM\">VIDAXL<\/a><\/td>\n<\/tr>\n<tr>\n<td>Nom du produit<\/td>\n<td>vidaXL Canap\u00e9-lit Gris fonc\u00e9 Polyester<\/td>\n<\/tr>\n<tr>\n<td>Cat\u00e9gorie<\/td>\n<td>CANAP\u00c9 &#8211; SOFA &#8211; DIVAN<\/td>\n<\/tr>\n<tr>\n<th colspan=\"2\">G\u00e9n\u00e9ral<\/th>\n<\/tr>\n<tr>\n<td>Style<\/td>\n<td>Contemporain<\/td>\n<\/tr>\n<tr>\n<td>Type de canap\u00e9<\/td>\n<td>Convertible<\/td>\n<\/tr>\n<tr>\n<td>Couleur(s)<\/td>\n<td>Gris<\/td>\n<\/tr>\n<tr>\n<th colspan=\"2\">Caract\u00e9ristiques<\/th>\n<\/tr>\n<tr>\n<td>Profondeur de l&rsquo;assise<\/td>\n<td>41 cm<\/td>\n<\/tr>\n<tr>\n<td>Mati\u00e8re du rev\u00eatement<\/td>\n<td>Tissu<\/td>\n<\/tr>\n<\/tbody>\n<\/table>\n","protected":false},"excerpt":{"rendered":"<div id=\"presContent\" class=\"fpBlk testSep extCode\">\n<p>Ce canap\u00e9-lit polyvalent sera id\u00e9al pour accueillir des invit\u00e9s inattendus pendant la nuit, tout en offrant un espace de si\u00e8ge confortable pendant la journ\u00e9e. La structure en bois et les pieds chrom\u00e9s contribuent \u00e0 sa robustesse, tandis qu&rsquo;elle est \u00e9galement \u00e9paississement rembourr\u00e9e pour plus de confort. Ce canap\u00e9-lit peut \u00eatre transform\u00e9 rapidement et facilement d&rsquo;un canap\u00e9 \u00e0 un lit et inversement. En tant que canap\u00e9, il vous permet de choisir 3 positions d&rsquo;inclinaison diff\u00e9rentes. Dot\u00e9 d&rsquo;un design contemporain, ce canap\u00e9-lit compl\u00e9tera tout int\u00e9rieur.<\/p>\n<ul>\n<li>Couleur : gris fonc\u00e9<\/li>\n<li>Mat\u00e9riau : cadre en bois + rev\u00eatement en polyester + pieds chrom\u00e9s<\/li>\n<li>Transformation facile en lit<\/li>\n<li><strong>Dimensions du canap\u00e9 :<\/strong><\/li>\n<li>Dimensions totales : 168 x 76 x 66 cm (L x l x H)<\/li>\n<li>Ajustable en 3 positions<\/li>\n<li>Profondeur d&rsquo;assise : 41 cm<\/li>\n<li>Largeur d&rsquo;assise : 168 cm<\/li>\n<li>Hauteur du si\u00e8ge \u00e0 partir du sol : 28 cm<\/li>\n<li><strong>Dimensions du lit (lorsqu&rsquo;il est compl\u00e8tement \u00e9tendu) :<\/strong><\/li>\n<li>Dimensions totales : 168 x 82 x 30 cm (L x l x H)<\/li>\n<\/ul>\n<\/div>\n<div id=\"desc\" class=\"anchor\"><\/div>\n<div id=\"descContent\" class=\"fpBlk testSep\" data-cs-override-id=\"Descriptif\">\n<p class=\"fpMb\">Ce canap\u00e9-lit polyvalent sera id\u00e9al pour accueillir des invit\u00e9s inattendus pendant la nuit, tout en offrant un espace de si\u00e8ge confortable pendant la journ\u00e9e. La structure en bois et les pieds chrom\u00e9s contribuent \u00e0 sa robustesse, tandis qu&rsquo;elle est \u00e9galement \u00e9paississement rembourr\u00e9e pour plus de confort. Ce canap\u00e9-lit peut \u00eatre transform\u00e9 rapidement et facilement d&rsquo;un canap\u00e9 \u00e0 un lit et inversement.<\/p>\n<\/div>\n","protected":false},"featured_media":15323,"comment_status":"open","ping_status":"closed","template":"","meta":[],"product_cat":[214],"product_tag":[],"class_list":{"0":"post-8890","1":"product","2":"type-product","3":"status-publish","4":"has-post-thumbnail","6":"product_cat-canapes","8":"first","9":"instock","10":"shipping-taxable","11":"purchasable","12":"product-type-simple","13":"col-xs-6 col-sm-4","14":"col-md-3 col-lg-3","15":"un-4-cols"},"yoast_head":"<!-- This site is optimized with the Yoast SEO plugin v27.0 - https:\/\/yoast.com\/product\/yoast-seo-wordpress\/ -->\n<title>vidaxl-canape-lit-gris-fonce-polyester<\/title>\n<meta name=\"description\" content=\"vidaxl-canape-lit-gris-fonce-polyester\" \/>\n<meta name=\"robots\" content=\"index, follow, max-snippet:-1, max-image-preview:large, max-video-preview:-1\" \/>\n<link rel=\"canonical\" href=\"https:\/\/eurosdiscounts.com\/index.php\/produit\/vidaxl-canape-lit-gris-fonce-polyester\/\" \/>\n<meta property=\"og:locale\" content=\"fr_FR\" \/>\n<meta property=\"og:type\" content=\"article\" \/>\n<meta property=\"og:title\" content=\"vidaxl-canape-lit-gris-fonce-polyester\" \/>\n<meta property=\"og:description\" content=\"vidaxl-canape-lit-gris-fonce-polyester\" \/>\n<meta property=\"og:url\" content=\"https:\/\/eurosdiscounts.com\/index.php\/produit\/vidaxl-canape-lit-gris-fonce-polyester\/\" \/>\n<meta property=\"og:site_name\" content=\"Eurosdiscounts.com- Achat sur Internet a prix discount, Canap\u00e9s pas cher, Smartphone pas cher, pc portable pas cher..\" \/>\n<meta property=\"og:image\" content=\"https:\/\/eurosdiscounts.com\/wp-content\/uploads\/2019\/11\/c1-42.jpg\" \/>\n\t<meta property=\"og:image:width\" content=\"700\" \/>\n\t<meta property=\"og:image:height\" content=\"700\" \/>\n\t<meta property=\"og:image:type\" content=\"image\/jpeg\" \/>\n<meta name=\"twitter:card\" content=\"summary_large_image\" \/>\n<script type=\"application\/ld+json\" class=\"yoast-schema-graph\">{\"@context\":\"https:\/\/schema.org\",\"@graph\":[{\"@type\":\"WebPage\",\"@id\":\"https:\/\/eurosdiscounts.com\/index.php\/produit\/vidaxl-canape-lit-gris-fonce-polyester\/\",\"url\":\"https:\/\/eurosdiscounts.com\/index.php\/produit\/vidaxl-canape-lit-gris-fonce-polyester\/\",\"name\":\"vidaxl-canape-lit-gris-fonce-polyester\",\"isPartOf\":{\"@id\":\"https:\/\/eurosdiscounts.com\/#website\"},\"primaryImageOfPage\":{\"@id\":\"https:\/\/eurosdiscounts.com\/index.php\/produit\/vidaxl-canape-lit-gris-fonce-polyester\/#primaryimage\"},\"image\":{\"@id\":\"https:\/\/eurosdiscounts.com\/index.php\/produit\/vidaxl-canape-lit-gris-fonce-polyester\/#primaryimage\"},\"thumbnailUrl\":\"https:\/\/eurosdiscounts.com\/wp-content\/uploads\/2019\/11\/c1-42.jpg\",\"datePublished\":\"2019-11-10T12:23:43+00:00\",\"description\":\"vidaxl-canape-lit-gris-fonce-polyester\",\"breadcrumb\":{\"@id\":\"https:\/\/eurosdiscounts.com\/index.php\/produit\/vidaxl-canape-lit-gris-fonce-polyester\/#breadcrumb\"},\"inLanguage\":\"fr-FR\",\"potentialAction\":[{\"@type\":\"ReadAction\",\"target\":[\"https:\/\/eurosdiscounts.com\/index.php\/produit\/vidaxl-canape-lit-gris-fonce-polyester\/\"]}]},{\"@type\":\"ImageObject\",\"inLanguage\":\"fr-FR\",\"@id\":\"https:\/\/eurosdiscounts.com\/index.php\/produit\/vidaxl-canape-lit-gris-fonce-polyester\/#primaryimage\",\"url\":\"https:\/\/eurosdiscounts.com\/wp-content\/uploads\/2019\/11\/c1-42.jpg\",\"contentUrl\":\"https:\/\/eurosdiscounts.com\/wp-content\/uploads\/2019\/11\/c1-42.jpg\",\"width\":700,\"height\":700},{\"@type\":\"BreadcrumbList\",\"@id\":\"https:\/\/eurosdiscounts.com\/index.php\/produit\/vidaxl-canape-lit-gris-fonce-polyester\/#breadcrumb\",\"itemListElement\":[{\"@type\":\"ListItem\",\"position\":1,\"name\":\"Accueil\",\"item\":\"https:\/\/eurosdiscounts.com\/\"},{\"@type\":\"ListItem\",\"position\":2,\"name\":\"Boutique\",\"item\":\"https:\/\/eurosdiscounts.com\/index.php\/boutique\/\"},{\"@type\":\"ListItem\",\"position\":3,\"name\":\"vidaXL Canap\u00e9-lit Gris fonc\u00e9 Polyester\"}]},{\"@type\":\"WebSite\",\"@id\":\"https:\/\/eurosdiscounts.com\/#website\",\"url\":\"https:\/\/eurosdiscounts.com\/\",\"name\":\"Eurosdiscounts.com- Achat sur Internet a prix discount, Canap\u00e9s pas cher, Smartphone pas cher, pc portable pas cher..\",\"description\":\"Eurosdiscounts.com- Achat sur Internet a prix discount, Canap\u00e9s pas cher, Smartphone pas cher, pc portable pas cher..\",\"potentialAction\":[{\"@type\":\"SearchAction\",\"target\":{\"@type\":\"EntryPoint\",\"urlTemplate\":\"https:\/\/eurosdiscounts.com\/?s={search_term_string}\"},\"query-input\":{\"@type\":\"PropertyValueSpecification\",\"valueRequired\":true,\"valueName\":\"search_term_string\"}}],\"inLanguage\":\"fr-FR\"}]}<\/script>\n<!-- \/ Yoast SEO plugin. -->","yoast_head_json":{"title":"vidaxl-canape-lit-gris-fonce-polyester","description":"vidaxl-canape-lit-gris-fonce-polyester","robots":{"index":"index","follow":"follow","max-snippet":"max-snippet:-1","max-image-preview":"max-image-preview:large","max-video-preview":"max-video-preview:-1"},"canonical":"https:\/\/eurosdiscounts.com\/index.php\/produit\/vidaxl-canape-lit-gris-fonce-polyester\/","og_locale":"fr_FR","og_type":"article","og_title":"vidaxl-canape-lit-gris-fonce-polyester","og_description":"vidaxl-canape-lit-gris-fonce-polyester","og_url":"https:\/\/eurosdiscounts.com\/index.php\/produit\/vidaxl-canape-lit-gris-fonce-polyester\/","og_site_name":"Eurosdiscounts.com- Achat sur Internet a prix discount, Canap\u00e9s pas cher, Smartphone pas cher, pc portable pas cher..","og_image":[{"width":700,"height":700,"url":"https:\/\/eurosdiscounts.com\/wp-content\/uploads\/2019\/11\/c1-42.jpg","type":"image\/jpeg"}],"twitter_card":"summary_large_image","schema":{"@context":"https:\/\/schema.org","@graph":[{"@type":"WebPage","@id":"https:\/\/eurosdiscounts.com\/index.php\/produit\/vidaxl-canape-lit-gris-fonce-polyester\/","url":"https:\/\/eurosdiscounts.com\/index.php\/produit\/vidaxl-canape-lit-gris-fonce-polyester\/","name":"vidaxl-canape-lit-gris-fonce-polyester","isPartOf":{"@id":"https:\/\/eurosdiscounts.com\/#website"},"primaryImageOfPage":{"@id":"https:\/\/eurosdiscounts.com\/index.php\/produit\/vidaxl-canape-lit-gris-fonce-polyester\/#primaryimage"},"image":{"@id":"https:\/\/eurosdiscounts.com\/index.php\/produit\/vidaxl-canape-lit-gris-fonce-polyester\/#primaryimage"},"thumbnailUrl":"https:\/\/eurosdiscounts.com\/wp-content\/uploads\/2019\/11\/c1-42.jpg","datePublished":"2019-11-10T12:23:43+00:00","description":"vidaxl-canape-lit-gris-fonce-polyester","breadcrumb":{"@id":"https:\/\/eurosdiscounts.com\/index.php\/produit\/vidaxl-canape-lit-gris-fonce-polyester\/#breadcrumb"},"inLanguage":"fr-FR","potentialAction":[{"@type":"ReadAction","target":["https:\/\/eurosdiscounts.com\/index.php\/produit\/vidaxl-canape-lit-gris-fonce-polyester\/"]}]},{"@type":"ImageObject","inLanguage":"fr-FR","@id":"https:\/\/eurosdiscounts.com\/index.php\/produit\/vidaxl-canape-lit-gris-fonce-polyester\/#primaryimage","url":"https:\/\/eurosdiscounts.com\/wp-content\/uploads\/2019\/11\/c1-42.jpg","contentUrl":"https:\/\/eurosdiscounts.com\/wp-content\/uploads\/2019\/11\/c1-42.jpg","width":700,"height":700},{"@type":"BreadcrumbList","@id":"https:\/\/eurosdiscounts.com\/index.php\/produit\/vidaxl-canape-lit-gris-fonce-polyester\/#breadcrumb","itemListElement":[{"@type":"ListItem","position":1,"name":"Accueil","item":"https:\/\/eurosdiscounts.com\/"},{"@type":"ListItem","position":2,"name":"Boutique","item":"https:\/\/eurosdiscounts.com\/index.php\/boutique\/"},{"@type":"ListItem","position":3,"name":"vidaXL Canap\u00e9-lit Gris fonc\u00e9 Polyester"}]},{"@type":"WebSite","@id":"https:\/\/eurosdiscounts.com\/#website","url":"https:\/\/eurosdiscounts.com\/","name":"Eurosdiscounts.com- Achat sur Internet a prix discount, Canap\u00e9s pas cher, Smartphone pas cher, pc portable pas cher..","description":"Eurosdiscounts.com- Achat sur Internet a prix discount, Canap\u00e9s pas cher, Smartphone pas cher, pc portable pas cher..","potentialAction":[{"@type":"SearchAction","target":{"@type":"EntryPoint","urlTemplate":"https:\/\/eurosdiscounts.com\/?s={search_term_string}"},"query-input":{"@type":"PropertyValueSpecification","valueRequired":true,"valueName":"search_term_string"}}],"inLanguage":"fr-FR"}]}},"_links":{"self":[{"href":"https:\/\/eurosdiscounts.com\/index.php\/wp-json\/wp\/v2\/product\/8890","targetHints":{"allow":["GET"]}}],"collection":[{"href":"https:\/\/eurosdiscounts.com\/index.php\/wp-json\/wp\/v2\/product"}],"about":[{"href":"https:\/\/eurosdiscounts.com\/index.php\/wp-json\/wp\/v2\/types\/product"}],"replies":[{"embeddable":true,"href":"https:\/\/eurosdiscounts.com\/index.php\/wp-json\/wp\/v2\/comments?post=8890"}],"wp:featuredmedia":[{"embeddable":true,"href":"https:\/\/eurosdiscounts.com\/index.php\/wp-json\/wp\/v2\/media\/15323"}],"wp:attachment":[{"href":"https:\/\/eurosdiscounts.com\/index.php\/wp-json\/wp\/v2\/media?parent=8890"}],"wp:term":[{"taxonomy":"product_cat","embeddable":true,"href":"https:\/\/eurosdiscounts.com\/index.php\/wp-json\/wp\/v2\/product_cat?post=8890"},{"taxonomy":"product_tag","embeddable":true,"href":"https:\/\/eurosdiscounts.com\/index.php\/wp-json\/wp\/v2\/product_tag?post=8890"}],"curies":[{"name":"wp","href":"https:\/\/api.w.org\/{rel}","templated":true}]}}