{"id":8463,"date":"2019-11-01T13:43:10","date_gmt":"2019-11-01T12:43:10","guid":{"rendered":"https:\/\/smartsdiscount.com\/?post_type=product&amp;p=8463"},"modified":"2025-04-11T13:32:43","modified_gmt":"2025-04-11T11:32:43","slug":"panasonic-tx-40fs500e-40-full-hd-smart-tv-wifi-noir-ecran-led","status":"publish","type":"product","link":"https:\/\/eurosdiscounts.com\/index.php\/produit\/panasonic-tx-40fs500e-40-full-hd-smart-tv-wifi-noir-ecran-led\/","title":{"rendered":"Panasonic TX-40FS500E 40&Prime; Full HD Smart TV Wifi Noir \u00e9cran LED"},"content":{"rendered":"<p><span class=\"fpBlocTitle\">Les points forts :<\/span><\/p>\n<ul>\n<li>R\u00e9tro\u00e9clairage par LED \u2013 Adaptive Backlight Dimming<\/li>\n<li>Format d\u2019affichage : 1080p (Full HD)<\/li>\n<li>R\u00e9solution : 1920 x 1080<\/li>\n<li>Technologie HDR : HDR 10, Hybrid Log-Gamma (HLG)<\/li>\n<li>Technologie d\u2019am\u00e9lioration du mouvement : 600 Hz BMR<\/li>\n<\/ul>\n<div class=\"jsFpBulletPointMore\">\n<ul>\n<li>Qt\u00e9 de ports HDMI : 2 ports<\/li>\n<li>Tuner TV num\u00e9rique : DVB-C, DVB-T, DVB-T2<\/li>\n<li>Interface vid\u00e9o : Composant, composite, HDMI<\/li>\n<\/ul>\n<\/div>\n<p>&nbsp;<\/p>\n","protected":false},"excerpt":{"rendered":"<table class=\"fpDescTb fpDescTbPub\">\n<tbody>\n<tr>\n<th colspan=\"2\">INFORMATIONS G\u00c9N\u00c9RALES SUR LE PRODUIT<\/th>\n<\/tr>\n<tr>\n<td>Marque<\/td>\n<td><a title=\"PANASONIC\" href=\"https:\/\/www.cdiscount.com\/m-306-panasonic.html\" data-link=\"SFP-ZBN-TNO-DPM\">PANASONIC<\/a><\/td>\n<\/tr>\n<tr>\n<td>Nom du produit<\/td>\n<td>Panasonic TX-40FS500E 40\u2033 Full HD Smart TV Wifi No<\/td>\n<\/tr>\n<tr>\n<td>Cat\u00e9gorie<\/td>\n<td>T\u00e9l\u00e9viseur LED<\/td>\n<\/tr>\n<tr>\n<th colspan=\"2\">G\u00c9N\u00c9RAL<\/th>\n<\/tr>\n<tr>\n<td>Type de produit<\/td>\n<td>TV LCD avec r\u00e9tro\u00e9clairage par LED \u2013 Smart TV<\/td>\n<\/tr>\n<tr>\n<td>Qt\u00e9 de ports HDMI<\/td>\n<td>2 ports<\/td>\n<\/tr>\n<tr>\n<td>Interface vid\u00e9o<\/td>\n<td>Composant, composite, HDMI<\/td>\n<\/tr>\n<tr>\n<td>Tuner de t\u00e9l\u00e9vision<\/td>\n<td>1 x analogique, 1 x num\u00e9rique<\/td>\n<\/tr>\n<tr>\n<td>Consommation \u00e9lectrique en mode marche<\/td>\n<td>46 Watt<\/td>\n<\/tr>\n<tr>\n<td>Dimensions<\/td>\n<td>Sans support<\/td>\n<\/tr>\n<tr>\n<td>Largeur<\/td>\n<td>90.2 cm<\/td>\n<\/tr>\n<tr>\n<td>Hauteur<\/td>\n<td>52.1 cm<\/td>\n<\/tr>\n<tr>\n<td>Profondeur<\/td>\n<td>9 cm<\/td>\n<\/tr>\n<tr>\n<td>Poids<\/td>\n<td>8 kg<\/td>\n<\/tr>\n<tr>\n<td>Consommation d\u2019\u00e9nergie annuelle<\/td>\n<td>64 kWh<\/td>\n<\/tr>\n<tr>\n<td>Classe de diagonale<\/td>\n<td>40\u2033<\/td>\n<\/tr>\n<tr>\n<td>Compatible HDR<\/td>\n<td>Oui<\/td>\n<\/tr>\n<tr>\n<td>Technologie HDR<\/td>\n<td>HDR 10, Hybrid Log-Gamma (HLG)<\/td>\n<\/tr>\n<tr>\n<td>Consommation en fonctionnement<\/td>\n<td>64 Watt<\/td>\n<\/tr>\n<tr>\n<td>Classe \u00e9nerg\u00e9tique<\/td>\n<td>Classe A+<\/td>\n<\/tr>\n<tr>\n<td>Pr\u00e9sence de syntonisateur TV<\/td>\n<td>Oui<\/td>\n<\/tr>\n<tr>\n<th colspan=\"2\">AFFICHAGE<\/th>\n<\/tr>\n<tr>\n<td>Technologie de r\u00e9tro\u00e9clairage LCD<\/td>\n<td>R\u00e9tro\u00e9clairage par LED \u2013 Adaptive Backlight Dimming<\/td>\n<\/tr>\n<tr>\n<td>Technologie d\u2019am\u00e9lioration du mouvement<\/td>\n<td>600 Hz BMR<\/td>\n<\/tr>\n<tr>\n<td>R\u00e9solution<\/td>\n<td>1920 x 1080<\/td>\n<\/tr>\n<tr>\n<td>Format d\u2019affichage<\/td>\n<td>1080p (Full HD)<\/td>\n<\/tr>\n<tr>\n<td>Langue du menu d\u2019affichage<\/td>\n<td>Multilingual<\/td>\n<\/tr>\n<tr>\n<td>Fonctions suppl\u00e9mentaires<\/td>\n<td>Easy Mirroring, My Home Screen 3.0<\/td>\n<\/tr>\n<tr>\n<td>Format de l\u2019image<\/td>\n<td>16:9<\/td>\n<\/tr>\n<tr>\n<th colspan=\"2\">CONNEXIONS<\/th>\n<\/tr>\n<tr>\n<td>Type de connecteur<\/td>\n<td>2 x entr\u00e9e HDMI \u2013 c\u00f4t\u00e9<br \/>\n2 x USB 2.0 \u2013 c\u00f4t\u00e9<br \/>\nR\u00e9seau<br \/>\nEntr\u00e9e vid\u00e9o composite\/vid\u00e9o en composantes \u2013 arri\u00e8re<br \/>\nSortie audio num\u00e9rique (optique) \u2013 arri\u00e8re<br \/>\nCasque \u2013 c\u00f4t\u00e9<\/td>\n<\/tr>\n<tr>\n<th colspan=\"2\">TUNER DE T\u00c9L\u00c9VISION<\/th>\n<\/tr>\n<tr>\n<td>Acc\u00e8s conditionnel<\/td>\n<td>Logement Common Interface Plus (CI+)<\/td>\n<\/tr>\n<tr>\n<td>Aper\u00e7u multi-chaines<\/td>\n<td>PAT (image et texte)<\/td>\n<\/tr>\n<tr>\n<th colspan=\"2\">TUNER TV NUM\u00c9RIQUE<\/th>\n<\/tr>\n<tr>\n<td>Tuner TV num\u00e9rique<\/td>\n<td>DVB-C, DVB-T, DVB-T2<\/td>\n<\/tr>\n<tr>\n<td>Tuner TVHD<\/td>\n<td>Oui<\/td>\n<\/tr>\n<tr>\n<th colspan=\"2\">FONCTIONNALIT\u00c9S VID\u00c9O<\/th>\n<\/tr>\n<tr>\n<td>T\u00e9l\u00e9texte<\/td>\n<td>Oui<\/td>\n<\/tr>\n<tr>\n<td>M\u00e9moire T\u00e9l\u00e9texte<\/td>\n<td>1000 pages<\/td>\n<\/tr>\n<tr>\n<td>Guide \u00e9lectronique des programmes<\/td>\n<td>EPG num\u00e9rique<\/td>\n<\/tr>\n<tr>\n<th colspan=\"2\">LECTEUR MULTIM\u00c9DIA<\/th>\n<\/tr>\n<tr>\n<td>Port USB<\/td>\n<td>Oui<\/td>\n<\/tr>\n<tr>\n<td>Formats audio pris en charge<\/td>\n<td>MP3, WAV, AAC, FLAC (Free Lossless Audio Codec), Apple Lossless, WMA Pro<\/td>\n<\/tr>\n<tr>\n<td>Formats d\u2019images pris en charge<\/td>\n<td>JPEG<\/td>\n<\/tr>\n<tr>\n<td>Formats vid\u00e9o pris en charge<\/td>\n<td>MPEG-4, WMV, AVI, MKV, VOB, FLV, TS, 3GPP, PS, M4V, VRO, HEVC<\/td>\n<\/tr>\n<tr>\n<td>Qt\u00e9 de ports USB<\/td>\n<td>2<\/td>\n<\/tr>\n<tr>\n<th colspan=\"2\">SYST\u00c8ME AUDIO<\/th>\n<\/tr>\n<tr>\n<td>Syst\u00e8me de haut-parleurs<\/td>\n<td>2 haut-parleurs<\/td>\n<\/tr>\n<tr>\n<td>Alimentation en sortie \/ Total<\/td>\n<td>20 Watt<\/td>\n<\/tr>\n<tr>\n<td>Mode Surround<\/td>\n<td>Oui<\/td>\n<\/tr>\n<tr>\n<td>Bruitages<\/td>\n<td>Cinema Surround Sound<\/td>\n<\/tr>\n<tr>\n<td>Haut-parleurs<\/td>\n<td>2 x haut-parleur \u2013 int\u00e9gr\u00e9 \u2013 10 Watt<\/td>\n<\/tr>\n<tr>\n<td>Fonctions suppl\u00e9mentaires<\/td>\n<td>Commande HDAVI, ARC (Audio Return Channel), guidage vocal<\/td>\n<\/tr>\n<tr>\n<th colspan=\"2\">MULTIM\u00c9DIA R\u00c9SEAU ET INTERNET<\/th>\n<\/tr>\n<tr>\n<td>Fonctionnalit\u00e9s<\/td>\n<td>Lecture audio num\u00e9rique, lecteur de photo num\u00e9rique, lecture vid\u00e9o num\u00e9rique, navigation WEB, lecture vid\u00e9o Internet<\/td>\n<\/tr>\n<tr>\n<td>Connectivit\u00e9<\/td>\n<td>Wi-Fi, LAN<\/td>\n<\/tr>\n<tr>\n<td>Services de diffusion en streaming sur Internet<\/td>\n<td>HbbTV<\/td>\n<\/tr>\n<tr>\n<td>Chiffrement<\/td>\n<td>DTCP-IP<\/td>\n<\/tr>\n<tr>\n<td>DLNA<\/td>\n<td>Oui<\/td>\n<\/tr>\n<tr>\n<td>Connecter &amp; partager<\/td>\n<td>Swipe &amp; Share<\/td>\n<\/tr>\n<tr>\n<th colspan=\"2\">T\u00c9L\u00c9COMMANDE<\/th>\n<\/tr>\n<tr>\n<td>Type<\/td>\n<td>T\u00e9l\u00e9commande standard<\/td>\n<\/tr>\n<tr>\n<th colspan=\"2\">ALIMENTATION<\/th>\n<\/tr>\n<tr>\n<td>P\u00e9riph\u00e9rique d\u2019alimentation<\/td>\n<td>Alimentation \u00e9lectrique<\/td>\n<\/tr>\n<tr>\n<td>Tension nominale<\/td>\n<td>CA 230V (50\/60 Hz)<\/td>\n<\/tr>\n<tr>\n<td>Consommation \u00e9lectrique en mode d\u2019attente<\/td>\n<td>0.5 Watt<\/td>\n<\/tr>\n<tr>\n<td>Consommation d\u2019\u00e9nergie (mode hors tension)<\/td>\n<td>0.2 Watt<\/td>\n<\/tr>\n<tr>\n<th colspan=\"2\">SUPPORTS ET SYST\u00c8MES DE MONTAGE<\/th>\n<\/tr>\n<tr>\n<td>Pied<\/td>\n<td>Inclus<\/td>\n<\/tr>\n<tr>\n<td>Type de support<\/td>\n<td>De table<\/td>\n<\/tr>\n<tr>\n<td>Interface de montage VESA<\/td>\n<td>200 x 200 mm<\/td>\n<\/tr>\n<tr>\n<th colspan=\"2\">DIMENSIONS ET POIDS (EMBALL\u00c9)<\/th>\n<\/tr>\n<tr>\n<td>Hauteur (Exp\u00e9dition)<\/td>\n<td>64.9 cm<\/td>\n<\/tr>\n<tr>\n<td>Largeur (emball\u00e9e)<\/td>\n<td>98.3 cm<\/td>\n<\/tr>\n<tr>\n<td>Profondeur (emball\u00e9e)<\/td>\n<td>15.4 cm<\/td>\n<\/tr>\n<tr>\n<td>Poids (Exp\u00e9dition)<\/td>\n<td>12 kg<\/td>\n<\/tr>\n<tr>\n<th colspan=\"2\">ATTRIBUTS DE RECHERCHE<\/th>\n<\/tr>\n<tr>\n<td>Multim\u00e9dia r\u00e9seau et Internet|Connectivit\u00e9<\/td>\n<td>LAN<br \/>\nWi-Fi<\/td>\n<\/tr>\n<tr>\n<td>T\u00e9l\u00e9vision|Compatible HDR<\/td>\n<td>Oui<\/td>\n<\/tr>\n<tr>\n<th colspan=\"2\">DIMENSIONS &amp; POIDS \u2013 D\u00c9TAILS<\/th>\n<\/tr>\n<tr>\n<td>Dimensions &amp; Poids \u2013 D\u00e9tails<\/td>\n<td>Panneau sans support au sol \u2013 90.2 cm x 9 cm x 52.1 cm x 8 kg<br \/>\nPanneau avec support au sol \u2013 90.2 cm x 20.2 cm x 56.1 cm x 9.5 kg<\/td>\n<\/tr>\n<tr>\n<th colspan=\"2\">INTERNET DES OBJETS (IDO)<\/th>\n<\/tr>\n<tr>\n<td>Plateforme<\/td>\n<td>Control4, Crestron<\/td>\n<\/tr>\n<tr>\n<td>Compatible avec l\u2019Internet des objets (IdO)<\/td>\n<td>Oui<\/td>\n<\/tr>\n<\/tbody>\n<\/table>\n","protected":false},"featured_media":15661,"comment_status":"open","ping_status":"closed","template":"","meta":[],"product_cat":[156,236],"product_tag":[],"class_list":{"0":"post-8463","1":"product","2":"type-product","3":"status-publish","4":"has-post-thumbnail","6":"product_cat-bons-plans","7":"product_cat-televiseurs","9":"first","10":"instock","11":"sale","12":"shipping-taxable","13":"purchasable","14":"product-type-simple","15":"col-xs-6 col-sm-4","16":"col-md-3 col-lg-3","17":"un-4-cols"},"yoast_head":"<!-- This site is optimized with the Yoast SEO plugin v27.0 - https:\/\/yoast.com\/product\/yoast-seo-wordpress\/ -->\n<title>panasonic-tx-40fs500e-40-full-hd-smart-tv-wifi-noir-ecran-led<\/title>\n<meta name=\"description\" content=\"panasonic-tx-40fs500e-40-full-hd-smart-tv-wifi-noir-ecran-led\" \/>\n<meta name=\"robots\" content=\"index, follow, max-snippet:-1, max-image-preview:large, max-video-preview:-1\" \/>\n<link rel=\"canonical\" href=\"https:\/\/eurosdiscounts.com\/index.php\/produit\/panasonic-tx-40fs500e-40-full-hd-smart-tv-wifi-noir-ecran-led\/\" \/>\n<meta property=\"og:locale\" content=\"fr_FR\" \/>\n<meta property=\"og:type\" content=\"article\" \/>\n<meta property=\"og:title\" content=\"panasonic-tx-40fs500e-40-full-hd-smart-tv-wifi-noir-ecran-led\" \/>\n<meta property=\"og:description\" content=\"panasonic-tx-40fs500e-40-full-hd-smart-tv-wifi-noir-ecran-led\" \/>\n<meta property=\"og:url\" content=\"https:\/\/eurosdiscounts.com\/index.php\/produit\/panasonic-tx-40fs500e-40-full-hd-smart-tv-wifi-noir-ecran-led\/\" \/>\n<meta property=\"og:site_name\" content=\"Eurosdiscounts.com- Achat sur Internet a prix discount, Canap\u00e9s pas cher, Smartphone pas cher, pc portable pas cher..\" \/>\n<meta property=\"article:modified_time\" content=\"2025-04-11T11:32:43+00:00\" \/>\n<meta property=\"og:image\" content=\"https:\/\/eurosdiscounts.com\/wp-content\/uploads\/2019\/11\/c-104.jpg\" \/>\n\t<meta property=\"og:image:width\" content=\"600\" \/>\n\t<meta property=\"og:image:height\" content=\"600\" \/>\n\t<meta property=\"og:image:type\" content=\"image\/jpeg\" \/>\n<meta name=\"twitter:card\" content=\"summary_large_image\" \/>\n<script type=\"application\/ld+json\" class=\"yoast-schema-graph\">{\"@context\":\"https:\/\/schema.org\",\"@graph\":[{\"@type\":\"WebPage\",\"@id\":\"https:\/\/eurosdiscounts.com\/index.php\/produit\/panasonic-tx-40fs500e-40-full-hd-smart-tv-wifi-noir-ecran-led\/\",\"url\":\"https:\/\/eurosdiscounts.com\/index.php\/produit\/panasonic-tx-40fs500e-40-full-hd-smart-tv-wifi-noir-ecran-led\/\",\"name\":\"panasonic-tx-40fs500e-40-full-hd-smart-tv-wifi-noir-ecran-led\",\"isPartOf\":{\"@id\":\"https:\/\/eurosdiscounts.com\/#website\"},\"primaryImageOfPage\":{\"@id\":\"https:\/\/eurosdiscounts.com\/index.php\/produit\/panasonic-tx-40fs500e-40-full-hd-smart-tv-wifi-noir-ecran-led\/#primaryimage\"},\"image\":{\"@id\":\"https:\/\/eurosdiscounts.com\/index.php\/produit\/panasonic-tx-40fs500e-40-full-hd-smart-tv-wifi-noir-ecran-led\/#primaryimage\"},\"thumbnailUrl\":\"https:\/\/eurosdiscounts.com\/wp-content\/uploads\/2019\/11\/c-104.jpg\",\"datePublished\":\"2019-11-01T12:43:10+00:00\",\"dateModified\":\"2025-04-11T11:32:43+00:00\",\"description\":\"panasonic-tx-40fs500e-40-full-hd-smart-tv-wifi-noir-ecran-led\",\"breadcrumb\":{\"@id\":\"https:\/\/eurosdiscounts.com\/index.php\/produit\/panasonic-tx-40fs500e-40-full-hd-smart-tv-wifi-noir-ecran-led\/#breadcrumb\"},\"inLanguage\":\"fr-FR\",\"potentialAction\":[{\"@type\":\"ReadAction\",\"target\":[\"https:\/\/eurosdiscounts.com\/index.php\/produit\/panasonic-tx-40fs500e-40-full-hd-smart-tv-wifi-noir-ecran-led\/\"]}]},{\"@type\":\"ImageObject\",\"inLanguage\":\"fr-FR\",\"@id\":\"https:\/\/eurosdiscounts.com\/index.php\/produit\/panasonic-tx-40fs500e-40-full-hd-smart-tv-wifi-noir-ecran-led\/#primaryimage\",\"url\":\"https:\/\/eurosdiscounts.com\/wp-content\/uploads\/2019\/11\/c-104.jpg\",\"contentUrl\":\"https:\/\/eurosdiscounts.com\/wp-content\/uploads\/2019\/11\/c-104.jpg\",\"width\":600,\"height\":600},{\"@type\":\"BreadcrumbList\",\"@id\":\"https:\/\/eurosdiscounts.com\/index.php\/produit\/panasonic-tx-40fs500e-40-full-hd-smart-tv-wifi-noir-ecran-led\/#breadcrumb\",\"itemListElement\":[{\"@type\":\"ListItem\",\"position\":1,\"name\":\"Accueil\",\"item\":\"https:\/\/eurosdiscounts.com\/\"},{\"@type\":\"ListItem\",\"position\":2,\"name\":\"Boutique\",\"item\":\"https:\/\/eurosdiscounts.com\/index.php\/boutique\/\"},{\"@type\":\"ListItem\",\"position\":3,\"name\":\"Panasonic TX-40FS500E 40&Prime; Full HD Smart TV Wifi Noir \u00e9cran LED\"}]},{\"@type\":\"WebSite\",\"@id\":\"https:\/\/eurosdiscounts.com\/#website\",\"url\":\"https:\/\/eurosdiscounts.com\/\",\"name\":\"Eurosdiscounts.com- Achat sur Internet a prix discount, Canap\u00e9s pas cher, Smartphone pas cher, pc portable pas cher..\",\"description\":\"Eurosdiscounts.com- Achat sur Internet a prix discount, Canap\u00e9s pas cher, Smartphone pas cher, pc portable pas cher..\",\"potentialAction\":[{\"@type\":\"SearchAction\",\"target\":{\"@type\":\"EntryPoint\",\"urlTemplate\":\"https:\/\/eurosdiscounts.com\/?s={search_term_string}\"},\"query-input\":{\"@type\":\"PropertyValueSpecification\",\"valueRequired\":true,\"valueName\":\"search_term_string\"}}],\"inLanguage\":\"fr-FR\"}]}<\/script>\n<!-- \/ Yoast SEO plugin. -->","yoast_head_json":{"title":"panasonic-tx-40fs500e-40-full-hd-smart-tv-wifi-noir-ecran-led","description":"panasonic-tx-40fs500e-40-full-hd-smart-tv-wifi-noir-ecran-led","robots":{"index":"index","follow":"follow","max-snippet":"max-snippet:-1","max-image-preview":"max-image-preview:large","max-video-preview":"max-video-preview:-1"},"canonical":"https:\/\/eurosdiscounts.com\/index.php\/produit\/panasonic-tx-40fs500e-40-full-hd-smart-tv-wifi-noir-ecran-led\/","og_locale":"fr_FR","og_type":"article","og_title":"panasonic-tx-40fs500e-40-full-hd-smart-tv-wifi-noir-ecran-led","og_description":"panasonic-tx-40fs500e-40-full-hd-smart-tv-wifi-noir-ecran-led","og_url":"https:\/\/eurosdiscounts.com\/index.php\/produit\/panasonic-tx-40fs500e-40-full-hd-smart-tv-wifi-noir-ecran-led\/","og_site_name":"Eurosdiscounts.com- Achat sur Internet a prix discount, Canap\u00e9s pas cher, Smartphone pas cher, pc portable pas cher..","article_modified_time":"2025-04-11T11:32:43+00:00","og_image":[{"width":600,"height":600,"url":"https:\/\/eurosdiscounts.com\/wp-content\/uploads\/2019\/11\/c-104.jpg","type":"image\/jpeg"}],"twitter_card":"summary_large_image","schema":{"@context":"https:\/\/schema.org","@graph":[{"@type":"WebPage","@id":"https:\/\/eurosdiscounts.com\/index.php\/produit\/panasonic-tx-40fs500e-40-full-hd-smart-tv-wifi-noir-ecran-led\/","url":"https:\/\/eurosdiscounts.com\/index.php\/produit\/panasonic-tx-40fs500e-40-full-hd-smart-tv-wifi-noir-ecran-led\/","name":"panasonic-tx-40fs500e-40-full-hd-smart-tv-wifi-noir-ecran-led","isPartOf":{"@id":"https:\/\/eurosdiscounts.com\/#website"},"primaryImageOfPage":{"@id":"https:\/\/eurosdiscounts.com\/index.php\/produit\/panasonic-tx-40fs500e-40-full-hd-smart-tv-wifi-noir-ecran-led\/#primaryimage"},"image":{"@id":"https:\/\/eurosdiscounts.com\/index.php\/produit\/panasonic-tx-40fs500e-40-full-hd-smart-tv-wifi-noir-ecran-led\/#primaryimage"},"thumbnailUrl":"https:\/\/eurosdiscounts.com\/wp-content\/uploads\/2019\/11\/c-104.jpg","datePublished":"2019-11-01T12:43:10+00:00","dateModified":"2025-04-11T11:32:43+00:00","description":"panasonic-tx-40fs500e-40-full-hd-smart-tv-wifi-noir-ecran-led","breadcrumb":{"@id":"https:\/\/eurosdiscounts.com\/index.php\/produit\/panasonic-tx-40fs500e-40-full-hd-smart-tv-wifi-noir-ecran-led\/#breadcrumb"},"inLanguage":"fr-FR","potentialAction":[{"@type":"ReadAction","target":["https:\/\/eurosdiscounts.com\/index.php\/produit\/panasonic-tx-40fs500e-40-full-hd-smart-tv-wifi-noir-ecran-led\/"]}]},{"@type":"ImageObject","inLanguage":"fr-FR","@id":"https:\/\/eurosdiscounts.com\/index.php\/produit\/panasonic-tx-40fs500e-40-full-hd-smart-tv-wifi-noir-ecran-led\/#primaryimage","url":"https:\/\/eurosdiscounts.com\/wp-content\/uploads\/2019\/11\/c-104.jpg","contentUrl":"https:\/\/eurosdiscounts.com\/wp-content\/uploads\/2019\/11\/c-104.jpg","width":600,"height":600},{"@type":"BreadcrumbList","@id":"https:\/\/eurosdiscounts.com\/index.php\/produit\/panasonic-tx-40fs500e-40-full-hd-smart-tv-wifi-noir-ecran-led\/#breadcrumb","itemListElement":[{"@type":"ListItem","position":1,"name":"Accueil","item":"https:\/\/eurosdiscounts.com\/"},{"@type":"ListItem","position":2,"name":"Boutique","item":"https:\/\/eurosdiscounts.com\/index.php\/boutique\/"},{"@type":"ListItem","position":3,"name":"Panasonic TX-40FS500E 40&Prime; Full HD Smart TV Wifi Noir \u00e9cran LED"}]},{"@type":"WebSite","@id":"https:\/\/eurosdiscounts.com\/#website","url":"https:\/\/eurosdiscounts.com\/","name":"Eurosdiscounts.com- Achat sur Internet a prix discount, Canap\u00e9s pas cher, Smartphone pas cher, pc portable pas cher..","description":"Eurosdiscounts.com- Achat sur Internet a prix discount, Canap\u00e9s pas cher, Smartphone pas cher, pc portable pas cher..","potentialAction":[{"@type":"SearchAction","target":{"@type":"EntryPoint","urlTemplate":"https:\/\/eurosdiscounts.com\/?s={search_term_string}"},"query-input":{"@type":"PropertyValueSpecification","valueRequired":true,"valueName":"search_term_string"}}],"inLanguage":"fr-FR"}]}},"_links":{"self":[{"href":"https:\/\/eurosdiscounts.com\/index.php\/wp-json\/wp\/v2\/product\/8463","targetHints":{"allow":["GET"]}}],"collection":[{"href":"https:\/\/eurosdiscounts.com\/index.php\/wp-json\/wp\/v2\/product"}],"about":[{"href":"https:\/\/eurosdiscounts.com\/index.php\/wp-json\/wp\/v2\/types\/product"}],"replies":[{"embeddable":true,"href":"https:\/\/eurosdiscounts.com\/index.php\/wp-json\/wp\/v2\/comments?post=8463"}],"wp:featuredmedia":[{"embeddable":true,"href":"https:\/\/eurosdiscounts.com\/index.php\/wp-json\/wp\/v2\/media\/15661"}],"wp:attachment":[{"href":"https:\/\/eurosdiscounts.com\/index.php\/wp-json\/wp\/v2\/media?parent=8463"}],"wp:term":[{"taxonomy":"product_cat","embeddable":true,"href":"https:\/\/eurosdiscounts.com\/index.php\/wp-json\/wp\/v2\/product_cat?post=8463"},{"taxonomy":"product_tag","embeddable":true,"href":"https:\/\/eurosdiscounts.com\/index.php\/wp-json\/wp\/v2\/product_tag?post=8463"}],"curies":[{"name":"wp","href":"https:\/\/api.w.org\/{rel}","templated":true}]}}