{"id":7108,"date":"2019-10-07T17:05:46","date_gmt":"2019-10-07T15:05:46","guid":{"rendered":"https:\/\/smartsdiscount.com\/?post_type=product&amp;p=7108"},"modified":"2019-10-07T17:05:46","modified_gmt":"2019-10-07T15:05:46","slug":"galaxy-s9-64gb-dual-sim-liliac-purple","status":"publish","type":"product","link":"https:\/\/eurosdiscounts.com\/index.php\/produit\/galaxy-s9-64gb-dual-sim-liliac-purple\/","title":{"rendered":"Galaxy S9+ 64GB Dual SIM Liliac Purple"},"content":{"rendered":"<p><span class=\"fpBlocTitle\">Les points forts :<\/span><\/p>\n<ul>\n<li>Taille de la diagonale : 6.2\u2033<\/li>\n<li>R\u00e9solution du capteur : 12 m\u00e9gapixels<\/li>\n<li>Capacit\u00e9 : 3500 mAh<\/li>\n<li>Capacit\u00e9 de la m\u00e9moire interne : 64 Go<\/li>\n<li>8 coeurs<\/li>\n<\/ul>\n<div class=\"jsFpBulletPointMore\">\n<ul>\n<li>RAM : 6 Go \u2013 LPDDR4 SDRAM<\/li>\n<li>G\u00e9n\u00e9ration \u00e0 haut d\u00e9bit mobile : 4G<\/li>\n<li>Protection : Corning Gorilla Glass 5 (scratch resistant glass)<\/li>\n<\/ul>\n<\/div>\n","protected":false},"excerpt":{"rendered":"<table class=\"fpDescTb fpDescTbPub\">\n<tbody>\n<tr>\n<th colspan=\"2\">Informations g\u00e9n\u00e9rales sur le produit<\/th>\n<\/tr>\n<tr>\n<td>Marque<\/td>\n<td>SAMSUNG<\/td>\n<\/tr>\n<tr>\n<td>Nom du produit<\/td>\n<td>Galaxy S9+ 64GB Dual SIM Liliac Purple<\/td>\n<\/tr>\n<tr>\n<td>Cat\u00e9gorie<\/td>\n<td>SMARTPHONE<\/td>\n<\/tr>\n<tr>\n<th colspan=\"2\">G\u00e9n\u00e9ral<\/th>\n<\/tr>\n<tr>\n<td>Type de Produit<\/td>\n<td>Smartphone<\/td>\n<\/tr>\n<tr>\n<td>Composants int\u00e9gr\u00e9s<\/td>\n<td>Cam\u00e9ra avant, enregistreur vocal, haut-parleurs st\u00e9r\u00e9o, navigation, double cam\u00e9ra orient\u00e9e vers l&rsquo;arri\u00e8re, lecteur num\u00e9rique<\/td>\n<\/tr>\n<tr>\n<td>Mat\u00e9riau du boitier<\/td>\n<td>Cadre en m\u00e9tal<\/td>\n<\/tr>\n<tr>\n<td>Couleur du boitier<\/td>\n<td>Noir minuit<\/td>\n<\/tr>\n<tr>\n<td>Profondeur<\/td>\n<td>8.5 mm<\/td>\n<\/tr>\n<tr>\n<td>Largeur<\/td>\n<td>73.8 mm<\/td>\n<\/tr>\n<tr>\n<td>Hauteur<\/td>\n<td>158.1 mm<\/td>\n<\/tr>\n<tr>\n<td>Poids<\/td>\n<td>189 g<\/td>\n<\/tr>\n<tr>\n<td>Valeur DAS<\/td>\n<td>1,35 W\/kg (corps) \/ 0,294 W\/kg (t\u00eate)<\/td>\n<\/tr>\n<tr>\n<td>Protection<\/td>\n<td>Anti-poussi\u00e8re, anti-\u00e9claboussement, \u00e9tanche<\/td>\n<\/tr>\n<tr>\n<td>Format<\/td>\n<td>Tactile<\/td>\n<\/tr>\n<tr>\n<td>Num\u00e9ro de mod\u00e8le du fabricant<\/td>\n<td>SM-G965F\/DS<\/td>\n<\/tr>\n<tr>\n<th colspan=\"2\">T\u00e9l\u00e9phone mobile<\/th>\n<\/tr>\n<tr>\n<td>Syst\u00e8me d&rsquo;exploitation<\/td>\n<td>Android 8.0 Oreo<\/td>\n<\/tr>\n<tr>\n<td>Technologie<\/td>\n<td>TD-SCDMA \/ WCDMA (UMTS) \/ GSM<\/td>\n<\/tr>\n<tr>\n<td>G\u00e9n\u00e9ration \u00e0 haut d\u00e9bit mobile<\/td>\n<td>4G<\/td>\n<\/tr>\n<tr>\n<td>Fournisseur de services<\/td>\n<td>Non sp\u00e9cifi\u00e9<\/td>\n<\/tr>\n<tr>\n<td>Type de carte SIM<\/td>\n<td>Nano SIM<\/td>\n<\/tr>\n<tr>\n<td>Technologie de paiement<\/td>\n<td>Samsung Pay<\/td>\n<\/tr>\n<tr>\n<td>Navigation<\/td>\n<td>GPS, GLONASS, BeiDou, Galileo<\/td>\n<\/tr>\n<tr>\n<td>Qt\u00e9 de fentes de carte SIM<\/td>\n<td>Double SIM (SIM1 et SIM2 \/ fentes MicroSD)<\/td>\n<\/tr>\n<tr>\n<td>Assistant intelligent<\/td>\n<td>Bixby<\/td>\n<\/tr>\n<tr>\n<td>Appareil d&rsquo;entr\u00e9e<\/td>\n<td>Multi-touches, capacitif<\/td>\n<\/tr>\n<tr>\n<td>D\u00e9tails de configuration de la carte SIM<\/td>\n<td>Nano SIM + nano SIM\/microSD<\/td>\n<\/tr>\n<tr>\n<th colspan=\"2\">Processeur<\/th>\n<\/tr>\n<tr>\n<td>Type<\/td>\n<td>Samsung Exynos<\/td>\n<\/tr>\n<tr>\n<td>Qt\u00e9 de coeur de processeur<\/td>\n<td>8 coeurs<\/td>\n<\/tr>\n<tr>\n<td>Num\u00e9ro de processeur<\/td>\n<td>9810<\/td>\n<\/tr>\n<tr>\n<td>Architecture 64 bits<\/td>\n<td>Oui<\/td>\n<\/tr>\n<tr>\n<td>Fr\u00e9quence d&rsquo;horloge<\/td>\n<td>2.7 GHz<\/td>\n<\/tr>\n<tr>\n<th colspan=\"2\">Affichage<\/th>\n<\/tr>\n<tr>\n<td>Technologie<\/td>\n<td>Quad HD+ Super AMOLED<\/td>\n<\/tr>\n<tr>\n<td>Caract\u00e9ristiques<\/td>\n<td>Affichage toujours allum\u00e9, Afficheur Infinity, Ecran incurv\u00e9 \u00e0 double bord<\/td>\n<\/tr>\n<tr>\n<td>Type<\/td>\n<td>Ecran OEL<\/td>\n<\/tr>\n<tr>\n<td>Densit\u00e9 des pixels<\/td>\n<td>529 ppi<\/td>\n<\/tr>\n<tr>\n<td>Protection<\/td>\n<td>Corning Gorilla Glass 5 (scratch resistant glass)<\/td>\n<\/tr>\n<tr>\n<td>Taille de la diagonale<\/td>\n<td>6.2&Prime;<\/td>\n<\/tr>\n<tr>\n<td>R\u00e9solution d&rsquo;\u00e9cran<\/td>\n<td>2960 x 1440 pixels<\/td>\n<\/tr>\n<tr>\n<td>Profondeur d&rsquo;\u00e9chantillonnage<\/td>\n<td>16,7 millions de couleurs<\/td>\n<\/tr>\n<tr>\n<td>Rapport hauteur\/largeur<\/td>\n<td>18.5:9<\/td>\n<\/tr>\n<tr>\n<td>HDR<\/td>\n<td>Oui<\/td>\n<\/tr>\n<tr>\n<th colspan=\"2\">Messagerie et Internet<\/th>\n<\/tr>\n<tr>\n<td>Services de messagerie<\/td>\n<td>SMS, MMS<\/td>\n<\/tr>\n<tr>\n<td>Blogs et r\u00e9seaux sociaux pris en charge<\/td>\n<td>Oui<\/td>\n<\/tr>\n<tr>\n<th colspan=\"2\">Communications<\/th>\n<\/tr>\n<tr>\n<td>Interface sans fil<\/td>\n<td>NFC, IEEE 802.11a\/b\/g\/n\/ac, Bluetooth 5.0 LE, ANT+\/ANT<\/td>\n<\/tr>\n<tr>\n<td>Profils Bluetooth<\/td>\n<td>HFP, HSP, OPP, PAN, A2DP, AVRCP, HID, PBAP, MAP, HOGP, BLE<\/td>\n<\/tr>\n<tr>\n<td>Bande 2G<\/td>\n<td>GSM 850\/900\/1800\/1900 \/ TD-SCDMA 1880\/2010<\/td>\n<\/tr>\n<tr>\n<td>Bande 4G LTE<\/td>\n<td>Bande 1, Bande 2, Bande 3, Bande 4, Bande 5, Bande 7, Bande 8, Bande 12, Bande 13, Bande 17, Bande 18, Bande 19, Bande 20, Bande 25, Bande 26, Bande 28, Bande 32, Bande 38, Bande 39, Bande 40, Bande 41, Bande 66<\/td>\n<\/tr>\n<tr>\n<td>Fr\u00e9quence LTE 4G<\/td>\n<td>FDD 2100, FDD 1900 PCS, FDD 1800+, FDD 1700 &#8211; 2110 AWS, FDD 850, FDD 2600, FDD 900, FDD 700a, FDD 700c, FDD 700b, FDD 800 inf\u00e9rieur, FDD 800 sup\u00e9rieur, FDD 800 DD, FDD 1900+, FDD 850+, FDD 700 APT, FDD 1500 L, TDD 2600, TDD 1900, TDD 2300, TDD 2500, FDD 1700 &#8211; 2110 AWS-3<\/td>\n<\/tr>\n<tr>\n<td>Bande 3G UMTS<\/td>\n<td>Bande 1, Bande 2, Bande 4, Bande 5, Bande 8<\/td>\n<\/tr>\n<tr>\n<td>Fr\u00e9quence UMTS 3G<\/td>\n<td>2100, 1900, 1700, 850, 900<\/td>\n<\/tr>\n<tr>\n<td>Transmission de donn\u00e9es<\/td>\n<td>GPRS, EDGE, HSDPA, HSUPA, HSPA+, VoLTE, FDD-LTE, TDD-LTE, VoWiFi<\/td>\n<\/tr>\n<tr>\n<th colspan=\"2\">Caract\u00e9ristiques du t\u00e9l\u00e9phone<\/th>\n<\/tr>\n<tr>\n<td>Fonctions du t\u00e9l\u00e9phone<\/td>\n<td>T\u00e9l\u00e9phone \u00e0 haut parleur, commande vocale, compteur d&rsquo;appels, t\u00e9l\u00e9conf\u00e9rence, mode avion, num\u00e9rotation vocale, vibreur<\/td>\n<\/tr>\n<tr>\n<td>Capteurs<\/td>\n<td>Acc\u00e9l\u00e9rom\u00e8tre, Capteur de proximit\u00e9, barom\u00e8tre, capteur gyroscopique, capteur \u00e0 effet Hall, capteur RGB, fr\u00e9quence cardiaque, capteur de pression, capteur g\u00e9omagn\u00e9tique<\/td>\n<\/tr>\n<tr>\n<td>P\u00e9riph\u00e9riques de s\u00e9curit\u00e9<\/td>\n<td>Lecteur d&#8217;empreintes digitales, balayage de l&rsquo;oeil, reconnaissance faciale<\/td>\n<\/tr>\n<tr>\n<td>Fonctions suppl\u00e9mentaires<\/td>\n<td>Multit\u00e2ches, d\u00e9blocage par photographie, Wi-Fi Miracast, fen\u00eatres multiples, technologie MU-MIMO, Chargement rapide, Samsung KNOX, High AOP Mic, support Samsung DeX, Bixby Vision, Intelligent Scan<\/td>\n<\/tr>\n<tr>\n<th colspan=\"2\">Lecteur multim\u00e9dia<\/th>\n<\/tr>\n<tr>\n<td>Normes vid\u00e9o num\u00e9riques prises en charge<\/td>\n<td>MKV, VC-1, FLV, AVC, AVI, MPEG-4, WMV, ASF, 3GP, H.264, H.263, M4V, WebM, HEVC, MP43, 3G2, WMV8, VP8, VP9, H.265, WMV7<\/td>\n<\/tr>\n<tr>\n<td>Am\u00e9liorations sonores<\/td>\n<td>Son Dolby Digital Plus, technologie de son Dolby Atmos, Son surround, haut-parleurs st\u00e9r\u00e9o accord\u00e9s par AKG, son Dolby Digital<\/td>\n<\/tr>\n<tr>\n<td>Normes audionum\u00e9riques prises en charge<\/td>\n<td>WAV, WMA, AAC, PCM, AMR, MP3, FLAC, AAC-LC, XMF, AAC +, OGG, eAAC+, MIDI, APE (Monkey&rsquo;s Audio), M4A, apt-X, DSF, DSD, MXMF, OGA, 3GA, AWB, IMY, RTTTL, RTX, OTA, OPUS, DFF, MID, AMR-WB, AMR-NB, Vorbis, DSD64, DSD128<\/td>\n<\/tr>\n<tr>\n<th colspan=\"2\">M\u00e9moire<\/th>\n<\/tr>\n<tr>\n<td>RAM<\/td>\n<td>6 Go &#8211; LPDDR4 SDRAM<\/td>\n<\/tr>\n<tr>\n<td>Cartes m\u00e9moire flash prises en charge<\/td>\n<td>microSDHC, microSDXC &#8211; jusqu&rsquo;\u00e0 400 Go<\/td>\n<\/tr>\n<tr>\n<td>M\u00e9moire utilisateur<\/td>\n<td>50.3 Go<\/td>\n<\/tr>\n<tr>\n<td>Capacit\u00e9 de la m\u00e9moire interne<\/td>\n<td>64 Go<\/td>\n<\/tr>\n<tr>\n<th colspan=\"2\">Connexions<\/th>\n<\/tr>\n<tr>\n<td>Type de connecteur<\/td>\n<td>USB Type-C &#8211; 24 pin USB-C<br \/>\nPrise pour casque micro &#8211; mini-t\u00e9l\u00e9phone 3,5 mm<\/td>\n<\/tr>\n<tr>\n<th colspan=\"2\">Batterie<\/th>\n<\/tr>\n<tr>\n<td>Capacit\u00e9<\/td>\n<td>3500 mAh<\/td>\n<\/tr>\n<tr>\n<td>Autonomie<\/td>\n<td>Utilisation en ligne activ\u00e9e (LTE): jusqu&rsquo;\u00e0 15 hrs<br \/>\nUtilisation en ligne activ\u00e9e (3G): jusqu&rsquo;\u00e0 13 hrs<br \/>\nEn conversation (3G): jusqu&rsquo;\u00e0 1500 min<br \/>\nLecture (audio): jusqu&rsquo;\u00e0 54 hrs<br \/>\nLecture (Toujours sur affichage d\u00e9sactiv\u00e9): jusqu&rsquo;\u00e0 94 hrs<br \/>\nLecture (vid\u00e9o): jusqu&rsquo;\u00e0 18 hrs<br \/>\nUtilisation en ligne activ\u00e9e (Wi-Fi): jusqu&rsquo;\u00e0 15 hrs<\/td>\n<\/tr>\n<tr>\n<td>Chargement sans fil<\/td>\n<td>Oui<\/td>\n<\/tr>\n<tr>\n<td>Normes de facturation sans fil<\/td>\n<td>WPC, PMA<\/td>\n<\/tr>\n<tr>\n<td>Temps de parole<\/td>\n<td>1500 minutes<\/td>\n<\/tr>\n<tr>\n<th colspan=\"2\">Divers<\/th>\n<\/tr>\n<tr>\n<td>Normes de conformit\u00e9<\/td>\n<td>IP68<\/td>\n<\/tr>\n<tr>\n<th colspan=\"2\">Caract\u00e9ristiques d\u2019environnement<\/th>\n<\/tr>\n<tr>\n<td>Profondeur maximum de r\u00e9sistance aux chocs<\/td>\n<td>1.5 m<\/td>\n<\/tr>\n<tr>\n<th colspan=\"2\">Garantie du fabricant<\/th>\n<\/tr>\n<tr>\n<td>Service et maintenance<\/td>\n<td>Garantie limit\u00e9e &#8211; 2 ans<\/td>\n<\/tr>\n<tr>\n<th colspan=\"2\">Cam\u00e9ra avant<\/th>\n<\/tr>\n<tr>\n<td>R\u00e9solution du capteur<\/td>\n<td>8 m\u00e9gapixels<\/td>\n<\/tr>\n<tr>\n<td>R\u00e9glage de la mise au point<\/td>\n<td>Automatique<\/td>\n<\/tr>\n<tr>\n<td>Fonctionnalit\u00e9s<\/td>\n<td>D\u00e9marrage rapide, Photo de mouvement, Timbres, Mise au point automatique intelligente, \u00e9tiquettes de localisation, VDIS (Video Digital Image Stabilization)<\/td>\n<\/tr>\n<tr>\n<td>Ouverture de l&rsquo;objectif<\/td>\n<td>F\/1.7<\/td>\n<\/tr>\n<tr>\n<td>Effets sp\u00e9ciaux<\/td>\n<td>HDR, Ligne de grille<\/td>\n<\/tr>\n<tr>\n<td>Modes cam\u00e9ra<\/td>\n<td>Mode retardateur, mode selfie large, mode selfie, \u00e9motic\u00f4ne AR, mise au point selfie<\/td>\n<\/tr>\n<tr>\n<td>Taille de capteur<\/td>\n<td>1\/3.6&Prime;<\/td>\n<\/tr>\n<tr>\n<th colspan=\"2\">Cam\u00e9ra arri\u00e8re<\/th>\n<\/tr>\n<tr>\n<td>Caract\u00e9ristiques<\/td>\n<td>Mise au point s\u00e9lective, D\u00e9marrage rapide, Zoom lecture, Tracking Focus, technologie Dual Pixel, Mouvement photo, Exposition, Vitesse d&rsquo;obturation, marquage g\u00e9ographique, Mise au point automatique continue (CAF), capture d&rsquo;images au format RAW, VDIS (stabilisation d&rsquo;image num\u00e9rique vid\u00e9o), Capture double, flash LED High CRI, Tracking AF, enregistrement vid\u00e9o 4K et photos fixes de 9 MP, balises de localisation vid\u00e9o, Timbres, \u00e9tiquettes de localisation, vid\u00e9o \u00e0 mise au point continue, support vid\u00e9o Hyperlapse 1080p, Live focus avec filtres bokeh, double pixel Super Speed<\/td>\n<\/tr>\n<tr>\n<td>Effets sp\u00e9ciaux<\/td>\n<td>Effet mouvement, HDR, Timbre, Effet Bokeh, Ligne de grille, Autocollants<\/td>\n<\/tr>\n<tr>\n<td>R\u00e9glage de la mise au point<\/td>\n<td>Automatique, manuel<\/td>\n<\/tr>\n<tr>\n<td>R\u00e9solution du capteur<\/td>\n<td>12 m\u00e9gapixels<\/td>\n<\/tr>\n<tr>\n<td>Balance des blancs<\/td>\n<td>Personnalis\u00e9, automatique<\/td>\n<\/tr>\n<tr>\n<td>Zoom num\u00e9rique<\/td>\n<td>10<\/td>\n<\/tr>\n<tr>\n<td>Modes de cam\u00e9ra<\/td>\n<td>Panorama, Mode ralenti, mode Pro, Mode retardateur, HYPERLAPSE, Mode auto, prise de vues \u00e0 faible luminosit\u00e9, Mode nourriture, Super Slow-mo, \u00e9motic\u00f4ne AR<\/td>\n<\/tr>\n<tr>\n<td>R\u00e9solutions vid\u00e9o<\/td>\n<td>1920 x 1080 (1080p) \u00e0 30 fps, 1920 x 1080 (1080p) \u00e0 60 fps, 1280 x 720 (720p) \u00e0 30 fps, 3840 x 2160 (4K) \u00e0 30 fps, 3840 x 2160 (4K) \u00e0 60 fps, Vid\u00e9o super ralentie de 1280 x 720 (720p) \u00e0 960 fps, Vid\u00e9o slo-mo de 1920 x 1080 (1080p) \u00e0 240 fps, 2560 x 1440 (QHD) \u00e0 30 fps<\/td>\n<\/tr>\n<tr>\n<td>Ouverture d&rsquo;objectif<\/td>\n<td>F\/1.5 and f\/2.4<\/td>\n<\/tr>\n<tr>\n<td>Source de lumi\u00e8re<\/td>\n<td>Flash \u00e0 LED<\/td>\n<\/tr>\n<tr>\n<td>Detection faciale<\/td>\n<td>D\u00e9tection de visage<\/td>\n<\/tr>\n<tr>\n<td>Type d&rsquo;objectif<\/td>\n<td>Objectif grand angle<\/td>\n<\/tr>\n<tr>\n<td>Zoom optique<\/td>\n<td>2<\/td>\n<\/tr>\n<tr>\n<td>Taille de capteur<\/td>\n<td>1\/2.55&Prime;<\/td>\n<\/tr>\n<tr>\n<td>Stabilisateur d&rsquo;image optique<\/td>\n<td>OIS double (stabilisateur d&rsquo;image optique)<\/td>\n<\/tr>\n<tr>\n<th colspan=\"2\">Deuxi\u00e8me cam\u00e9ra arri\u00e8re<\/th>\n<\/tr>\n<tr>\n<td>Ouverture de l&rsquo;objectif<\/td>\n<td>F\/2.4<\/td>\n<\/tr>\n<tr>\n<td>Type d&rsquo;objectif<\/td>\n<td>T\u00e9l\u00e9objectif<\/td>\n<\/tr>\n<tr>\n<td>Taille de capteur<\/td>\n<td>1\/3.4&Prime;<\/td>\n<\/tr>\n<tr>\n<td>R\u00e9solution du capteur<\/td>\n<td>12 m\u00e9gapixels<\/td>\n<\/tr>\n<\/tbody>\n<\/table>\n","protected":false},"featured_media":15836,"comment_status":"open","ping_status":"closed","template":"","meta":[],"product_cat":[234],"product_tag":[],"class_list":{"0":"post-7108","1":"product","2":"type-product","3":"status-publish","4":"has-post-thumbnail","6":"product_cat-smartphones","8":"first","9":"instock","10":"shipping-taxable","11":"purchasable","12":"product-type-simple","13":"col-xs-6 col-sm-4","14":"col-md-3 col-lg-3","15":"un-4-cols"},"yoast_head":"<!-- This site is optimized with the Yoast SEO plugin v27.0 - https:\/\/yoast.com\/product\/yoast-seo-wordpress\/ -->\n<title>galaxy-s9-64gb-dual-sim-liliac-purple<\/title>\n<meta name=\"description\" content=\"galaxy-s9-64gb-dual-sim-liliac-purple\" \/>\n<meta name=\"robots\" content=\"index, follow, max-snippet:-1, max-image-preview:large, max-video-preview:-1\" \/>\n<link rel=\"canonical\" href=\"https:\/\/eurosdiscounts.com\/index.php\/produit\/galaxy-s9-64gb-dual-sim-liliac-purple\/\" \/>\n<meta property=\"og:locale\" content=\"fr_FR\" \/>\n<meta property=\"og:type\" content=\"article\" \/>\n<meta property=\"og:title\" content=\"galaxy-s9-64gb-dual-sim-liliac-purple\" \/>\n<meta property=\"og:description\" content=\"galaxy-s9-64gb-dual-sim-liliac-purple\" \/>\n<meta property=\"og:url\" content=\"https:\/\/eurosdiscounts.com\/index.php\/produit\/galaxy-s9-64gb-dual-sim-liliac-purple\/\" \/>\n<meta property=\"og:site_name\" content=\"Eurosdiscounts.com- Achat sur Internet a prix discount, Canap\u00e9s pas cher, Smartphone pas cher, pc portable pas cher..\" \/>\n<meta property=\"og:image\" content=\"https:\/\/eurosdiscounts.com\/wp-content\/uploads\/2019\/10\/c-2.jpg\" \/>\n\t<meta property=\"og:image:width\" content=\"543\" \/>\n\t<meta property=\"og:image:height\" content=\"543\" \/>\n\t<meta property=\"og:image:type\" content=\"image\/jpeg\" \/>\n<meta name=\"twitter:card\" content=\"summary_large_image\" \/>\n<script type=\"application\/ld+json\" class=\"yoast-schema-graph\">{\"@context\":\"https:\/\/schema.org\",\"@graph\":[{\"@type\":\"WebPage\",\"@id\":\"https:\/\/eurosdiscounts.com\/index.php\/produit\/galaxy-s9-64gb-dual-sim-liliac-purple\/\",\"url\":\"https:\/\/eurosdiscounts.com\/index.php\/produit\/galaxy-s9-64gb-dual-sim-liliac-purple\/\",\"name\":\"galaxy-s9-64gb-dual-sim-liliac-purple\",\"isPartOf\":{\"@id\":\"https:\/\/eurosdiscounts.com\/#website\"},\"primaryImageOfPage\":{\"@id\":\"https:\/\/eurosdiscounts.com\/index.php\/produit\/galaxy-s9-64gb-dual-sim-liliac-purple\/#primaryimage\"},\"image\":{\"@id\":\"https:\/\/eurosdiscounts.com\/index.php\/produit\/galaxy-s9-64gb-dual-sim-liliac-purple\/#primaryimage\"},\"thumbnailUrl\":\"https:\/\/eurosdiscounts.com\/wp-content\/uploads\/2019\/10\/c-2.jpg\",\"datePublished\":\"2019-10-07T15:05:46+00:00\",\"description\":\"galaxy-s9-64gb-dual-sim-liliac-purple\",\"breadcrumb\":{\"@id\":\"https:\/\/eurosdiscounts.com\/index.php\/produit\/galaxy-s9-64gb-dual-sim-liliac-purple\/#breadcrumb\"},\"inLanguage\":\"fr-FR\",\"potentialAction\":[{\"@type\":\"ReadAction\",\"target\":[\"https:\/\/eurosdiscounts.com\/index.php\/produit\/galaxy-s9-64gb-dual-sim-liliac-purple\/\"]}]},{\"@type\":\"ImageObject\",\"inLanguage\":\"fr-FR\",\"@id\":\"https:\/\/eurosdiscounts.com\/index.php\/produit\/galaxy-s9-64gb-dual-sim-liliac-purple\/#primaryimage\",\"url\":\"https:\/\/eurosdiscounts.com\/wp-content\/uploads\/2019\/10\/c-2.jpg\",\"contentUrl\":\"https:\/\/eurosdiscounts.com\/wp-content\/uploads\/2019\/10\/c-2.jpg\",\"width\":543,\"height\":543},{\"@type\":\"BreadcrumbList\",\"@id\":\"https:\/\/eurosdiscounts.com\/index.php\/produit\/galaxy-s9-64gb-dual-sim-liliac-purple\/#breadcrumb\",\"itemListElement\":[{\"@type\":\"ListItem\",\"position\":1,\"name\":\"Accueil\",\"item\":\"https:\/\/eurosdiscounts.com\/\"},{\"@type\":\"ListItem\",\"position\":2,\"name\":\"Boutique\",\"item\":\"https:\/\/eurosdiscounts.com\/index.php\/boutique\/\"},{\"@type\":\"ListItem\",\"position\":3,\"name\":\"Galaxy S9+ 64GB Dual SIM Liliac Purple\"}]},{\"@type\":\"WebSite\",\"@id\":\"https:\/\/eurosdiscounts.com\/#website\",\"url\":\"https:\/\/eurosdiscounts.com\/\",\"name\":\"Eurosdiscounts.com- Achat sur Internet a prix discount, Canap\u00e9s pas cher, Smartphone pas cher, pc portable pas cher..\",\"description\":\"Eurosdiscounts.com- Achat sur Internet a prix discount, Canap\u00e9s pas cher, Smartphone pas cher, pc portable pas cher..\",\"potentialAction\":[{\"@type\":\"SearchAction\",\"target\":{\"@type\":\"EntryPoint\",\"urlTemplate\":\"https:\/\/eurosdiscounts.com\/?s={search_term_string}\"},\"query-input\":{\"@type\":\"PropertyValueSpecification\",\"valueRequired\":true,\"valueName\":\"search_term_string\"}}],\"inLanguage\":\"fr-FR\"}]}<\/script>\n<!-- \/ Yoast SEO plugin. -->","yoast_head_json":{"title":"galaxy-s9-64gb-dual-sim-liliac-purple","description":"galaxy-s9-64gb-dual-sim-liliac-purple","robots":{"index":"index","follow":"follow","max-snippet":"max-snippet:-1","max-image-preview":"max-image-preview:large","max-video-preview":"max-video-preview:-1"},"canonical":"https:\/\/eurosdiscounts.com\/index.php\/produit\/galaxy-s9-64gb-dual-sim-liliac-purple\/","og_locale":"fr_FR","og_type":"article","og_title":"galaxy-s9-64gb-dual-sim-liliac-purple","og_description":"galaxy-s9-64gb-dual-sim-liliac-purple","og_url":"https:\/\/eurosdiscounts.com\/index.php\/produit\/galaxy-s9-64gb-dual-sim-liliac-purple\/","og_site_name":"Eurosdiscounts.com- Achat sur Internet a prix discount, Canap\u00e9s pas cher, Smartphone pas cher, pc portable pas cher..","og_image":[{"width":543,"height":543,"url":"https:\/\/eurosdiscounts.com\/wp-content\/uploads\/2019\/10\/c-2.jpg","type":"image\/jpeg"}],"twitter_card":"summary_large_image","schema":{"@context":"https:\/\/schema.org","@graph":[{"@type":"WebPage","@id":"https:\/\/eurosdiscounts.com\/index.php\/produit\/galaxy-s9-64gb-dual-sim-liliac-purple\/","url":"https:\/\/eurosdiscounts.com\/index.php\/produit\/galaxy-s9-64gb-dual-sim-liliac-purple\/","name":"galaxy-s9-64gb-dual-sim-liliac-purple","isPartOf":{"@id":"https:\/\/eurosdiscounts.com\/#website"},"primaryImageOfPage":{"@id":"https:\/\/eurosdiscounts.com\/index.php\/produit\/galaxy-s9-64gb-dual-sim-liliac-purple\/#primaryimage"},"image":{"@id":"https:\/\/eurosdiscounts.com\/index.php\/produit\/galaxy-s9-64gb-dual-sim-liliac-purple\/#primaryimage"},"thumbnailUrl":"https:\/\/eurosdiscounts.com\/wp-content\/uploads\/2019\/10\/c-2.jpg","datePublished":"2019-10-07T15:05:46+00:00","description":"galaxy-s9-64gb-dual-sim-liliac-purple","breadcrumb":{"@id":"https:\/\/eurosdiscounts.com\/index.php\/produit\/galaxy-s9-64gb-dual-sim-liliac-purple\/#breadcrumb"},"inLanguage":"fr-FR","potentialAction":[{"@type":"ReadAction","target":["https:\/\/eurosdiscounts.com\/index.php\/produit\/galaxy-s9-64gb-dual-sim-liliac-purple\/"]}]},{"@type":"ImageObject","inLanguage":"fr-FR","@id":"https:\/\/eurosdiscounts.com\/index.php\/produit\/galaxy-s9-64gb-dual-sim-liliac-purple\/#primaryimage","url":"https:\/\/eurosdiscounts.com\/wp-content\/uploads\/2019\/10\/c-2.jpg","contentUrl":"https:\/\/eurosdiscounts.com\/wp-content\/uploads\/2019\/10\/c-2.jpg","width":543,"height":543},{"@type":"BreadcrumbList","@id":"https:\/\/eurosdiscounts.com\/index.php\/produit\/galaxy-s9-64gb-dual-sim-liliac-purple\/#breadcrumb","itemListElement":[{"@type":"ListItem","position":1,"name":"Accueil","item":"https:\/\/eurosdiscounts.com\/"},{"@type":"ListItem","position":2,"name":"Boutique","item":"https:\/\/eurosdiscounts.com\/index.php\/boutique\/"},{"@type":"ListItem","position":3,"name":"Galaxy S9+ 64GB Dual SIM Liliac Purple"}]},{"@type":"WebSite","@id":"https:\/\/eurosdiscounts.com\/#website","url":"https:\/\/eurosdiscounts.com\/","name":"Eurosdiscounts.com- Achat sur Internet a prix discount, Canap\u00e9s pas cher, Smartphone pas cher, pc portable pas cher..","description":"Eurosdiscounts.com- Achat sur Internet a prix discount, Canap\u00e9s pas cher, Smartphone pas cher, pc portable pas cher..","potentialAction":[{"@type":"SearchAction","target":{"@type":"EntryPoint","urlTemplate":"https:\/\/eurosdiscounts.com\/?s={search_term_string}"},"query-input":{"@type":"PropertyValueSpecification","valueRequired":true,"valueName":"search_term_string"}}],"inLanguage":"fr-FR"}]}},"_links":{"self":[{"href":"https:\/\/eurosdiscounts.com\/index.php\/wp-json\/wp\/v2\/product\/7108","targetHints":{"allow":["GET"]}}],"collection":[{"href":"https:\/\/eurosdiscounts.com\/index.php\/wp-json\/wp\/v2\/product"}],"about":[{"href":"https:\/\/eurosdiscounts.com\/index.php\/wp-json\/wp\/v2\/types\/product"}],"replies":[{"embeddable":true,"href":"https:\/\/eurosdiscounts.com\/index.php\/wp-json\/wp\/v2\/comments?post=7108"}],"wp:featuredmedia":[{"embeddable":true,"href":"https:\/\/eurosdiscounts.com\/index.php\/wp-json\/wp\/v2\/media\/15836"}],"wp:attachment":[{"href":"https:\/\/eurosdiscounts.com\/index.php\/wp-json\/wp\/v2\/media?parent=7108"}],"wp:term":[{"taxonomy":"product_cat","embeddable":true,"href":"https:\/\/eurosdiscounts.com\/index.php\/wp-json\/wp\/v2\/product_cat?post=7108"},{"taxonomy":"product_tag","embeddable":true,"href":"https:\/\/eurosdiscounts.com\/index.php\/wp-json\/wp\/v2\/product_tag?post=7108"}],"curies":[{"name":"wp","href":"https:\/\/api.w.org\/{rel}","templated":true}]}}