{"id":6942,"date":"2019-10-05T20:49:01","date_gmt":"2019-10-05T18:49:01","guid":{"rendered":"https:\/\/smartsdiscount.com\/?post_type=product&amp;p=6942"},"modified":"2019-10-05T20:49:01","modified_gmt":"2019-10-05T18:49:01","slug":"xiaomi-mi-9-lite-gris-64-go","status":"publish","type":"product","link":"https:\/\/eurosdiscounts.com\/index.php\/produit\/xiaomi-mi-9-lite-gris-64-go\/","title":{"rendered":"XIAOMI Mi 9 Lite Gris 64 Go"},"content":{"rendered":"<p><span class=\"fpBlocTitle\">Les points forts :<\/span><\/p>\n<ul>\n<li>Taille de la diagonale : 6.39\u2033<\/li>\n<li>R\u00e9solution du capteur : 48 m\u00e9gapixels<\/li>\n<li>Capacit\u00e9 : 4030 mAh<\/li>\n<li>Capacit\u00e9 de la m\u00e9moire interne : 64 Go<\/li>\n<li>8 coeurs<\/li>\n<\/ul>\n<div class=\"jsFpBulletPointMore\">\n<ul>\n<li>RAM : 6 Go \u2013 LPDDR4X SDRAM<\/li>\n<li>G\u00e9n\u00e9ration \u00e0 haut d\u00e9bit mobile : 4G<\/li>\n<li>Protection : Corning Gorilla Glass 5 (scratch resistant glass)<\/li>\n<\/ul>\n<\/div>\n","protected":false},"excerpt":{"rendered":"<table class=\"fpDescTb fpDescTbPub\">\n<tbody>\n<tr>\n<th colspan=\"2\">Informations g\u00e9n\u00e9rales sur le produit<\/th>\n<\/tr>\n<tr>\n<td>Marque<\/td>\n<td>XIAOMI<\/td>\n<\/tr>\n<tr>\n<td>Nom du produit<\/td>\n<td>XIAOMI Mi 9 Lite Gris 64 Go<\/td>\n<\/tr>\n<tr>\n<td>Cat\u00e9gorie<\/td>\n<td>SMARTPHONE<\/td>\n<\/tr>\n<tr>\n<th colspan=\"2\">Informations sur le produit<\/th>\n<\/tr>\n<tr>\n<td>Couleur(s)<\/td>\n<td>Gris<\/td>\n<\/tr>\n<tr>\n<td>DAS<\/td>\n<td>DAS: T\u00eate: 1,42W\/kg \/ Corps: 1,40W\/kg<\/td>\n<\/tr>\n<tr>\n<td>Information DAS<\/td>\n<td>Le DAS (d\u00e9bit d\u2019absorption sp\u00e9cifique) des t\u00e9l\u00e9phones mobiles quantifie le niveau d\u2019exposition<br \/>\nmaximal de l\u2019utilisateur aux ondes \u00e9lectromagn\u00e9tiques, pour une utilisation \u00e0 l\u2019oreille.<br \/>\nLa r\u00e9glementation fran\u00e7aise impose que le DAS ne d\u00e9passe pas 2W\/kg<\/td>\n<\/tr>\n<tr>\n<td>Capacit\u00e9 (m\u00e9moire)<\/td>\n<td>64 Go<\/td>\n<\/tr>\n<tr>\n<td>Pack<\/td>\n<td>XIAOMI Mi 9 Lite<\/td>\n<\/tr>\n<tr>\n<th colspan=\"2\">G\u00e9n\u00e9ral<\/th>\n<\/tr>\n<tr>\n<td>Type de Produit<\/td>\n<td>Smartphone<\/td>\n<\/tr>\n<tr>\n<td>Composants int\u00e9gr\u00e9s<\/td>\n<td>Cam\u00e9ra avant, enregistreur vocal, navigation, lecteur num\u00e9rique, triple cam\u00e9ra orient\u00e9e vers l&rsquo;arri\u00e8re<\/td>\n<\/tr>\n<tr>\n<td>Couleur du boitier<\/td>\n<td>Onyx gray<\/td>\n<\/tr>\n<tr>\n<td>Profondeur<\/td>\n<td>8.67 mm<\/td>\n<\/tr>\n<tr>\n<td>Largeur<\/td>\n<td>74.5 mm<\/td>\n<\/tr>\n<tr>\n<td>Hauteur<\/td>\n<td>156.8 mm<\/td>\n<\/tr>\n<tr>\n<td>Poids<\/td>\n<td>179 g<\/td>\n<\/tr>\n<tr>\n<td>Format<\/td>\n<td>Tactile<\/td>\n<\/tr>\n<tr>\n<th colspan=\"2\">T\u00e9l\u00e9phone mobile<\/th>\n<\/tr>\n<tr>\n<td>Syst\u00e8me d&rsquo;exploitation<\/td>\n<td>Android 9.0 Pie<\/td>\n<\/tr>\n<tr>\n<td>Technologie<\/td>\n<td>WCDMA (UMTS) \/ GSM<\/td>\n<\/tr>\n<tr>\n<td>G\u00e9n\u00e9ration \u00e0 haut d\u00e9bit mobile<\/td>\n<td>4G<\/td>\n<\/tr>\n<tr>\n<td>Fournisseur de services<\/td>\n<td>Non sp\u00e9cifi\u00e9<\/td>\n<\/tr>\n<tr>\n<td>Interface utilisateur<\/td>\n<td>MIUI 10<\/td>\n<\/tr>\n<tr>\n<td>Type de carte SIM<\/td>\n<td>Nano SIM<\/td>\n<\/tr>\n<tr>\n<td>Technologie de paiement<\/td>\n<td>Google Pay<\/td>\n<\/tr>\n<tr>\n<td>Navigation<\/td>\n<td>GPS, A-GPS, GLONASS, BeiDou, Galileo<\/td>\n<\/tr>\n<tr>\n<td>Appareil d&rsquo;entr\u00e9e<\/td>\n<td>Multi-touches<\/td>\n<\/tr>\n<tr>\n<td>Qt\u00e9 de carte SIM<\/td>\n<td>Double SIM<\/td>\n<\/tr>\n<tr>\n<th colspan=\"2\">Processeur<\/th>\n<\/tr>\n<tr>\n<td>Type<\/td>\n<td>Qualcomm Snapdragon 710<\/td>\n<\/tr>\n<tr>\n<td>Qt\u00e9 de coeur de processeur<\/td>\n<td>8 coeurs<\/td>\n<\/tr>\n<tr>\n<td>Architecture 64 bits<\/td>\n<td>Oui<\/td>\n<\/tr>\n<tr>\n<td>Fr\u00e9quence d&rsquo;horloge<\/td>\n<td>2.2 GHz<\/td>\n<\/tr>\n<tr>\n<th colspan=\"2\">Affichage<\/th>\n<\/tr>\n<tr>\n<td>Technologie<\/td>\n<td>AMOLED<\/td>\n<\/tr>\n<tr>\n<td>Caract\u00e9ristiques<\/td>\n<td>Mode de lecture, R\u00e9glage de la temp\u00e9rature de couleur, HDR10, mode nuit, mode 2.0 Sunshine, mode de lecture r\u00e9glable sur 256 rangs, Mode fonc\u00e9, Affichage multicolore permanent, \u00e9cran dynamique<\/td>\n<\/tr>\n<tr>\n<td>Type<\/td>\n<td>Ecran OEL<\/td>\n<\/tr>\n<tr>\n<td>Densit\u00e9 des pixels<\/td>\n<td>403 ppi<\/td>\n<\/tr>\n<tr>\n<td>Rapport de contraste<\/td>\n<td>60000:1<\/td>\n<\/tr>\n<tr>\n<td>Protection<\/td>\n<td>Corning Gorilla Glass 5 (scratch resistant glass)<\/td>\n<\/tr>\n<tr>\n<td>Luminosit\u00e9 maximum<\/td>\n<td>600 cd\/m\u00b2<\/td>\n<\/tr>\n<tr>\n<td>Taille de la diagonale<\/td>\n<td>6.39&Prime;<\/td>\n<\/tr>\n<tr>\n<td>R\u00e9solution d&rsquo;\u00e9cran<\/td>\n<td>2340 x 1080 pixels<\/td>\n<\/tr>\n<tr>\n<td>Rapport hauteur\/largeur<\/td>\n<td>19.5:9<\/td>\n<\/tr>\n<tr>\n<td>Format d&rsquo;affichage<\/td>\n<td>Full HD+<\/td>\n<\/tr>\n<tr>\n<td>HDR<\/td>\n<td>Oui<\/td>\n<\/tr>\n<tr>\n<th colspan=\"2\">Messagerie et Internet<\/th>\n<\/tr>\n<tr>\n<td>Services de messagerie<\/td>\n<td>SMS, MMS<\/td>\n<\/tr>\n<tr>\n<td>Blogs et r\u00e9seaux sociaux pris en charge<\/td>\n<td>Oui<\/td>\n<\/tr>\n<tr>\n<th colspan=\"2\">Communications<\/th>\n<\/tr>\n<tr>\n<td>Interface sans fil<\/td>\n<td>NFC, IEEE 802.11a\/b\/g\/n\/ac, Bluetooth 5.0<\/td>\n<\/tr>\n<tr>\n<td>Bande 2G<\/td>\n<td>GSM 850\/900\/1800\/1900<\/td>\n<\/tr>\n<tr>\n<td>Bande 4G LTE<\/td>\n<td>Bande 1, Bande 2, Bande 3, Bande 4, Bande 5, Bande 7, Bande 8, Bande 20, Bande 28, Bande 38, Bande 40<\/td>\n<\/tr>\n<tr>\n<td>Fr\u00e9quence LTE 4G<\/td>\n<td>FDD 2100, FDD 1900 PCS, FDD 1800+, FDD 1700 &#8211; 2110 AWS, FDD 850, FDD 2600, FDD 900, FDD 800 DD, FDD 700 APT, TDD 2600, TDD 2300<\/td>\n<\/tr>\n<tr>\n<td>Bande 3G UMTS<\/td>\n<td>Bande 1, Bande 2, Bande 4, Bande 5, Bande 8<\/td>\n<\/tr>\n<tr>\n<td>Fr\u00e9quence UMTS 3G<\/td>\n<td>2100, 1900, 1700, 850, 900<\/td>\n<\/tr>\n<tr>\n<td>Transmission de donn\u00e9es<\/td>\n<td>GPRS, EDGE, HSDPA, HSUPA, HSPA+, VoLTE, FDD-LTE, TDD-LTE<\/td>\n<\/tr>\n<tr>\n<th colspan=\"2\">Caract\u00e9ristiques du t\u00e9l\u00e9phone<\/th>\n<\/tr>\n<tr>\n<td>Fonctions du t\u00e9l\u00e9phone<\/td>\n<td>T\u00e9l\u00e9phone \u00e0 haut parleur, commande vocale, compteur d&rsquo;appels, t\u00e9l\u00e9conf\u00e9rence, mode avion, num\u00e9rotation vocale, vibreur<\/td>\n<\/tr>\n<tr>\n<td>Capteurs<\/td>\n<td>Acc\u00e9l\u00e9rom\u00e8tre, boussole num\u00e9rique, capteur gyroscopique, capteur de distance, capteur de lumi\u00e8re ambiante incorpor\u00e9 \u00e0 l&rsquo;\u00e9cran<\/td>\n<\/tr>\n<tr>\n<td>P\u00e9riph\u00e9riques de s\u00e9curit\u00e9<\/td>\n<td>Lecteur d&#8217;empreinte digitale (sous l&rsquo;affichage)<\/td>\n<\/tr>\n<tr>\n<td>Fonctions suppl\u00e9mentaires<\/td>\n<td>HD Voice, microphones doubles, technologie MU-MIMO, Chargement rapide, AI Engine, MI Turbo, GAME Turbo 2.0<\/td>\n<\/tr>\n<tr>\n<th colspan=\"2\">Lecteur multim\u00e9dia<\/th>\n<\/tr>\n<tr>\n<td>Normes vid\u00e9o num\u00e9riques prises en charge<\/td>\n<td>MKV, VC-1, XviD, MPEG-4, H.264, M4V, VP8, VP9<\/td>\n<\/tr>\n<tr>\n<td>Am\u00e9liorations sonores<\/td>\n<td>Support Hi-Fi Sound, audio haute r\u00e9solution, Qualcomm TrueWireless Stereo Plus<\/td>\n<\/tr>\n<tr>\n<td>Normes audionum\u00e9riques prises en charge<\/td>\n<td>WAV, AAC, AMR, MP3, FLAC, APE (Monkey&rsquo;s Audio), apt-X, LDAC, apt-X HD<\/td>\n<\/tr>\n<tr>\n<th colspan=\"2\">M\u00e9moire<\/th>\n<\/tr>\n<tr>\n<td>RAM<\/td>\n<td>6 Go &#8211; LPDDR4X SDRAM<\/td>\n<\/tr>\n<tr>\n<td>Capacit\u00e9 de la m\u00e9moire interne<\/td>\n<td>64 Go<\/td>\n<\/tr>\n<tr>\n<th colspan=\"2\">Connexions<\/th>\n<\/tr>\n<tr>\n<td>Type de connecteur<\/td>\n<td>USB Type-C &#8211; 24 pin USB-C<br \/>\nPrise pour casque micro &#8211; mini-t\u00e9l\u00e9phone 3,5 mm<\/td>\n<\/tr>\n<tr>\n<th colspan=\"2\">Syst\u00e8me graphique<\/th>\n<\/tr>\n<tr>\n<td>Acc\u00e9l\u00e9rateur graphique<\/td>\n<td>Qualcomm ADRENO 640<\/td>\n<\/tr>\n<tr>\n<th colspan=\"2\">Batterie<\/th>\n<\/tr>\n<tr>\n<td>Technologie<\/td>\n<td>Lithium Ion<\/td>\n<\/tr>\n<tr>\n<td>Capacit\u00e9<\/td>\n<td>4030 mAh<\/td>\n<\/tr>\n<tr>\n<td>Technologie de charge rapide<\/td>\n<td>Qualcomm Quick Charge 4.0+<\/td>\n<\/tr>\n<tr>\n<th colspan=\"2\">Divers<\/th>\n<\/tr>\n<tr>\n<td>Normes de conformit\u00e9<\/td>\n<td>VDE<\/td>\n<\/tr>\n<tr>\n<th colspan=\"2\">Cam\u00e9ra avant<\/th>\n<\/tr>\n<tr>\n<td>R\u00e9solution du capteur<\/td>\n<td>32 m\u00e9gapixels<\/td>\n<\/tr>\n<tr>\n<td>Fonctionnalit\u00e9s<\/td>\n<td>Retardateur, reconnaissance d&rsquo;\u00e2ge, d\u00e9tection de sc\u00e8ne IA, \u00e9clairage de studio d&rsquo;IA, Lumi\u00e8re des yeux, Ajustement des caract\u00e9ristiques de l&rsquo;IA, couvre-objectif en verre saphir, ampoule ambiante, Volet de paume, d\u00e9tection de silhouette IA, correction de distorsion grand angle, correction de luminosit\u00e9 de l&rsquo;affichage de la cam\u00e9ra<\/td>\n<\/tr>\n<tr>\n<td>Ouverture de l&rsquo;objectif<\/td>\n<td>F\/2.0<\/td>\n<\/tr>\n<tr>\n<td>Effets sp\u00e9ciaux<\/td>\n<td>HDR, miroir magique<\/td>\n<\/tr>\n<tr>\n<td>R\u00e9solutions vid\u00e9o<\/td>\n<td>1920 x 1080 (1080p) \u00e0 30 fps, 1280 x 720 (720p) \u00e0 30 fps<\/td>\n<\/tr>\n<tr>\n<td>Modes cam\u00e9ra<\/td>\n<td>Selfie panorama, mode portrait AI, Embellisement AI, maquillage AI<\/td>\n<\/tr>\n<tr>\n<td>D\u00e9tection faciale<\/td>\n<td>Reconnaissance du visage<\/td>\n<\/tr>\n<tr>\n<td>Dimension de pixel<\/td>\n<td>1.6 \u00b5m<\/td>\n<\/tr>\n<tr>\n<th colspan=\"2\">Cam\u00e9ra arri\u00e8re<\/th>\n<\/tr>\n<tr>\n<td>Caract\u00e9ristiques<\/td>\n<td>Phase Detect Auto-Focus (PDAF), Mise au point automatique continue (CAF), stabilisation vid\u00e9o, super pixel 4-en-1, d\u00e9tection de sc\u00e8ne AI, \u00e9clairage de studio AI, Video Beautify, AI Triple camera, appariement audio intelligent \u00e0 960 fps, Lumi\u00e8re parasite IA, photos haute r\u00e9solution IA, R\u00e9glage du flou de l&rsquo;arri\u00e8re-plan en mode portrait, Correction de la distorsion des bords en tr\u00e8s grand angle, Correction de visage sur photo de groupe, Portrait mode background blurring, suivi de mouvement<\/td>\n<\/tr>\n<tr>\n<td>Effets sp\u00e9ciaux<\/td>\n<td>HDR<\/td>\n<\/tr>\n<tr>\n<td>R\u00e9glage de la mise au point<\/td>\n<td>Automatique<\/td>\n<\/tr>\n<tr>\n<td>R\u00e9solution du capteur<\/td>\n<td>48 m\u00e9gapixels<\/td>\n<\/tr>\n<tr>\n<td>R\u00e9solutions des images fixes<\/td>\n<td>8000 x 6000<\/td>\n<\/tr>\n<tr>\n<td>Zoom num\u00e9rique<\/td>\n<td>10<\/td>\n<\/tr>\n<tr>\n<td>Autofocus \u00e0 laser<\/td>\n<td>Oui<\/td>\n<\/tr>\n<tr>\n<td>Modes de cam\u00e9ra<\/td>\n<td>Mode rafale, Panorama, mode Pro, Embellisement AI, mode ultra grand angle intelligent, temporisateur photo, filigrane personnalis\u00e9, mode portrait en pied, Baby Beautify, minceur intelligente IA<\/td>\n<\/tr>\n<tr>\n<td>R\u00e9solutions vid\u00e9o<\/td>\n<td>1920 x 1080 (1080p) \u00e0 30 fps, 1920 x 1080 (1080p) \u00e0 60 fps, 1280 x 720 (720p) \u00e0 30 fps, Vid\u00e9o slo-mo de 1920 x 1080 (1080p) \u00e0 120 fps, Vid\u00e9o slo-mo de 1280 x 720 (720p) \u00e0 240 fps, 3840 x 2160 (4K) \u00e0 30 fps, Vid\u00e9o slo-mo de 1280 X 720 (720 p) \u00e0 120 fps, Vid\u00e9o slo-mo de 1280 x 720 (720p) \u00e0 960 fps<\/td>\n<\/tr>\n<tr>\n<td>Ouverture d&rsquo;objectif<\/td>\n<td>F\/1.79<\/td>\n<\/tr>\n<tr>\n<td>Source de lumi\u00e8re<\/td>\n<td>Flash \u00e0 LED<\/td>\n<\/tr>\n<tr>\n<td>Detection faciale<\/td>\n<td>Reconnaissance du visage<\/td>\n<\/tr>\n<tr>\n<td>Structure de l&rsquo;objectif<\/td>\n<td>6 \u00e9l\u00e9ments<\/td>\n<\/tr>\n<tr>\n<td>Type d&rsquo;objectif<\/td>\n<td>Objectif grand angle<\/td>\n<\/tr>\n<tr>\n<td>Zoom optique<\/td>\n<td>2<\/td>\n<\/tr>\n<tr>\n<td>Taille de capteur<\/td>\n<td>1\/2&Prime;<\/td>\n<\/tr>\n<tr>\n<td>Dimension de pixel<\/td>\n<td>0.8 \u00b5m<\/td>\n<\/tr>\n<tr>\n<th colspan=\"2\">Deuxi\u00e8me cam\u00e9ra arri\u00e8re<\/th>\n<\/tr>\n<tr>\n<td>Type d&rsquo;objectif<\/td>\n<td>Lentille ultra grand angle<\/td>\n<\/tr>\n<tr>\n<td>R\u00e9solution du capteur<\/td>\n<td>8 m\u00e9gapixels<\/td>\n<\/tr>\n<\/tbody>\n<\/table>\n","protected":false},"featured_media":15926,"comment_status":"open","ping_status":"closed","template":"","meta":[],"product_cat":[234],"product_tag":[],"class_list":{"0":"post-6942","1":"product","2":"type-product","3":"status-publish","4":"has-post-thumbnail","6":"product_cat-smartphones","8":"first","9":"instock","10":"shipping-taxable","11":"purchasable","12":"product-type-simple","13":"col-xs-6 col-sm-4","14":"col-md-3 col-lg-3","15":"un-4-cols"},"yoast_head":"<!-- This site is optimized with the Yoast SEO plugin v27.0 - https:\/\/yoast.com\/product\/yoast-seo-wordpress\/ -->\n<title>xiaomi-mi-9-lite-gris-64-go<\/title>\n<meta name=\"description\" content=\"xiaomi-mi-9-lite-gris-64-go\" \/>\n<meta name=\"robots\" content=\"index, follow, max-snippet:-1, max-image-preview:large, max-video-preview:-1\" \/>\n<link rel=\"canonical\" href=\"https:\/\/eurosdiscounts.com\/index.php\/produit\/xiaomi-mi-9-lite-gris-64-go\/\" \/>\n<meta property=\"og:locale\" content=\"fr_FR\" \/>\n<meta property=\"og:type\" content=\"article\" \/>\n<meta property=\"og:title\" content=\"xiaomi-mi-9-lite-gris-64-go\" \/>\n<meta property=\"og:description\" content=\"xiaomi-mi-9-lite-gris-64-go\" \/>\n<meta property=\"og:url\" content=\"https:\/\/eurosdiscounts.com\/index.php\/produit\/xiaomi-mi-9-lite-gris-64-go\/\" \/>\n<meta property=\"og:site_name\" content=\"Eurosdiscounts.com- Achat sur Internet a prix discount, Canap\u00e9s pas cher, Smartphone pas cher, pc portable pas cher..\" \/>\n<meta property=\"og:image\" content=\"https:\/\/eurosdiscounts.com\/wp-content\/uploads\/2019\/10\/c-23.jpg\" \/>\n\t<meta property=\"og:image:width\" content=\"700\" \/>\n\t<meta property=\"og:image:height\" content=\"700\" \/>\n\t<meta property=\"og:image:type\" content=\"image\/jpeg\" \/>\n<meta name=\"twitter:card\" content=\"summary_large_image\" \/>\n<script type=\"application\/ld+json\" class=\"yoast-schema-graph\">{\"@context\":\"https:\/\/schema.org\",\"@graph\":[{\"@type\":\"WebPage\",\"@id\":\"https:\/\/eurosdiscounts.com\/index.php\/produit\/xiaomi-mi-9-lite-gris-64-go\/\",\"url\":\"https:\/\/eurosdiscounts.com\/index.php\/produit\/xiaomi-mi-9-lite-gris-64-go\/\",\"name\":\"xiaomi-mi-9-lite-gris-64-go\",\"isPartOf\":{\"@id\":\"https:\/\/eurosdiscounts.com\/#website\"},\"primaryImageOfPage\":{\"@id\":\"https:\/\/eurosdiscounts.com\/index.php\/produit\/xiaomi-mi-9-lite-gris-64-go\/#primaryimage\"},\"image\":{\"@id\":\"https:\/\/eurosdiscounts.com\/index.php\/produit\/xiaomi-mi-9-lite-gris-64-go\/#primaryimage\"},\"thumbnailUrl\":\"https:\/\/eurosdiscounts.com\/wp-content\/uploads\/2019\/10\/c-23.jpg\",\"datePublished\":\"2019-10-05T18:49:01+00:00\",\"description\":\"xiaomi-mi-9-lite-gris-64-go\",\"breadcrumb\":{\"@id\":\"https:\/\/eurosdiscounts.com\/index.php\/produit\/xiaomi-mi-9-lite-gris-64-go\/#breadcrumb\"},\"inLanguage\":\"fr-FR\",\"potentialAction\":[{\"@type\":\"ReadAction\",\"target\":[\"https:\/\/eurosdiscounts.com\/index.php\/produit\/xiaomi-mi-9-lite-gris-64-go\/\"]}]},{\"@type\":\"ImageObject\",\"inLanguage\":\"fr-FR\",\"@id\":\"https:\/\/eurosdiscounts.com\/index.php\/produit\/xiaomi-mi-9-lite-gris-64-go\/#primaryimage\",\"url\":\"https:\/\/eurosdiscounts.com\/wp-content\/uploads\/2019\/10\/c-23.jpg\",\"contentUrl\":\"https:\/\/eurosdiscounts.com\/wp-content\/uploads\/2019\/10\/c-23.jpg\",\"width\":700,\"height\":700},{\"@type\":\"BreadcrumbList\",\"@id\":\"https:\/\/eurosdiscounts.com\/index.php\/produit\/xiaomi-mi-9-lite-gris-64-go\/#breadcrumb\",\"itemListElement\":[{\"@type\":\"ListItem\",\"position\":1,\"name\":\"Accueil\",\"item\":\"https:\/\/eurosdiscounts.com\/\"},{\"@type\":\"ListItem\",\"position\":2,\"name\":\"Boutique\",\"item\":\"https:\/\/eurosdiscounts.com\/index.php\/boutique\/\"},{\"@type\":\"ListItem\",\"position\":3,\"name\":\"XIAOMI Mi 9 Lite Gris 64 Go\"}]},{\"@type\":\"WebSite\",\"@id\":\"https:\/\/eurosdiscounts.com\/#website\",\"url\":\"https:\/\/eurosdiscounts.com\/\",\"name\":\"Eurosdiscounts.com- Achat sur Internet a prix discount, Canap\u00e9s pas cher, Smartphone pas cher, pc portable pas cher..\",\"description\":\"Eurosdiscounts.com- Achat sur Internet a prix discount, Canap\u00e9s pas cher, Smartphone pas cher, pc portable pas cher..\",\"potentialAction\":[{\"@type\":\"SearchAction\",\"target\":{\"@type\":\"EntryPoint\",\"urlTemplate\":\"https:\/\/eurosdiscounts.com\/?s={search_term_string}\"},\"query-input\":{\"@type\":\"PropertyValueSpecification\",\"valueRequired\":true,\"valueName\":\"search_term_string\"}}],\"inLanguage\":\"fr-FR\"}]}<\/script>\n<!-- \/ Yoast SEO plugin. -->","yoast_head_json":{"title":"xiaomi-mi-9-lite-gris-64-go","description":"xiaomi-mi-9-lite-gris-64-go","robots":{"index":"index","follow":"follow","max-snippet":"max-snippet:-1","max-image-preview":"max-image-preview:large","max-video-preview":"max-video-preview:-1"},"canonical":"https:\/\/eurosdiscounts.com\/index.php\/produit\/xiaomi-mi-9-lite-gris-64-go\/","og_locale":"fr_FR","og_type":"article","og_title":"xiaomi-mi-9-lite-gris-64-go","og_description":"xiaomi-mi-9-lite-gris-64-go","og_url":"https:\/\/eurosdiscounts.com\/index.php\/produit\/xiaomi-mi-9-lite-gris-64-go\/","og_site_name":"Eurosdiscounts.com- Achat sur Internet a prix discount, Canap\u00e9s pas cher, Smartphone pas cher, pc portable pas cher..","og_image":[{"width":700,"height":700,"url":"https:\/\/eurosdiscounts.com\/wp-content\/uploads\/2019\/10\/c-23.jpg","type":"image\/jpeg"}],"twitter_card":"summary_large_image","schema":{"@context":"https:\/\/schema.org","@graph":[{"@type":"WebPage","@id":"https:\/\/eurosdiscounts.com\/index.php\/produit\/xiaomi-mi-9-lite-gris-64-go\/","url":"https:\/\/eurosdiscounts.com\/index.php\/produit\/xiaomi-mi-9-lite-gris-64-go\/","name":"xiaomi-mi-9-lite-gris-64-go","isPartOf":{"@id":"https:\/\/eurosdiscounts.com\/#website"},"primaryImageOfPage":{"@id":"https:\/\/eurosdiscounts.com\/index.php\/produit\/xiaomi-mi-9-lite-gris-64-go\/#primaryimage"},"image":{"@id":"https:\/\/eurosdiscounts.com\/index.php\/produit\/xiaomi-mi-9-lite-gris-64-go\/#primaryimage"},"thumbnailUrl":"https:\/\/eurosdiscounts.com\/wp-content\/uploads\/2019\/10\/c-23.jpg","datePublished":"2019-10-05T18:49:01+00:00","description":"xiaomi-mi-9-lite-gris-64-go","breadcrumb":{"@id":"https:\/\/eurosdiscounts.com\/index.php\/produit\/xiaomi-mi-9-lite-gris-64-go\/#breadcrumb"},"inLanguage":"fr-FR","potentialAction":[{"@type":"ReadAction","target":["https:\/\/eurosdiscounts.com\/index.php\/produit\/xiaomi-mi-9-lite-gris-64-go\/"]}]},{"@type":"ImageObject","inLanguage":"fr-FR","@id":"https:\/\/eurosdiscounts.com\/index.php\/produit\/xiaomi-mi-9-lite-gris-64-go\/#primaryimage","url":"https:\/\/eurosdiscounts.com\/wp-content\/uploads\/2019\/10\/c-23.jpg","contentUrl":"https:\/\/eurosdiscounts.com\/wp-content\/uploads\/2019\/10\/c-23.jpg","width":700,"height":700},{"@type":"BreadcrumbList","@id":"https:\/\/eurosdiscounts.com\/index.php\/produit\/xiaomi-mi-9-lite-gris-64-go\/#breadcrumb","itemListElement":[{"@type":"ListItem","position":1,"name":"Accueil","item":"https:\/\/eurosdiscounts.com\/"},{"@type":"ListItem","position":2,"name":"Boutique","item":"https:\/\/eurosdiscounts.com\/index.php\/boutique\/"},{"@type":"ListItem","position":3,"name":"XIAOMI Mi 9 Lite Gris 64 Go"}]},{"@type":"WebSite","@id":"https:\/\/eurosdiscounts.com\/#website","url":"https:\/\/eurosdiscounts.com\/","name":"Eurosdiscounts.com- Achat sur Internet a prix discount, Canap\u00e9s pas cher, Smartphone pas cher, pc portable pas cher..","description":"Eurosdiscounts.com- Achat sur Internet a prix discount, Canap\u00e9s pas cher, Smartphone pas cher, pc portable pas cher..","potentialAction":[{"@type":"SearchAction","target":{"@type":"EntryPoint","urlTemplate":"https:\/\/eurosdiscounts.com\/?s={search_term_string}"},"query-input":{"@type":"PropertyValueSpecification","valueRequired":true,"valueName":"search_term_string"}}],"inLanguage":"fr-FR"}]}},"_links":{"self":[{"href":"https:\/\/eurosdiscounts.com\/index.php\/wp-json\/wp\/v2\/product\/6942","targetHints":{"allow":["GET"]}}],"collection":[{"href":"https:\/\/eurosdiscounts.com\/index.php\/wp-json\/wp\/v2\/product"}],"about":[{"href":"https:\/\/eurosdiscounts.com\/index.php\/wp-json\/wp\/v2\/types\/product"}],"replies":[{"embeddable":true,"href":"https:\/\/eurosdiscounts.com\/index.php\/wp-json\/wp\/v2\/comments?post=6942"}],"wp:featuredmedia":[{"embeddable":true,"href":"https:\/\/eurosdiscounts.com\/index.php\/wp-json\/wp\/v2\/media\/15926"}],"wp:attachment":[{"href":"https:\/\/eurosdiscounts.com\/index.php\/wp-json\/wp\/v2\/media?parent=6942"}],"wp:term":[{"taxonomy":"product_cat","embeddable":true,"href":"https:\/\/eurosdiscounts.com\/index.php\/wp-json\/wp\/v2\/product_cat?post=6942"},{"taxonomy":"product_tag","embeddable":true,"href":"https:\/\/eurosdiscounts.com\/index.php\/wp-json\/wp\/v2\/product_tag?post=6942"}],"curies":[{"name":"wp","href":"https:\/\/api.w.org\/{rel}","templated":true}]}}