{"id":6908,"date":"2019-10-05T19:59:21","date_gmt":"2019-10-05T17:59:21","guid":{"rendered":"https:\/\/smartsdiscount.com\/?post_type=product&amp;p=6908"},"modified":"2019-10-05T19:59:21","modified_gmt":"2019-10-05T17:59:21","slug":"dor-xiaomi-redmi-4x-64gb-occasion-debloque-remise-grade-aecouteurchargeur-europeenusb-cableboite","status":"publish","type":"product","link":"https:\/\/eurosdiscounts.com\/index.php\/produit\/dor-xiaomi-redmi-4x-64gb-occasion-debloque-remise-grade-aecouteurchargeur-europeenusb-cableboite\/","title":{"rendered":"D&rsquo;or Xiaomi Redmi 4X 64GB occasion d\u00e9bloqu\u00e9 remise Grade A+++(\u00e9couteur+chargeur Europ\u00e9en+USB c\u00e2ble+bo\u00eete)"},"content":{"rendered":"<p><span class=\"fpBlocTitle\">Les points forts :<\/span><\/p>\n<ul>\n<li>Taille de la diagonale : 4.7\u2033<\/li>\n<li>R\u00e9solution du capteur : 8 m\u00e9gapixels<\/li>\n<li>Capacit\u00e9 : 2000 mAh<\/li>\n<li>Capacit\u00e9 de la m\u00e9moire interne : 4 Go<\/li>\n<li>Quadruple coeur<\/li>\n<\/ul>\n<div class=\"jsFpBulletPointMore\">\n<ul>\n<li>RAM : 1 Go<\/li>\n<li>G\u00e9n\u00e9ration \u00e0 haut d\u00e9bit mobile : 3G<\/li>\n<li>Protection : Verre Corning Gorilla 2 (verre r\u00e9sistant aux rayures)<\/li>\n<\/ul>\n<\/div>\n","protected":false},"excerpt":{"rendered":"<table class=\"fpDescTb fpDescTbPub\">\n<tbody>\n<tr>\n<th colspan=\"2\">Informations g\u00e9n\u00e9rales sur le produit<\/th>\n<\/tr>\n<tr>\n<td>Nom du produit<\/td>\n<td>D&rsquo;or Xiaomi Redmi 4X 64GB occasion d\u00e9bloqu\u00e9 remis<\/td>\n<\/tr>\n<tr>\n<td>Cat\u00e9gorie<\/td>\n<td>SMARTPHONE<\/td>\n<\/tr>\n<tr>\n<th colspan=\"2\">Informations sur le produit<\/th>\n<\/tr>\n<tr>\n<td>Marque<\/td>\n<td>AUCUNE<\/td>\n<\/tr>\n<tr>\n<th colspan=\"2\">G\u00e9n\u00e9ral<\/th>\n<\/tr>\n<tr>\n<td>Type de Produit<\/td>\n<td>Smartphone<\/td>\n<\/tr>\n<tr>\n<td>Composants int\u00e9gr\u00e9s<\/td>\n<td>Cam\u00e9ra arri\u00e8re, cam\u00e9ra avant, radio FM, enregistreur vocal, navigation<\/td>\n<\/tr>\n<tr>\n<td>Couleur du boitier<\/td>\n<td>Gris profond<\/td>\n<\/tr>\n<tr>\n<td>Profondeur<\/td>\n<td>9.9 mm<\/td>\n<\/tr>\n<tr>\n<td>Largeur<\/td>\n<td>69 mm<\/td>\n<\/tr>\n<tr>\n<td>Hauteur<\/td>\n<td>137 mm<\/td>\n<\/tr>\n<tr>\n<td>Poids<\/td>\n<td>158 g<\/td>\n<\/tr>\n<tr>\n<td>Format<\/td>\n<td>Tactile<\/td>\n<\/tr>\n<tr>\n<td>Type de produit<\/td>\n<td>Smartphone<\/td>\n<\/tr>\n<tr>\n<th colspan=\"2\">T\u00e9l\u00e9phone mobile<\/th>\n<\/tr>\n<tr>\n<td>Technologie<\/td>\n<td>WCDMA (UMTS) \/ GSM<\/td>\n<\/tr>\n<tr>\n<td>G\u00e9n\u00e9ration \u00e0 haut d\u00e9bit mobile<\/td>\n<td>3G<\/td>\n<\/tr>\n<tr>\n<td>Fournisseur de services<\/td>\n<td>Non sp\u00e9cifi\u00e9<\/td>\n<\/tr>\n<tr>\n<td>Interface utilisateur<\/td>\n<td>MIUI V5<\/td>\n<\/tr>\n<tr>\n<td>Navigation<\/td>\n<td>A-GPS<\/td>\n<\/tr>\n<tr>\n<td>Appareil d&rsquo;entr\u00e9e<\/td>\n<td>Multi-touches, capacitif<\/td>\n<\/tr>\n<tr>\n<th colspan=\"2\">Processeur<\/th>\n<\/tr>\n<tr>\n<td>Type<\/td>\n<td>MediaTek MT6589T<\/td>\n<\/tr>\n<tr>\n<td>Qt\u00e9 de coeur de processeur<\/td>\n<td>Quadruple coeur<\/td>\n<\/tr>\n<tr>\n<td>Fr\u00e9quence d&rsquo;horloge<\/td>\n<td>1.5 GHz<\/td>\n<\/tr>\n<tr>\n<th colspan=\"2\">Affichage<\/th>\n<\/tr>\n<tr>\n<td>Technologie<\/td>\n<td>IPS<\/td>\n<\/tr>\n<tr>\n<td>Protection<\/td>\n<td>Verre Corning Gorilla 2 (verre r\u00e9sistant aux rayures)<\/td>\n<\/tr>\n<tr>\n<td>Taille de la diagonale<\/td>\n<td>4.7&Prime;<\/td>\n<\/tr>\n<tr>\n<td>R\u00e9solution d&rsquo;\u00e9cran<\/td>\n<td>1280 x 720 pixels<\/td>\n<\/tr>\n<tr>\n<td>Format d&rsquo;affichage<\/td>\n<td>HD<\/td>\n<\/tr>\n<tr>\n<th colspan=\"2\">Messagerie et Internet<\/th>\n<\/tr>\n<tr>\n<td>Services de messagerie<\/td>\n<td>SMS, MMS<\/td>\n<\/tr>\n<tr>\n<td>Blogs et r\u00e9seaux sociaux pris en charge<\/td>\n<td>Oui<\/td>\n<\/tr>\n<tr>\n<th colspan=\"2\">Communications<\/th>\n<\/tr>\n<tr>\n<td>Interface sans fil<\/td>\n<td>Wi-Fi, Bluetooth 3.0<\/td>\n<\/tr>\n<tr>\n<td>Fonctionnalit\u00e9s de communication<\/td>\n<td>Client e-mail mobile, navigateur Internet<\/td>\n<\/tr>\n<tr>\n<td>Bande 2G<\/td>\n<td>GSM 900\/1800\/1900<\/td>\n<\/tr>\n<tr>\n<td>Transmission de donn\u00e9es<\/td>\n<td>GPRS, EDGE, HSDPA<\/td>\n<\/tr>\n<tr>\n<th colspan=\"2\">Caract\u00e9ristiques du t\u00e9l\u00e9phone<\/th>\n<\/tr>\n<tr>\n<td>Fonctions du t\u00e9l\u00e9phone<\/td>\n<td>T\u00e9l\u00e9phone \u00e0 haut parleur, compteur d&rsquo;appels, t\u00e9l\u00e9conf\u00e9rence, mode avion, vibreur<\/td>\n<\/tr>\n<tr>\n<td>Capteurs<\/td>\n<td>Acc\u00e9l\u00e9rom\u00e8tre, d\u00e9tecteur de lumi\u00e8re ambiante, Capteur de proximit\u00e9, boussole num\u00e9rique, capteur gyroscopique<\/td>\n<\/tr>\n<tr>\n<th colspan=\"2\">Lecteur multim\u00e9dia<\/th>\n<\/tr>\n<tr>\n<td>Normes vid\u00e9o num\u00e9riques prises en charge<\/td>\n<td>MPEG-4, H.264, H.263<\/td>\n<\/tr>\n<tr>\n<td>Am\u00e9liorations sonores<\/td>\n<td>Technologies de son Dirac<\/td>\n<\/tr>\n<tr>\n<td>Normes audionum\u00e9riques prises en charge<\/td>\n<td>AAC, AMR, MP3, AAC +, OGG, eAAC+, MIDI<\/td>\n<\/tr>\n<tr>\n<th colspan=\"2\">M\u00e9moire<\/th>\n<\/tr>\n<tr>\n<td>RAM<\/td>\n<td>1 Go<\/td>\n<\/tr>\n<tr>\n<td>Cartes m\u00e9moire flash prises en charge<\/td>\n<td>microSDHC &#8211; jusqu&rsquo;\u00e0 32 Go<\/td>\n<\/tr>\n<tr>\n<td>Capacit\u00e9 de la m\u00e9moire interne<\/td>\n<td>4 Go<\/td>\n<\/tr>\n<tr>\n<th colspan=\"2\">Connexions<\/th>\n<\/tr>\n<tr>\n<td>Type de connecteur<\/td>\n<td>USB<\/td>\n<\/tr>\n<tr>\n<th colspan=\"2\">Syst\u00e8me graphique<\/th>\n<\/tr>\n<tr>\n<td>Acc\u00e9l\u00e9rateur graphique<\/td>\n<td>PowerVR SGX544<\/td>\n<\/tr>\n<tr>\n<th colspan=\"2\">Batterie<\/th>\n<\/tr>\n<tr>\n<td>Technologie<\/td>\n<td>Lithium Ion<\/td>\n<\/tr>\n<tr>\n<td>Capacit\u00e9<\/td>\n<td>2000 mAh<\/td>\n<\/tr>\n<tr>\n<th colspan=\"2\">Organiseur<\/th>\n<\/tr>\n<tr>\n<td>Gestion des informations personnelles<\/td>\n<td>Calendrier, synchronisation avec ordinateur, calculatrice, rappel, r\u00e9veil<\/td>\n<\/tr>\n<tr>\n<th colspan=\"2\">Cam\u00e9ra arri\u00e8re<\/th>\n<\/tr>\n<tr>\n<td>Caract\u00e9ristiques<\/td>\n<td>D\u00e9lai d&rsquo;obturateur z\u00e9ro<\/td>\n<\/tr>\n<tr>\n<td>R\u00e9glage de la mise au point<\/td>\n<td>Automatique<\/td>\n<\/tr>\n<tr>\n<td>R\u00e9solution du capteur<\/td>\n<td>8 m\u00e9gapixels<\/td>\n<\/tr>\n<tr>\n<td>Modes de cam\u00e9ra<\/td>\n<td>Prise de vue continue<\/td>\n<\/tr>\n<tr>\n<td>R\u00e9solutions vid\u00e9o<\/td>\n<td>1920 x 1080 (1080p)<\/td>\n<\/tr>\n<tr>\n<td>Ouverture d&rsquo;objectif<\/td>\n<td>F\/2.2<\/td>\n<\/tr>\n<tr>\n<td>Source de lumi\u00e8re<\/td>\n<td>Double Flash LED<\/td>\n<\/tr>\n<tr>\n<td>Detection faciale<\/td>\n<td>D\u00e9tection de visage<\/td>\n<\/tr>\n<tr>\n<td>Mode HDR<\/td>\n<td>Mode Auto HDR<\/td>\n<\/tr>\n<\/tbody>\n<\/table>\n","protected":false},"featured_media":15956,"comment_status":"open","ping_status":"closed","template":"","meta":[],"product_cat":[156,234],"product_tag":[],"class_list":{"0":"post-6908","1":"product","2":"type-product","3":"status-publish","4":"has-post-thumbnail","6":"product_cat-bons-plans","7":"product_cat-smartphones","9":"first","10":"instock","11":"sale","12":"shipping-taxable","13":"purchasable","14":"product-type-simple","15":"col-xs-6 col-sm-4","16":"col-md-3 col-lg-3","17":"un-4-cols"},"yoast_head":"<!-- This site is optimized with the Yoast SEO plugin v27.0 - https:\/\/yoast.com\/product\/yoast-seo-wordpress\/ -->\n<title>dor-xiaomi-redmi-4x-64gb-occasion-debloque-remise-grade-a-ecouteur<\/title>\n<meta name=\"description\" content=\"dor-xiaomi-redmi-4x-64gb-occasion-debloque-remise-grade-aecouteurchargeur-europeenusb-cableboite\" \/>\n<meta name=\"robots\" content=\"index, follow, max-snippet:-1, max-image-preview:large, max-video-preview:-1\" \/>\n<link rel=\"canonical\" href=\"https:\/\/eurosdiscounts.com\/index.php\/produit\/dor-xiaomi-redmi-4x-64gb-occasion-debloque-remise-grade-aecouteurchargeur-europeenusb-cableboite\/\" \/>\n<meta property=\"og:locale\" content=\"fr_FR\" \/>\n<meta property=\"og:type\" content=\"article\" \/>\n<meta property=\"og:title\" content=\"dor-xiaomi-redmi-4x-64gb-occasion-debloque-remise-grade-a-ecouteur\" \/>\n<meta property=\"og:description\" content=\"dor-xiaomi-redmi-4x-64gb-occasion-debloque-remise-grade-aecouteurchargeur-europeenusb-cableboite\" \/>\n<meta property=\"og:url\" content=\"https:\/\/eurosdiscounts.com\/index.php\/produit\/dor-xiaomi-redmi-4x-64gb-occasion-debloque-remise-grade-aecouteurchargeur-europeenusb-cableboite\/\" \/>\n<meta property=\"og:site_name\" content=\"Eurosdiscounts.com- Achat sur Internet a prix discount, Canap\u00e9s pas cher, Smartphone pas cher, pc portable pas cher..\" \/>\n<meta property=\"og:image\" content=\"https:\/\/eurosdiscounts.com\/wp-content\/uploads\/2019\/10\/c-30.jpg\" \/>\n\t<meta property=\"og:image:width\" content=\"700\" \/>\n\t<meta property=\"og:image:height\" content=\"700\" \/>\n\t<meta property=\"og:image:type\" content=\"image\/jpeg\" \/>\n<meta name=\"twitter:card\" content=\"summary_large_image\" \/>\n<script type=\"application\/ld+json\" class=\"yoast-schema-graph\">{\"@context\":\"https:\/\/schema.org\",\"@graph\":[{\"@type\":\"WebPage\",\"@id\":\"https:\/\/eurosdiscounts.com\/index.php\/produit\/dor-xiaomi-redmi-4x-64gb-occasion-debloque-remise-grade-aecouteurchargeur-europeenusb-cableboite\/\",\"url\":\"https:\/\/eurosdiscounts.com\/index.php\/produit\/dor-xiaomi-redmi-4x-64gb-occasion-debloque-remise-grade-aecouteurchargeur-europeenusb-cableboite\/\",\"name\":\"dor-xiaomi-redmi-4x-64gb-occasion-debloque-remise-grade-a-ecouteur\",\"isPartOf\":{\"@id\":\"https:\/\/eurosdiscounts.com\/#website\"},\"primaryImageOfPage\":{\"@id\":\"https:\/\/eurosdiscounts.com\/index.php\/produit\/dor-xiaomi-redmi-4x-64gb-occasion-debloque-remise-grade-aecouteurchargeur-europeenusb-cableboite\/#primaryimage\"},\"image\":{\"@id\":\"https:\/\/eurosdiscounts.com\/index.php\/produit\/dor-xiaomi-redmi-4x-64gb-occasion-debloque-remise-grade-aecouteurchargeur-europeenusb-cableboite\/#primaryimage\"},\"thumbnailUrl\":\"https:\/\/eurosdiscounts.com\/wp-content\/uploads\/2019\/10\/c-30.jpg\",\"datePublished\":\"2019-10-05T17:59:21+00:00\",\"description\":\"dor-xiaomi-redmi-4x-64gb-occasion-debloque-remise-grade-aecouteurchargeur-europeenusb-cableboite\",\"breadcrumb\":{\"@id\":\"https:\/\/eurosdiscounts.com\/index.php\/produit\/dor-xiaomi-redmi-4x-64gb-occasion-debloque-remise-grade-aecouteurchargeur-europeenusb-cableboite\/#breadcrumb\"},\"inLanguage\":\"fr-FR\",\"potentialAction\":[{\"@type\":\"ReadAction\",\"target\":[\"https:\/\/eurosdiscounts.com\/index.php\/produit\/dor-xiaomi-redmi-4x-64gb-occasion-debloque-remise-grade-aecouteurchargeur-europeenusb-cableboite\/\"]}]},{\"@type\":\"ImageObject\",\"inLanguage\":\"fr-FR\",\"@id\":\"https:\/\/eurosdiscounts.com\/index.php\/produit\/dor-xiaomi-redmi-4x-64gb-occasion-debloque-remise-grade-aecouteurchargeur-europeenusb-cableboite\/#primaryimage\",\"url\":\"https:\/\/eurosdiscounts.com\/wp-content\/uploads\/2019\/10\/c-30.jpg\",\"contentUrl\":\"https:\/\/eurosdiscounts.com\/wp-content\/uploads\/2019\/10\/c-30.jpg\",\"width\":700,\"height\":700},{\"@type\":\"BreadcrumbList\",\"@id\":\"https:\/\/eurosdiscounts.com\/index.php\/produit\/dor-xiaomi-redmi-4x-64gb-occasion-debloque-remise-grade-aecouteurchargeur-europeenusb-cableboite\/#breadcrumb\",\"itemListElement\":[{\"@type\":\"ListItem\",\"position\":1,\"name\":\"Accueil\",\"item\":\"https:\/\/eurosdiscounts.com\/\"},{\"@type\":\"ListItem\",\"position\":2,\"name\":\"Boutique\",\"item\":\"https:\/\/eurosdiscounts.com\/index.php\/boutique\/\"},{\"@type\":\"ListItem\",\"position\":3,\"name\":\"D&rsquo;or Xiaomi Redmi 4X 64GB occasion d\u00e9bloqu\u00e9 remise Grade A+++(\u00e9couteur+chargeur Europ\u00e9en+USB c\u00e2ble+bo\u00eete)\"}]},{\"@type\":\"WebSite\",\"@id\":\"https:\/\/eurosdiscounts.com\/#website\",\"url\":\"https:\/\/eurosdiscounts.com\/\",\"name\":\"Eurosdiscounts.com- Achat sur Internet a prix discount, Canap\u00e9s pas cher, Smartphone pas cher, pc portable pas cher..\",\"description\":\"Eurosdiscounts.com- Achat sur Internet a prix discount, Canap\u00e9s pas cher, Smartphone pas cher, pc portable pas cher..\",\"potentialAction\":[{\"@type\":\"SearchAction\",\"target\":{\"@type\":\"EntryPoint\",\"urlTemplate\":\"https:\/\/eurosdiscounts.com\/?s={search_term_string}\"},\"query-input\":{\"@type\":\"PropertyValueSpecification\",\"valueRequired\":true,\"valueName\":\"search_term_string\"}}],\"inLanguage\":\"fr-FR\"}]}<\/script>\n<!-- \/ Yoast SEO plugin. -->","yoast_head_json":{"title":"dor-xiaomi-redmi-4x-64gb-occasion-debloque-remise-grade-a-ecouteur","description":"dor-xiaomi-redmi-4x-64gb-occasion-debloque-remise-grade-aecouteurchargeur-europeenusb-cableboite","robots":{"index":"index","follow":"follow","max-snippet":"max-snippet:-1","max-image-preview":"max-image-preview:large","max-video-preview":"max-video-preview:-1"},"canonical":"https:\/\/eurosdiscounts.com\/index.php\/produit\/dor-xiaomi-redmi-4x-64gb-occasion-debloque-remise-grade-aecouteurchargeur-europeenusb-cableboite\/","og_locale":"fr_FR","og_type":"article","og_title":"dor-xiaomi-redmi-4x-64gb-occasion-debloque-remise-grade-a-ecouteur","og_description":"dor-xiaomi-redmi-4x-64gb-occasion-debloque-remise-grade-aecouteurchargeur-europeenusb-cableboite","og_url":"https:\/\/eurosdiscounts.com\/index.php\/produit\/dor-xiaomi-redmi-4x-64gb-occasion-debloque-remise-grade-aecouteurchargeur-europeenusb-cableboite\/","og_site_name":"Eurosdiscounts.com- Achat sur Internet a prix discount, Canap\u00e9s pas cher, Smartphone pas cher, pc portable pas cher..","og_image":[{"width":700,"height":700,"url":"https:\/\/eurosdiscounts.com\/wp-content\/uploads\/2019\/10\/c-30.jpg","type":"image\/jpeg"}],"twitter_card":"summary_large_image","schema":{"@context":"https:\/\/schema.org","@graph":[{"@type":"WebPage","@id":"https:\/\/eurosdiscounts.com\/index.php\/produit\/dor-xiaomi-redmi-4x-64gb-occasion-debloque-remise-grade-aecouteurchargeur-europeenusb-cableboite\/","url":"https:\/\/eurosdiscounts.com\/index.php\/produit\/dor-xiaomi-redmi-4x-64gb-occasion-debloque-remise-grade-aecouteurchargeur-europeenusb-cableboite\/","name":"dor-xiaomi-redmi-4x-64gb-occasion-debloque-remise-grade-a-ecouteur","isPartOf":{"@id":"https:\/\/eurosdiscounts.com\/#website"},"primaryImageOfPage":{"@id":"https:\/\/eurosdiscounts.com\/index.php\/produit\/dor-xiaomi-redmi-4x-64gb-occasion-debloque-remise-grade-aecouteurchargeur-europeenusb-cableboite\/#primaryimage"},"image":{"@id":"https:\/\/eurosdiscounts.com\/index.php\/produit\/dor-xiaomi-redmi-4x-64gb-occasion-debloque-remise-grade-aecouteurchargeur-europeenusb-cableboite\/#primaryimage"},"thumbnailUrl":"https:\/\/eurosdiscounts.com\/wp-content\/uploads\/2019\/10\/c-30.jpg","datePublished":"2019-10-05T17:59:21+00:00","description":"dor-xiaomi-redmi-4x-64gb-occasion-debloque-remise-grade-aecouteurchargeur-europeenusb-cableboite","breadcrumb":{"@id":"https:\/\/eurosdiscounts.com\/index.php\/produit\/dor-xiaomi-redmi-4x-64gb-occasion-debloque-remise-grade-aecouteurchargeur-europeenusb-cableboite\/#breadcrumb"},"inLanguage":"fr-FR","potentialAction":[{"@type":"ReadAction","target":["https:\/\/eurosdiscounts.com\/index.php\/produit\/dor-xiaomi-redmi-4x-64gb-occasion-debloque-remise-grade-aecouteurchargeur-europeenusb-cableboite\/"]}]},{"@type":"ImageObject","inLanguage":"fr-FR","@id":"https:\/\/eurosdiscounts.com\/index.php\/produit\/dor-xiaomi-redmi-4x-64gb-occasion-debloque-remise-grade-aecouteurchargeur-europeenusb-cableboite\/#primaryimage","url":"https:\/\/eurosdiscounts.com\/wp-content\/uploads\/2019\/10\/c-30.jpg","contentUrl":"https:\/\/eurosdiscounts.com\/wp-content\/uploads\/2019\/10\/c-30.jpg","width":700,"height":700},{"@type":"BreadcrumbList","@id":"https:\/\/eurosdiscounts.com\/index.php\/produit\/dor-xiaomi-redmi-4x-64gb-occasion-debloque-remise-grade-aecouteurchargeur-europeenusb-cableboite\/#breadcrumb","itemListElement":[{"@type":"ListItem","position":1,"name":"Accueil","item":"https:\/\/eurosdiscounts.com\/"},{"@type":"ListItem","position":2,"name":"Boutique","item":"https:\/\/eurosdiscounts.com\/index.php\/boutique\/"},{"@type":"ListItem","position":3,"name":"D&rsquo;or Xiaomi Redmi 4X 64GB occasion d\u00e9bloqu\u00e9 remise Grade A+++(\u00e9couteur+chargeur Europ\u00e9en+USB c\u00e2ble+bo\u00eete)"}]},{"@type":"WebSite","@id":"https:\/\/eurosdiscounts.com\/#website","url":"https:\/\/eurosdiscounts.com\/","name":"Eurosdiscounts.com- Achat sur Internet a prix discount, Canap\u00e9s pas cher, Smartphone pas cher, pc portable pas cher..","description":"Eurosdiscounts.com- Achat sur Internet a prix discount, Canap\u00e9s pas cher, Smartphone pas cher, pc portable pas cher..","potentialAction":[{"@type":"SearchAction","target":{"@type":"EntryPoint","urlTemplate":"https:\/\/eurosdiscounts.com\/?s={search_term_string}"},"query-input":{"@type":"PropertyValueSpecification","valueRequired":true,"valueName":"search_term_string"}}],"inLanguage":"fr-FR"}]}},"_links":{"self":[{"href":"https:\/\/eurosdiscounts.com\/index.php\/wp-json\/wp\/v2\/product\/6908","targetHints":{"allow":["GET"]}}],"collection":[{"href":"https:\/\/eurosdiscounts.com\/index.php\/wp-json\/wp\/v2\/product"}],"about":[{"href":"https:\/\/eurosdiscounts.com\/index.php\/wp-json\/wp\/v2\/types\/product"}],"replies":[{"embeddable":true,"href":"https:\/\/eurosdiscounts.com\/index.php\/wp-json\/wp\/v2\/comments?post=6908"}],"wp:featuredmedia":[{"embeddable":true,"href":"https:\/\/eurosdiscounts.com\/index.php\/wp-json\/wp\/v2\/media\/15956"}],"wp:attachment":[{"href":"https:\/\/eurosdiscounts.com\/index.php\/wp-json\/wp\/v2\/media?parent=6908"}],"wp:term":[{"taxonomy":"product_cat","embeddable":true,"href":"https:\/\/eurosdiscounts.com\/index.php\/wp-json\/wp\/v2\/product_cat?post=6908"},{"taxonomy":"product_tag","embeddable":true,"href":"https:\/\/eurosdiscounts.com\/index.php\/wp-json\/wp\/v2\/product_tag?post=6908"}],"curies":[{"name":"wp","href":"https:\/\/api.w.org\/{rel}","templated":true}]}}