{"id":6313,"date":"2019-09-29T22:43:10","date_gmt":"2019-09-29T20:43:10","guid":{"rendered":"https:\/\/smartsdiscount.com\/?post_type=product&amp;p=6313"},"modified":"2019-09-29T22:43:10","modified_gmt":"2019-09-29T20:43:10","slug":"samsung-galaxy-s7-edge-32go-bleu-dual-sim","status":"publish","type":"product","link":"https:\/\/eurosdiscounts.com\/index.php\/produit\/samsung-galaxy-s7-edge-32go-bleu-dual-sim\/","title":{"rendered":"Samsung Galaxy S7 Edge 32Go Bleu Dual SIM"},"content":{"rendered":"<table class=\"fpDescTb fpDescTbPub\">\n<tbody>\n<tr>\n<th colspan=\"2\">Informations g\u00e9n\u00e9rales sur le produit<\/th>\n<\/tr>\n<tr>\n<td>Marque<\/td>\n<td>SAMSUNG<\/td>\n<\/tr>\n<tr>\n<td>Nom du produit<\/td>\n<td>Samsung Galaxy S7 Edge 32Go Bleu Dual SIM<\/td>\n<\/tr>\n<tr>\n<td>Cat\u00e9gorie<\/td>\n<td>SMARTPHONE<\/td>\n<\/tr>\n<tr>\n<th colspan=\"2\">Informations produit<\/th>\n<\/tr>\n<tr>\n<td>Couleur principale<\/td>\n<td>Bleu<\/td>\n<\/tr>\n<tr>\n<td>Couleur(s)<\/td>\n<td>Bleu<\/td>\n<\/tr>\n<tr>\n<td>RAM|Taille install\u00e9e<\/td>\n<td>4 Go<\/td>\n<\/tr>\n<tr>\n<td>T\u00e9l\u00e9phone mobile|Famille de syst\u00e8me d&rsquo;exploitation<\/td>\n<td>Android<\/td>\n<\/tr>\n<tr>\n<td>Affichage|Taille de la diagonale<\/td>\n<td>5 po<\/td>\n<\/tr>\n<tr>\n<td>Fonctionnalit\u00e9s|Prise en charge double carte SIM<\/td>\n<td>Oui<\/td>\n<\/tr>\n<tr>\n<td>M\u00e9moire flash|Capacit\u00e9 de la m\u00e9moire interne<\/td>\n<td>32 Go<\/td>\n<\/tr>\n<tr>\n<td>Communications|Transmission de donn\u00e9es<\/td>\n<td>EDGE<\/td>\n<\/tr>\n<tr>\n<td>Fonctionnalit\u00e9s|P\u00e9riph\u00e9riques de s\u00e9curit\u00e9<\/td>\n<td>Lecteur d&#8217;empreintes digitales<\/td>\n<\/tr>\n<tr>\n<td>T\u00e9l\u00e9phone mobile|Syst\u00e8me d&rsquo;exploitation<\/td>\n<td>Android<\/td>\n<\/tr>\n<\/tbody>\n<\/table>\n","protected":false},"excerpt":{"rendered":"<p>Android 6.0 OS Processeur Qualcomm Snapdragon 820 Quad Core 2.15GHz Adreno 530 GPU 4GB RAM 32GB ROM 5,5 pouces WQHD Cam\u00e9ra 5.0 + 12.0 MP Scanner d&#8217;empreintes digitales Batterie 3600mAh int\u00e9gr\u00e9e de batterie de Li-ion Chargeur d&rsquo;alimentation x 1, c\u00e2ble<\/p>\n","protected":false},"featured_media":16009,"comment_status":"open","ping_status":"closed","template":"","meta":[],"product_cat":[156,234],"product_tag":[],"class_list":{"0":"post-6313","1":"product","2":"type-product","3":"status-publish","4":"has-post-thumbnail","6":"product_cat-bons-plans","7":"product_cat-smartphones","9":"first","10":"instock","11":"sale","12":"shipping-taxable","13":"purchasable","14":"product-type-simple","15":"col-xs-6 col-sm-4","16":"col-md-3 col-lg-3","17":"un-4-cols"},"yoast_head":"<!-- This site is optimized with the Yoast SEO plugin v27.0 - https:\/\/yoast.com\/product\/yoast-seo-wordpress\/ -->\n<title>samsung-galaxy-s7-edge-32go-bleu-dual-sim<\/title>\n<meta name=\"description\" content=\"samsung-galaxy-s7-edge-32go-bleu-dual-sim\" \/>\n<meta name=\"robots\" content=\"index, follow, max-snippet:-1, max-image-preview:large, max-video-preview:-1\" \/>\n<link rel=\"canonical\" href=\"https:\/\/eurosdiscounts.com\/index.php\/produit\/samsung-galaxy-s7-edge-32go-bleu-dual-sim\/\" \/>\n<meta property=\"og:locale\" content=\"fr_FR\" \/>\n<meta property=\"og:type\" content=\"article\" \/>\n<meta property=\"og:title\" content=\"samsung-galaxy-s7-edge-32go-bleu-dual-sim\" \/>\n<meta property=\"og:description\" content=\"samsung-galaxy-s7-edge-32go-bleu-dual-sim\" \/>\n<meta property=\"og:url\" content=\"https:\/\/eurosdiscounts.com\/index.php\/produit\/samsung-galaxy-s7-edge-32go-bleu-dual-sim\/\" \/>\n<meta property=\"og:site_name\" content=\"Eurosdiscounts.com- Achat sur Internet a prix discount, Canap\u00e9s pas cher, Smartphone pas cher, pc portable pas cher..\" \/>\n<meta property=\"og:image\" content=\"https:\/\/eurosdiscounts.com\/wp-content\/uploads\/2019\/09\/c-281.jpg\" \/>\n\t<meta property=\"og:image:width\" content=\"700\" \/>\n\t<meta property=\"og:image:height\" content=\"700\" \/>\n\t<meta property=\"og:image:type\" content=\"image\/jpeg\" \/>\n<meta name=\"twitter:card\" content=\"summary_large_image\" \/>\n<script type=\"application\/ld+json\" class=\"yoast-schema-graph\">{\"@context\":\"https:\/\/schema.org\",\"@graph\":[{\"@type\":\"WebPage\",\"@id\":\"https:\/\/eurosdiscounts.com\/index.php\/produit\/samsung-galaxy-s7-edge-32go-bleu-dual-sim\/\",\"url\":\"https:\/\/eurosdiscounts.com\/index.php\/produit\/samsung-galaxy-s7-edge-32go-bleu-dual-sim\/\",\"name\":\"samsung-galaxy-s7-edge-32go-bleu-dual-sim\",\"isPartOf\":{\"@id\":\"https:\/\/eurosdiscounts.com\/#website\"},\"primaryImageOfPage\":{\"@id\":\"https:\/\/eurosdiscounts.com\/index.php\/produit\/samsung-galaxy-s7-edge-32go-bleu-dual-sim\/#primaryimage\"},\"image\":{\"@id\":\"https:\/\/eurosdiscounts.com\/index.php\/produit\/samsung-galaxy-s7-edge-32go-bleu-dual-sim\/#primaryimage\"},\"thumbnailUrl\":\"https:\/\/eurosdiscounts.com\/wp-content\/uploads\/2019\/09\/c-281.jpg\",\"datePublished\":\"2019-09-29T20:43:10+00:00\",\"description\":\"samsung-galaxy-s7-edge-32go-bleu-dual-sim\",\"breadcrumb\":{\"@id\":\"https:\/\/eurosdiscounts.com\/index.php\/produit\/samsung-galaxy-s7-edge-32go-bleu-dual-sim\/#breadcrumb\"},\"inLanguage\":\"fr-FR\",\"potentialAction\":[{\"@type\":\"ReadAction\",\"target\":[\"https:\/\/eurosdiscounts.com\/index.php\/produit\/samsung-galaxy-s7-edge-32go-bleu-dual-sim\/\"]}]},{\"@type\":\"ImageObject\",\"inLanguage\":\"fr-FR\",\"@id\":\"https:\/\/eurosdiscounts.com\/index.php\/produit\/samsung-galaxy-s7-edge-32go-bleu-dual-sim\/#primaryimage\",\"url\":\"https:\/\/eurosdiscounts.com\/wp-content\/uploads\/2019\/09\/c-281.jpg\",\"contentUrl\":\"https:\/\/eurosdiscounts.com\/wp-content\/uploads\/2019\/09\/c-281.jpg\",\"width\":700,\"height\":700},{\"@type\":\"BreadcrumbList\",\"@id\":\"https:\/\/eurosdiscounts.com\/index.php\/produit\/samsung-galaxy-s7-edge-32go-bleu-dual-sim\/#breadcrumb\",\"itemListElement\":[{\"@type\":\"ListItem\",\"position\":1,\"name\":\"Accueil\",\"item\":\"https:\/\/eurosdiscounts.com\/\"},{\"@type\":\"ListItem\",\"position\":2,\"name\":\"Boutique\",\"item\":\"https:\/\/eurosdiscounts.com\/index.php\/boutique\/\"},{\"@type\":\"ListItem\",\"position\":3,\"name\":\"Samsung Galaxy S7 Edge 32Go Bleu Dual SIM\"}]},{\"@type\":\"WebSite\",\"@id\":\"https:\/\/eurosdiscounts.com\/#website\",\"url\":\"https:\/\/eurosdiscounts.com\/\",\"name\":\"Eurosdiscounts.com- Achat sur Internet a prix discount, Canap\u00e9s pas cher, Smartphone pas cher, pc portable pas cher..\",\"description\":\"Eurosdiscounts.com- Achat sur Internet a prix discount, Canap\u00e9s pas cher, Smartphone pas cher, pc portable pas cher..\",\"potentialAction\":[{\"@type\":\"SearchAction\",\"target\":{\"@type\":\"EntryPoint\",\"urlTemplate\":\"https:\/\/eurosdiscounts.com\/?s={search_term_string}\"},\"query-input\":{\"@type\":\"PropertyValueSpecification\",\"valueRequired\":true,\"valueName\":\"search_term_string\"}}],\"inLanguage\":\"fr-FR\"}]}<\/script>\n<!-- \/ Yoast SEO plugin. -->","yoast_head_json":{"title":"samsung-galaxy-s7-edge-32go-bleu-dual-sim","description":"samsung-galaxy-s7-edge-32go-bleu-dual-sim","robots":{"index":"index","follow":"follow","max-snippet":"max-snippet:-1","max-image-preview":"max-image-preview:large","max-video-preview":"max-video-preview:-1"},"canonical":"https:\/\/eurosdiscounts.com\/index.php\/produit\/samsung-galaxy-s7-edge-32go-bleu-dual-sim\/","og_locale":"fr_FR","og_type":"article","og_title":"samsung-galaxy-s7-edge-32go-bleu-dual-sim","og_description":"samsung-galaxy-s7-edge-32go-bleu-dual-sim","og_url":"https:\/\/eurosdiscounts.com\/index.php\/produit\/samsung-galaxy-s7-edge-32go-bleu-dual-sim\/","og_site_name":"Eurosdiscounts.com- Achat sur Internet a prix discount, Canap\u00e9s pas cher, Smartphone pas cher, pc portable pas cher..","og_image":[{"width":700,"height":700,"url":"https:\/\/eurosdiscounts.com\/wp-content\/uploads\/2019\/09\/c-281.jpg","type":"image\/jpeg"}],"twitter_card":"summary_large_image","schema":{"@context":"https:\/\/schema.org","@graph":[{"@type":"WebPage","@id":"https:\/\/eurosdiscounts.com\/index.php\/produit\/samsung-galaxy-s7-edge-32go-bleu-dual-sim\/","url":"https:\/\/eurosdiscounts.com\/index.php\/produit\/samsung-galaxy-s7-edge-32go-bleu-dual-sim\/","name":"samsung-galaxy-s7-edge-32go-bleu-dual-sim","isPartOf":{"@id":"https:\/\/eurosdiscounts.com\/#website"},"primaryImageOfPage":{"@id":"https:\/\/eurosdiscounts.com\/index.php\/produit\/samsung-galaxy-s7-edge-32go-bleu-dual-sim\/#primaryimage"},"image":{"@id":"https:\/\/eurosdiscounts.com\/index.php\/produit\/samsung-galaxy-s7-edge-32go-bleu-dual-sim\/#primaryimage"},"thumbnailUrl":"https:\/\/eurosdiscounts.com\/wp-content\/uploads\/2019\/09\/c-281.jpg","datePublished":"2019-09-29T20:43:10+00:00","description":"samsung-galaxy-s7-edge-32go-bleu-dual-sim","breadcrumb":{"@id":"https:\/\/eurosdiscounts.com\/index.php\/produit\/samsung-galaxy-s7-edge-32go-bleu-dual-sim\/#breadcrumb"},"inLanguage":"fr-FR","potentialAction":[{"@type":"ReadAction","target":["https:\/\/eurosdiscounts.com\/index.php\/produit\/samsung-galaxy-s7-edge-32go-bleu-dual-sim\/"]}]},{"@type":"ImageObject","inLanguage":"fr-FR","@id":"https:\/\/eurosdiscounts.com\/index.php\/produit\/samsung-galaxy-s7-edge-32go-bleu-dual-sim\/#primaryimage","url":"https:\/\/eurosdiscounts.com\/wp-content\/uploads\/2019\/09\/c-281.jpg","contentUrl":"https:\/\/eurosdiscounts.com\/wp-content\/uploads\/2019\/09\/c-281.jpg","width":700,"height":700},{"@type":"BreadcrumbList","@id":"https:\/\/eurosdiscounts.com\/index.php\/produit\/samsung-galaxy-s7-edge-32go-bleu-dual-sim\/#breadcrumb","itemListElement":[{"@type":"ListItem","position":1,"name":"Accueil","item":"https:\/\/eurosdiscounts.com\/"},{"@type":"ListItem","position":2,"name":"Boutique","item":"https:\/\/eurosdiscounts.com\/index.php\/boutique\/"},{"@type":"ListItem","position":3,"name":"Samsung Galaxy S7 Edge 32Go Bleu Dual SIM"}]},{"@type":"WebSite","@id":"https:\/\/eurosdiscounts.com\/#website","url":"https:\/\/eurosdiscounts.com\/","name":"Eurosdiscounts.com- Achat sur Internet a prix discount, Canap\u00e9s pas cher, Smartphone pas cher, pc portable pas cher..","description":"Eurosdiscounts.com- Achat sur Internet a prix discount, Canap\u00e9s pas cher, Smartphone pas cher, pc portable pas cher..","potentialAction":[{"@type":"SearchAction","target":{"@type":"EntryPoint","urlTemplate":"https:\/\/eurosdiscounts.com\/?s={search_term_string}"},"query-input":{"@type":"PropertyValueSpecification","valueRequired":true,"valueName":"search_term_string"}}],"inLanguage":"fr-FR"}]}},"_links":{"self":[{"href":"https:\/\/eurosdiscounts.com\/index.php\/wp-json\/wp\/v2\/product\/6313","targetHints":{"allow":["GET"]}}],"collection":[{"href":"https:\/\/eurosdiscounts.com\/index.php\/wp-json\/wp\/v2\/product"}],"about":[{"href":"https:\/\/eurosdiscounts.com\/index.php\/wp-json\/wp\/v2\/types\/product"}],"replies":[{"embeddable":true,"href":"https:\/\/eurosdiscounts.com\/index.php\/wp-json\/wp\/v2\/comments?post=6313"}],"wp:featuredmedia":[{"embeddable":true,"href":"https:\/\/eurosdiscounts.com\/index.php\/wp-json\/wp\/v2\/media\/16009"}],"wp:attachment":[{"href":"https:\/\/eurosdiscounts.com\/index.php\/wp-json\/wp\/v2\/media?parent=6313"}],"wp:term":[{"taxonomy":"product_cat","embeddable":true,"href":"https:\/\/eurosdiscounts.com\/index.php\/wp-json\/wp\/v2\/product_cat?post=6313"},{"taxonomy":"product_tag","embeddable":true,"href":"https:\/\/eurosdiscounts.com\/index.php\/wp-json\/wp\/v2\/product_tag?post=6313"}],"curies":[{"name":"wp","href":"https:\/\/api.w.org\/{rel}","templated":true}]}}