{"id":5916,"date":"2019-09-24T01:33:21","date_gmt":"2019-09-23T23:33:21","guid":{"rendered":"https:\/\/smartsdiscount.com\/?post_type=product&amp;p=5916"},"modified":"2023-03-28T23:05:38","modified_gmt":"2023-03-28T21:05:38","slug":"scoop-canape-dangle-droit-fixe-4-places-tissu-gris-fonce-contemporain-l-259-x-p-182-cm","status":"publish","type":"product","link":"https:\/\/eurosdiscounts.com\/index.php\/produit\/scoop-canape-dangle-droit-fixe-4-places-tissu-gris-fonce-contemporain-l-259-x-p-182-cm\/","title":{"rendered":"SCOOP Canap\u00e9 d&rsquo;angle droit fixe 4 places &#8211; Tissu gris fonc\u00e9 &#8211; Contemporain &#8211; L 259 x P 182 cm"},"content":{"rendered":"<p><span class=\"fpBlocTitle\">Les points forts :<\/span><\/p>\n<ul>\n<li>Canap\u00e9 d\u2019angle droit \u2013 Fixe<\/li>\n<li>A droite (vue de face)<\/li>\n<li>Dimensions : L 259 x P 182 x H 80cm<\/li>\n<li>Densit\u00e9 \u2013 assise : 35 kg\/m3<\/li>\n<li>Gris fonc\u00e9<\/li>\n<li>T\u00eati\u00e8res et accoudoirs relevable, Livr\u00e9 avec 2 coussin<\/li>\n<\/ul>\n<p>&nbsp;<\/p>\n","protected":false},"excerpt":{"rendered":"<p><span class=\"fpBlocTitle\">Les points forts :<\/span><\/p>\n<ul>\n<li>Canap\u00e9 d&rsquo;angle droit &#8211; Fixe<\/li>\n<li>A droite (vue de face)<\/li>\n<li>Dimensions : L 259 x P 182 x H 80cm<\/li>\n<li>Densit\u00e9 &#8211; assise : 35 kg\/m3<\/li>\n<li>Gris fonc\u00e9<\/li>\n<li>T\u00eati\u00e8res et accoudoirs relevable, Livr\u00e9 avec 2 coussin<\/li>\n<\/ul>\n","protected":false},"featured_media":15401,"comment_status":"open","ping_status":"closed","template":"","meta":[],"product_cat":[156,214],"product_tag":[],"class_list":{"0":"post-5916","1":"product","2":"type-product","3":"status-publish","4":"has-post-thumbnail","6":"product_cat-bons-plans","7":"product_cat-canapes","9":"first","10":"instock","11":"sale","12":"shipping-taxable","13":"purchasable","14":"product-type-simple","15":"col-xs-6 col-sm-4","16":"col-md-3 col-lg-3","17":"un-4-cols"},"yoast_head":"<!-- This site is optimized with the Yoast SEO plugin v27.0 - https:\/\/yoast.com\/product\/yoast-seo-wordpress\/ -->\n<title>scoop-canape-dangle-droit-fixe-4-places-tissu-gris-fonce-contemporain<\/title>\n<meta name=\"description\" content=\"scoop-canape-dangle-droit-fixe-4-places-tissu-gris-fonce-contemporain-l-259-x-p-182-cm.\" \/>\n<meta name=\"robots\" content=\"index, follow, max-snippet:-1, max-image-preview:large, max-video-preview:-1\" \/>\n<link rel=\"canonical\" href=\"https:\/\/eurosdiscounts.com\/index.php\/produit\/scoop-canape-dangle-droit-fixe-4-places-tissu-gris-fonce-contemporain-l-259-x-p-182-cm\/\" \/>\n<meta property=\"og:locale\" content=\"fr_FR\" \/>\n<meta property=\"og:type\" content=\"article\" \/>\n<meta property=\"og:title\" content=\"scoop-canape-dangle-droit-fixe-4-places-tissu-gris-fonce-contemporain\" \/>\n<meta property=\"og:description\" content=\"scoop-canape-dangle-droit-fixe-4-places-tissu-gris-fonce-contemporain-l-259-x-p-182-cm.\" \/>\n<meta property=\"og:url\" content=\"https:\/\/eurosdiscounts.com\/index.php\/produit\/scoop-canape-dangle-droit-fixe-4-places-tissu-gris-fonce-contemporain-l-259-x-p-182-cm\/\" \/>\n<meta property=\"og:site_name\" content=\"Eurosdiscounts.com- Achat sur Internet a prix discount, Canap\u00e9s pas cher, Smartphone pas cher, pc portable pas cher..\" \/>\n<meta property=\"article:modified_time\" content=\"2023-03-28T21:05:38+00:00\" \/>\n<meta property=\"og:image\" content=\"https:\/\/eurosdiscounts.com\/wp-content\/uploads\/2019\/09\/c-265.jpg\" \/>\n\t<meta property=\"og:image:width\" content=\"700\" \/>\n\t<meta property=\"og:image:height\" content=\"700\" \/>\n\t<meta property=\"og:image:type\" content=\"image\/jpeg\" \/>\n<meta name=\"twitter:card\" content=\"summary_large_image\" \/>\n<script type=\"application\/ld+json\" class=\"yoast-schema-graph\">{\"@context\":\"https:\/\/schema.org\",\"@graph\":[{\"@type\":\"WebPage\",\"@id\":\"https:\/\/eurosdiscounts.com\/index.php\/produit\/scoop-canape-dangle-droit-fixe-4-places-tissu-gris-fonce-contemporain-l-259-x-p-182-cm\/\",\"url\":\"https:\/\/eurosdiscounts.com\/index.php\/produit\/scoop-canape-dangle-droit-fixe-4-places-tissu-gris-fonce-contemporain-l-259-x-p-182-cm\/\",\"name\":\"scoop-canape-dangle-droit-fixe-4-places-tissu-gris-fonce-contemporain\",\"isPartOf\":{\"@id\":\"https:\/\/eurosdiscounts.com\/#website\"},\"primaryImageOfPage\":{\"@id\":\"https:\/\/eurosdiscounts.com\/index.php\/produit\/scoop-canape-dangle-droit-fixe-4-places-tissu-gris-fonce-contemporain-l-259-x-p-182-cm\/#primaryimage\"},\"image\":{\"@id\":\"https:\/\/eurosdiscounts.com\/index.php\/produit\/scoop-canape-dangle-droit-fixe-4-places-tissu-gris-fonce-contemporain-l-259-x-p-182-cm\/#primaryimage\"},\"thumbnailUrl\":\"https:\/\/eurosdiscounts.com\/wp-content\/uploads\/2019\/09\/c-265.jpg\",\"datePublished\":\"2019-09-23T23:33:21+00:00\",\"dateModified\":\"2023-03-28T21:05:38+00:00\",\"description\":\"scoop-canape-dangle-droit-fixe-4-places-tissu-gris-fonce-contemporain-l-259-x-p-182-cm.\",\"breadcrumb\":{\"@id\":\"https:\/\/eurosdiscounts.com\/index.php\/produit\/scoop-canape-dangle-droit-fixe-4-places-tissu-gris-fonce-contemporain-l-259-x-p-182-cm\/#breadcrumb\"},\"inLanguage\":\"fr-FR\",\"potentialAction\":[{\"@type\":\"ReadAction\",\"target\":[\"https:\/\/eurosdiscounts.com\/index.php\/produit\/scoop-canape-dangle-droit-fixe-4-places-tissu-gris-fonce-contemporain-l-259-x-p-182-cm\/\"]}]},{\"@type\":\"ImageObject\",\"inLanguage\":\"fr-FR\",\"@id\":\"https:\/\/eurosdiscounts.com\/index.php\/produit\/scoop-canape-dangle-droit-fixe-4-places-tissu-gris-fonce-contemporain-l-259-x-p-182-cm\/#primaryimage\",\"url\":\"https:\/\/eurosdiscounts.com\/wp-content\/uploads\/2019\/09\/c-265.jpg\",\"contentUrl\":\"https:\/\/eurosdiscounts.com\/wp-content\/uploads\/2019\/09\/c-265.jpg\",\"width\":700,\"height\":700},{\"@type\":\"BreadcrumbList\",\"@id\":\"https:\/\/eurosdiscounts.com\/index.php\/produit\/scoop-canape-dangle-droit-fixe-4-places-tissu-gris-fonce-contemporain-l-259-x-p-182-cm\/#breadcrumb\",\"itemListElement\":[{\"@type\":\"ListItem\",\"position\":1,\"name\":\"Accueil\",\"item\":\"https:\/\/eurosdiscounts.com\/\"},{\"@type\":\"ListItem\",\"position\":2,\"name\":\"Boutique\",\"item\":\"https:\/\/eurosdiscounts.com\/index.php\/boutique\/\"},{\"@type\":\"ListItem\",\"position\":3,\"name\":\"SCOOP Canap\u00e9 d&rsquo;angle droit fixe 4 places &#8211; Tissu gris fonc\u00e9 &#8211; Contemporain &#8211; L 259 x P 182 cm\"}]},{\"@type\":\"WebSite\",\"@id\":\"https:\/\/eurosdiscounts.com\/#website\",\"url\":\"https:\/\/eurosdiscounts.com\/\",\"name\":\"Eurosdiscounts.com- Achat sur Internet a prix discount, Canap\u00e9s pas cher, Smartphone pas cher, pc portable pas cher..\",\"description\":\"Eurosdiscounts.com- Achat sur Internet a prix discount, Canap\u00e9s pas cher, Smartphone pas cher, pc portable pas cher..\",\"potentialAction\":[{\"@type\":\"SearchAction\",\"target\":{\"@type\":\"EntryPoint\",\"urlTemplate\":\"https:\/\/eurosdiscounts.com\/?s={search_term_string}\"},\"query-input\":{\"@type\":\"PropertyValueSpecification\",\"valueRequired\":true,\"valueName\":\"search_term_string\"}}],\"inLanguage\":\"fr-FR\"}]}<\/script>\n<!-- \/ Yoast SEO plugin. -->","yoast_head_json":{"title":"scoop-canape-dangle-droit-fixe-4-places-tissu-gris-fonce-contemporain","description":"scoop-canape-dangle-droit-fixe-4-places-tissu-gris-fonce-contemporain-l-259-x-p-182-cm.","robots":{"index":"index","follow":"follow","max-snippet":"max-snippet:-1","max-image-preview":"max-image-preview:large","max-video-preview":"max-video-preview:-1"},"canonical":"https:\/\/eurosdiscounts.com\/index.php\/produit\/scoop-canape-dangle-droit-fixe-4-places-tissu-gris-fonce-contemporain-l-259-x-p-182-cm\/","og_locale":"fr_FR","og_type":"article","og_title":"scoop-canape-dangle-droit-fixe-4-places-tissu-gris-fonce-contemporain","og_description":"scoop-canape-dangle-droit-fixe-4-places-tissu-gris-fonce-contemporain-l-259-x-p-182-cm.","og_url":"https:\/\/eurosdiscounts.com\/index.php\/produit\/scoop-canape-dangle-droit-fixe-4-places-tissu-gris-fonce-contemporain-l-259-x-p-182-cm\/","og_site_name":"Eurosdiscounts.com- Achat sur Internet a prix discount, Canap\u00e9s pas cher, Smartphone pas cher, pc portable pas cher..","article_modified_time":"2023-03-28T21:05:38+00:00","og_image":[{"width":700,"height":700,"url":"https:\/\/eurosdiscounts.com\/wp-content\/uploads\/2019\/09\/c-265.jpg","type":"image\/jpeg"}],"twitter_card":"summary_large_image","schema":{"@context":"https:\/\/schema.org","@graph":[{"@type":"WebPage","@id":"https:\/\/eurosdiscounts.com\/index.php\/produit\/scoop-canape-dangle-droit-fixe-4-places-tissu-gris-fonce-contemporain-l-259-x-p-182-cm\/","url":"https:\/\/eurosdiscounts.com\/index.php\/produit\/scoop-canape-dangle-droit-fixe-4-places-tissu-gris-fonce-contemporain-l-259-x-p-182-cm\/","name":"scoop-canape-dangle-droit-fixe-4-places-tissu-gris-fonce-contemporain","isPartOf":{"@id":"https:\/\/eurosdiscounts.com\/#website"},"primaryImageOfPage":{"@id":"https:\/\/eurosdiscounts.com\/index.php\/produit\/scoop-canape-dangle-droit-fixe-4-places-tissu-gris-fonce-contemporain-l-259-x-p-182-cm\/#primaryimage"},"image":{"@id":"https:\/\/eurosdiscounts.com\/index.php\/produit\/scoop-canape-dangle-droit-fixe-4-places-tissu-gris-fonce-contemporain-l-259-x-p-182-cm\/#primaryimage"},"thumbnailUrl":"https:\/\/eurosdiscounts.com\/wp-content\/uploads\/2019\/09\/c-265.jpg","datePublished":"2019-09-23T23:33:21+00:00","dateModified":"2023-03-28T21:05:38+00:00","description":"scoop-canape-dangle-droit-fixe-4-places-tissu-gris-fonce-contemporain-l-259-x-p-182-cm.","breadcrumb":{"@id":"https:\/\/eurosdiscounts.com\/index.php\/produit\/scoop-canape-dangle-droit-fixe-4-places-tissu-gris-fonce-contemporain-l-259-x-p-182-cm\/#breadcrumb"},"inLanguage":"fr-FR","potentialAction":[{"@type":"ReadAction","target":["https:\/\/eurosdiscounts.com\/index.php\/produit\/scoop-canape-dangle-droit-fixe-4-places-tissu-gris-fonce-contemporain-l-259-x-p-182-cm\/"]}]},{"@type":"ImageObject","inLanguage":"fr-FR","@id":"https:\/\/eurosdiscounts.com\/index.php\/produit\/scoop-canape-dangle-droit-fixe-4-places-tissu-gris-fonce-contemporain-l-259-x-p-182-cm\/#primaryimage","url":"https:\/\/eurosdiscounts.com\/wp-content\/uploads\/2019\/09\/c-265.jpg","contentUrl":"https:\/\/eurosdiscounts.com\/wp-content\/uploads\/2019\/09\/c-265.jpg","width":700,"height":700},{"@type":"BreadcrumbList","@id":"https:\/\/eurosdiscounts.com\/index.php\/produit\/scoop-canape-dangle-droit-fixe-4-places-tissu-gris-fonce-contemporain-l-259-x-p-182-cm\/#breadcrumb","itemListElement":[{"@type":"ListItem","position":1,"name":"Accueil","item":"https:\/\/eurosdiscounts.com\/"},{"@type":"ListItem","position":2,"name":"Boutique","item":"https:\/\/eurosdiscounts.com\/index.php\/boutique\/"},{"@type":"ListItem","position":3,"name":"SCOOP Canap\u00e9 d&rsquo;angle droit fixe 4 places &#8211; Tissu gris fonc\u00e9 &#8211; Contemporain &#8211; L 259 x P 182 cm"}]},{"@type":"WebSite","@id":"https:\/\/eurosdiscounts.com\/#website","url":"https:\/\/eurosdiscounts.com\/","name":"Eurosdiscounts.com- Achat sur Internet a prix discount, Canap\u00e9s pas cher, Smartphone pas cher, pc portable pas cher..","description":"Eurosdiscounts.com- Achat sur Internet a prix discount, Canap\u00e9s pas cher, Smartphone pas cher, pc portable pas cher..","potentialAction":[{"@type":"SearchAction","target":{"@type":"EntryPoint","urlTemplate":"https:\/\/eurosdiscounts.com\/?s={search_term_string}"},"query-input":{"@type":"PropertyValueSpecification","valueRequired":true,"valueName":"search_term_string"}}],"inLanguage":"fr-FR"}]}},"_links":{"self":[{"href":"https:\/\/eurosdiscounts.com\/index.php\/wp-json\/wp\/v2\/product\/5916","targetHints":{"allow":["GET"]}}],"collection":[{"href":"https:\/\/eurosdiscounts.com\/index.php\/wp-json\/wp\/v2\/product"}],"about":[{"href":"https:\/\/eurosdiscounts.com\/index.php\/wp-json\/wp\/v2\/types\/product"}],"replies":[{"embeddable":true,"href":"https:\/\/eurosdiscounts.com\/index.php\/wp-json\/wp\/v2\/comments?post=5916"}],"wp:featuredmedia":[{"embeddable":true,"href":"https:\/\/eurosdiscounts.com\/index.php\/wp-json\/wp\/v2\/media\/15401"}],"wp:attachment":[{"href":"https:\/\/eurosdiscounts.com\/index.php\/wp-json\/wp\/v2\/media?parent=5916"}],"wp:term":[{"taxonomy":"product_cat","embeddable":true,"href":"https:\/\/eurosdiscounts.com\/index.php\/wp-json\/wp\/v2\/product_cat?post=5916"},{"taxonomy":"product_tag","embeddable":true,"href":"https:\/\/eurosdiscounts.com\/index.php\/wp-json\/wp\/v2\/product_tag?post=5916"}],"curies":[{"name":"wp","href":"https:\/\/api.w.org\/{rel}","templated":true}]}}