{"id":5823,"date":"2019-09-23T11:58:15","date_gmt":"2019-09-23T09:58:15","guid":{"rendered":"https:\/\/smartsdiscount.com\/?post_type=product&amp;p=5823"},"modified":"2019-09-23T11:58:15","modified_gmt":"2019-09-23T09:58:15","slug":"smartphone-xiaomi-redmi-note-7-double-sim-32-go-bleu-neptune","status":"publish","type":"product","link":"https:\/\/eurosdiscounts.com\/index.php\/produit\/smartphone-xiaomi-redmi-note-7-double-sim-32-go-bleu-neptune\/","title":{"rendered":"Smartphone Xiaomi Redmi Note 7 Double SIM 32 Go Bleu Neptune"},"content":{"rendered":"<div class=\"characteristicsStrate__item\">\n<p>Capacit\u00e9 de stockage32 Go<\/p>\n<\/div>\n<div class=\"characteristicsStrate__item\">\n<p>Taille de l&rsquo;\u00e9cran6,3 \u00a0\u00bb<\/p>\n<\/div>\n<div class=\"characteristicsStrate__item characteristicsStrate__item--long \">\n<p>Caract\u00e9ristiques compl\u00e9mentaires3 Go Noir, WCDMA : B1\/2\/4\/5\/8, Ecran 19.5:9 FHD+, avec encoche en goutte d\u2019eau, 460 nits, Ratio couleur\/contraste : 1500:1, NTSC : 84%, 409 PPI, Mode protection des yeux, Ecran 2.5D, Ecran ultra r\u00e9sistant Corning Gorilla Glass 5, Design en verre r\u00e9fl\u00e9chissant, Capteur d\u2019empreinte digitale arri\u00e8re, Port Jack 3.5 mm<\/p>\n<\/div>\n<div class=\"characteristicsStrate__item\">\n<p>Acc\u00e8s au(x) r\u00e9seau(x)GSM B2\/3\/5\/8<\/p>\n<\/div>\n<div class=\"characteristicsStrate__item\">\n<p>AlimentationChargeur 5 V\/2 A inclus dans la bo\u00eete, Charge par USB Type-C, Supporte le Qualcomm Quick Charge 4<\/p>\n<\/div>\n<div class=\"characteristicsStrate__item characteristicsStrate__item--long \">\n<p>Appareil photoDouble cam\u00e9ra arri\u00e8re : 48 MP + 5 MP dual pixel Double Capteur + Intelligence Artificielle, Capteur principal 48 MP Samsung, Capteur Samsung GM1, 1.6 \u03bcm Super Pixel 4-en-1, Ouverture f\/1.8, Architecture 6 lentilles, PDAF, Capteur secondaire 5 MP, Samsung S5K5E8 sensor, 1.12 \u03bcm, Grande ouverture f\/2.2, Capteur frontal 13 MP, 1.12 \u03bcm, \u0192\/2.0, Reconnaissance faciale (arrivera prochainement par mise \u00e0 jour), Boost par Intelligence Artificielle<\/p>\n<div class=\"characteristicsStrate__item\">Syst\u00e8me d&rsquo;exploitation Android 9, MIUI 10<\/div>\n<div class=\"characteristicsStrate__item\">Couleur Bleu Neptune<\/div>\n<div class=\"characteristicsStrate__item\">\n<p>Communication sans fil Bluetooth 5.0Wi-Fi 2.4\/5 G WiFi, WiFi Direct, WiFi Display<\/p>\n<p>4G LTE TDD : B38\/40, LTE FDD : B1\/2\/3\/4\/5\/7\/8\/20<\/p>\n<\/div>\n<div class=\"characteristicsStrate__item\">Hauteur du produit 0,81 cm<\/div>\n<div class=\"characteristicsStrate__item\">Largeur du produit 7,5 cm<\/div>\n<div class=\"characteristicsStrate__item\">Longueur du produit 15,9 cm<\/div>\n<div class=\"characteristicsStrate__item\">Poids du produit 186 g<\/div>\n<div class=\"characteristicsStrate__item\">Coloris Bleu<\/div>\n<div class=\"characteristicsStrate__item\">Indice DAS corps 1.274 W\/kg<\/div>\n<div class=\"characteristicsStrate__item\">Produit hors norme : Non<\/div>\n<\/div>\n","protected":false},"excerpt":{"rendered":"<p>Capacit\u00e9 de stockage32 Go Taille de l&rsquo;\u00e9cran6,3 \u00a0\u00bb Caract\u00e9ristiques compl\u00e9mentaires3 Go Noir, WCDMA : B1\/2\/4\/5\/8, Ecran 19.5:9 FHD+, avec encoche en goutte d\u2019eau, 460 nits, Ratio couleur\/contraste : 1500:1, NTSC : 84%, 409 PPI, Mode protection des yeux, Ecran 2.5D, Ecran ultra r\u00e9sistant Corning Gorilla Glass 5, Design en verre r\u00e9fl\u00e9chissant, Capteur d\u2019empreinte digitale arri\u00e8re,&hellip;<\/p>\n","protected":false},"featured_media":16075,"comment_status":"open","ping_status":"closed","template":"","meta":[],"product_cat":[234],"product_tag":[],"class_list":{"0":"post-5823","1":"product","2":"type-product","3":"status-publish","4":"has-post-thumbnail","6":"product_cat-smartphones","8":"first","9":"instock","10":"shipping-taxable","11":"purchasable","12":"product-type-simple","13":"col-xs-6 col-sm-4","14":"col-md-3 col-lg-3","15":"un-4-cols"},"yoast_head":"<!-- This site is optimized with the Yoast SEO plugin v27.0 - https:\/\/yoast.com\/product\/yoast-seo-wordpress\/ -->\n<title>smartphone-xiaomi-redmi-note-7-double-sim-32-go-bleu-neptune<\/title>\n<meta name=\"description\" content=\"smartphone-xiaomi-redmi-note-7-double-sim-32-go-bleu-neptune\" \/>\n<meta name=\"robots\" content=\"index, follow, max-snippet:-1, max-image-preview:large, max-video-preview:-1\" \/>\n<link rel=\"canonical\" href=\"https:\/\/eurosdiscounts.com\/index.php\/produit\/smartphone-xiaomi-redmi-note-7-double-sim-32-go-bleu-neptune\/\" \/>\n<meta property=\"og:locale\" content=\"fr_FR\" \/>\n<meta property=\"og:type\" content=\"article\" \/>\n<meta property=\"og:title\" content=\"smartphone-xiaomi-redmi-note-7-double-sim-32-go-bleu-neptune\" \/>\n<meta property=\"og:description\" content=\"smartphone-xiaomi-redmi-note-7-double-sim-32-go-bleu-neptune\" \/>\n<meta property=\"og:url\" content=\"https:\/\/eurosdiscounts.com\/index.php\/produit\/smartphone-xiaomi-redmi-note-7-double-sim-32-go-bleu-neptune\/\" \/>\n<meta property=\"og:site_name\" content=\"Eurosdiscounts.com- Achat sur Internet a prix discount, Canap\u00e9s pas cher, Smartphone pas cher, pc portable pas cher..\" \/>\n<meta property=\"og:image\" content=\"https:\/\/eurosdiscounts.com\/wp-content\/uploads\/2019\/09\/c-298.jpg\" \/>\n\t<meta property=\"og:image:width\" content=\"500\" \/>\n\t<meta property=\"og:image:height\" content=\"699\" \/>\n\t<meta property=\"og:image:type\" content=\"image\/jpeg\" \/>\n<meta name=\"twitter:card\" content=\"summary_large_image\" \/>\n<meta name=\"twitter:label1\" content=\"Dur\u00e9e de lecture estim\u00e9e\" \/>\n\t<meta name=\"twitter:data1\" content=\"1 minute\" \/>\n<script type=\"application\/ld+json\" class=\"yoast-schema-graph\">{\"@context\":\"https:\/\/schema.org\",\"@graph\":[{\"@type\":\"WebPage\",\"@id\":\"https:\/\/eurosdiscounts.com\/index.php\/produit\/smartphone-xiaomi-redmi-note-7-double-sim-32-go-bleu-neptune\/\",\"url\":\"https:\/\/eurosdiscounts.com\/index.php\/produit\/smartphone-xiaomi-redmi-note-7-double-sim-32-go-bleu-neptune\/\",\"name\":\"smartphone-xiaomi-redmi-note-7-double-sim-32-go-bleu-neptune\",\"isPartOf\":{\"@id\":\"https:\/\/eurosdiscounts.com\/#website\"},\"primaryImageOfPage\":{\"@id\":\"https:\/\/eurosdiscounts.com\/index.php\/produit\/smartphone-xiaomi-redmi-note-7-double-sim-32-go-bleu-neptune\/#primaryimage\"},\"image\":{\"@id\":\"https:\/\/eurosdiscounts.com\/index.php\/produit\/smartphone-xiaomi-redmi-note-7-double-sim-32-go-bleu-neptune\/#primaryimage\"},\"thumbnailUrl\":\"https:\/\/eurosdiscounts.com\/wp-content\/uploads\/2019\/09\/c-298.jpg\",\"datePublished\":\"2019-09-23T09:58:15+00:00\",\"description\":\"smartphone-xiaomi-redmi-note-7-double-sim-32-go-bleu-neptune\",\"breadcrumb\":{\"@id\":\"https:\/\/eurosdiscounts.com\/index.php\/produit\/smartphone-xiaomi-redmi-note-7-double-sim-32-go-bleu-neptune\/#breadcrumb\"},\"inLanguage\":\"fr-FR\",\"potentialAction\":[{\"@type\":\"ReadAction\",\"target\":[\"https:\/\/eurosdiscounts.com\/index.php\/produit\/smartphone-xiaomi-redmi-note-7-double-sim-32-go-bleu-neptune\/\"]}]},{\"@type\":\"ImageObject\",\"inLanguage\":\"fr-FR\",\"@id\":\"https:\/\/eurosdiscounts.com\/index.php\/produit\/smartphone-xiaomi-redmi-note-7-double-sim-32-go-bleu-neptune\/#primaryimage\",\"url\":\"https:\/\/eurosdiscounts.com\/wp-content\/uploads\/2019\/09\/c-298.jpg\",\"contentUrl\":\"https:\/\/eurosdiscounts.com\/wp-content\/uploads\/2019\/09\/c-298.jpg\",\"width\":500,\"height\":699},{\"@type\":\"BreadcrumbList\",\"@id\":\"https:\/\/eurosdiscounts.com\/index.php\/produit\/smartphone-xiaomi-redmi-note-7-double-sim-32-go-bleu-neptune\/#breadcrumb\",\"itemListElement\":[{\"@type\":\"ListItem\",\"position\":1,\"name\":\"Accueil\",\"item\":\"https:\/\/eurosdiscounts.com\/\"},{\"@type\":\"ListItem\",\"position\":2,\"name\":\"Boutique\",\"item\":\"https:\/\/eurosdiscounts.com\/index.php\/boutique\/\"},{\"@type\":\"ListItem\",\"position\":3,\"name\":\"Smartphone Xiaomi Redmi Note 7 Double SIM 32 Go Bleu Neptune\"}]},{\"@type\":\"WebSite\",\"@id\":\"https:\/\/eurosdiscounts.com\/#website\",\"url\":\"https:\/\/eurosdiscounts.com\/\",\"name\":\"Eurosdiscounts.com- Achat sur Internet a prix discount, Canap\u00e9s pas cher, Smartphone pas cher, pc portable pas cher..\",\"description\":\"Eurosdiscounts.com- Achat sur Internet a prix discount, Canap\u00e9s pas cher, Smartphone pas cher, pc portable pas cher..\",\"potentialAction\":[{\"@type\":\"SearchAction\",\"target\":{\"@type\":\"EntryPoint\",\"urlTemplate\":\"https:\/\/eurosdiscounts.com\/?s={search_term_string}\"},\"query-input\":{\"@type\":\"PropertyValueSpecification\",\"valueRequired\":true,\"valueName\":\"search_term_string\"}}],\"inLanguage\":\"fr-FR\"}]}<\/script>\n<!-- \/ Yoast SEO plugin. -->","yoast_head_json":{"title":"smartphone-xiaomi-redmi-note-7-double-sim-32-go-bleu-neptune","description":"smartphone-xiaomi-redmi-note-7-double-sim-32-go-bleu-neptune","robots":{"index":"index","follow":"follow","max-snippet":"max-snippet:-1","max-image-preview":"max-image-preview:large","max-video-preview":"max-video-preview:-1"},"canonical":"https:\/\/eurosdiscounts.com\/index.php\/produit\/smartphone-xiaomi-redmi-note-7-double-sim-32-go-bleu-neptune\/","og_locale":"fr_FR","og_type":"article","og_title":"smartphone-xiaomi-redmi-note-7-double-sim-32-go-bleu-neptune","og_description":"smartphone-xiaomi-redmi-note-7-double-sim-32-go-bleu-neptune","og_url":"https:\/\/eurosdiscounts.com\/index.php\/produit\/smartphone-xiaomi-redmi-note-7-double-sim-32-go-bleu-neptune\/","og_site_name":"Eurosdiscounts.com- Achat sur Internet a prix discount, Canap\u00e9s pas cher, Smartphone pas cher, pc portable pas cher..","og_image":[{"width":500,"height":699,"url":"https:\/\/eurosdiscounts.com\/wp-content\/uploads\/2019\/09\/c-298.jpg","type":"image\/jpeg"}],"twitter_card":"summary_large_image","twitter_misc":{"Dur\u00e9e de lecture estim\u00e9e":"1 minute"},"schema":{"@context":"https:\/\/schema.org","@graph":[{"@type":"WebPage","@id":"https:\/\/eurosdiscounts.com\/index.php\/produit\/smartphone-xiaomi-redmi-note-7-double-sim-32-go-bleu-neptune\/","url":"https:\/\/eurosdiscounts.com\/index.php\/produit\/smartphone-xiaomi-redmi-note-7-double-sim-32-go-bleu-neptune\/","name":"smartphone-xiaomi-redmi-note-7-double-sim-32-go-bleu-neptune","isPartOf":{"@id":"https:\/\/eurosdiscounts.com\/#website"},"primaryImageOfPage":{"@id":"https:\/\/eurosdiscounts.com\/index.php\/produit\/smartphone-xiaomi-redmi-note-7-double-sim-32-go-bleu-neptune\/#primaryimage"},"image":{"@id":"https:\/\/eurosdiscounts.com\/index.php\/produit\/smartphone-xiaomi-redmi-note-7-double-sim-32-go-bleu-neptune\/#primaryimage"},"thumbnailUrl":"https:\/\/eurosdiscounts.com\/wp-content\/uploads\/2019\/09\/c-298.jpg","datePublished":"2019-09-23T09:58:15+00:00","description":"smartphone-xiaomi-redmi-note-7-double-sim-32-go-bleu-neptune","breadcrumb":{"@id":"https:\/\/eurosdiscounts.com\/index.php\/produit\/smartphone-xiaomi-redmi-note-7-double-sim-32-go-bleu-neptune\/#breadcrumb"},"inLanguage":"fr-FR","potentialAction":[{"@type":"ReadAction","target":["https:\/\/eurosdiscounts.com\/index.php\/produit\/smartphone-xiaomi-redmi-note-7-double-sim-32-go-bleu-neptune\/"]}]},{"@type":"ImageObject","inLanguage":"fr-FR","@id":"https:\/\/eurosdiscounts.com\/index.php\/produit\/smartphone-xiaomi-redmi-note-7-double-sim-32-go-bleu-neptune\/#primaryimage","url":"https:\/\/eurosdiscounts.com\/wp-content\/uploads\/2019\/09\/c-298.jpg","contentUrl":"https:\/\/eurosdiscounts.com\/wp-content\/uploads\/2019\/09\/c-298.jpg","width":500,"height":699},{"@type":"BreadcrumbList","@id":"https:\/\/eurosdiscounts.com\/index.php\/produit\/smartphone-xiaomi-redmi-note-7-double-sim-32-go-bleu-neptune\/#breadcrumb","itemListElement":[{"@type":"ListItem","position":1,"name":"Accueil","item":"https:\/\/eurosdiscounts.com\/"},{"@type":"ListItem","position":2,"name":"Boutique","item":"https:\/\/eurosdiscounts.com\/index.php\/boutique\/"},{"@type":"ListItem","position":3,"name":"Smartphone Xiaomi Redmi Note 7 Double SIM 32 Go Bleu Neptune"}]},{"@type":"WebSite","@id":"https:\/\/eurosdiscounts.com\/#website","url":"https:\/\/eurosdiscounts.com\/","name":"Eurosdiscounts.com- Achat sur Internet a prix discount, Canap\u00e9s pas cher, Smartphone pas cher, pc portable pas cher..","description":"Eurosdiscounts.com- Achat sur Internet a prix discount, Canap\u00e9s pas cher, Smartphone pas cher, pc portable pas cher..","potentialAction":[{"@type":"SearchAction","target":{"@type":"EntryPoint","urlTemplate":"https:\/\/eurosdiscounts.com\/?s={search_term_string}"},"query-input":{"@type":"PropertyValueSpecification","valueRequired":true,"valueName":"search_term_string"}}],"inLanguage":"fr-FR"}]}},"_links":{"self":[{"href":"https:\/\/eurosdiscounts.com\/index.php\/wp-json\/wp\/v2\/product\/5823","targetHints":{"allow":["GET"]}}],"collection":[{"href":"https:\/\/eurosdiscounts.com\/index.php\/wp-json\/wp\/v2\/product"}],"about":[{"href":"https:\/\/eurosdiscounts.com\/index.php\/wp-json\/wp\/v2\/types\/product"}],"replies":[{"embeddable":true,"href":"https:\/\/eurosdiscounts.com\/index.php\/wp-json\/wp\/v2\/comments?post=5823"}],"wp:featuredmedia":[{"embeddable":true,"href":"https:\/\/eurosdiscounts.com\/index.php\/wp-json\/wp\/v2\/media\/16075"}],"wp:attachment":[{"href":"https:\/\/eurosdiscounts.com\/index.php\/wp-json\/wp\/v2\/media?parent=5823"}],"wp:term":[{"taxonomy":"product_cat","embeddable":true,"href":"https:\/\/eurosdiscounts.com\/index.php\/wp-json\/wp\/v2\/product_cat?post=5823"},{"taxonomy":"product_tag","embeddable":true,"href":"https:\/\/eurosdiscounts.com\/index.php\/wp-json\/wp\/v2\/product_tag?post=5823"}],"curies":[{"name":"wp","href":"https:\/\/api.w.org\/{rel}","templated":true}]}}