{"id":5485,"date":"2019-09-21T18:33:59","date_gmt":"2019-09-21T16:33:59","guid":{"rendered":"https:\/\/smartsdiscount.com\/?post_type=product&amp;p=5485"},"modified":"2019-09-21T18:33:59","modified_gmt":"2019-09-21T16:33:59","slug":"apple-iphone-8-plus-gris-sideral-64-go","status":"publish","type":"product","link":"https:\/\/eurosdiscounts.com\/index.php\/produit\/apple-iphone-8-plus-gris-sideral-64-go\/","title":{"rendered":"APPLE iPhone 8 Plus Gris Sid\u00e9ral 64 Go"},"content":{"rendered":"<p><span class=\"fpBlocTitle\">Les points forts :<\/span><\/p>\n<ul>\n<li>Taille de la diagonale : 5.5\u2033<\/li>\n<li>R\u00e9solution du capteur : 12 m\u00e9gapixels<\/li>\n<li>Capacit\u00e9 de la m\u00e9moire interne : 64 Go<\/li>\n<li>G\u00e9n\u00e9ration \u00e0 haut d\u00e9bit mobile : 4G<\/li>\n<li>Protection : Rev\u00eatement ol\u00e9ophobe antitrace<\/li>\n<\/ul>\n<div class=\"jsFpBulletPointMore\">\n<ul>\n<li>Syst\u00e8me d\u2019exploitation : iOS 11<\/li>\n<li>Fonctions du t\u00e9l\u00e9phone : T\u00e9l\u00e9phone \u00e0 haut parleur, commande vocale, compteur d\u2019appels<\/li>\n<\/ul>\n<\/div>\n","protected":false},"excerpt":{"rendered":"<table class=\"fpDescTb fpDescTbPub\">\n<tbody>\n<tr>\n<th colspan=\"2\">Informations g\u00e9n\u00e9rales sur le produit<\/th>\n<\/tr>\n<tr>\n<td>Marque<\/td>\n<td>APPLE<\/td>\n<\/tr>\n<tr>\n<td>Nom du produit<\/td>\n<td>APPLE iPhone 8 Plus Gris Sid\u00e9ral 64 Go<\/td>\n<\/tr>\n<tr>\n<td>Cat\u00e9gorie<\/td>\n<td>SMARTPHONE<\/td>\n<\/tr>\n<tr>\n<th colspan=\"2\">Informations sur le produit<\/th>\n<\/tr>\n<tr>\n<td>Couleur(s)<\/td>\n<td>Sid\u00e9ral<\/td>\n<\/tr>\n<tr>\n<td>Information DAS<\/td>\n<td>Le DAS (d\u00e9bit d\u2019absorption sp\u00e9cifique) des t\u00e9l\u00e9phones mobiles quantifie le niveau d\u2019exposition<\/td>\n<\/tr>\n<tr>\n<td>Vintage<\/td>\n<td>Non<\/td>\n<\/tr>\n<tr>\n<td>Capacit\u00e9 (m\u00e9moire)<\/td>\n<td>64 Go<\/td>\n<\/tr>\n<tr>\n<th colspan=\"2\">G\u00e9n\u00e9ral<\/th>\n<\/tr>\n<tr>\n<td>Type de Produit<\/td>\n<td>Smartphone<\/td>\n<\/tr>\n<tr>\n<td>Composants int\u00e9gr\u00e9s<\/td>\n<td>Cam\u00e9ra avant, enregistreur vocal, haut-parleurs st\u00e9r\u00e9o, navigation, double cam\u00e9ra orient\u00e9e vers l&rsquo;arri\u00e8re, lecteur num\u00e9rique<\/td>\n<\/tr>\n<tr>\n<td>Mat\u00e9riau du boitier<\/td>\n<td>Verre, rev\u00eatement ol\u00e9ophobe, aluminium de s\u00e9rie 7000 de qualit\u00e9 a\u00e9rospatiale<\/td>\n<\/tr>\n<tr>\n<td>Couleur du boitier<\/td>\n<td>Gris<\/td>\n<\/tr>\n<tr>\n<td>Profondeur<\/td>\n<td>7.5 mm<\/td>\n<\/tr>\n<tr>\n<td>Largeur<\/td>\n<td>78.1 mm<\/td>\n<\/tr>\n<tr>\n<td>Hauteur<\/td>\n<td>158.4 mm<\/td>\n<\/tr>\n<tr>\n<td>Poids<\/td>\n<td>202 g<\/td>\n<\/tr>\n<tr>\n<td>Valeur DAS<\/td>\n<td>0,99 W\/kg (corps) \/ 0,99 W\/kg (t\u00eate)<\/td>\n<\/tr>\n<tr>\n<td>Protection<\/td>\n<td>Anti-poussi\u00e8re, anti-\u00e9claboussement, \u00e9tanche<\/td>\n<\/tr>\n<tr>\n<td>Format<\/td>\n<td>Tactile<\/td>\n<\/tr>\n<tr>\n<td>Num\u00e9ro de mod\u00e8le du fabricant<\/td>\n<td>A1897<\/td>\n<\/tr>\n<tr>\n<th colspan=\"2\">T\u00e9l\u00e9phone mobile<\/th>\n<\/tr>\n<tr>\n<td>Syst\u00e8me d&rsquo;exploitation<\/td>\n<td>iOS 11<\/td>\n<\/tr>\n<tr>\n<td>Technologie<\/td>\n<td>WCDMA (UMTS) \/ GSM<\/td>\n<\/tr>\n<tr>\n<td>G\u00e9n\u00e9ration \u00e0 haut d\u00e9bit mobile<\/td>\n<td>4G<\/td>\n<\/tr>\n<tr>\n<td>Fournisseur de services<\/td>\n<td>Non sp\u00e9cifi\u00e9<\/td>\n<\/tr>\n<tr>\n<td>Type de carte SIM<\/td>\n<td>Nano SIM<\/td>\n<\/tr>\n<tr>\n<td>Technologie de paiement<\/td>\n<td>Apple Pay<\/td>\n<\/tr>\n<tr>\n<td>Navigation<\/td>\n<td>A-GPS, GLONASS, Galileo, QZSS<\/td>\n<\/tr>\n<tr>\n<td>Assistant intelligent<\/td>\n<td>Siri<\/td>\n<\/tr>\n<tr>\n<td>Appareil d&rsquo;entr\u00e9e<\/td>\n<td>3D Touch, capacitif<\/td>\n<\/tr>\n<tr>\n<td>Qt\u00e9 de carte SIM<\/td>\n<td>Single-SIM (SIM unique)<\/td>\n<\/tr>\n<tr>\n<th colspan=\"2\">Processeur<\/th>\n<\/tr>\n<tr>\n<td>Type<\/td>\n<td>Apple A11 Bionic &#8211; avec M11 motion<\/td>\n<\/tr>\n<tr>\n<td>Architecture 64 bits<\/td>\n<td>Oui<\/td>\n<\/tr>\n<tr>\n<th colspan=\"2\">Affichage<\/th>\n<\/tr>\n<tr>\n<td>Technologie<\/td>\n<td>Ecran Retina HD avec technologie IPS<\/td>\n<\/tr>\n<tr>\n<td>Caract\u00e9ristiques<\/td>\n<td>Pixels double domaine, Display Zoom, Accessibilit\u00e9 (D\u00e9calage d&rsquo;\u00e9cran), Dolby Vision, HDR10, affichage True Tone<\/td>\n<\/tr>\n<tr>\n<td>Langues d&rsquo;affichage<\/td>\n<td>Danois, Hindi, h\u00e9breu, hongrois, tch\u00e8que, Croate, Indon\u00e9sien, Thailandais, Slovaque, chinois (traditionnel), chinois (simplifi\u00e9), Vietnamien, Ukrainien, portugais (Br\u00e9sil), anglais, allemand, fran\u00e7ais, italien, norv\u00e9gien, portugais, polonais, finnois, su\u00e9dois, russe, espagnol, hollandais, grec, turc, arabe, roumain, catalan, japonais, cor\u00e9en, Malais, UK English, Anglais de E.-U.<\/td>\n<\/tr>\n<tr>\n<td>Type<\/td>\n<td>Ecran LCD<\/td>\n<\/tr>\n<tr>\n<td>Densit\u00e9 des pixels<\/td>\n<td>401 ppi<\/td>\n<\/tr>\n<tr>\n<td>Rapport de contraste<\/td>\n<td>1300:1<\/td>\n<\/tr>\n<tr>\n<td>Protection<\/td>\n<td>Rev\u00eatement ol\u00e9ophobe antitrace<\/td>\n<\/tr>\n<tr>\n<td>Luminosit\u00e9 maximum<\/td>\n<td>625 cd\/m\u00b2<\/td>\n<\/tr>\n<tr>\n<td>Taille de la diagonale<\/td>\n<td>5.5&Prime;<\/td>\n<\/tr>\n<tr>\n<td>R\u00e9solution d&rsquo;\u00e9cran<\/td>\n<td>1920 x 1080 pixels<\/td>\n<\/tr>\n<tr>\n<td>Format d&rsquo;affichage<\/td>\n<td>Full HD<\/td>\n<\/tr>\n<tr>\n<td>HDR<\/td>\n<td>Oui<\/td>\n<\/tr>\n<tr>\n<th colspan=\"2\">Messagerie et Internet<\/th>\n<\/tr>\n<tr>\n<td>Services de messagerie<\/td>\n<td>SMS, MMS<\/td>\n<\/tr>\n<tr>\n<td>Blogs et r\u00e9seaux sociaux pris en charge<\/td>\n<td>Oui<\/td>\n<\/tr>\n<tr>\n<th colspan=\"2\">Communications<\/th>\n<\/tr>\n<tr>\n<td>Interface sans fil<\/td>\n<td>NFC, IEEE 802.11a\/b\/g\/n\/ac, Bluetooth 5.0<\/td>\n<\/tr>\n<tr>\n<td>Bande 2G<\/td>\n<td>GSM 850\/900\/1800\/1900<\/td>\n<\/tr>\n<tr>\n<td>Bande 4G LTE<\/td>\n<td>Bande 1, Bande 2, Bande 3, Bande 4, Bande 5, Bande 7, Bande 8, Bande 12, Bande 13, Bande 17, Bande 18, Bande 19, Bande 20, Bande 25, Bande 26, Bande 28, Bande 29, Bande 30, Bande 34, Bande 38, Bande 39, Bande 40, Bande 41, Bande 66<\/td>\n<\/tr>\n<tr>\n<td>Fr\u00e9quence LTE 4G<\/td>\n<td>FDD 2100, FDD 1900 PCS, FDD 1800+, FDD 1700 &#8211; 2110 AWS, FDD 850, FDD 2600, FDD 900, FDD 700a, FDD 700c, FDD 700b, FDD 800 inf\u00e9rieur, FDD 800 sup\u00e9rieur, FDD 800 DD, FDD 1900+, FDD 850+, FDD 700 APT, FDD 700d, FDD 2300 WCS, TDD 2000, TDD 2600, TDD 1900, TDD 2300, TDD 2500, FDD 1700 &#8211; 2110 AWS-3<\/td>\n<\/tr>\n<tr>\n<td>Transmission de donn\u00e9es<\/td>\n<td>GPRS, EDGE, HSDPA, HSUPA, HSPA+, LTE, DC-HSDPA, LTE Advanced, VoLTE, FDD-LTE, TDD-LTE, VoWiFi<\/td>\n<\/tr>\n<tr>\n<th colspan=\"2\">Caract\u00e9ristiques du t\u00e9l\u00e9phone<\/th>\n<\/tr>\n<tr>\n<td>Fonctions du t\u00e9l\u00e9phone<\/td>\n<td>T\u00e9l\u00e9phone \u00e0 haut parleur, commande vocale, compteur d&rsquo;appels, t\u00e9l\u00e9conf\u00e9rence, mode avion, num\u00e9rotation vocale, vibreur<\/td>\n<\/tr>\n<tr>\n<td>Capteurs<\/td>\n<td>Acc\u00e9l\u00e9rom\u00e8tre, d\u00e9tecteur de lumi\u00e8re ambiante, Capteur de proximit\u00e9, capteur gyroscopique 3 axes, boussole num\u00e9rique, barom\u00e8tre<\/td>\n<\/tr>\n<tr>\n<td>P\u00e9riph\u00e9riques de s\u00e9curit\u00e9<\/td>\n<td>Lecteur d&#8217;empreintes digitales<\/td>\n<\/tr>\n<tr>\n<td>Fonctions suppl\u00e9mentaires<\/td>\n<td>Multit\u00e2ches, FaceTime, impression sans fil AirPrint, iCloud Photo Sharing, fonction AirDrop, technologie MIMO, appel via Wi-fi, microlocation iBeacon, fonction CarPlay, clavier QuickType, Handoff, HomeKit, support Apple TV (2\u00e8me g\u00e9n\u00e9ration sup\u00e9rieur), Chargement rapide, streaming AirPlay 2 sans fil, Moteur neutre<\/td>\n<\/tr>\n<tr>\n<th colspan=\"2\">Lecteur multim\u00e9dia<\/th>\n<\/tr>\n<tr>\n<td>Normes vid\u00e9o num\u00e9riques prises en charge<\/td>\n<td>M-JPEG, H.264, HEVC, MPEG-4 Part 2<\/td>\n<\/tr>\n<tr>\n<td>Normes audionum\u00e9riques prises en charge<\/td>\n<td>Audible, MP3, FLAC, Apple Lossless, AC-3, AAC-LC, LPCM, HE-AAC, Audible AAX, Audible AAX+, protection AAC, EAC3, HE-AAC v2<\/td>\n<\/tr>\n<tr>\n<th colspan=\"2\">M\u00e9moire<\/th>\n<\/tr>\n<tr>\n<td>Capacit\u00e9 de la m\u00e9moire interne<\/td>\n<td>64 Go<\/td>\n<\/tr>\n<tr>\n<th colspan=\"2\">Connexions<\/th>\n<\/tr>\n<tr>\n<td>Type de connecteur<\/td>\n<td>Lightning<\/td>\n<\/tr>\n<tr>\n<th colspan=\"2\">Batterie<\/th>\n<\/tr>\n<tr>\n<td>Technologie<\/td>\n<td>Lithium Ion<\/td>\n<\/tr>\n<tr>\n<td>Autonomie<\/td>\n<td>En conversation: jusqu&rsquo;\u00e0 1260 min<br \/>\nUtilisation en ligne activ\u00e9e: jusqu&rsquo;\u00e0 13 hrs<br \/>\nLecture (vid\u00e9o sans fil): jusqu&rsquo;\u00e0 14 hrs<br \/>\nLecture (audio sans fil): jusqu&rsquo;\u00e0 60 hrs<\/td>\n<\/tr>\n<tr>\n<td>Chargement sans fil<\/td>\n<td>Oui<\/td>\n<\/tr>\n<tr>\n<td>Normes de facturation sans fil<\/td>\n<td>Qi<\/td>\n<\/tr>\n<tr>\n<td>Temps de parole<\/td>\n<td>1260 minutes<\/td>\n<\/tr>\n<tr>\n<th colspan=\"2\">Divers<\/th>\n<\/tr>\n<tr>\n<td>Normes de conformit\u00e9<\/td>\n<td>IEC 60529 IP67, HAC (Hearing Aid Compatible)<\/td>\n<\/tr>\n<tr>\n<th colspan=\"2\">Caract\u00e9ristiques d\u2019environnement<\/th>\n<\/tr>\n<tr>\n<td>Taux d&rsquo;humidit\u00e9 en fonctionnement<\/td>\n<td>5 &#8211; 95 % (sans condensation)<\/td>\n<\/tr>\n<tr>\n<td>Temp\u00e9rature minimale de fonctionnement<\/td>\n<td>0 \u00b0C<\/td>\n<\/tr>\n<tr>\n<td>Temp\u00e9rature maximale de fonctionnement<\/td>\n<td>35 \u00b0C<\/td>\n<\/tr>\n<tr>\n<th colspan=\"2\">Garantie du fabricant<\/th>\n<\/tr>\n<tr>\n<td>Service et maintenance<\/td>\n<td>Garantie limit\u00e9e &#8211; 1 an<br \/>\nSupport technique &#8211; conseil &#8211; 90 jours<\/td>\n<\/tr>\n<tr>\n<th colspan=\"2\">Cam\u00e9ra avant<\/th>\n<\/tr>\n<tr>\n<td>R\u00e9solution du capteur<\/td>\n<td>7 m\u00e9gapixels<\/td>\n<\/tr>\n<tr>\n<td>Fonctionnalit\u00e9s<\/td>\n<td>Cam\u00e9ra HD FaceTime, contr\u00f4le d&rsquo;exposition, stabilisation d&rsquo;image automatique<\/td>\n<\/tr>\n<tr>\n<td>Ouverture de l&rsquo;objectif<\/td>\n<td>F\/2.2<\/td>\n<\/tr>\n<tr>\n<td>Type de capteur<\/td>\n<td>BSI<\/td>\n<\/tr>\n<tr>\n<td>Mode HDR<\/td>\n<td>Mode Auto HDR<\/td>\n<\/tr>\n<tr>\n<td>R\u00e9solutions vid\u00e9o<\/td>\n<td>1920 x 1080 (1080p)<\/td>\n<\/tr>\n<tr>\n<td>Source de lumi\u00e8re<\/td>\n<td>Flash Retina<\/td>\n<\/tr>\n<tr>\n<td>Modes cam\u00e9ra<\/td>\n<td>Mode rafale, Mode retardateur, Live Photos<\/td>\n<\/tr>\n<tr>\n<td>D\u00e9tection faciale<\/td>\n<td>D\u00e9tection de corps et de visage<\/td>\n<\/tr>\n<tr>\n<th colspan=\"2\">Cam\u00e9ra arri\u00e8re<\/th>\n<\/tr>\n<tr>\n<td>Caract\u00e9ristiques<\/td>\n<td>Protection de l&rsquo;objectif en cristal de saphir, stabilisation vid\u00e9o Cinematic, Focus Pixels, Stabilisation d&rsquo;image automatique, Zoom lecture, Filtre IR hybride, Contr\u00f4le de l&rsquo;exposition, r\u00e9duction de bruit, marquage g\u00e9ographique, Mise au point automatique continue (CAF)<\/td>\n<\/tr>\n<tr>\n<td>Effets sp\u00e9ciaux<\/td>\n<td>Profondeur de champ<\/td>\n<\/tr>\n<tr>\n<td>R\u00e9glage de la mise au point<\/td>\n<td>Automatique<\/td>\n<\/tr>\n<tr>\n<td>R\u00e9solution du capteur<\/td>\n<td>12 m\u00e9gapixels<\/td>\n<\/tr>\n<tr>\n<td>Zoom num\u00e9rique<\/td>\n<td>10<\/td>\n<\/tr>\n<tr>\n<td>Type de capteur<\/td>\n<td>BSI<\/td>\n<\/tr>\n<tr>\n<td>Modes de cam\u00e9ra<\/td>\n<td>Mode rafale, Panorama, mode Time-Lapse (chronophotographie), Mode retardateur, touchez pour focaliser, mode portrait, Portrait Lighting (beta), Live Photos, Live Photos avec stabilisation<\/td>\n<\/tr>\n<tr>\n<td>R\u00e9solutions vid\u00e9o<\/td>\n<td>1920 x 1080 (1080p) \u00e0 30 fps, 1920 x 1080 (1080p) \u00e0 60 fps, 1280 x 720 (720p) \u00e0 30 fps, Vid\u00e9o slo-mo de 1920 x 1080 (1080p) \u00e0 120 fps, 3840 x 2160 (4K) \u00e0 30 fps, 3840 x 2160 (4K) \u00e0 60 fps, 3840 x 2160 (4K) \u00e0 24 fps, Vid\u00e9o slo-mo de 1920 x 1080 (1080p) \u00e0 240 fps<\/td>\n<\/tr>\n<tr>\n<td>Ouverture d&rsquo;objectif<\/td>\n<td>F\/1.8<\/td>\n<\/tr>\n<tr>\n<td>Source de lumi\u00e8re<\/td>\n<td>Flash LED quad True Tone<\/td>\n<\/tr>\n<tr>\n<td>Detection faciale<\/td>\n<td>D\u00e9tection de corps et de visage<\/td>\n<\/tr>\n<tr>\n<td>Mode HDR<\/td>\n<td>Mode Auto HDR<\/td>\n<\/tr>\n<tr>\n<td>Structure de l&rsquo;objectif<\/td>\n<td>6 \u00e9l\u00e9ments<\/td>\n<\/tr>\n<tr>\n<td>Type d&rsquo;objectif<\/td>\n<td>Objectif grand angle<\/td>\n<\/tr>\n<tr>\n<td>Stabilisateur d&rsquo;image optique<\/td>\n<td>Stabilisateur d&rsquo;image optique (OIS)<\/td>\n<\/tr>\n<tr>\n<th colspan=\"2\">Deuxi\u00e8me cam\u00e9ra arri\u00e8re<\/th>\n<\/tr>\n<tr>\n<td>Fonctions<\/td>\n<td>Information sur la profondeur de capture<\/td>\n<\/tr>\n<tr>\n<td>Ouverture de l&rsquo;objectif<\/td>\n<td>F\/2.8<\/td>\n<\/tr>\n<tr>\n<td>Type d&rsquo;objectif<\/td>\n<td>T\u00e9l\u00e9objectif<\/td>\n<\/tr>\n<tr>\n<td>Type de capteur<\/td>\n<td>BSI<\/td>\n<\/tr>\n<tr>\n<td>R\u00e9solution du capteur<\/td>\n<td>12 m\u00e9gapixels<\/td>\n<\/tr>\n<\/tbody>\n<\/table>\n","protected":false},"featured_media":16224,"comment_status":"open","ping_status":"closed","template":"","meta":[],"product_cat":[156,234],"product_tag":[],"class_list":{"0":"post-5485","1":"product","2":"type-product","3":"status-publish","4":"has-post-thumbnail","6":"product_cat-bons-plans","7":"product_cat-smartphones","9":"first","10":"instock","11":"sale","12":"shipping-taxable","13":"purchasable","14":"product-type-simple","15":"col-xs-6 col-sm-4","16":"col-md-3 col-lg-3","17":"un-4-cols"},"yoast_head":"<!-- This site is optimized with the Yoast SEO plugin v27.0 - https:\/\/yoast.com\/product\/yoast-seo-wordpress\/ -->\n<title>apple-iphone-8-plus-gris-sideral-64-go<\/title>\n<meta name=\"description\" content=\"apple-iphone-8-plus-gris-sideral-64-go\" \/>\n<meta name=\"robots\" content=\"index, follow, max-snippet:-1, max-image-preview:large, max-video-preview:-1\" \/>\n<link rel=\"canonical\" href=\"https:\/\/eurosdiscounts.com\/index.php\/produit\/apple-iphone-8-plus-gris-sideral-64-go\/\" \/>\n<meta property=\"og:locale\" content=\"fr_FR\" \/>\n<meta property=\"og:type\" content=\"article\" \/>\n<meta property=\"og:title\" content=\"apple-iphone-8-plus-gris-sideral-64-go\" \/>\n<meta property=\"og:description\" content=\"apple-iphone-8-plus-gris-sideral-64-go\" \/>\n<meta property=\"og:url\" content=\"https:\/\/eurosdiscounts.com\/index.php\/produit\/apple-iphone-8-plus-gris-sideral-64-go\/\" \/>\n<meta property=\"og:site_name\" content=\"Eurosdiscounts.com- Achat sur Internet a prix discount, Canap\u00e9s pas cher, Smartphone pas cher, pc portable pas cher..\" \/>\n<meta property=\"og:image\" content=\"https:\/\/eurosdiscounts.com\/wp-content\/uploads\/2019\/09\/c-331.jpg\" \/>\n\t<meta property=\"og:image:width\" content=\"700\" \/>\n\t<meta property=\"og:image:height\" content=\"700\" \/>\n\t<meta property=\"og:image:type\" content=\"image\/jpeg\" \/>\n<meta name=\"twitter:card\" content=\"summary_large_image\" \/>\n<script type=\"application\/ld+json\" class=\"yoast-schema-graph\">{\"@context\":\"https:\/\/schema.org\",\"@graph\":[{\"@type\":\"WebPage\",\"@id\":\"https:\/\/eurosdiscounts.com\/index.php\/produit\/apple-iphone-8-plus-gris-sideral-64-go\/\",\"url\":\"https:\/\/eurosdiscounts.com\/index.php\/produit\/apple-iphone-8-plus-gris-sideral-64-go\/\",\"name\":\"apple-iphone-8-plus-gris-sideral-64-go\",\"isPartOf\":{\"@id\":\"https:\/\/eurosdiscounts.com\/#website\"},\"primaryImageOfPage\":{\"@id\":\"https:\/\/eurosdiscounts.com\/index.php\/produit\/apple-iphone-8-plus-gris-sideral-64-go\/#primaryimage\"},\"image\":{\"@id\":\"https:\/\/eurosdiscounts.com\/index.php\/produit\/apple-iphone-8-plus-gris-sideral-64-go\/#primaryimage\"},\"thumbnailUrl\":\"https:\/\/eurosdiscounts.com\/wp-content\/uploads\/2019\/09\/c-331.jpg\",\"datePublished\":\"2019-09-21T16:33:59+00:00\",\"description\":\"apple-iphone-8-plus-gris-sideral-64-go\",\"breadcrumb\":{\"@id\":\"https:\/\/eurosdiscounts.com\/index.php\/produit\/apple-iphone-8-plus-gris-sideral-64-go\/#breadcrumb\"},\"inLanguage\":\"fr-FR\",\"potentialAction\":[{\"@type\":\"ReadAction\",\"target\":[\"https:\/\/eurosdiscounts.com\/index.php\/produit\/apple-iphone-8-plus-gris-sideral-64-go\/\"]}]},{\"@type\":\"ImageObject\",\"inLanguage\":\"fr-FR\",\"@id\":\"https:\/\/eurosdiscounts.com\/index.php\/produit\/apple-iphone-8-plus-gris-sideral-64-go\/#primaryimage\",\"url\":\"https:\/\/eurosdiscounts.com\/wp-content\/uploads\/2019\/09\/c-331.jpg\",\"contentUrl\":\"https:\/\/eurosdiscounts.com\/wp-content\/uploads\/2019\/09\/c-331.jpg\",\"width\":700,\"height\":700},{\"@type\":\"BreadcrumbList\",\"@id\":\"https:\/\/eurosdiscounts.com\/index.php\/produit\/apple-iphone-8-plus-gris-sideral-64-go\/#breadcrumb\",\"itemListElement\":[{\"@type\":\"ListItem\",\"position\":1,\"name\":\"Accueil\",\"item\":\"https:\/\/eurosdiscounts.com\/\"},{\"@type\":\"ListItem\",\"position\":2,\"name\":\"Boutique\",\"item\":\"https:\/\/eurosdiscounts.com\/index.php\/boutique\/\"},{\"@type\":\"ListItem\",\"position\":3,\"name\":\"APPLE iPhone 8 Plus Gris Sid\u00e9ral 64 Go\"}]},{\"@type\":\"WebSite\",\"@id\":\"https:\/\/eurosdiscounts.com\/#website\",\"url\":\"https:\/\/eurosdiscounts.com\/\",\"name\":\"Eurosdiscounts.com- Achat sur Internet a prix discount, Canap\u00e9s pas cher, Smartphone pas cher, pc portable pas cher..\",\"description\":\"Eurosdiscounts.com- Achat sur Internet a prix discount, Canap\u00e9s pas cher, Smartphone pas cher, pc portable pas cher..\",\"potentialAction\":[{\"@type\":\"SearchAction\",\"target\":{\"@type\":\"EntryPoint\",\"urlTemplate\":\"https:\/\/eurosdiscounts.com\/?s={search_term_string}\"},\"query-input\":{\"@type\":\"PropertyValueSpecification\",\"valueRequired\":true,\"valueName\":\"search_term_string\"}}],\"inLanguage\":\"fr-FR\"}]}<\/script>\n<!-- \/ Yoast SEO plugin. -->","yoast_head_json":{"title":"apple-iphone-8-plus-gris-sideral-64-go","description":"apple-iphone-8-plus-gris-sideral-64-go","robots":{"index":"index","follow":"follow","max-snippet":"max-snippet:-1","max-image-preview":"max-image-preview:large","max-video-preview":"max-video-preview:-1"},"canonical":"https:\/\/eurosdiscounts.com\/index.php\/produit\/apple-iphone-8-plus-gris-sideral-64-go\/","og_locale":"fr_FR","og_type":"article","og_title":"apple-iphone-8-plus-gris-sideral-64-go","og_description":"apple-iphone-8-plus-gris-sideral-64-go","og_url":"https:\/\/eurosdiscounts.com\/index.php\/produit\/apple-iphone-8-plus-gris-sideral-64-go\/","og_site_name":"Eurosdiscounts.com- Achat sur Internet a prix discount, Canap\u00e9s pas cher, Smartphone pas cher, pc portable pas cher..","og_image":[{"width":700,"height":700,"url":"https:\/\/eurosdiscounts.com\/wp-content\/uploads\/2019\/09\/c-331.jpg","type":"image\/jpeg"}],"twitter_card":"summary_large_image","schema":{"@context":"https:\/\/schema.org","@graph":[{"@type":"WebPage","@id":"https:\/\/eurosdiscounts.com\/index.php\/produit\/apple-iphone-8-plus-gris-sideral-64-go\/","url":"https:\/\/eurosdiscounts.com\/index.php\/produit\/apple-iphone-8-plus-gris-sideral-64-go\/","name":"apple-iphone-8-plus-gris-sideral-64-go","isPartOf":{"@id":"https:\/\/eurosdiscounts.com\/#website"},"primaryImageOfPage":{"@id":"https:\/\/eurosdiscounts.com\/index.php\/produit\/apple-iphone-8-plus-gris-sideral-64-go\/#primaryimage"},"image":{"@id":"https:\/\/eurosdiscounts.com\/index.php\/produit\/apple-iphone-8-plus-gris-sideral-64-go\/#primaryimage"},"thumbnailUrl":"https:\/\/eurosdiscounts.com\/wp-content\/uploads\/2019\/09\/c-331.jpg","datePublished":"2019-09-21T16:33:59+00:00","description":"apple-iphone-8-plus-gris-sideral-64-go","breadcrumb":{"@id":"https:\/\/eurosdiscounts.com\/index.php\/produit\/apple-iphone-8-plus-gris-sideral-64-go\/#breadcrumb"},"inLanguage":"fr-FR","potentialAction":[{"@type":"ReadAction","target":["https:\/\/eurosdiscounts.com\/index.php\/produit\/apple-iphone-8-plus-gris-sideral-64-go\/"]}]},{"@type":"ImageObject","inLanguage":"fr-FR","@id":"https:\/\/eurosdiscounts.com\/index.php\/produit\/apple-iphone-8-plus-gris-sideral-64-go\/#primaryimage","url":"https:\/\/eurosdiscounts.com\/wp-content\/uploads\/2019\/09\/c-331.jpg","contentUrl":"https:\/\/eurosdiscounts.com\/wp-content\/uploads\/2019\/09\/c-331.jpg","width":700,"height":700},{"@type":"BreadcrumbList","@id":"https:\/\/eurosdiscounts.com\/index.php\/produit\/apple-iphone-8-plus-gris-sideral-64-go\/#breadcrumb","itemListElement":[{"@type":"ListItem","position":1,"name":"Accueil","item":"https:\/\/eurosdiscounts.com\/"},{"@type":"ListItem","position":2,"name":"Boutique","item":"https:\/\/eurosdiscounts.com\/index.php\/boutique\/"},{"@type":"ListItem","position":3,"name":"APPLE iPhone 8 Plus Gris Sid\u00e9ral 64 Go"}]},{"@type":"WebSite","@id":"https:\/\/eurosdiscounts.com\/#website","url":"https:\/\/eurosdiscounts.com\/","name":"Eurosdiscounts.com- Achat sur Internet a prix discount, Canap\u00e9s pas cher, Smartphone pas cher, pc portable pas cher..","description":"Eurosdiscounts.com- Achat sur Internet a prix discount, Canap\u00e9s pas cher, Smartphone pas cher, pc portable pas cher..","potentialAction":[{"@type":"SearchAction","target":{"@type":"EntryPoint","urlTemplate":"https:\/\/eurosdiscounts.com\/?s={search_term_string}"},"query-input":{"@type":"PropertyValueSpecification","valueRequired":true,"valueName":"search_term_string"}}],"inLanguage":"fr-FR"}]}},"_links":{"self":[{"href":"https:\/\/eurosdiscounts.com\/index.php\/wp-json\/wp\/v2\/product\/5485","targetHints":{"allow":["GET"]}}],"collection":[{"href":"https:\/\/eurosdiscounts.com\/index.php\/wp-json\/wp\/v2\/product"}],"about":[{"href":"https:\/\/eurosdiscounts.com\/index.php\/wp-json\/wp\/v2\/types\/product"}],"replies":[{"embeddable":true,"href":"https:\/\/eurosdiscounts.com\/index.php\/wp-json\/wp\/v2\/comments?post=5485"}],"wp:featuredmedia":[{"embeddable":true,"href":"https:\/\/eurosdiscounts.com\/index.php\/wp-json\/wp\/v2\/media\/16224"}],"wp:attachment":[{"href":"https:\/\/eurosdiscounts.com\/index.php\/wp-json\/wp\/v2\/media?parent=5485"}],"wp:term":[{"taxonomy":"product_cat","embeddable":true,"href":"https:\/\/eurosdiscounts.com\/index.php\/wp-json\/wp\/v2\/product_cat?post=5485"},{"taxonomy":"product_tag","embeddable":true,"href":"https:\/\/eurosdiscounts.com\/index.php\/wp-json\/wp\/v2\/product_tag?post=5485"}],"curies":[{"name":"wp","href":"https:\/\/api.w.org\/{rel}","templated":true}]}}