{"id":5213,"date":"2019-09-19T13:42:21","date_gmt":"2019-09-19T11:42:21","guid":{"rendered":"https:\/\/smartsdiscount.com\/?post_type=product&amp;p=5213"},"modified":"2019-09-19T13:42:21","modified_gmt":"2019-09-19T11:42:21","slug":"apple-iphone-11-pro-512-go-5-8-vert-nuit","status":"publish","type":"product","link":"https:\/\/eurosdiscounts.com\/index.php\/produit\/apple-iphone-11-pro-512-go-5-8-vert-nuit\/","title":{"rendered":"Apple iPhone 11 Pro 512 Go 5.8&Prime; Vert nuit"},"content":{"rendered":"<header class=\"productStrate__header\">\n<h2 class=\"productStrate__title\">CARACT\u00c9RISTIQUES TECHNIQUES<\/h2>\n<\/header>\n<div class=\"characteristicsStrate__lists\">\n<div class=\"characteristicsStrate__item\">\n<p>Capacit\u00e9 de stockage512 Go<\/p>\n<\/div>\n<div class=\"characteristicsStrate__item characteristicsStrate__item--long \">\n<p>Taille de l&rsquo;\u00e9cran5,8 \u00a0\u00bb Contraste 2\u00a0000\u00a0000:1, Luminosit\u00e9 maximale de 800 nits (standard) ; luminosit\u00e9 maximale de 1 200 nits (HDR)<\/p>\n<\/div>\n<div class=\"characteristicsStrate__item\">\n<p>Autonomie maximale18 heures, 4 heures de plus que l\u2019iPhone XS<\/p>\n<\/div>\n<div class=\"characteristicsStrate__item characteristicsStrate__item--long \">\n<p>Caract\u00e9ristiques compl\u00e9mentairesFormats vid\u00e9o pris en charge\u00a0: HEVC, H.264, MPEG-4 Part\u00a02 et Motion JPEG, Connec\u00adteur Lightning, Cam\u00e9ra TrueDepth, R\u00e9sistance aux \u00e9claboussures, \u00e0 l\u2019eau et \u00e0 la poussi\u00e8re<\/p>\n<\/div>\n<div class=\"characteristicsStrate__item\">\n<p>ProcesseurPuce A13\u00a0Bionic, Neural Engine troisi\u00e8me g\u00e9n\u00e9ration<\/p>\n<\/div>\n<div class=\"characteristicsStrate__item characteristicsStrate__item--long \">\n<p>Fonctions multim\u00e9diaEnregistrement vid\u00e9o\u00a04K \u00e0 24, 30 ou\u00a060\u00a0i\/s, Enregistrement vid\u00e9o HD 1080p \u00e0 30 ou 60 i\/s, GPS\/GNSS int\u00e9gr\u00e9, Boussole num\u00e9rique, Formats audio: AAC-LC, HE-AAC, HE-AAC v2, AAC prot\u00e9g\u00e9, MP3, PCM lin\u00e9aire, Apple Lossless, FLAC, Dolby Digital, Dolby Digital Plus, Dolby Atmos et Audible<\/p>\n<\/div>\n<div class=\"characteristicsStrate__item\">\n<p>Indice DAS T\u00eate en W\/Kg0,99\u00a0W\/kg, cat\u00e9gorie\u00a0C<\/p>\n<\/div>\n<div class=\"characteristicsStrate__item characteristicsStrate__item--long \">\n<p>Type de batterieBatterie lithium\u2011ion rechargeable int\u00e9gr\u00e9e, Recharge sans fil (avec des chargeurs Qi10),Recharge via l\u2019adaptateur secteur ou le port USB d\u2019un ordinateur<\/p>\n<\/div>\n<div class=\"characteristicsStrate__item\">\n<p>Syst\u00e8me d&rsquo;exploitationiOS 13<\/p>\n<\/div>\n<div class=\"characteristicsStrate__item\">\n<p>Disponibilit\u00e9 des pi\u00e8ces d\u00e9tach\u00e9es2 ANS<\/p>\n<\/div>\n<div class=\"characteristicsStrate__item\">\n<p>CouleurVert Nuit<\/p>\n<\/div>\n<div class=\"characteristicsStrate__item\">\n<p>Communication sans filBluetooth 5.0<\/p>\n<p>Wi-Fi 802.11ax avec MIMO\u00a02&#215;2<\/p>\n<p>NFC avec module lecteur<\/p>\n<\/div>\n<div class=\"characteristicsStrate__item\">\n<p>Hauteur du produit144 mm<\/p>\n<\/div>\n<div class=\"characteristicsStrate__item\">\n<p>Largeur du produit71,4 mm<\/p>\n<\/div>\n<div class=\"characteristicsStrate__item\">\n<p>Longueur du produit8,1 mm<\/p>\n<\/div>\n<div class=\"characteristicsStrate__item\">\n<p>Poids du produit188 g<\/p>\n<\/div>\n<div class=\"characteristicsStrate__item\">\n<p>Indice DAS corps0,99\u00a0W\/kg, cat\u00e9gorie\u00a0C<\/p>\n<\/div>\n<\/div>\n","protected":false},"excerpt":{"rendered":"<ul class=\"f-productVariousData-tabs js-articleTabsVariousData\">\n<li class=\"f-productVariousData-tabItem\" data-tabtarget=\"tabProductDetails\"><span class=\"f-productVariousData-tabTitle f-productVariousData-tabTitle--selected\">D\u00e9tails produits<\/span><\/li>\n<\/ul>\n<ul class=\"f-productVariousData-contents\">\n<li id=\"tabProductDetails\" class=\"f-productVariousData-content f-productVariousData-content--active\">\n<table class=\"f-productDetails-table\">\n<tbody>\n<tr class=\"f-productDetails-row\">\n<td class=\"f-productDetails-cell\"><span class=\"f-productDetails-cellValue\">Capacit\u00e9 de stockage<\/span><\/td>\n<td class=\"f-productDetails-cell\"><b class=\"f-productDetails-cellValue\">512 Go<\/b><\/td>\n<\/tr>\n<tr class=\"f-productDetails-row\">\n<td class=\"f-productDetails-cell\"><span class=\"f-productDetails-cellValue\">Taille de l&rsquo;\u00e9cran<\/span><\/td>\n<td class=\"f-productDetails-cell\"><b class=\"f-productDetails-cellValue\">5,8 \u00ab\u00a0<\/b><\/td>\n<\/tr>\n<tr class=\"f-productDetails-row\">\n<td class=\"f-productDetails-cell\"><span class=\"f-productDetails-cellValue\">Syst\u00e8me d&rsquo;exploitation<\/span><\/td>\n<td class=\"f-productDetails-cell\"><b class=\"f-productDetails-cellValue\">iOS<\/b><\/td>\n<\/tr>\n<tr class=\"f-productDetails-row\">\n<td class=\"f-productDetails-cell\"><span class=\"f-productDetails-cellValue\">Couleur<\/span><\/td>\n<td class=\"f-productDetails-cell\"><b class=\"f-productDetails-cellValue\">Vert Nuit<\/b><\/td>\n<\/tr>\n<\/tbody>\n<\/table>\n<\/li>\n<\/ul>\n","protected":false},"featured_media":16249,"comment_status":"open","ping_status":"closed","template":"","meta":[],"product_cat":[156,234],"product_tag":[],"class_list":{"0":"post-5213","1":"product","2":"type-product","3":"status-publish","4":"has-post-thumbnail","6":"product_cat-bons-plans","7":"product_cat-smartphones","9":"first","10":"instock","11":"sale","12":"shipping-taxable","13":"purchasable","14":"product-type-simple","15":"col-xs-6 col-sm-4","16":"col-md-3 col-lg-3","17":"un-4-cols"},"yoast_head":"<!-- This site is optimized with the Yoast SEO plugin v27.0 - https:\/\/yoast.com\/product\/yoast-seo-wordpress\/ -->\n<title>apple-iphone-11-pro-512-go-5-8-vert-nuit<\/title>\n<meta name=\"description\" content=\"Apple iPhone 11 Pro 512 Go 5.8&quot; Vert nuit Autonomie maximale18 heures,Formats vid\u00e9o pris en charge\u00a0: HEVC, H.264, MPEG-4 Part\u00a02 et Motion JPEG\" \/>\n<meta name=\"robots\" content=\"index, follow, max-snippet:-1, max-image-preview:large, max-video-preview:-1\" \/>\n<link rel=\"canonical\" href=\"https:\/\/eurosdiscounts.com\/index.php\/produit\/apple-iphone-11-pro-512-go-5-8-vert-nuit\/\" \/>\n<meta property=\"og:locale\" content=\"fr_FR\" \/>\n<meta property=\"og:type\" content=\"article\" \/>\n<meta property=\"og:title\" content=\"apple-iphone-11-pro-512-go-5-8-vert-nuit\" \/>\n<meta property=\"og:description\" content=\"Apple iPhone 11 Pro 512 Go 5.8&quot; Vert nuit Autonomie maximale18 heures,Formats vid\u00e9o pris en charge\u00a0: HEVC, H.264, MPEG-4 Part\u00a02 et Motion JPEG\" \/>\n<meta property=\"og:url\" content=\"https:\/\/eurosdiscounts.com\/index.php\/produit\/apple-iphone-11-pro-512-go-5-8-vert-nuit\/\" \/>\n<meta property=\"og:site_name\" content=\"Eurosdiscounts.com- Achat sur Internet a prix discount, Canap\u00e9s pas cher, Smartphone pas cher, pc portable pas cher..\" \/>\n<meta property=\"og:image\" content=\"https:\/\/eurosdiscounts.com\/wp-content\/uploads\/2019\/09\/c-337.jpg\" \/>\n\t<meta property=\"og:image:width\" content=\"500\" \/>\n\t<meta property=\"og:image:height\" content=\"500\" \/>\n\t<meta property=\"og:image:type\" content=\"image\/jpeg\" \/>\n<meta name=\"twitter:card\" content=\"summary_large_image\" \/>\n<meta name=\"twitter:label1\" content=\"Dur\u00e9e de lecture estim\u00e9e\" \/>\n\t<meta name=\"twitter:data1\" content=\"1 minute\" \/>\n<script type=\"application\/ld+json\" class=\"yoast-schema-graph\">{\"@context\":\"https:\/\/schema.org\",\"@graph\":[{\"@type\":\"WebPage\",\"@id\":\"https:\/\/eurosdiscounts.com\/index.php\/produit\/apple-iphone-11-pro-512-go-5-8-vert-nuit\/\",\"url\":\"https:\/\/eurosdiscounts.com\/index.php\/produit\/apple-iphone-11-pro-512-go-5-8-vert-nuit\/\",\"name\":\"apple-iphone-11-pro-512-go-5-8-vert-nuit\",\"isPartOf\":{\"@id\":\"https:\/\/eurosdiscounts.com\/#website\"},\"primaryImageOfPage\":{\"@id\":\"https:\/\/eurosdiscounts.com\/index.php\/produit\/apple-iphone-11-pro-512-go-5-8-vert-nuit\/#primaryimage\"},\"image\":{\"@id\":\"https:\/\/eurosdiscounts.com\/index.php\/produit\/apple-iphone-11-pro-512-go-5-8-vert-nuit\/#primaryimage\"},\"thumbnailUrl\":\"https:\/\/eurosdiscounts.com\/wp-content\/uploads\/2019\/09\/c-337.jpg\",\"datePublished\":\"2019-09-19T11:42:21+00:00\",\"description\":\"Apple iPhone 11 Pro 512 Go 5.8\\\" Vert nuit Autonomie maximale18 heures,Formats vid\u00e9o pris en charge\u00a0: HEVC, H.264, MPEG-4 Part\u00a02 et Motion JPEG\",\"breadcrumb\":{\"@id\":\"https:\/\/eurosdiscounts.com\/index.php\/produit\/apple-iphone-11-pro-512-go-5-8-vert-nuit\/#breadcrumb\"},\"inLanguage\":\"fr-FR\",\"potentialAction\":[{\"@type\":\"ReadAction\",\"target\":[\"https:\/\/eurosdiscounts.com\/index.php\/produit\/apple-iphone-11-pro-512-go-5-8-vert-nuit\/\"]}]},{\"@type\":\"ImageObject\",\"inLanguage\":\"fr-FR\",\"@id\":\"https:\/\/eurosdiscounts.com\/index.php\/produit\/apple-iphone-11-pro-512-go-5-8-vert-nuit\/#primaryimage\",\"url\":\"https:\/\/eurosdiscounts.com\/wp-content\/uploads\/2019\/09\/c-337.jpg\",\"contentUrl\":\"https:\/\/eurosdiscounts.com\/wp-content\/uploads\/2019\/09\/c-337.jpg\",\"width\":500,\"height\":500},{\"@type\":\"BreadcrumbList\",\"@id\":\"https:\/\/eurosdiscounts.com\/index.php\/produit\/apple-iphone-11-pro-512-go-5-8-vert-nuit\/#breadcrumb\",\"itemListElement\":[{\"@type\":\"ListItem\",\"position\":1,\"name\":\"Accueil\",\"item\":\"https:\/\/eurosdiscounts.com\/\"},{\"@type\":\"ListItem\",\"position\":2,\"name\":\"Boutique\",\"item\":\"https:\/\/eurosdiscounts.com\/index.php\/boutique\/\"},{\"@type\":\"ListItem\",\"position\":3,\"name\":\"Apple iPhone 11 Pro 512 Go 5.8&Prime; Vert nuit\"}]},{\"@type\":\"WebSite\",\"@id\":\"https:\/\/eurosdiscounts.com\/#website\",\"url\":\"https:\/\/eurosdiscounts.com\/\",\"name\":\"Eurosdiscounts.com- Achat sur Internet a prix discount, Canap\u00e9s pas cher, Smartphone pas cher, pc portable pas cher..\",\"description\":\"Eurosdiscounts.com- Achat sur Internet a prix discount, Canap\u00e9s pas cher, Smartphone pas cher, pc portable pas cher..\",\"potentialAction\":[{\"@type\":\"SearchAction\",\"target\":{\"@type\":\"EntryPoint\",\"urlTemplate\":\"https:\/\/eurosdiscounts.com\/?s={search_term_string}\"},\"query-input\":{\"@type\":\"PropertyValueSpecification\",\"valueRequired\":true,\"valueName\":\"search_term_string\"}}],\"inLanguage\":\"fr-FR\"}]}<\/script>\n<!-- \/ Yoast SEO plugin. -->","yoast_head_json":{"title":"apple-iphone-11-pro-512-go-5-8-vert-nuit","description":"Apple iPhone 11 Pro 512 Go 5.8\" Vert nuit Autonomie maximale18 heures,Formats vid\u00e9o pris en charge\u00a0: HEVC, H.264, MPEG-4 Part\u00a02 et Motion JPEG","robots":{"index":"index","follow":"follow","max-snippet":"max-snippet:-1","max-image-preview":"max-image-preview:large","max-video-preview":"max-video-preview:-1"},"canonical":"https:\/\/eurosdiscounts.com\/index.php\/produit\/apple-iphone-11-pro-512-go-5-8-vert-nuit\/","og_locale":"fr_FR","og_type":"article","og_title":"apple-iphone-11-pro-512-go-5-8-vert-nuit","og_description":"Apple iPhone 11 Pro 512 Go 5.8\" Vert nuit Autonomie maximale18 heures,Formats vid\u00e9o pris en charge\u00a0: HEVC, H.264, MPEG-4 Part\u00a02 et Motion JPEG","og_url":"https:\/\/eurosdiscounts.com\/index.php\/produit\/apple-iphone-11-pro-512-go-5-8-vert-nuit\/","og_site_name":"Eurosdiscounts.com- Achat sur Internet a prix discount, Canap\u00e9s pas cher, Smartphone pas cher, pc portable pas cher..","og_image":[{"width":500,"height":500,"url":"https:\/\/eurosdiscounts.com\/wp-content\/uploads\/2019\/09\/c-337.jpg","type":"image\/jpeg"}],"twitter_card":"summary_large_image","twitter_misc":{"Dur\u00e9e de lecture estim\u00e9e":"1 minute"},"schema":{"@context":"https:\/\/schema.org","@graph":[{"@type":"WebPage","@id":"https:\/\/eurosdiscounts.com\/index.php\/produit\/apple-iphone-11-pro-512-go-5-8-vert-nuit\/","url":"https:\/\/eurosdiscounts.com\/index.php\/produit\/apple-iphone-11-pro-512-go-5-8-vert-nuit\/","name":"apple-iphone-11-pro-512-go-5-8-vert-nuit","isPartOf":{"@id":"https:\/\/eurosdiscounts.com\/#website"},"primaryImageOfPage":{"@id":"https:\/\/eurosdiscounts.com\/index.php\/produit\/apple-iphone-11-pro-512-go-5-8-vert-nuit\/#primaryimage"},"image":{"@id":"https:\/\/eurosdiscounts.com\/index.php\/produit\/apple-iphone-11-pro-512-go-5-8-vert-nuit\/#primaryimage"},"thumbnailUrl":"https:\/\/eurosdiscounts.com\/wp-content\/uploads\/2019\/09\/c-337.jpg","datePublished":"2019-09-19T11:42:21+00:00","description":"Apple iPhone 11 Pro 512 Go 5.8\" Vert nuit Autonomie maximale18 heures,Formats vid\u00e9o pris en charge\u00a0: HEVC, H.264, MPEG-4 Part\u00a02 et Motion JPEG","breadcrumb":{"@id":"https:\/\/eurosdiscounts.com\/index.php\/produit\/apple-iphone-11-pro-512-go-5-8-vert-nuit\/#breadcrumb"},"inLanguage":"fr-FR","potentialAction":[{"@type":"ReadAction","target":["https:\/\/eurosdiscounts.com\/index.php\/produit\/apple-iphone-11-pro-512-go-5-8-vert-nuit\/"]}]},{"@type":"ImageObject","inLanguage":"fr-FR","@id":"https:\/\/eurosdiscounts.com\/index.php\/produit\/apple-iphone-11-pro-512-go-5-8-vert-nuit\/#primaryimage","url":"https:\/\/eurosdiscounts.com\/wp-content\/uploads\/2019\/09\/c-337.jpg","contentUrl":"https:\/\/eurosdiscounts.com\/wp-content\/uploads\/2019\/09\/c-337.jpg","width":500,"height":500},{"@type":"BreadcrumbList","@id":"https:\/\/eurosdiscounts.com\/index.php\/produit\/apple-iphone-11-pro-512-go-5-8-vert-nuit\/#breadcrumb","itemListElement":[{"@type":"ListItem","position":1,"name":"Accueil","item":"https:\/\/eurosdiscounts.com\/"},{"@type":"ListItem","position":2,"name":"Boutique","item":"https:\/\/eurosdiscounts.com\/index.php\/boutique\/"},{"@type":"ListItem","position":3,"name":"Apple iPhone 11 Pro 512 Go 5.8&Prime; Vert nuit"}]},{"@type":"WebSite","@id":"https:\/\/eurosdiscounts.com\/#website","url":"https:\/\/eurosdiscounts.com\/","name":"Eurosdiscounts.com- Achat sur Internet a prix discount, Canap\u00e9s pas cher, Smartphone pas cher, pc portable pas cher..","description":"Eurosdiscounts.com- Achat sur Internet a prix discount, Canap\u00e9s pas cher, Smartphone pas cher, pc portable pas cher..","potentialAction":[{"@type":"SearchAction","target":{"@type":"EntryPoint","urlTemplate":"https:\/\/eurosdiscounts.com\/?s={search_term_string}"},"query-input":{"@type":"PropertyValueSpecification","valueRequired":true,"valueName":"search_term_string"}}],"inLanguage":"fr-FR"}]}},"_links":{"self":[{"href":"https:\/\/eurosdiscounts.com\/index.php\/wp-json\/wp\/v2\/product\/5213","targetHints":{"allow":["GET"]}}],"collection":[{"href":"https:\/\/eurosdiscounts.com\/index.php\/wp-json\/wp\/v2\/product"}],"about":[{"href":"https:\/\/eurosdiscounts.com\/index.php\/wp-json\/wp\/v2\/types\/product"}],"replies":[{"embeddable":true,"href":"https:\/\/eurosdiscounts.com\/index.php\/wp-json\/wp\/v2\/comments?post=5213"}],"wp:featuredmedia":[{"embeddable":true,"href":"https:\/\/eurosdiscounts.com\/index.php\/wp-json\/wp\/v2\/media\/16249"}],"wp:attachment":[{"href":"https:\/\/eurosdiscounts.com\/index.php\/wp-json\/wp\/v2\/media?parent=5213"}],"wp:term":[{"taxonomy":"product_cat","embeddable":true,"href":"https:\/\/eurosdiscounts.com\/index.php\/wp-json\/wp\/v2\/product_cat?post=5213"},{"taxonomy":"product_tag","embeddable":true,"href":"https:\/\/eurosdiscounts.com\/index.php\/wp-json\/wp\/v2\/product_tag?post=5213"}],"curies":[{"name":"wp","href":"https:\/\/api.w.org\/{rel}","templated":true}]}}