{"id":4815,"date":"2019-09-15T20:35:40","date_gmt":"2019-09-15T18:35:40","guid":{"rendered":"https:\/\/smartsdiscount.com\/?post_type=product&amp;p=4815"},"modified":"2019-09-15T20:35:40","modified_gmt":"2019-09-15T18:35:40","slug":"velo-dappartement-hauteur-reglable-velo-dinterieur-capacite-de-charge-120-kg-pour-fitness-musculation-velo-de-fitness","status":"publish","type":"product","link":"https:\/\/eurosdiscounts.com\/index.php\/produit\/velo-dappartement-hauteur-reglable-velo-dinterieur-capacite-de-charge-120-kg-pour-fitness-musculation-velo-de-fitness\/","title":{"rendered":"V\u00e9lo d\u2019Appartement Hauteur R\u00e9glable V\u00e9lo d\u2019Int\u00e9rieur Capacit\u00e9 de Charge 120 KG pour Fitness Musculation V\u00e9lo de Fitness"},"content":{"rendered":"<div id=\"presTitle\" class=\"fpCat testSep\">\n<div class=\"fpCatTitle\">Pr\u00e9sentation produit : V\u00e9lo d\u2019Appartement Hauteur R\u00e9glable V\u00e9lo d\u2019Int\u00e9rieur Capacit\u00e9 de Charge 120 KG pour Fitness Musculation V\u00e9lo de Fitness<\/div>\n<\/div>\n<div id=\"presContent\" class=\"fpBlk testSep extCode\">\n<div id=\"ccs-inline-content\"><\/div>\n<div id=\"flix-inpage\">\n<div id=\"flixinpage_1568572215851\"><\/div>\n<\/div>\n<p><b>Attributs :<\/b><\/p>\n<p>\u3010Structure decadre de haute qualit\u00e9\u3011Le v\u00e9lo d\u2019appartement est fait de mat\u00e9riaux lourdstels que de l&rsquo;acier de haute qualit\u00e9, la structure du cadre est assez stable etla peinture en poudre blanche de surface garantit une meilleure utilisation.<\/p>\n<p>\u3010Ecran num\u00e9riquefonctionnel\u3011Ce v\u00e9lo d\u2019appartement est \u00e9quip\u00e9 d&rsquo;un \u00e9cran\u00e9lectronique qui affiche la vitesse, le temps, la distance, la Caroline, lescapacit\u00e9s de num\u00e9risation, etc., pour vous permettre de mieux profiter duprocessus d&rsquo;exercice.<\/p>\n<p>\u3010Grande capacit\u00e9de poids\u3011Ce v\u00e9lo d\u2019appartement vous permet d&rsquo;exercer bien m\u00eame\u00e0 l&rsquo;int\u00e9rieur, a une bonne capacit\u00e9 de poids et vous pouvez l&rsquo;utiliser en touteconfiance pour faire de l&rsquo;exercice.<\/p>\n<p>\u3010Conceptionergonomique\u3011La conception de ce v\u00e9lo d\u2019appartement est tr\u00e8sergonomique, les poign\u00e9es confortables et s\u00fbres et les p\u00e9dales garantissent leconfort et la s\u00e9curit\u00e9 de votre utilisation.<\/p>\n<p>\u3010La hauteur dusi\u00e8ge peut \u00eatre ajust\u00e9e\u3011La hauteur du si\u00e8ge de ce v\u00e9lo d\u2019appartement peut \u00eatreajust\u00e9e de mani\u00e8re appropri\u00e9e afin que vous puissiez l&rsquo;ajuster \u00e0 la hauteur quivous convient le mieux.<\/p>\n<p>&nbsp;<\/p>\n<p><b>Description :<\/b><\/p>\n<p>Ce v\u00e9lo d\u2019appartement, qui peut \u00eatre plac\u00e9 \u00e0 l&rsquo;int\u00e9rieur, est une bonneaide \u00e0 l&rsquo;exercice physique, fait de mat\u00e9riaux de haute qualit\u00e9, la structure decadre en acier est stable et durable, la hauteur du si\u00e8ge peut \u00eatre ajust\u00e9e, laconception de poign\u00e9e humanis\u00e9e et la conception de p\u00e9dale garantissent leconfort et la s\u00e9curit\u00e9 lors de l&rsquo;utilisation, ce qui vous permet de mieuxprofiter de l&rsquo;exercice. Les tableaux d&rsquo;affichage \u00e9lectroniques affichent lavitesse, le temps, la distance, la Caroline, les capacit\u00e9s de num\u00e9risation etune conception plus moderne pour r\u00e9pondre \u00e0 vos besoins. Si vous \u00eates int\u00e9ress\u00e9par nos produits, n&rsquo; h\u00e9sitez pas \u00e0 les acheter.<\/p>\n<p>&nbsp;<\/p>\n<p><b>Caract\u00e9risques :<\/b><\/p>\n<p>La structure en acier de ce v\u00e9lo d\u2019appartement est tr\u00e8s stable etdurable.<\/p>\n<p>Le si\u00e8ge de ce v\u00e9lo d\u2019appartement est doux et confortable et la hauteurpeut \u00eatre ajust\u00e9e.<\/p>\n<p>La poign\u00e9e et la conception de p\u00e9dale de ce v\u00e9lo d\u2019appartement sont tr\u00e8shumaines.<\/p>\n<p>Pied r\u00e9glable sangles peuvent vous garder stable et \u00e9quilibr\u00e9e au coursde l\u2019exercice.<\/p>\n<p>La montre \u00e9lectronique peut afficher le temps, les calories, la vitesse,etc.<\/p>\n<p>Avec une bonne capacit\u00e9 de poids, vous pouvez l&rsquo;utiliser en touteconfiance.<\/p>\n<p>C&rsquo;est une bonne aide pour votre exercice.<\/p>\n<p>&nbsp;<\/p>\n<p><b>Sp\u00e9cifications :<\/b><\/p>\n<p>Mat\u00e9riau : acier, PP<\/p>\n<p>Dimension : 70 x 46 x 10,3 cm (L x l x H)<\/p>\n<p>Poids : 11 kg<\/p>\n<p>Couleur : violet et blanc<\/p>\n<p>Poids abordable : 120 kg<\/p>\n<p>&nbsp;<\/p>\n<p><b>Livraison :<\/b><\/p>\n<p>1 x V\u00e9lo d\u2019appartement<\/p>\n<p>1 x Manuel<\/p>\n<\/div>\n","protected":false},"excerpt":{"rendered":"<p>Caract\u00e9risques : D\u00e9p\u00f4t en Allemagne. La structure en acier de ce v\u00e9lo d\u2019appartement est tr\u00e8s stable et durable.\uff5c Le si\u00e8ge de ce v\u00e9lo d\u2019appartement est confortable et la hauteur peut \u00eatre ajust\u00e9e.\uff5c La poign\u00e9e et la conception de p\u00e9dale de ce v\u00e9lo sont tr\u00e8s humaines.\uff5c Pied r\u00e9glable sangles peuvent vous garder stable\uff5c La montre \u00e9lectronique peut afficher le temps, les calories, la vitesse, etc.<\/p>\n","protected":false},"featured_media":15052,"comment_status":"open","ping_status":"closed","template":"","meta":[],"product_cat":[156,223],"product_tag":[],"class_list":{"0":"post-4815","1":"product","2":"type-product","3":"status-publish","4":"has-post-thumbnail","6":"product_cat-bons-plans","7":"product_cat-fitness-et-musculation","9":"first","10":"instock","11":"sale","12":"shipping-taxable","13":"purchasable","14":"product-type-simple","15":"col-xs-6 col-sm-4","16":"col-md-3 col-lg-3","17":"un-4-cols"},"yoast_head":"<!-- This site is optimized with the Yoast SEO plugin v27.0 - https:\/\/yoast.com\/product\/yoast-seo-wordpress\/ -->\n<title>velo-dappartement-hauteur-reglable-velo-dinterieur-capacite-de-charge<\/title>\n<meta name=\"description\" content=\"velo-dappartement-hauteur-reglable-velo-dinterieur-capacite-de-charge-120-kg-pour-fitness-musculation-velo-de-fitness tr\u00e8s bon pour la musculation.\" \/>\n<meta name=\"robots\" content=\"index, follow, max-snippet:-1, max-image-preview:large, max-video-preview:-1\" \/>\n<link rel=\"canonical\" href=\"https:\/\/eurosdiscounts.com\/index.php\/produit\/velo-dappartement-hauteur-reglable-velo-dinterieur-capacite-de-charge-120-kg-pour-fitness-musculation-velo-de-fitness\/\" \/>\n<meta property=\"og:locale\" content=\"fr_FR\" \/>\n<meta property=\"og:type\" content=\"article\" \/>\n<meta property=\"og:title\" content=\"velo-dappartement-hauteur-reglable-velo-dinterieur-capacite-de-charge\" \/>\n<meta property=\"og:description\" content=\"velo-dappartement-hauteur-reglable-velo-dinterieur-capacite-de-charge-120-kg-pour-fitness-musculation-velo-de-fitness tr\u00e8s bon pour la musculation.\" \/>\n<meta property=\"og:url\" content=\"https:\/\/eurosdiscounts.com\/index.php\/produit\/velo-dappartement-hauteur-reglable-velo-dinterieur-capacite-de-charge-120-kg-pour-fitness-musculation-velo-de-fitness\/\" \/>\n<meta property=\"og:site_name\" content=\"Eurosdiscounts.com- Achat sur Internet a prix discount, Canap\u00e9s pas cher, Smartphone pas cher, pc portable pas cher..\" \/>\n<meta property=\"og:image\" content=\"https:\/\/eurosdiscounts.com\/wp-content\/uploads\/2019\/09\/c-247.jpg\" \/>\n\t<meta property=\"og:image:width\" content=\"700\" \/>\n\t<meta property=\"og:image:height\" content=\"700\" \/>\n\t<meta property=\"og:image:type\" content=\"image\/jpeg\" \/>\n<meta name=\"twitter:card\" content=\"summary_large_image\" \/>\n<meta name=\"twitter:label1\" content=\"Dur\u00e9e de lecture estim\u00e9e\" \/>\n\t<meta name=\"twitter:data1\" content=\"2 minutes\" \/>\n<script type=\"application\/ld+json\" class=\"yoast-schema-graph\">{\"@context\":\"https:\/\/schema.org\",\"@graph\":[{\"@type\":\"WebPage\",\"@id\":\"https:\/\/eurosdiscounts.com\/index.php\/produit\/velo-dappartement-hauteur-reglable-velo-dinterieur-capacite-de-charge-120-kg-pour-fitness-musculation-velo-de-fitness\/\",\"url\":\"https:\/\/eurosdiscounts.com\/index.php\/produit\/velo-dappartement-hauteur-reglable-velo-dinterieur-capacite-de-charge-120-kg-pour-fitness-musculation-velo-de-fitness\/\",\"name\":\"velo-dappartement-hauteur-reglable-velo-dinterieur-capacite-de-charge\",\"isPartOf\":{\"@id\":\"https:\/\/eurosdiscounts.com\/#website\"},\"primaryImageOfPage\":{\"@id\":\"https:\/\/eurosdiscounts.com\/index.php\/produit\/velo-dappartement-hauteur-reglable-velo-dinterieur-capacite-de-charge-120-kg-pour-fitness-musculation-velo-de-fitness\/#primaryimage\"},\"image\":{\"@id\":\"https:\/\/eurosdiscounts.com\/index.php\/produit\/velo-dappartement-hauteur-reglable-velo-dinterieur-capacite-de-charge-120-kg-pour-fitness-musculation-velo-de-fitness\/#primaryimage\"},\"thumbnailUrl\":\"https:\/\/eurosdiscounts.com\/wp-content\/uploads\/2019\/09\/c-247.jpg\",\"datePublished\":\"2019-09-15T18:35:40+00:00\",\"description\":\"velo-dappartement-hauteur-reglable-velo-dinterieur-capacite-de-charge-120-kg-pour-fitness-musculation-velo-de-fitness tr\u00e8s bon pour la musculation.\",\"breadcrumb\":{\"@id\":\"https:\/\/eurosdiscounts.com\/index.php\/produit\/velo-dappartement-hauteur-reglable-velo-dinterieur-capacite-de-charge-120-kg-pour-fitness-musculation-velo-de-fitness\/#breadcrumb\"},\"inLanguage\":\"fr-FR\",\"potentialAction\":[{\"@type\":\"ReadAction\",\"target\":[\"https:\/\/eurosdiscounts.com\/index.php\/produit\/velo-dappartement-hauteur-reglable-velo-dinterieur-capacite-de-charge-120-kg-pour-fitness-musculation-velo-de-fitness\/\"]}]},{\"@type\":\"ImageObject\",\"inLanguage\":\"fr-FR\",\"@id\":\"https:\/\/eurosdiscounts.com\/index.php\/produit\/velo-dappartement-hauteur-reglable-velo-dinterieur-capacite-de-charge-120-kg-pour-fitness-musculation-velo-de-fitness\/#primaryimage\",\"url\":\"https:\/\/eurosdiscounts.com\/wp-content\/uploads\/2019\/09\/c-247.jpg\",\"contentUrl\":\"https:\/\/eurosdiscounts.com\/wp-content\/uploads\/2019\/09\/c-247.jpg\",\"width\":700,\"height\":700},{\"@type\":\"BreadcrumbList\",\"@id\":\"https:\/\/eurosdiscounts.com\/index.php\/produit\/velo-dappartement-hauteur-reglable-velo-dinterieur-capacite-de-charge-120-kg-pour-fitness-musculation-velo-de-fitness\/#breadcrumb\",\"itemListElement\":[{\"@type\":\"ListItem\",\"position\":1,\"name\":\"Accueil\",\"item\":\"https:\/\/eurosdiscounts.com\/\"},{\"@type\":\"ListItem\",\"position\":2,\"name\":\"Boutique\",\"item\":\"https:\/\/eurosdiscounts.com\/index.php\/boutique\/\"},{\"@type\":\"ListItem\",\"position\":3,\"name\":\"V\u00e9lo d\u2019Appartement Hauteur R\u00e9glable V\u00e9lo d\u2019Int\u00e9rieur Capacit\u00e9 de Charge 120 KG pour Fitness Musculation V\u00e9lo de Fitness\"}]},{\"@type\":\"WebSite\",\"@id\":\"https:\/\/eurosdiscounts.com\/#website\",\"url\":\"https:\/\/eurosdiscounts.com\/\",\"name\":\"Eurosdiscounts.com- Achat sur Internet a prix discount, Canap\u00e9s pas cher, Smartphone pas cher, pc portable pas cher..\",\"description\":\"Eurosdiscounts.com- Achat sur Internet a prix discount, Canap\u00e9s pas cher, Smartphone pas cher, pc portable pas cher..\",\"potentialAction\":[{\"@type\":\"SearchAction\",\"target\":{\"@type\":\"EntryPoint\",\"urlTemplate\":\"https:\/\/eurosdiscounts.com\/?s={search_term_string}\"},\"query-input\":{\"@type\":\"PropertyValueSpecification\",\"valueRequired\":true,\"valueName\":\"search_term_string\"}}],\"inLanguage\":\"fr-FR\"}]}<\/script>\n<!-- \/ Yoast SEO plugin. -->","yoast_head_json":{"title":"velo-dappartement-hauteur-reglable-velo-dinterieur-capacite-de-charge","description":"velo-dappartement-hauteur-reglable-velo-dinterieur-capacite-de-charge-120-kg-pour-fitness-musculation-velo-de-fitness tr\u00e8s bon pour la musculation.","robots":{"index":"index","follow":"follow","max-snippet":"max-snippet:-1","max-image-preview":"max-image-preview:large","max-video-preview":"max-video-preview:-1"},"canonical":"https:\/\/eurosdiscounts.com\/index.php\/produit\/velo-dappartement-hauteur-reglable-velo-dinterieur-capacite-de-charge-120-kg-pour-fitness-musculation-velo-de-fitness\/","og_locale":"fr_FR","og_type":"article","og_title":"velo-dappartement-hauteur-reglable-velo-dinterieur-capacite-de-charge","og_description":"velo-dappartement-hauteur-reglable-velo-dinterieur-capacite-de-charge-120-kg-pour-fitness-musculation-velo-de-fitness tr\u00e8s bon pour la musculation.","og_url":"https:\/\/eurosdiscounts.com\/index.php\/produit\/velo-dappartement-hauteur-reglable-velo-dinterieur-capacite-de-charge-120-kg-pour-fitness-musculation-velo-de-fitness\/","og_site_name":"Eurosdiscounts.com- Achat sur Internet a prix discount, Canap\u00e9s pas cher, Smartphone pas cher, pc portable pas cher..","og_image":[{"width":700,"height":700,"url":"https:\/\/eurosdiscounts.com\/wp-content\/uploads\/2019\/09\/c-247.jpg","type":"image\/jpeg"}],"twitter_card":"summary_large_image","twitter_misc":{"Dur\u00e9e de lecture estim\u00e9e":"2 minutes"},"schema":{"@context":"https:\/\/schema.org","@graph":[{"@type":"WebPage","@id":"https:\/\/eurosdiscounts.com\/index.php\/produit\/velo-dappartement-hauteur-reglable-velo-dinterieur-capacite-de-charge-120-kg-pour-fitness-musculation-velo-de-fitness\/","url":"https:\/\/eurosdiscounts.com\/index.php\/produit\/velo-dappartement-hauteur-reglable-velo-dinterieur-capacite-de-charge-120-kg-pour-fitness-musculation-velo-de-fitness\/","name":"velo-dappartement-hauteur-reglable-velo-dinterieur-capacite-de-charge","isPartOf":{"@id":"https:\/\/eurosdiscounts.com\/#website"},"primaryImageOfPage":{"@id":"https:\/\/eurosdiscounts.com\/index.php\/produit\/velo-dappartement-hauteur-reglable-velo-dinterieur-capacite-de-charge-120-kg-pour-fitness-musculation-velo-de-fitness\/#primaryimage"},"image":{"@id":"https:\/\/eurosdiscounts.com\/index.php\/produit\/velo-dappartement-hauteur-reglable-velo-dinterieur-capacite-de-charge-120-kg-pour-fitness-musculation-velo-de-fitness\/#primaryimage"},"thumbnailUrl":"https:\/\/eurosdiscounts.com\/wp-content\/uploads\/2019\/09\/c-247.jpg","datePublished":"2019-09-15T18:35:40+00:00","description":"velo-dappartement-hauteur-reglable-velo-dinterieur-capacite-de-charge-120-kg-pour-fitness-musculation-velo-de-fitness tr\u00e8s bon pour la musculation.","breadcrumb":{"@id":"https:\/\/eurosdiscounts.com\/index.php\/produit\/velo-dappartement-hauteur-reglable-velo-dinterieur-capacite-de-charge-120-kg-pour-fitness-musculation-velo-de-fitness\/#breadcrumb"},"inLanguage":"fr-FR","potentialAction":[{"@type":"ReadAction","target":["https:\/\/eurosdiscounts.com\/index.php\/produit\/velo-dappartement-hauteur-reglable-velo-dinterieur-capacite-de-charge-120-kg-pour-fitness-musculation-velo-de-fitness\/"]}]},{"@type":"ImageObject","inLanguage":"fr-FR","@id":"https:\/\/eurosdiscounts.com\/index.php\/produit\/velo-dappartement-hauteur-reglable-velo-dinterieur-capacite-de-charge-120-kg-pour-fitness-musculation-velo-de-fitness\/#primaryimage","url":"https:\/\/eurosdiscounts.com\/wp-content\/uploads\/2019\/09\/c-247.jpg","contentUrl":"https:\/\/eurosdiscounts.com\/wp-content\/uploads\/2019\/09\/c-247.jpg","width":700,"height":700},{"@type":"BreadcrumbList","@id":"https:\/\/eurosdiscounts.com\/index.php\/produit\/velo-dappartement-hauteur-reglable-velo-dinterieur-capacite-de-charge-120-kg-pour-fitness-musculation-velo-de-fitness\/#breadcrumb","itemListElement":[{"@type":"ListItem","position":1,"name":"Accueil","item":"https:\/\/eurosdiscounts.com\/"},{"@type":"ListItem","position":2,"name":"Boutique","item":"https:\/\/eurosdiscounts.com\/index.php\/boutique\/"},{"@type":"ListItem","position":3,"name":"V\u00e9lo d\u2019Appartement Hauteur R\u00e9glable V\u00e9lo d\u2019Int\u00e9rieur Capacit\u00e9 de Charge 120 KG pour Fitness Musculation V\u00e9lo de Fitness"}]},{"@type":"WebSite","@id":"https:\/\/eurosdiscounts.com\/#website","url":"https:\/\/eurosdiscounts.com\/","name":"Eurosdiscounts.com- Achat sur Internet a prix discount, Canap\u00e9s pas cher, Smartphone pas cher, pc portable pas cher..","description":"Eurosdiscounts.com- Achat sur Internet a prix discount, Canap\u00e9s pas cher, Smartphone pas cher, pc portable pas cher..","potentialAction":[{"@type":"SearchAction","target":{"@type":"EntryPoint","urlTemplate":"https:\/\/eurosdiscounts.com\/?s={search_term_string}"},"query-input":{"@type":"PropertyValueSpecification","valueRequired":true,"valueName":"search_term_string"}}],"inLanguage":"fr-FR"}]}},"_links":{"self":[{"href":"https:\/\/eurosdiscounts.com\/index.php\/wp-json\/wp\/v2\/product\/4815","targetHints":{"allow":["GET"]}}],"collection":[{"href":"https:\/\/eurosdiscounts.com\/index.php\/wp-json\/wp\/v2\/product"}],"about":[{"href":"https:\/\/eurosdiscounts.com\/index.php\/wp-json\/wp\/v2\/types\/product"}],"replies":[{"embeddable":true,"href":"https:\/\/eurosdiscounts.com\/index.php\/wp-json\/wp\/v2\/comments?post=4815"}],"wp:featuredmedia":[{"embeddable":true,"href":"https:\/\/eurosdiscounts.com\/index.php\/wp-json\/wp\/v2\/media\/15052"}],"wp:attachment":[{"href":"https:\/\/eurosdiscounts.com\/index.php\/wp-json\/wp\/v2\/media?parent=4815"}],"wp:term":[{"taxonomy":"product_cat","embeddable":true,"href":"https:\/\/eurosdiscounts.com\/index.php\/wp-json\/wp\/v2\/product_cat?post=4815"},{"taxonomy":"product_tag","embeddable":true,"href":"https:\/\/eurosdiscounts.com\/index.php\/wp-json\/wp\/v2\/product_tag?post=4815"}],"curies":[{"name":"wp","href":"https:\/\/api.w.org\/{rel}","templated":true}]}}