{"id":4262,"date":"2019-09-14T13:49:07","date_gmt":"2019-09-14T11:49:07","guid":{"rendered":"https:\/\/smartsdiscount.com\/?post_type=product&amp;p=4262"},"modified":"2019-09-14T13:49:07","modified_gmt":"2019-09-14T11:49:07","slug":"scoop-canape-dangle-gauche-fixe-4-places-tissu-gris-fonce-contemporain-l-259-x-p-182-cm","status":"publish","type":"product","link":"https:\/\/eurosdiscounts.com\/index.php\/produit\/scoop-canape-dangle-gauche-fixe-4-places-tissu-gris-fonce-contemporain-l-259-x-p-182-cm\/","title":{"rendered":"SCOOP Canap\u00e9 d&rsquo;angle gauche fixe 4 places &#8211; Tissu gris fonc\u00e9 &#8211; Contemporain &#8211; L 259 x P 182 cm"},"content":{"rendered":"<p><span class=\"fpBlocTitle\">Les points forts :<\/span><\/p>\n<ul>\n<li>Canap\u00e9 d\u2019angle gauche \u2013 Fixe<\/li>\n<li>A gauche (vue de face)<\/li>\n<li>Dimensions : L 259 x P 182 x H 80 cm<\/li>\n<li>Densit\u00e9 \u2013 assise : 35 kg\/m3<\/li>\n<li>Gris fonc\u00e9<\/li>\n<li>Grande m\u00e9ridienne pour un confort optimal, Sobre et \u00e9l\u00e9gant<\/li>\n<\/ul>\n<p>&nbsp;<\/p>\n","protected":false},"excerpt":{"rendered":"<table class=\"fpDescTb fpDescTbPub\">\n<tbody>\n<tr>\n<th colspan=\"2\">INFORMATIONS G\u00c9N\u00c9RALES SUR LE PRODUIT<\/th>\n<\/tr>\n<tr>\n<td>Nom du produit<\/td>\n<td>SCOOP Canap\u00e9 d\u2019angle gauche fixe 4 places \u2013 Tissu<\/td>\n<\/tr>\n<tr>\n<td>Cat\u00e9gorie<\/td>\n<td>CANAP\u00c9 \u2013 SOFA \u2013 DIVAN<\/td>\n<\/tr>\n<tr>\n<th colspan=\"2\">G\u00c9N\u00c9RAL<\/th>\n<\/tr>\n<tr>\n<td>Marque<\/td>\n<td>AUCUNE<\/td>\n<\/tr>\n<tr>\n<td>Type de Produit<\/td>\n<td>Canap\u00e9 d\u2019angle gauche<\/td>\n<\/tr>\n<tr>\n<td>Mod\u00e8les<\/td>\n<td>SCOOP<\/td>\n<\/tr>\n<tr>\n<td>Style<\/td>\n<td>Contemporain<\/td>\n<\/tr>\n<tr>\n<td>Type de canap\u00e9<\/td>\n<td>Fixe<\/td>\n<\/tr>\n<tr>\n<td>Forme du canap\u00e9<\/td>\n<td>Angle<\/td>\n<\/tr>\n<tr>\n<td>Type d\u2019angle<\/td>\n<td>A gauche (vue de face)<\/td>\n<\/tr>\n<tr>\n<td>Type de pi\u00e8ce<\/td>\n<td>Salon<\/td>\n<\/tr>\n<tr>\n<td>Couleur(s)<\/td>\n<td>Gris fonc\u00e9<\/td>\n<\/tr>\n<tr>\n<td>Motif<\/td>\n<td>Uni<\/td>\n<\/tr>\n<tr>\n<td>Mati\u00e8re de la structure<\/td>\n<td>Panneaux de particules<br \/>\nPieds en m\u00e9tal<\/td>\n<\/tr>\n<tr>\n<td>Poids (Jusqu\u2019\u00e0)<\/td>\n<td>250 kg<\/td>\n<\/tr>\n<tr>\n<td>Utilisation<\/td>\n<td>Int\u00e9rieur<\/td>\n<\/tr>\n<tr>\n<td>Plus produit<\/td>\n<td>Grande m\u00e9ridienne pour un confort optimal<br \/>\nSobre et \u00e9l\u00e9gant<br \/>\nT\u00eati\u00e8res et accoudoirs relevables<br \/>\nPieds en acier chrom\u00e9<br \/>\nLivr\u00e9 avec 2 coussins d\u00e9co ton sur ton<\/td>\n<\/tr>\n<tr>\n<td>Finition<\/td>\n<td>Tissu<\/td>\n<\/tr>\n<tr>\n<th colspan=\"2\">DIMENSIONS ET POIDS<\/th>\n<\/tr>\n<tr>\n<td>Dimensions<\/td>\n<td>L 259 x P 182 x H 80 cm<\/td>\n<\/tr>\n<tr>\n<td>Poids net<\/td>\n<td>77,5 kg<\/td>\n<\/tr>\n<tr>\n<th colspan=\"2\">CARACT\u00c9RISTIQUES<\/th>\n<\/tr>\n<tr>\n<td>Nombre de places<\/td>\n<td>4 places<\/td>\n<\/tr>\n<tr>\n<td>Hauteur<\/td>\n<td>80 cm<\/td>\n<\/tr>\n<tr>\n<td>Dimensions \u2013 assise<\/td>\n<td>L 165 x P 56 x H 44 cm<\/td>\n<\/tr>\n<tr>\n<td>Longueur de l\u2019assise<\/td>\n<td>165 cm<\/td>\n<\/tr>\n<tr>\n<td>Profondeur de l\u2019assise<\/td>\n<td>56 cm<\/td>\n<\/tr>\n<tr>\n<td>Hauteur \u2013 assise<\/td>\n<td>44 cm<\/td>\n<\/tr>\n<tr>\n<td>Hauteur du dossier<\/td>\n<td>48 cm<\/td>\n<\/tr>\n<tr>\n<td>Nombre de pieds<\/td>\n<td>8 pieds<\/td>\n<\/tr>\n<tr>\n<td>Confort de l\u2019assise<\/td>\n<td>Ferme<\/td>\n<\/tr>\n<tr>\n<td>Type de suspension<\/td>\n<td>Ressorts en zig-zag<\/td>\n<\/tr>\n<tr>\n<td>Avec accoudoirs<\/td>\n<td>Oui<\/td>\n<\/tr>\n<tr>\n<td>T\u00eati\u00e8re<\/td>\n<td>Oui<\/td>\n<\/tr>\n<tr>\n<td>Mobilit\u00e9<\/td>\n<td>Fixe<\/td>\n<\/tr>\n<tr>\n<td>Montage<\/td>\n<td>A monter soi-m\u00eame<\/td>\n<\/tr>\n<tr>\n<td>Conseil d\u2019entretien<\/td>\n<td>Chiffon doux<\/td>\n<\/tr>\n<tr>\n<td>Nombre de personnes<\/td>\n<td>4 personnes<\/td>\n<\/tr>\n<tr>\n<th colspan=\"2\">COMPOSITION<\/th>\n<\/tr>\n<tr>\n<td>Garnissage<\/td>\n<td>Mousse polyur\u00e9thane<\/td>\n<\/tr>\n<tr>\n<td>Densit\u00e9 \u2013 assise<\/td>\n<td>35 kg\/m3<\/td>\n<\/tr>\n<tr>\n<th colspan=\"2\">DIMENSIONS COLIS<\/th>\n<\/tr>\n<tr>\n<td>Dimensions brutes \u2013 article emball\u00e9 (L x l x H)<\/td>\n<td>Colis 1 : 181x83x59 cm<br \/>\nColis 2 : 184x83x59 cm<\/td>\n<\/tr>\n<tr>\n<td>Poids emball\u00e9<\/td>\n<td>Colis 1 : 44,7 kg<br \/>\nColis 2 : 44 kg<\/td>\n<\/tr>\n<\/tbody>\n<\/table>\n","protected":false},"featured_media":15422,"comment_status":"open","ping_status":"closed","template":"","meta":[],"product_cat":[156,214],"product_tag":[],"class_list":{"0":"post-4262","1":"product","2":"type-product","3":"status-publish","4":"has-post-thumbnail","6":"product_cat-bons-plans","7":"product_cat-canapes","9":"first","10":"instock","11":"sale","12":"shipping-taxable","13":"purchasable","14":"product-type-simple","15":"col-xs-6 col-sm-4","16":"col-md-3 col-lg-3","17":"un-4-cols"},"yoast_head":"<!-- This site is optimized with the Yoast SEO plugin v27.0 - https:\/\/yoast.com\/product\/yoast-seo-wordpress\/ -->\n<title>scoop-canape-dangle-gauche-fixe-4-places-tissu-gris-fonce-contemporain<\/title>\n<meta name=\"description\" content=\"scoop-canape-dangle-gauche-fixe-4-places-tissu-gris-fonce-contemporain-l-259-x-p-182-cm.\" \/>\n<meta name=\"robots\" content=\"index, follow, max-snippet:-1, max-image-preview:large, max-video-preview:-1\" \/>\n<link rel=\"canonical\" href=\"https:\/\/eurosdiscounts.com\/index.php\/produit\/scoop-canape-dangle-gauche-fixe-4-places-tissu-gris-fonce-contemporain-l-259-x-p-182-cm\/\" \/>\n<meta property=\"og:locale\" content=\"fr_FR\" \/>\n<meta property=\"og:type\" content=\"article\" \/>\n<meta property=\"og:title\" content=\"scoop-canape-dangle-gauche-fixe-4-places-tissu-gris-fonce-contemporain\" \/>\n<meta property=\"og:description\" content=\"scoop-canape-dangle-gauche-fixe-4-places-tissu-gris-fonce-contemporain-l-259-x-p-182-cm.\" \/>\n<meta property=\"og:url\" content=\"https:\/\/eurosdiscounts.com\/index.php\/produit\/scoop-canape-dangle-gauche-fixe-4-places-tissu-gris-fonce-contemporain-l-259-x-p-182-cm\/\" \/>\n<meta property=\"og:site_name\" content=\"Eurosdiscounts.com- Achat sur Internet a prix discount, Canap\u00e9s pas cher, Smartphone pas cher, pc portable pas cher..\" \/>\n<meta property=\"og:image\" content=\"https:\/\/eurosdiscounts.com\/wp-content\/uploads\/2019\/09\/c-270.jpg\" \/>\n\t<meta property=\"og:image:width\" content=\"700\" \/>\n\t<meta property=\"og:image:height\" content=\"700\" \/>\n\t<meta property=\"og:image:type\" content=\"image\/jpeg\" \/>\n<meta name=\"twitter:card\" content=\"summary_large_image\" \/>\n<script type=\"application\/ld+json\" class=\"yoast-schema-graph\">{\"@context\":\"https:\/\/schema.org\",\"@graph\":[{\"@type\":\"WebPage\",\"@id\":\"https:\/\/eurosdiscounts.com\/index.php\/produit\/scoop-canape-dangle-gauche-fixe-4-places-tissu-gris-fonce-contemporain-l-259-x-p-182-cm\/\",\"url\":\"https:\/\/eurosdiscounts.com\/index.php\/produit\/scoop-canape-dangle-gauche-fixe-4-places-tissu-gris-fonce-contemporain-l-259-x-p-182-cm\/\",\"name\":\"scoop-canape-dangle-gauche-fixe-4-places-tissu-gris-fonce-contemporain\",\"isPartOf\":{\"@id\":\"https:\/\/eurosdiscounts.com\/#website\"},\"primaryImageOfPage\":{\"@id\":\"https:\/\/eurosdiscounts.com\/index.php\/produit\/scoop-canape-dangle-gauche-fixe-4-places-tissu-gris-fonce-contemporain-l-259-x-p-182-cm\/#primaryimage\"},\"image\":{\"@id\":\"https:\/\/eurosdiscounts.com\/index.php\/produit\/scoop-canape-dangle-gauche-fixe-4-places-tissu-gris-fonce-contemporain-l-259-x-p-182-cm\/#primaryimage\"},\"thumbnailUrl\":\"https:\/\/eurosdiscounts.com\/wp-content\/uploads\/2019\/09\/c-270.jpg\",\"datePublished\":\"2019-09-14T11:49:07+00:00\",\"description\":\"scoop-canape-dangle-gauche-fixe-4-places-tissu-gris-fonce-contemporain-l-259-x-p-182-cm.\",\"breadcrumb\":{\"@id\":\"https:\/\/eurosdiscounts.com\/index.php\/produit\/scoop-canape-dangle-gauche-fixe-4-places-tissu-gris-fonce-contemporain-l-259-x-p-182-cm\/#breadcrumb\"},\"inLanguage\":\"fr-FR\",\"potentialAction\":[{\"@type\":\"ReadAction\",\"target\":[\"https:\/\/eurosdiscounts.com\/index.php\/produit\/scoop-canape-dangle-gauche-fixe-4-places-tissu-gris-fonce-contemporain-l-259-x-p-182-cm\/\"]}]},{\"@type\":\"ImageObject\",\"inLanguage\":\"fr-FR\",\"@id\":\"https:\/\/eurosdiscounts.com\/index.php\/produit\/scoop-canape-dangle-gauche-fixe-4-places-tissu-gris-fonce-contemporain-l-259-x-p-182-cm\/#primaryimage\",\"url\":\"https:\/\/eurosdiscounts.com\/wp-content\/uploads\/2019\/09\/c-270.jpg\",\"contentUrl\":\"https:\/\/eurosdiscounts.com\/wp-content\/uploads\/2019\/09\/c-270.jpg\",\"width\":700,\"height\":700},{\"@type\":\"BreadcrumbList\",\"@id\":\"https:\/\/eurosdiscounts.com\/index.php\/produit\/scoop-canape-dangle-gauche-fixe-4-places-tissu-gris-fonce-contemporain-l-259-x-p-182-cm\/#breadcrumb\",\"itemListElement\":[{\"@type\":\"ListItem\",\"position\":1,\"name\":\"Accueil\",\"item\":\"https:\/\/eurosdiscounts.com\/\"},{\"@type\":\"ListItem\",\"position\":2,\"name\":\"Boutique\",\"item\":\"https:\/\/eurosdiscounts.com\/index.php\/boutique\/\"},{\"@type\":\"ListItem\",\"position\":3,\"name\":\"SCOOP Canap\u00e9 d&rsquo;angle gauche fixe 4 places &#8211; Tissu gris fonc\u00e9 &#8211; Contemporain &#8211; L 259 x P 182 cm\"}]},{\"@type\":\"WebSite\",\"@id\":\"https:\/\/eurosdiscounts.com\/#website\",\"url\":\"https:\/\/eurosdiscounts.com\/\",\"name\":\"Eurosdiscounts.com- Achat sur Internet a prix discount, Canap\u00e9s pas cher, Smartphone pas cher, pc portable pas cher..\",\"description\":\"Eurosdiscounts.com- Achat sur Internet a prix discount, Canap\u00e9s pas cher, Smartphone pas cher, pc portable pas cher..\",\"potentialAction\":[{\"@type\":\"SearchAction\",\"target\":{\"@type\":\"EntryPoint\",\"urlTemplate\":\"https:\/\/eurosdiscounts.com\/?s={search_term_string}\"},\"query-input\":{\"@type\":\"PropertyValueSpecification\",\"valueRequired\":true,\"valueName\":\"search_term_string\"}}],\"inLanguage\":\"fr-FR\"}]}<\/script>\n<!-- \/ Yoast SEO plugin. -->","yoast_head_json":{"title":"scoop-canape-dangle-gauche-fixe-4-places-tissu-gris-fonce-contemporain","description":"scoop-canape-dangle-gauche-fixe-4-places-tissu-gris-fonce-contemporain-l-259-x-p-182-cm.","robots":{"index":"index","follow":"follow","max-snippet":"max-snippet:-1","max-image-preview":"max-image-preview:large","max-video-preview":"max-video-preview:-1"},"canonical":"https:\/\/eurosdiscounts.com\/index.php\/produit\/scoop-canape-dangle-gauche-fixe-4-places-tissu-gris-fonce-contemporain-l-259-x-p-182-cm\/","og_locale":"fr_FR","og_type":"article","og_title":"scoop-canape-dangle-gauche-fixe-4-places-tissu-gris-fonce-contemporain","og_description":"scoop-canape-dangle-gauche-fixe-4-places-tissu-gris-fonce-contemporain-l-259-x-p-182-cm.","og_url":"https:\/\/eurosdiscounts.com\/index.php\/produit\/scoop-canape-dangle-gauche-fixe-4-places-tissu-gris-fonce-contemporain-l-259-x-p-182-cm\/","og_site_name":"Eurosdiscounts.com- Achat sur Internet a prix discount, Canap\u00e9s pas cher, Smartphone pas cher, pc portable pas cher..","og_image":[{"width":700,"height":700,"url":"https:\/\/eurosdiscounts.com\/wp-content\/uploads\/2019\/09\/c-270.jpg","type":"image\/jpeg"}],"twitter_card":"summary_large_image","schema":{"@context":"https:\/\/schema.org","@graph":[{"@type":"WebPage","@id":"https:\/\/eurosdiscounts.com\/index.php\/produit\/scoop-canape-dangle-gauche-fixe-4-places-tissu-gris-fonce-contemporain-l-259-x-p-182-cm\/","url":"https:\/\/eurosdiscounts.com\/index.php\/produit\/scoop-canape-dangle-gauche-fixe-4-places-tissu-gris-fonce-contemporain-l-259-x-p-182-cm\/","name":"scoop-canape-dangle-gauche-fixe-4-places-tissu-gris-fonce-contemporain","isPartOf":{"@id":"https:\/\/eurosdiscounts.com\/#website"},"primaryImageOfPage":{"@id":"https:\/\/eurosdiscounts.com\/index.php\/produit\/scoop-canape-dangle-gauche-fixe-4-places-tissu-gris-fonce-contemporain-l-259-x-p-182-cm\/#primaryimage"},"image":{"@id":"https:\/\/eurosdiscounts.com\/index.php\/produit\/scoop-canape-dangle-gauche-fixe-4-places-tissu-gris-fonce-contemporain-l-259-x-p-182-cm\/#primaryimage"},"thumbnailUrl":"https:\/\/eurosdiscounts.com\/wp-content\/uploads\/2019\/09\/c-270.jpg","datePublished":"2019-09-14T11:49:07+00:00","description":"scoop-canape-dangle-gauche-fixe-4-places-tissu-gris-fonce-contemporain-l-259-x-p-182-cm.","breadcrumb":{"@id":"https:\/\/eurosdiscounts.com\/index.php\/produit\/scoop-canape-dangle-gauche-fixe-4-places-tissu-gris-fonce-contemporain-l-259-x-p-182-cm\/#breadcrumb"},"inLanguage":"fr-FR","potentialAction":[{"@type":"ReadAction","target":["https:\/\/eurosdiscounts.com\/index.php\/produit\/scoop-canape-dangle-gauche-fixe-4-places-tissu-gris-fonce-contemporain-l-259-x-p-182-cm\/"]}]},{"@type":"ImageObject","inLanguage":"fr-FR","@id":"https:\/\/eurosdiscounts.com\/index.php\/produit\/scoop-canape-dangle-gauche-fixe-4-places-tissu-gris-fonce-contemporain-l-259-x-p-182-cm\/#primaryimage","url":"https:\/\/eurosdiscounts.com\/wp-content\/uploads\/2019\/09\/c-270.jpg","contentUrl":"https:\/\/eurosdiscounts.com\/wp-content\/uploads\/2019\/09\/c-270.jpg","width":700,"height":700},{"@type":"BreadcrumbList","@id":"https:\/\/eurosdiscounts.com\/index.php\/produit\/scoop-canape-dangle-gauche-fixe-4-places-tissu-gris-fonce-contemporain-l-259-x-p-182-cm\/#breadcrumb","itemListElement":[{"@type":"ListItem","position":1,"name":"Accueil","item":"https:\/\/eurosdiscounts.com\/"},{"@type":"ListItem","position":2,"name":"Boutique","item":"https:\/\/eurosdiscounts.com\/index.php\/boutique\/"},{"@type":"ListItem","position":3,"name":"SCOOP Canap\u00e9 d&rsquo;angle gauche fixe 4 places &#8211; Tissu gris fonc\u00e9 &#8211; Contemporain &#8211; L 259 x P 182 cm"}]},{"@type":"WebSite","@id":"https:\/\/eurosdiscounts.com\/#website","url":"https:\/\/eurosdiscounts.com\/","name":"Eurosdiscounts.com- Achat sur Internet a prix discount, Canap\u00e9s pas cher, Smartphone pas cher, pc portable pas cher..","description":"Eurosdiscounts.com- Achat sur Internet a prix discount, Canap\u00e9s pas cher, Smartphone pas cher, pc portable pas cher..","potentialAction":[{"@type":"SearchAction","target":{"@type":"EntryPoint","urlTemplate":"https:\/\/eurosdiscounts.com\/?s={search_term_string}"},"query-input":{"@type":"PropertyValueSpecification","valueRequired":true,"valueName":"search_term_string"}}],"inLanguage":"fr-FR"}]}},"_links":{"self":[{"href":"https:\/\/eurosdiscounts.com\/index.php\/wp-json\/wp\/v2\/product\/4262","targetHints":{"allow":["GET"]}}],"collection":[{"href":"https:\/\/eurosdiscounts.com\/index.php\/wp-json\/wp\/v2\/product"}],"about":[{"href":"https:\/\/eurosdiscounts.com\/index.php\/wp-json\/wp\/v2\/types\/product"}],"replies":[{"embeddable":true,"href":"https:\/\/eurosdiscounts.com\/index.php\/wp-json\/wp\/v2\/comments?post=4262"}],"wp:featuredmedia":[{"embeddable":true,"href":"https:\/\/eurosdiscounts.com\/index.php\/wp-json\/wp\/v2\/media\/15422"}],"wp:attachment":[{"href":"https:\/\/eurosdiscounts.com\/index.php\/wp-json\/wp\/v2\/media?parent=4262"}],"wp:term":[{"taxonomy":"product_cat","embeddable":true,"href":"https:\/\/eurosdiscounts.com\/index.php\/wp-json\/wp\/v2\/product_cat?post=4262"},{"taxonomy":"product_tag","embeddable":true,"href":"https:\/\/eurosdiscounts.com\/index.php\/wp-json\/wp\/v2\/product_tag?post=4262"}],"curies":[{"name":"wp","href":"https:\/\/api.w.org\/{rel}","templated":true}]}}