{"id":4221,"date":"2019-09-14T12:23:04","date_gmt":"2019-09-14T10:23:04","guid":{"rendered":"https:\/\/smartsdiscount.com\/?post_type=product&amp;p=4221"},"modified":"2019-09-14T12:23:04","modified_gmt":"2019-09-14T10:23:04","slug":"jackson-afx-canape-dangle-reversible-4-places-tissu-marron-vintage-contemporain-l-243-x-p-184-cm","status":"publish","type":"product","link":"https:\/\/eurosdiscounts.com\/index.php\/produit\/jackson-afx-canape-dangle-reversible-4-places-tissu-marron-vintage-contemporain-l-243-x-p-184-cm\/","title":{"rendered":"JACKSON AFX Canap\u00e9 d&rsquo;angle r\u00e9versible 4 places &#8211; Tissu marron vintage &#8211; Contemporain &#8211; L 243 x P 184 cm"},"content":{"rendered":"<table class=\"fpDescTb fpDescTbPub\">\n<tbody>\n<tr>\n<th colspan=\"2\">Informations g\u00e9n\u00e9rales sur le produit<\/th>\n<\/tr>\n<tr>\n<td>Nom du produit<\/td>\n<td>JACKSON AFX Canap\u00e9 d&rsquo;angle r\u00e9versible 4 places &#8211; T<\/td>\n<\/tr>\n<tr>\n<td>Cat\u00e9gorie<\/td>\n<td>CANAP\u00c9 &#8211; SOFA &#8211; DIVAN<\/td>\n<\/tr>\n<tr>\n<th colspan=\"2\">G\u00e9n\u00e9ral<\/th>\n<\/tr>\n<tr>\n<td>Type de Produit<\/td>\n<td>Canap\u00e9 d&rsquo;angle<\/td>\n<\/tr>\n<tr>\n<td>Style<\/td>\n<td>Contemporain<\/td>\n<\/tr>\n<tr>\n<td>Type de canap\u00e9<\/td>\n<td>Convertible<\/td>\n<\/tr>\n<tr>\n<td>Forme du canap\u00e9<\/td>\n<td>Angle<\/td>\n<\/tr>\n<tr>\n<td>Type d&rsquo;angle<\/td>\n<td>R\u00e9versible<\/td>\n<\/tr>\n<tr>\n<td>Couleur(s)<\/td>\n<td>Marron vintage<\/td>\n<\/tr>\n<tr>\n<th colspan=\"2\">Dimensions et poids<\/th>\n<\/tr>\n<tr>\n<td>Longueur<\/td>\n<td>243 cm<\/td>\n<\/tr>\n<tr>\n<td>Largeur (profondeur)<\/td>\n<td>184 cm<\/td>\n<\/tr>\n<tr>\n<td>Hauteur<\/td>\n<td>45 cm<\/td>\n<\/tr>\n<tr>\n<th colspan=\"2\">Caract\u00e9ristiques<\/th>\n<\/tr>\n<tr>\n<td>Description du produit<\/td>\n<td>JACKSON Canap\u00e9 fixe d&rsquo;angle r\u00e9versible 4 places marron vintage &#8211; Structure en panneaux de particules<br \/>\n, bois Massif H\u00eatre, contreplaqu\u00e9 &#8211; Rev\u00eatement tissu 100 % polyester &#8211; Assise mousse polyur\u00e9thane de<br \/>\nnsit\u00e9 27kg\/m3 &#8211; Dimensions totales : L 243 x P 184 x H 76 cm &#8211; Assise : L 197 x P 56 \u00e0 151 (m\u00e9ridien<br \/>\nne) x H 45 cm.<\/td>\n<\/tr>\n<tr>\n<td>Nombre de places<\/td>\n<td>4 places<\/td>\n<\/tr>\n<tr>\n<td>Mati\u00e8re de la structure<\/td>\n<td>Bois massif<\/td>\n<\/tr>\n<tr>\n<td>Mati\u00e8re du rev\u00eatement<\/td>\n<td>Tissu<\/td>\n<\/tr>\n<tr>\n<td>Mobilit\u00e9<\/td>\n<td>Fixe<\/td>\n<\/tr>\n<tr>\n<th colspan=\"2\">Composition<\/th>\n<\/tr>\n<tr>\n<td>Garnissage &#8211; Assise<\/td>\n<td>Mousse<\/td>\n<\/tr>\n<tr>\n<td>Densit\u00e9 de l&rsquo;assise<\/td>\n<td>27 kg\/m3<\/td>\n<\/tr>\n<tr>\n<td>Confort de l&rsquo;assise<\/td>\n<td>Ferme<\/td>\n<\/tr>\n<\/tbody>\n<\/table>\n","protected":false},"excerpt":{"rendered":"<p>JACKSON Canap\u00e9 fixe d&rsquo;angle r\u00e9versible 4 places marron vintage &#8211; Structure en panneaux de particules, bois Massif H\u00eatre, contreplaqu\u00e9 &#8211; Rev\u00eatement tissu 100 % polyester &#8211; Assise mousse polyur\u00e9thane densit\u00e9 27kg\/m3 &#8211; Dimensions totales : L 243 x P 184 x H 76 cm &#8211; Assise : L 197 x P 56 \u00e0 151 (m\u00e9ridienne) x H 45 cm.<\/p>\n","protected":false},"featured_media":15455,"comment_status":"open","ping_status":"closed","template":"","meta":[],"product_cat":[156,214],"product_tag":[],"class_list":{"0":"post-4221","1":"product","2":"type-product","3":"status-publish","4":"has-post-thumbnail","6":"product_cat-bons-plans","7":"product_cat-canapes","9":"first","10":"instock","11":"sale","12":"shipping-taxable","13":"purchasable","14":"product-type-simple","15":"col-xs-6 col-sm-4","16":"col-md-3 col-lg-3","17":"un-4-cols"},"yoast_head":"<!-- This site is optimized with the Yoast SEO plugin v27.0 - https:\/\/yoast.com\/product\/yoast-seo-wordpress\/ -->\n<title>jackson-afx-canape-dangle-reversible-4-places-tissu-marron-vintage<\/title>\n<meta name=\"description\" content=\"jackson-afx-canape-dangle-reversible-4-places-tissu-marron-vintage-contemporain-l-243-x-p-184-cm\" \/>\n<meta name=\"robots\" content=\"index, follow, max-snippet:-1, max-image-preview:large, max-video-preview:-1\" \/>\n<link rel=\"canonical\" href=\"https:\/\/eurosdiscounts.com\/index.php\/produit\/jackson-afx-canape-dangle-reversible-4-places-tissu-marron-vintage-contemporain-l-243-x-p-184-cm\/\" \/>\n<meta property=\"og:locale\" content=\"fr_FR\" \/>\n<meta property=\"og:type\" content=\"article\" \/>\n<meta property=\"og:title\" content=\"jackson-afx-canape-dangle-reversible-4-places-tissu-marron-vintage\" \/>\n<meta property=\"og:description\" content=\"jackson-afx-canape-dangle-reversible-4-places-tissu-marron-vintage-contemporain-l-243-x-p-184-cm\" \/>\n<meta property=\"og:url\" content=\"https:\/\/eurosdiscounts.com\/index.php\/produit\/jackson-afx-canape-dangle-reversible-4-places-tissu-marron-vintage-contemporain-l-243-x-p-184-cm\/\" \/>\n<meta property=\"og:site_name\" content=\"Eurosdiscounts.com- Achat sur Internet a prix discount, Canap\u00e9s pas cher, Smartphone pas cher, pc portable pas cher..\" \/>\n<meta property=\"og:image\" content=\"https:\/\/eurosdiscounts.com\/wp-content\/uploads\/2019\/09\/c-277.jpg\" \/>\n\t<meta property=\"og:image:width\" content=\"700\" \/>\n\t<meta property=\"og:image:height\" content=\"700\" \/>\n\t<meta property=\"og:image:type\" content=\"image\/jpeg\" \/>\n<meta name=\"twitter:card\" content=\"summary_large_image\" \/>\n<meta name=\"twitter:label1\" content=\"Dur\u00e9e de lecture estim\u00e9e\" \/>\n\t<meta name=\"twitter:data1\" content=\"1 minute\" \/>\n<script type=\"application\/ld+json\" class=\"yoast-schema-graph\">{\"@context\":\"https:\/\/schema.org\",\"@graph\":[{\"@type\":\"WebPage\",\"@id\":\"https:\/\/eurosdiscounts.com\/index.php\/produit\/jackson-afx-canape-dangle-reversible-4-places-tissu-marron-vintage-contemporain-l-243-x-p-184-cm\/\",\"url\":\"https:\/\/eurosdiscounts.com\/index.php\/produit\/jackson-afx-canape-dangle-reversible-4-places-tissu-marron-vintage-contemporain-l-243-x-p-184-cm\/\",\"name\":\"jackson-afx-canape-dangle-reversible-4-places-tissu-marron-vintage\",\"isPartOf\":{\"@id\":\"https:\/\/eurosdiscounts.com\/#website\"},\"primaryImageOfPage\":{\"@id\":\"https:\/\/eurosdiscounts.com\/index.php\/produit\/jackson-afx-canape-dangle-reversible-4-places-tissu-marron-vintage-contemporain-l-243-x-p-184-cm\/#primaryimage\"},\"image\":{\"@id\":\"https:\/\/eurosdiscounts.com\/index.php\/produit\/jackson-afx-canape-dangle-reversible-4-places-tissu-marron-vintage-contemporain-l-243-x-p-184-cm\/#primaryimage\"},\"thumbnailUrl\":\"https:\/\/eurosdiscounts.com\/wp-content\/uploads\/2019\/09\/c-277.jpg\",\"datePublished\":\"2019-09-14T10:23:04+00:00\",\"description\":\"jackson-afx-canape-dangle-reversible-4-places-tissu-marron-vintage-contemporain-l-243-x-p-184-cm\",\"breadcrumb\":{\"@id\":\"https:\/\/eurosdiscounts.com\/index.php\/produit\/jackson-afx-canape-dangle-reversible-4-places-tissu-marron-vintage-contemporain-l-243-x-p-184-cm\/#breadcrumb\"},\"inLanguage\":\"fr-FR\",\"potentialAction\":[{\"@type\":\"ReadAction\",\"target\":[\"https:\/\/eurosdiscounts.com\/index.php\/produit\/jackson-afx-canape-dangle-reversible-4-places-tissu-marron-vintage-contemporain-l-243-x-p-184-cm\/\"]}]},{\"@type\":\"ImageObject\",\"inLanguage\":\"fr-FR\",\"@id\":\"https:\/\/eurosdiscounts.com\/index.php\/produit\/jackson-afx-canape-dangle-reversible-4-places-tissu-marron-vintage-contemporain-l-243-x-p-184-cm\/#primaryimage\",\"url\":\"https:\/\/eurosdiscounts.com\/wp-content\/uploads\/2019\/09\/c-277.jpg\",\"contentUrl\":\"https:\/\/eurosdiscounts.com\/wp-content\/uploads\/2019\/09\/c-277.jpg\",\"width\":700,\"height\":700},{\"@type\":\"BreadcrumbList\",\"@id\":\"https:\/\/eurosdiscounts.com\/index.php\/produit\/jackson-afx-canape-dangle-reversible-4-places-tissu-marron-vintage-contemporain-l-243-x-p-184-cm\/#breadcrumb\",\"itemListElement\":[{\"@type\":\"ListItem\",\"position\":1,\"name\":\"Accueil\",\"item\":\"https:\/\/eurosdiscounts.com\/\"},{\"@type\":\"ListItem\",\"position\":2,\"name\":\"Boutique\",\"item\":\"https:\/\/eurosdiscounts.com\/index.php\/boutique\/\"},{\"@type\":\"ListItem\",\"position\":3,\"name\":\"JACKSON AFX Canap\u00e9 d&rsquo;angle r\u00e9versible 4 places &#8211; Tissu marron vintage &#8211; Contemporain &#8211; L 243 x P 184 cm\"}]},{\"@type\":\"WebSite\",\"@id\":\"https:\/\/eurosdiscounts.com\/#website\",\"url\":\"https:\/\/eurosdiscounts.com\/\",\"name\":\"Eurosdiscounts.com- Achat sur Internet a prix discount, Canap\u00e9s pas cher, Smartphone pas cher, pc portable pas cher..\",\"description\":\"Eurosdiscounts.com- Achat sur Internet a prix discount, Canap\u00e9s pas cher, Smartphone pas cher, pc portable pas cher..\",\"potentialAction\":[{\"@type\":\"SearchAction\",\"target\":{\"@type\":\"EntryPoint\",\"urlTemplate\":\"https:\/\/eurosdiscounts.com\/?s={search_term_string}\"},\"query-input\":{\"@type\":\"PropertyValueSpecification\",\"valueRequired\":true,\"valueName\":\"search_term_string\"}}],\"inLanguage\":\"fr-FR\"}]}<\/script>\n<!-- \/ Yoast SEO plugin. -->","yoast_head_json":{"title":"jackson-afx-canape-dangle-reversible-4-places-tissu-marron-vintage","description":"jackson-afx-canape-dangle-reversible-4-places-tissu-marron-vintage-contemporain-l-243-x-p-184-cm","robots":{"index":"index","follow":"follow","max-snippet":"max-snippet:-1","max-image-preview":"max-image-preview:large","max-video-preview":"max-video-preview:-1"},"canonical":"https:\/\/eurosdiscounts.com\/index.php\/produit\/jackson-afx-canape-dangle-reversible-4-places-tissu-marron-vintage-contemporain-l-243-x-p-184-cm\/","og_locale":"fr_FR","og_type":"article","og_title":"jackson-afx-canape-dangle-reversible-4-places-tissu-marron-vintage","og_description":"jackson-afx-canape-dangle-reversible-4-places-tissu-marron-vintage-contemporain-l-243-x-p-184-cm","og_url":"https:\/\/eurosdiscounts.com\/index.php\/produit\/jackson-afx-canape-dangle-reversible-4-places-tissu-marron-vintage-contemporain-l-243-x-p-184-cm\/","og_site_name":"Eurosdiscounts.com- Achat sur Internet a prix discount, Canap\u00e9s pas cher, Smartphone pas cher, pc portable pas cher..","og_image":[{"width":700,"height":700,"url":"https:\/\/eurosdiscounts.com\/wp-content\/uploads\/2019\/09\/c-277.jpg","type":"image\/jpeg"}],"twitter_card":"summary_large_image","twitter_misc":{"Dur\u00e9e de lecture estim\u00e9e":"1 minute"},"schema":{"@context":"https:\/\/schema.org","@graph":[{"@type":"WebPage","@id":"https:\/\/eurosdiscounts.com\/index.php\/produit\/jackson-afx-canape-dangle-reversible-4-places-tissu-marron-vintage-contemporain-l-243-x-p-184-cm\/","url":"https:\/\/eurosdiscounts.com\/index.php\/produit\/jackson-afx-canape-dangle-reversible-4-places-tissu-marron-vintage-contemporain-l-243-x-p-184-cm\/","name":"jackson-afx-canape-dangle-reversible-4-places-tissu-marron-vintage","isPartOf":{"@id":"https:\/\/eurosdiscounts.com\/#website"},"primaryImageOfPage":{"@id":"https:\/\/eurosdiscounts.com\/index.php\/produit\/jackson-afx-canape-dangle-reversible-4-places-tissu-marron-vintage-contemporain-l-243-x-p-184-cm\/#primaryimage"},"image":{"@id":"https:\/\/eurosdiscounts.com\/index.php\/produit\/jackson-afx-canape-dangle-reversible-4-places-tissu-marron-vintage-contemporain-l-243-x-p-184-cm\/#primaryimage"},"thumbnailUrl":"https:\/\/eurosdiscounts.com\/wp-content\/uploads\/2019\/09\/c-277.jpg","datePublished":"2019-09-14T10:23:04+00:00","description":"jackson-afx-canape-dangle-reversible-4-places-tissu-marron-vintage-contemporain-l-243-x-p-184-cm","breadcrumb":{"@id":"https:\/\/eurosdiscounts.com\/index.php\/produit\/jackson-afx-canape-dangle-reversible-4-places-tissu-marron-vintage-contemporain-l-243-x-p-184-cm\/#breadcrumb"},"inLanguage":"fr-FR","potentialAction":[{"@type":"ReadAction","target":["https:\/\/eurosdiscounts.com\/index.php\/produit\/jackson-afx-canape-dangle-reversible-4-places-tissu-marron-vintage-contemporain-l-243-x-p-184-cm\/"]}]},{"@type":"ImageObject","inLanguage":"fr-FR","@id":"https:\/\/eurosdiscounts.com\/index.php\/produit\/jackson-afx-canape-dangle-reversible-4-places-tissu-marron-vintage-contemporain-l-243-x-p-184-cm\/#primaryimage","url":"https:\/\/eurosdiscounts.com\/wp-content\/uploads\/2019\/09\/c-277.jpg","contentUrl":"https:\/\/eurosdiscounts.com\/wp-content\/uploads\/2019\/09\/c-277.jpg","width":700,"height":700},{"@type":"BreadcrumbList","@id":"https:\/\/eurosdiscounts.com\/index.php\/produit\/jackson-afx-canape-dangle-reversible-4-places-tissu-marron-vintage-contemporain-l-243-x-p-184-cm\/#breadcrumb","itemListElement":[{"@type":"ListItem","position":1,"name":"Accueil","item":"https:\/\/eurosdiscounts.com\/"},{"@type":"ListItem","position":2,"name":"Boutique","item":"https:\/\/eurosdiscounts.com\/index.php\/boutique\/"},{"@type":"ListItem","position":3,"name":"JACKSON AFX Canap\u00e9 d&rsquo;angle r\u00e9versible 4 places &#8211; Tissu marron vintage &#8211; Contemporain &#8211; L 243 x P 184 cm"}]},{"@type":"WebSite","@id":"https:\/\/eurosdiscounts.com\/#website","url":"https:\/\/eurosdiscounts.com\/","name":"Eurosdiscounts.com- Achat sur Internet a prix discount, Canap\u00e9s pas cher, Smartphone pas cher, pc portable pas cher..","description":"Eurosdiscounts.com- Achat sur Internet a prix discount, Canap\u00e9s pas cher, Smartphone pas cher, pc portable pas cher..","potentialAction":[{"@type":"SearchAction","target":{"@type":"EntryPoint","urlTemplate":"https:\/\/eurosdiscounts.com\/?s={search_term_string}"},"query-input":{"@type":"PropertyValueSpecification","valueRequired":true,"valueName":"search_term_string"}}],"inLanguage":"fr-FR"}]}},"_links":{"self":[{"href":"https:\/\/eurosdiscounts.com\/index.php\/wp-json\/wp\/v2\/product\/4221","targetHints":{"allow":["GET"]}}],"collection":[{"href":"https:\/\/eurosdiscounts.com\/index.php\/wp-json\/wp\/v2\/product"}],"about":[{"href":"https:\/\/eurosdiscounts.com\/index.php\/wp-json\/wp\/v2\/types\/product"}],"replies":[{"embeddable":true,"href":"https:\/\/eurosdiscounts.com\/index.php\/wp-json\/wp\/v2\/comments?post=4221"}],"wp:featuredmedia":[{"embeddable":true,"href":"https:\/\/eurosdiscounts.com\/index.php\/wp-json\/wp\/v2\/media\/15455"}],"wp:attachment":[{"href":"https:\/\/eurosdiscounts.com\/index.php\/wp-json\/wp\/v2\/media?parent=4221"}],"wp:term":[{"taxonomy":"product_cat","embeddable":true,"href":"https:\/\/eurosdiscounts.com\/index.php\/wp-json\/wp\/v2\/product_cat?post=4221"},{"taxonomy":"product_tag","embeddable":true,"href":"https:\/\/eurosdiscounts.com\/index.php\/wp-json\/wp\/v2\/product_tag?post=4221"}],"curies":[{"name":"wp","href":"https:\/\/api.w.org\/{rel}","templated":true}]}}