{"id":3990,"date":"2019-09-13T16:22:04","date_gmt":"2019-09-13T14:22:04","guid":{"rendered":"https:\/\/smartsdiscount.com\/?post_type=product&amp;p=3990"},"modified":"2023-03-28T23:04:44","modified_gmt":"2023-03-28T21:04:44","slug":"tcl-u55x9006-tv-qled-55-139-cm-uhd-4k-hdr-son-jbl-3x-hdmi-smart-tv-android-6-0","status":"publish","type":"product","link":"https:\/\/eurosdiscounts.com\/index.php\/produit\/tcl-u55x9006-tv-qled-55-139-cm-uhd-4k-hdr-son-jbl-3x-hdmi-smart-tv-android-6-0\/","title":{"rendered":"TCL U55X9006 TV QLED &#8211; 55&Prime; (139 cm) &#8211; UHD 4K HDR &#8211; son JBL &#8211; 3X HDMI &#8211; Smart TV Android 6.0"},"content":{"rendered":"<table class=\"fpDescTb fpDescTbPub\">\n<tbody>\n<tr>\n<th colspan=\"2\">Informations g\u00e9n\u00e9rales sur le produit<\/th>\n<\/tr>\n<tr>\n<td>Marque<\/td>\n<td><a title=\"TCL\" href=\"https:\/\/www.cdiscount.com\/m-10319-tcl.html\" data-link=\"SFP-ZBN-TNO-DPM\">TCL<\/a><\/td>\n<\/tr>\n<tr>\n<td>Nom du produit<\/td>\n<td>TCL U55X9006 TV QLED &#8211; 55&Prime; (139 cm) &#8211; UHD 4K HDR &#8211;<\/td>\n<\/tr>\n<tr>\n<td>Cat\u00e9gorie<\/td>\n<td>T\u00e9l\u00e9viseur LED<\/td>\n<\/tr>\n<tr>\n<th colspan=\"2\">G\u00e9n\u00e9ral<\/th>\n<\/tr>\n<tr>\n<td>Type de Produit<\/td>\n<td>TV QLED &#8211; Smart TV<\/td>\n<\/tr>\n<tr>\n<td>Qt\u00e9 de ports HDMI<\/td>\n<td>3 ports<\/td>\n<\/tr>\n<tr>\n<td>Interface vid\u00e9o<\/td>\n<td>HDMI<\/td>\n<\/tr>\n<tr>\n<td>Tuner de t\u00e9l\u00e9vision<\/td>\n<td>1 x analogique, 1 x num\u00e9rique<\/td>\n<\/tr>\n<tr>\n<td>Dimensions<\/td>\n<td>Sans support<\/td>\n<\/tr>\n<tr>\n<td>Largeur<\/td>\n<td>123.1 cm<\/td>\n<\/tr>\n<tr>\n<td>Hauteur<\/td>\n<td>75.8 cm<\/td>\n<\/tr>\n<tr>\n<td>Profondeur<\/td>\n<td>4.7 cm<\/td>\n<\/tr>\n<tr>\n<td>Poids<\/td>\n<td>16.4 kg<\/td>\n<\/tr>\n<tr>\n<td>Consommation d&rsquo;\u00e9nergie annuelle<\/td>\n<td>108 kWh<\/td>\n<\/tr>\n<tr>\n<td>Plate-forme<\/td>\n<td>Android TV<\/td>\n<\/tr>\n<tr>\n<td>Classe de diagonale<\/td>\n<td>55&Prime;<\/td>\n<\/tr>\n<tr>\n<td>Modes<\/td>\n<td>Mode jeu, Mode film, mode sports<\/td>\n<\/tr>\n<tr>\n<td>Conception<\/td>\n<td>Conception 360<\/td>\n<\/tr>\n<tr>\n<td>Am\u00e9liorations d&rsquo;image<\/td>\n<td>Mega Dynamic Contrast Ratio, UHD Upscaling, R\u00e9duction de bruit<\/td>\n<\/tr>\n<tr>\n<td>Compatible HDR<\/td>\n<td>Oui<\/td>\n<\/tr>\n<tr>\n<td>Technologie HDR<\/td>\n<td>HDR Pro, Hybrid Log-Gamma (HLG)<\/td>\n<\/tr>\n<tr>\n<td>Consommation en fonctionnement<\/td>\n<td>140 Watt<\/td>\n<\/tr>\n<tr>\n<td>Classe \u00e9nerg\u00e9tique<\/td>\n<td>Classe A+<\/td>\n<\/tr>\n<tr>\n<td>Taille de la diagonale<\/td>\n<td>54.6&Prime;<\/td>\n<\/tr>\n<tr>\n<td>Pr\u00e9sence de syntonisateur TV<\/td>\n<td>Oui<\/td>\n<\/tr>\n<tr>\n<th colspan=\"2\">Affichage<\/th>\n<\/tr>\n<tr>\n<td>Technologie de r\u00e9tro\u00e9clairage LCD<\/td>\n<td>R\u00e9tro\u00e9clairage par LED &#8211; Quantum Dot technology, Ultra Micro Dimming<\/td>\n<\/tr>\n<tr>\n<td>Technologie d&rsquo;am\u00e9lioration du mouvement<\/td>\n<td>2100 Picture Performance Index<\/td>\n<\/tr>\n<tr>\n<td>R\u00e9solution<\/td>\n<td>3840 x 2160<\/td>\n<\/tr>\n<tr>\n<td>Format d&rsquo;affichage<\/td>\n<td>4K UHD (2160p)<\/td>\n<\/tr>\n<tr>\n<td>Format de l&rsquo;image<\/td>\n<td>16:9<\/td>\n<\/tr>\n<tr>\n<th colspan=\"2\">Connexions<\/th>\n<\/tr>\n<tr>\n<td>Type de connecteur<\/td>\n<td>3 x entr\u00e9e HDMI<br \/>\nUSB 2.0<br \/>\nUSB 3.0<br \/>\nSortie audio num\u00e9rique (coaxial)<br \/>\nCasque<br \/>\nLAN<\/td>\n<\/tr>\n<tr>\n<th colspan=\"2\">Tuner de t\u00e9l\u00e9vision<\/th>\n<\/tr>\n<tr>\n<td>Tuner TV analogique<\/td>\n<td>NTSC, PAL, SECAM<\/td>\n<\/tr>\n<tr>\n<td>Acc\u00e8s conditionnel<\/td>\n<td>Logement Common Interface Plus (CI+)<\/td>\n<\/tr>\n<tr>\n<th colspan=\"2\">Tuner TV num\u00e9rique<\/th>\n<\/tr>\n<tr>\n<td>Tuner TV num\u00e9rique<\/td>\n<td>DVB-C, DVB-S2, DVB-T2<\/td>\n<\/tr>\n<tr>\n<th colspan=\"2\">Fonctionnalit\u00e9s vid\u00e9o<\/th>\n<\/tr>\n<tr>\n<td>Guide \u00e9lectronique des programmes<\/td>\n<td>EPG num\u00e9rique<\/td>\n<\/tr>\n<tr>\n<th colspan=\"2\">Lecteur multim\u00e9dia<\/th>\n<\/tr>\n<tr>\n<td>Port USB<\/td>\n<td>Oui<\/td>\n<\/tr>\n<tr>\n<td>Formats audio pris en charge<\/td>\n<td>MP3, WMA, DTS, MP4<\/td>\n<\/tr>\n<tr>\n<td>Formats vid\u00e9o pris en charge<\/td>\n<td>WMV, AVI, MKV, TS, WebM, MPG<\/td>\n<\/tr>\n<tr>\n<td>Capacit\u00e9 du lecteur de stockage<\/td>\n<td>16 Go<\/td>\n<\/tr>\n<tr>\n<td>Syst\u00e8me d&rsquo;exploitation<\/td>\n<td>Android OS<\/td>\n<\/tr>\n<tr>\n<td>Qt\u00e9 de ports USB<\/td>\n<td>2<\/td>\n<\/tr>\n<tr>\n<th colspan=\"2\">Syst\u00e8me audio<\/th>\n<\/tr>\n<tr>\n<td>Syst\u00e8me de haut-parleurs<\/td>\n<td>4 haut-parleurs<\/td>\n<\/tr>\n<tr>\n<td>Mode Surround<\/td>\n<td>Oui<\/td>\n<\/tr>\n<tr>\n<td>Bruitages<\/td>\n<td>DTS Premium Sound<\/td>\n<\/tr>\n<tr>\n<td>Format audio num\u00e9rique<\/td>\n<td>Sortie Dolby Digital Plus<\/td>\n<\/tr>\n<tr>\n<td>Haut-parleurs<\/td>\n<td>4 x haut-parleur &#8211; int\u00e9gr\u00e9<\/td>\n<\/tr>\n<tr>\n<td>Fonctions suppl\u00e9mentaires<\/td>\n<td>Syst\u00e8me audio 3 voies JBL<\/td>\n<\/tr>\n<tr>\n<th colspan=\"2\">Multim\u00e9dia r\u00e9seau et Internet<\/th>\n<\/tr>\n<tr>\n<td>Fonctionnalit\u00e9s<\/td>\n<td>Lecture audio num\u00e9rique, lecteur de photo num\u00e9rique, lecture vid\u00e9o num\u00e9rique, navigation WEB, lecture vid\u00e9o Internet<\/td>\n<\/tr>\n<tr>\n<td>Connectivit\u00e9<\/td>\n<td>Wi-Fi, LAN, Bluetooth<\/td>\n<\/tr>\n<tr>\n<td>Services de diffusion en streaming sur Internet<\/td>\n<td>YouTube, HbbTV, Voice Search, Google Cast, Netflix 4K<\/td>\n<\/tr>\n<tr>\n<td>DLNA<\/td>\n<td>Oui<\/td>\n<\/tr>\n<tr>\n<td>Protocole LAN<\/td>\n<td>Ethernet<\/td>\n<\/tr>\n<tr>\n<td>Protocole WiFi<\/td>\n<td>802.11g, 802.11n, 802.11ac<\/td>\n<\/tr>\n<tr>\n<td>Boutique d&rsquo;applications<\/td>\n<td>Google Play, TCL TV+<\/td>\n<\/tr>\n<tr>\n<td>Connecter &amp; partager<\/td>\n<td>Bluetooth Human Interface Device (HID)<\/td>\n<\/tr>\n<tr>\n<th colspan=\"2\">T\u00e9l\u00e9commande<\/th>\n<\/tr>\n<tr>\n<td>Type<\/td>\n<td>T\u00e9l\u00e9commande standard<\/td>\n<\/tr>\n<tr>\n<td>Mod\u00e8le de t\u00e9l\u00e9commande<\/td>\n<td>TCL RC602S1+RC802N1<\/td>\n<\/tr>\n<tr>\n<th colspan=\"2\">Alimentation<\/th>\n<\/tr>\n<tr>\n<td>P\u00e9riph\u00e9rique d&rsquo;alimentation<\/td>\n<td>Alimentation \u00e9lectrique<\/td>\n<\/tr>\n<tr>\n<td>Tension nominale<\/td>\n<td>CA 230V (50 Hz)<\/td>\n<\/tr>\n<tr>\n<td>Consommation \u00e9lectrique en mode d&rsquo;attente<\/td>\n<td>0.29 Watt<\/td>\n<\/tr>\n<tr>\n<th colspan=\"2\">Supports et syst\u00e8mes de montage<\/th>\n<\/tr>\n<tr>\n<td>Pied<\/td>\n<td>Inclus<\/td>\n<\/tr>\n<tr>\n<td>Type de support<\/td>\n<td>De table<\/td>\n<\/tr>\n<tr>\n<td>Interface de montage VESA<\/td>\n<td>500 x 200 mm<\/td>\n<\/tr>\n<tr>\n<th colspan=\"2\">Dimensions et poids (emball\u00e9)<\/th>\n<\/tr>\n<tr>\n<td>Hauteur (Exp\u00e9dition)<\/td>\n<td>86.5 cm<\/td>\n<\/tr>\n<tr>\n<td>Largeur (emball\u00e9e)<\/td>\n<td>140 cm<\/td>\n<\/tr>\n<tr>\n<td>Profondeur (emball\u00e9e)<\/td>\n<td>15 cm<\/td>\n<\/tr>\n<tr>\n<td>Poids (Exp\u00e9dition)<\/td>\n<td>21.6 kg<\/td>\n<\/tr>\n<tr>\n<th colspan=\"2\">Divers<\/th>\n<\/tr>\n<tr>\n<td>Accessoires inclus<\/td>\n<td>Piles<\/td>\n<\/tr>\n<tr>\n<th colspan=\"2\">Attributs de recherche<\/th>\n<\/tr>\n<tr>\n<td>Multim\u00e9dia r\u00e9seau et Internet|Connectivit\u00e9<\/td>\n<td>Bluetooth<br \/>\nLAN<br \/>\nWi-Fi<\/td>\n<\/tr>\n<tr>\n<td>T\u00e9l\u00e9vision|Fr\u00e9quence d&rsquo;actualisation du panneau<\/td>\n<td>2100 Hz<\/td>\n<\/tr>\n<tr>\n<td>T\u00e9l\u00e9vision|Compatible HDR<\/td>\n<td>Oui<\/td>\n<\/tr>\n<tr>\n<th colspan=\"2\">Dimensions &amp; Poids &#8211; D\u00e9tails<\/th>\n<\/tr>\n<tr>\n<td>Dimensions &amp; Poids &#8211; D\u00e9tails<\/td>\n<td>Panneau avec support au sol &#8211; 123.1 cm x 20.4 cm x 79.4 cm x 16.8 kg<br \/>\nPanneau sans support au sol &#8211; 123.1 cm x 4.7 cm x 75.8 cm x 16.4 kg<\/td>\n<\/tr>\n<\/tbody>\n<\/table>\n","protected":false},"excerpt":{"rendered":"<p><span class=\"fpBlocTitle\">Les points forts :<\/span><\/p>\n<ul>\n<li>R\u00e9tro\u00e9clairage par LED &#8211; Quantum Dot technology, Ultra Micro Dimming<\/li>\n<li>Format d&rsquo;affichage : 4K UHD (2160p)<\/li>\n<li>R\u00e9solution : 3840 x 2160<\/li>\n<li>Technologie HDR : HDR Pro, Hybrid Log-Gamma (HLG)<\/li>\n<li>Technologie d&rsquo;am\u00e9lioration du mouvement : 2100 Picture Performance Index<\/li>\n<\/ul>\n<div class=\"jsFpBulletPointMore\">\n<ul>\n<li>Qt\u00e9 de ports HDMI : 3 ports<\/li>\n<li>Tuner TV num\u00e9rique : DVB-C, DVB-S2, DVB-T2<\/li>\n<li>Am\u00e9liorations d&rsquo;image : Mega Dynamic Contrast Ratio, UHD Upscaling, R\u00e9duction de bruit<\/li>\n<li>Interface vid\u00e9o : HDMI<\/li>\n<\/ul>\n<\/div>\n","protected":false},"featured_media":3991,"comment_status":"open","ping_status":"closed","template":"","meta":[],"product_cat":[156,236],"product_tag":[],"class_list":{"0":"post-3990","1":"product","2":"type-product","3":"status-publish","4":"has-post-thumbnail","6":"product_cat-bons-plans","7":"product_cat-televiseurs","9":"first","10":"instock","11":"sale","12":"shipping-taxable","13":"purchasable","14":"product-type-simple","15":"col-xs-6 col-sm-4","16":"col-md-3 col-lg-3","17":"un-4-cols"},"yoast_head":"<!-- This site is optimized with the Yoast SEO plugin v27.0 - https:\/\/yoast.com\/product\/yoast-seo-wordpress\/ -->\n<title>TCL U55X9006 TV QLED - 55&quot; (139 cm) - UHD 4K HDR - son JBL - 3X HDMI - Smart TV Android 6.0 - Eurosdiscounts.com- Achat sur Internet a prix discount, Canap\u00e9s pas cher, Smartphone pas cher, pc portable pas cher..<\/title>\n<meta name=\"robots\" content=\"index, follow, max-snippet:-1, max-image-preview:large, max-video-preview:-1\" \/>\n<link rel=\"canonical\" href=\"https:\/\/eurosdiscounts.com\/index.php\/produit\/tcl-u55x9006-tv-qled-55-139-cm-uhd-4k-hdr-son-jbl-3x-hdmi-smart-tv-android-6-0\/\" \/>\n<meta property=\"og:locale\" content=\"fr_FR\" \/>\n<meta property=\"og:type\" content=\"article\" \/>\n<meta property=\"og:title\" content=\"TCL U55X9006 TV QLED - 55&quot; (139 cm) - UHD 4K HDR - son JBL - 3X HDMI - Smart TV Android 6.0 - Eurosdiscounts.com- Achat sur Internet a prix discount, Canap\u00e9s pas cher, Smartphone pas cher, pc portable pas cher..\" \/>\n<meta property=\"og:description\" content=\"Les points forts :  R\u00e9tro\u00e9clairage par LED - Quantum Dot technology, Ultra Micro Dimming  Format d&#039;affichage : 4K UHD (2160p)  R\u00e9solution : 3840 x 2160  Technologie HDR : HDR Pro, Hybrid Log-Gamma (HLG)  Technologie d&#039;am\u00e9lioration du mouvement : 2100 Picture Performance Index   Qt\u00e9 de ports HDMI : 3 ports  Tuner TV num\u00e9rique : DVB-C, DVB-S2, DVB-T2  Am\u00e9liorations d&#039;image : Mega Dynamic Contrast Ratio, UHD Upscaling, R\u00e9duction de bruit  Interface vid\u00e9o : HDMI\" \/>\n<meta property=\"og:url\" content=\"https:\/\/eurosdiscounts.com\/index.php\/produit\/tcl-u55x9006-tv-qled-55-139-cm-uhd-4k-hdr-son-jbl-3x-hdmi-smart-tv-android-6-0\/\" \/>\n<meta property=\"og:site_name\" content=\"Eurosdiscounts.com- Achat sur Internet a prix discount, Canap\u00e9s pas cher, Smartphone pas cher, pc portable pas cher..\" \/>\n<meta property=\"article:modified_time\" content=\"2023-03-28T21:04:44+00:00\" \/>\n<meta property=\"og:image\" content=\"https:\/\/eurosdiscounts.com\/wp-content\/uploads\/2019\/09\/c-201.jpg\" \/>\n\t<meta property=\"og:image:width\" content=\"700\" \/>\n\t<meta property=\"og:image:height\" content=\"700\" \/>\n\t<meta property=\"og:image:type\" content=\"image\/jpeg\" \/>\n<meta name=\"twitter:card\" content=\"summary_large_image\" \/>\n<meta name=\"twitter:label1\" content=\"Dur\u00e9e de lecture estim\u00e9e\" \/>\n\t<meta name=\"twitter:data1\" content=\"3 minutes\" \/>\n<script type=\"application\/ld+json\" class=\"yoast-schema-graph\">{\"@context\":\"https:\/\/schema.org\",\"@graph\":[{\"@type\":\"WebPage\",\"@id\":\"https:\/\/eurosdiscounts.com\/index.php\/produit\/tcl-u55x9006-tv-qled-55-139-cm-uhd-4k-hdr-son-jbl-3x-hdmi-smart-tv-android-6-0\/\",\"url\":\"https:\/\/eurosdiscounts.com\/index.php\/produit\/tcl-u55x9006-tv-qled-55-139-cm-uhd-4k-hdr-son-jbl-3x-hdmi-smart-tv-android-6-0\/\",\"name\":\"TCL U55X9006 TV QLED - 55\\\" (139 cm) - UHD 4K HDR - son JBL - 3X HDMI - Smart TV Android 6.0 - Eurosdiscounts.com- Achat sur Internet a prix discount, Canap\u00e9s pas cher, Smartphone pas cher, pc portable pas cher..\",\"isPartOf\":{\"@id\":\"https:\/\/eurosdiscounts.com\/#website\"},\"primaryImageOfPage\":{\"@id\":\"https:\/\/eurosdiscounts.com\/index.php\/produit\/tcl-u55x9006-tv-qled-55-139-cm-uhd-4k-hdr-son-jbl-3x-hdmi-smart-tv-android-6-0\/#primaryimage\"},\"image\":{\"@id\":\"https:\/\/eurosdiscounts.com\/index.php\/produit\/tcl-u55x9006-tv-qled-55-139-cm-uhd-4k-hdr-son-jbl-3x-hdmi-smart-tv-android-6-0\/#primaryimage\"},\"thumbnailUrl\":\"https:\/\/eurosdiscounts.com\/wp-content\/uploads\/2019\/09\/c-201.jpg\",\"datePublished\":\"2019-09-13T14:22:04+00:00\",\"dateModified\":\"2023-03-28T21:04:44+00:00\",\"breadcrumb\":{\"@id\":\"https:\/\/eurosdiscounts.com\/index.php\/produit\/tcl-u55x9006-tv-qled-55-139-cm-uhd-4k-hdr-son-jbl-3x-hdmi-smart-tv-android-6-0\/#breadcrumb\"},\"inLanguage\":\"fr-FR\",\"potentialAction\":[{\"@type\":\"ReadAction\",\"target\":[\"https:\/\/eurosdiscounts.com\/index.php\/produit\/tcl-u55x9006-tv-qled-55-139-cm-uhd-4k-hdr-son-jbl-3x-hdmi-smart-tv-android-6-0\/\"]}]},{\"@type\":\"ImageObject\",\"inLanguage\":\"fr-FR\",\"@id\":\"https:\/\/eurosdiscounts.com\/index.php\/produit\/tcl-u55x9006-tv-qled-55-139-cm-uhd-4k-hdr-son-jbl-3x-hdmi-smart-tv-android-6-0\/#primaryimage\",\"url\":\"https:\/\/eurosdiscounts.com\/wp-content\/uploads\/2019\/09\/c-201.jpg\",\"contentUrl\":\"https:\/\/eurosdiscounts.com\/wp-content\/uploads\/2019\/09\/c-201.jpg\",\"width\":700,\"height\":700},{\"@type\":\"BreadcrumbList\",\"@id\":\"https:\/\/eurosdiscounts.com\/index.php\/produit\/tcl-u55x9006-tv-qled-55-139-cm-uhd-4k-hdr-son-jbl-3x-hdmi-smart-tv-android-6-0\/#breadcrumb\",\"itemListElement\":[{\"@type\":\"ListItem\",\"position\":1,\"name\":\"Accueil\",\"item\":\"https:\/\/eurosdiscounts.com\/\"},{\"@type\":\"ListItem\",\"position\":2,\"name\":\"Boutique\",\"item\":\"https:\/\/eurosdiscounts.com\/index.php\/boutique\/\"},{\"@type\":\"ListItem\",\"position\":3,\"name\":\"TCL U55X9006 TV QLED &#8211; 55&Prime; (139 cm) &#8211; UHD 4K HDR &#8211; son JBL &#8211; 3X HDMI &#8211; Smart TV Android 6.0\"}]},{\"@type\":\"WebSite\",\"@id\":\"https:\/\/eurosdiscounts.com\/#website\",\"url\":\"https:\/\/eurosdiscounts.com\/\",\"name\":\"Eurosdiscounts.com- Achat sur Internet a prix discount, Canap\u00e9s pas cher, Smartphone pas cher, pc portable pas cher..\",\"description\":\"Eurosdiscounts.com- Achat sur Internet a prix discount, Canap\u00e9s pas cher, Smartphone pas cher, pc portable pas cher..\",\"potentialAction\":[{\"@type\":\"SearchAction\",\"target\":{\"@type\":\"EntryPoint\",\"urlTemplate\":\"https:\/\/eurosdiscounts.com\/?s={search_term_string}\"},\"query-input\":{\"@type\":\"PropertyValueSpecification\",\"valueRequired\":true,\"valueName\":\"search_term_string\"}}],\"inLanguage\":\"fr-FR\"}]}<\/script>\n<!-- \/ Yoast SEO plugin. -->","yoast_head_json":{"title":"TCL U55X9006 TV QLED - 55\" (139 cm) - UHD 4K HDR - son JBL - 3X HDMI - Smart TV Android 6.0 - Eurosdiscounts.com- Achat sur Internet a prix discount, Canap\u00e9s pas cher, Smartphone pas cher, pc portable pas cher..","robots":{"index":"index","follow":"follow","max-snippet":"max-snippet:-1","max-image-preview":"max-image-preview:large","max-video-preview":"max-video-preview:-1"},"canonical":"https:\/\/eurosdiscounts.com\/index.php\/produit\/tcl-u55x9006-tv-qled-55-139-cm-uhd-4k-hdr-son-jbl-3x-hdmi-smart-tv-android-6-0\/","og_locale":"fr_FR","og_type":"article","og_title":"TCL U55X9006 TV QLED - 55\" (139 cm) - UHD 4K HDR - son JBL - 3X HDMI - Smart TV Android 6.0 - Eurosdiscounts.com- Achat sur Internet a prix discount, Canap\u00e9s pas cher, Smartphone pas cher, pc portable pas cher..","og_description":"Les points forts :  R\u00e9tro\u00e9clairage par LED - Quantum Dot technology, Ultra Micro Dimming  Format d'affichage : 4K UHD (2160p)  R\u00e9solution : 3840 x 2160  Technologie HDR : HDR Pro, Hybrid Log-Gamma (HLG)  Technologie d'am\u00e9lioration du mouvement : 2100 Picture Performance Index   Qt\u00e9 de ports HDMI : 3 ports  Tuner TV num\u00e9rique : DVB-C, DVB-S2, DVB-T2  Am\u00e9liorations d'image : Mega Dynamic Contrast Ratio, UHD Upscaling, R\u00e9duction de bruit  Interface vid\u00e9o : HDMI","og_url":"https:\/\/eurosdiscounts.com\/index.php\/produit\/tcl-u55x9006-tv-qled-55-139-cm-uhd-4k-hdr-son-jbl-3x-hdmi-smart-tv-android-6-0\/","og_site_name":"Eurosdiscounts.com- Achat sur Internet a prix discount, Canap\u00e9s pas cher, Smartphone pas cher, pc portable pas cher..","article_modified_time":"2023-03-28T21:04:44+00:00","og_image":[{"width":700,"height":700,"url":"https:\/\/eurosdiscounts.com\/wp-content\/uploads\/2019\/09\/c-201.jpg","type":"image\/jpeg"}],"twitter_card":"summary_large_image","twitter_misc":{"Dur\u00e9e de lecture estim\u00e9e":"3 minutes"},"schema":{"@context":"https:\/\/schema.org","@graph":[{"@type":"WebPage","@id":"https:\/\/eurosdiscounts.com\/index.php\/produit\/tcl-u55x9006-tv-qled-55-139-cm-uhd-4k-hdr-son-jbl-3x-hdmi-smart-tv-android-6-0\/","url":"https:\/\/eurosdiscounts.com\/index.php\/produit\/tcl-u55x9006-tv-qled-55-139-cm-uhd-4k-hdr-son-jbl-3x-hdmi-smart-tv-android-6-0\/","name":"TCL U55X9006 TV QLED - 55\" (139 cm) - UHD 4K HDR - son JBL - 3X HDMI - Smart TV Android 6.0 - Eurosdiscounts.com- Achat sur Internet a prix discount, Canap\u00e9s pas cher, Smartphone pas cher, pc portable pas cher..","isPartOf":{"@id":"https:\/\/eurosdiscounts.com\/#website"},"primaryImageOfPage":{"@id":"https:\/\/eurosdiscounts.com\/index.php\/produit\/tcl-u55x9006-tv-qled-55-139-cm-uhd-4k-hdr-son-jbl-3x-hdmi-smart-tv-android-6-0\/#primaryimage"},"image":{"@id":"https:\/\/eurosdiscounts.com\/index.php\/produit\/tcl-u55x9006-tv-qled-55-139-cm-uhd-4k-hdr-son-jbl-3x-hdmi-smart-tv-android-6-0\/#primaryimage"},"thumbnailUrl":"https:\/\/eurosdiscounts.com\/wp-content\/uploads\/2019\/09\/c-201.jpg","datePublished":"2019-09-13T14:22:04+00:00","dateModified":"2023-03-28T21:04:44+00:00","breadcrumb":{"@id":"https:\/\/eurosdiscounts.com\/index.php\/produit\/tcl-u55x9006-tv-qled-55-139-cm-uhd-4k-hdr-son-jbl-3x-hdmi-smart-tv-android-6-0\/#breadcrumb"},"inLanguage":"fr-FR","potentialAction":[{"@type":"ReadAction","target":["https:\/\/eurosdiscounts.com\/index.php\/produit\/tcl-u55x9006-tv-qled-55-139-cm-uhd-4k-hdr-son-jbl-3x-hdmi-smart-tv-android-6-0\/"]}]},{"@type":"ImageObject","inLanguage":"fr-FR","@id":"https:\/\/eurosdiscounts.com\/index.php\/produit\/tcl-u55x9006-tv-qled-55-139-cm-uhd-4k-hdr-son-jbl-3x-hdmi-smart-tv-android-6-0\/#primaryimage","url":"https:\/\/eurosdiscounts.com\/wp-content\/uploads\/2019\/09\/c-201.jpg","contentUrl":"https:\/\/eurosdiscounts.com\/wp-content\/uploads\/2019\/09\/c-201.jpg","width":700,"height":700},{"@type":"BreadcrumbList","@id":"https:\/\/eurosdiscounts.com\/index.php\/produit\/tcl-u55x9006-tv-qled-55-139-cm-uhd-4k-hdr-son-jbl-3x-hdmi-smart-tv-android-6-0\/#breadcrumb","itemListElement":[{"@type":"ListItem","position":1,"name":"Accueil","item":"https:\/\/eurosdiscounts.com\/"},{"@type":"ListItem","position":2,"name":"Boutique","item":"https:\/\/eurosdiscounts.com\/index.php\/boutique\/"},{"@type":"ListItem","position":3,"name":"TCL U55X9006 TV QLED &#8211; 55&Prime; (139 cm) &#8211; UHD 4K HDR &#8211; son JBL &#8211; 3X HDMI &#8211; Smart TV Android 6.0"}]},{"@type":"WebSite","@id":"https:\/\/eurosdiscounts.com\/#website","url":"https:\/\/eurosdiscounts.com\/","name":"Eurosdiscounts.com- Achat sur Internet a prix discount, Canap\u00e9s pas cher, Smartphone pas cher, pc portable pas cher..","description":"Eurosdiscounts.com- Achat sur Internet a prix discount, Canap\u00e9s pas cher, Smartphone pas cher, pc portable pas cher..","potentialAction":[{"@type":"SearchAction","target":{"@type":"EntryPoint","urlTemplate":"https:\/\/eurosdiscounts.com\/?s={search_term_string}"},"query-input":{"@type":"PropertyValueSpecification","valueRequired":true,"valueName":"search_term_string"}}],"inLanguage":"fr-FR"}]}},"_links":{"self":[{"href":"https:\/\/eurosdiscounts.com\/index.php\/wp-json\/wp\/v2\/product\/3990","targetHints":{"allow":["GET"]}}],"collection":[{"href":"https:\/\/eurosdiscounts.com\/index.php\/wp-json\/wp\/v2\/product"}],"about":[{"href":"https:\/\/eurosdiscounts.com\/index.php\/wp-json\/wp\/v2\/types\/product"}],"replies":[{"embeddable":true,"href":"https:\/\/eurosdiscounts.com\/index.php\/wp-json\/wp\/v2\/comments?post=3990"}],"wp:featuredmedia":[{"embeddable":true,"href":"https:\/\/eurosdiscounts.com\/index.php\/wp-json\/wp\/v2\/media\/3991"}],"wp:attachment":[{"href":"https:\/\/eurosdiscounts.com\/index.php\/wp-json\/wp\/v2\/media?parent=3990"}],"wp:term":[{"taxonomy":"product_cat","embeddable":true,"href":"https:\/\/eurosdiscounts.com\/index.php\/wp-json\/wp\/v2\/product_cat?post=3990"},{"taxonomy":"product_tag","embeddable":true,"href":"https:\/\/eurosdiscounts.com\/index.php\/wp-json\/wp\/v2\/product_tag?post=3990"}],"curies":[{"name":"wp","href":"https:\/\/api.w.org\/{rel}","templated":true}]}}