{"id":3856,"date":"2019-09-13T02:08:20","date_gmt":"2019-09-13T00:08:20","guid":{"rendered":"https:\/\/smartsdiscount.com\/?post_type=product&amp;p=3856"},"modified":"2019-09-13T02:08:20","modified_gmt":"2019-09-13T00:08:20","slug":"samsung-galaxy-s10-128-go-noir-prisme","status":"publish","type":"product","link":"https:\/\/eurosdiscounts.com\/index.php\/produit\/samsung-galaxy-s10-128-go-noir-prisme\/","title":{"rendered":"Samsung Galaxy S10 128 Go Noir Prisme"},"content":{"rendered":"<table class=\"fpDescTb fpDescTbPub\">\n<tbody>\n<tr>\n<th colspan=\"2\">Informations g\u00e9n\u00e9rales sur le produit<\/th>\n<\/tr>\n<tr>\n<td>Marque<\/td>\n<td><a title=\"SAMSUNG\" href=\"https:\/\/www.cdiscount.com\/m-443-samsung.html\" data-link=\"SFP-ZBN-TNO-DPM\">SAMSUNG<\/a><\/td>\n<\/tr>\n<tr>\n<td>Nom du produit<\/td>\n<td>Samsung Galaxy S10 128 Go Noir Prisme<\/td>\n<\/tr>\n<tr>\n<td>Cat\u00e9gorie<\/td>\n<td>SMARTPHONE<\/td>\n<\/tr>\n<tr>\n<th colspan=\"2\">Informations sur le produit<\/th>\n<\/tr>\n<tr>\n<td>Couleur(s)<\/td>\n<td>Noir Prisme<\/td>\n<\/tr>\n<tr>\n<td>DAS<\/td>\n<td>DAS t\u00eate = 0,477 W\/kg<br \/>\nDAS corps = 1,593 W\/kg<\/td>\n<\/tr>\n<tr>\n<td>Information DAS<\/td>\n<td>Le DAS (d\u00e9bit d\u2019absorption sp\u00e9cifique) des t\u00e9l\u00e9phones mobiles quantifie le niveau d\u2019exposition<br \/>\nmaximal de l\u2019utilisateur aux ondes \u00e9lectromagn\u00e9tiques, pour une utilisation \u00e0 l\u2019oreille.<br \/>\nLa r\u00e9glementation fran\u00e7aise impose que le DAS ne d\u00e9passe pas 2W\/kg<\/td>\n<\/tr>\n<tr>\n<td>Capacit\u00e9 (m\u00e9moire)<\/td>\n<td>128 Go<\/td>\n<\/tr>\n<tr>\n<th colspan=\"2\">G\u00e9n\u00e9ral<\/th>\n<\/tr>\n<tr>\n<td>Type de produit<\/td>\n<td>Smartphone<\/td>\n<\/tr>\n<tr>\n<td>Composants int\u00e9gr\u00e9s<\/td>\n<td>Cam\u00e9ra avant, enregistreur vocal, capteur de fr\u00e9quence cardiaque, haut-parleurs st\u00e9r\u00e9o, navigation, lecteur num\u00e9rique, triple cam\u00e9ra orient\u00e9e vers l&rsquo;arri\u00e8re<\/td>\n<\/tr>\n<tr>\n<td>Mat\u00e9riau du boitier<\/td>\n<td>Verre type Gorilla\u00a05<\/td>\n<\/tr>\n<tr>\n<td>Couleur du boitier<\/td>\n<td>Noir prisme<\/td>\n<\/tr>\n<tr>\n<td>Profondeur<\/td>\n<td>7.8 mm<\/td>\n<\/tr>\n<tr>\n<td>Largeur<\/td>\n<td>70.4 mm<\/td>\n<\/tr>\n<tr>\n<td>Hauteur<\/td>\n<td>149.9 mm<\/td>\n<\/tr>\n<tr>\n<td>Poids<\/td>\n<td>157 g<\/td>\n<\/tr>\n<tr>\n<td>Valeur DAS<\/td>\n<td>1,593 W\/kg (corps) \/ 0,477 W\/kg (t\u00eate)<\/td>\n<\/tr>\n<tr>\n<td>Protection<\/td>\n<td>Anti-poussi\u00e8re, anti-\u00e9claboussement, \u00e9tanche<\/td>\n<\/tr>\n<tr>\n<td>Format<\/td>\n<td>Tactile<\/td>\n<\/tr>\n<tr>\n<td>Num\u00e9ro de mod\u00e8le du fabricant<\/td>\n<td>SM-G973F\/DS<\/td>\n<\/tr>\n<tr>\n<th colspan=\"2\">T\u00e9l\u00e9phone mobile<\/th>\n<\/tr>\n<tr>\n<td>Syst\u00e8me d&rsquo;exploitation<\/td>\n<td>Android 9.0 Pie<\/td>\n<\/tr>\n<tr>\n<td>Technologie<\/td>\n<td>TD-SCDMA \/ WCDMA (UMTS) \/ GSM<\/td>\n<\/tr>\n<tr>\n<td>G\u00e9n\u00e9ration \u00e0 haut d\u00e9bit mobile<\/td>\n<td>4G<\/td>\n<\/tr>\n<tr>\n<td>Fournisseur de services<\/td>\n<td>Non sp\u00e9cifi\u00e9<\/td>\n<\/tr>\n<tr>\n<td>Interface utilisateur<\/td>\n<td>One UI<\/td>\n<\/tr>\n<tr>\n<td>Type de carte SIM<\/td>\n<td>Nano SIM<\/td>\n<\/tr>\n<tr>\n<td>Technologie de paiement<\/td>\n<td>Samsung Pay<\/td>\n<\/tr>\n<tr>\n<td>Navigation<\/td>\n<td>GPS, GLONASS, BeiDou, Galileo<\/td>\n<\/tr>\n<tr>\n<td>Assistant intelligent<\/td>\n<td>Bixby<\/td>\n<\/tr>\n<tr>\n<td>Appareil d&rsquo;entr\u00e9e<\/td>\n<td>Multi-touches, capacitif<\/td>\n<\/tr>\n<tr>\n<td>D\u00e9tails de configuration de la carte SIM<\/td>\n<td>Nano SIM + nano SIM\/microSD<\/td>\n<\/tr>\n<tr>\n<td>Qt\u00e9 de carte SIM<\/td>\n<td>Double SIM<\/td>\n<\/tr>\n<tr>\n<th colspan=\"2\">Processeur<\/th>\n<\/tr>\n<tr>\n<td>Qt\u00e9 de coeur de processeur<\/td>\n<td>8 coeurs<\/td>\n<\/tr>\n<tr>\n<td>Architecture 64 bits<\/td>\n<td>Oui<\/td>\n<\/tr>\n<tr>\n<td>Fr\u00e9quence d&rsquo;horloge<\/td>\n<td>2.7 GHz<\/td>\n<\/tr>\n<tr>\n<th colspan=\"2\">Affichage<\/th>\n<\/tr>\n<tr>\n<td>Technologie<\/td>\n<td>Infinity-O Dynamic AMOLED<\/td>\n<\/tr>\n<tr>\n<td>Caract\u00e9ristiques<\/td>\n<td>Affichage toujours allum\u00e9, \u00e9cran \u00e0 bordure, HDR10+<\/td>\n<\/tr>\n<tr>\n<td>Type<\/td>\n<td>Ecran OEL<\/td>\n<\/tr>\n<tr>\n<td>Densit\u00e9 des pixels<\/td>\n<td>550 ppi<\/td>\n<\/tr>\n<tr>\n<td>Protection<\/td>\n<td>Verre Corning Gorilla 6 (verre r\u00e9sistant aux rayures)<\/td>\n<\/tr>\n<tr>\n<td>Taille de la diagonale<\/td>\n<td>6.1&Prime;<\/td>\n<\/tr>\n<tr>\n<td>R\u00e9solution d&rsquo;\u00e9cran<\/td>\n<td>3040 x 1440 pixels<\/td>\n<\/tr>\n<tr>\n<td>Profondeur d&rsquo;\u00e9chantillonnage<\/td>\n<td>16,7 millions de couleurs<\/td>\n<\/tr>\n<tr>\n<td>Format d&rsquo;affichage<\/td>\n<td>QHD+<\/td>\n<\/tr>\n<tr>\n<td>HDR<\/td>\n<td>Oui<\/td>\n<\/tr>\n<tr>\n<th colspan=\"2\">Messagerie et Internet<\/th>\n<\/tr>\n<tr>\n<td>Services de messagerie<\/td>\n<td>SMS, MMS<\/td>\n<\/tr>\n<tr>\n<td>Blogs et r\u00e9seaux sociaux pris en charge<\/td>\n<td>Oui<\/td>\n<\/tr>\n<tr>\n<th colspan=\"2\">Communications<\/th>\n<\/tr>\n<tr>\n<td>Interface sans fil<\/td>\n<td>NFC, Bluetooth 5.0 LE, ANT+\/ANT, IEEE 802.11a\/b\/g\/n\/ac\/ax<\/td>\n<\/tr>\n<tr>\n<td>Bande 2G<\/td>\n<td>GSM 850\/900\/1800\/1900 \/ TD-SCDMA 1880\/2010<\/td>\n<\/tr>\n<tr>\n<td>Bande 4G LTE<\/td>\n<td>Bande 1, Bande 2, Bande 3, Bande 4, Bande 5, Bande 7, Bande 8, Bande 12, Bande 13, Bande 17, Bande 18, Bande 19, Bande 20, Bande 25, Bande 26, Bande 28, Bande 32, Bande 38, Bande 39, Bande 40, Bande 41, Bande 66<\/td>\n<\/tr>\n<tr>\n<td>Fr\u00e9quence LTE 4G<\/td>\n<td>FDD 2100, FDD 1900 PCS, FDD 1800+, FDD 1700 &#8211; 2110 AWS, FDD 850, FDD 2600, FDD 900, FDD 700a, FDD 700c, FDD 700b, FDD 800 inf\u00e9rieur, FDD 800 sup\u00e9rieur, FDD 800 DD, FDD 1900+, FDD 850+, FDD 700 APT, FDD 1500 L, TDD 2600, TDD 1900, TDD 2300, TDD 2500, FDD 1700 &#8211; 2110 AWS-3<\/td>\n<\/tr>\n<tr>\n<td>Bande 3G UMTS<\/td>\n<td>Bande 1, Bande 2, Bande 4, Bande 5, Bande 8<\/td>\n<\/tr>\n<tr>\n<td>Fr\u00e9quence UMTS 3G<\/td>\n<td>2100, 1900, 1700, 850, 900<\/td>\n<\/tr>\n<tr>\n<td>Transmission de donn\u00e9es<\/td>\n<td>GPRS, EDGE, HSDPA, HSUPA, HSPA+, VoLTE, FDD-LTE, TDD-LTE, VoWiFi, LAA<\/td>\n<\/tr>\n<tr>\n<th colspan=\"2\">Caract\u00e9ristiques du t\u00e9l\u00e9phone<\/th>\n<\/tr>\n<tr>\n<td>Fonctions du t\u00e9l\u00e9phone<\/td>\n<td>T\u00e9l\u00e9phone \u00e0 haut parleur, commande vocale, compteur d&rsquo;appels, t\u00e9l\u00e9conf\u00e9rence, mode avion, num\u00e9rotation vocale, vibreur<\/td>\n<\/tr>\n<tr>\n<td>Capteurs<\/td>\n<td>Acc\u00e9l\u00e9rom\u00e8tre, Capteur de proximit\u00e9, barom\u00e8tre, capteur gyroscopique, capteur \u00e0 effet Hall, capteur RGB, capteur de pression, capteur g\u00e9omagn\u00e9tique<\/td>\n<\/tr>\n<tr>\n<td>P\u00e9riph\u00e9riques de s\u00e9curit\u00e9<\/td>\n<td>Reconnaissance faciale, lecteur d&#8217;empreinte digitale (sous l&rsquo;affichage)<\/td>\n<\/tr>\n<tr>\n<td>Fonctions suppl\u00e9mentaires<\/td>\n<td>Smart Select, technologie MU-MIMO, Samsung KNOX, High AOP Mic, Smart View, Message en direct, Bixby Vision, fonction Dossier s\u00e9curis\u00e9, Double audio, Routines Bixby, Intelligent Performance Enhancer<\/td>\n<\/tr>\n<tr>\n<th colspan=\"2\">Lecteur multim\u00e9dia<\/th>\n<\/tr>\n<tr>\n<td>Normes vid\u00e9o num\u00e9riques prises en charge<\/td>\n<td>MKV, FLV, AVI, MPEG-4, WMV, ASF, 3GP, M4V, WebM, 3G2<\/td>\n<\/tr>\n<tr>\n<td>Am\u00e9liorations sonores<\/td>\n<td>Son Dolby Digital Plus, technologie de son Dolby Atmos, Son surround, haut-parleurs st\u00e9r\u00e9o accord\u00e9s par AKG, son Dolby Digital<\/td>\n<\/tr>\n<tr>\n<td>Normes audionum\u00e9riques prises en charge<\/td>\n<td>WAV, WMA, AAC, PCM, AMR, MP3, FLAC, XMF, OGG, MIDI, APE (Monkey&rsquo;s Audio), M4A, DSF, DSD, MXMF, OGA, 3GA, AWB, IMY, RTTTL, RTX, OTA, DFF, MID, DSD64, DSD128<\/td>\n<\/tr>\n<tr>\n<th colspan=\"2\">M\u00e9moire<\/th>\n<\/tr>\n<tr>\n<td>RAM<\/td>\n<td>8 Go &#8211; LPDDR4X SDRAM<\/td>\n<\/tr>\n<tr>\n<td>Cartes m\u00e9moire flash prises en charge<\/td>\n<td>microSDHC, microSDXC &#8211; jusqu&rsquo;\u00e0 512 Go<\/td>\n<\/tr>\n<tr>\n<td>M\u00e9moire utilisateur<\/td>\n<td>107.8 Go<\/td>\n<\/tr>\n<tr>\n<td>Capacit\u00e9 de la m\u00e9moire interne<\/td>\n<td>128 Go<\/td>\n<\/tr>\n<tr>\n<th colspan=\"2\">Connexions<\/th>\n<\/tr>\n<tr>\n<td>Type de connecteur<\/td>\n<td>USB Type-C &#8211; 24 pin USB-C<br \/>\nPrise pour casque micro &#8211; mini-t\u00e9l\u00e9phone 3,5 mm<\/td>\n<\/tr>\n<tr>\n<th colspan=\"2\">Batterie<\/th>\n<\/tr>\n<tr>\n<td>Capacit\u00e9<\/td>\n<td>3400 mAh<\/td>\n<\/tr>\n<tr>\n<td>Autonomie<\/td>\n<td>En conversation (WCDMA): jusqu&rsquo;\u00e0 1260 min<br \/>\nUtilisation en ligne activ\u00e9e (3G): jusqu&rsquo;\u00e0 12 hrs<br \/>\nUtilisation en ligne activ\u00e9e (LTE): jusqu&rsquo;\u00e0 14 hrs<br \/>\nUtilisation en ligne activ\u00e9e (Wi-Fi): jusqu&rsquo;\u00e0 14 hrs<br \/>\nLecture (vid\u00e9o): jusqu&rsquo;\u00e0 18 hrs<br \/>\nLecture (audio): jusqu&rsquo;\u00e0 81 hrs<\/td>\n<\/tr>\n<tr>\n<td>Chargement sans fil<\/td>\n<td>Oui<\/td>\n<\/tr>\n<tr>\n<td>Normes de facturation sans fil<\/td>\n<td>WPC, PMA, Qi, Fast Wireless Charging 2.0, Wireless PowerShare<\/td>\n<\/tr>\n<tr>\n<td>Technologie de charge rapide<\/td>\n<td>Qualcomm Quick Charge 2,0, Adaptive Fast Charging<\/td>\n<\/tr>\n<tr>\n<td>Temps de parole<\/td>\n<td>1260 minutes<\/td>\n<\/tr>\n<tr>\n<th colspan=\"2\">Divers<\/th>\n<\/tr>\n<tr>\n<td>Normes de conformit\u00e9<\/td>\n<td>VDE, IP68, TUV Rheinland Eye Comfort Certification<\/td>\n<\/tr>\n<tr>\n<th colspan=\"2\">Garantie du fabricant<\/th>\n<\/tr>\n<tr>\n<td>Service et maintenance<\/td>\n<td>Garantie limit\u00e9e &#8211; 2 ans<\/td>\n<\/tr>\n<tr>\n<th colspan=\"2\">Cam\u00e9ra avant<\/th>\n<\/tr>\n<tr>\n<td>R\u00e9solution du capteur<\/td>\n<td>10 m\u00e9gapixels<\/td>\n<\/tr>\n<tr>\n<td>R\u00e9glage de la mise au point<\/td>\n<td>Automatique<\/td>\n<\/tr>\n<tr>\n<td>Fonctionnalit\u00e9s<\/td>\n<td>AF double pixel<\/td>\n<\/tr>\n<tr>\n<td>Ouverture de l&rsquo;objectif<\/td>\n<td>F\/1.9<\/td>\n<\/tr>\n<tr>\n<td>Type d&rsquo;objectif<\/td>\n<td>Objectif grand angle<\/td>\n<\/tr>\n<tr>\n<td>Modes cam\u00e9ra<\/td>\n<td>Mode Live Focus<\/td>\n<\/tr>\n<tr>\n<td>Dimension de pixel<\/td>\n<td>1.22 \u00b5m<\/td>\n<\/tr>\n<tr>\n<td>Champ de vue (FOV)<\/td>\n<td>80 degr\u00e9s<\/td>\n<\/tr>\n<tr>\n<th colspan=\"2\">Cam\u00e9ra arri\u00e8re<\/th>\n<\/tr>\n<tr>\n<td>Caract\u00e9ristiques<\/td>\n<td>D\u00e9marrage rapide, Zoom lecture, Phase Detect Auto-Focus (PDAF), d\u00e9tection de clignements, VDIS (stabilisation d&rsquo;image num\u00e9rique vid\u00e9o), Tracking AF, balises de localisation vid\u00e9o, \u00e9tiquettes de localisation, support vid\u00e9o Hyperlapse 1080p, Optimiseur de sc\u00e8ne, vue compl\u00e8te, D\u00e9tection de d\u00e9fauts, photos fixes de 9.1 MP enregistrement vid\u00e9o 4K, suggestions de tir, d\u00e9tection de flou, enregistrement HDR10+, Bouton d&rsquo;obturateur flottant, Super stable<\/td>\n<\/tr>\n<tr>\n<td>Effets sp\u00e9ciaux<\/td>\n<td>HDR, Ligne de grille<\/td>\n<\/tr>\n<tr>\n<td>R\u00e9glage de la mise au point<\/td>\n<td>Automatique, manuel<\/td>\n<\/tr>\n<tr>\n<td>R\u00e9solution du capteur<\/td>\n<td>12 m\u00e9gapixels<\/td>\n<\/tr>\n<tr>\n<td>Zoom num\u00e9rique<\/td>\n<td>10<\/td>\n<\/tr>\n<tr>\n<td>Modes de cam\u00e9ra<\/td>\n<td>Panorama, Mode ralenti, mode Pro, Mode retardateur, HYPERLAPSE, Super Slow-mo, \u00e9motic\u00f4ne AR, fleurs, Verdure, arbres, ciel, montagnes, plages, Rives, neige, r\u00e9tro\u00e9clair\u00e9, texte, Photos avec mouvement, Alimentation, Mise au point en direct avec effet bokeh, Visage, b\u00e9b\u00e9, Personne, Chien, Chat, Gens, Coucher de soleil, Lever de soleil, Ville, Chute d&rsquo;eau, Sc\u00e8ne, Sc\u00e8ne, V\u00e9hicules, Boissons, Animal, Chaussures, Int\u00e9rieur, V\u00eatements, Vue de nuit<\/td>\n<\/tr>\n<tr>\n<td>R\u00e9solutions vid\u00e9o<\/td>\n<td>1920 x 1080 (1080p) \u00e0 60 fps, 1280 x 720 (720p) \u00e0 30 fps, 3840 x 2160 (4K) \u00e0 60 fps, Vid\u00e9o super ralentie de 1280 x 720 (720p) \u00e0 960 fps, Vid\u00e9o slo-mo de 1920 x 1080 (1080p) \u00e0 240 fps<\/td>\n<\/tr>\n<tr>\n<td>Ouverture d&rsquo;objectif<\/td>\n<td>F\/2.4<\/td>\n<\/tr>\n<tr>\n<td>Source de lumi\u00e8re<\/td>\n<td>Flash LED \u00e0 haut CRI<\/td>\n<\/tr>\n<tr>\n<td>Detection faciale<\/td>\n<td>D\u00e9tection de visage<\/td>\n<\/tr>\n<tr>\n<td>Type d&rsquo;objectif<\/td>\n<td>T\u00e9l\u00e9objectif<\/td>\n<\/tr>\n<tr>\n<td>Zoom optique<\/td>\n<td>2<\/td>\n<\/tr>\n<tr>\n<td>Stabilisateur d&rsquo;image optique<\/td>\n<td>OIS double (stabilisateur d&rsquo;image optique)<\/td>\n<\/tr>\n<tr>\n<td>Dimension de pixel<\/td>\n<td>1 \u00b5m<\/td>\n<\/tr>\n<tr>\n<td>Champ de vue (FOV)<\/td>\n<td>45 degr\u00e9s<\/td>\n<\/tr>\n<tr>\n<th colspan=\"2\">Deuxi\u00e8me cam\u00e9ra arri\u00e8re<\/th>\n<\/tr>\n<tr>\n<td>Ouverture de l&rsquo;objectif<\/td>\n<td>F\/1.5 &amp; f\/2.4<\/td>\n<\/tr>\n<tr>\n<td>Type d&rsquo;objectif<\/td>\n<td>Objectif grand angle<\/td>\n<\/tr>\n<tr>\n<td>Caract\u00e9ristiques<\/td>\n<td>Double Pixel AF, OIS (Stabilisation optique d&rsquo;image)<\/td>\n<\/tr>\n<tr>\n<td>R\u00e9solution du capteur<\/td>\n<td>12 m\u00e9gapixels<\/td>\n<\/tr>\n<\/tbody>\n<\/table>\n","protected":false},"excerpt":{"rendered":"<p><span class=\"fpBlocTitle\">Les points forts :<\/span><\/p>\n<ul>\n<li>Taille de la diagonale : 6.1&Prime;<\/li>\n<li>R\u00e9solution du capteur : 12 m\u00e9gapixels<\/li>\n<li>Capacit\u00e9 : 3400 mAh<\/li>\n<li>Capacit\u00e9 de la m\u00e9moire interne : 128 Go<\/li>\n<li>8 coeurs<\/li>\n<\/ul>\n<div class=\"jsFpBulletPointMore\">\n<ul>\n<li>RAM : 8 Go &#8211; LPDDR4X SDRAM<\/li>\n<li>G\u00e9n\u00e9ration \u00e0 haut d\u00e9bit mobile : 4G<\/li>\n<li>Protection : Verre Corning Gorilla 6 (verre r\u00e9sistant aux rayures)<\/li>\n<\/ul>\n<\/div>\n","protected":false},"featured_media":3858,"comment_status":"open","ping_status":"closed","template":"","meta":[],"product_cat":[156,234],"product_tag":[],"class_list":{"0":"post-3856","1":"product","2":"type-product","3":"status-publish","4":"has-post-thumbnail","6":"product_cat-bons-plans","7":"product_cat-smartphones","9":"first","10":"instock","11":"sale","12":"shipping-taxable","13":"purchasable","14":"product-type-simple","15":"col-xs-6 col-sm-4","16":"col-md-3 col-lg-3","17":"un-4-cols"},"yoast_head":"<!-- This site is optimized with the Yoast SEO plugin v27.0 - https:\/\/yoast.com\/product\/yoast-seo-wordpress\/ -->\n<title>Samsung Galaxy S10 128 Go Noir Prisme - Eurosdiscounts.com- Achat sur Internet a prix discount, Canap\u00e9s pas cher, Smartphone pas cher, pc portable pas cher..<\/title>\n<meta name=\"robots\" content=\"index, follow, max-snippet:-1, max-image-preview:large, max-video-preview:-1\" \/>\n<link rel=\"canonical\" href=\"https:\/\/eurosdiscounts.com\/index.php\/produit\/samsung-galaxy-s10-128-go-noir-prisme\/\" \/>\n<meta property=\"og:locale\" content=\"fr_FR\" \/>\n<meta property=\"og:type\" content=\"article\" \/>\n<meta property=\"og:title\" content=\"Samsung Galaxy S10 128 Go Noir Prisme - Eurosdiscounts.com- Achat sur Internet a prix discount, Canap\u00e9s pas cher, Smartphone pas cher, pc portable pas cher..\" \/>\n<meta property=\"og:description\" content=\"Les points forts :  Taille de la diagonale : 6.1&quot;  R\u00e9solution du capteur : 12 m\u00e9gapixels  Capacit\u00e9 : 3400 mAh  Capacit\u00e9 de la m\u00e9moire interne : 128 Go  8 coeurs   RAM : 8 Go - LPDDR4X SDRAM  G\u00e9n\u00e9ration \u00e0 haut d\u00e9bit mobile : 4G  Protection : Verre Corning Gorilla 6 (verre r\u00e9sistant aux rayures)\" \/>\n<meta property=\"og:url\" content=\"https:\/\/eurosdiscounts.com\/index.php\/produit\/samsung-galaxy-s10-128-go-noir-prisme\/\" \/>\n<meta property=\"og:site_name\" content=\"Eurosdiscounts.com- Achat sur Internet a prix discount, Canap\u00e9s pas cher, Smartphone pas cher, pc portable pas cher..\" \/>\n<meta property=\"og:image\" content=\"https:\/\/eurosdiscounts.com\/wp-content\/uploads\/2019\/09\/c-180.jpg\" \/>\n\t<meta property=\"og:image:width\" content=\"700\" \/>\n\t<meta property=\"og:image:height\" content=\"700\" \/>\n\t<meta property=\"og:image:type\" content=\"image\/jpeg\" \/>\n<meta name=\"twitter:card\" content=\"summary_large_image\" \/>\n<meta name=\"twitter:label1\" content=\"Dur\u00e9e de lecture estim\u00e9e\" \/>\n\t<meta name=\"twitter:data1\" content=\"5 minutes\" \/>\n<script type=\"application\/ld+json\" class=\"yoast-schema-graph\">{\"@context\":\"https:\/\/schema.org\",\"@graph\":[{\"@type\":\"WebPage\",\"@id\":\"https:\/\/eurosdiscounts.com\/index.php\/produit\/samsung-galaxy-s10-128-go-noir-prisme\/\",\"url\":\"https:\/\/eurosdiscounts.com\/index.php\/produit\/samsung-galaxy-s10-128-go-noir-prisme\/\",\"name\":\"Samsung Galaxy S10 128 Go Noir Prisme - Eurosdiscounts.com- Achat sur Internet a prix discount, Canap\u00e9s pas cher, Smartphone pas cher, pc portable pas cher..\",\"isPartOf\":{\"@id\":\"https:\/\/eurosdiscounts.com\/#website\"},\"primaryImageOfPage\":{\"@id\":\"https:\/\/eurosdiscounts.com\/index.php\/produit\/samsung-galaxy-s10-128-go-noir-prisme\/#primaryimage\"},\"image\":{\"@id\":\"https:\/\/eurosdiscounts.com\/index.php\/produit\/samsung-galaxy-s10-128-go-noir-prisme\/#primaryimage\"},\"thumbnailUrl\":\"https:\/\/eurosdiscounts.com\/wp-content\/uploads\/2019\/09\/c-180.jpg\",\"datePublished\":\"2019-09-13T00:08:20+00:00\",\"breadcrumb\":{\"@id\":\"https:\/\/eurosdiscounts.com\/index.php\/produit\/samsung-galaxy-s10-128-go-noir-prisme\/#breadcrumb\"},\"inLanguage\":\"fr-FR\",\"potentialAction\":[{\"@type\":\"ReadAction\",\"target\":[\"https:\/\/eurosdiscounts.com\/index.php\/produit\/samsung-galaxy-s10-128-go-noir-prisme\/\"]}]},{\"@type\":\"ImageObject\",\"inLanguage\":\"fr-FR\",\"@id\":\"https:\/\/eurosdiscounts.com\/index.php\/produit\/samsung-galaxy-s10-128-go-noir-prisme\/#primaryimage\",\"url\":\"https:\/\/eurosdiscounts.com\/wp-content\/uploads\/2019\/09\/c-180.jpg\",\"contentUrl\":\"https:\/\/eurosdiscounts.com\/wp-content\/uploads\/2019\/09\/c-180.jpg\",\"width\":700,\"height\":700},{\"@type\":\"BreadcrumbList\",\"@id\":\"https:\/\/eurosdiscounts.com\/index.php\/produit\/samsung-galaxy-s10-128-go-noir-prisme\/#breadcrumb\",\"itemListElement\":[{\"@type\":\"ListItem\",\"position\":1,\"name\":\"Accueil\",\"item\":\"https:\/\/eurosdiscounts.com\/\"},{\"@type\":\"ListItem\",\"position\":2,\"name\":\"Boutique\",\"item\":\"https:\/\/eurosdiscounts.com\/index.php\/boutique\/\"},{\"@type\":\"ListItem\",\"position\":3,\"name\":\"Samsung Galaxy S10 128 Go Noir Prisme\"}]},{\"@type\":\"WebSite\",\"@id\":\"https:\/\/eurosdiscounts.com\/#website\",\"url\":\"https:\/\/eurosdiscounts.com\/\",\"name\":\"Eurosdiscounts.com- Achat sur Internet a prix discount, Canap\u00e9s pas cher, Smartphone pas cher, pc portable pas cher..\",\"description\":\"Eurosdiscounts.com- Achat sur Internet a prix discount, Canap\u00e9s pas cher, Smartphone pas cher, pc portable pas cher..\",\"potentialAction\":[{\"@type\":\"SearchAction\",\"target\":{\"@type\":\"EntryPoint\",\"urlTemplate\":\"https:\/\/eurosdiscounts.com\/?s={search_term_string}\"},\"query-input\":{\"@type\":\"PropertyValueSpecification\",\"valueRequired\":true,\"valueName\":\"search_term_string\"}}],\"inLanguage\":\"fr-FR\"}]}<\/script>\n<!-- \/ Yoast SEO plugin. -->","yoast_head_json":{"title":"Samsung Galaxy S10 128 Go Noir Prisme - Eurosdiscounts.com- Achat sur Internet a prix discount, Canap\u00e9s pas cher, Smartphone pas cher, pc portable pas cher..","robots":{"index":"index","follow":"follow","max-snippet":"max-snippet:-1","max-image-preview":"max-image-preview:large","max-video-preview":"max-video-preview:-1"},"canonical":"https:\/\/eurosdiscounts.com\/index.php\/produit\/samsung-galaxy-s10-128-go-noir-prisme\/","og_locale":"fr_FR","og_type":"article","og_title":"Samsung Galaxy S10 128 Go Noir Prisme - Eurosdiscounts.com- Achat sur Internet a prix discount, Canap\u00e9s pas cher, Smartphone pas cher, pc portable pas cher..","og_description":"Les points forts :  Taille de la diagonale : 6.1\"  R\u00e9solution du capteur : 12 m\u00e9gapixels  Capacit\u00e9 : 3400 mAh  Capacit\u00e9 de la m\u00e9moire interne : 128 Go  8 coeurs   RAM : 8 Go - LPDDR4X SDRAM  G\u00e9n\u00e9ration \u00e0 haut d\u00e9bit mobile : 4G  Protection : Verre Corning Gorilla 6 (verre r\u00e9sistant aux rayures)","og_url":"https:\/\/eurosdiscounts.com\/index.php\/produit\/samsung-galaxy-s10-128-go-noir-prisme\/","og_site_name":"Eurosdiscounts.com- Achat sur Internet a prix discount, Canap\u00e9s pas cher, Smartphone pas cher, pc portable pas cher..","og_image":[{"width":700,"height":700,"url":"https:\/\/eurosdiscounts.com\/wp-content\/uploads\/2019\/09\/c-180.jpg","type":"image\/jpeg"}],"twitter_card":"summary_large_image","twitter_misc":{"Dur\u00e9e de lecture estim\u00e9e":"5 minutes"},"schema":{"@context":"https:\/\/schema.org","@graph":[{"@type":"WebPage","@id":"https:\/\/eurosdiscounts.com\/index.php\/produit\/samsung-galaxy-s10-128-go-noir-prisme\/","url":"https:\/\/eurosdiscounts.com\/index.php\/produit\/samsung-galaxy-s10-128-go-noir-prisme\/","name":"Samsung Galaxy S10 128 Go Noir Prisme - Eurosdiscounts.com- Achat sur Internet a prix discount, Canap\u00e9s pas cher, Smartphone pas cher, pc portable pas cher..","isPartOf":{"@id":"https:\/\/eurosdiscounts.com\/#website"},"primaryImageOfPage":{"@id":"https:\/\/eurosdiscounts.com\/index.php\/produit\/samsung-galaxy-s10-128-go-noir-prisme\/#primaryimage"},"image":{"@id":"https:\/\/eurosdiscounts.com\/index.php\/produit\/samsung-galaxy-s10-128-go-noir-prisme\/#primaryimage"},"thumbnailUrl":"https:\/\/eurosdiscounts.com\/wp-content\/uploads\/2019\/09\/c-180.jpg","datePublished":"2019-09-13T00:08:20+00:00","breadcrumb":{"@id":"https:\/\/eurosdiscounts.com\/index.php\/produit\/samsung-galaxy-s10-128-go-noir-prisme\/#breadcrumb"},"inLanguage":"fr-FR","potentialAction":[{"@type":"ReadAction","target":["https:\/\/eurosdiscounts.com\/index.php\/produit\/samsung-galaxy-s10-128-go-noir-prisme\/"]}]},{"@type":"ImageObject","inLanguage":"fr-FR","@id":"https:\/\/eurosdiscounts.com\/index.php\/produit\/samsung-galaxy-s10-128-go-noir-prisme\/#primaryimage","url":"https:\/\/eurosdiscounts.com\/wp-content\/uploads\/2019\/09\/c-180.jpg","contentUrl":"https:\/\/eurosdiscounts.com\/wp-content\/uploads\/2019\/09\/c-180.jpg","width":700,"height":700},{"@type":"BreadcrumbList","@id":"https:\/\/eurosdiscounts.com\/index.php\/produit\/samsung-galaxy-s10-128-go-noir-prisme\/#breadcrumb","itemListElement":[{"@type":"ListItem","position":1,"name":"Accueil","item":"https:\/\/eurosdiscounts.com\/"},{"@type":"ListItem","position":2,"name":"Boutique","item":"https:\/\/eurosdiscounts.com\/index.php\/boutique\/"},{"@type":"ListItem","position":3,"name":"Samsung Galaxy S10 128 Go Noir Prisme"}]},{"@type":"WebSite","@id":"https:\/\/eurosdiscounts.com\/#website","url":"https:\/\/eurosdiscounts.com\/","name":"Eurosdiscounts.com- Achat sur Internet a prix discount, Canap\u00e9s pas cher, Smartphone pas cher, pc portable pas cher..","description":"Eurosdiscounts.com- Achat sur Internet a prix discount, Canap\u00e9s pas cher, Smartphone pas cher, pc portable pas cher..","potentialAction":[{"@type":"SearchAction","target":{"@type":"EntryPoint","urlTemplate":"https:\/\/eurosdiscounts.com\/?s={search_term_string}"},"query-input":{"@type":"PropertyValueSpecification","valueRequired":true,"valueName":"search_term_string"}}],"inLanguage":"fr-FR"}]}},"_links":{"self":[{"href":"https:\/\/eurosdiscounts.com\/index.php\/wp-json\/wp\/v2\/product\/3856","targetHints":{"allow":["GET"]}}],"collection":[{"href":"https:\/\/eurosdiscounts.com\/index.php\/wp-json\/wp\/v2\/product"}],"about":[{"href":"https:\/\/eurosdiscounts.com\/index.php\/wp-json\/wp\/v2\/types\/product"}],"replies":[{"embeddable":true,"href":"https:\/\/eurosdiscounts.com\/index.php\/wp-json\/wp\/v2\/comments?post=3856"}],"wp:featuredmedia":[{"embeddable":true,"href":"https:\/\/eurosdiscounts.com\/index.php\/wp-json\/wp\/v2\/media\/3858"}],"wp:attachment":[{"href":"https:\/\/eurosdiscounts.com\/index.php\/wp-json\/wp\/v2\/media?parent=3856"}],"wp:term":[{"taxonomy":"product_cat","embeddable":true,"href":"https:\/\/eurosdiscounts.com\/index.php\/wp-json\/wp\/v2\/product_cat?post=3856"},{"taxonomy":"product_tag","embeddable":true,"href":"https:\/\/eurosdiscounts.com\/index.php\/wp-json\/wp\/v2\/product_tag?post=3856"}],"curies":[{"name":"wp","href":"https:\/\/api.w.org\/{rel}","templated":true}]}}