{"id":3797,"date":"2019-09-12T22:31:51","date_gmt":"2019-09-12T20:31:51","guid":{"rendered":"https:\/\/smartsdiscount.com\/?post_type=product&amp;p=3797"},"modified":"2019-09-12T22:31:51","modified_gmt":"2019-09-12T20:31:51","slug":"scheppach-nettoyeur-haute-pression-165-bars-2200w-enrouleur-de-tuyau","status":"publish","type":"product","link":"https:\/\/eurosdiscounts.com\/index.php\/produit\/scheppach-nettoyeur-haute-pression-165-bars-2200w-enrouleur-de-tuyau\/","title":{"rendered":"SCHEPPACH Nettoyeur haute pression &#8211; 165 bars &#8211; 2200W &#8211; Enrouleur de tuyau"},"content":{"rendered":"<table class=\"fpDescTb fpDescTbPub\">\n<tbody>\n<tr>\n<th colspan=\"2\">Informations g\u00e9n\u00e9rales sur le produit<\/th>\n<\/tr>\n<tr>\n<td>Marque<\/td>\n<td><a title=\"SCHEPPACH\" href=\"https:\/\/www.cdiscount.com\/m-24724-scheppach.html\" data-link=\"SFP-ZBN-TNO-DPM\">SCHEPPACH<\/a><\/td>\n<\/tr>\n<tr>\n<td>Nom du produit<\/td>\n<td>SCHEPPACH Nettoyeur haute pression &#8211; 165 bars &#8211; 22<\/td>\n<\/tr>\n<tr>\n<td>Cat\u00e9gorie<\/td>\n<td>NETTOYEUR HAUTE PRESSION<\/td>\n<\/tr>\n<tr>\n<th colspan=\"2\">G\u00e9n\u00e9ral<\/th>\n<\/tr>\n<tr>\n<td>Type de Produit<\/td>\n<td>Nettoyeur haute pression<\/td>\n<\/tr>\n<tr>\n<td>Description du produit<\/td>\n<td>Nettoyeur haute pression 165 bars 2200W avec enrouleur de tuyau + r\u00e9servoir de d\u00e9tergent int\u00e9gr\u00e9 + p<br \/>\nistolet et lance haute pression + multibuse 3 en 1<\/td>\n<\/tr>\n<tr>\n<td>Mod\u00e8les<\/td>\n<td>HCE2200 BL<\/td>\n<\/tr>\n<tr>\n<td>Composition du lot<\/td>\n<td>1 x Nettoyeur haute pression<br \/>\n1 x enrouleur de tuyau<br \/>\n1 x r\u00e9servoir de d\u00e9tergent<br \/>\n1 x pistolet + lance haute pression<br \/>\n1 x multibuse 3 en 1<\/td>\n<\/tr>\n<tr>\n<td>Couleur(s)<\/td>\n<td>Bleu<\/td>\n<\/tr>\n<tr>\n<td>Fonction du produit<\/td>\n<td>Nettoyer<\/td>\n<\/tr>\n<tr>\n<td>Plus produit<\/td>\n<td>Syst\u00e8me de connexion rapide qui permet un remplacement rapide des accessoires<br \/>\nStable gr\u00e2ce \u00e0 son poids de 12 kg<br \/>\nD\u00e9placement facile gr\u00e2ce \u00e0 de grandes roues<br \/>\nGrand rayon d\u2019action de 10 m gr\u00e2ce \u00e0 son tuyau \u00e0 haute pression de 10 m<br \/>\nSupport int\u00e9gr\u00e9 pour les buses et le tuyau<\/td>\n<\/tr>\n<tr>\n<th colspan=\"2\">Dimensions et poids<\/th>\n<\/tr>\n<tr>\n<td>Dimensions<\/td>\n<td>365 x 276 x 820 mm<\/td>\n<\/tr>\n<tr>\n<td>Poids<\/td>\n<td>12 kg<\/td>\n<\/tr>\n<tr>\n<th colspan=\"2\">Caract\u00e9ristiques du nettoyeur haut pression<\/th>\n<\/tr>\n<tr>\n<td>Puissance de la pompe<\/td>\n<td>2200 W<\/td>\n<\/tr>\n<tr>\n<td>Pression maximum<\/td>\n<td>170 bars<\/td>\n<\/tr>\n<tr>\n<td>Temp\u00e9rature maximale de l&rsquo;eau<\/td>\n<td>50\u00b0<\/td>\n<\/tr>\n<tr>\n<th colspan=\"2\">Sp\u00e9cificit\u00e9s moteur<\/th>\n<\/tr>\n<tr>\n<td>Type de motorisation<\/td>\n<td>Electrique<\/td>\n<\/tr>\n<tr>\n<td>Puissance du moteur en W<\/td>\n<td>2200 W<\/td>\n<\/tr>\n<tr>\n<td>Puissance du moteur en CV<\/td>\n<td>2,5 cv<\/td>\n<\/tr>\n<tr>\n<td>Tension<\/td>\n<td>220 \u2013 240 V~<\/td>\n<\/tr>\n<tr>\n<td>D\u00e9marrage<\/td>\n<td>Electrique<\/td>\n<\/tr>\n<tr>\n<th colspan=\"2\">D\u00e9tail de l&rsquo;\u00e9quipement<\/th>\n<\/tr>\n<tr>\n<td>Lance<\/td>\n<td>Lance haute pression aluminium<\/td>\n<\/tr>\n<tr>\n<td>Buse<\/td>\n<td>1 x multibuse 3 en 1<\/td>\n<\/tr>\n<tr>\n<td>Equipements suppl\u00e9mentaires<\/td>\n<td>1 x enrouleur de tuyau<br \/>\n1 x r\u00e9servoir de d\u00e9tergent<br \/>\n1 x pistolet + lance haute pression<br \/>\n1 x multibuse 3 en 1<\/td>\n<\/tr>\n<tr>\n<td>Manche t\u00e9lescopique<\/td>\n<td>Non<\/td>\n<\/tr>\n<tr>\n<th colspan=\"2\">Divers<\/th>\n<\/tr>\n<tr>\n<td>Vendu \u00e0 l&rsquo;unit\u00e9 ou en pack<\/td>\n<td>unit\u00e9<\/td>\n<\/tr>\n<tr>\n<td>Certifications et normes<\/td>\n<td>CE<\/td>\n<\/tr>\n<tr>\n<td>Pays d&rsquo;origine<\/td>\n<td>Chine<\/td>\n<\/tr>\n<tr>\n<th colspan=\"2\">Dimensions colis<\/th>\n<\/tr>\n<tr>\n<td>Dimensions brutes &#8211; article emball\u00e9 (L x l x H)<\/td>\n<td>490 x 345 x 505 mm<\/td>\n<\/tr>\n<tr>\n<td>Poids emball\u00e9<\/td>\n<td>13KG<\/td>\n<\/tr>\n<\/tbody>\n<\/table>\n","protected":false},"excerpt":{"rendered":"<p><span class=\"fpBlocTitle\">Les points forts :<\/span><\/p>\n<ul>\n<li>unit\u00e9<\/li>\n<li>Puissance de la pompe : 2200 W<\/li>\n<li>Puissance du moteur en CV : 2,5 cv<\/li>\n<li>Puissance du moteur en W : 2200 W<\/li>\n<li>Fonction du produit : Nettoyer<\/li>\n<\/ul>\n","protected":false},"featured_media":3798,"comment_status":"open","ping_status":"closed","template":"","meta":[],"product_cat":[156,180],"product_tag":[],"class_list":{"0":"post-3797","1":"product","2":"type-product","3":"status-publish","4":"has-post-thumbnail","6":"product_cat-bons-plans","7":"product_cat-nettoyeur-haute-pression","9":"first","10":"instock","11":"sale","12":"shipping-taxable","13":"purchasable","14":"product-type-simple","15":"col-xs-6 col-sm-4","16":"col-md-3 col-lg-3","17":"un-4-cols"},"yoast_head":"<!-- This site is optimized with the Yoast SEO plugin v27.0 - https:\/\/yoast.com\/product\/yoast-seo-wordpress\/ -->\n<title>SCHEPPACH Nettoyeur haute pression - 165 bars - 2200W - Enrouleur de tuyau - Eurosdiscounts.com- Achat sur Internet a prix discount, Canap\u00e9s pas cher, Smartphone pas cher, pc portable pas cher..<\/title>\n<meta name=\"robots\" content=\"index, follow, max-snippet:-1, max-image-preview:large, max-video-preview:-1\" \/>\n<link rel=\"canonical\" href=\"https:\/\/eurosdiscounts.com\/index.php\/produit\/scheppach-nettoyeur-haute-pression-165-bars-2200w-enrouleur-de-tuyau\/\" \/>\n<meta property=\"og:locale\" content=\"fr_FR\" \/>\n<meta property=\"og:type\" content=\"article\" \/>\n<meta property=\"og:title\" content=\"SCHEPPACH Nettoyeur haute pression - 165 bars - 2200W - Enrouleur de tuyau - Eurosdiscounts.com- Achat sur Internet a prix discount, Canap\u00e9s pas cher, Smartphone pas cher, pc portable pas cher..\" \/>\n<meta property=\"og:description\" content=\"Les points forts :  unit\u00e9  Puissance de la pompe : 2200 W  Puissance du moteur en CV : 2,5 cv  Puissance du moteur en W : 2200 W  Fonction du produit : Nettoyer\" \/>\n<meta property=\"og:url\" content=\"https:\/\/eurosdiscounts.com\/index.php\/produit\/scheppach-nettoyeur-haute-pression-165-bars-2200w-enrouleur-de-tuyau\/\" \/>\n<meta property=\"og:site_name\" content=\"Eurosdiscounts.com- Achat sur Internet a prix discount, Canap\u00e9s pas cher, Smartphone pas cher, pc portable pas cher..\" \/>\n<meta property=\"og:image\" content=\"https:\/\/eurosdiscounts.com\/wp-content\/uploads\/2019\/09\/c-170.jpg\" \/>\n\t<meta property=\"og:image:width\" content=\"700\" \/>\n\t<meta property=\"og:image:height\" content=\"700\" \/>\n\t<meta property=\"og:image:type\" content=\"image\/jpeg\" \/>\n<meta name=\"twitter:card\" content=\"summary_large_image\" \/>\n<meta name=\"twitter:label1\" content=\"Dur\u00e9e de lecture estim\u00e9e\" \/>\n\t<meta name=\"twitter:data1\" content=\"1 minute\" \/>\n<script type=\"application\/ld+json\" class=\"yoast-schema-graph\">{\"@context\":\"https:\/\/schema.org\",\"@graph\":[{\"@type\":\"WebPage\",\"@id\":\"https:\/\/eurosdiscounts.com\/index.php\/produit\/scheppach-nettoyeur-haute-pression-165-bars-2200w-enrouleur-de-tuyau\/\",\"url\":\"https:\/\/eurosdiscounts.com\/index.php\/produit\/scheppach-nettoyeur-haute-pression-165-bars-2200w-enrouleur-de-tuyau\/\",\"name\":\"SCHEPPACH Nettoyeur haute pression - 165 bars - 2200W - Enrouleur de tuyau - Eurosdiscounts.com- Achat sur Internet a prix discount, Canap\u00e9s pas cher, Smartphone pas cher, pc portable pas cher..\",\"isPartOf\":{\"@id\":\"https:\/\/eurosdiscounts.com\/#website\"},\"primaryImageOfPage\":{\"@id\":\"https:\/\/eurosdiscounts.com\/index.php\/produit\/scheppach-nettoyeur-haute-pression-165-bars-2200w-enrouleur-de-tuyau\/#primaryimage\"},\"image\":{\"@id\":\"https:\/\/eurosdiscounts.com\/index.php\/produit\/scheppach-nettoyeur-haute-pression-165-bars-2200w-enrouleur-de-tuyau\/#primaryimage\"},\"thumbnailUrl\":\"https:\/\/eurosdiscounts.com\/wp-content\/uploads\/2019\/09\/c-170.jpg\",\"datePublished\":\"2019-09-12T20:31:51+00:00\",\"breadcrumb\":{\"@id\":\"https:\/\/eurosdiscounts.com\/index.php\/produit\/scheppach-nettoyeur-haute-pression-165-bars-2200w-enrouleur-de-tuyau\/#breadcrumb\"},\"inLanguage\":\"fr-FR\",\"potentialAction\":[{\"@type\":\"ReadAction\",\"target\":[\"https:\/\/eurosdiscounts.com\/index.php\/produit\/scheppach-nettoyeur-haute-pression-165-bars-2200w-enrouleur-de-tuyau\/\"]}]},{\"@type\":\"ImageObject\",\"inLanguage\":\"fr-FR\",\"@id\":\"https:\/\/eurosdiscounts.com\/index.php\/produit\/scheppach-nettoyeur-haute-pression-165-bars-2200w-enrouleur-de-tuyau\/#primaryimage\",\"url\":\"https:\/\/eurosdiscounts.com\/wp-content\/uploads\/2019\/09\/c-170.jpg\",\"contentUrl\":\"https:\/\/eurosdiscounts.com\/wp-content\/uploads\/2019\/09\/c-170.jpg\",\"width\":700,\"height\":700},{\"@type\":\"BreadcrumbList\",\"@id\":\"https:\/\/eurosdiscounts.com\/index.php\/produit\/scheppach-nettoyeur-haute-pression-165-bars-2200w-enrouleur-de-tuyau\/#breadcrumb\",\"itemListElement\":[{\"@type\":\"ListItem\",\"position\":1,\"name\":\"Accueil\",\"item\":\"https:\/\/eurosdiscounts.com\/\"},{\"@type\":\"ListItem\",\"position\":2,\"name\":\"Boutique\",\"item\":\"https:\/\/eurosdiscounts.com\/index.php\/boutique\/\"},{\"@type\":\"ListItem\",\"position\":3,\"name\":\"SCHEPPACH Nettoyeur haute pression &#8211; 165 bars &#8211; 2200W &#8211; Enrouleur de tuyau\"}]},{\"@type\":\"WebSite\",\"@id\":\"https:\/\/eurosdiscounts.com\/#website\",\"url\":\"https:\/\/eurosdiscounts.com\/\",\"name\":\"Eurosdiscounts.com- Achat sur Internet a prix discount, Canap\u00e9s pas cher, Smartphone pas cher, pc portable pas cher..\",\"description\":\"Eurosdiscounts.com- Achat sur Internet a prix discount, Canap\u00e9s pas cher, Smartphone pas cher, pc portable pas cher..\",\"potentialAction\":[{\"@type\":\"SearchAction\",\"target\":{\"@type\":\"EntryPoint\",\"urlTemplate\":\"https:\/\/eurosdiscounts.com\/?s={search_term_string}\"},\"query-input\":{\"@type\":\"PropertyValueSpecification\",\"valueRequired\":true,\"valueName\":\"search_term_string\"}}],\"inLanguage\":\"fr-FR\"}]}<\/script>\n<!-- \/ Yoast SEO plugin. -->","yoast_head_json":{"title":"SCHEPPACH Nettoyeur haute pression - 165 bars - 2200W - Enrouleur de tuyau - Eurosdiscounts.com- Achat sur Internet a prix discount, Canap\u00e9s pas cher, Smartphone pas cher, pc portable pas cher..","robots":{"index":"index","follow":"follow","max-snippet":"max-snippet:-1","max-image-preview":"max-image-preview:large","max-video-preview":"max-video-preview:-1"},"canonical":"https:\/\/eurosdiscounts.com\/index.php\/produit\/scheppach-nettoyeur-haute-pression-165-bars-2200w-enrouleur-de-tuyau\/","og_locale":"fr_FR","og_type":"article","og_title":"SCHEPPACH Nettoyeur haute pression - 165 bars - 2200W - Enrouleur de tuyau - Eurosdiscounts.com- Achat sur Internet a prix discount, Canap\u00e9s pas cher, Smartphone pas cher, pc portable pas cher..","og_description":"Les points forts :  unit\u00e9  Puissance de la pompe : 2200 W  Puissance du moteur en CV : 2,5 cv  Puissance du moteur en W : 2200 W  Fonction du produit : Nettoyer","og_url":"https:\/\/eurosdiscounts.com\/index.php\/produit\/scheppach-nettoyeur-haute-pression-165-bars-2200w-enrouleur-de-tuyau\/","og_site_name":"Eurosdiscounts.com- Achat sur Internet a prix discount, Canap\u00e9s pas cher, Smartphone pas cher, pc portable pas cher..","og_image":[{"width":700,"height":700,"url":"https:\/\/eurosdiscounts.com\/wp-content\/uploads\/2019\/09\/c-170.jpg","type":"image\/jpeg"}],"twitter_card":"summary_large_image","twitter_misc":{"Dur\u00e9e de lecture estim\u00e9e":"1 minute"},"schema":{"@context":"https:\/\/schema.org","@graph":[{"@type":"WebPage","@id":"https:\/\/eurosdiscounts.com\/index.php\/produit\/scheppach-nettoyeur-haute-pression-165-bars-2200w-enrouleur-de-tuyau\/","url":"https:\/\/eurosdiscounts.com\/index.php\/produit\/scheppach-nettoyeur-haute-pression-165-bars-2200w-enrouleur-de-tuyau\/","name":"SCHEPPACH Nettoyeur haute pression - 165 bars - 2200W - Enrouleur de tuyau - Eurosdiscounts.com- Achat sur Internet a prix discount, Canap\u00e9s pas cher, Smartphone pas cher, pc portable pas cher..","isPartOf":{"@id":"https:\/\/eurosdiscounts.com\/#website"},"primaryImageOfPage":{"@id":"https:\/\/eurosdiscounts.com\/index.php\/produit\/scheppach-nettoyeur-haute-pression-165-bars-2200w-enrouleur-de-tuyau\/#primaryimage"},"image":{"@id":"https:\/\/eurosdiscounts.com\/index.php\/produit\/scheppach-nettoyeur-haute-pression-165-bars-2200w-enrouleur-de-tuyau\/#primaryimage"},"thumbnailUrl":"https:\/\/eurosdiscounts.com\/wp-content\/uploads\/2019\/09\/c-170.jpg","datePublished":"2019-09-12T20:31:51+00:00","breadcrumb":{"@id":"https:\/\/eurosdiscounts.com\/index.php\/produit\/scheppach-nettoyeur-haute-pression-165-bars-2200w-enrouleur-de-tuyau\/#breadcrumb"},"inLanguage":"fr-FR","potentialAction":[{"@type":"ReadAction","target":["https:\/\/eurosdiscounts.com\/index.php\/produit\/scheppach-nettoyeur-haute-pression-165-bars-2200w-enrouleur-de-tuyau\/"]}]},{"@type":"ImageObject","inLanguage":"fr-FR","@id":"https:\/\/eurosdiscounts.com\/index.php\/produit\/scheppach-nettoyeur-haute-pression-165-bars-2200w-enrouleur-de-tuyau\/#primaryimage","url":"https:\/\/eurosdiscounts.com\/wp-content\/uploads\/2019\/09\/c-170.jpg","contentUrl":"https:\/\/eurosdiscounts.com\/wp-content\/uploads\/2019\/09\/c-170.jpg","width":700,"height":700},{"@type":"BreadcrumbList","@id":"https:\/\/eurosdiscounts.com\/index.php\/produit\/scheppach-nettoyeur-haute-pression-165-bars-2200w-enrouleur-de-tuyau\/#breadcrumb","itemListElement":[{"@type":"ListItem","position":1,"name":"Accueil","item":"https:\/\/eurosdiscounts.com\/"},{"@type":"ListItem","position":2,"name":"Boutique","item":"https:\/\/eurosdiscounts.com\/index.php\/boutique\/"},{"@type":"ListItem","position":3,"name":"SCHEPPACH Nettoyeur haute pression &#8211; 165 bars &#8211; 2200W &#8211; Enrouleur de tuyau"}]},{"@type":"WebSite","@id":"https:\/\/eurosdiscounts.com\/#website","url":"https:\/\/eurosdiscounts.com\/","name":"Eurosdiscounts.com- Achat sur Internet a prix discount, Canap\u00e9s pas cher, Smartphone pas cher, pc portable pas cher..","description":"Eurosdiscounts.com- Achat sur Internet a prix discount, Canap\u00e9s pas cher, Smartphone pas cher, pc portable pas cher..","potentialAction":[{"@type":"SearchAction","target":{"@type":"EntryPoint","urlTemplate":"https:\/\/eurosdiscounts.com\/?s={search_term_string}"},"query-input":{"@type":"PropertyValueSpecification","valueRequired":true,"valueName":"search_term_string"}}],"inLanguage":"fr-FR"}]}},"_links":{"self":[{"href":"https:\/\/eurosdiscounts.com\/index.php\/wp-json\/wp\/v2\/product\/3797","targetHints":{"allow":["GET"]}}],"collection":[{"href":"https:\/\/eurosdiscounts.com\/index.php\/wp-json\/wp\/v2\/product"}],"about":[{"href":"https:\/\/eurosdiscounts.com\/index.php\/wp-json\/wp\/v2\/types\/product"}],"replies":[{"embeddable":true,"href":"https:\/\/eurosdiscounts.com\/index.php\/wp-json\/wp\/v2\/comments?post=3797"}],"wp:featuredmedia":[{"embeddable":true,"href":"https:\/\/eurosdiscounts.com\/index.php\/wp-json\/wp\/v2\/media\/3798"}],"wp:attachment":[{"href":"https:\/\/eurosdiscounts.com\/index.php\/wp-json\/wp\/v2\/media?parent=3797"}],"wp:term":[{"taxonomy":"product_cat","embeddable":true,"href":"https:\/\/eurosdiscounts.com\/index.php\/wp-json\/wp\/v2\/product_cat?post=3797"},{"taxonomy":"product_tag","embeddable":true,"href":"https:\/\/eurosdiscounts.com\/index.php\/wp-json\/wp\/v2\/product_tag?post=3797"}],"curies":[{"name":"wp","href":"https:\/\/api.w.org\/{rel}","templated":true}]}}