{"id":3765,"date":"2019-09-12T21:49:45","date_gmt":"2019-09-12T19:49:45","guid":{"rendered":"https:\/\/smartsdiscount.com\/?post_type=product&amp;p=3765"},"modified":"2019-09-12T21:49:45","modified_gmt":"2019-09-12T19:49:45","slug":"karcher-nettoyeur-haute-pression-k4-premium-full-control-home-130-bars-1800-w","status":"publish","type":"product","link":"https:\/\/eurosdiscounts.com\/index.php\/produit\/karcher-nettoyeur-haute-pression-k4-premium-full-control-home-130-bars-1800-w\/","title":{"rendered":"K\u00c4RCHER Nettoyeur haute pression K4 Premium Full Control Home &#8211; 130 bars &#8211; 1800 W"},"content":{"rendered":"<table class=\"fpDescTb fpDescTbPub\">\n<tbody>\n<tr>\n<th colspan=\"2\">Informations g\u00e9n\u00e9rales sur le produit<\/th>\n<\/tr>\n<tr>\n<td>Marque<\/td>\n<td><a title=\"KARCHER\" href=\"https:\/\/www.cdiscount.com\/m-368-karcher.html\" data-link=\"SFP-ZBN-TNO-DPM\">KARCHER<\/a><\/td>\n<\/tr>\n<tr>\n<td>Nom du produit<\/td>\n<td>K\u00c4RCHER Nettoyeur haute pression K4 Premium Full C<\/td>\n<\/tr>\n<tr>\n<td>Cat\u00e9gorie<\/td>\n<td>NETTOYEUR HAUTE PRESSION<\/td>\n<\/tr>\n<tr>\n<th colspan=\"2\">G\u00e9n\u00e9ral<\/th>\n<\/tr>\n<tr>\n<td>Type de Produit<\/td>\n<td>Laveuse \u00e0 pression<\/td>\n<\/tr>\n<tr>\n<td>Longueur du tuyau<\/td>\n<td>6 m<\/td>\n<\/tr>\n<tr>\n<td>Performance de surface<\/td>\n<td>30 m\u00b2\/h<\/td>\n<\/tr>\n<tr>\n<td>Fr\u00e9quence de flux<\/td>\n<td>420 l\/h<\/td>\n<\/tr>\n<tr>\n<td>Pression en fonctionnement (bar)<\/td>\n<td>110<\/td>\n<\/tr>\n<tr>\n<td>Pression en fonctionnement (MPa)<\/td>\n<td>11<\/td>\n<\/tr>\n<tr>\n<td>Temp\u00e9rature maximale d&rsquo;entr\u00e9e d&rsquo;eau<\/td>\n<td>40 \u00b0C<\/td>\n<\/tr>\n<tr>\n<th colspan=\"2\">R\u00e9glages, commandes et voyants<\/th>\n<\/tr>\n<tr>\n<td>Commandes sur la poign\u00e9e<\/td>\n<td>Oui<\/td>\n<\/tr>\n<tr>\n<th colspan=\"2\">Consommation<\/th>\n<\/tr>\n<tr>\n<td>Puissance \u00e9lectrique<\/td>\n<td>1.8 kWatt<\/td>\n<\/tr>\n<tr>\n<td>Type d&rsquo;alimentation<\/td>\n<td>Secteur<\/td>\n<\/tr>\n<tr>\n<td>Tension principale<\/td>\n<td>230 V \/ 50 Hz<\/td>\n<\/tr>\n<tr>\n<th colspan=\"2\">Divers<\/th>\n<\/tr>\n<tr>\n<td>Outils inclus<\/td>\n<td>Tuyau \u00e0 haute pression, lance de projection \u00e0 diff\u00e9rentes puissances, adaptateur pour tuyau d&rsquo;arrosage, T-Racer, jet de lance rotatif, Pistolet de contr\u00f4le complet<\/td>\n<\/tr>\n<tr>\n<td>Niveau sonore maximum<\/td>\n<td>90 dB<\/td>\n<\/tr>\n<tr>\n<td>Normes de conformit\u00e9<\/td>\n<td>IPX5<\/td>\n<\/tr>\n<tr>\n<th colspan=\"2\">Dimensions et poids<\/th>\n<\/tr>\n<tr>\n<td>Largeur<\/td>\n<td>41.1 cm<\/td>\n<\/tr>\n<tr>\n<td>Profondeur<\/td>\n<td>30.5 cm<\/td>\n<\/tr>\n<tr>\n<td>Hauteur<\/td>\n<td>58.4 cm<\/td>\n<\/tr>\n<tr>\n<td>Poids<\/td>\n<td>11.9 kg<\/td>\n<\/tr>\n<\/tbody>\n<\/table>\n","protected":false},"excerpt":{"rendered":"<p>1800W &#8211; Pression : 130 bars max &#8211; D\u00e9bit : 420L\/h max &#8211; Rendement horaire conseill\u00e9 : 30m\u00b2\/h &#8211; Moteur \u00e0 induction refroidi \u00e0 l\u2019eau, pompe Ncor\u00ae &#8211; Syst\u00e8me Plug \u2018n\u2019 Clean &#8211; Enrouleur de flexible avec guide flexible &#8211; T-Racer 350 id\u00e9al pour le nettoyage de surfaces planes &#8211; Pied de grande dimension avec poign\u00e9e de transport.<\/p>\n","protected":false},"featured_media":3768,"comment_status":"open","ping_status":"closed","template":"","meta":[],"product_cat":[156,180],"product_tag":[],"class_list":{"0":"post-3765","1":"product","2":"type-product","3":"status-publish","4":"has-post-thumbnail","6":"product_cat-bons-plans","7":"product_cat-nettoyeur-haute-pression","9":"first","10":"instock","11":"sale","12":"shipping-taxable","13":"purchasable","14":"product-type-simple","15":"col-xs-6 col-sm-4","16":"col-md-3 col-lg-3","17":"un-4-cols"},"yoast_head":"<!-- This site is optimized with the Yoast SEO plugin v27.0 - https:\/\/yoast.com\/product\/yoast-seo-wordpress\/ -->\n<title>K\u00c4RCHER Nettoyeur haute pression K4 Premium Full Control Home - 130 bars - 1800 W - Eurosdiscounts.com- Achat sur Internet a prix discount, Canap\u00e9s pas cher, Smartphone pas cher, pc portable pas cher..<\/title>\n<meta name=\"robots\" content=\"index, follow, max-snippet:-1, max-image-preview:large, max-video-preview:-1\" \/>\n<link rel=\"canonical\" href=\"https:\/\/eurosdiscounts.com\/index.php\/produit\/karcher-nettoyeur-haute-pression-k4-premium-full-control-home-130-bars-1800-w\/\" \/>\n<meta property=\"og:locale\" content=\"fr_FR\" \/>\n<meta property=\"og:type\" content=\"article\" \/>\n<meta property=\"og:title\" content=\"K\u00c4RCHER Nettoyeur haute pression K4 Premium Full Control Home - 130 bars - 1800 W - Eurosdiscounts.com- Achat sur Internet a prix discount, Canap\u00e9s pas cher, Smartphone pas cher, pc portable pas cher..\" \/>\n<meta property=\"og:description\" content=\"1800W - Pression : 130 bars max - D\u00e9bit : 420L\/h max - Rendement horaire conseill\u00e9 : 30m\u00b2\/h - Moteur \u00e0 induction refroidi \u00e0 l\u2019eau, pompe Ncor\u00ae - Syst\u00e8me Plug \u2018n\u2019 Clean - Enrouleur de flexible avec guide flexible - T-Racer 350 id\u00e9al pour le nettoyage de surfaces planes - Pied de grande dimension avec poign\u00e9e de transport.\" \/>\n<meta property=\"og:url\" content=\"https:\/\/eurosdiscounts.com\/index.php\/produit\/karcher-nettoyeur-haute-pression-k4-premium-full-control-home-130-bars-1800-w\/\" \/>\n<meta property=\"og:site_name\" content=\"Eurosdiscounts.com- Achat sur Internet a prix discount, Canap\u00e9s pas cher, Smartphone pas cher, pc portable pas cher..\" \/>\n<meta property=\"og:image\" content=\"https:\/\/eurosdiscounts.com\/wp-content\/uploads\/2019\/09\/c-165.jpg\" \/>\n\t<meta property=\"og:image:width\" content=\"700\" \/>\n\t<meta property=\"og:image:height\" content=\"700\" \/>\n\t<meta property=\"og:image:type\" content=\"image\/jpeg\" \/>\n<meta name=\"twitter:card\" content=\"summary_large_image\" \/>\n<meta name=\"twitter:label1\" content=\"Dur\u00e9e de lecture estim\u00e9e\" \/>\n\t<meta name=\"twitter:data1\" content=\"1 minute\" \/>\n<script type=\"application\/ld+json\" class=\"yoast-schema-graph\">{\"@context\":\"https:\/\/schema.org\",\"@graph\":[{\"@type\":\"WebPage\",\"@id\":\"https:\/\/eurosdiscounts.com\/index.php\/produit\/karcher-nettoyeur-haute-pression-k4-premium-full-control-home-130-bars-1800-w\/\",\"url\":\"https:\/\/eurosdiscounts.com\/index.php\/produit\/karcher-nettoyeur-haute-pression-k4-premium-full-control-home-130-bars-1800-w\/\",\"name\":\"K\u00c4RCHER Nettoyeur haute pression K4 Premium Full Control Home - 130 bars - 1800 W - Eurosdiscounts.com- Achat sur Internet a prix discount, Canap\u00e9s pas cher, Smartphone pas cher, pc portable pas cher..\",\"isPartOf\":{\"@id\":\"https:\/\/eurosdiscounts.com\/#website\"},\"primaryImageOfPage\":{\"@id\":\"https:\/\/eurosdiscounts.com\/index.php\/produit\/karcher-nettoyeur-haute-pression-k4-premium-full-control-home-130-bars-1800-w\/#primaryimage\"},\"image\":{\"@id\":\"https:\/\/eurosdiscounts.com\/index.php\/produit\/karcher-nettoyeur-haute-pression-k4-premium-full-control-home-130-bars-1800-w\/#primaryimage\"},\"thumbnailUrl\":\"https:\/\/eurosdiscounts.com\/wp-content\/uploads\/2019\/09\/c-165.jpg\",\"datePublished\":\"2019-09-12T19:49:45+00:00\",\"breadcrumb\":{\"@id\":\"https:\/\/eurosdiscounts.com\/index.php\/produit\/karcher-nettoyeur-haute-pression-k4-premium-full-control-home-130-bars-1800-w\/#breadcrumb\"},\"inLanguage\":\"fr-FR\",\"potentialAction\":[{\"@type\":\"ReadAction\",\"target\":[\"https:\/\/eurosdiscounts.com\/index.php\/produit\/karcher-nettoyeur-haute-pression-k4-premium-full-control-home-130-bars-1800-w\/\"]}]},{\"@type\":\"ImageObject\",\"inLanguage\":\"fr-FR\",\"@id\":\"https:\/\/eurosdiscounts.com\/index.php\/produit\/karcher-nettoyeur-haute-pression-k4-premium-full-control-home-130-bars-1800-w\/#primaryimage\",\"url\":\"https:\/\/eurosdiscounts.com\/wp-content\/uploads\/2019\/09\/c-165.jpg\",\"contentUrl\":\"https:\/\/eurosdiscounts.com\/wp-content\/uploads\/2019\/09\/c-165.jpg\",\"width\":700,\"height\":700},{\"@type\":\"BreadcrumbList\",\"@id\":\"https:\/\/eurosdiscounts.com\/index.php\/produit\/karcher-nettoyeur-haute-pression-k4-premium-full-control-home-130-bars-1800-w\/#breadcrumb\",\"itemListElement\":[{\"@type\":\"ListItem\",\"position\":1,\"name\":\"Accueil\",\"item\":\"https:\/\/eurosdiscounts.com\/\"},{\"@type\":\"ListItem\",\"position\":2,\"name\":\"Boutique\",\"item\":\"https:\/\/eurosdiscounts.com\/index.php\/boutique\/\"},{\"@type\":\"ListItem\",\"position\":3,\"name\":\"K\u00c4RCHER Nettoyeur haute pression K4 Premium Full Control Home &#8211; 130 bars &#8211; 1800 W\"}]},{\"@type\":\"WebSite\",\"@id\":\"https:\/\/eurosdiscounts.com\/#website\",\"url\":\"https:\/\/eurosdiscounts.com\/\",\"name\":\"Eurosdiscounts.com- Achat sur Internet a prix discount, Canap\u00e9s pas cher, Smartphone pas cher, pc portable pas cher..\",\"description\":\"Eurosdiscounts.com- Achat sur Internet a prix discount, Canap\u00e9s pas cher, Smartphone pas cher, pc portable pas cher..\",\"potentialAction\":[{\"@type\":\"SearchAction\",\"target\":{\"@type\":\"EntryPoint\",\"urlTemplate\":\"https:\/\/eurosdiscounts.com\/?s={search_term_string}\"},\"query-input\":{\"@type\":\"PropertyValueSpecification\",\"valueRequired\":true,\"valueName\":\"search_term_string\"}}],\"inLanguage\":\"fr-FR\"}]}<\/script>\n<!-- \/ Yoast SEO plugin. -->","yoast_head_json":{"title":"K\u00c4RCHER Nettoyeur haute pression K4 Premium Full Control Home - 130 bars - 1800 W - Eurosdiscounts.com- Achat sur Internet a prix discount, Canap\u00e9s pas cher, Smartphone pas cher, pc portable pas cher..","robots":{"index":"index","follow":"follow","max-snippet":"max-snippet:-1","max-image-preview":"max-image-preview:large","max-video-preview":"max-video-preview:-1"},"canonical":"https:\/\/eurosdiscounts.com\/index.php\/produit\/karcher-nettoyeur-haute-pression-k4-premium-full-control-home-130-bars-1800-w\/","og_locale":"fr_FR","og_type":"article","og_title":"K\u00c4RCHER Nettoyeur haute pression K4 Premium Full Control Home - 130 bars - 1800 W - Eurosdiscounts.com- Achat sur Internet a prix discount, Canap\u00e9s pas cher, Smartphone pas cher, pc portable pas cher..","og_description":"1800W - Pression : 130 bars max - D\u00e9bit : 420L\/h max - Rendement horaire conseill\u00e9 : 30m\u00b2\/h - Moteur \u00e0 induction refroidi \u00e0 l\u2019eau, pompe Ncor\u00ae - Syst\u00e8me Plug \u2018n\u2019 Clean - Enrouleur de flexible avec guide flexible - T-Racer 350 id\u00e9al pour le nettoyage de surfaces planes - Pied de grande dimension avec poign\u00e9e de transport.","og_url":"https:\/\/eurosdiscounts.com\/index.php\/produit\/karcher-nettoyeur-haute-pression-k4-premium-full-control-home-130-bars-1800-w\/","og_site_name":"Eurosdiscounts.com- Achat sur Internet a prix discount, Canap\u00e9s pas cher, Smartphone pas cher, pc portable pas cher..","og_image":[{"width":700,"height":700,"url":"https:\/\/eurosdiscounts.com\/wp-content\/uploads\/2019\/09\/c-165.jpg","type":"image\/jpeg"}],"twitter_card":"summary_large_image","twitter_misc":{"Dur\u00e9e de lecture estim\u00e9e":"1 minute"},"schema":{"@context":"https:\/\/schema.org","@graph":[{"@type":"WebPage","@id":"https:\/\/eurosdiscounts.com\/index.php\/produit\/karcher-nettoyeur-haute-pression-k4-premium-full-control-home-130-bars-1800-w\/","url":"https:\/\/eurosdiscounts.com\/index.php\/produit\/karcher-nettoyeur-haute-pression-k4-premium-full-control-home-130-bars-1800-w\/","name":"K\u00c4RCHER Nettoyeur haute pression K4 Premium Full Control Home - 130 bars - 1800 W - Eurosdiscounts.com- Achat sur Internet a prix discount, Canap\u00e9s pas cher, Smartphone pas cher, pc portable pas cher..","isPartOf":{"@id":"https:\/\/eurosdiscounts.com\/#website"},"primaryImageOfPage":{"@id":"https:\/\/eurosdiscounts.com\/index.php\/produit\/karcher-nettoyeur-haute-pression-k4-premium-full-control-home-130-bars-1800-w\/#primaryimage"},"image":{"@id":"https:\/\/eurosdiscounts.com\/index.php\/produit\/karcher-nettoyeur-haute-pression-k4-premium-full-control-home-130-bars-1800-w\/#primaryimage"},"thumbnailUrl":"https:\/\/eurosdiscounts.com\/wp-content\/uploads\/2019\/09\/c-165.jpg","datePublished":"2019-09-12T19:49:45+00:00","breadcrumb":{"@id":"https:\/\/eurosdiscounts.com\/index.php\/produit\/karcher-nettoyeur-haute-pression-k4-premium-full-control-home-130-bars-1800-w\/#breadcrumb"},"inLanguage":"fr-FR","potentialAction":[{"@type":"ReadAction","target":["https:\/\/eurosdiscounts.com\/index.php\/produit\/karcher-nettoyeur-haute-pression-k4-premium-full-control-home-130-bars-1800-w\/"]}]},{"@type":"ImageObject","inLanguage":"fr-FR","@id":"https:\/\/eurosdiscounts.com\/index.php\/produit\/karcher-nettoyeur-haute-pression-k4-premium-full-control-home-130-bars-1800-w\/#primaryimage","url":"https:\/\/eurosdiscounts.com\/wp-content\/uploads\/2019\/09\/c-165.jpg","contentUrl":"https:\/\/eurosdiscounts.com\/wp-content\/uploads\/2019\/09\/c-165.jpg","width":700,"height":700},{"@type":"BreadcrumbList","@id":"https:\/\/eurosdiscounts.com\/index.php\/produit\/karcher-nettoyeur-haute-pression-k4-premium-full-control-home-130-bars-1800-w\/#breadcrumb","itemListElement":[{"@type":"ListItem","position":1,"name":"Accueil","item":"https:\/\/eurosdiscounts.com\/"},{"@type":"ListItem","position":2,"name":"Boutique","item":"https:\/\/eurosdiscounts.com\/index.php\/boutique\/"},{"@type":"ListItem","position":3,"name":"K\u00c4RCHER Nettoyeur haute pression K4 Premium Full Control Home &#8211; 130 bars &#8211; 1800 W"}]},{"@type":"WebSite","@id":"https:\/\/eurosdiscounts.com\/#website","url":"https:\/\/eurosdiscounts.com\/","name":"Eurosdiscounts.com- Achat sur Internet a prix discount, Canap\u00e9s pas cher, Smartphone pas cher, pc portable pas cher..","description":"Eurosdiscounts.com- Achat sur Internet a prix discount, Canap\u00e9s pas cher, Smartphone pas cher, pc portable pas cher..","potentialAction":[{"@type":"SearchAction","target":{"@type":"EntryPoint","urlTemplate":"https:\/\/eurosdiscounts.com\/?s={search_term_string}"},"query-input":{"@type":"PropertyValueSpecification","valueRequired":true,"valueName":"search_term_string"}}],"inLanguage":"fr-FR"}]}},"_links":{"self":[{"href":"https:\/\/eurosdiscounts.com\/index.php\/wp-json\/wp\/v2\/product\/3765","targetHints":{"allow":["GET"]}}],"collection":[{"href":"https:\/\/eurosdiscounts.com\/index.php\/wp-json\/wp\/v2\/product"}],"about":[{"href":"https:\/\/eurosdiscounts.com\/index.php\/wp-json\/wp\/v2\/types\/product"}],"replies":[{"embeddable":true,"href":"https:\/\/eurosdiscounts.com\/index.php\/wp-json\/wp\/v2\/comments?post=3765"}],"wp:featuredmedia":[{"embeddable":true,"href":"https:\/\/eurosdiscounts.com\/index.php\/wp-json\/wp\/v2\/media\/3768"}],"wp:attachment":[{"href":"https:\/\/eurosdiscounts.com\/index.php\/wp-json\/wp\/v2\/media?parent=3765"}],"wp:term":[{"taxonomy":"product_cat","embeddable":true,"href":"https:\/\/eurosdiscounts.com\/index.php\/wp-json\/wp\/v2\/product_cat?post=3765"},{"taxonomy":"product_tag","embeddable":true,"href":"https:\/\/eurosdiscounts.com\/index.php\/wp-json\/wp\/v2\/product_tag?post=3765"}],"curies":[{"name":"wp","href":"https:\/\/api.w.org\/{rel}","templated":true}]}}