{"id":3742,"date":"2019-09-12T21:27:35","date_gmt":"2019-09-12T19:27:35","guid":{"rendered":"https:\/\/smartsdiscount.com\/?post_type=product&amp;p=3742"},"modified":"2019-09-12T21:27:35","modified_gmt":"2019-09-12T19:27:35","slug":"stanley-nettoyeur-haute-pression-135-bars-1800-w-440-l-h-max-pompe-avec-3-pistons-inox","status":"publish","type":"product","link":"https:\/\/eurosdiscounts.com\/index.php\/produit\/stanley-nettoyeur-haute-pression-135-bars-1800-w-440-l-h-max-pompe-avec-3-pistons-inox\/","title":{"rendered":"STANLEY Nettoyeur haute pression &#8211; 135 Bars &#8211; 1800 W &#8211; 440 l\/h max &#8211; Pompe avec 3 pistons inox"},"content":{"rendered":"<table class=\"fpDescTb fpDescTbPub\">\n<tbody>\n<tr>\n<th colspan=\"2\">Informations g\u00e9n\u00e9rales sur le produit<\/th>\n<\/tr>\n<tr>\n<td>Marque<\/td>\n<td><a title=\"STANLEY\" href=\"https:\/\/www.cdiscount.com\/m-3479-stanley.html\" data-link=\"SFP-ZBN-TNO-DPM\">STANLEY<\/a><\/td>\n<\/tr>\n<tr>\n<td>Nom du produit<\/td>\n<td>STANLEY Nettoyeur haute pression &#8211; 135 Bars &#8211; 1800<\/td>\n<\/tr>\n<tr>\n<td>Cat\u00e9gorie<\/td>\n<td>NETTOYEUR HAUTE PRESSION<\/td>\n<\/tr>\n<tr>\n<th colspan=\"2\">G\u00e9n\u00e9ral<\/th>\n<\/tr>\n<tr>\n<td>Type de Produit<\/td>\n<td>Nettoyeur haute pression<\/td>\n<\/tr>\n<tr>\n<td>Description du produit<\/td>\n<td>Bobinage aluminium<br \/>\nPompe en alu avec 3 pistons inox<br \/>\nPoign\u00e9e marche\/arr\u00eat<br \/>\nAvec filtre \u00e0 eau transparent<br \/>\nPistolet en plastique<br \/>\nEnrouleur statique<br \/>\nRangement accessoires<br \/>\nRaccord rapide du pistolet avec la machine<br \/>\nAvec r\u00e9servoir d\u00e9tergent int\u00e9gr\u00e9<\/td>\n<\/tr>\n<tr>\n<td>Type d&rsquo;outil<\/td>\n<td>Motoris\u00e9<\/td>\n<\/tr>\n<tr>\n<td>Couleur(s)<\/td>\n<td>Jaune<\/td>\n<\/tr>\n<tr>\n<td>Fonction du produit<\/td>\n<td>Nettoyage de terrasse, voitures<\/td>\n<\/tr>\n<tr>\n<th colspan=\"2\">Dimensions et poids<\/th>\n<\/tr>\n<tr>\n<td>Dimensions<\/td>\n<td>36 x 34 x77 cm<\/td>\n<\/tr>\n<tr>\n<td>Poids<\/td>\n<td>12,95 kg<\/td>\n<\/tr>\n<tr>\n<th colspan=\"2\">Caract\u00e9ristiques du nettoyeur haut pression<\/th>\n<\/tr>\n<tr>\n<td>Pression maximum<\/td>\n<td>130 bars<\/td>\n<\/tr>\n<tr>\n<td>Temp\u00e9rature maximale de l&rsquo;eau<\/td>\n<td>50\u00b0C<\/td>\n<\/tr>\n<tr>\n<th colspan=\"2\">Sp\u00e9cificit\u00e9s moteur<\/th>\n<\/tr>\n<tr>\n<td>Type de motorisation<\/td>\n<td>Electrique<\/td>\n<\/tr>\n<tr>\n<td>Caract\u00e9ristiques du moteur<\/td>\n<td>Universel<\/td>\n<\/tr>\n<tr>\n<td>Marque du moteur<\/td>\n<td>Sans marque<\/td>\n<\/tr>\n<tr>\n<td>Puissance du moteur en W<\/td>\n<td>1800 W<\/td>\n<\/tr>\n<tr>\n<th colspan=\"2\">D\u00e9tail de l&rsquo;\u00e9quipement<\/th>\n<\/tr>\n<tr>\n<td>Lance<\/td>\n<td>Lancet embout Jet r\u00e9glable et embout turbo<\/td>\n<\/tr>\n<tr>\n<td>Tuyau<\/td>\n<td>6 m<\/td>\n<\/tr>\n<tr>\n<th colspan=\"2\">Divers<\/th>\n<\/tr>\n<tr>\n<td>Montage<\/td>\n<td>A monter soi-m\u00eame<\/td>\n<\/tr>\n<tr>\n<td>Pays d&rsquo;origine<\/td>\n<td>Chine<\/td>\n<\/tr>\n<tr>\n<th colspan=\"2\">Dimensions colis<\/th>\n<\/tr>\n<tr>\n<td>Dimensions brutes &#8211; article emball\u00e9 (L x l x H)<\/td>\n<td>36 x 34 x 77 cm<\/td>\n<\/tr>\n<tr>\n<td>Poids emball\u00e9<\/td>\n<td>12,95 kg<\/td>\n<\/tr>\n<tr>\n<th colspan=\"2\">Garantie du fabricant<\/th>\n<\/tr>\n<tr>\n<td>Garantie du fabricant<\/td>\n<td>2 ans, pi\u00e8ces et main d&rsquo;\u0153uvre<\/td>\n<\/tr>\n<\/tbody>\n<\/table>\n","protected":false},"excerpt":{"rendered":"<p>STANLEY Nettoyeur haute pression &#8211; 135 Bars &#8211; Avec brosse fixe et brosse-terrasse d\u00e9tergente &#8211; 1800 W &#8211; 440 l\/h max &#8211; Moteur universel &#8211; Bobinage alu &#8211; Pompe avec 3 pistons inox &#8211; Filtre \u00e0 eau transparent &#8211; Lancet embout jet r\u00e9glable et embout turbo &#8211; Tuyau 6 m &#8211; Enrouleur statique &#8211; Roues : \u00d8 17,5 cm &#8211; Avec r\u00e9servoir d\u00e9tergent<\/p>\n","protected":false},"featured_media":3743,"comment_status":"open","ping_status":"closed","template":"","meta":[],"product_cat":[180],"product_tag":[],"class_list":{"0":"post-3742","1":"product","2":"type-product","3":"status-publish","4":"has-post-thumbnail","6":"product_cat-nettoyeur-haute-pression","8":"first","9":"instock","10":"shipping-taxable","11":"purchasable","12":"product-type-simple","13":"col-xs-6 col-sm-4","14":"col-md-3 col-lg-3","15":"un-4-cols"},"yoast_head":"<!-- This site is optimized with the Yoast SEO plugin v27.0 - https:\/\/yoast.com\/product\/yoast-seo-wordpress\/ -->\n<title>STANLEY Nettoyeur haute pression - 135 Bars - 1800 W - 440 l\/h max - Pompe avec 3 pistons inox - Eurosdiscounts.com- Achat sur Internet a prix discount, Canap\u00e9s pas cher, Smartphone pas cher, pc portable pas cher..<\/title>\n<meta name=\"robots\" content=\"index, follow, max-snippet:-1, max-image-preview:large, max-video-preview:-1\" \/>\n<link rel=\"canonical\" href=\"https:\/\/eurosdiscounts.com\/index.php\/produit\/stanley-nettoyeur-haute-pression-135-bars-1800-w-440-l-h-max-pompe-avec-3-pistons-inox\/\" \/>\n<meta property=\"og:locale\" content=\"fr_FR\" \/>\n<meta property=\"og:type\" content=\"article\" \/>\n<meta property=\"og:title\" content=\"STANLEY Nettoyeur haute pression - 135 Bars - 1800 W - 440 l\/h max - Pompe avec 3 pistons inox - Eurosdiscounts.com- Achat sur Internet a prix discount, Canap\u00e9s pas cher, Smartphone pas cher, pc portable pas cher..\" \/>\n<meta property=\"og:description\" content=\"STANLEY Nettoyeur haute pression - 135 Bars - Avec brosse fixe et brosse-terrasse d\u00e9tergente - 1800 W - 440 l\/h max - Moteur universel - Bobinage alu - Pompe avec 3 pistons inox - Filtre \u00e0 eau transparent - Lancet embout jet r\u00e9glable et embout turbo - Tuyau 6 m - Enrouleur statique - Roues : \u00d8 17,5 cm - Avec r\u00e9servoir d\u00e9tergent\" \/>\n<meta property=\"og:url\" content=\"https:\/\/eurosdiscounts.com\/index.php\/produit\/stanley-nettoyeur-haute-pression-135-bars-1800-w-440-l-h-max-pompe-avec-3-pistons-inox\/\" \/>\n<meta property=\"og:site_name\" content=\"Eurosdiscounts.com- Achat sur Internet a prix discount, Canap\u00e9s pas cher, Smartphone pas cher, pc portable pas cher..\" \/>\n<meta property=\"og:image\" content=\"https:\/\/eurosdiscounts.com\/wp-content\/uploads\/2019\/09\/c-161.jpg\" \/>\n\t<meta property=\"og:image:width\" content=\"700\" \/>\n\t<meta property=\"og:image:height\" content=\"700\" \/>\n\t<meta property=\"og:image:type\" content=\"image\/jpeg\" \/>\n<meta name=\"twitter:card\" content=\"summary_large_image\" \/>\n<meta name=\"twitter:label1\" content=\"Dur\u00e9e de lecture estim\u00e9e\" \/>\n\t<meta name=\"twitter:data1\" content=\"1 minute\" \/>\n<script type=\"application\/ld+json\" class=\"yoast-schema-graph\">{\"@context\":\"https:\/\/schema.org\",\"@graph\":[{\"@type\":\"WebPage\",\"@id\":\"https:\/\/eurosdiscounts.com\/index.php\/produit\/stanley-nettoyeur-haute-pression-135-bars-1800-w-440-l-h-max-pompe-avec-3-pistons-inox\/\",\"url\":\"https:\/\/eurosdiscounts.com\/index.php\/produit\/stanley-nettoyeur-haute-pression-135-bars-1800-w-440-l-h-max-pompe-avec-3-pistons-inox\/\",\"name\":\"STANLEY Nettoyeur haute pression - 135 Bars - 1800 W - 440 l\/h max - Pompe avec 3 pistons inox - Eurosdiscounts.com- Achat sur Internet a prix discount, Canap\u00e9s pas cher, Smartphone pas cher, pc portable pas cher..\",\"isPartOf\":{\"@id\":\"https:\/\/eurosdiscounts.com\/#website\"},\"primaryImageOfPage\":{\"@id\":\"https:\/\/eurosdiscounts.com\/index.php\/produit\/stanley-nettoyeur-haute-pression-135-bars-1800-w-440-l-h-max-pompe-avec-3-pistons-inox\/#primaryimage\"},\"image\":{\"@id\":\"https:\/\/eurosdiscounts.com\/index.php\/produit\/stanley-nettoyeur-haute-pression-135-bars-1800-w-440-l-h-max-pompe-avec-3-pistons-inox\/#primaryimage\"},\"thumbnailUrl\":\"https:\/\/eurosdiscounts.com\/wp-content\/uploads\/2019\/09\/c-161.jpg\",\"datePublished\":\"2019-09-12T19:27:35+00:00\",\"breadcrumb\":{\"@id\":\"https:\/\/eurosdiscounts.com\/index.php\/produit\/stanley-nettoyeur-haute-pression-135-bars-1800-w-440-l-h-max-pompe-avec-3-pistons-inox\/#breadcrumb\"},\"inLanguage\":\"fr-FR\",\"potentialAction\":[{\"@type\":\"ReadAction\",\"target\":[\"https:\/\/eurosdiscounts.com\/index.php\/produit\/stanley-nettoyeur-haute-pression-135-bars-1800-w-440-l-h-max-pompe-avec-3-pistons-inox\/\"]}]},{\"@type\":\"ImageObject\",\"inLanguage\":\"fr-FR\",\"@id\":\"https:\/\/eurosdiscounts.com\/index.php\/produit\/stanley-nettoyeur-haute-pression-135-bars-1800-w-440-l-h-max-pompe-avec-3-pistons-inox\/#primaryimage\",\"url\":\"https:\/\/eurosdiscounts.com\/wp-content\/uploads\/2019\/09\/c-161.jpg\",\"contentUrl\":\"https:\/\/eurosdiscounts.com\/wp-content\/uploads\/2019\/09\/c-161.jpg\",\"width\":700,\"height\":700},{\"@type\":\"BreadcrumbList\",\"@id\":\"https:\/\/eurosdiscounts.com\/index.php\/produit\/stanley-nettoyeur-haute-pression-135-bars-1800-w-440-l-h-max-pompe-avec-3-pistons-inox\/#breadcrumb\",\"itemListElement\":[{\"@type\":\"ListItem\",\"position\":1,\"name\":\"Accueil\",\"item\":\"https:\/\/eurosdiscounts.com\/\"},{\"@type\":\"ListItem\",\"position\":2,\"name\":\"Boutique\",\"item\":\"https:\/\/eurosdiscounts.com\/index.php\/boutique\/\"},{\"@type\":\"ListItem\",\"position\":3,\"name\":\"STANLEY Nettoyeur haute pression &#8211; 135 Bars &#8211; 1800 W &#8211; 440 l\/h max &#8211; Pompe avec 3 pistons inox\"}]},{\"@type\":\"WebSite\",\"@id\":\"https:\/\/eurosdiscounts.com\/#website\",\"url\":\"https:\/\/eurosdiscounts.com\/\",\"name\":\"Eurosdiscounts.com- Achat sur Internet a prix discount, Canap\u00e9s pas cher, Smartphone pas cher, pc portable pas cher..\",\"description\":\"Eurosdiscounts.com- Achat sur Internet a prix discount, Canap\u00e9s pas cher, Smartphone pas cher, pc portable pas cher..\",\"potentialAction\":[{\"@type\":\"SearchAction\",\"target\":{\"@type\":\"EntryPoint\",\"urlTemplate\":\"https:\/\/eurosdiscounts.com\/?s={search_term_string}\"},\"query-input\":{\"@type\":\"PropertyValueSpecification\",\"valueRequired\":true,\"valueName\":\"search_term_string\"}}],\"inLanguage\":\"fr-FR\"}]}<\/script>\n<!-- \/ Yoast SEO plugin. -->","yoast_head_json":{"title":"STANLEY Nettoyeur haute pression - 135 Bars - 1800 W - 440 l\/h max - Pompe avec 3 pistons inox - Eurosdiscounts.com- Achat sur Internet a prix discount, Canap\u00e9s pas cher, Smartphone pas cher, pc portable pas cher..","robots":{"index":"index","follow":"follow","max-snippet":"max-snippet:-1","max-image-preview":"max-image-preview:large","max-video-preview":"max-video-preview:-1"},"canonical":"https:\/\/eurosdiscounts.com\/index.php\/produit\/stanley-nettoyeur-haute-pression-135-bars-1800-w-440-l-h-max-pompe-avec-3-pistons-inox\/","og_locale":"fr_FR","og_type":"article","og_title":"STANLEY Nettoyeur haute pression - 135 Bars - 1800 W - 440 l\/h max - Pompe avec 3 pistons inox - Eurosdiscounts.com- Achat sur Internet a prix discount, Canap\u00e9s pas cher, Smartphone pas cher, pc portable pas cher..","og_description":"STANLEY Nettoyeur haute pression - 135 Bars - Avec brosse fixe et brosse-terrasse d\u00e9tergente - 1800 W - 440 l\/h max - Moteur universel - Bobinage alu - Pompe avec 3 pistons inox - Filtre \u00e0 eau transparent - Lancet embout jet r\u00e9glable et embout turbo - Tuyau 6 m - Enrouleur statique - Roues : \u00d8 17,5 cm - Avec r\u00e9servoir d\u00e9tergent","og_url":"https:\/\/eurosdiscounts.com\/index.php\/produit\/stanley-nettoyeur-haute-pression-135-bars-1800-w-440-l-h-max-pompe-avec-3-pistons-inox\/","og_site_name":"Eurosdiscounts.com- Achat sur Internet a prix discount, Canap\u00e9s pas cher, Smartphone pas cher, pc portable pas cher..","og_image":[{"width":700,"height":700,"url":"https:\/\/eurosdiscounts.com\/wp-content\/uploads\/2019\/09\/c-161.jpg","type":"image\/jpeg"}],"twitter_card":"summary_large_image","twitter_misc":{"Dur\u00e9e de lecture estim\u00e9e":"1 minute"},"schema":{"@context":"https:\/\/schema.org","@graph":[{"@type":"WebPage","@id":"https:\/\/eurosdiscounts.com\/index.php\/produit\/stanley-nettoyeur-haute-pression-135-bars-1800-w-440-l-h-max-pompe-avec-3-pistons-inox\/","url":"https:\/\/eurosdiscounts.com\/index.php\/produit\/stanley-nettoyeur-haute-pression-135-bars-1800-w-440-l-h-max-pompe-avec-3-pistons-inox\/","name":"STANLEY Nettoyeur haute pression - 135 Bars - 1800 W - 440 l\/h max - Pompe avec 3 pistons inox - Eurosdiscounts.com- Achat sur Internet a prix discount, Canap\u00e9s pas cher, Smartphone pas cher, pc portable pas cher..","isPartOf":{"@id":"https:\/\/eurosdiscounts.com\/#website"},"primaryImageOfPage":{"@id":"https:\/\/eurosdiscounts.com\/index.php\/produit\/stanley-nettoyeur-haute-pression-135-bars-1800-w-440-l-h-max-pompe-avec-3-pistons-inox\/#primaryimage"},"image":{"@id":"https:\/\/eurosdiscounts.com\/index.php\/produit\/stanley-nettoyeur-haute-pression-135-bars-1800-w-440-l-h-max-pompe-avec-3-pistons-inox\/#primaryimage"},"thumbnailUrl":"https:\/\/eurosdiscounts.com\/wp-content\/uploads\/2019\/09\/c-161.jpg","datePublished":"2019-09-12T19:27:35+00:00","breadcrumb":{"@id":"https:\/\/eurosdiscounts.com\/index.php\/produit\/stanley-nettoyeur-haute-pression-135-bars-1800-w-440-l-h-max-pompe-avec-3-pistons-inox\/#breadcrumb"},"inLanguage":"fr-FR","potentialAction":[{"@type":"ReadAction","target":["https:\/\/eurosdiscounts.com\/index.php\/produit\/stanley-nettoyeur-haute-pression-135-bars-1800-w-440-l-h-max-pompe-avec-3-pistons-inox\/"]}]},{"@type":"ImageObject","inLanguage":"fr-FR","@id":"https:\/\/eurosdiscounts.com\/index.php\/produit\/stanley-nettoyeur-haute-pression-135-bars-1800-w-440-l-h-max-pompe-avec-3-pistons-inox\/#primaryimage","url":"https:\/\/eurosdiscounts.com\/wp-content\/uploads\/2019\/09\/c-161.jpg","contentUrl":"https:\/\/eurosdiscounts.com\/wp-content\/uploads\/2019\/09\/c-161.jpg","width":700,"height":700},{"@type":"BreadcrumbList","@id":"https:\/\/eurosdiscounts.com\/index.php\/produit\/stanley-nettoyeur-haute-pression-135-bars-1800-w-440-l-h-max-pompe-avec-3-pistons-inox\/#breadcrumb","itemListElement":[{"@type":"ListItem","position":1,"name":"Accueil","item":"https:\/\/eurosdiscounts.com\/"},{"@type":"ListItem","position":2,"name":"Boutique","item":"https:\/\/eurosdiscounts.com\/index.php\/boutique\/"},{"@type":"ListItem","position":3,"name":"STANLEY Nettoyeur haute pression &#8211; 135 Bars &#8211; 1800 W &#8211; 440 l\/h max &#8211; Pompe avec 3 pistons inox"}]},{"@type":"WebSite","@id":"https:\/\/eurosdiscounts.com\/#website","url":"https:\/\/eurosdiscounts.com\/","name":"Eurosdiscounts.com- Achat sur Internet a prix discount, Canap\u00e9s pas cher, Smartphone pas cher, pc portable pas cher..","description":"Eurosdiscounts.com- Achat sur Internet a prix discount, Canap\u00e9s pas cher, Smartphone pas cher, pc portable pas cher..","potentialAction":[{"@type":"SearchAction","target":{"@type":"EntryPoint","urlTemplate":"https:\/\/eurosdiscounts.com\/?s={search_term_string}"},"query-input":{"@type":"PropertyValueSpecification","valueRequired":true,"valueName":"search_term_string"}}],"inLanguage":"fr-FR"}]}},"_links":{"self":[{"href":"https:\/\/eurosdiscounts.com\/index.php\/wp-json\/wp\/v2\/product\/3742","targetHints":{"allow":["GET"]}}],"collection":[{"href":"https:\/\/eurosdiscounts.com\/index.php\/wp-json\/wp\/v2\/product"}],"about":[{"href":"https:\/\/eurosdiscounts.com\/index.php\/wp-json\/wp\/v2\/types\/product"}],"replies":[{"embeddable":true,"href":"https:\/\/eurosdiscounts.com\/index.php\/wp-json\/wp\/v2\/comments?post=3742"}],"wp:featuredmedia":[{"embeddable":true,"href":"https:\/\/eurosdiscounts.com\/index.php\/wp-json\/wp\/v2\/media\/3743"}],"wp:attachment":[{"href":"https:\/\/eurosdiscounts.com\/index.php\/wp-json\/wp\/v2\/media?parent=3742"}],"wp:term":[{"taxonomy":"product_cat","embeddable":true,"href":"https:\/\/eurosdiscounts.com\/index.php\/wp-json\/wp\/v2\/product_cat?post=3742"},{"taxonomy":"product_tag","embeddable":true,"href":"https:\/\/eurosdiscounts.com\/index.php\/wp-json\/wp\/v2\/product_tag?post=3742"}],"curies":[{"name":"wp","href":"https:\/\/api.w.org\/{rel}","templated":true}]}}