{"id":3657,"date":"2019-09-12T12:30:28","date_gmt":"2019-09-12T10:30:28","guid":{"rendered":"https:\/\/smartsdiscount.com\/?post_type=product&amp;p=3657"},"modified":"2019-09-12T12:30:28","modified_gmt":"2019-09-12T10:30:28","slug":"apple-ipad-pro-129-retina-256go-wifi-gris-sideral","status":"publish","type":"product","link":"https:\/\/eurosdiscounts.com\/index.php\/produit\/apple-ipad-pro-129-retina-256go-wifi-gris-sideral\/","title":{"rendered":"APPLE iPad Pro 12,9&Prime; Retina 256Go WiFi &#8211; Gris Sid\u00e9ral"},"content":{"rendered":"<table class=\"fpDescTb fpDescTbPub\">\n<tbody>\n<tr>\n<th colspan=\"2\">Informations g\u00e9n\u00e9rales sur le produit<\/th>\n<\/tr>\n<tr>\n<td>Marque<\/td>\n<td><a title=\"APPLE\" href=\"https:\/\/www.cdiscount.com\/m-2826-apple.html\" data-link=\"SFP-ZBN-TNO-DPM\">APPLE<\/a><\/td>\n<\/tr>\n<tr>\n<td>Nom du produit<\/td>\n<td>APPLE iPad Pro 12,9&Prime; Retina 256Go WiFi &#8211; Gris Sid\u00e9<\/td>\n<\/tr>\n<tr>\n<td>Cat\u00e9gorie<\/td>\n<td>TABLETTE TACTILE<\/td>\n<\/tr>\n<tr>\n<th colspan=\"2\">G\u00e9n\u00e9ral<\/th>\n<\/tr>\n<tr>\n<td>Type de Produit<\/td>\n<td>Tablette<\/td>\n<\/tr>\n<tr>\n<td>Syst\u00e8me d&rsquo;exploitation<\/td>\n<td>Apple iOS 12<\/td>\n<\/tr>\n<tr>\n<th colspan=\"2\">Processeur<\/th>\n<\/tr>\n<tr>\n<td>Processeur<\/td>\n<td>Apple A12X Bionic<\/td>\n<\/tr>\n<tr>\n<td>Technologie 64 bits<\/td>\n<td>Oui<\/td>\n<\/tr>\n<tr>\n<th colspan=\"2\">Affichage<\/th>\n<\/tr>\n<tr>\n<td>R\u00e9solution<\/td>\n<td>2732 x 2048 (264 ppi)<\/td>\n<\/tr>\n<tr>\n<td>Ecran tactile<\/td>\n<td>Multi-touch<\/td>\n<\/tr>\n<tr>\n<td>Caract\u00e9ristiques<\/td>\n<td>Anti-reflet, affichage enti\u00e8rement stratifi\u00e9, affichage True Tone, affichage Wide color, technologie ProMotion, rev\u00eatement ol\u00e9ophobe r\u00e9sistant aux empreintes digitales, affichage Liquid Retina<\/td>\n<\/tr>\n<tr>\n<td>Type<\/td>\n<td>12.9&Prime; IPS TFT &#8211; r\u00e9tro\u00e9clairage par LED<\/td>\n<\/tr>\n<tr>\n<td>Luminosit\u00e9 de l&rsquo;image<\/td>\n<td>600 cd\/m\u00b2<\/td>\n<\/tr>\n<tr>\n<th colspan=\"2\">Cam\u00e9ra<\/th>\n<\/tr>\n<tr>\n<td>Enregistrement vid\u00e9o HD<\/td>\n<td>4K<\/td>\n<\/tr>\n<tr>\n<td>Caract\u00e9ristiques<\/td>\n<td>Mode paysage\/portrait, d\u00e9tection des visages, mise au point par action de taper, g\u00e9olocalisation photo et vid\u00e9o, autofocus, cam\u00e9ra FaceTime HD, Burst mode, ralenti, r\u00e9duction du bruit, protection de l&rsquo;objectif en cristal de saphir, capteur arri\u00e8re de luminosit\u00e9, autofocus continu, mode Time-Lapse, Focus Pixels, stabilisation vid\u00e9o Cinematic, Panorama, objectif \u00e0 5 \u00e9l\u00e9ments, filtre Hybrid IR, mode Timer, contr\u00f4le de l&rsquo;exposition, stabilisation d&rsquo;image automatique, Live Photo, zoom de lecture, 8MP still photos while recording 4K video, Retina Flash, Flash True Tone quadri-LED, Smart HDR, Animoji, Memoji, Portrait Lighting, cam\u00e9ra TrueDeph<\/td>\n<\/tr>\n<tr>\n<td>Zoom num\u00e9rique<\/td>\n<td>5<\/td>\n<\/tr>\n<tr>\n<td>R\u00e9solution (MP)<\/td>\n<td>12 M\u00e9gapixels (arri\u00e8re), 7 M\u00e9gapixel (avant)<\/td>\n<\/tr>\n<tr>\n<td>Fr\u00e9quence d&rsquo;images<\/td>\n<td>60 images\/s<\/td>\n<\/tr>\n<tr>\n<td>Ouverture de l&rsquo;objectif<\/td>\n<td>F\/1.8 (arri\u00e8re) \/ f\/2.2 (avant)<\/td>\n<\/tr>\n<tr>\n<th colspan=\"2\">M\u00e9moire<\/th>\n<\/tr>\n<tr>\n<td>Stockage<\/td>\n<td>256 Go<\/td>\n<\/tr>\n<tr>\n<th colspan=\"2\">Multim\u00e9dia<\/th>\n<\/tr>\n<tr>\n<td>Audio<\/td>\n<td>5 micros, quatre hauts parleurs<\/td>\n<\/tr>\n<tr>\n<td>Normes vid\u00e9o num\u00e9riques prises en charge<\/td>\n<td>MPEG-4 SP (jusqu&rsquo;\u00e0 640 x 480), Motion JPEG (jusqu&rsquo;\u00e0 1280 x 720), Niveau de profil \u00e9lev\u00e9 H.264 4.2 (jusqu&rsquo;\u00e0 4K)<\/td>\n<\/tr>\n<tr>\n<td>Normes audionum\u00e9riques prises en charge<\/td>\n<td>WAV, AAC, AIFF, Audible, MP3, Apple Lossless, AC-3, HE-AAC, protection AAC, EAC3, MP3 VBR<\/td>\n<\/tr>\n<tr>\n<th colspan=\"2\">Communications<\/th>\n<\/tr>\n<tr>\n<td>Connectivit\u00e9 sans fil<\/td>\n<td>802.11a\/b\/g\/n\/ac, Bluetooth 5.0<\/td>\n<\/tr>\n<tr>\n<th colspan=\"2\">Batterie<\/th>\n<\/tr>\n<tr>\n<td>Capacit\u00e9<\/td>\n<td>36.71 Wh<\/td>\n<\/tr>\n<tr>\n<td>Technologie<\/td>\n<td>Lithium-polym\u00e8re<\/td>\n<\/tr>\n<tr>\n<td>Autonomie<\/td>\n<td>Navigation Web via WiFi: jusqu&rsquo;\u00e0 10 heure(s)<br \/>\nLecture vid\u00e9o: jusqu&rsquo;\u00e0 10 heure(s)<br \/>\nLecture audio: jusqu&rsquo;\u00e0 10 heure(s)<\/td>\n<\/tr>\n<tr>\n<td>Dur\u00e9e de fonctionnement<\/td>\n<td>Jusqu&rsquo;\u00e0 10 heures<\/td>\n<\/tr>\n<tr>\n<th colspan=\"2\">Dimensions et poids<\/th>\n<\/tr>\n<tr>\n<td>Poids<\/td>\n<td>631 g<\/td>\n<\/tr>\n<tr>\n<td>Largeur<\/td>\n<td>21.49 cm<\/td>\n<\/tr>\n<tr>\n<td>Hauteur<\/td>\n<td>28.06 cm<\/td>\n<\/tr>\n<tr>\n<td>Profondeur<\/td>\n<td>0.59 cm<\/td>\n<\/tr>\n<tr>\n<th colspan=\"2\">Divers<\/th>\n<\/tr>\n<tr>\n<td>Caract\u00e9ristiques<\/td>\n<td>Lecteur d&rsquo;\u00e9cran VoiceOver, AirPlay, Dict\u00e9e, AssistiveTouch, microlocalisation iBeacon, co-processeur de mouvement Apple M12, Neural Engine<\/td>\n<\/tr>\n<tr>\n<td>Capteurs<\/td>\n<td>Acc\u00e9l\u00e9rom\u00e8tre, d\u00e9tecteur de lumi\u00e8re ambiante, capteur gyroscopique 3 axes, boussole num\u00e9rique, barom\u00e8tre<\/td>\n<\/tr>\n<tr>\n<td>C\u00e2bles inclus<\/td>\n<td>C\u00e2ble de recharge USB-C &#8211; 1 m<\/td>\n<\/tr>\n<tr>\n<td>Couleur<\/td>\n<td>Gris<\/td>\n<\/tr>\n<tr>\n<th colspan=\"2\">Logiciels<\/th>\n<\/tr>\n<tr>\n<td>Logiciel pr\u00e9charg\u00e9<\/td>\n<td>Clock, Mail, Notes, Calendar, Contacts, Messages, Camera, Files, FaceTime, Photo Booth, Safari, Photos, App Store, Maps, News, Trouver mon iPhone, Stocks, Siri, Books, Rappels, Music, Find My Friends, Settings, Voice Memos, iTunes Store, Podcasts, Apple TV App, Home, Measure, Tips<\/td>\n<\/tr>\n<tr>\n<th colspan=\"2\">Garantie du fabricant<\/th>\n<\/tr>\n<tr>\n<td>Service et maintenance<\/td>\n<td>Garantie limit\u00e9e &#8211; 1 an<br \/>\nSupport technique &#8211; support t\u00e9l\u00e9phonique &#8211; 90 jours<\/td>\n<\/tr>\n<tr>\n<th colspan=\"2\">Caract\u00e9ristiques d\u2019environnement<\/th>\n<\/tr>\n<tr>\n<td>Taux d&rsquo;humidit\u00e9 en fonctionnement<\/td>\n<td>5 &#8211; 95 % (sans condensation)<\/td>\n<\/tr>\n<tr>\n<td>Temp\u00e9rature de stockage mini<\/td>\n<td>-20 \u00b0C<\/td>\n<\/tr>\n<tr>\n<td>Temp\u00e9rature de stockage maxi<\/td>\n<td>45 \u00b0C<\/td>\n<\/tr>\n<tr>\n<td>Altitude maxi de fonctionnement<\/td>\n<td>3 km<\/td>\n<\/tr>\n<tr>\n<td>Temp\u00e9rature maximale de fonctionnement<\/td>\n<td>35 \u00b0C<\/td>\n<\/tr>\n<tr>\n<td>Temp\u00e9rature minimale de fonctionnement<\/td>\n<td>0 \u00b0C<\/td>\n<\/tr>\n<tr>\n<th colspan=\"2\">Lecteur eBook<\/th>\n<\/tr>\n<tr>\n<td>Formats de texte pris en charge<\/td>\n<td>DOCX, PDF, TXT, RTF, DOC, HTML, XLS, XLSX, PPT, HTM<\/td>\n<\/tr>\n<tr>\n<td>Formats d&rsquo;image fixe pris en charge<\/td>\n<td>GIF, TIFF, PPTX<\/td>\n<\/tr>\n<tr>\n<th colspan=\"2\">Configuration requise pour la connexion PC<\/th>\n<\/tr>\n<tr>\n<td>Syst\u00e8me d&rsquo;exploitation requis<\/td>\n<td>Microsoft Windows 7 ou ult\u00e9rieur, Apple MacOS X 10.11.6 El Capitan ou sup\u00e9rieur<\/td>\n<\/tr>\n<tr>\n<th colspan=\"2\">Extension et connectivit\u00e9<\/th>\n<\/tr>\n<tr>\n<td>Interfaces<\/td>\n<td>1 x USB-C<br \/>\n1 x Smart Connector<br \/>\n1 x connecteur magn\u00e9tique<\/td>\n<\/tr>\n<\/tbody>\n<\/table>\n","protected":false},"excerpt":{"rendered":"<p><span class=\"fpBlocTitle\">Les points forts :<\/span><\/p>\n<ul>\n<li>12.9&Prime; IPS TFT &#8211; r\u00e9tro\u00e9clairage par LED &#8211; 2732 x 2048 (264 ppi)<\/li>\n<li>Syst\u00e8me d&rsquo;exploitation : Apple iOS 12<\/li>\n<li>Stockage : 256 Go<\/li>\n<li>Interfaces : 1 x USB-C, 1 x Smart Connector, 1 x connecteur magn\u00e9tique<\/li>\n<li>Autonomie : Navigation Web via WiFi: jusqu&rsquo;\u00e0 10 heure(s), Lecture vid\u00e9o: jusqu&rsquo;\u00e0 10 heure<\/li>\n<\/ul>\n","protected":false},"featured_media":3658,"comment_status":"open","ping_status":"closed","template":"","meta":[],"product_cat":[156,235],"product_tag":[],"class_list":{"0":"post-3657","1":"product","2":"type-product","3":"status-publish","4":"has-post-thumbnail","6":"product_cat-bons-plans","7":"product_cat-tablettes","9":"first","10":"instock","11":"sale","12":"shipping-taxable","13":"purchasable","14":"product-type-simple","15":"col-xs-6 col-sm-4","16":"col-md-3 col-lg-3","17":"un-4-cols"},"yoast_head":"<!-- This site is optimized with the Yoast SEO plugin v27.0 - https:\/\/yoast.com\/product\/yoast-seo-wordpress\/ -->\n<title>APPLE iPad Pro 12,9&quot; Retina 256Go WiFi - Gris Sid\u00e9ral - Eurosdiscounts.com- Achat sur Internet a prix discount, Canap\u00e9s pas cher, Smartphone pas cher, pc portable pas cher..<\/title>\n<meta name=\"robots\" content=\"index, follow, max-snippet:-1, max-image-preview:large, max-video-preview:-1\" \/>\n<link rel=\"canonical\" href=\"https:\/\/eurosdiscounts.com\/index.php\/produit\/apple-ipad-pro-129-retina-256go-wifi-gris-sideral\/\" \/>\n<meta property=\"og:locale\" content=\"fr_FR\" \/>\n<meta property=\"og:type\" content=\"article\" \/>\n<meta property=\"og:title\" content=\"APPLE iPad Pro 12,9&quot; Retina 256Go WiFi - Gris Sid\u00e9ral - Eurosdiscounts.com- Achat sur Internet a prix discount, Canap\u00e9s pas cher, Smartphone pas cher, pc portable pas cher..\" \/>\n<meta property=\"og:description\" content=\"Les points forts :  12.9&quot; IPS TFT - r\u00e9tro\u00e9clairage par LED - 2732 x 2048 (264 ppi)  Syst\u00e8me d&#039;exploitation : Apple iOS 12  Stockage : 256 Go  Interfaces : 1 x USB-C, 1 x Smart Connector, 1 x connecteur magn\u00e9tique  Autonomie : Navigation Web via WiFi: jusqu&#039;\u00e0 10 heure(s), Lecture vid\u00e9o: jusqu&#039;\u00e0 10 heure\" \/>\n<meta property=\"og:url\" content=\"https:\/\/eurosdiscounts.com\/index.php\/produit\/apple-ipad-pro-129-retina-256go-wifi-gris-sideral\/\" \/>\n<meta property=\"og:site_name\" content=\"Eurosdiscounts.com- Achat sur Internet a prix discount, Canap\u00e9s pas cher, Smartphone pas cher, pc portable pas cher..\" \/>\n<meta property=\"og:image\" content=\"https:\/\/eurosdiscounts.com\/wp-content\/uploads\/2019\/09\/c-140.jpg\" \/>\n\t<meta property=\"og:image:width\" content=\"700\" \/>\n\t<meta property=\"og:image:height\" content=\"700\" \/>\n\t<meta property=\"og:image:type\" content=\"image\/jpeg\" \/>\n<meta name=\"twitter:card\" content=\"summary_large_image\" \/>\n<meta name=\"twitter:label1\" content=\"Dur\u00e9e de lecture estim\u00e9e\" \/>\n\t<meta name=\"twitter:data1\" content=\"3 minutes\" \/>\n<script type=\"application\/ld+json\" class=\"yoast-schema-graph\">{\"@context\":\"https:\/\/schema.org\",\"@graph\":[{\"@type\":\"WebPage\",\"@id\":\"https:\/\/eurosdiscounts.com\/index.php\/produit\/apple-ipad-pro-129-retina-256go-wifi-gris-sideral\/\",\"url\":\"https:\/\/eurosdiscounts.com\/index.php\/produit\/apple-ipad-pro-129-retina-256go-wifi-gris-sideral\/\",\"name\":\"APPLE iPad Pro 12,9\\\" Retina 256Go WiFi - Gris Sid\u00e9ral - Eurosdiscounts.com- Achat sur Internet a prix discount, Canap\u00e9s pas cher, Smartphone pas cher, pc portable pas cher..\",\"isPartOf\":{\"@id\":\"https:\/\/eurosdiscounts.com\/#website\"},\"primaryImageOfPage\":{\"@id\":\"https:\/\/eurosdiscounts.com\/index.php\/produit\/apple-ipad-pro-129-retina-256go-wifi-gris-sideral\/#primaryimage\"},\"image\":{\"@id\":\"https:\/\/eurosdiscounts.com\/index.php\/produit\/apple-ipad-pro-129-retina-256go-wifi-gris-sideral\/#primaryimage\"},\"thumbnailUrl\":\"https:\/\/eurosdiscounts.com\/wp-content\/uploads\/2019\/09\/c-140.jpg\",\"datePublished\":\"2019-09-12T10:30:28+00:00\",\"breadcrumb\":{\"@id\":\"https:\/\/eurosdiscounts.com\/index.php\/produit\/apple-ipad-pro-129-retina-256go-wifi-gris-sideral\/#breadcrumb\"},\"inLanguage\":\"fr-FR\",\"potentialAction\":[{\"@type\":\"ReadAction\",\"target\":[\"https:\/\/eurosdiscounts.com\/index.php\/produit\/apple-ipad-pro-129-retina-256go-wifi-gris-sideral\/\"]}]},{\"@type\":\"ImageObject\",\"inLanguage\":\"fr-FR\",\"@id\":\"https:\/\/eurosdiscounts.com\/index.php\/produit\/apple-ipad-pro-129-retina-256go-wifi-gris-sideral\/#primaryimage\",\"url\":\"https:\/\/eurosdiscounts.com\/wp-content\/uploads\/2019\/09\/c-140.jpg\",\"contentUrl\":\"https:\/\/eurosdiscounts.com\/wp-content\/uploads\/2019\/09\/c-140.jpg\",\"width\":700,\"height\":700},{\"@type\":\"BreadcrumbList\",\"@id\":\"https:\/\/eurosdiscounts.com\/index.php\/produit\/apple-ipad-pro-129-retina-256go-wifi-gris-sideral\/#breadcrumb\",\"itemListElement\":[{\"@type\":\"ListItem\",\"position\":1,\"name\":\"Accueil\",\"item\":\"https:\/\/eurosdiscounts.com\/\"},{\"@type\":\"ListItem\",\"position\":2,\"name\":\"Boutique\",\"item\":\"https:\/\/eurosdiscounts.com\/index.php\/boutique\/\"},{\"@type\":\"ListItem\",\"position\":3,\"name\":\"APPLE iPad Pro 12,9&Prime; Retina 256Go WiFi &#8211; Gris Sid\u00e9ral\"}]},{\"@type\":\"WebSite\",\"@id\":\"https:\/\/eurosdiscounts.com\/#website\",\"url\":\"https:\/\/eurosdiscounts.com\/\",\"name\":\"Eurosdiscounts.com- Achat sur Internet a prix discount, Canap\u00e9s pas cher, Smartphone pas cher, pc portable pas cher..\",\"description\":\"Eurosdiscounts.com- Achat sur Internet a prix discount, Canap\u00e9s pas cher, Smartphone pas cher, pc portable pas cher..\",\"potentialAction\":[{\"@type\":\"SearchAction\",\"target\":{\"@type\":\"EntryPoint\",\"urlTemplate\":\"https:\/\/eurosdiscounts.com\/?s={search_term_string}\"},\"query-input\":{\"@type\":\"PropertyValueSpecification\",\"valueRequired\":true,\"valueName\":\"search_term_string\"}}],\"inLanguage\":\"fr-FR\"}]}<\/script>\n<!-- \/ Yoast SEO plugin. -->","yoast_head_json":{"title":"APPLE iPad Pro 12,9\" Retina 256Go WiFi - Gris Sid\u00e9ral - Eurosdiscounts.com- Achat sur Internet a prix discount, Canap\u00e9s pas cher, Smartphone pas cher, pc portable pas cher..","robots":{"index":"index","follow":"follow","max-snippet":"max-snippet:-1","max-image-preview":"max-image-preview:large","max-video-preview":"max-video-preview:-1"},"canonical":"https:\/\/eurosdiscounts.com\/index.php\/produit\/apple-ipad-pro-129-retina-256go-wifi-gris-sideral\/","og_locale":"fr_FR","og_type":"article","og_title":"APPLE iPad Pro 12,9\" Retina 256Go WiFi - Gris Sid\u00e9ral - Eurosdiscounts.com- Achat sur Internet a prix discount, Canap\u00e9s pas cher, Smartphone pas cher, pc portable pas cher..","og_description":"Les points forts :  12.9\" IPS TFT - r\u00e9tro\u00e9clairage par LED - 2732 x 2048 (264 ppi)  Syst\u00e8me d'exploitation : Apple iOS 12  Stockage : 256 Go  Interfaces : 1 x USB-C, 1 x Smart Connector, 1 x connecteur magn\u00e9tique  Autonomie : Navigation Web via WiFi: jusqu'\u00e0 10 heure(s), Lecture vid\u00e9o: jusqu'\u00e0 10 heure","og_url":"https:\/\/eurosdiscounts.com\/index.php\/produit\/apple-ipad-pro-129-retina-256go-wifi-gris-sideral\/","og_site_name":"Eurosdiscounts.com- Achat sur Internet a prix discount, Canap\u00e9s pas cher, Smartphone pas cher, pc portable pas cher..","og_image":[{"width":700,"height":700,"url":"https:\/\/eurosdiscounts.com\/wp-content\/uploads\/2019\/09\/c-140.jpg","type":"image\/jpeg"}],"twitter_card":"summary_large_image","twitter_misc":{"Dur\u00e9e de lecture estim\u00e9e":"3 minutes"},"schema":{"@context":"https:\/\/schema.org","@graph":[{"@type":"WebPage","@id":"https:\/\/eurosdiscounts.com\/index.php\/produit\/apple-ipad-pro-129-retina-256go-wifi-gris-sideral\/","url":"https:\/\/eurosdiscounts.com\/index.php\/produit\/apple-ipad-pro-129-retina-256go-wifi-gris-sideral\/","name":"APPLE iPad Pro 12,9\" Retina 256Go WiFi - Gris Sid\u00e9ral - Eurosdiscounts.com- Achat sur Internet a prix discount, Canap\u00e9s pas cher, Smartphone pas cher, pc portable pas cher..","isPartOf":{"@id":"https:\/\/eurosdiscounts.com\/#website"},"primaryImageOfPage":{"@id":"https:\/\/eurosdiscounts.com\/index.php\/produit\/apple-ipad-pro-129-retina-256go-wifi-gris-sideral\/#primaryimage"},"image":{"@id":"https:\/\/eurosdiscounts.com\/index.php\/produit\/apple-ipad-pro-129-retina-256go-wifi-gris-sideral\/#primaryimage"},"thumbnailUrl":"https:\/\/eurosdiscounts.com\/wp-content\/uploads\/2019\/09\/c-140.jpg","datePublished":"2019-09-12T10:30:28+00:00","breadcrumb":{"@id":"https:\/\/eurosdiscounts.com\/index.php\/produit\/apple-ipad-pro-129-retina-256go-wifi-gris-sideral\/#breadcrumb"},"inLanguage":"fr-FR","potentialAction":[{"@type":"ReadAction","target":["https:\/\/eurosdiscounts.com\/index.php\/produit\/apple-ipad-pro-129-retina-256go-wifi-gris-sideral\/"]}]},{"@type":"ImageObject","inLanguage":"fr-FR","@id":"https:\/\/eurosdiscounts.com\/index.php\/produit\/apple-ipad-pro-129-retina-256go-wifi-gris-sideral\/#primaryimage","url":"https:\/\/eurosdiscounts.com\/wp-content\/uploads\/2019\/09\/c-140.jpg","contentUrl":"https:\/\/eurosdiscounts.com\/wp-content\/uploads\/2019\/09\/c-140.jpg","width":700,"height":700},{"@type":"BreadcrumbList","@id":"https:\/\/eurosdiscounts.com\/index.php\/produit\/apple-ipad-pro-129-retina-256go-wifi-gris-sideral\/#breadcrumb","itemListElement":[{"@type":"ListItem","position":1,"name":"Accueil","item":"https:\/\/eurosdiscounts.com\/"},{"@type":"ListItem","position":2,"name":"Boutique","item":"https:\/\/eurosdiscounts.com\/index.php\/boutique\/"},{"@type":"ListItem","position":3,"name":"APPLE iPad Pro 12,9&Prime; Retina 256Go WiFi &#8211; Gris Sid\u00e9ral"}]},{"@type":"WebSite","@id":"https:\/\/eurosdiscounts.com\/#website","url":"https:\/\/eurosdiscounts.com\/","name":"Eurosdiscounts.com- Achat sur Internet a prix discount, Canap\u00e9s pas cher, Smartphone pas cher, pc portable pas cher..","description":"Eurosdiscounts.com- Achat sur Internet a prix discount, Canap\u00e9s pas cher, Smartphone pas cher, pc portable pas cher..","potentialAction":[{"@type":"SearchAction","target":{"@type":"EntryPoint","urlTemplate":"https:\/\/eurosdiscounts.com\/?s={search_term_string}"},"query-input":{"@type":"PropertyValueSpecification","valueRequired":true,"valueName":"search_term_string"}}],"inLanguage":"fr-FR"}]}},"_links":{"self":[{"href":"https:\/\/eurosdiscounts.com\/index.php\/wp-json\/wp\/v2\/product\/3657","targetHints":{"allow":["GET"]}}],"collection":[{"href":"https:\/\/eurosdiscounts.com\/index.php\/wp-json\/wp\/v2\/product"}],"about":[{"href":"https:\/\/eurosdiscounts.com\/index.php\/wp-json\/wp\/v2\/types\/product"}],"replies":[{"embeddable":true,"href":"https:\/\/eurosdiscounts.com\/index.php\/wp-json\/wp\/v2\/comments?post=3657"}],"wp:featuredmedia":[{"embeddable":true,"href":"https:\/\/eurosdiscounts.com\/index.php\/wp-json\/wp\/v2\/media\/3658"}],"wp:attachment":[{"href":"https:\/\/eurosdiscounts.com\/index.php\/wp-json\/wp\/v2\/media?parent=3657"}],"wp:term":[{"taxonomy":"product_cat","embeddable":true,"href":"https:\/\/eurosdiscounts.com\/index.php\/wp-json\/wp\/v2\/product_cat?post=3657"},{"taxonomy":"product_tag","embeddable":true,"href":"https:\/\/eurosdiscounts.com\/index.php\/wp-json\/wp\/v2\/product_tag?post=3657"}],"curies":[{"name":"wp","href":"https:\/\/api.w.org\/{rel}","templated":true}]}}