{"id":3613,"date":"2019-09-12T01:51:59","date_gmt":"2019-09-11T23:51:59","guid":{"rendered":"https:\/\/smartsdiscount.com\/?post_type=product&amp;p=3613"},"modified":"2019-09-12T01:51:59","modified_gmt":"2019-09-11T23:51:59","slug":"sk4amsung-tablette-tactile-galaxy-tab-s2-8-pouces-qxga-3go-ram-android-6-0-octo-core-rom-32go-noir-ve-wifi","status":"publish","type":"product","link":"https:\/\/eurosdiscounts.com\/index.php\/produit\/sk4amsung-tablette-tactile-galaxy-tab-s2-8-pouces-qxga-3go-ram-android-6-0-octo-core-rom-32go-noir-ve-wifi\/","title":{"rendered":"Sk4AMSUNG Tablette tactile Galaxy Tab S2 &#8211; 8 pouces QXGA &#8211; 3Go RAM &#8211; Android 6.0 &#8211; Octo Core &#8211; ROM 32Go &#8211; Noir &#8211; VE Wifi"},"content":{"rendered":"<table class=\"fpDescTb fpDescTbPub\">\n<tbody>\n<tr>\n<th colspan=\"2\">Informations g\u00e9n\u00e9rales sur le produit<\/th>\n<\/tr>\n<tr>\n<td>Marque<\/td>\n<td><a title=\"SAMSUNG\" href=\"https:\/\/www.cdiscount.com\/m-443-samsung.html\" data-link=\"SFP-ZBN-TNO-DPM\">SAMSUNG<\/a><\/td>\n<\/tr>\n<tr>\n<td>Nom du produit<\/td>\n<td>SAMSUNG Tablette tactile Galaxy Tab S2 &#8211; 8 pouces<\/td>\n<\/tr>\n<tr>\n<td>Cat\u00e9gorie<\/td>\n<td>TABLETTE TACTILE<\/td>\n<\/tr>\n<tr>\n<th colspan=\"2\">G\u00e9n\u00e9ral<\/th>\n<\/tr>\n<tr>\n<td>Type de Produit<\/td>\n<td>Tablette<\/td>\n<\/tr>\n<tr>\n<td>Syst\u00e8me d&rsquo;exploitation<\/td>\n<td>Android 6.0 (Marshmallow)<\/td>\n<\/tr>\n<tr>\n<th colspan=\"2\">Informations sur le produit<\/th>\n<\/tr>\n<tr>\n<td>Sp\u00e9cificit\u00e9s Web D\u00e9stockage<\/td>\n<td>Informations compl\u00e9mentaires<br \/>\nProduit en retour \u00e0 la suite d&rsquo;une r\u00e9tractation client ou d\u2019une erreur de livraison.<br \/>\nSp\u00e9cificit\u00e9 du produit<br \/>\nProduit d\u2019occasion test\u00e9 et contr\u00f4l\u00e9 par nos \u00e9quipes techniques.<br \/>\nBoite ouverte et reconditionn\u00e9e si n\u00e9cessaire.<\/p>\n<p>Etat de l\u2019emballage : l\u00e9g\u00e8rement ab\u00eem\u00e9<br \/>\nEtat du produit : Correct &#8211; Utilis\u00e9<\/td>\n<\/tr>\n<tr>\n<td>Sous-\u00e9tat<\/td>\n<td>Bon \u00e9tat<\/td>\n<\/tr>\n<tr>\n<th colspan=\"2\">Processeur<\/th>\n<\/tr>\n<tr>\n<td>Fr\u00e9quence d&rsquo;horloge du processeur<\/td>\n<td>1.8 GHz<\/td>\n<\/tr>\n<tr>\n<td>Nombre de coeurs<\/td>\n<td>8 coeurs<\/td>\n<\/tr>\n<tr>\n<th colspan=\"2\">Affichage<\/th>\n<\/tr>\n<tr>\n<td>R\u00e9solution<\/td>\n<td>2048 x 1536<\/td>\n<\/tr>\n<tr>\n<td>Ecran tactile<\/td>\n<td>Multi-touch<\/td>\n<\/tr>\n<tr>\n<td>Type<\/td>\n<td>8&Prime; Super AMOLED<\/td>\n<\/tr>\n<tr>\n<td>Profondeur d&rsquo;\u00e9chantillonnage<\/td>\n<td>16 millions de couleurs<\/td>\n<\/tr>\n<tr>\n<th colspan=\"2\">Cam\u00e9ra<\/th>\n<\/tr>\n<tr>\n<td>R\u00e9solutions vid\u00e9o<\/td>\n<td>2560 x 1440<\/td>\n<\/tr>\n<tr>\n<td>R\u00e9glage de la mise au point<\/td>\n<td>Automatique<\/td>\n<\/tr>\n<tr>\n<td>Caract\u00e9ristiques<\/td>\n<td>Capteur CMOS<\/td>\n<\/tr>\n<tr>\n<td>Zoom num\u00e9rique<\/td>\n<td>4<\/td>\n<\/tr>\n<tr>\n<td>R\u00e9solution (MP)<\/td>\n<td>8 M\u00e9gapixels (arri\u00e8re), 2,1 M\u00e9gapixel (avant)<\/td>\n<\/tr>\n<tr>\n<th colspan=\"2\">M\u00e9moire<\/th>\n<\/tr>\n<tr>\n<td>RAM<\/td>\n<td>3 Go<\/td>\n<\/tr>\n<tr>\n<td>Stockage<\/td>\n<td>32 Go<\/td>\n<\/tr>\n<tr>\n<td>Cartes m\u00e9moire flash prises en charge<\/td>\n<td>microSD, microSDXC<\/td>\n<\/tr>\n<tr>\n<td>Capacit\u00e9 max. prise en charge<\/td>\n<td>128 GB<\/td>\n<\/tr>\n<tr>\n<th colspan=\"2\">Multim\u00e9dia<\/th>\n<\/tr>\n<tr>\n<td>Audio<\/td>\n<td>Haut-parleurs st\u00e9r\u00e9o<\/td>\n<\/tr>\n<tr>\n<td>Normes vid\u00e9o num\u00e9riques prises en charge<\/td>\n<td>MPEG-4, WMV, MKV, 3GP, ASF, FLV, 3G2, M4V, WEBM<\/td>\n<\/tr>\n<tr>\n<td>Normes audionum\u00e9riques prises en charge<\/td>\n<td>WAV, WMA, AAC, AMR, MP3, FLAC, XMF, OGG, MIDI, M4A, MXMF, OGA, 3GA, AWB, IMY, OTA, RTTTL-RTX, MID<\/td>\n<\/tr>\n<tr>\n<th colspan=\"2\">Communications<\/th>\n<\/tr>\n<tr>\n<td>Connectivit\u00e9 sans fil<\/td>\n<td>802.11a-b-g-n-ac, Bluetooth 4.1<\/td>\n<\/tr>\n<tr>\n<td>Protocoles et fonctions de s\u00e9curit\u00e9<\/td>\n<td>Wi-Fi Direct, ANT+<\/td>\n<\/tr>\n<tr>\n<td>Profils Bluetooth<\/td>\n<td>Profil de casque (HSP), Profil de pouss\u00e9e d&rsquo;objet (OPP), Profil de r\u00e9seau personnel (PAN), Profil de distribution audio avanc\u00e9e (A2DP), Profil de contr\u00f4le \u00e0 distance audio-vid\u00e9o, Profil pour appareil d&rsquo;interface humaine (HID), HID Over GATT Profile (HOGP)<\/td>\n<\/tr>\n<tr>\n<th colspan=\"2\">Batterie<\/th>\n<\/tr>\n<tr>\n<td>Capacit\u00e9<\/td>\n<td>4000 mAh<\/td>\n<\/tr>\n<tr>\n<td>Technologie<\/td>\n<td>Lithium Ion<\/td>\n<\/tr>\n<tr>\n<td>Autonomie<\/td>\n<td>Lecture audio: jusqu&rsquo;\u00e0 71 heure(s)<br \/>\nNavigation Web via WiFi: jusqu&rsquo;\u00e0 9 heure(s)<br \/>\nLecture vid\u00e9o: jusqu&rsquo;\u00e0 14 heure(s)<\/td>\n<\/tr>\n<tr>\n<th colspan=\"2\">Dimensions et poids<\/th>\n<\/tr>\n<tr>\n<td>Poids<\/td>\n<td>264 g<\/td>\n<\/tr>\n<tr>\n<td>Largeur<\/td>\n<td>13.48 cm<\/td>\n<\/tr>\n<tr>\n<td>Hauteur<\/td>\n<td>19.86 cm<\/td>\n<\/tr>\n<tr>\n<td>Profondeur<\/td>\n<td>0.56 cm<\/td>\n<\/tr>\n<tr>\n<th colspan=\"2\">Divers<\/th>\n<\/tr>\n<tr>\n<td>Caract\u00e9ristiques<\/td>\n<td>Technologie MIMO<\/td>\n<\/tr>\n<tr>\n<td>Capteurs<\/td>\n<td>Acc\u00e9l\u00e9rom\u00e8tre, capteur gyroscopique, capteur \u00e0 effet Hall, capteur RGB, capteur g\u00e9omagn\u00e9tique<\/td>\n<\/tr>\n<tr>\n<td>C\u00e2bles inclus<\/td>\n<td>C\u00e2ble micro-USB<\/td>\n<\/tr>\n<tr>\n<td>Couleur<\/td>\n<td>Noir<\/td>\n<\/tr>\n<tr>\n<th colspan=\"2\">Extension et connectivit\u00e9<\/th>\n<\/tr>\n<tr>\n<td>Interfaces<\/td>\n<td>1 x USB 2.0<br \/>\n1 x miniprise pour casque (3,5 mm)<\/td>\n<\/tr>\n<tr>\n<td>Extension Emplacements<\/td>\n<td>1 x microSD<\/td>\n<\/tr>\n<\/tbody>\n<\/table>\n","protected":false},"excerpt":{"rendered":"<p><span class=\"fpBlocTitle\">Les points forts :<\/span><\/p>\n<ul>\n<li>8&Prime; Super AMOLED &#8211; 2048 x 1536<\/li>\n<li>Syst\u00e8me d&rsquo;exploitation : Android 6.0 (Marshmallow)<\/li>\n<li>RAM : 3 Go<\/li>\n<li>Stockage : 32 Go<\/li>\n<li>Interfaces : 1 x USB 2.0, 1 x miniprise pour casque (3,5 mm)<\/li>\n<\/ul>\n<div class=\"jsFpBulletPointMore\">\n<ul>\n<li>Autonomie : Lecture audio: jusqu&rsquo;\u00e0 71 heure(s), Navigation Web via WiFi: jusqu&rsquo;\u00e0 9 heure(s), Lecture vid\u00e9o: jusqu&rsquo;\u00e0 14 heure(s)<\/li>\n<li>Cartes m\u00e9moire flash prises en charge : microSD, microSDXC<\/li>\n<\/ul>\n<\/div>\n","protected":false},"featured_media":3614,"comment_status":"open","ping_status":"closed","template":"","meta":[],"product_cat":[156,235],"product_tag":[],"class_list":{"0":"post-3613","1":"product","2":"type-product","3":"status-publish","4":"has-post-thumbnail","6":"product_cat-bons-plans","7":"product_cat-tablettes","9":"first","10":"instock","11":"sale","12":"shipping-taxable","13":"purchasable","14":"product-type-simple","15":"col-xs-6 col-sm-4","16":"col-md-3 col-lg-3","17":"un-4-cols"},"yoast_head":"<!-- This site is optimized with the Yoast SEO plugin v27.0 - https:\/\/yoast.com\/product\/yoast-seo-wordpress\/ -->\n<title>Sk4AMSUNG Tablette tactile Galaxy Tab S2 - 8 pouces QXGA - 3Go RAM - Android 6.0 - Octo Core - ROM 32Go - Noir - VE Wifi - Eurosdiscounts.com- Achat sur Internet a prix discount, Canap\u00e9s pas cher, Smartphone pas cher, pc portable pas cher..<\/title>\n<meta name=\"robots\" content=\"index, follow, max-snippet:-1, max-image-preview:large, max-video-preview:-1\" \/>\n<link rel=\"canonical\" href=\"https:\/\/eurosdiscounts.com\/index.php\/produit\/sk4amsung-tablette-tactile-galaxy-tab-s2-8-pouces-qxga-3go-ram-android-6-0-octo-core-rom-32go-noir-ve-wifi\/\" \/>\n<meta property=\"og:locale\" content=\"fr_FR\" \/>\n<meta property=\"og:type\" content=\"article\" \/>\n<meta property=\"og:title\" content=\"Sk4AMSUNG Tablette tactile Galaxy Tab S2 - 8 pouces QXGA - 3Go RAM - Android 6.0 - Octo Core - ROM 32Go - Noir - VE Wifi - Eurosdiscounts.com- Achat sur Internet a prix discount, Canap\u00e9s pas cher, Smartphone pas cher, pc portable pas cher..\" \/>\n<meta property=\"og:description\" content=\"Les points forts :  8&quot; Super AMOLED - 2048 x 1536  Syst\u00e8me d&#039;exploitation : Android 6.0 (Marshmallow)  RAM : 3 Go  Stockage : 32 Go  Interfaces : 1 x USB 2.0, 1 x miniprise pour casque (3,5 mm)   Autonomie : Lecture audio: jusqu&#039;\u00e0 71 heure(s), Navigation Web via WiFi: jusqu&#039;\u00e0 9 heure(s), Lecture vid\u00e9o: jusqu&#039;\u00e0 14 heure(s)  Cartes m\u00e9moire flash prises en charge : microSD, microSDXC\" \/>\n<meta property=\"og:url\" content=\"https:\/\/eurosdiscounts.com\/index.php\/produit\/sk4amsung-tablette-tactile-galaxy-tab-s2-8-pouces-qxga-3go-ram-android-6-0-octo-core-rom-32go-noir-ve-wifi\/\" \/>\n<meta property=\"og:site_name\" content=\"Eurosdiscounts.com- Achat sur Internet a prix discount, Canap\u00e9s pas cher, Smartphone pas cher, pc portable pas cher..\" \/>\n<meta property=\"og:image\" content=\"https:\/\/eurosdiscounts.com\/wp-content\/uploads\/2019\/09\/c-132.jpg\" \/>\n\t<meta property=\"og:image:width\" content=\"700\" \/>\n\t<meta property=\"og:image:height\" content=\"700\" \/>\n\t<meta property=\"og:image:type\" content=\"image\/jpeg\" \/>\n<meta name=\"twitter:card\" content=\"summary_large_image\" \/>\n<meta name=\"twitter:label1\" content=\"Dur\u00e9e de lecture estim\u00e9e\" \/>\n\t<meta name=\"twitter:data1\" content=\"2 minutes\" \/>\n<script type=\"application\/ld+json\" class=\"yoast-schema-graph\">{\"@context\":\"https:\/\/schema.org\",\"@graph\":[{\"@type\":\"WebPage\",\"@id\":\"https:\/\/eurosdiscounts.com\/index.php\/produit\/sk4amsung-tablette-tactile-galaxy-tab-s2-8-pouces-qxga-3go-ram-android-6-0-octo-core-rom-32go-noir-ve-wifi\/\",\"url\":\"https:\/\/eurosdiscounts.com\/index.php\/produit\/sk4amsung-tablette-tactile-galaxy-tab-s2-8-pouces-qxga-3go-ram-android-6-0-octo-core-rom-32go-noir-ve-wifi\/\",\"name\":\"Sk4AMSUNG Tablette tactile Galaxy Tab S2 - 8 pouces QXGA - 3Go RAM - Android 6.0 - Octo Core - ROM 32Go - Noir - VE Wifi - Eurosdiscounts.com- Achat sur Internet a prix discount, Canap\u00e9s pas cher, Smartphone pas cher, pc portable pas cher..\",\"isPartOf\":{\"@id\":\"https:\/\/eurosdiscounts.com\/#website\"},\"primaryImageOfPage\":{\"@id\":\"https:\/\/eurosdiscounts.com\/index.php\/produit\/sk4amsung-tablette-tactile-galaxy-tab-s2-8-pouces-qxga-3go-ram-android-6-0-octo-core-rom-32go-noir-ve-wifi\/#primaryimage\"},\"image\":{\"@id\":\"https:\/\/eurosdiscounts.com\/index.php\/produit\/sk4amsung-tablette-tactile-galaxy-tab-s2-8-pouces-qxga-3go-ram-android-6-0-octo-core-rom-32go-noir-ve-wifi\/#primaryimage\"},\"thumbnailUrl\":\"https:\/\/eurosdiscounts.com\/wp-content\/uploads\/2019\/09\/c-132.jpg\",\"datePublished\":\"2019-09-11T23:51:59+00:00\",\"breadcrumb\":{\"@id\":\"https:\/\/eurosdiscounts.com\/index.php\/produit\/sk4amsung-tablette-tactile-galaxy-tab-s2-8-pouces-qxga-3go-ram-android-6-0-octo-core-rom-32go-noir-ve-wifi\/#breadcrumb\"},\"inLanguage\":\"fr-FR\",\"potentialAction\":[{\"@type\":\"ReadAction\",\"target\":[\"https:\/\/eurosdiscounts.com\/index.php\/produit\/sk4amsung-tablette-tactile-galaxy-tab-s2-8-pouces-qxga-3go-ram-android-6-0-octo-core-rom-32go-noir-ve-wifi\/\"]}]},{\"@type\":\"ImageObject\",\"inLanguage\":\"fr-FR\",\"@id\":\"https:\/\/eurosdiscounts.com\/index.php\/produit\/sk4amsung-tablette-tactile-galaxy-tab-s2-8-pouces-qxga-3go-ram-android-6-0-octo-core-rom-32go-noir-ve-wifi\/#primaryimage\",\"url\":\"https:\/\/eurosdiscounts.com\/wp-content\/uploads\/2019\/09\/c-132.jpg\",\"contentUrl\":\"https:\/\/eurosdiscounts.com\/wp-content\/uploads\/2019\/09\/c-132.jpg\",\"width\":700,\"height\":700},{\"@type\":\"BreadcrumbList\",\"@id\":\"https:\/\/eurosdiscounts.com\/index.php\/produit\/sk4amsung-tablette-tactile-galaxy-tab-s2-8-pouces-qxga-3go-ram-android-6-0-octo-core-rom-32go-noir-ve-wifi\/#breadcrumb\",\"itemListElement\":[{\"@type\":\"ListItem\",\"position\":1,\"name\":\"Accueil\",\"item\":\"https:\/\/eurosdiscounts.com\/\"},{\"@type\":\"ListItem\",\"position\":2,\"name\":\"Boutique\",\"item\":\"https:\/\/eurosdiscounts.com\/index.php\/boutique\/\"},{\"@type\":\"ListItem\",\"position\":3,\"name\":\"Sk4AMSUNG Tablette tactile Galaxy Tab S2 &#8211; 8 pouces QXGA &#8211; 3Go RAM &#8211; Android 6.0 &#8211; Octo Core &#8211; ROM 32Go &#8211; Noir &#8211; VE Wifi\"}]},{\"@type\":\"WebSite\",\"@id\":\"https:\/\/eurosdiscounts.com\/#website\",\"url\":\"https:\/\/eurosdiscounts.com\/\",\"name\":\"Eurosdiscounts.com- Achat sur Internet a prix discount, Canap\u00e9s pas cher, Smartphone pas cher, pc portable pas cher..\",\"description\":\"Eurosdiscounts.com- Achat sur Internet a prix discount, Canap\u00e9s pas cher, Smartphone pas cher, pc portable pas cher..\",\"potentialAction\":[{\"@type\":\"SearchAction\",\"target\":{\"@type\":\"EntryPoint\",\"urlTemplate\":\"https:\/\/eurosdiscounts.com\/?s={search_term_string}\"},\"query-input\":{\"@type\":\"PropertyValueSpecification\",\"valueRequired\":true,\"valueName\":\"search_term_string\"}}],\"inLanguage\":\"fr-FR\"}]}<\/script>\n<!-- \/ Yoast SEO plugin. -->","yoast_head_json":{"title":"Sk4AMSUNG Tablette tactile Galaxy Tab S2 - 8 pouces QXGA - 3Go RAM - Android 6.0 - Octo Core - ROM 32Go - Noir - VE Wifi - Eurosdiscounts.com- Achat sur Internet a prix discount, Canap\u00e9s pas cher, Smartphone pas cher, pc portable pas cher..","robots":{"index":"index","follow":"follow","max-snippet":"max-snippet:-1","max-image-preview":"max-image-preview:large","max-video-preview":"max-video-preview:-1"},"canonical":"https:\/\/eurosdiscounts.com\/index.php\/produit\/sk4amsung-tablette-tactile-galaxy-tab-s2-8-pouces-qxga-3go-ram-android-6-0-octo-core-rom-32go-noir-ve-wifi\/","og_locale":"fr_FR","og_type":"article","og_title":"Sk4AMSUNG Tablette tactile Galaxy Tab S2 - 8 pouces QXGA - 3Go RAM - Android 6.0 - Octo Core - ROM 32Go - Noir - VE Wifi - Eurosdiscounts.com- Achat sur Internet a prix discount, Canap\u00e9s pas cher, Smartphone pas cher, pc portable pas cher..","og_description":"Les points forts :  8\" Super AMOLED - 2048 x 1536  Syst\u00e8me d'exploitation : Android 6.0 (Marshmallow)  RAM : 3 Go  Stockage : 32 Go  Interfaces : 1 x USB 2.0, 1 x miniprise pour casque (3,5 mm)   Autonomie : Lecture audio: jusqu'\u00e0 71 heure(s), Navigation Web via WiFi: jusqu'\u00e0 9 heure(s), Lecture vid\u00e9o: jusqu'\u00e0 14 heure(s)  Cartes m\u00e9moire flash prises en charge : microSD, microSDXC","og_url":"https:\/\/eurosdiscounts.com\/index.php\/produit\/sk4amsung-tablette-tactile-galaxy-tab-s2-8-pouces-qxga-3go-ram-android-6-0-octo-core-rom-32go-noir-ve-wifi\/","og_site_name":"Eurosdiscounts.com- Achat sur Internet a prix discount, Canap\u00e9s pas cher, Smartphone pas cher, pc portable pas cher..","og_image":[{"width":700,"height":700,"url":"https:\/\/eurosdiscounts.com\/wp-content\/uploads\/2019\/09\/c-132.jpg","type":"image\/jpeg"}],"twitter_card":"summary_large_image","twitter_misc":{"Dur\u00e9e de lecture estim\u00e9e":"2 minutes"},"schema":{"@context":"https:\/\/schema.org","@graph":[{"@type":"WebPage","@id":"https:\/\/eurosdiscounts.com\/index.php\/produit\/sk4amsung-tablette-tactile-galaxy-tab-s2-8-pouces-qxga-3go-ram-android-6-0-octo-core-rom-32go-noir-ve-wifi\/","url":"https:\/\/eurosdiscounts.com\/index.php\/produit\/sk4amsung-tablette-tactile-galaxy-tab-s2-8-pouces-qxga-3go-ram-android-6-0-octo-core-rom-32go-noir-ve-wifi\/","name":"Sk4AMSUNG Tablette tactile Galaxy Tab S2 - 8 pouces QXGA - 3Go RAM - Android 6.0 - Octo Core - ROM 32Go - Noir - VE Wifi - Eurosdiscounts.com- Achat sur Internet a prix discount, Canap\u00e9s pas cher, Smartphone pas cher, pc portable pas cher..","isPartOf":{"@id":"https:\/\/eurosdiscounts.com\/#website"},"primaryImageOfPage":{"@id":"https:\/\/eurosdiscounts.com\/index.php\/produit\/sk4amsung-tablette-tactile-galaxy-tab-s2-8-pouces-qxga-3go-ram-android-6-0-octo-core-rom-32go-noir-ve-wifi\/#primaryimage"},"image":{"@id":"https:\/\/eurosdiscounts.com\/index.php\/produit\/sk4amsung-tablette-tactile-galaxy-tab-s2-8-pouces-qxga-3go-ram-android-6-0-octo-core-rom-32go-noir-ve-wifi\/#primaryimage"},"thumbnailUrl":"https:\/\/eurosdiscounts.com\/wp-content\/uploads\/2019\/09\/c-132.jpg","datePublished":"2019-09-11T23:51:59+00:00","breadcrumb":{"@id":"https:\/\/eurosdiscounts.com\/index.php\/produit\/sk4amsung-tablette-tactile-galaxy-tab-s2-8-pouces-qxga-3go-ram-android-6-0-octo-core-rom-32go-noir-ve-wifi\/#breadcrumb"},"inLanguage":"fr-FR","potentialAction":[{"@type":"ReadAction","target":["https:\/\/eurosdiscounts.com\/index.php\/produit\/sk4amsung-tablette-tactile-galaxy-tab-s2-8-pouces-qxga-3go-ram-android-6-0-octo-core-rom-32go-noir-ve-wifi\/"]}]},{"@type":"ImageObject","inLanguage":"fr-FR","@id":"https:\/\/eurosdiscounts.com\/index.php\/produit\/sk4amsung-tablette-tactile-galaxy-tab-s2-8-pouces-qxga-3go-ram-android-6-0-octo-core-rom-32go-noir-ve-wifi\/#primaryimage","url":"https:\/\/eurosdiscounts.com\/wp-content\/uploads\/2019\/09\/c-132.jpg","contentUrl":"https:\/\/eurosdiscounts.com\/wp-content\/uploads\/2019\/09\/c-132.jpg","width":700,"height":700},{"@type":"BreadcrumbList","@id":"https:\/\/eurosdiscounts.com\/index.php\/produit\/sk4amsung-tablette-tactile-galaxy-tab-s2-8-pouces-qxga-3go-ram-android-6-0-octo-core-rom-32go-noir-ve-wifi\/#breadcrumb","itemListElement":[{"@type":"ListItem","position":1,"name":"Accueil","item":"https:\/\/eurosdiscounts.com\/"},{"@type":"ListItem","position":2,"name":"Boutique","item":"https:\/\/eurosdiscounts.com\/index.php\/boutique\/"},{"@type":"ListItem","position":3,"name":"Sk4AMSUNG Tablette tactile Galaxy Tab S2 &#8211; 8 pouces QXGA &#8211; 3Go RAM &#8211; Android 6.0 &#8211; Octo Core &#8211; ROM 32Go &#8211; Noir &#8211; VE Wifi"}]},{"@type":"WebSite","@id":"https:\/\/eurosdiscounts.com\/#website","url":"https:\/\/eurosdiscounts.com\/","name":"Eurosdiscounts.com- Achat sur Internet a prix discount, Canap\u00e9s pas cher, Smartphone pas cher, pc portable pas cher..","description":"Eurosdiscounts.com- Achat sur Internet a prix discount, Canap\u00e9s pas cher, Smartphone pas cher, pc portable pas cher..","potentialAction":[{"@type":"SearchAction","target":{"@type":"EntryPoint","urlTemplate":"https:\/\/eurosdiscounts.com\/?s={search_term_string}"},"query-input":{"@type":"PropertyValueSpecification","valueRequired":true,"valueName":"search_term_string"}}],"inLanguage":"fr-FR"}]}},"_links":{"self":[{"href":"https:\/\/eurosdiscounts.com\/index.php\/wp-json\/wp\/v2\/product\/3613","targetHints":{"allow":["GET"]}}],"collection":[{"href":"https:\/\/eurosdiscounts.com\/index.php\/wp-json\/wp\/v2\/product"}],"about":[{"href":"https:\/\/eurosdiscounts.com\/index.php\/wp-json\/wp\/v2\/types\/product"}],"replies":[{"embeddable":true,"href":"https:\/\/eurosdiscounts.com\/index.php\/wp-json\/wp\/v2\/comments?post=3613"}],"wp:featuredmedia":[{"embeddable":true,"href":"https:\/\/eurosdiscounts.com\/index.php\/wp-json\/wp\/v2\/media\/3614"}],"wp:attachment":[{"href":"https:\/\/eurosdiscounts.com\/index.php\/wp-json\/wp\/v2\/media?parent=3613"}],"wp:term":[{"taxonomy":"product_cat","embeddable":true,"href":"https:\/\/eurosdiscounts.com\/index.php\/wp-json\/wp\/v2\/product_cat?post=3613"},{"taxonomy":"product_tag","embeddable":true,"href":"https:\/\/eurosdiscounts.com\/index.php\/wp-json\/wp\/v2\/product_tag?post=3613"}],"curies":[{"name":"wp","href":"https:\/\/api.w.org\/{rel}","templated":true}]}}