{"id":3505,"date":"2019-09-11T21:16:30","date_gmt":"2019-09-11T19:16:30","guid":{"rendered":"https:\/\/smartsdiscount.com\/?post_type=product&amp;p=3505"},"modified":"2019-09-11T21:16:30","modified_gmt":"2019-09-11T19:16:30","slug":"huawei-p30-pro-bleu-aurore-128-go","status":"publish","type":"product","link":"https:\/\/eurosdiscounts.com\/index.php\/produit\/huawei-p30-pro-bleu-aurore-128-go\/","title":{"rendered":"Huawei P30 Pro Bleu Aurore 128 Go"},"content":{"rendered":"<table class=\"fpDescTb fpDescTbPub\">\n<tbody>\n<tr>\n<th colspan=\"2\">Informations g\u00e9n\u00e9rales sur le produit<\/th>\n<\/tr>\n<tr>\n<td>Marque<\/td>\n<td>HUAWEI<\/td>\n<\/tr>\n<tr>\n<td>Nom du produit<\/td>\n<td>Huawei P30 Pro Bleu Aurore 128 Go<\/td>\n<\/tr>\n<tr>\n<td>Cat\u00e9gorie<\/td>\n<td>SMARTPHONE<\/td>\n<\/tr>\n<tr>\n<th colspan=\"2\">Informations sur le produit<\/th>\n<\/tr>\n<tr>\n<td>Couleur(s)<\/td>\n<td>Aurora Blue<\/td>\n<\/tr>\n<tr>\n<td>Information DAS<\/td>\n<td>Le DAS (d\u00e9bit d\u2019absorption sp\u00e9cifique) des t\u00e9l\u00e9phones mobiles quantifie le niveau d\u2019exposition<br \/>\nmaximal de l\u2019utilisateur aux ondes \u00e9lectromagn\u00e9tiques, pour une utilisation \u00e0 l\u2019oreille.<br \/>\nLa r\u00e9glementation fran\u00e7aise impose que le DAS ne d\u00e9passe pas 2W\/kg<\/td>\n<\/tr>\n<tr>\n<td>Capacit\u00e9 (m\u00e9moire)<\/td>\n<td>128 Go<\/td>\n<\/tr>\n<tr>\n<th colspan=\"2\">G\u00e9n\u00e9ral<\/th>\n<\/tr>\n<tr>\n<td>Type de Produit<\/td>\n<td>Smartphone<\/td>\n<\/tr>\n<tr>\n<td>Composants int\u00e9gr\u00e9s<\/td>\n<td>Cam\u00e9ra avant, enregistreur vocal, navigation, lecteur num\u00e9rique, cam\u00e9ra arri\u00e8re quad, cam\u00e9ra 3D TOF<\/td>\n<\/tr>\n<tr>\n<td>Couleur du boitier<\/td>\n<td>Aurore<\/td>\n<\/tr>\n<tr>\n<td>Profondeur<\/td>\n<td>8.41 mm<\/td>\n<\/tr>\n<tr>\n<td>Largeur<\/td>\n<td>73.4 mm<\/td>\n<\/tr>\n<tr>\n<td>Hauteur<\/td>\n<td>158 mm<\/td>\n<\/tr>\n<tr>\n<td>Poids<\/td>\n<td>192 g<\/td>\n<\/tr>\n<tr>\n<td>Protection<\/td>\n<td>Anti-poussi\u00e8re, anti-\u00e9claboussement, \u00e9tanche<\/td>\n<\/tr>\n<tr>\n<td>Format<\/td>\n<td>Tactile<\/td>\n<\/tr>\n<tr>\n<td>Num\u00e9ro de mod\u00e8le du fabricant<\/td>\n<td>VOG-L29<\/td>\n<\/tr>\n<tr>\n<th colspan=\"2\">T\u00e9l\u00e9phone mobile<\/th>\n<\/tr>\n<tr>\n<td>Syst\u00e8me d&rsquo;exploitation<\/td>\n<td>Android 9.0 Pie<\/td>\n<\/tr>\n<tr>\n<td>Technologie<\/td>\n<td>WCDMA (UMTS) \/ GSM<\/td>\n<\/tr>\n<tr>\n<td>G\u00e9n\u00e9ration \u00e0 haut d\u00e9bit mobile<\/td>\n<td>4G<\/td>\n<\/tr>\n<tr>\n<td>Fournisseur de services<\/td>\n<td>Non sp\u00e9cifi\u00e9<\/td>\n<\/tr>\n<tr>\n<td>Interface utilisateur<\/td>\n<td>HUAWEI Emotion UI 9.1<\/td>\n<\/tr>\n<tr>\n<td>Type de carte SIM<\/td>\n<td>Nano SIM<\/td>\n<\/tr>\n<tr>\n<td>Navigation<\/td>\n<td>GPS, A-GPS, GLONASS, BeiDou, Galileo, QZSS<\/td>\n<\/tr>\n<tr>\n<td>Appareil d&rsquo;entr\u00e9e<\/td>\n<td>Multi-touches<\/td>\n<\/tr>\n<tr>\n<td>Qt\u00e9 de carte SIM<\/td>\n<td>Double SIM<\/td>\n<\/tr>\n<tr>\n<th colspan=\"2\">Processeur<\/th>\n<\/tr>\n<tr>\n<td>Type<\/td>\n<td>Hisilicon Kirin 980<\/td>\n<\/tr>\n<tr>\n<td>Qt\u00e9 de coeur de processeur<\/td>\n<td>8 coeurs<\/td>\n<\/tr>\n<tr>\n<td>Architecture 64 bits<\/td>\n<td>Oui<\/td>\n<\/tr>\n<tr>\n<td>Fr\u00e9quence d&rsquo;horloge<\/td>\n<td>2.6 GHz<\/td>\n<\/tr>\n<tr>\n<th colspan=\"2\">Affichage<\/th>\n<\/tr>\n<tr>\n<td>Caract\u00e9ristiques<\/td>\n<td>Gamme de couleurs DCI-P3 Wide<\/td>\n<\/tr>\n<tr>\n<td>Type<\/td>\n<td>Ecran OEL<\/td>\n<\/tr>\n<tr>\n<td>Taille de la diagonale<\/td>\n<td>6.47&Prime;<\/td>\n<\/tr>\n<tr>\n<td>R\u00e9solution d&rsquo;\u00e9cran<\/td>\n<td>2340 x 1080 pixels<\/td>\n<\/tr>\n<tr>\n<td>Profondeur d&rsquo;\u00e9chantillonnage<\/td>\n<td>16,7 millions de couleurs<\/td>\n<\/tr>\n<tr>\n<td>Format d&rsquo;affichage<\/td>\n<td>Full HD+<\/td>\n<\/tr>\n<tr>\n<th colspan=\"2\">Messagerie et Internet<\/th>\n<\/tr>\n<tr>\n<td>Services de messagerie<\/td>\n<td>SMS, MMS<\/td>\n<\/tr>\n<tr>\n<td>Blogs et r\u00e9seaux sociaux pris en charge<\/td>\n<td>Oui<\/td>\n<\/tr>\n<tr>\n<th colspan=\"2\">Communications<\/th>\n<\/tr>\n<tr>\n<td>Interface sans fil<\/td>\n<td>NFC, IEEE 802.11a\/b\/g\/n\/ac, Bluetooth 5.0<\/td>\n<\/tr>\n<tr>\n<td>Profils Bluetooth<\/td>\n<td>BLE, SBC<\/td>\n<\/tr>\n<tr>\n<td>Bande 2G<\/td>\n<td>GSM 850\/900\/1800\/1900<\/td>\n<\/tr>\n<tr>\n<td>Bande 4G LTE<\/td>\n<td>Bande 1, Bande 2, Bande 3, Bande 4, Bande 5, Bande 6, Bande 7, Bande 8, Bande 9, Bande 12, Bande 17, Bande 18, Bande 19, Bande 20, Bande 26, Bande 28, Bande 32, Bande 34, Bande 38, Bande 39, Bande 40<\/td>\n<\/tr>\n<tr>\n<td>Fr\u00e9quence LTE 4G<\/td>\n<td>FDD 2100, FDD 1900 PCS, FDD 1800+, FDD 1700 &#8211; 2110 AWS, FDD 850, FDD 850, FDD 2600, FDD 900, FDD 1800, FDD 700a, FDD 700b, FDD 800 inf\u00e9rieur, FDD 800 sup\u00e9rieur, FDD 800 DD, FDD 850+, FDD 700 APT, FDD 1500 L, TDD 2000, TDD 2600, TDD 1900, TDD 2300<\/td>\n<\/tr>\n<tr>\n<td>Bande 3G UMTS<\/td>\n<td>Bande 1, Bande 2, Bande 4, Bande 5, Bande 6, Bande 8, Bande 19<\/td>\n<\/tr>\n<tr>\n<td>Fr\u00e9quence UMTS 3G<\/td>\n<td>2100, 1900, 1700, 850, 800, 900, 800<\/td>\n<\/tr>\n<tr>\n<td>Transmission de donn\u00e9es<\/td>\n<td>GPRS, EDGE, HSDPA, HSUPA, HSPA+, FDD-LTE, TDD-LTE<\/td>\n<\/tr>\n<tr>\n<th colspan=\"2\">Caract\u00e9ristiques du t\u00e9l\u00e9phone<\/th>\n<\/tr>\n<tr>\n<td>Fonctions du t\u00e9l\u00e9phone<\/td>\n<td>T\u00e9l\u00e9phone \u00e0 haut parleur, commande vocale, compteur d&rsquo;appels, t\u00e9l\u00e9conf\u00e9rence, mode avion, num\u00e9rotation vocale, vibreur<\/td>\n<\/tr>\n<tr>\n<td>Capteurs<\/td>\n<td>D\u00e9tecteur de lumi\u00e8re ambiante, Capteur de proximit\u00e9, boussole num\u00e9rique, capteur gyroscopique, capteur \u00e0 effet Hall, capteur de gravit\u00e9, capteur infrarouge (IR), capteur de temp\u00e9rature de couleur<\/td>\n<\/tr>\n<tr>\n<td>P\u00e9riph\u00e9riques de s\u00e9curit\u00e9<\/td>\n<td>Lecteur d&#8217;empreinte digitale (sous l&rsquo;affichage)<\/td>\n<\/tr>\n<tr>\n<td>Fonctions suppl\u00e9mentaires<\/td>\n<td>Dual Neural Network Processing Unit<\/td>\n<\/tr>\n<tr>\n<th colspan=\"2\">Lecteur multim\u00e9dia<\/th>\n<\/tr>\n<tr>\n<td>Normes vid\u00e9o num\u00e9riques prises en charge<\/td>\n<td>MPEG-4, 3GP<\/td>\n<\/tr>\n<tr>\n<td>Am\u00e9liorations sonores<\/td>\n<td>Son Dolby Digital Plus, technologie de son Dolby Atmos, son Dolby Digital<\/td>\n<\/tr>\n<tr>\n<td>Normes audionum\u00e9riques prises en charge<\/td>\n<td>WAV, AAC, AMR, MP3, FLAC, OGG, MIDI, apt-X, LDAC, MP4, apt-X HD, HWA<\/td>\n<\/tr>\n<tr>\n<th colspan=\"2\">M\u00e9moire<\/th>\n<\/tr>\n<tr>\n<td>RAM<\/td>\n<td>8 Go<\/td>\n<\/tr>\n<tr>\n<td>Capacit\u00e9 de la m\u00e9moire interne<\/td>\n<td>128 Go<\/td>\n<\/tr>\n<tr>\n<th colspan=\"2\">Connexions<\/th>\n<\/tr>\n<tr>\n<td>Type de connecteur<\/td>\n<td>USB Type-C &#8211; 24 pin USB-C<\/td>\n<\/tr>\n<tr>\n<th colspan=\"2\">Batterie<\/th>\n<\/tr>\n<tr>\n<td>Capacit\u00e9<\/td>\n<td>4200 mAh<\/td>\n<\/tr>\n<tr>\n<td>Chargement sans fil<\/td>\n<td>Oui<\/td>\n<\/tr>\n<tr>\n<td>Normes de facturation sans fil<\/td>\n<td>Qi<\/td>\n<\/tr>\n<tr>\n<td>Technologie de charge rapide<\/td>\n<td>Technologie HUAWEI SuperCharge, HUAWEI Wireless Quick Charge<\/td>\n<\/tr>\n<tr>\n<th colspan=\"2\">Divers<\/th>\n<\/tr>\n<tr>\n<td>Normes de conformit\u00e9<\/td>\n<td>IP68, IEC 60529<\/td>\n<\/tr>\n<tr>\n<th colspan=\"2\">Cam\u00e9ra avant<\/th>\n<\/tr>\n<tr>\n<td>R\u00e9solution du capteur<\/td>\n<td>32 m\u00e9gapixels<\/td>\n<\/tr>\n<tr>\n<td>Ouverture de l&rsquo;objectif<\/td>\n<td>F\/2.0<\/td>\n<\/tr>\n<tr>\n<th colspan=\"2\">Cam\u00e9ra arri\u00e8re<\/th>\n<\/tr>\n<tr>\n<td>Caract\u00e9ristiques<\/td>\n<td>Phase Detect Auto-Focus (PDAF), Huawei AI Image Stabilization (AIS)<\/td>\n<\/tr>\n<tr>\n<td>R\u00e9glage de la mise au point<\/td>\n<td>Automatique<\/td>\n<\/tr>\n<tr>\n<td>R\u00e9solution du capteur<\/td>\n<td>40 m\u00e9gapixels<\/td>\n<\/tr>\n<tr>\n<td>Autofocus \u00e0 laser<\/td>\n<td>Oui<\/td>\n<\/tr>\n<tr>\n<td>Ouverture d&rsquo;objectif<\/td>\n<td>F\/1.6<\/td>\n<\/tr>\n<tr>\n<td>Type d&rsquo;objectif<\/td>\n<td>Objectif grand angle<\/td>\n<\/tr>\n<tr>\n<td>Stabilisateur d&rsquo;image optique<\/td>\n<td>Stabilisateur d&rsquo;image optique (OIS)<\/td>\n<\/tr>\n<tr>\n<th colspan=\"2\">Deuxi\u00e8me cam\u00e9ra arri\u00e8re<\/th>\n<\/tr>\n<tr>\n<td>Ouverture de l&rsquo;objectif<\/td>\n<td>F\/2.2<\/td>\n<\/tr>\n<tr>\n<td>Type d&rsquo;objectif<\/td>\n<td>Lentille ultra grand angle<\/td>\n<\/tr>\n<tr>\n<td>R\u00e9solution du capteur<\/td>\n<td>20 m\u00e9gapixels<\/td>\n<\/tr>\n<\/tbody>\n<\/table>\n","protected":false},"excerpt":{"rendered":"<p><span class=\"fpBlocTitle\">Les points forts :<\/span><\/p>\n<ul>\n<li>Taille de la diagonale : 6.47&Prime;<\/li>\n<li>R\u00e9solution du capteur : 40 m\u00e9gapixels<\/li>\n<li>Capacit\u00e9 : 4200 mAh<\/li>\n<li>Capacit\u00e9 de la m\u00e9moire interne : 128 Go<\/li>\n<li>8 coeurs<\/li>\n<\/ul>\n<div class=\"jsFpBulletPointMore\">\n<ul>\n<li>RAM : 8 Go<\/li>\n<li>G\u00e9n\u00e9ration \u00e0 haut d\u00e9bit mobile : 4G<\/li>\n<li>Syst\u00e8me d&rsquo;exploitation : Android 9.0 Pie<\/li>\n<\/ul>\n<\/div>\n","protected":false},"featured_media":3509,"comment_status":"open","ping_status":"closed","template":"","meta":[],"product_cat":[156,234],"product_tag":[],"class_list":{"0":"post-3505","1":"product","2":"type-product","3":"status-publish","4":"has-post-thumbnail","6":"product_cat-bons-plans","7":"product_cat-smartphones","9":"first","10":"instock","11":"sale","12":"shipping-taxable","13":"purchasable","14":"product-type-simple","15":"col-xs-6 col-sm-4","16":"col-md-3 col-lg-3","17":"un-4-cols"},"yoast_head":"<!-- This site is optimized with the Yoast SEO plugin v27.0 - https:\/\/yoast.com\/product\/yoast-seo-wordpress\/ -->\n<title>Huawei P30 Pro Bleu Aurore 128 Go - Eurosdiscounts.com- Achat sur Internet a prix discount, Canap\u00e9s pas cher, Smartphone pas cher, pc portable pas cher..<\/title>\n<meta name=\"description\" content=\"Huawei P30 Pro Bleu Aurore 128 Go\" \/>\n<meta name=\"robots\" content=\"index, follow, max-snippet:-1, max-image-preview:large, max-video-preview:-1\" \/>\n<link rel=\"canonical\" href=\"https:\/\/eurosdiscounts.com\/index.php\/produit\/huawei-p30-pro-bleu-aurore-128-go\/\" \/>\n<meta property=\"og:locale\" content=\"fr_FR\" \/>\n<meta property=\"og:type\" content=\"article\" \/>\n<meta property=\"og:title\" content=\"Huawei P30 Pro Bleu Aurore 128 Go - Eurosdiscounts.com- Achat sur Internet a prix discount, Canap\u00e9s pas cher, Smartphone pas cher, pc portable pas cher..\" \/>\n<meta property=\"og:description\" content=\"Huawei P30 Pro Bleu Aurore 128 Go\" \/>\n<meta property=\"og:url\" content=\"https:\/\/eurosdiscounts.com\/index.php\/produit\/huawei-p30-pro-bleu-aurore-128-go\/\" \/>\n<meta property=\"og:site_name\" content=\"Eurosdiscounts.com- Achat sur Internet a prix discount, Canap\u00e9s pas cher, Smartphone pas cher, pc portable pas cher..\" \/>\n<meta property=\"og:image\" content=\"https:\/\/eurosdiscounts.com\/wp-content\/uploads\/2019\/09\/c-111.jpg\" \/>\n\t<meta property=\"og:image:width\" content=\"700\" \/>\n\t<meta property=\"og:image:height\" content=\"700\" \/>\n\t<meta property=\"og:image:type\" content=\"image\/jpeg\" \/>\n<meta name=\"twitter:card\" content=\"summary_large_image\" \/>\n<meta name=\"twitter:label1\" content=\"Dur\u00e9e de lecture estim\u00e9e\" \/>\n\t<meta name=\"twitter:data1\" content=\"3 minutes\" \/>\n<script type=\"application\/ld+json\" class=\"yoast-schema-graph\">{\"@context\":\"https:\/\/schema.org\",\"@graph\":[{\"@type\":\"WebPage\",\"@id\":\"https:\/\/eurosdiscounts.com\/index.php\/produit\/huawei-p30-pro-bleu-aurore-128-go\/\",\"url\":\"https:\/\/eurosdiscounts.com\/index.php\/produit\/huawei-p30-pro-bleu-aurore-128-go\/\",\"name\":\"Huawei P30 Pro Bleu Aurore 128 Go - Eurosdiscounts.com- Achat sur Internet a prix discount, Canap\u00e9s pas cher, Smartphone pas cher, pc portable pas cher..\",\"isPartOf\":{\"@id\":\"https:\/\/eurosdiscounts.com\/#website\"},\"primaryImageOfPage\":{\"@id\":\"https:\/\/eurosdiscounts.com\/index.php\/produit\/huawei-p30-pro-bleu-aurore-128-go\/#primaryimage\"},\"image\":{\"@id\":\"https:\/\/eurosdiscounts.com\/index.php\/produit\/huawei-p30-pro-bleu-aurore-128-go\/#primaryimage\"},\"thumbnailUrl\":\"https:\/\/eurosdiscounts.com\/wp-content\/uploads\/2019\/09\/c-111.jpg\",\"datePublished\":\"2019-09-11T19:16:30+00:00\",\"description\":\"Huawei P30 Pro Bleu Aurore 128 Go\",\"breadcrumb\":{\"@id\":\"https:\/\/eurosdiscounts.com\/index.php\/produit\/huawei-p30-pro-bleu-aurore-128-go\/#breadcrumb\"},\"inLanguage\":\"fr-FR\",\"potentialAction\":[{\"@type\":\"ReadAction\",\"target\":[\"https:\/\/eurosdiscounts.com\/index.php\/produit\/huawei-p30-pro-bleu-aurore-128-go\/\"]}]},{\"@type\":\"ImageObject\",\"inLanguage\":\"fr-FR\",\"@id\":\"https:\/\/eurosdiscounts.com\/index.php\/produit\/huawei-p30-pro-bleu-aurore-128-go\/#primaryimage\",\"url\":\"https:\/\/eurosdiscounts.com\/wp-content\/uploads\/2019\/09\/c-111.jpg\",\"contentUrl\":\"https:\/\/eurosdiscounts.com\/wp-content\/uploads\/2019\/09\/c-111.jpg\",\"width\":700,\"height\":700},{\"@type\":\"BreadcrumbList\",\"@id\":\"https:\/\/eurosdiscounts.com\/index.php\/produit\/huawei-p30-pro-bleu-aurore-128-go\/#breadcrumb\",\"itemListElement\":[{\"@type\":\"ListItem\",\"position\":1,\"name\":\"Accueil\",\"item\":\"https:\/\/eurosdiscounts.com\/\"},{\"@type\":\"ListItem\",\"position\":2,\"name\":\"Boutique\",\"item\":\"https:\/\/eurosdiscounts.com\/index.php\/boutique\/\"},{\"@type\":\"ListItem\",\"position\":3,\"name\":\"Huawei P30 Pro Bleu Aurore 128 Go\"}]},{\"@type\":\"WebSite\",\"@id\":\"https:\/\/eurosdiscounts.com\/#website\",\"url\":\"https:\/\/eurosdiscounts.com\/\",\"name\":\"Eurosdiscounts.com- Achat sur Internet a prix discount, Canap\u00e9s pas cher, Smartphone pas cher, pc portable pas cher..\",\"description\":\"Eurosdiscounts.com- Achat sur Internet a prix discount, Canap\u00e9s pas cher, Smartphone pas cher, pc portable pas cher..\",\"potentialAction\":[{\"@type\":\"SearchAction\",\"target\":{\"@type\":\"EntryPoint\",\"urlTemplate\":\"https:\/\/eurosdiscounts.com\/?s={search_term_string}\"},\"query-input\":{\"@type\":\"PropertyValueSpecification\",\"valueRequired\":true,\"valueName\":\"search_term_string\"}}],\"inLanguage\":\"fr-FR\"}]}<\/script>\n<!-- \/ Yoast SEO plugin. -->","yoast_head_json":{"title":"Huawei P30 Pro Bleu Aurore 128 Go - Eurosdiscounts.com- Achat sur Internet a prix discount, Canap\u00e9s pas cher, Smartphone pas cher, pc portable pas cher..","description":"Huawei P30 Pro Bleu Aurore 128 Go","robots":{"index":"index","follow":"follow","max-snippet":"max-snippet:-1","max-image-preview":"max-image-preview:large","max-video-preview":"max-video-preview:-1"},"canonical":"https:\/\/eurosdiscounts.com\/index.php\/produit\/huawei-p30-pro-bleu-aurore-128-go\/","og_locale":"fr_FR","og_type":"article","og_title":"Huawei P30 Pro Bleu Aurore 128 Go - Eurosdiscounts.com- Achat sur Internet a prix discount, Canap\u00e9s pas cher, Smartphone pas cher, pc portable pas cher..","og_description":"Huawei P30 Pro Bleu Aurore 128 Go","og_url":"https:\/\/eurosdiscounts.com\/index.php\/produit\/huawei-p30-pro-bleu-aurore-128-go\/","og_site_name":"Eurosdiscounts.com- Achat sur Internet a prix discount, Canap\u00e9s pas cher, Smartphone pas cher, pc portable pas cher..","og_image":[{"width":700,"height":700,"url":"https:\/\/eurosdiscounts.com\/wp-content\/uploads\/2019\/09\/c-111.jpg","type":"image\/jpeg"}],"twitter_card":"summary_large_image","twitter_misc":{"Dur\u00e9e de lecture estim\u00e9e":"3 minutes"},"schema":{"@context":"https:\/\/schema.org","@graph":[{"@type":"WebPage","@id":"https:\/\/eurosdiscounts.com\/index.php\/produit\/huawei-p30-pro-bleu-aurore-128-go\/","url":"https:\/\/eurosdiscounts.com\/index.php\/produit\/huawei-p30-pro-bleu-aurore-128-go\/","name":"Huawei P30 Pro Bleu Aurore 128 Go - Eurosdiscounts.com- Achat sur Internet a prix discount, Canap\u00e9s pas cher, Smartphone pas cher, pc portable pas cher..","isPartOf":{"@id":"https:\/\/eurosdiscounts.com\/#website"},"primaryImageOfPage":{"@id":"https:\/\/eurosdiscounts.com\/index.php\/produit\/huawei-p30-pro-bleu-aurore-128-go\/#primaryimage"},"image":{"@id":"https:\/\/eurosdiscounts.com\/index.php\/produit\/huawei-p30-pro-bleu-aurore-128-go\/#primaryimage"},"thumbnailUrl":"https:\/\/eurosdiscounts.com\/wp-content\/uploads\/2019\/09\/c-111.jpg","datePublished":"2019-09-11T19:16:30+00:00","description":"Huawei P30 Pro Bleu Aurore 128 Go","breadcrumb":{"@id":"https:\/\/eurosdiscounts.com\/index.php\/produit\/huawei-p30-pro-bleu-aurore-128-go\/#breadcrumb"},"inLanguage":"fr-FR","potentialAction":[{"@type":"ReadAction","target":["https:\/\/eurosdiscounts.com\/index.php\/produit\/huawei-p30-pro-bleu-aurore-128-go\/"]}]},{"@type":"ImageObject","inLanguage":"fr-FR","@id":"https:\/\/eurosdiscounts.com\/index.php\/produit\/huawei-p30-pro-bleu-aurore-128-go\/#primaryimage","url":"https:\/\/eurosdiscounts.com\/wp-content\/uploads\/2019\/09\/c-111.jpg","contentUrl":"https:\/\/eurosdiscounts.com\/wp-content\/uploads\/2019\/09\/c-111.jpg","width":700,"height":700},{"@type":"BreadcrumbList","@id":"https:\/\/eurosdiscounts.com\/index.php\/produit\/huawei-p30-pro-bleu-aurore-128-go\/#breadcrumb","itemListElement":[{"@type":"ListItem","position":1,"name":"Accueil","item":"https:\/\/eurosdiscounts.com\/"},{"@type":"ListItem","position":2,"name":"Boutique","item":"https:\/\/eurosdiscounts.com\/index.php\/boutique\/"},{"@type":"ListItem","position":3,"name":"Huawei P30 Pro Bleu Aurore 128 Go"}]},{"@type":"WebSite","@id":"https:\/\/eurosdiscounts.com\/#website","url":"https:\/\/eurosdiscounts.com\/","name":"Eurosdiscounts.com- Achat sur Internet a prix discount, Canap\u00e9s pas cher, Smartphone pas cher, pc portable pas cher..","description":"Eurosdiscounts.com- Achat sur Internet a prix discount, Canap\u00e9s pas cher, Smartphone pas cher, pc portable pas cher..","potentialAction":[{"@type":"SearchAction","target":{"@type":"EntryPoint","urlTemplate":"https:\/\/eurosdiscounts.com\/?s={search_term_string}"},"query-input":{"@type":"PropertyValueSpecification","valueRequired":true,"valueName":"search_term_string"}}],"inLanguage":"fr-FR"}]}},"_links":{"self":[{"href":"https:\/\/eurosdiscounts.com\/index.php\/wp-json\/wp\/v2\/product\/3505","targetHints":{"allow":["GET"]}}],"collection":[{"href":"https:\/\/eurosdiscounts.com\/index.php\/wp-json\/wp\/v2\/product"}],"about":[{"href":"https:\/\/eurosdiscounts.com\/index.php\/wp-json\/wp\/v2\/types\/product"}],"replies":[{"embeddable":true,"href":"https:\/\/eurosdiscounts.com\/index.php\/wp-json\/wp\/v2\/comments?post=3505"}],"wp:featuredmedia":[{"embeddable":true,"href":"https:\/\/eurosdiscounts.com\/index.php\/wp-json\/wp\/v2\/media\/3509"}],"wp:attachment":[{"href":"https:\/\/eurosdiscounts.com\/index.php\/wp-json\/wp\/v2\/media?parent=3505"}],"wp:term":[{"taxonomy":"product_cat","embeddable":true,"href":"https:\/\/eurosdiscounts.com\/index.php\/wp-json\/wp\/v2\/product_cat?post=3505"},{"taxonomy":"product_tag","embeddable":true,"href":"https:\/\/eurosdiscounts.com\/index.php\/wp-json\/wp\/v2\/product_tag?post=3505"}],"curies":[{"name":"wp","href":"https:\/\/api.w.org\/{rel}","templated":true}]}}