{"id":3444,"date":"2019-09-11T20:10:12","date_gmt":"2019-09-11T18:10:12","guid":{"rendered":"https:\/\/smartsdiscount.com\/?post_type=product&amp;p=3444"},"modified":"2019-09-11T20:10:12","modified_gmt":"2019-09-11T18:10:12","slug":"apple-macbook-air-133-intel-core-i5-ram-8go-128go-ssd","status":"publish","type":"product","link":"https:\/\/eurosdiscounts.com\/index.php\/produit\/apple-macbook-air-133-intel-core-i5-ram-8go-128go-ssd\/","title":{"rendered":"APPLE Macbook Air 13,3&Prime; &#8211; Intel Core i5 &#8211; RAM 8Go &#8211; 128Go SSD"},"content":{"rendered":"<table class=\"fpDescTb fpDescTbPub\">\n<tbody>\n<tr>\n<th colspan=\"2\">Informations g\u00e9n\u00e9rales sur le produit<\/th>\n<\/tr>\n<tr>\n<td>Marque<\/td>\n<td><a title=\"APPLE\" href=\"https:\/\/www.cdiscount.com\/m-2826-apple.html\" data-link=\"SFP-ZBN-TNO-DPM\">APPLE<\/a><\/td>\n<\/tr>\n<tr>\n<td>Nom du produit<\/td>\n<td>APPLE Macbook Air 13,3&Prime; &#8211; Intel Core i5 &#8211; RAM 8Go<\/td>\n<\/tr>\n<tr>\n<td>Cat\u00e9gorie<\/td>\n<td>ORDINATEUR PORTABLE<\/td>\n<\/tr>\n<tr>\n<th colspan=\"2\">Informations sur le produit<\/th>\n<\/tr>\n<tr>\n<td>PC avec ou sans Office ?<\/td>\n<td>PC sans office 365 Personnel<\/td>\n<\/tr>\n<tr>\n<td>Pack<\/td>\n<td>PC seul<\/td>\n<\/tr>\n<tr>\n<td>Usage<\/td>\n<td>Expert<\/td>\n<\/tr>\n<tr>\n<th colspan=\"2\">G\u00e9n\u00e9ral<\/th>\n<\/tr>\n<tr>\n<td>Syst\u00e8me d&rsquo;exploitation<\/td>\n<td>Apple macOS Mojave 10.14<\/td>\n<\/tr>\n<tr>\n<td>Type de produit<\/td>\n<td>Ordinateur portable<\/td>\n<\/tr>\n<tr>\n<th colspan=\"2\">Affichage<\/th>\n<\/tr>\n<tr>\n<td>Type<\/td>\n<td>13.3&Prime;<\/td>\n<\/tr>\n<tr>\n<td>Technologie de r\u00e9tro\u00e9clairage LCD<\/td>\n<td>R\u00e9tro\u00e9clairage par LED<\/td>\n<\/tr>\n<tr>\n<td>R\u00e9solution<\/td>\n<td>1440 x 900 (WXGA+)<\/td>\n<\/tr>\n<tr>\n<td>Fonctions<\/td>\n<td>Brillant<\/td>\n<\/tr>\n<tr>\n<td>Grand \u00e9cran<\/td>\n<td>Oui<\/td>\n<\/tr>\n<tr>\n<td>Format de l&rsquo;image<\/td>\n<td>16:10<\/td>\n<\/tr>\n<tr>\n<th colspan=\"2\">Stockage<\/th>\n<\/tr>\n<tr>\n<td>Stockage principal<\/td>\n<td>128 Go SSD PCIe<\/td>\n<\/tr>\n<tr>\n<th colspan=\"2\">M\u00e9moire<\/th>\n<\/tr>\n<tr>\n<td>RAM<\/td>\n<td>8 Go<\/td>\n<\/tr>\n<tr>\n<td>Technologie<\/td>\n<td>LPDDR3 SDRAM<\/td>\n<\/tr>\n<tr>\n<td>Vitesse<\/td>\n<td>1600 MHz<\/td>\n<\/tr>\n<tr>\n<td>RAM max prise en charge<\/td>\n<td>8 Go<\/td>\n<\/tr>\n<tr>\n<th colspan=\"2\">Audio &amp; vid\u00e9o<\/th>\n<\/tr>\n<tr>\n<td>Processeur graphique<\/td>\n<td>Intel HD Graphics 6000<\/td>\n<\/tr>\n<tr>\n<td>Cam\u00e9ra<\/td>\n<td>Oui &#8211; 720p<\/td>\n<\/tr>\n<tr>\n<td>Caract\u00e9ristiques de la cam\u00e9ra<\/td>\n<td>Cam\u00e9ra FaceTime HD<\/td>\n<\/tr>\n<tr>\n<td>Son<\/td>\n<td>Haut-parleurs st\u00e9r\u00e9o, deux microphones<\/td>\n<\/tr>\n<tr>\n<th colspan=\"2\">Communications<\/th>\n<\/tr>\n<tr>\n<td>Sans fil<\/td>\n<td>Bluetooth 4.0, 802.11a\/b\/g\/n\/ac<\/td>\n<\/tr>\n<tr>\n<th colspan=\"2\">Connexions &amp; extension<\/th>\n<\/tr>\n<tr>\n<td>Lecteur de carte m\u00e9moire<\/td>\n<td>Oui (carte SDXC)<\/td>\n<\/tr>\n<tr>\n<td>Interfaces<\/td>\n<td>2 x USB 3.0<br \/>\nSortie casque<br \/>\nThunderbolt 2<\/td>\n<\/tr>\n<tr>\n<th colspan=\"2\">Logiciels<\/th>\n<\/tr>\n<tr>\n<td>Logiciel(s) inclus<\/td>\n<td>Pilotes de p\u00e9riph\u00e9rique &amp; utilitaires, Apple QuickTime, Apple iTunes, Apple Mac OS X Mail, Apple Mac OS X Chess, Apple iPhoto, Apple iMovie, Apple DVD Player, Apple Safari, Apple GarageBand, Apple Dashboard, Apple Spotlight, Photo Booth, Apple Time Machine, Apple Mac App Store, Apple FaceTime, Apple Automator, Apple Launchpad, Apple Mission Control, Apple Preview, Apple Calculator, Apple Dictionary, Apple Image Capture, Apple Stickies, Apple TextEdit, Apple System Preferences, Plans, Rappels, Contacts, Notes, Calendrier, Apple AirDrop, Notification Center, Messages, Dictation, iCloud, Game Center, Apple AirPlay, Apple Font Book, Apple iBooks, Apple Keynote, Apple Pages, Apple Numbers, Facebook, Twitter<\/td>\n<\/tr>\n<tr>\n<th colspan=\"2\">Entr\u00e9e<\/th>\n<\/tr>\n<tr>\n<td>Type<\/td>\n<td>Clavier, trackpad<\/td>\n<\/tr>\n<tr>\n<td>Caract\u00e9ristiques<\/td>\n<td>Pav\u00e9 tactile multi-touches, d\u00e9tecteur de lumi\u00e8re ambiante<\/td>\n<\/tr>\n<tr>\n<td>Disposition du clavier<\/td>\n<td>Fran\u00e7ais AZERTY<\/td>\n<\/tr>\n<tr>\n<td>R\u00e9tro\u00e9clairage du clavier<\/td>\n<td>Oui<\/td>\n<\/tr>\n<tr>\n<th colspan=\"2\">Batterie<\/th>\n<\/tr>\n<tr>\n<td>Technologie<\/td>\n<td>Lithium-polym\u00e8re<\/td>\n<\/tr>\n<tr>\n<td>Capacit\u00e9<\/td>\n<td>54 Wh<\/td>\n<\/tr>\n<tr>\n<td>Dur\u00e9e de fonctionnement<\/td>\n<td>Jusqu&rsquo;\u00e0 12 heures<\/td>\n<\/tr>\n<tr>\n<td>Dur\u00e9e de vie de la batterie<\/td>\n<td>Navigation Web via WiFi: jusqu&rsquo;\u00e0 12 heures<br \/>\nLecture vid\u00e9o: jusqu&rsquo;\u00e0 12 heures<br \/>\nVeilleuse: jusqu&rsquo;\u00e0 30 jours<\/td>\n<\/tr>\n<tr>\n<th colspan=\"2\">Divers<\/th>\n<\/tr>\n<tr>\n<td>Couleur<\/td>\n<td>Argent<\/td>\n<\/tr>\n<tr>\n<td>Localisation<\/td>\n<td>Langue : flamand \/ r\u00e9gion : Belgique, Luxembourg<\/td>\n<\/tr>\n<tr>\n<td>Mati\u00e8re du boitier<\/td>\n<td>Aluminium<\/td>\n<\/tr>\n<tr>\n<th colspan=\"2\">Dimensions et poids<\/th>\n<\/tr>\n<tr>\n<td>Poids<\/td>\n<td>1.35 kg<\/td>\n<\/tr>\n<tr>\n<td>Dimensions (LxPxH)<\/td>\n<td>32.5 cm x 22.7 cm x 1.7 cm<\/td>\n<\/tr>\n<tr>\n<th colspan=\"2\">Normes environnementales<\/th>\n<\/tr>\n<tr>\n<td>Certifi\u00e9 ENERGY STAR<\/td>\n<td>Oui<\/td>\n<\/tr>\n<tr>\n<th colspan=\"2\">Garantie du fabricant<\/th>\n<\/tr>\n<tr>\n<td>Service et maintenance<\/td>\n<td>Garantie limit\u00e9e &#8211; 1 an<br \/>\nSupport technique &#8211; support t\u00e9l\u00e9phonique &#8211; 90 jours<\/td>\n<\/tr>\n<tr>\n<th colspan=\"2\">Adaptateur CA<\/th>\n<\/tr>\n<tr>\n<td>Entr\u00e9e<\/td>\n<td>CA 120\/230 V (50\/60 Hz)<\/td>\n<\/tr>\n<tr>\n<td>Sortie<\/td>\n<td>45 Watt<\/td>\n<\/tr>\n<tr>\n<th colspan=\"2\">Caract\u00e9ristiques d\u2019environnement<\/th>\n<\/tr>\n<tr>\n<td>Taux d&rsquo;humidit\u00e9 en fonctionnement<\/td>\n<td>0 &#8211; 90 % (sans condensation)<\/td>\n<\/tr>\n<tr>\n<td>Temp\u00e9rature minimale de fonctionnement<\/td>\n<td>10 \u00b0C<\/td>\n<\/tr>\n<tr>\n<td>Temp\u00e9rature maximale de fonctionnement<\/td>\n<td>35 \u00b0C<\/td>\n<\/tr>\n<tr>\n<th colspan=\"2\">Attributs de recherche<\/th>\n<\/tr>\n<tr>\n<td>Stockage optique|Type de lecteur<\/td>\n<td>Pas de disque optique<\/td>\n<\/tr>\n<tr>\n<th colspan=\"2\">Processeur \/ Chipset<\/th>\n<\/tr>\n<tr>\n<td>Cache<\/td>\n<td>L3 &#8211; 3 Mo<\/td>\n<\/tr>\n<tr>\n<td>CPU<\/td>\n<td>Intel Core i5 (5\u00e8me g\u00e9n\u00e9ration) 1.8 GHz<\/td>\n<\/tr>\n<tr>\n<td>Fonctions<\/td>\n<td>Contr\u00f4leur de m\u00e9moire int\u00e9gr\u00e9, technologie Intel Turbo Boost\u00a02.0<\/td>\n<\/tr>\n<tr>\n<td>Nombre de coeurs<\/td>\n<td>Double coeur<\/td>\n<\/tr>\n<tr>\n<td>Technologie 64 bits<\/td>\n<td>Oui<\/td>\n<\/tr>\n<tr>\n<td>Vitesse maximale en mode Turbo<\/td>\n<td>2.9 GHz<\/td>\n<\/tr>\n<\/tbody>\n<\/table>\n","protected":false},"excerpt":{"rendered":"<p><span class=\"fpBlocTitle\">Les points forts :<\/span><\/p>\n<ul>\n<li>Expert<\/li>\n<li>CPU : Intel Core i5 (5\u00e8me g\u00e9n\u00e9ration) 1.8 GHz<\/li>\n<li>RAM : 8 Go<\/li>\n<li>R\u00e9solution : 1440 x 900 (WXGA+)<\/li>\n<li>Fonctions : Brillant<\/li>\n<\/ul>\n<div class=\"jsFpBulletPointMore\">\n<ul>\n<li>Stockage principal : 128 Go SSD PCIe<\/li>\n<li>Processeur graphique : Intel HD Graphics 6000<\/li>\n<li>Dur\u00e9e de fonctionnement : Jusqu&rsquo;\u00e0 12 heures<\/li>\n<li>Garantie (\u00b2) : 2 ans &#8211; pi\u00e8ces, main d\u2019\u0153uvre<\/li>\n<li>Syst\u00e8me d&rsquo;exploitation : Apple macOS Mojave 10.14<\/li>\n<\/ul>\n<\/div>\n","protected":false},"featured_media":3445,"comment_status":"open","ping_status":"closed","template":"","meta":[],"product_cat":[156,186],"product_tag":[],"class_list":{"0":"post-3444","1":"product","2":"type-product","3":"status-publish","4":"has-post-thumbnail","6":"product_cat-bons-plans","7":"product_cat-pc-portables","9":"first","10":"instock","11":"sale","12":"shipping-taxable","13":"purchasable","14":"product-type-simple","15":"col-xs-6 col-sm-4","16":"col-md-3 col-lg-3","17":"un-4-cols"},"yoast_head":"<!-- This site is optimized with the Yoast SEO plugin v27.0 - https:\/\/yoast.com\/product\/yoast-seo-wordpress\/ -->\n<title>APPLE Macbook Air 13,3&quot; - Intel Core i5 - RAM 8Go - 128Go SSD - Eurosdiscounts.com- Achat sur Internet a prix discount, Canap\u00e9s pas cher, Smartphone pas cher, pc portable pas cher..<\/title>\n<meta name=\"robots\" content=\"index, follow, max-snippet:-1, max-image-preview:large, max-video-preview:-1\" \/>\n<link rel=\"canonical\" href=\"https:\/\/eurosdiscounts.com\/index.php\/produit\/apple-macbook-air-133-intel-core-i5-ram-8go-128go-ssd\/\" \/>\n<meta property=\"og:locale\" content=\"fr_FR\" \/>\n<meta property=\"og:type\" content=\"article\" \/>\n<meta property=\"og:title\" content=\"APPLE Macbook Air 13,3&quot; - Intel Core i5 - RAM 8Go - 128Go SSD - Eurosdiscounts.com- Achat sur Internet a prix discount, Canap\u00e9s pas cher, Smartphone pas cher, pc portable pas cher..\" \/>\n<meta property=\"og:description\" content=\"Les points forts :  Expert  CPU : Intel Core i5 (5\u00e8me g\u00e9n\u00e9ration) 1.8 GHz  RAM : 8 Go  R\u00e9solution : 1440 x 900 (WXGA+)  Fonctions : Brillant   Stockage principal : 128 Go SSD PCIe  Processeur graphique : Intel HD Graphics 6000  Dur\u00e9e de fonctionnement : Jusqu&#039;\u00e0 12 heures  Garantie (\u00b2) : 2 ans - pi\u00e8ces, main d\u2019\u0153uvre  Syst\u00e8me d&#039;exploitation : Apple macOS Mojave 10.14\" \/>\n<meta property=\"og:url\" content=\"https:\/\/eurosdiscounts.com\/index.php\/produit\/apple-macbook-air-133-intel-core-i5-ram-8go-128go-ssd\/\" \/>\n<meta property=\"og:site_name\" content=\"Eurosdiscounts.com- Achat sur Internet a prix discount, Canap\u00e9s pas cher, Smartphone pas cher, pc portable pas cher..\" \/>\n<meta property=\"og:image\" content=\"https:\/\/eurosdiscounts.com\/wp-content\/uploads\/2019\/09\/c-100.jpg\" \/>\n\t<meta property=\"og:image:width\" content=\"700\" \/>\n\t<meta property=\"og:image:height\" content=\"700\" \/>\n\t<meta property=\"og:image:type\" content=\"image\/jpeg\" \/>\n<meta name=\"twitter:card\" content=\"summary_large_image\" \/>\n<meta name=\"twitter:label1\" content=\"Dur\u00e9e de lecture estim\u00e9e\" \/>\n\t<meta name=\"twitter:data1\" content=\"2 minutes\" \/>\n<script type=\"application\/ld+json\" class=\"yoast-schema-graph\">{\"@context\":\"https:\/\/schema.org\",\"@graph\":[{\"@type\":\"WebPage\",\"@id\":\"https:\/\/eurosdiscounts.com\/index.php\/produit\/apple-macbook-air-133-intel-core-i5-ram-8go-128go-ssd\/\",\"url\":\"https:\/\/eurosdiscounts.com\/index.php\/produit\/apple-macbook-air-133-intel-core-i5-ram-8go-128go-ssd\/\",\"name\":\"APPLE Macbook Air 13,3\\\" - Intel Core i5 - RAM 8Go - 128Go SSD - Eurosdiscounts.com- Achat sur Internet a prix discount, Canap\u00e9s pas cher, Smartphone pas cher, pc portable pas cher..\",\"isPartOf\":{\"@id\":\"https:\/\/eurosdiscounts.com\/#website\"},\"primaryImageOfPage\":{\"@id\":\"https:\/\/eurosdiscounts.com\/index.php\/produit\/apple-macbook-air-133-intel-core-i5-ram-8go-128go-ssd\/#primaryimage\"},\"image\":{\"@id\":\"https:\/\/eurosdiscounts.com\/index.php\/produit\/apple-macbook-air-133-intel-core-i5-ram-8go-128go-ssd\/#primaryimage\"},\"thumbnailUrl\":\"https:\/\/eurosdiscounts.com\/wp-content\/uploads\/2019\/09\/c-100.jpg\",\"datePublished\":\"2019-09-11T18:10:12+00:00\",\"breadcrumb\":{\"@id\":\"https:\/\/eurosdiscounts.com\/index.php\/produit\/apple-macbook-air-133-intel-core-i5-ram-8go-128go-ssd\/#breadcrumb\"},\"inLanguage\":\"fr-FR\",\"potentialAction\":[{\"@type\":\"ReadAction\",\"target\":[\"https:\/\/eurosdiscounts.com\/index.php\/produit\/apple-macbook-air-133-intel-core-i5-ram-8go-128go-ssd\/\"]}]},{\"@type\":\"ImageObject\",\"inLanguage\":\"fr-FR\",\"@id\":\"https:\/\/eurosdiscounts.com\/index.php\/produit\/apple-macbook-air-133-intel-core-i5-ram-8go-128go-ssd\/#primaryimage\",\"url\":\"https:\/\/eurosdiscounts.com\/wp-content\/uploads\/2019\/09\/c-100.jpg\",\"contentUrl\":\"https:\/\/eurosdiscounts.com\/wp-content\/uploads\/2019\/09\/c-100.jpg\",\"width\":700,\"height\":700},{\"@type\":\"BreadcrumbList\",\"@id\":\"https:\/\/eurosdiscounts.com\/index.php\/produit\/apple-macbook-air-133-intel-core-i5-ram-8go-128go-ssd\/#breadcrumb\",\"itemListElement\":[{\"@type\":\"ListItem\",\"position\":1,\"name\":\"Accueil\",\"item\":\"https:\/\/eurosdiscounts.com\/\"},{\"@type\":\"ListItem\",\"position\":2,\"name\":\"Boutique\",\"item\":\"https:\/\/eurosdiscounts.com\/index.php\/boutique\/\"},{\"@type\":\"ListItem\",\"position\":3,\"name\":\"APPLE Macbook Air 13,3&Prime; &#8211; Intel Core i5 &#8211; RAM 8Go &#8211; 128Go SSD\"}]},{\"@type\":\"WebSite\",\"@id\":\"https:\/\/eurosdiscounts.com\/#website\",\"url\":\"https:\/\/eurosdiscounts.com\/\",\"name\":\"Eurosdiscounts.com- Achat sur Internet a prix discount, Canap\u00e9s pas cher, Smartphone pas cher, pc portable pas cher..\",\"description\":\"Eurosdiscounts.com- Achat sur Internet a prix discount, Canap\u00e9s pas cher, Smartphone pas cher, pc portable pas cher..\",\"potentialAction\":[{\"@type\":\"SearchAction\",\"target\":{\"@type\":\"EntryPoint\",\"urlTemplate\":\"https:\/\/eurosdiscounts.com\/?s={search_term_string}\"},\"query-input\":{\"@type\":\"PropertyValueSpecification\",\"valueRequired\":true,\"valueName\":\"search_term_string\"}}],\"inLanguage\":\"fr-FR\"}]}<\/script>\n<!-- \/ Yoast SEO plugin. -->","yoast_head_json":{"title":"APPLE Macbook Air 13,3\" - Intel Core i5 - RAM 8Go - 128Go SSD - Eurosdiscounts.com- Achat sur Internet a prix discount, Canap\u00e9s pas cher, Smartphone pas cher, pc portable pas cher..","robots":{"index":"index","follow":"follow","max-snippet":"max-snippet:-1","max-image-preview":"max-image-preview:large","max-video-preview":"max-video-preview:-1"},"canonical":"https:\/\/eurosdiscounts.com\/index.php\/produit\/apple-macbook-air-133-intel-core-i5-ram-8go-128go-ssd\/","og_locale":"fr_FR","og_type":"article","og_title":"APPLE Macbook Air 13,3\" - Intel Core i5 - RAM 8Go - 128Go SSD - Eurosdiscounts.com- Achat sur Internet a prix discount, Canap\u00e9s pas cher, Smartphone pas cher, pc portable pas cher..","og_description":"Les points forts :  Expert  CPU : Intel Core i5 (5\u00e8me g\u00e9n\u00e9ration) 1.8 GHz  RAM : 8 Go  R\u00e9solution : 1440 x 900 (WXGA+)  Fonctions : Brillant   Stockage principal : 128 Go SSD PCIe  Processeur graphique : Intel HD Graphics 6000  Dur\u00e9e de fonctionnement : Jusqu'\u00e0 12 heures  Garantie (\u00b2) : 2 ans - pi\u00e8ces, main d\u2019\u0153uvre  Syst\u00e8me d'exploitation : Apple macOS Mojave 10.14","og_url":"https:\/\/eurosdiscounts.com\/index.php\/produit\/apple-macbook-air-133-intel-core-i5-ram-8go-128go-ssd\/","og_site_name":"Eurosdiscounts.com- Achat sur Internet a prix discount, Canap\u00e9s pas cher, Smartphone pas cher, pc portable pas cher..","og_image":[{"width":700,"height":700,"url":"https:\/\/eurosdiscounts.com\/wp-content\/uploads\/2019\/09\/c-100.jpg","type":"image\/jpeg"}],"twitter_card":"summary_large_image","twitter_misc":{"Dur\u00e9e de lecture estim\u00e9e":"2 minutes"},"schema":{"@context":"https:\/\/schema.org","@graph":[{"@type":"WebPage","@id":"https:\/\/eurosdiscounts.com\/index.php\/produit\/apple-macbook-air-133-intel-core-i5-ram-8go-128go-ssd\/","url":"https:\/\/eurosdiscounts.com\/index.php\/produit\/apple-macbook-air-133-intel-core-i5-ram-8go-128go-ssd\/","name":"APPLE Macbook Air 13,3\" - Intel Core i5 - RAM 8Go - 128Go SSD - Eurosdiscounts.com- Achat sur Internet a prix discount, Canap\u00e9s pas cher, Smartphone pas cher, pc portable pas cher..","isPartOf":{"@id":"https:\/\/eurosdiscounts.com\/#website"},"primaryImageOfPage":{"@id":"https:\/\/eurosdiscounts.com\/index.php\/produit\/apple-macbook-air-133-intel-core-i5-ram-8go-128go-ssd\/#primaryimage"},"image":{"@id":"https:\/\/eurosdiscounts.com\/index.php\/produit\/apple-macbook-air-133-intel-core-i5-ram-8go-128go-ssd\/#primaryimage"},"thumbnailUrl":"https:\/\/eurosdiscounts.com\/wp-content\/uploads\/2019\/09\/c-100.jpg","datePublished":"2019-09-11T18:10:12+00:00","breadcrumb":{"@id":"https:\/\/eurosdiscounts.com\/index.php\/produit\/apple-macbook-air-133-intel-core-i5-ram-8go-128go-ssd\/#breadcrumb"},"inLanguage":"fr-FR","potentialAction":[{"@type":"ReadAction","target":["https:\/\/eurosdiscounts.com\/index.php\/produit\/apple-macbook-air-133-intel-core-i5-ram-8go-128go-ssd\/"]}]},{"@type":"ImageObject","inLanguage":"fr-FR","@id":"https:\/\/eurosdiscounts.com\/index.php\/produit\/apple-macbook-air-133-intel-core-i5-ram-8go-128go-ssd\/#primaryimage","url":"https:\/\/eurosdiscounts.com\/wp-content\/uploads\/2019\/09\/c-100.jpg","contentUrl":"https:\/\/eurosdiscounts.com\/wp-content\/uploads\/2019\/09\/c-100.jpg","width":700,"height":700},{"@type":"BreadcrumbList","@id":"https:\/\/eurosdiscounts.com\/index.php\/produit\/apple-macbook-air-133-intel-core-i5-ram-8go-128go-ssd\/#breadcrumb","itemListElement":[{"@type":"ListItem","position":1,"name":"Accueil","item":"https:\/\/eurosdiscounts.com\/"},{"@type":"ListItem","position":2,"name":"Boutique","item":"https:\/\/eurosdiscounts.com\/index.php\/boutique\/"},{"@type":"ListItem","position":3,"name":"APPLE Macbook Air 13,3&Prime; &#8211; Intel Core i5 &#8211; RAM 8Go &#8211; 128Go SSD"}]},{"@type":"WebSite","@id":"https:\/\/eurosdiscounts.com\/#website","url":"https:\/\/eurosdiscounts.com\/","name":"Eurosdiscounts.com- Achat sur Internet a prix discount, Canap\u00e9s pas cher, Smartphone pas cher, pc portable pas cher..","description":"Eurosdiscounts.com- Achat sur Internet a prix discount, Canap\u00e9s pas cher, Smartphone pas cher, pc portable pas cher..","potentialAction":[{"@type":"SearchAction","target":{"@type":"EntryPoint","urlTemplate":"https:\/\/eurosdiscounts.com\/?s={search_term_string}"},"query-input":{"@type":"PropertyValueSpecification","valueRequired":true,"valueName":"search_term_string"}}],"inLanguage":"fr-FR"}]}},"_links":{"self":[{"href":"https:\/\/eurosdiscounts.com\/index.php\/wp-json\/wp\/v2\/product\/3444","targetHints":{"allow":["GET"]}}],"collection":[{"href":"https:\/\/eurosdiscounts.com\/index.php\/wp-json\/wp\/v2\/product"}],"about":[{"href":"https:\/\/eurosdiscounts.com\/index.php\/wp-json\/wp\/v2\/types\/product"}],"replies":[{"embeddable":true,"href":"https:\/\/eurosdiscounts.com\/index.php\/wp-json\/wp\/v2\/comments?post=3444"}],"wp:featuredmedia":[{"embeddable":true,"href":"https:\/\/eurosdiscounts.com\/index.php\/wp-json\/wp\/v2\/media\/3445"}],"wp:attachment":[{"href":"https:\/\/eurosdiscounts.com\/index.php\/wp-json\/wp\/v2\/media?parent=3444"}],"wp:term":[{"taxonomy":"product_cat","embeddable":true,"href":"https:\/\/eurosdiscounts.com\/index.php\/wp-json\/wp\/v2\/product_cat?post=3444"},{"taxonomy":"product_tag","embeddable":true,"href":"https:\/\/eurosdiscounts.com\/index.php\/wp-json\/wp\/v2\/product_tag?post=3444"}],"curies":[{"name":"wp","href":"https:\/\/api.w.org\/{rel}","templated":true}]}}