{"id":3235,"date":"2019-09-11T14:47:05","date_gmt":"2019-09-11T12:47:05","guid":{"rendered":"https:\/\/smartsdiscount.com\/?post_type=product&amp;p=3235"},"modified":"2024-06-29T13:35:23","modified_gmt":"2024-06-29T11:35:23","slug":"refrigerateur-samsung-23098l-gris-silver-rb33j3200sa-ef","status":"publish","type":"product","link":"https:\/\/eurosdiscounts.com\/index.php\/produit\/refrigerateur-samsung-23098l-gris-silver-rb33j3200sa-ef\/","title":{"rendered":"R\u00e9frig\u00e9rateur SAMSUNG 230+98L Gris Silver RB33J3200SA\/EF"},"content":{"rendered":"<table class=\"fpDescTb fpDescTbPub\">\n<tbody>\n<tr>\n<th colspan=\"2\">Informations g\u00e9n\u00e9rales sur le produit<\/th>\n<\/tr>\n<tr>\n<td>Marque<\/td>\n<td><a title=\"SAMSUNG\" href=\"https:\/\/www.cdiscount.com\/m-443-samsung.html\" data-link=\"SFP-ZBN-TNO-DPM\">SAMSUNG<\/a><\/td>\n<\/tr>\n<tr>\n<td>Nom du produit<\/td>\n<td>R\u00e9frig\u00e9rateur SAMSUNG 230+98L Gris Silver RB33J320<\/td>\n<\/tr>\n<tr>\n<td>Cat\u00e9gorie<\/td>\n<td>R\u00c9FRIG\u00c9RATEUR CLASSIQUE<\/td>\n<\/tr>\n<tr>\n<th colspan=\"2\">G\u00e9n\u00e9ral<\/th>\n<\/tr>\n<tr>\n<td>Type de Produit<\/td>\n<td>R\u00e9frig\u00e9rateur\/cong\u00e9lateur &#8211; cong\u00e9lateur bas<\/td>\n<\/tr>\n<tr>\n<td>Cat\u00e9gorie de r\u00e9frig\u00e9rateur<\/td>\n<td>R\u00e9frig\u00e9rateur-cong\u00e9lateur<\/td>\n<\/tr>\n<tr>\n<td>Classe \u00e9nerg\u00e9tique<\/td>\n<td>Classe A+<\/td>\n<\/tr>\n<tr>\n<td>Consommation d&rsquo;\u00e9nergie annuelle<\/td>\n<td>280 kWh<\/td>\n<\/tr>\n<tr>\n<td>Volume utile total<\/td>\n<td>328 litres<\/td>\n<\/tr>\n<tr>\n<td>Volume utile de r\u00e9frig\u00e9rateur<\/td>\n<td>230 litres<\/td>\n<\/tr>\n<tr>\n<td>Volume utile de cong\u00e9lateur<\/td>\n<td>98 litres<\/td>\n<\/tr>\n<tr>\n<td>Classe climatique<\/td>\n<td>SN-N-ST<\/td>\n<\/tr>\n<tr>\n<td>Nombre d&rsquo;\u00e9toiles du compartiment cong\u00e9lation<\/td>\n<td>****<\/td>\n<\/tr>\n<tr>\n<td>Niveau sonore maximum<\/td>\n<td>39 dB<\/td>\n<\/tr>\n<tr>\n<td>Format<\/td>\n<td>Pose libre<\/td>\n<\/tr>\n<tr>\n<td>Couleur<\/td>\n<td>M\u00e9tal gris<\/td>\n<\/tr>\n<tr>\n<td>Nombre de portes<\/td>\n<td>2<\/td>\n<\/tr>\n<tr>\n<td>Portes r\u00e9versibles<\/td>\n<td>Oui<\/td>\n<\/tr>\n<tr>\n<td>Autonomie en cas de coupure<\/td>\n<td>20 hrs<\/td>\n<\/tr>\n<tr>\n<td>Eclairage int\u00e9rieur<\/td>\n<td>Eclairage int\u00e9rieur \u00e0 LED<\/td>\n<\/tr>\n<tr>\n<td>Type(s) de froid<\/td>\n<td>Froid brass\u00e9<\/td>\n<\/tr>\n<tr>\n<td>Caract\u00e9ristiques particuli\u00e8res<\/td>\n<td>Alarme porte ouverte, colonne Multiflow, compresseur Digital Inverter<\/td>\n<\/tr>\n<tr>\n<td>Gaz r\u00e9frig\u00e9rant<\/td>\n<td>R 600 A<\/td>\n<\/tr>\n<tr>\n<td>Charni\u00e8re de porte<\/td>\n<td>Droite<\/td>\n<\/tr>\n<tr>\n<th colspan=\"2\">Caract\u00e9ristiques du r\u00e9frig\u00e9rateur<\/th>\n<\/tr>\n<tr>\n<td>Eclairage int\u00e9rieur du r\u00e9frig\u00e9rateur<\/td>\n<td>Oui<\/td>\n<\/tr>\n<tr>\n<td>Nombre d&rsquo;\u00e9tag\u00e8res du r\u00e9frig\u00e9rateur<\/td>\n<td>3<\/td>\n<\/tr>\n<tr>\n<td>Nombre de tiroirs du r\u00e9frig\u00e9rateur<\/td>\n<td>1<\/td>\n<\/tr>\n<tr>\n<td>Nombre de compartiments de porte du r\u00e9frig\u00e9rateur<\/td>\n<td>4<\/td>\n<\/tr>\n<tr>\n<td>Caract\u00e9ristiques des \u00e9tag\u00e8res\/compartiments du r\u00e9frig\u00e9rateur<\/td>\n<td>3 x \u00e9tag\u00e8re &#8211; verre tremp\u00e9 r\u00e9sistant aux liquides<br \/>\n1 x \u00e9tag\u00e8re &#8211; tiroir Full Open<br \/>\n1 x \u00e9tag\u00e8re de porte &#8211; XL<br \/>\n1 x compartiment pour produits laitiers<\/td>\n<\/tr>\n<tr>\n<th colspan=\"2\">Divers<\/th>\n<\/tr>\n<tr>\n<td>Caract\u00e9ristiques externes<\/td>\n<td>Poign\u00e9e int\u00e9gr\u00e9e<\/td>\n<\/tr>\n<tr>\n<td>Normes de conformit\u00e9<\/td>\n<td>Directive 1060\/2010\/EU<\/td>\n<\/tr>\n<tr>\n<th colspan=\"2\">Dimensions et poids<\/th>\n<\/tr>\n<tr>\n<td>Largeur<\/td>\n<td>59.5 cm<\/td>\n<\/tr>\n<tr>\n<td>Profondeur<\/td>\n<td>66.8 cm<\/td>\n<\/tr>\n<tr>\n<td>Hauteur<\/td>\n<td>185 cm<\/td>\n<\/tr>\n<tr>\n<td>Poids<\/td>\n<td>70 kg<\/td>\n<\/tr>\n<tr>\n<td>Informations sur les dimensions<\/td>\n<td>Profondeur hors portes: 60.2 cm<\/td>\n<\/tr>\n<tr>\n<th colspan=\"2\">Dimensions et poids (emball\u00e9)<\/th>\n<\/tr>\n<tr>\n<td>Poids (Exp\u00e9dition)<\/td>\n<td>72 kg<\/td>\n<\/tr>\n<tr>\n<td>Largeur (emball\u00e9e)<\/td>\n<td>64 cm<\/td>\n<\/tr>\n<tr>\n<td>Profondeur (emball\u00e9e)<\/td>\n<td>76 cm<\/td>\n<\/tr>\n<tr>\n<td>Hauteur (Exp\u00e9dition)<\/td>\n<td>193 cm<\/td>\n<\/tr>\n<tr>\n<th colspan=\"2\">Caract\u00e9ristiques du cong\u00e9lateur<\/th>\n<\/tr>\n<tr>\n<td>Capacit\u00e9 de cong\u00e9lation<\/td>\n<td>12 kg \/ 24 h<\/td>\n<\/tr>\n<tr>\n<td>Nombre de tiroirs du cong\u00e9lateur<\/td>\n<td>3<\/td>\n<\/tr>\n<\/tbody>\n<\/table>\n","protected":false},"excerpt":{"rendered":"<p><span class=\"fpBlocTitle\">Les points forts :<\/span><\/p>\n<ul>\n<li>Type(s) de froid : Froid brass\u00e9<\/li>\n<li>Volume utile total : 328 litres<\/li>\n<li>Nombre de tiroirs du cong\u00e9lateur : 3<\/li>\n<li>Nombre d&rsquo;\u00e9toiles du compartiment cong\u00e9lation : ****<\/li>\n<li>Niveau sonore maximum : 39 dB<\/li>\n<\/ul>\n<div class=\"jsFpBulletPointMore\">\n<ul>\n<li>Caract\u00e9ristiques particuli\u00e8res : Alarme porte ouverte, colonne Multiflow, compresseur Digital Inverter<\/li>\n<li>Couleur : M\u00e9tal gris<\/li>\n<li>Portes r\u00e9versibles : Oui<\/li>\n<\/ul>\n<\/div>\n","protected":false},"featured_media":3238,"comment_status":"open","ping_status":"closed","template":"","meta":[],"product_cat":[156,190],"product_tag":[],"class_list":{"0":"post-3235","1":"product","2":"type-product","3":"status-publish","4":"has-post-thumbnail","6":"product_cat-bons-plans","7":"product_cat-refrigerateur-congelateur","9":"first","10":"instock","11":"sale","12":"shipping-taxable","13":"purchasable","14":"product-type-simple","15":"col-xs-6 col-sm-4","16":"col-md-3 col-lg-3","17":"un-4-cols"},"yoast_head":"<!-- This site is optimized with the Yoast SEO plugin v27.0 - https:\/\/yoast.com\/product\/yoast-seo-wordpress\/ -->\n<title>R\u00e9frig\u00e9rateur SAMSUNG 230+98L Gris Silver RB33J3200SA\/EF - Eurosdiscounts.com- Achat sur Internet a prix discount, Canap\u00e9s pas cher, Smartphone pas cher, pc portable pas cher..<\/title>\n<meta name=\"robots\" content=\"index, follow, max-snippet:-1, max-image-preview:large, max-video-preview:-1\" \/>\n<link rel=\"canonical\" href=\"https:\/\/eurosdiscounts.com\/index.php\/produit\/refrigerateur-samsung-23098l-gris-silver-rb33j3200sa-ef\/\" \/>\n<meta property=\"og:locale\" content=\"fr_FR\" \/>\n<meta property=\"og:type\" content=\"article\" \/>\n<meta property=\"og:title\" content=\"R\u00e9frig\u00e9rateur SAMSUNG 230+98L Gris Silver RB33J3200SA\/EF - Eurosdiscounts.com- Achat sur Internet a prix discount, Canap\u00e9s pas cher, Smartphone pas cher, pc portable pas cher..\" \/>\n<meta property=\"og:description\" content=\"Les points forts :  Type(s) de froid : Froid brass\u00e9  Volume utile total : 328 litres  Nombre de tiroirs du cong\u00e9lateur : 3  Nombre d&#039;\u00e9toiles du compartiment cong\u00e9lation : ****  Niveau sonore maximum : 39 dB   Caract\u00e9ristiques particuli\u00e8res : Alarme porte ouverte, colonne Multiflow, compresseur Digital Inverter  Couleur : M\u00e9tal gris  Portes r\u00e9versibles : Oui\" \/>\n<meta property=\"og:url\" content=\"https:\/\/eurosdiscounts.com\/index.php\/produit\/refrigerateur-samsung-23098l-gris-silver-rb33j3200sa-ef\/\" \/>\n<meta property=\"og:site_name\" content=\"Eurosdiscounts.com- Achat sur Internet a prix discount, Canap\u00e9s pas cher, Smartphone pas cher, pc portable pas cher..\" \/>\n<meta property=\"article:modified_time\" content=\"2024-06-29T11:35:23+00:00\" \/>\n<meta property=\"og:image\" content=\"https:\/\/eurosdiscounts.com\/wp-content\/uploads\/2019\/09\/c-70.jpg\" \/>\n\t<meta property=\"og:image:width\" content=\"640\" \/>\n\t<meta property=\"og:image:height\" content=\"640\" \/>\n\t<meta property=\"og:image:type\" content=\"image\/jpeg\" \/>\n<meta name=\"twitter:card\" content=\"summary_large_image\" \/>\n<meta name=\"twitter:label1\" content=\"Dur\u00e9e de lecture estim\u00e9e\" \/>\n\t<meta name=\"twitter:data1\" content=\"1 minute\" \/>\n<script type=\"application\/ld+json\" class=\"yoast-schema-graph\">{\"@context\":\"https:\/\/schema.org\",\"@graph\":[{\"@type\":\"WebPage\",\"@id\":\"https:\/\/eurosdiscounts.com\/index.php\/produit\/refrigerateur-samsung-23098l-gris-silver-rb33j3200sa-ef\/\",\"url\":\"https:\/\/eurosdiscounts.com\/index.php\/produit\/refrigerateur-samsung-23098l-gris-silver-rb33j3200sa-ef\/\",\"name\":\"R\u00e9frig\u00e9rateur SAMSUNG 230+98L Gris Silver RB33J3200SA\/EF - Eurosdiscounts.com- Achat sur Internet a prix discount, Canap\u00e9s pas cher, Smartphone pas cher, pc portable pas cher..\",\"isPartOf\":{\"@id\":\"https:\/\/eurosdiscounts.com\/#website\"},\"primaryImageOfPage\":{\"@id\":\"https:\/\/eurosdiscounts.com\/index.php\/produit\/refrigerateur-samsung-23098l-gris-silver-rb33j3200sa-ef\/#primaryimage\"},\"image\":{\"@id\":\"https:\/\/eurosdiscounts.com\/index.php\/produit\/refrigerateur-samsung-23098l-gris-silver-rb33j3200sa-ef\/#primaryimage\"},\"thumbnailUrl\":\"https:\/\/eurosdiscounts.com\/wp-content\/uploads\/2019\/09\/c-70.jpg\",\"datePublished\":\"2019-09-11T12:47:05+00:00\",\"dateModified\":\"2024-06-29T11:35:23+00:00\",\"breadcrumb\":{\"@id\":\"https:\/\/eurosdiscounts.com\/index.php\/produit\/refrigerateur-samsung-23098l-gris-silver-rb33j3200sa-ef\/#breadcrumb\"},\"inLanguage\":\"fr-FR\",\"potentialAction\":[{\"@type\":\"ReadAction\",\"target\":[\"https:\/\/eurosdiscounts.com\/index.php\/produit\/refrigerateur-samsung-23098l-gris-silver-rb33j3200sa-ef\/\"]}]},{\"@type\":\"ImageObject\",\"inLanguage\":\"fr-FR\",\"@id\":\"https:\/\/eurosdiscounts.com\/index.php\/produit\/refrigerateur-samsung-23098l-gris-silver-rb33j3200sa-ef\/#primaryimage\",\"url\":\"https:\/\/eurosdiscounts.com\/wp-content\/uploads\/2019\/09\/c-70.jpg\",\"contentUrl\":\"https:\/\/eurosdiscounts.com\/wp-content\/uploads\/2019\/09\/c-70.jpg\",\"width\":640,\"height\":640},{\"@type\":\"BreadcrumbList\",\"@id\":\"https:\/\/eurosdiscounts.com\/index.php\/produit\/refrigerateur-samsung-23098l-gris-silver-rb33j3200sa-ef\/#breadcrumb\",\"itemListElement\":[{\"@type\":\"ListItem\",\"position\":1,\"name\":\"Accueil\",\"item\":\"https:\/\/eurosdiscounts.com\/\"},{\"@type\":\"ListItem\",\"position\":2,\"name\":\"Boutique\",\"item\":\"https:\/\/eurosdiscounts.com\/index.php\/boutique\/\"},{\"@type\":\"ListItem\",\"position\":3,\"name\":\"R\u00e9frig\u00e9rateur SAMSUNG 230+98L Gris Silver RB33J3200SA\/EF\"}]},{\"@type\":\"WebSite\",\"@id\":\"https:\/\/eurosdiscounts.com\/#website\",\"url\":\"https:\/\/eurosdiscounts.com\/\",\"name\":\"Eurosdiscounts.com- Achat sur Internet a prix discount, Canap\u00e9s pas cher, Smartphone pas cher, pc portable pas cher..\",\"description\":\"Eurosdiscounts.com- Achat sur Internet a prix discount, Canap\u00e9s pas cher, Smartphone pas cher, pc portable pas cher..\",\"potentialAction\":[{\"@type\":\"SearchAction\",\"target\":{\"@type\":\"EntryPoint\",\"urlTemplate\":\"https:\/\/eurosdiscounts.com\/?s={search_term_string}\"},\"query-input\":{\"@type\":\"PropertyValueSpecification\",\"valueRequired\":true,\"valueName\":\"search_term_string\"}}],\"inLanguage\":\"fr-FR\"}]}<\/script>\n<!-- \/ Yoast SEO plugin. -->","yoast_head_json":{"title":"R\u00e9frig\u00e9rateur SAMSUNG 230+98L Gris Silver RB33J3200SA\/EF - Eurosdiscounts.com- Achat sur Internet a prix discount, Canap\u00e9s pas cher, Smartphone pas cher, pc portable pas cher..","robots":{"index":"index","follow":"follow","max-snippet":"max-snippet:-1","max-image-preview":"max-image-preview:large","max-video-preview":"max-video-preview:-1"},"canonical":"https:\/\/eurosdiscounts.com\/index.php\/produit\/refrigerateur-samsung-23098l-gris-silver-rb33j3200sa-ef\/","og_locale":"fr_FR","og_type":"article","og_title":"R\u00e9frig\u00e9rateur SAMSUNG 230+98L Gris Silver RB33J3200SA\/EF - Eurosdiscounts.com- Achat sur Internet a prix discount, Canap\u00e9s pas cher, Smartphone pas cher, pc portable pas cher..","og_description":"Les points forts :  Type(s) de froid : Froid brass\u00e9  Volume utile total : 328 litres  Nombre de tiroirs du cong\u00e9lateur : 3  Nombre d'\u00e9toiles du compartiment cong\u00e9lation : ****  Niveau sonore maximum : 39 dB   Caract\u00e9ristiques particuli\u00e8res : Alarme porte ouverte, colonne Multiflow, compresseur Digital Inverter  Couleur : M\u00e9tal gris  Portes r\u00e9versibles : Oui","og_url":"https:\/\/eurosdiscounts.com\/index.php\/produit\/refrigerateur-samsung-23098l-gris-silver-rb33j3200sa-ef\/","og_site_name":"Eurosdiscounts.com- Achat sur Internet a prix discount, Canap\u00e9s pas cher, Smartphone pas cher, pc portable pas cher..","article_modified_time":"2024-06-29T11:35:23+00:00","og_image":[{"width":640,"height":640,"url":"https:\/\/eurosdiscounts.com\/wp-content\/uploads\/2019\/09\/c-70.jpg","type":"image\/jpeg"}],"twitter_card":"summary_large_image","twitter_misc":{"Dur\u00e9e de lecture estim\u00e9e":"1 minute"},"schema":{"@context":"https:\/\/schema.org","@graph":[{"@type":"WebPage","@id":"https:\/\/eurosdiscounts.com\/index.php\/produit\/refrigerateur-samsung-23098l-gris-silver-rb33j3200sa-ef\/","url":"https:\/\/eurosdiscounts.com\/index.php\/produit\/refrigerateur-samsung-23098l-gris-silver-rb33j3200sa-ef\/","name":"R\u00e9frig\u00e9rateur SAMSUNG 230+98L Gris Silver RB33J3200SA\/EF - Eurosdiscounts.com- Achat sur Internet a prix discount, Canap\u00e9s pas cher, Smartphone pas cher, pc portable pas cher..","isPartOf":{"@id":"https:\/\/eurosdiscounts.com\/#website"},"primaryImageOfPage":{"@id":"https:\/\/eurosdiscounts.com\/index.php\/produit\/refrigerateur-samsung-23098l-gris-silver-rb33j3200sa-ef\/#primaryimage"},"image":{"@id":"https:\/\/eurosdiscounts.com\/index.php\/produit\/refrigerateur-samsung-23098l-gris-silver-rb33j3200sa-ef\/#primaryimage"},"thumbnailUrl":"https:\/\/eurosdiscounts.com\/wp-content\/uploads\/2019\/09\/c-70.jpg","datePublished":"2019-09-11T12:47:05+00:00","dateModified":"2024-06-29T11:35:23+00:00","breadcrumb":{"@id":"https:\/\/eurosdiscounts.com\/index.php\/produit\/refrigerateur-samsung-23098l-gris-silver-rb33j3200sa-ef\/#breadcrumb"},"inLanguage":"fr-FR","potentialAction":[{"@type":"ReadAction","target":["https:\/\/eurosdiscounts.com\/index.php\/produit\/refrigerateur-samsung-23098l-gris-silver-rb33j3200sa-ef\/"]}]},{"@type":"ImageObject","inLanguage":"fr-FR","@id":"https:\/\/eurosdiscounts.com\/index.php\/produit\/refrigerateur-samsung-23098l-gris-silver-rb33j3200sa-ef\/#primaryimage","url":"https:\/\/eurosdiscounts.com\/wp-content\/uploads\/2019\/09\/c-70.jpg","contentUrl":"https:\/\/eurosdiscounts.com\/wp-content\/uploads\/2019\/09\/c-70.jpg","width":640,"height":640},{"@type":"BreadcrumbList","@id":"https:\/\/eurosdiscounts.com\/index.php\/produit\/refrigerateur-samsung-23098l-gris-silver-rb33j3200sa-ef\/#breadcrumb","itemListElement":[{"@type":"ListItem","position":1,"name":"Accueil","item":"https:\/\/eurosdiscounts.com\/"},{"@type":"ListItem","position":2,"name":"Boutique","item":"https:\/\/eurosdiscounts.com\/index.php\/boutique\/"},{"@type":"ListItem","position":3,"name":"R\u00e9frig\u00e9rateur SAMSUNG 230+98L Gris Silver RB33J3200SA\/EF"}]},{"@type":"WebSite","@id":"https:\/\/eurosdiscounts.com\/#website","url":"https:\/\/eurosdiscounts.com\/","name":"Eurosdiscounts.com- Achat sur Internet a prix discount, Canap\u00e9s pas cher, Smartphone pas cher, pc portable pas cher..","description":"Eurosdiscounts.com- Achat sur Internet a prix discount, Canap\u00e9s pas cher, Smartphone pas cher, pc portable pas cher..","potentialAction":[{"@type":"SearchAction","target":{"@type":"EntryPoint","urlTemplate":"https:\/\/eurosdiscounts.com\/?s={search_term_string}"},"query-input":{"@type":"PropertyValueSpecification","valueRequired":true,"valueName":"search_term_string"}}],"inLanguage":"fr-FR"}]}},"_links":{"self":[{"href":"https:\/\/eurosdiscounts.com\/index.php\/wp-json\/wp\/v2\/product\/3235","targetHints":{"allow":["GET"]}}],"collection":[{"href":"https:\/\/eurosdiscounts.com\/index.php\/wp-json\/wp\/v2\/product"}],"about":[{"href":"https:\/\/eurosdiscounts.com\/index.php\/wp-json\/wp\/v2\/types\/product"}],"replies":[{"embeddable":true,"href":"https:\/\/eurosdiscounts.com\/index.php\/wp-json\/wp\/v2\/comments?post=3235"}],"wp:featuredmedia":[{"embeddable":true,"href":"https:\/\/eurosdiscounts.com\/index.php\/wp-json\/wp\/v2\/media\/3238"}],"wp:attachment":[{"href":"https:\/\/eurosdiscounts.com\/index.php\/wp-json\/wp\/v2\/media?parent=3235"}],"wp:term":[{"taxonomy":"product_cat","embeddable":true,"href":"https:\/\/eurosdiscounts.com\/index.php\/wp-json\/wp\/v2\/product_cat?post=3235"},{"taxonomy":"product_tag","embeddable":true,"href":"https:\/\/eurosdiscounts.com\/index.php\/wp-json\/wp\/v2\/product_tag?post=3235"}],"curies":[{"name":"wp","href":"https:\/\/api.w.org\/{rel}","templated":true}]}}