{"id":3197,"date":"2019-09-11T14:21:38","date_gmt":"2019-09-11T12:21:38","guid":{"rendered":"https:\/\/smartsdiscount.com\/?post_type=product&amp;p=3197"},"modified":"2023-03-28T23:03:50","modified_gmt":"2023-03-28T21:03:50","slug":"refrigerateur-1-porte-smeg-fab28lv","status":"publish","type":"product","link":"https:\/\/eurosdiscounts.com\/index.php\/produit\/refrigerateur-1-porte-smeg-fab28lv\/","title":{"rendered":"R\u00e9frig\u00e9rateur 1 porte SMEG FAB28LV"},"content":{"rendered":"<table class=\"fpDescTb fpDescTbPub\">\n<tbody>\n<tr>\n<th colspan=\"2\">Informations g\u00e9n\u00e9rales sur le produit<\/th>\n<\/tr>\n<tr>\n<td>Marque<\/td>\n<td><a title=\"SMEG\" href=\"https:\/\/www.cdiscount.com\/m-2003-smeg.html\" data-link=\"SFP-ZBN-TNO-DPM\">SMEG<\/a><\/td>\n<\/tr>\n<tr>\n<td>Nom du produit<\/td>\n<td>R\u00e9frig\u00e9rateur 1 porte SMEG FAB28LV<\/td>\n<\/tr>\n<tr>\n<td>Cat\u00e9gorie<\/td>\n<td>R\u00c9FRIG\u00c9RATEUR CLASSIQUE<\/td>\n<\/tr>\n<tr>\n<th colspan=\"2\">G\u00e9n\u00e9ral<\/th>\n<\/tr>\n<tr>\n<td>Type de Produit<\/td>\n<td>R\u00e9frig\u00e9rateur avec compartiment de cong\u00e9lateur<\/td>\n<\/tr>\n<tr>\n<td>Classe \u00e9nerg\u00e9tique<\/td>\n<td>Classe A+<\/td>\n<\/tr>\n<tr>\n<td>Consommation d&rsquo;\u00e9nergie annuelle<\/td>\n<td>215 kWh<\/td>\n<\/tr>\n<tr>\n<td>Volume utile total<\/td>\n<td>248 litres<\/td>\n<\/tr>\n<tr>\n<td>Volume utile de r\u00e9frig\u00e9rateur<\/td>\n<td>222 litres<\/td>\n<\/tr>\n<tr>\n<td>Volume utile de cong\u00e9lateur<\/td>\n<td>26 litres<\/td>\n<\/tr>\n<tr>\n<td>Classe climatique<\/td>\n<td>N-ST<\/td>\n<\/tr>\n<tr>\n<td>Nombre d&rsquo;\u00e9toiles du compartiment cong\u00e9lation<\/td>\n<td>****<\/td>\n<\/tr>\n<tr>\n<td>Niveau sonore maximum<\/td>\n<td>40 dB<\/td>\n<\/tr>\n<tr>\n<td>Format<\/td>\n<td>Pose libre &#8211; 60 cm<\/td>\n<\/tr>\n<tr>\n<td>Couleur<\/td>\n<td>Vert pastel<\/td>\n<\/tr>\n<tr>\n<td>Nombre de portes<\/td>\n<td>1<\/td>\n<\/tr>\n<tr>\n<td>Autonomie en cas de coupure<\/td>\n<td>12 hrs<\/td>\n<\/tr>\n<tr>\n<td>Nombre de compresseurs<\/td>\n<td>1<\/td>\n<\/tr>\n<tr>\n<td>D\u00e9givrage automatique<\/td>\n<td>Oui &#8211; r\u00e9frig\u00e9rateur<\/td>\n<\/tr>\n<tr>\n<td>Charni\u00e8re de porte<\/td>\n<td>Gauche<\/td>\n<\/tr>\n<tr>\n<th colspan=\"2\">Caract\u00e9ristiques du r\u00e9frig\u00e9rateur<\/th>\n<\/tr>\n<tr>\n<td>Nombre d&rsquo;\u00e9tag\u00e8res du r\u00e9frig\u00e9rateur<\/td>\n<td>3<\/td>\n<\/tr>\n<tr>\n<td>Nombre de tiroirs du r\u00e9frig\u00e9rateur<\/td>\n<td>1<\/td>\n<\/tr>\n<tr>\n<td>Caract\u00e9ristiques des \u00e9tag\u00e8res\/compartiments du r\u00e9frig\u00e9rateur<\/td>\n<td>1 x casier \u00e0 bouteilles<\/td>\n<\/tr>\n<tr>\n<th colspan=\"2\">Consommation<\/th>\n<\/tr>\n<tr>\n<td>Puissance \u00e9lectrique<\/td>\n<td>90 Watt<\/td>\n<\/tr>\n<tr>\n<th colspan=\"2\">Dimensions et poids<\/th>\n<\/tr>\n<tr>\n<td>Largeur<\/td>\n<td>60 cm<\/td>\n<\/tr>\n<tr>\n<td>Profondeur<\/td>\n<td>67 cm<\/td>\n<\/tr>\n<tr>\n<td>Hauteur<\/td>\n<td>151 cm<\/td>\n<\/tr>\n<tr>\n<th colspan=\"2\">Caract\u00e9ristiques du cong\u00e9lateur<\/th>\n<\/tr>\n<tr>\n<td>Capacit\u00e9 de cong\u00e9lation<\/td>\n<td>2 kg \/ 24 h<\/td>\n<\/tr>\n<\/tbody>\n<\/table>\n","protected":false},"excerpt":{"rendered":"<p>Volume net total: 246 litres, Volume net r\u00e9frig\u00e9rateur: 222 litres, Volume net cong\u00e9lateur: 24 litres, Nombre d&rsquo;\u00e9toiles: ****, Autonomie cong\u00e9lateur: 12 heures, Classe Energ\u00e9t\u2026 Voir la pr\u00e9sentation<\/p>\n","protected":false},"featured_media":3198,"comment_status":"open","ping_status":"closed","template":"","meta":[],"product_cat":[156,191],"product_tag":[],"class_list":{"0":"post-3197","1":"product","2":"type-product","3":"status-publish","4":"has-post-thumbnail","6":"product_cat-bons-plans","7":"product_cat-refrigerateurs","9":"first","10":"instock","11":"sale","12":"shipping-taxable","13":"purchasable","14":"product-type-simple","15":"col-xs-6 col-sm-4","16":"col-md-3 col-lg-3","17":"un-4-cols"},"yoast_head":"<!-- This site is optimized with the Yoast SEO plugin v27.0 - https:\/\/yoast.com\/product\/yoast-seo-wordpress\/ -->\n<title>R\u00e9frig\u00e9rateur 1 porte SMEG FAB28LV - Eurosdiscounts.com- Achat sur Internet a prix discount, Canap\u00e9s pas cher, Smartphone pas cher, pc portable pas cher..<\/title>\n<meta name=\"robots\" content=\"index, follow, max-snippet:-1, max-image-preview:large, max-video-preview:-1\" \/>\n<link rel=\"canonical\" href=\"https:\/\/eurosdiscounts.com\/index.php\/produit\/refrigerateur-1-porte-smeg-fab28lv\/\" \/>\n<meta property=\"og:locale\" content=\"fr_FR\" \/>\n<meta property=\"og:type\" content=\"article\" \/>\n<meta property=\"og:title\" content=\"R\u00e9frig\u00e9rateur 1 porte SMEG FAB28LV - Eurosdiscounts.com- Achat sur Internet a prix discount, Canap\u00e9s pas cher, Smartphone pas cher, pc portable pas cher..\" \/>\n<meta property=\"og:description\" content=\"Volume net total: 246 litres, Volume net r\u00e9frig\u00e9rateur: 222 litres, Volume net cong\u00e9lateur: 24 litres, Nombre d&#039;\u00e9toiles: ****, Autonomie cong\u00e9lateur: 12 heures, Classe Energ\u00e9t\u2026 Voir la pr\u00e9sentation\" \/>\n<meta property=\"og:url\" content=\"https:\/\/eurosdiscounts.com\/index.php\/produit\/refrigerateur-1-porte-smeg-fab28lv\/\" \/>\n<meta property=\"og:site_name\" content=\"Eurosdiscounts.com- Achat sur Internet a prix discount, Canap\u00e9s pas cher, Smartphone pas cher, pc portable pas cher..\" \/>\n<meta property=\"article:modified_time\" content=\"2023-03-28T21:03:50+00:00\" \/>\n<meta property=\"og:image\" content=\"https:\/\/eurosdiscounts.com\/wp-content\/uploads\/2019\/09\/c-64.jpg\" \/>\n\t<meta property=\"og:image:width\" content=\"350\" \/>\n\t<meta property=\"og:image:height\" content=\"350\" \/>\n\t<meta property=\"og:image:type\" content=\"image\/jpeg\" \/>\n<meta name=\"twitter:card\" content=\"summary_large_image\" \/>\n<meta name=\"twitter:label1\" content=\"Dur\u00e9e de lecture estim\u00e9e\" \/>\n\t<meta name=\"twitter:data1\" content=\"1 minute\" \/>\n<script type=\"application\/ld+json\" class=\"yoast-schema-graph\">{\"@context\":\"https:\/\/schema.org\",\"@graph\":[{\"@type\":\"WebPage\",\"@id\":\"https:\/\/eurosdiscounts.com\/index.php\/produit\/refrigerateur-1-porte-smeg-fab28lv\/\",\"url\":\"https:\/\/eurosdiscounts.com\/index.php\/produit\/refrigerateur-1-porte-smeg-fab28lv\/\",\"name\":\"R\u00e9frig\u00e9rateur 1 porte SMEG FAB28LV - Eurosdiscounts.com- Achat sur Internet a prix discount, Canap\u00e9s pas cher, Smartphone pas cher, pc portable pas cher..\",\"isPartOf\":{\"@id\":\"https:\/\/eurosdiscounts.com\/#website\"},\"primaryImageOfPage\":{\"@id\":\"https:\/\/eurosdiscounts.com\/index.php\/produit\/refrigerateur-1-porte-smeg-fab28lv\/#primaryimage\"},\"image\":{\"@id\":\"https:\/\/eurosdiscounts.com\/index.php\/produit\/refrigerateur-1-porte-smeg-fab28lv\/#primaryimage\"},\"thumbnailUrl\":\"https:\/\/eurosdiscounts.com\/wp-content\/uploads\/2019\/09\/c-64.jpg\",\"datePublished\":\"2019-09-11T12:21:38+00:00\",\"dateModified\":\"2023-03-28T21:03:50+00:00\",\"breadcrumb\":{\"@id\":\"https:\/\/eurosdiscounts.com\/index.php\/produit\/refrigerateur-1-porte-smeg-fab28lv\/#breadcrumb\"},\"inLanguage\":\"fr-FR\",\"potentialAction\":[{\"@type\":\"ReadAction\",\"target\":[\"https:\/\/eurosdiscounts.com\/index.php\/produit\/refrigerateur-1-porte-smeg-fab28lv\/\"]}]},{\"@type\":\"ImageObject\",\"inLanguage\":\"fr-FR\",\"@id\":\"https:\/\/eurosdiscounts.com\/index.php\/produit\/refrigerateur-1-porte-smeg-fab28lv\/#primaryimage\",\"url\":\"https:\/\/eurosdiscounts.com\/wp-content\/uploads\/2019\/09\/c-64.jpg\",\"contentUrl\":\"https:\/\/eurosdiscounts.com\/wp-content\/uploads\/2019\/09\/c-64.jpg\",\"width\":350,\"height\":350},{\"@type\":\"BreadcrumbList\",\"@id\":\"https:\/\/eurosdiscounts.com\/index.php\/produit\/refrigerateur-1-porte-smeg-fab28lv\/#breadcrumb\",\"itemListElement\":[{\"@type\":\"ListItem\",\"position\":1,\"name\":\"Accueil\",\"item\":\"https:\/\/eurosdiscounts.com\/\"},{\"@type\":\"ListItem\",\"position\":2,\"name\":\"Boutique\",\"item\":\"https:\/\/eurosdiscounts.com\/index.php\/boutique\/\"},{\"@type\":\"ListItem\",\"position\":3,\"name\":\"R\u00e9frig\u00e9rateur 1 porte SMEG FAB28LV\"}]},{\"@type\":\"WebSite\",\"@id\":\"https:\/\/eurosdiscounts.com\/#website\",\"url\":\"https:\/\/eurosdiscounts.com\/\",\"name\":\"Eurosdiscounts.com- Achat sur Internet a prix discount, Canap\u00e9s pas cher, Smartphone pas cher, pc portable pas cher..\",\"description\":\"Eurosdiscounts.com- Achat sur Internet a prix discount, Canap\u00e9s pas cher, Smartphone pas cher, pc portable pas cher..\",\"potentialAction\":[{\"@type\":\"SearchAction\",\"target\":{\"@type\":\"EntryPoint\",\"urlTemplate\":\"https:\/\/eurosdiscounts.com\/?s={search_term_string}\"},\"query-input\":{\"@type\":\"PropertyValueSpecification\",\"valueRequired\":true,\"valueName\":\"search_term_string\"}}],\"inLanguage\":\"fr-FR\"}]}<\/script>\n<!-- \/ Yoast SEO plugin. -->","yoast_head_json":{"title":"R\u00e9frig\u00e9rateur 1 porte SMEG FAB28LV - Eurosdiscounts.com- Achat sur Internet a prix discount, Canap\u00e9s pas cher, Smartphone pas cher, pc portable pas cher..","robots":{"index":"index","follow":"follow","max-snippet":"max-snippet:-1","max-image-preview":"max-image-preview:large","max-video-preview":"max-video-preview:-1"},"canonical":"https:\/\/eurosdiscounts.com\/index.php\/produit\/refrigerateur-1-porte-smeg-fab28lv\/","og_locale":"fr_FR","og_type":"article","og_title":"R\u00e9frig\u00e9rateur 1 porte SMEG FAB28LV - Eurosdiscounts.com- Achat sur Internet a prix discount, Canap\u00e9s pas cher, Smartphone pas cher, pc portable pas cher..","og_description":"Volume net total: 246 litres, Volume net r\u00e9frig\u00e9rateur: 222 litres, Volume net cong\u00e9lateur: 24 litres, Nombre d'\u00e9toiles: ****, Autonomie cong\u00e9lateur: 12 heures, Classe Energ\u00e9t\u2026 Voir la pr\u00e9sentation","og_url":"https:\/\/eurosdiscounts.com\/index.php\/produit\/refrigerateur-1-porte-smeg-fab28lv\/","og_site_name":"Eurosdiscounts.com- Achat sur Internet a prix discount, Canap\u00e9s pas cher, Smartphone pas cher, pc portable pas cher..","article_modified_time":"2023-03-28T21:03:50+00:00","og_image":[{"width":350,"height":350,"url":"https:\/\/eurosdiscounts.com\/wp-content\/uploads\/2019\/09\/c-64.jpg","type":"image\/jpeg"}],"twitter_card":"summary_large_image","twitter_misc":{"Dur\u00e9e de lecture estim\u00e9e":"1 minute"},"schema":{"@context":"https:\/\/schema.org","@graph":[{"@type":"WebPage","@id":"https:\/\/eurosdiscounts.com\/index.php\/produit\/refrigerateur-1-porte-smeg-fab28lv\/","url":"https:\/\/eurosdiscounts.com\/index.php\/produit\/refrigerateur-1-porte-smeg-fab28lv\/","name":"R\u00e9frig\u00e9rateur 1 porte SMEG FAB28LV - Eurosdiscounts.com- Achat sur Internet a prix discount, Canap\u00e9s pas cher, Smartphone pas cher, pc portable pas cher..","isPartOf":{"@id":"https:\/\/eurosdiscounts.com\/#website"},"primaryImageOfPage":{"@id":"https:\/\/eurosdiscounts.com\/index.php\/produit\/refrigerateur-1-porte-smeg-fab28lv\/#primaryimage"},"image":{"@id":"https:\/\/eurosdiscounts.com\/index.php\/produit\/refrigerateur-1-porte-smeg-fab28lv\/#primaryimage"},"thumbnailUrl":"https:\/\/eurosdiscounts.com\/wp-content\/uploads\/2019\/09\/c-64.jpg","datePublished":"2019-09-11T12:21:38+00:00","dateModified":"2023-03-28T21:03:50+00:00","breadcrumb":{"@id":"https:\/\/eurosdiscounts.com\/index.php\/produit\/refrigerateur-1-porte-smeg-fab28lv\/#breadcrumb"},"inLanguage":"fr-FR","potentialAction":[{"@type":"ReadAction","target":["https:\/\/eurosdiscounts.com\/index.php\/produit\/refrigerateur-1-porte-smeg-fab28lv\/"]}]},{"@type":"ImageObject","inLanguage":"fr-FR","@id":"https:\/\/eurosdiscounts.com\/index.php\/produit\/refrigerateur-1-porte-smeg-fab28lv\/#primaryimage","url":"https:\/\/eurosdiscounts.com\/wp-content\/uploads\/2019\/09\/c-64.jpg","contentUrl":"https:\/\/eurosdiscounts.com\/wp-content\/uploads\/2019\/09\/c-64.jpg","width":350,"height":350},{"@type":"BreadcrumbList","@id":"https:\/\/eurosdiscounts.com\/index.php\/produit\/refrigerateur-1-porte-smeg-fab28lv\/#breadcrumb","itemListElement":[{"@type":"ListItem","position":1,"name":"Accueil","item":"https:\/\/eurosdiscounts.com\/"},{"@type":"ListItem","position":2,"name":"Boutique","item":"https:\/\/eurosdiscounts.com\/index.php\/boutique\/"},{"@type":"ListItem","position":3,"name":"R\u00e9frig\u00e9rateur 1 porte SMEG FAB28LV"}]},{"@type":"WebSite","@id":"https:\/\/eurosdiscounts.com\/#website","url":"https:\/\/eurosdiscounts.com\/","name":"Eurosdiscounts.com- Achat sur Internet a prix discount, Canap\u00e9s pas cher, Smartphone pas cher, pc portable pas cher..","description":"Eurosdiscounts.com- Achat sur Internet a prix discount, Canap\u00e9s pas cher, Smartphone pas cher, pc portable pas cher..","potentialAction":[{"@type":"SearchAction","target":{"@type":"EntryPoint","urlTemplate":"https:\/\/eurosdiscounts.com\/?s={search_term_string}"},"query-input":{"@type":"PropertyValueSpecification","valueRequired":true,"valueName":"search_term_string"}}],"inLanguage":"fr-FR"}]}},"_links":{"self":[{"href":"https:\/\/eurosdiscounts.com\/index.php\/wp-json\/wp\/v2\/product\/3197","targetHints":{"allow":["GET"]}}],"collection":[{"href":"https:\/\/eurosdiscounts.com\/index.php\/wp-json\/wp\/v2\/product"}],"about":[{"href":"https:\/\/eurosdiscounts.com\/index.php\/wp-json\/wp\/v2\/types\/product"}],"replies":[{"embeddable":true,"href":"https:\/\/eurosdiscounts.com\/index.php\/wp-json\/wp\/v2\/comments?post=3197"}],"wp:featuredmedia":[{"embeddable":true,"href":"https:\/\/eurosdiscounts.com\/index.php\/wp-json\/wp\/v2\/media\/3198"}],"wp:attachment":[{"href":"https:\/\/eurosdiscounts.com\/index.php\/wp-json\/wp\/v2\/media?parent=3197"}],"wp:term":[{"taxonomy":"product_cat","embeddable":true,"href":"https:\/\/eurosdiscounts.com\/index.php\/wp-json\/wp\/v2\/product_cat?post=3197"},{"taxonomy":"product_tag","embeddable":true,"href":"https:\/\/eurosdiscounts.com\/index.php\/wp-json\/wp\/v2\/product_tag?post=3197"}],"curies":[{"name":"wp","href":"https:\/\/api.w.org\/{rel}","templated":true}]}}