{"id":21420,"date":"2025-01-01T00:28:34","date_gmt":"2024-12-31T23:28:34","guid":{"rendered":"https:\/\/eurosdiscounts.com\/?post_type=product&#038;p=21420"},"modified":"2025-01-01T00:28:34","modified_gmt":"2024-12-31T23:28:34","slug":"luba-2-awd-1000-robot-tondeuse-sans-cable-perimetrique","status":"publish","type":"product","link":"https:\/\/eurosdiscounts.com\/index.php\/produit\/luba-2-awd-1000-robot-tondeuse-sans-cable-perimetrique\/","title":{"rendered":"LUBA 2 AWD 1000 : Robot Tondeuse sans C\u00e2ble P\u00e9rim\u00e9trique"},"content":{"rendered":"<p>Avec LUBA2 AWD 1000, il est facile d&rsquo;obtenir une belle pelouse.<br \/>\nLUBA est install\u00e9 sans c\u00e2ble p\u00e9riph\u00e9rique et utilise \u00e0 la place des satellites et une station de r\u00e9f\u00e9rence RTK pour naviguer. Avec une connexion 4G ou Wi-Fi, vous pouvez le contr\u00f4ler \u00e0 distance et obtenir des mises \u00e0 jour rapides en direct.<\/p>\n","protected":false},"excerpt":{"rendered":"<ul>\n<li>Pour pelouses jusqu&rsquo;\u00e0 1000m2<\/li>\n<li>G\u00e8re des pentes jusqu&rsquo;\u00e0 38\u00b0 gr\u00e2ce \u00e0 ses quatre roues motrices<\/li>\n<li>Jusqu&rsquo;\u00e0 10 zones et prise en charge des zones interdites<\/li>\n<li>Cam\u00e9ra de vision 3D qui aide le robot \u00e0 naviguer et \u00e0 \u00e9viter les obstacles<\/li>\n<li>Installation facile \u00e0 l&rsquo;aide de votre smartphone<\/li>\n<li>Commande vocale avec Google Home ou Alexa<\/li>\n<\/ul>\n<p>&nbsp;<\/p>\n<p>Ce qui est inclus dans le forfait :<br \/>\nLe robot tondeuse LUBA 2 \u00e0 quatre roues motrices (AWD)<br \/>\nAdaptateur secteur pour la station de recharge<br \/>\nJeu suppl\u00e9mentaire de lames de couteau<br \/>\nClef de s\u00e9curit\u00e9<br \/>\nKit d&rsquo;installation<br \/>\nStation de charge<br \/>\nStation de r\u00e9f\u00e9rence RTK<br \/>\nRallonge RTK (10m)<br \/>\nAdaptateur d&rsquo;alimentation RTK<br \/>\nSupport de montage au sol RTK<\/p>\n<p>Dimensions du colis (LxlxH) : 87 x 59 x 37 cm<br \/>\nPoids du colis : 29,7 kg<\/p>\n<p>Garantie:<br \/>\nRobot tondeuse : 2 ans<br \/>\nBatterie : 2 ans<br \/>\nBorne de recharge : 1 an<br \/>\nPneus, lame et d\u00e9coration : Aucune garantie (consommables)<\/p>\n","protected":false},"featured_media":21421,"comment_status":"open","ping_status":"closed","template":"","meta":[],"product_cat":[293],"product_tag":[],"class_list":{"0":"post-21420","1":"product","2":"type-product","3":"status-publish","4":"has-post-thumbnail","6":"product_brand-luba","7":"product_cat-robot-tondeuse","9":"first","10":"instock","11":"sale","12":"shipping-taxable","13":"purchasable","14":"product-type-simple","15":"col-xs-6 col-sm-4","16":"col-md-3 col-lg-3","17":"un-4-cols"},"yoast_head":"<!-- This site is optimized with the Yoast SEO plugin v27.0 - https:\/\/yoast.com\/product\/yoast-seo-wordpress\/ -->\n<title>LUBA 2 AWD 1000 : Robot Tondeuse sans C\u00e2ble P\u00e9rim\u00e9trique - Eurosdiscounts.com- Achat sur Internet a prix discount, Canap\u00e9s pas cher, Smartphone pas cher, pc portable pas cher..<\/title>\n<meta name=\"description\" content=\"LUBA 2 AWD 1000 : Robot Tondeuse sans C\u00e2ble P\u00e9rim\u00e9trique\" \/>\n<meta name=\"robots\" content=\"index, follow, max-snippet:-1, max-image-preview:large, max-video-preview:-1\" \/>\n<link rel=\"canonical\" href=\"https:\/\/eurosdiscounts.com\/index.php\/produit\/luba-2-awd-1000-robot-tondeuse-sans-cable-perimetrique\/\" \/>\n<meta property=\"og:locale\" content=\"fr_FR\" \/>\n<meta property=\"og:type\" content=\"article\" \/>\n<meta property=\"og:title\" content=\"LUBA 2 AWD 1000 : Robot Tondeuse sans C\u00e2ble P\u00e9rim\u00e9trique - Eurosdiscounts.com- Achat sur Internet a prix discount, Canap\u00e9s pas cher, Smartphone pas cher, pc portable pas cher..\" \/>\n<meta property=\"og:description\" content=\"LUBA 2 AWD 1000 : Robot Tondeuse sans C\u00e2ble P\u00e9rim\u00e9trique\" \/>\n<meta property=\"og:url\" content=\"https:\/\/eurosdiscounts.com\/index.php\/produit\/luba-2-awd-1000-robot-tondeuse-sans-cable-perimetrique\/\" \/>\n<meta property=\"og:site_name\" content=\"Eurosdiscounts.com- Achat sur Internet a prix discount, Canap\u00e9s pas cher, Smartphone pas cher, pc portable pas cher..\" \/>\n<meta property=\"og:image\" content=\"https:\/\/eurosdiscounts.com\/wp-content\/uploads\/2025\/01\/Luba_Time_2024_Best_Invention.webp\" \/>\n\t<meta property=\"og:image:width\" content=\"600\" \/>\n\t<meta property=\"og:image:height\" content=\"600\" \/>\n\t<meta property=\"og:image:type\" content=\"image\/webp\" \/>\n<meta name=\"twitter:card\" content=\"summary_large_image\" \/>\n<meta name=\"twitter:label1\" content=\"Dur\u00e9e de lecture estim\u00e9e\" \/>\n\t<meta name=\"twitter:data1\" content=\"1 minute\" \/>\n<script type=\"application\/ld+json\" class=\"yoast-schema-graph\">{\"@context\":\"https:\/\/schema.org\",\"@graph\":[{\"@type\":\"WebPage\",\"@id\":\"https:\/\/eurosdiscounts.com\/index.php\/produit\/luba-2-awd-1000-robot-tondeuse-sans-cable-perimetrique\/\",\"url\":\"https:\/\/eurosdiscounts.com\/index.php\/produit\/luba-2-awd-1000-robot-tondeuse-sans-cable-perimetrique\/\",\"name\":\"LUBA 2 AWD 1000 : Robot Tondeuse sans C\u00e2ble P\u00e9rim\u00e9trique - Eurosdiscounts.com- Achat sur Internet a prix discount, Canap\u00e9s pas cher, Smartphone pas cher, pc portable pas cher..\",\"isPartOf\":{\"@id\":\"https:\/\/eurosdiscounts.com\/#website\"},\"primaryImageOfPage\":{\"@id\":\"https:\/\/eurosdiscounts.com\/index.php\/produit\/luba-2-awd-1000-robot-tondeuse-sans-cable-perimetrique\/#primaryimage\"},\"image\":{\"@id\":\"https:\/\/eurosdiscounts.com\/index.php\/produit\/luba-2-awd-1000-robot-tondeuse-sans-cable-perimetrique\/#primaryimage\"},\"thumbnailUrl\":\"https:\/\/eurosdiscounts.com\/wp-content\/uploads\/2025\/01\/Luba_Time_2024_Best_Invention.webp\",\"datePublished\":\"2024-12-31T23:28:34+00:00\",\"description\":\"LUBA 2 AWD 1000 : Robot Tondeuse sans C\u00e2ble P\u00e9rim\u00e9trique\",\"breadcrumb\":{\"@id\":\"https:\/\/eurosdiscounts.com\/index.php\/produit\/luba-2-awd-1000-robot-tondeuse-sans-cable-perimetrique\/#breadcrumb\"},\"inLanguage\":\"fr-FR\",\"potentialAction\":[{\"@type\":\"ReadAction\",\"target\":[\"https:\/\/eurosdiscounts.com\/index.php\/produit\/luba-2-awd-1000-robot-tondeuse-sans-cable-perimetrique\/\"]}]},{\"@type\":\"ImageObject\",\"inLanguage\":\"fr-FR\",\"@id\":\"https:\/\/eurosdiscounts.com\/index.php\/produit\/luba-2-awd-1000-robot-tondeuse-sans-cable-perimetrique\/#primaryimage\",\"url\":\"https:\/\/eurosdiscounts.com\/wp-content\/uploads\/2025\/01\/Luba_Time_2024_Best_Invention.webp\",\"contentUrl\":\"https:\/\/eurosdiscounts.com\/wp-content\/uploads\/2025\/01\/Luba_Time_2024_Best_Invention.webp\",\"width\":600,\"height\":600},{\"@type\":\"BreadcrumbList\",\"@id\":\"https:\/\/eurosdiscounts.com\/index.php\/produit\/luba-2-awd-1000-robot-tondeuse-sans-cable-perimetrique\/#breadcrumb\",\"itemListElement\":[{\"@type\":\"ListItem\",\"position\":1,\"name\":\"Accueil\",\"item\":\"https:\/\/eurosdiscounts.com\/\"},{\"@type\":\"ListItem\",\"position\":2,\"name\":\"Boutique\",\"item\":\"https:\/\/eurosdiscounts.com\/index.php\/boutique\/\"},{\"@type\":\"ListItem\",\"position\":3,\"name\":\"LUBA 2 AWD 1000 : Robot Tondeuse sans C\u00e2ble P\u00e9rim\u00e9trique\"}]},{\"@type\":\"WebSite\",\"@id\":\"https:\/\/eurosdiscounts.com\/#website\",\"url\":\"https:\/\/eurosdiscounts.com\/\",\"name\":\"Eurosdiscounts.com- Achat sur Internet a prix discount, Canap\u00e9s pas cher, Smartphone pas cher, pc portable pas cher..\",\"description\":\"Eurosdiscounts.com- Achat sur Internet a prix discount, Canap\u00e9s pas cher, Smartphone pas cher, pc portable pas cher..\",\"potentialAction\":[{\"@type\":\"SearchAction\",\"target\":{\"@type\":\"EntryPoint\",\"urlTemplate\":\"https:\/\/eurosdiscounts.com\/?s={search_term_string}\"},\"query-input\":{\"@type\":\"PropertyValueSpecification\",\"valueRequired\":true,\"valueName\":\"search_term_string\"}}],\"inLanguage\":\"fr-FR\"}]}<\/script>\n<!-- \/ Yoast SEO plugin. -->","yoast_head_json":{"title":"LUBA 2 AWD 1000 : Robot Tondeuse sans C\u00e2ble P\u00e9rim\u00e9trique - Eurosdiscounts.com- Achat sur Internet a prix discount, Canap\u00e9s pas cher, Smartphone pas cher, pc portable pas cher..","description":"LUBA 2 AWD 1000 : Robot Tondeuse sans C\u00e2ble P\u00e9rim\u00e9trique","robots":{"index":"index","follow":"follow","max-snippet":"max-snippet:-1","max-image-preview":"max-image-preview:large","max-video-preview":"max-video-preview:-1"},"canonical":"https:\/\/eurosdiscounts.com\/index.php\/produit\/luba-2-awd-1000-robot-tondeuse-sans-cable-perimetrique\/","og_locale":"fr_FR","og_type":"article","og_title":"LUBA 2 AWD 1000 : Robot Tondeuse sans C\u00e2ble P\u00e9rim\u00e9trique - Eurosdiscounts.com- Achat sur Internet a prix discount, Canap\u00e9s pas cher, Smartphone pas cher, pc portable pas cher..","og_description":"LUBA 2 AWD 1000 : Robot Tondeuse sans C\u00e2ble P\u00e9rim\u00e9trique","og_url":"https:\/\/eurosdiscounts.com\/index.php\/produit\/luba-2-awd-1000-robot-tondeuse-sans-cable-perimetrique\/","og_site_name":"Eurosdiscounts.com- Achat sur Internet a prix discount, Canap\u00e9s pas cher, Smartphone pas cher, pc portable pas cher..","og_image":[{"width":600,"height":600,"url":"https:\/\/eurosdiscounts.com\/wp-content\/uploads\/2025\/01\/Luba_Time_2024_Best_Invention.webp","type":"image\/webp"}],"twitter_card":"summary_large_image","twitter_misc":{"Dur\u00e9e de lecture estim\u00e9e":"1 minute"},"schema":{"@context":"https:\/\/schema.org","@graph":[{"@type":"WebPage","@id":"https:\/\/eurosdiscounts.com\/index.php\/produit\/luba-2-awd-1000-robot-tondeuse-sans-cable-perimetrique\/","url":"https:\/\/eurosdiscounts.com\/index.php\/produit\/luba-2-awd-1000-robot-tondeuse-sans-cable-perimetrique\/","name":"LUBA 2 AWD 1000 : Robot Tondeuse sans C\u00e2ble P\u00e9rim\u00e9trique - Eurosdiscounts.com- Achat sur Internet a prix discount, Canap\u00e9s pas cher, Smartphone pas cher, pc portable pas cher..","isPartOf":{"@id":"https:\/\/eurosdiscounts.com\/#website"},"primaryImageOfPage":{"@id":"https:\/\/eurosdiscounts.com\/index.php\/produit\/luba-2-awd-1000-robot-tondeuse-sans-cable-perimetrique\/#primaryimage"},"image":{"@id":"https:\/\/eurosdiscounts.com\/index.php\/produit\/luba-2-awd-1000-robot-tondeuse-sans-cable-perimetrique\/#primaryimage"},"thumbnailUrl":"https:\/\/eurosdiscounts.com\/wp-content\/uploads\/2025\/01\/Luba_Time_2024_Best_Invention.webp","datePublished":"2024-12-31T23:28:34+00:00","description":"LUBA 2 AWD 1000 : Robot Tondeuse sans C\u00e2ble P\u00e9rim\u00e9trique","breadcrumb":{"@id":"https:\/\/eurosdiscounts.com\/index.php\/produit\/luba-2-awd-1000-robot-tondeuse-sans-cable-perimetrique\/#breadcrumb"},"inLanguage":"fr-FR","potentialAction":[{"@type":"ReadAction","target":["https:\/\/eurosdiscounts.com\/index.php\/produit\/luba-2-awd-1000-robot-tondeuse-sans-cable-perimetrique\/"]}]},{"@type":"ImageObject","inLanguage":"fr-FR","@id":"https:\/\/eurosdiscounts.com\/index.php\/produit\/luba-2-awd-1000-robot-tondeuse-sans-cable-perimetrique\/#primaryimage","url":"https:\/\/eurosdiscounts.com\/wp-content\/uploads\/2025\/01\/Luba_Time_2024_Best_Invention.webp","contentUrl":"https:\/\/eurosdiscounts.com\/wp-content\/uploads\/2025\/01\/Luba_Time_2024_Best_Invention.webp","width":600,"height":600},{"@type":"BreadcrumbList","@id":"https:\/\/eurosdiscounts.com\/index.php\/produit\/luba-2-awd-1000-robot-tondeuse-sans-cable-perimetrique\/#breadcrumb","itemListElement":[{"@type":"ListItem","position":1,"name":"Accueil","item":"https:\/\/eurosdiscounts.com\/"},{"@type":"ListItem","position":2,"name":"Boutique","item":"https:\/\/eurosdiscounts.com\/index.php\/boutique\/"},{"@type":"ListItem","position":3,"name":"LUBA 2 AWD 1000 : Robot Tondeuse sans C\u00e2ble P\u00e9rim\u00e9trique"}]},{"@type":"WebSite","@id":"https:\/\/eurosdiscounts.com\/#website","url":"https:\/\/eurosdiscounts.com\/","name":"Eurosdiscounts.com- Achat sur Internet a prix discount, Canap\u00e9s pas cher, Smartphone pas cher, pc portable pas cher..","description":"Eurosdiscounts.com- Achat sur Internet a prix discount, Canap\u00e9s pas cher, Smartphone pas cher, pc portable pas cher..","potentialAction":[{"@type":"SearchAction","target":{"@type":"EntryPoint","urlTemplate":"https:\/\/eurosdiscounts.com\/?s={search_term_string}"},"query-input":{"@type":"PropertyValueSpecification","valueRequired":true,"valueName":"search_term_string"}}],"inLanguage":"fr-FR"}]}},"_links":{"self":[{"href":"https:\/\/eurosdiscounts.com\/index.php\/wp-json\/wp\/v2\/product\/21420","targetHints":{"allow":["GET"]}}],"collection":[{"href":"https:\/\/eurosdiscounts.com\/index.php\/wp-json\/wp\/v2\/product"}],"about":[{"href":"https:\/\/eurosdiscounts.com\/index.php\/wp-json\/wp\/v2\/types\/product"}],"replies":[{"embeddable":true,"href":"https:\/\/eurosdiscounts.com\/index.php\/wp-json\/wp\/v2\/comments?post=21420"}],"wp:featuredmedia":[{"embeddable":true,"href":"https:\/\/eurosdiscounts.com\/index.php\/wp-json\/wp\/v2\/media\/21421"}],"wp:attachment":[{"href":"https:\/\/eurosdiscounts.com\/index.php\/wp-json\/wp\/v2\/media?parent=21420"}],"wp:term":[{"taxonomy":"product_cat","embeddable":true,"href":"https:\/\/eurosdiscounts.com\/index.php\/wp-json\/wp\/v2\/product_cat?post=21420"},{"taxonomy":"product_tag","embeddable":true,"href":"https:\/\/eurosdiscounts.com\/index.php\/wp-json\/wp\/v2\/product_tag?post=21420"}],"curies":[{"name":"wp","href":"https:\/\/api.w.org\/{rel}","templated":true}]}}