{"id":21165,"date":"2024-07-12T22:40:24","date_gmt":"2024-07-12T20:40:24","guid":{"rendered":"https:\/\/eurosdiscounts.com\/?post_type=product&#038;p=21165"},"modified":"2024-07-12T22:40:24","modified_gmt":"2024-07-12T20:40:24","slug":"lave-linge-hublot-miele-wdb-020","status":"publish","type":"product","link":"https:\/\/eurosdiscounts.com\/index.php\/produit\/lave-linge-hublot-miele-wdb-020\/","title":{"rendered":"Lave-linge hublot MIELE WDB 020"},"content":{"rendered":"<div id=\"product_description\" class=\"product_bloc_aside product_bloc_description anchor\" data-automation-id=\"product_bloc_description\">\n<div class=\"product_bloc_content bloc ombre font-2\">\n<div>Le lave-linge frontal\u00a0\u00a0<b>Miele WDB 020<\/b>\u00a0blanc, est dot\u00e9 d&rsquo;un\u00a0\u00a0<b>tambour Hydrogliss brevet\u00e9<\/b>\u00a0qui assure des r\u00e9sultats de lavage parfaits dans la plus grande douceur, d&rsquo;un\u00a0\u00a0<b>moteur ProfiEco<\/b>\u00a0et de\u00a0\u00a0<b>9 programmes\u00a0<\/b>de lavage pour s&rsquo;adapter \u00e0 tous les textiles.\u00a0\u00a0<b>Ultra basse consommation<\/b>, cette machine \u00e0 laver b\u00e9n\u00e9ficie de la classe \u00e9nerg\u00e9tique\u00a0\u00a0<b>A+++.<\/p>\n<p><\/b><\/p>\n<div><b>Classe \u00e9nerg\u00e9tique A+++<\/b><\/div>\n<div>Cette machine \u00e0 laver \u00e9conome en \u00e9nergie offre jusqu&rsquo;\u00e0\u00a0\u00a0<b>20% d&rsquo;\u00e9conomie\u00a0<\/b>par rapport \u00e0 un appareil de classe A.<\/p>\n<p><b>Moteur silencieux<br \/>\n<\/b>Le moteur\u00a0\u00a0<b>ProfiEco<\/b>\u00a0est\u00a0\u00a0<b>\u00e9conomique et ultra-silencieux<\/b>. Il a besoin de peu d&rsquo;\u00e9nergie et ne s&rsquo;use pas. Pour un lavage efficace et pratique pour de nombreuses ann\u00e9es.<\/p>\n<div><b>Tambour Hydrogliss brevet\u00e9 (59 L)<\/b><\/div>\n<div>La structure en nid d&rsquo;abeille du tambour permet la formation d&rsquo;un coussin d&rsquo;eau protecteur, sur lequel le linge glisse d\u00e9licatement. Fini le boulochage,\u00a0\u00a0<b>vos v\u00eatements gardent un aspect neuf plus longtemps !<\/p>\n<p><\/b><\/p>\n<div><b>Syst\u00e8me Anti-vibrations AVS<\/b><\/div>\n<div>Le syst\u00e8me anti-vibrations AVS et les amortisseurs\u00a0\u00a0<b>absorbent les bruits et garantissent une stabilit\u00e9 extr\u00eame<\/b>\u00a0\u00e0 la machine \u00e0 laver m\u00eame \u00e0 vitesse d&rsquo;essorage \u00e9lev\u00e9e.<\/p>\n<p><strong>CapDosing<br \/>\n<\/strong>Le compl\u00e9ment parfait pour les textiles et utilisations sp\u00e9cifiques. Choisissez vos\u00a0\u00a0<b>capsules unidoses<\/b>\u00a0entre\u00a0\u00a0<b>6 lessives sp\u00e9cifiques<\/b>,\u00a0\u00a0<b>3 adoucissants<\/b>\u00a0et un\u00a0\u00a0<b>agent Booster<\/b>.<\/p>\n<div><strong>Bac \u00e0 produits AutoClean<\/strong><\/div>\n<div>toujours propre gr\u00e2ce \u00e0 son nettoyage automatique \u00e0 forte pression et \u00e0 sa surface anti-adh\u00e9rente.\u00a0 A chaque cycle, l&rsquo;eau de lavage est utilis\u00e9e pour rincer les compartiments \u00e0 produits.<\/p>\n<p><b>D\u00e9part diff\u00e9r\u00e9<br \/>\n<\/b>Economique et avantageux, le d\u00e9part diff\u00e9r\u00e9 vous permet de retarder la mise en route de votre lave-linge. Votre appareil peut ainsi fonctionner en votre absence ou la nuit, afin de profiter de la tarification \u00ab\u00a0heures creuses\u00a0\u00bb.<\/p>\n<div><b>Affichage du temps restant<\/b><\/div>\n<div>Il vous permet de visualiser le temps qu&rsquo;il reste avant que le cycle de lavage se termine.<\/div>\n<p><b>Bandeau droit DirectSensor avec display sensitif et bouton rotatif<\/b><\/p>\n<p><b>S\u00e9curit\u00e9 anti-fuites Watercontrol Plus pour une protection maximale, ouverture de porte hors tension.<\/b><\/div>\n<\/div>\n<\/div>\n<\/div>\n<p><b><br \/>\n<\/b><\/div>\n<\/div>\n<\/div>\n<div id=\"product_brand\" class=\"product_bloc_aside product_bloc_brand anchor\">\n<div class=\"inpage_content_block\"><\/div>\n<\/div>\n","protected":false},"excerpt":{"rendered":"<div>\n<h2 class=\"product_bloc_aside_title font-2\">CARACT\u00c9RISTIQUES<\/h2>\n<\/div>\n<div class=\"product_bloc_content bloc ombre \">\n<table class=\"font-2\">\n<caption class=\"caption_hidden\">Caract\u00e9ristiques<\/caption>\n<tbody>\n<tr class=\"odd\">\n<th scope=\"row\">Capacit\u00e9 de lavage<\/th>\n<td class=\"font-2-b\">\n<ul class=\"characteristics\">\n<li class=\"\">7 kg<\/li>\n<\/ul>\n<\/td>\n<\/tr>\n<tr class=\"\">\n<th scope=\"row\">Niveau sonore<\/th>\n<td class=\"font-2-b\">\n<ul class=\"characteristics\">\n<li class=\"\">50 dB<\/li>\n<\/ul>\n<\/td>\n<\/tr>\n<tr class=\"odd\">\n<th scope=\"row\">Fonctionnalit\u00e9s de l\u2019appareil<\/th>\n<td class=\"font-2-b\">\n<ul class=\"characteristics\">\n<li class=\"\">Affichage du temps restant<\/li>\n<li class=\"\">D\u00e9part diff\u00e9r\u00e9<\/li>\n<\/ul>\n<\/td>\n<\/tr>\n<tr class=\"\">\n<th scope=\"row\">Type de pose<\/th>\n<td class=\"font-2-b\">\n<ul class=\"characteristics\">\n<li class=\"\">Pose libre<\/li>\n<\/ul>\n<\/td>\n<\/tr>\n<tr class=\"odd\">\n<th scope=\"row\">Vitesse d&rsquo;essorage (tours\/min)<\/th>\n<td class=\"font-2-b\">\n<ul class=\"characteristics\">\n<li class=\"\">1400 tr\/min<\/li>\n<\/ul>\n<\/td>\n<\/tr>\n<tr class=\"\">\n<th scope=\"row\">Consommation d&rsquo;eau annuelle<\/th>\n<td class=\"font-2-b\">\n<ul class=\"characteristics\">\n<li class=\"\">10340 l<\/li>\n<\/ul>\n<\/td>\n<\/tr>\n<tr class=\"odd\">\n<th scope=\"row\">Consommation d&rsquo;\u00e9nergie annuelle<\/th>\n<td class=\"font-2-b\">\n<ul class=\"characteristics\">\n<li class=\"\">175 kWh<\/li>\n<\/ul>\n<\/td>\n<\/tr>\n<tr class=\"\">\n<th scope=\"row\">D\u00e9lai(s) de d\u00e9part diff\u00e9r\u00e9<\/th>\n<td class=\"font-2-b\">\n<ul class=\"characteristics\">\n<li class=\"\">De 0 h 30 \u00e0 24 heures<\/li>\n<\/ul>\n<\/td>\n<\/tr>\n<tr class=\"odd\">\n<th scope=\"row\">Programme de lavage<\/th>\n<td class=\"font-2-b\">\n<ul class=\"characteristics\">\n<li class=\"\">Programme chemise; Programme jeans<\/li>\n<\/ul>\n<\/td>\n<\/tr>\n<tr class=\"\">\n<th scope=\"row\">Caract\u00e9ristiques compl\u00e9mentaires<\/th>\n<td class=\"font-2-b\">\n<ul class=\"characteristics\">\n<li class=\"\">Superposition avec un s\u00e8che linge<br \/>\nTop amovible<br \/>\nFormat: Standard<br \/>\nProgrammes sp\u00e9cifiques: Laine, D\u00e9licat, Chemises, V\u00eatements fonc\u00e9s, Outdoor, Imperm\u00e9abilisation.<br \/>\nTouches et voyants: Display sensitif et bouton rotatif.<br \/>\nTop amovible uniquement avec la plaque de recouvrement correspond \u00e0 la r\u00e9f\u00e9rence : UBS W1\/G (codic 4080688)<\/li>\n<\/ul>\n<\/td>\n<\/tr>\n<tr class=\"odd\">\n<th scope=\"row\">S\u00e9curit\u00e9<\/th>\n<td class=\"font-2-b\">\n<ul class=\"characteristics\">\n<li class=\"\">S\u00e9curit\u00e9 anti-fuites Watercontrol pour une protection maximale, Ouverture de porte hors tension.<\/li>\n<\/ul>\n<\/td>\n<\/tr>\n<tr class=\"\">\n<th scope=\"row\">Hauteur<\/th>\n<td class=\"font-2-b\">\n<ul class=\"characteristics\">\n<li class=\"\">85 cm<\/li>\n<\/ul>\n<\/td>\n<\/tr>\n<tr class=\"odd\">\n<th scope=\"row\">Profondeur du produit<\/th>\n<td class=\"font-2-b\">\n<ul class=\"characteristics\">\n<li class=\"\">63,6 cm<\/li>\n<\/ul>\n<\/td>\n<\/tr>\n<tr class=\"\">\n<th scope=\"row\">Largeur<\/th>\n<td class=\"font-2-b\">\n<ul class=\"characteristics\">\n<li class=\"\">59,6 cm<\/li>\n<\/ul>\n<\/td>\n<\/tr>\n<tr class=\"odd\">\n<th scope=\"row\">Pays de fabrication<\/th>\n<td class=\"font-2-b\">\n<ul class=\"characteristics\">\n<li class=\"\">Allemagne<\/li>\n<\/ul>\n<\/td>\n<\/tr>\n<tr class=\"\">\n<th scope=\"row\">Origine de fabrication<\/th>\n<td class=\"font-2-b\">\n<ul class=\"characteristics\">\n<li class=\"\">Fabriqu\u00e9 en Europe<\/li>\n<\/ul>\n<\/td>\n<\/tr>\n<tr class=\"odd\">\n<th scope=\"row\">Disponibilit\u00e9 des pi\u00e8ces d\u00e9tach\u00e9es<\/th>\n<td class=\"font-2-b\">\n<ul class=\"characteristics\">\n<li class=\"\">15 ans<\/li>\n<\/ul>\n<\/td>\n<\/tr>\n<tr class=\"\">\n<th scope=\"row\">Code<\/th>\n<td class=\"font-2-b\">\n<ul class=\"characteristics\">\n<li class=\"\">4294211<\/li>\n<\/ul>\n<\/td>\n<\/tr>\n<\/tbody>\n<\/table>\n<\/div>\n","protected":false},"featured_media":21168,"comment_status":"open","ping_status":"closed","template":"","meta":[],"product_cat":[173],"product_tag":[],"class_list":{"0":"post-21165","1":"product","2":"type-product","3":"status-publish","4":"has-post-thumbnail","6":"product_brand-miele","7":"product_cat-lave-linges","9":"first","10":"instock","11":"sale","12":"shipping-taxable","13":"purchasable","14":"product-type-simple","15":"col-xs-6 col-sm-4","16":"col-md-3 col-lg-3","17":"un-4-cols"},"yoast_head":"<!-- This site is optimized with the Yoast SEO plugin v27.0 - https:\/\/yoast.com\/product\/yoast-seo-wordpress\/ -->\n<title>Lave-linge hublot MIELE WDB 020 - Eurosdiscounts.com- Achat sur Internet a prix discount, Canap\u00e9s pas cher, Smartphone pas cher, pc portable pas cher..<\/title>\n<meta name=\"description\" content=\"Lave-linge hublot MIELE WDB 020\" \/>\n<meta name=\"robots\" content=\"index, follow, max-snippet:-1, max-image-preview:large, max-video-preview:-1\" \/>\n<link rel=\"canonical\" href=\"https:\/\/eurosdiscounts.com\/index.php\/produit\/lave-linge-hublot-miele-wdb-020\/\" \/>\n<meta property=\"og:locale\" content=\"fr_FR\" \/>\n<meta property=\"og:type\" content=\"article\" \/>\n<meta property=\"og:title\" content=\"Lave-linge hublot MIELE WDB 020 - Eurosdiscounts.com- Achat sur Internet a prix discount, Canap\u00e9s pas cher, Smartphone pas cher, pc portable pas cher..\" \/>\n<meta property=\"og:description\" content=\"Lave-linge hublot MIELE WDB 020\" \/>\n<meta property=\"og:url\" content=\"https:\/\/eurosdiscounts.com\/index.php\/produit\/lave-linge-hublot-miele-wdb-020\/\" \/>\n<meta property=\"og:site_name\" content=\"Eurosdiscounts.com- Achat sur Internet a prix discount, Canap\u00e9s pas cher, Smartphone pas cher, pc portable pas cher..\" \/>\n<meta property=\"og:image\" content=\"https:\/\/eurosdiscounts.com\/wp-content\/uploads\/2024\/07\/miele_wdb_020_t1702094294211A_142305004.png\" \/>\n\t<meta property=\"og:image:width\" content=\"300\" \/>\n\t<meta property=\"og:image:height\" content=\"450\" \/>\n\t<meta property=\"og:image:type\" content=\"image\/png\" \/>\n<meta name=\"twitter:card\" content=\"summary_large_image\" \/>\n<meta name=\"twitter:label1\" content=\"Dur\u00e9e de lecture estim\u00e9e\" \/>\n\t<meta name=\"twitter:data1\" content=\"2 minutes\" \/>\n<script type=\"application\/ld+json\" class=\"yoast-schema-graph\">{\"@context\":\"https:\/\/schema.org\",\"@graph\":[{\"@type\":\"WebPage\",\"@id\":\"https:\/\/eurosdiscounts.com\/index.php\/produit\/lave-linge-hublot-miele-wdb-020\/\",\"url\":\"https:\/\/eurosdiscounts.com\/index.php\/produit\/lave-linge-hublot-miele-wdb-020\/\",\"name\":\"Lave-linge hublot MIELE WDB 020 - Eurosdiscounts.com- Achat sur Internet a prix discount, Canap\u00e9s pas cher, Smartphone pas cher, pc portable pas cher..\",\"isPartOf\":{\"@id\":\"https:\/\/eurosdiscounts.com\/#website\"},\"primaryImageOfPage\":{\"@id\":\"https:\/\/eurosdiscounts.com\/index.php\/produit\/lave-linge-hublot-miele-wdb-020\/#primaryimage\"},\"image\":{\"@id\":\"https:\/\/eurosdiscounts.com\/index.php\/produit\/lave-linge-hublot-miele-wdb-020\/#primaryimage\"},\"thumbnailUrl\":\"https:\/\/eurosdiscounts.com\/wp-content\/uploads\/2024\/07\/miele_wdb_020_t1702094294211A_142305004.png\",\"datePublished\":\"2024-07-12T20:40:24+00:00\",\"description\":\"Lave-linge hublot MIELE WDB 020\",\"breadcrumb\":{\"@id\":\"https:\/\/eurosdiscounts.com\/index.php\/produit\/lave-linge-hublot-miele-wdb-020\/#breadcrumb\"},\"inLanguage\":\"fr-FR\",\"potentialAction\":[{\"@type\":\"ReadAction\",\"target\":[\"https:\/\/eurosdiscounts.com\/index.php\/produit\/lave-linge-hublot-miele-wdb-020\/\"]}]},{\"@type\":\"ImageObject\",\"inLanguage\":\"fr-FR\",\"@id\":\"https:\/\/eurosdiscounts.com\/index.php\/produit\/lave-linge-hublot-miele-wdb-020\/#primaryimage\",\"url\":\"https:\/\/eurosdiscounts.com\/wp-content\/uploads\/2024\/07\/miele_wdb_020_t1702094294211A_142305004.png\",\"contentUrl\":\"https:\/\/eurosdiscounts.com\/wp-content\/uploads\/2024\/07\/miele_wdb_020_t1702094294211A_142305004.png\",\"width\":300,\"height\":450},{\"@type\":\"BreadcrumbList\",\"@id\":\"https:\/\/eurosdiscounts.com\/index.php\/produit\/lave-linge-hublot-miele-wdb-020\/#breadcrumb\",\"itemListElement\":[{\"@type\":\"ListItem\",\"position\":1,\"name\":\"Accueil\",\"item\":\"https:\/\/eurosdiscounts.com\/\"},{\"@type\":\"ListItem\",\"position\":2,\"name\":\"Boutique\",\"item\":\"https:\/\/eurosdiscounts.com\/index.php\/boutique\/\"},{\"@type\":\"ListItem\",\"position\":3,\"name\":\"Lave-linge hublot MIELE WDB 020\"}]},{\"@type\":\"WebSite\",\"@id\":\"https:\/\/eurosdiscounts.com\/#website\",\"url\":\"https:\/\/eurosdiscounts.com\/\",\"name\":\"Eurosdiscounts.com- Achat sur Internet a prix discount, Canap\u00e9s pas cher, Smartphone pas cher, pc portable pas cher..\",\"description\":\"Eurosdiscounts.com- Achat sur Internet a prix discount, Canap\u00e9s pas cher, Smartphone pas cher, pc portable pas cher..\",\"potentialAction\":[{\"@type\":\"SearchAction\",\"target\":{\"@type\":\"EntryPoint\",\"urlTemplate\":\"https:\/\/eurosdiscounts.com\/?s={search_term_string}\"},\"query-input\":{\"@type\":\"PropertyValueSpecification\",\"valueRequired\":true,\"valueName\":\"search_term_string\"}}],\"inLanguage\":\"fr-FR\"}]}<\/script>\n<!-- \/ Yoast SEO plugin. -->","yoast_head_json":{"title":"Lave-linge hublot MIELE WDB 020 - Eurosdiscounts.com- Achat sur Internet a prix discount, Canap\u00e9s pas cher, Smartphone pas cher, pc portable pas cher..","description":"Lave-linge hublot MIELE WDB 020","robots":{"index":"index","follow":"follow","max-snippet":"max-snippet:-1","max-image-preview":"max-image-preview:large","max-video-preview":"max-video-preview:-1"},"canonical":"https:\/\/eurosdiscounts.com\/index.php\/produit\/lave-linge-hublot-miele-wdb-020\/","og_locale":"fr_FR","og_type":"article","og_title":"Lave-linge hublot MIELE WDB 020 - Eurosdiscounts.com- Achat sur Internet a prix discount, Canap\u00e9s pas cher, Smartphone pas cher, pc portable pas cher..","og_description":"Lave-linge hublot MIELE WDB 020","og_url":"https:\/\/eurosdiscounts.com\/index.php\/produit\/lave-linge-hublot-miele-wdb-020\/","og_site_name":"Eurosdiscounts.com- Achat sur Internet a prix discount, Canap\u00e9s pas cher, Smartphone pas cher, pc portable pas cher..","og_image":[{"width":300,"height":450,"url":"https:\/\/eurosdiscounts.com\/wp-content\/uploads\/2024\/07\/miele_wdb_020_t1702094294211A_142305004.png","type":"image\/png"}],"twitter_card":"summary_large_image","twitter_misc":{"Dur\u00e9e de lecture estim\u00e9e":"2 minutes"},"schema":{"@context":"https:\/\/schema.org","@graph":[{"@type":"WebPage","@id":"https:\/\/eurosdiscounts.com\/index.php\/produit\/lave-linge-hublot-miele-wdb-020\/","url":"https:\/\/eurosdiscounts.com\/index.php\/produit\/lave-linge-hublot-miele-wdb-020\/","name":"Lave-linge hublot MIELE WDB 020 - Eurosdiscounts.com- Achat sur Internet a prix discount, Canap\u00e9s pas cher, Smartphone pas cher, pc portable pas cher..","isPartOf":{"@id":"https:\/\/eurosdiscounts.com\/#website"},"primaryImageOfPage":{"@id":"https:\/\/eurosdiscounts.com\/index.php\/produit\/lave-linge-hublot-miele-wdb-020\/#primaryimage"},"image":{"@id":"https:\/\/eurosdiscounts.com\/index.php\/produit\/lave-linge-hublot-miele-wdb-020\/#primaryimage"},"thumbnailUrl":"https:\/\/eurosdiscounts.com\/wp-content\/uploads\/2024\/07\/miele_wdb_020_t1702094294211A_142305004.png","datePublished":"2024-07-12T20:40:24+00:00","description":"Lave-linge hublot MIELE WDB 020","breadcrumb":{"@id":"https:\/\/eurosdiscounts.com\/index.php\/produit\/lave-linge-hublot-miele-wdb-020\/#breadcrumb"},"inLanguage":"fr-FR","potentialAction":[{"@type":"ReadAction","target":["https:\/\/eurosdiscounts.com\/index.php\/produit\/lave-linge-hublot-miele-wdb-020\/"]}]},{"@type":"ImageObject","inLanguage":"fr-FR","@id":"https:\/\/eurosdiscounts.com\/index.php\/produit\/lave-linge-hublot-miele-wdb-020\/#primaryimage","url":"https:\/\/eurosdiscounts.com\/wp-content\/uploads\/2024\/07\/miele_wdb_020_t1702094294211A_142305004.png","contentUrl":"https:\/\/eurosdiscounts.com\/wp-content\/uploads\/2024\/07\/miele_wdb_020_t1702094294211A_142305004.png","width":300,"height":450},{"@type":"BreadcrumbList","@id":"https:\/\/eurosdiscounts.com\/index.php\/produit\/lave-linge-hublot-miele-wdb-020\/#breadcrumb","itemListElement":[{"@type":"ListItem","position":1,"name":"Accueil","item":"https:\/\/eurosdiscounts.com\/"},{"@type":"ListItem","position":2,"name":"Boutique","item":"https:\/\/eurosdiscounts.com\/index.php\/boutique\/"},{"@type":"ListItem","position":3,"name":"Lave-linge hublot MIELE WDB 020"}]},{"@type":"WebSite","@id":"https:\/\/eurosdiscounts.com\/#website","url":"https:\/\/eurosdiscounts.com\/","name":"Eurosdiscounts.com- Achat sur Internet a prix discount, Canap\u00e9s pas cher, Smartphone pas cher, pc portable pas cher..","description":"Eurosdiscounts.com- Achat sur Internet a prix discount, Canap\u00e9s pas cher, Smartphone pas cher, pc portable pas cher..","potentialAction":[{"@type":"SearchAction","target":{"@type":"EntryPoint","urlTemplate":"https:\/\/eurosdiscounts.com\/?s={search_term_string}"},"query-input":{"@type":"PropertyValueSpecification","valueRequired":true,"valueName":"search_term_string"}}],"inLanguage":"fr-FR"}]}},"_links":{"self":[{"href":"https:\/\/eurosdiscounts.com\/index.php\/wp-json\/wp\/v2\/product\/21165","targetHints":{"allow":["GET"]}}],"collection":[{"href":"https:\/\/eurosdiscounts.com\/index.php\/wp-json\/wp\/v2\/product"}],"about":[{"href":"https:\/\/eurosdiscounts.com\/index.php\/wp-json\/wp\/v2\/types\/product"}],"replies":[{"embeddable":true,"href":"https:\/\/eurosdiscounts.com\/index.php\/wp-json\/wp\/v2\/comments?post=21165"}],"wp:featuredmedia":[{"embeddable":true,"href":"https:\/\/eurosdiscounts.com\/index.php\/wp-json\/wp\/v2\/media\/21168"}],"wp:attachment":[{"href":"https:\/\/eurosdiscounts.com\/index.php\/wp-json\/wp\/v2\/media?parent=21165"}],"wp:term":[{"taxonomy":"product_cat","embeddable":true,"href":"https:\/\/eurosdiscounts.com\/index.php\/wp-json\/wp\/v2\/product_cat?post=21165"},{"taxonomy":"product_tag","embeddable":true,"href":"https:\/\/eurosdiscounts.com\/index.php\/wp-json\/wp\/v2\/product_tag?post=21165"}],"curies":[{"name":"wp","href":"https:\/\/api.w.org\/{rel}","templated":true}]}}