{"id":21140,"date":"2024-07-12T22:20:00","date_gmt":"2024-07-12T20:20:00","guid":{"rendered":"https:\/\/eurosdiscounts.com\/?post_type=product&#038;p=21140"},"modified":"2024-07-12T22:20:00","modified_gmt":"2024-07-12T20:20:00","slug":"lave-linge-sechant-miele-wti-360-wpm","status":"publish","type":"product","link":"https:\/\/eurosdiscounts.com\/index.php\/produit\/lave-linge-sechant-miele-wti-360-wpm\/","title":{"rendered":"Lave-linge s\u00e9chant MIELE WTI 360 WPM"},"content":{"rendered":"<div id=\"product_description\" class=\"product_bloc_aside product_bloc_description anchor\" data-automation-id=\"product_bloc_description\">\n<div class=\"product_bloc_content bloc ombre font-2\">\n<div class=\"columns\">Le lave-linge s\u00e9chant frontal\u00a0\u00a0<b>Miele WTI 360 WPM<\/b>, d&rsquo;une capacit\u00e9 de\u00a0\u00a0<b>8\u00a0kg en lavage\u00a0<\/b>et\u00a0<b>5 kg en s\u00e9chage<\/b>\u00a0est dot\u00e9 de plus de\u00a0\u00a0<b>20 programmes\u00a0<\/b>dont\u00a0<b>QuickPower Wash &amp; Dry\u00a0<\/b>: laver et s\u00e9cher 4 kg de linge en 2 h 59 min., d&rsquo;une\u00a0\u00a0<b>Fonction AddLoad<\/b>, ajoutez des pi\u00e8ces de linges \u00e0 votre lessive en cours jusqu&rsquo;\u00e0 la fin du cycle et d&rsquo;un\u00a0\u00a0<b>tambour<\/b>\u00a0\u00a0<b>HydroGliss brevet\u00e9<\/b>\u00a0qui assure des r\u00e9sultats de lavage parfaits dans la plus grande douceur.\u00a0\u00a0<b>Ultra basse consommation<\/b>, cette machine \u00e0 laver s\u00e9chante, b\u00e9n\u00e9ficie de la classe \u00e9nerg\u00e9tique\u00a0\u00a0<b>A<\/b>.<\/p>\n<p><b>Connect\u00e9 (Wificonn@t : \u00e9quip\u00e9)<br \/>\n<\/b>Contr\u00f4le \u00e0 distance, statut de la machine \u00e0 laver et assistant de lavage.<\/p>\n<div><b>Tambour HydroGliss brevet\u00e9 (59 L)<\/b><\/div>\n<div>Soin du linge in\u00e9gal\u00e9 : tout en douceur , la structure alv\u00e9ol\u00e9e du Tambour HydroGliss forme un coussin d&rsquo;eau protecteur sur lequel glisse le linge.<\/p>\n<p><b>Fonction AddLoad<\/b><br \/>\nAjoutez du linge \u00e0 votre lessive en cours jusqu&rsquo;\u00e0 la fin du cycle. AddLoad vous permet donc de compl\u00e9ter votre lessive ou d\u2019en retirer une partie juste pour le rin\u00e7age ou l&rsquo;essorage.<\/div>\n<div><strong>CapDosing<\/strong><\/div>\n<div>Le compl\u00e9ment parfait pour les textiles et utilisations sp\u00e9cifiques. Choisissez vos\u00a0\u00a0<b>capsules unidoses<\/b>\u00a0entre\u00a0\u00a0<b>8 lessives sp\u00e9cifiques<\/b>,\u00a0\u00a0<b>3 adoucissants\u00a0<\/b>et un\u00a0\u00a0<b>agent Booster<\/b>.<br \/>\n10 Caps home: 1408372 &#8211; Caps Slikcare: 4610415 &#8211; Caps Collection: 1408364 &#8211; 9 Caps Coccon: 4610458 &#8211; Caps Aqua: 4610466 &#8211; Caps Woolcare:\u00a0 4610385 &#8211; Caps Booster: 4610440 &#8211; Caps Sport: 4610423 &#8211; 9 Caps Nature: 4610393 &#8211; Caps Outdoor: 4610474 &#8211; Caps Nature: 4302320 &#8211; Caps Ultra Dark: 4610431 &#8211; Caps Impra Protect: 4610490 &#8211; Adoucissant Aqua: 1364286 &#8211; Adoucissant Coccon: 1408356 &#8211; Adoucissant Nature: 1408380<\/p>\n<div><b>Syst\u00e8me Anti-vibrations<\/b><\/div>\n<div>Le syst\u00e8me anti-vibrations AVS et les amortisseurs\u00a0\u00a0<b>absorbent les bruits et garantissent une stabilit\u00e9 extr\u00eame<\/b>\u00a0\u00e0 la machine \u00e0 laver m\u00eame \u00e0 vitesse d&rsquo;essorage \u00e9lev\u00e9e.<\/p>\n<div><strong>Bac \u00e0 produits AutoClean<\/strong><\/div>\n<div>Toujours propre gr\u00e2ce \u00e0 son nettoyage automatique \u00e0 forte pression et \u00e0 sa surface anti-adh\u00e9rente.\u00a0 A chaque cycle, l&rsquo;eau de lavage est utilis\u00e9e pour rincer les compartiments \u00e0 produits.<\/p>\n<p><b>D\u00e9part diff\u00e9r\u00e9<br \/>\n<\/b>Economique et avantageux, le d\u00e9part diff\u00e9r\u00e9 vous permet de retarder la mise en route de votre lave-linge de 30 minutes \u00e0 24 heures. Votre appareil peut ainsi fonctionner en votre absence ou la nuit, afin de profiter de la tarification \u00ab\u00a0heures creuses\u00a0\u00bb. Afin de g\u00e9rer au mieux votre temps, cet appareil poss\u00e8de\u00a0<b>l&rsquo;affichage du temps restant<\/b>.<\/p>\n<p><b>S\u00e9curit\u00e9 anti-fuites Watercontrol Plus pour une protection maximale.<\/b><\/p>\n<div><\/div>\n<\/div>\n<\/div>\n<\/div>\n<\/div>\n<\/div>\n<\/div>\n<div id=\"product_brand\" class=\"product_bloc_aside product_bloc_brand anchor\"><\/div>\n<div id=\"product_caracteristics\" class=\"product_bloc_aside product_bloc_caracteristics anchor\" data-automation-id=\"product_table_characteristics\">\n<div id=\"test\"><\/div>\n<\/div>\n","protected":false},"excerpt":{"rendered":"<div>\n<h2 class=\"product_bloc_aside_title font-2\">CARACT\u00c9RISTIQUES<\/h2>\n<\/div>\n<div class=\"product_bloc_content bloc ombre \">\n<table class=\"font-2\">\n<caption class=\"caption_hidden\">Caract\u00e9ristiques<\/caption>\n<tbody>\n<tr class=\"odd\">\n<th scope=\"row\">Fonctionnalit\u00e9s de l\u2019appareil<\/th>\n<td class=\"font-2-b\">\n<ul class=\"characteristics\">\n<li class=\"\">Ecran LCD<\/li>\n<li class=\"\">Fonction vapeur<\/li>\n<li class=\"\">Affichage du temps restant<\/li>\n<li class=\"\">D\u00e9part diff\u00e9r\u00e9<\/li>\n<\/ul>\n<\/td>\n<\/tr>\n<tr class=\"\">\n<th scope=\"row\">Type de pose<\/th>\n<td class=\"font-2-b\">\n<ul class=\"characteristics\">\n<li class=\"\">Pose libre<\/li>\n<\/ul>\n<\/td>\n<\/tr>\n<tr class=\"odd\">\n<th scope=\"row\">Capacit\u00e9 de lavage<\/th>\n<td class=\"font-2-b\">\n<ul class=\"characteristics\">\n<li class=\"\">8 kg<\/li>\n<\/ul>\n<\/td>\n<\/tr>\n<tr class=\"\">\n<th scope=\"row\">Capacit\u00e9 de s\u00e9chage<\/th>\n<td class=\"font-2-b\">\n<ul class=\"characteristics\">\n<li class=\"\">5 kg<\/li>\n<\/ul>\n<\/td>\n<\/tr>\n<tr class=\"odd\">\n<th scope=\"row\">Classe \u00e9nerg\u00e9tique<\/th>\n<td class=\"font-2-b\">\n<ul class=\"characteristics\">\n<li class=\"\">D<\/li>\n<\/ul>\n<\/td>\n<\/tr>\n<tr class=\"\">\n<th scope=\"row\">Qualit\u00e9 d&rsquo;essorage<\/th>\n<td class=\"font-2-b\">\n<ul class=\"characteristics\">\n<li class=\"\">A<\/li>\n<\/ul>\n<\/td>\n<\/tr>\n<tr class=\"odd\">\n<th scope=\"row\">Classe \u00e9nerg\u00e9tique &#8211; lavage<\/th>\n<td class=\"font-2-b\">\n<ul class=\"characteristics\">\n<li class=\"\">A<\/li>\n<\/ul>\n<\/td>\n<\/tr>\n<tr class=\"\">\n<th scope=\"row\">Cat\u00e9gorie de niveau sonore<\/th>\n<td class=\"font-2-b\">\n<ul class=\"characteristics\">\n<li class=\"\">A<\/li>\n<\/ul>\n<\/td>\n<\/tr>\n<tr class=\"odd\">\n<th scope=\"row\">Consommation d&rsquo;\u00e9nergie sur 100 cycles &#8211; lavage<\/th>\n<td class=\"font-2-b\">\n<ul class=\"characteristics\">\n<li class=\"\">46 kWh<\/li>\n<\/ul>\n<\/td>\n<\/tr>\n<tr class=\"\">\n<th scope=\"row\">Consommation d&rsquo;\u00e9nergie sur 100 cycles &#8211; lavage et s\u00e9chage<\/th>\n<td class=\"font-2-b\">\n<ul class=\"characteristics\">\n<li class=\"\">308 kWh<\/li>\n<\/ul>\n<\/td>\n<\/tr>\n<tr class=\"odd\">\n<th scope=\"row\">Consommation d&rsquo;eau sur 1 cycle \u00e9co &#8211; lavage<\/th>\n<td class=\"font-2-b\">\n<ul class=\"characteristics\">\n<li class=\"\">47 L<\/li>\n<\/ul>\n<\/td>\n<\/tr>\n<tr class=\"\">\n<th scope=\"row\">Consommation d&rsquo;eau par cycle<\/th>\n<td class=\"font-2-b\">\n<ul class=\"characteristics\">\n<li class=\"\">69 l<\/li>\n<\/ul>\n<\/td>\n<\/tr>\n<tr class=\"odd\">\n<th scope=\"row\">Niveau sonore<\/th>\n<td class=\"font-2-b\">\n<ul class=\"characteristics\">\n<li class=\"\">69 dB<\/li>\n<\/ul>\n<\/td>\n<\/tr>\n<tr class=\"\">\n<th scope=\"row\">Dur\u00e9e du programme \u00e9co &#8211; lavage et s\u00e9chage<\/th>\n<td class=\"font-2-b\">\n<ul class=\"characteristics\">\n<li class=\"\">389 min<\/li>\n<\/ul>\n<\/td>\n<\/tr>\n<tr class=\"odd\">\n<th scope=\"row\">Dur\u00e9e du programme \u00e9co &#8211; lavage<\/th>\n<td class=\"font-2-b\">\n<ul class=\"characteristics\">\n<li class=\"\">219 min<\/li>\n<\/ul>\n<\/td>\n<\/tr>\n<tr class=\"\">\n<th scope=\"row\">Vitesse d&rsquo;essorage (tours\/min)<\/th>\n<td class=\"font-2-b\">\n<ul class=\"characteristics\">\n<li class=\"\">1600 tr\/min<\/li>\n<\/ul>\n<\/td>\n<\/tr>\n<tr class=\"odd\">\n<th scope=\"row\">Dosage automatique<\/th>\n<td class=\"font-2-b\">\n<ul class=\"characteristics\">\n<li class=\"\">Non<\/li>\n<\/ul>\n<\/td>\n<\/tr>\n<tr class=\"\">\n<th scope=\"row\">Connect\u00e9<\/th>\n<td class=\"font-2-b\">\n<ul class=\"characteristics\">\n<li class=\"\">Non<\/li>\n<\/ul>\n<\/td>\n<\/tr>\n<tr class=\"odd\">\n<th scope=\"row\">Poids<\/th>\n<td class=\"font-2-b\">\n<ul class=\"characteristics\">\n<li class=\"\">94 kg<\/li>\n<\/ul>\n<\/td>\n<\/tr>\n<tr class=\"\">\n<th scope=\"row\">Hauteur<\/th>\n<td class=\"font-2-b\">\n<ul class=\"characteristics\">\n<li class=\"\">85 cm<\/li>\n<\/ul>\n<\/td>\n<\/tr>\n<tr class=\"odd\">\n<th scope=\"row\">Largeur<\/th>\n<td class=\"font-2-b\">\n<ul class=\"characteristics\">\n<li class=\"\">59,6 cm<\/li>\n<\/ul>\n<\/td>\n<\/tr>\n<tr class=\"\">\n<th scope=\"row\">Profondeur du produit<\/th>\n<td class=\"font-2-b\">\n<ul class=\"characteristics\">\n<li class=\"\">63,7 cm<\/li>\n<\/ul>\n<\/td>\n<\/tr>\n<tr class=\"odd\">\n<th scope=\"row\">Type de s\u00e9chage<\/th>\n<td class=\"font-2-b\">\n<ul class=\"characteristics\">\n<li class=\"\">Condensation<\/li>\n<\/ul>\n<\/td>\n<\/tr>\n<tr class=\"\">\n<th scope=\"row\">D\u00e9lai(s) de d\u00e9part diff\u00e9r\u00e9<\/th>\n<td class=\"font-2-b\">\n<ul class=\"characteristics\">\n<li class=\"\">De 30 min \u00e0 24 heures<\/li>\n<\/ul>\n<\/td>\n<\/tr>\n<tr class=\"odd\">\n<th scope=\"row\">Bandeau de commande<\/th>\n<td class=\"font-2-b\">\n<ul class=\"characteristics\">\n<li class=\"\">Bandeau Droit<\/li>\n<\/ul>\n<\/td>\n<\/tr>\n<tr class=\"\">\n<th scope=\"row\">Programme de lavage<\/th>\n<td class=\"font-2-b\">\n<ul class=\"characteristics\">\n<li class=\"\">Plus de 20 programmes<\/li>\n<\/ul>\n<\/td>\n<\/tr>\n<tr class=\"odd\">\n<th scope=\"row\">Programme de s\u00e9chage<\/th>\n<td class=\"font-2-b\">\n<ul class=\"characteristics\">\n<li class=\"\">Plus de 20 programmes dont QuickPower Wash&amp;Dry (laver et s\u00e9cher 4 kg de linge en 2 h 59 min)<\/li>\n<\/ul>\n<\/td>\n<\/tr>\n<tr class=\"\">\n<th scope=\"row\">Type de moteur<\/th>\n<td class=\"font-2-b\">\n<ul class=\"characteristics\">\n<li class=\"\">Induction ProfiEco<\/li>\n<\/ul>\n<\/td>\n<\/tr>\n<tr class=\"odd\">\n<th scope=\"row\">Avantages produits<\/th>\n<td class=\"font-2-b\">\n<ul class=\"characteristics\">\n<li class=\"\">G\u00e9n\u00e9rateur vapeur SteamCare : rafra\u00eechir, finish vapeur, d\u00e9froissage vapeur<\/li>\n<\/ul>\n<\/td>\n<\/tr>\n<tr class=\"\">\n<th scope=\"row\">Caract\u00e9ristiques compl\u00e9mentaires<\/th>\n<td class=\"font-2-b\">\n<ul class=\"characteristics\">\n<li class=\"\">Eclairage PowerLED du tambour &#8211; Sans entretien avec le programme rin\u00e7age conduits &#8211; Top amovible<\/li>\n<\/ul>\n<\/td>\n<\/tr>\n<tr class=\"odd\">\n<th scope=\"row\">Co\u00fbt estim\u00e9 d&rsquo;utilisation sur 100 cycles<\/th>\n<td class=\"font-2-b\">\n<ul class=\"characteristics\">\n<li class=\"\">67,69 Euros<\/li>\n<\/ul>\n<\/td>\n<\/tr>\n<tr class=\"\">\n<th scope=\"row\">Couleur<\/th>\n<td class=\"font-2-b\">\n<ul class=\"characteristics\">\n<li class=\"\">Blanc<\/li>\n<\/ul>\n<\/td>\n<\/tr>\n<tr class=\"odd\">\n<th scope=\"row\">S\u00e9curit\u00e9<\/th>\n<td class=\"font-2-b\">\n<ul class=\"characteristics\">\n<li class=\"\">S\u00e9curit\u00e9 anti-fuites Watercontrol Plus, S\u00e9curit\u00e9 enfants<\/li>\n<\/ul>\n<\/td>\n<\/tr>\n<tr class=\"\">\n<th scope=\"row\">Garantie d&rsquo;origine<\/th>\n<td class=\"font-2-b\">\n<ul class=\"characteristics\">\n<li class=\"\">2 ans<\/li>\n<\/ul>\n<\/td>\n<\/tr>\n<tr class=\"odd\">\n<th scope=\"row\">Pays de fabrication<\/th>\n<td class=\"font-2-b\">\n<ul class=\"characteristics\">\n<li class=\"\">Allemagne<\/li>\n<\/ul>\n<\/td>\n<\/tr>\n<tr class=\"\">\n<th scope=\"row\">Origine de fabrication<\/th>\n<td class=\"font-2-b\">\n<ul class=\"characteristics\">\n<li class=\"\">Fabriqu\u00e9 en Europe<\/li>\n<\/ul>\n<\/td>\n<\/tr>\n<tr class=\"odd\">\n<th scope=\"row\">Disponibilit\u00e9 des pi\u00e8ces d\u00e9tach\u00e9es<\/th>\n<td class=\"font-2-b\">\n<ul class=\"characteristics\">\n<li class=\"\">15 ans<\/li>\n<\/ul>\n<\/td>\n<\/tr>\n<tr class=\"\">\n<th scope=\"row\">Code<\/th>\n<td class=\"font-2-b\">\n<ul class=\"characteristics\">\n<li class=\"\">4887832<\/li>\n<\/ul>\n<\/td>\n<\/tr>\n<\/tbody>\n<\/table>\n<\/div>\n","protected":false},"featured_media":21146,"comment_status":"open","ping_status":"closed","template":"","meta":[],"product_cat":[173],"product_tag":[],"class_list":{"0":"post-21140","1":"product","2":"type-product","3":"status-publish","4":"has-post-thumbnail","6":"product_brand-miele","7":"product_cat-lave-linges","9":"first","10":"instock","11":"sale","12":"shipping-taxable","13":"purchasable","14":"product-type-simple","15":"col-xs-6 col-sm-4","16":"col-md-3 col-lg-3","17":"un-4-cols"},"yoast_head":"<!-- This site is optimized with the Yoast SEO plugin v27.0 - https:\/\/yoast.com\/product\/yoast-seo-wordpress\/ -->\n<title>Lave-linge s\u00e9chant MIELE WTI 360 WPM - Eurosdiscounts.com- Achat sur Internet a prix discount, Canap\u00e9s pas cher, Smartphone pas cher, pc portable pas cher..<\/title>\n<meta name=\"description\" content=\"Lave-linge s\u00e9chant MIELE WTI 360 WPM\" \/>\n<meta name=\"robots\" content=\"index, follow, max-snippet:-1, max-image-preview:large, max-video-preview:-1\" \/>\n<link rel=\"canonical\" href=\"https:\/\/eurosdiscounts.com\/index.php\/produit\/lave-linge-sechant-miele-wti-360-wpm\/\" \/>\n<meta property=\"og:locale\" content=\"fr_FR\" \/>\n<meta property=\"og:type\" content=\"article\" \/>\n<meta property=\"og:title\" content=\"Lave-linge s\u00e9chant MIELE WTI 360 WPM - Eurosdiscounts.com- Achat sur Internet a prix discount, Canap\u00e9s pas cher, Smartphone pas cher, pc portable pas cher..\" \/>\n<meta property=\"og:description\" content=\"Lave-linge s\u00e9chant MIELE WTI 360 WPM\" \/>\n<meta property=\"og:url\" content=\"https:\/\/eurosdiscounts.com\/index.php\/produit\/lave-linge-sechant-miele-wti-360-wpm\/\" \/>\n<meta property=\"og:site_name\" content=\"Eurosdiscounts.com- Achat sur Internet a prix discount, Canap\u00e9s pas cher, Smartphone pas cher, pc portable pas cher..\" \/>\n<meta property=\"og:image\" content=\"https:\/\/eurosdiscounts.com\/wp-content\/uploads\/2024\/07\/miele_wti_360_wpm_t2009284887832A_165839117.png\" \/>\n\t<meta property=\"og:image:width\" content=\"300\" \/>\n\t<meta property=\"og:image:height\" content=\"450\" \/>\n\t<meta property=\"og:image:type\" content=\"image\/png\" \/>\n<meta name=\"twitter:card\" content=\"summary_large_image\" \/>\n<meta name=\"twitter:label1\" content=\"Dur\u00e9e de lecture estim\u00e9e\" \/>\n\t<meta name=\"twitter:data1\" content=\"3 minutes\" \/>\n<script type=\"application\/ld+json\" class=\"yoast-schema-graph\">{\"@context\":\"https:\/\/schema.org\",\"@graph\":[{\"@type\":\"WebPage\",\"@id\":\"https:\/\/eurosdiscounts.com\/index.php\/produit\/lave-linge-sechant-miele-wti-360-wpm\/\",\"url\":\"https:\/\/eurosdiscounts.com\/index.php\/produit\/lave-linge-sechant-miele-wti-360-wpm\/\",\"name\":\"Lave-linge s\u00e9chant MIELE WTI 360 WPM - Eurosdiscounts.com- Achat sur Internet a prix discount, Canap\u00e9s pas cher, Smartphone pas cher, pc portable pas cher..\",\"isPartOf\":{\"@id\":\"https:\/\/eurosdiscounts.com\/#website\"},\"primaryImageOfPage\":{\"@id\":\"https:\/\/eurosdiscounts.com\/index.php\/produit\/lave-linge-sechant-miele-wti-360-wpm\/#primaryimage\"},\"image\":{\"@id\":\"https:\/\/eurosdiscounts.com\/index.php\/produit\/lave-linge-sechant-miele-wti-360-wpm\/#primaryimage\"},\"thumbnailUrl\":\"https:\/\/eurosdiscounts.com\/wp-content\/uploads\/2024\/07\/miele_wti_360_wpm_t2009284887832A_165839117.png\",\"datePublished\":\"2024-07-12T20:20:00+00:00\",\"description\":\"Lave-linge s\u00e9chant MIELE WTI 360 WPM\",\"breadcrumb\":{\"@id\":\"https:\/\/eurosdiscounts.com\/index.php\/produit\/lave-linge-sechant-miele-wti-360-wpm\/#breadcrumb\"},\"inLanguage\":\"fr-FR\",\"potentialAction\":[{\"@type\":\"ReadAction\",\"target\":[\"https:\/\/eurosdiscounts.com\/index.php\/produit\/lave-linge-sechant-miele-wti-360-wpm\/\"]}]},{\"@type\":\"ImageObject\",\"inLanguage\":\"fr-FR\",\"@id\":\"https:\/\/eurosdiscounts.com\/index.php\/produit\/lave-linge-sechant-miele-wti-360-wpm\/#primaryimage\",\"url\":\"https:\/\/eurosdiscounts.com\/wp-content\/uploads\/2024\/07\/miele_wti_360_wpm_t2009284887832A_165839117.png\",\"contentUrl\":\"https:\/\/eurosdiscounts.com\/wp-content\/uploads\/2024\/07\/miele_wti_360_wpm_t2009284887832A_165839117.png\",\"width\":300,\"height\":450},{\"@type\":\"BreadcrumbList\",\"@id\":\"https:\/\/eurosdiscounts.com\/index.php\/produit\/lave-linge-sechant-miele-wti-360-wpm\/#breadcrumb\",\"itemListElement\":[{\"@type\":\"ListItem\",\"position\":1,\"name\":\"Accueil\",\"item\":\"https:\/\/eurosdiscounts.com\/\"},{\"@type\":\"ListItem\",\"position\":2,\"name\":\"Boutique\",\"item\":\"https:\/\/eurosdiscounts.com\/index.php\/boutique\/\"},{\"@type\":\"ListItem\",\"position\":3,\"name\":\"Lave-linge s\u00e9chant MIELE WTI 360 WPM\"}]},{\"@type\":\"WebSite\",\"@id\":\"https:\/\/eurosdiscounts.com\/#website\",\"url\":\"https:\/\/eurosdiscounts.com\/\",\"name\":\"Eurosdiscounts.com- Achat sur Internet a prix discount, Canap\u00e9s pas cher, Smartphone pas cher, pc portable pas cher..\",\"description\":\"Eurosdiscounts.com- Achat sur Internet a prix discount, Canap\u00e9s pas cher, Smartphone pas cher, pc portable pas cher..\",\"potentialAction\":[{\"@type\":\"SearchAction\",\"target\":{\"@type\":\"EntryPoint\",\"urlTemplate\":\"https:\/\/eurosdiscounts.com\/?s={search_term_string}\"},\"query-input\":{\"@type\":\"PropertyValueSpecification\",\"valueRequired\":true,\"valueName\":\"search_term_string\"}}],\"inLanguage\":\"fr-FR\"}]}<\/script>\n<!-- \/ Yoast SEO plugin. -->","yoast_head_json":{"title":"Lave-linge s\u00e9chant MIELE WTI 360 WPM - Eurosdiscounts.com- Achat sur Internet a prix discount, Canap\u00e9s pas cher, Smartphone pas cher, pc portable pas cher..","description":"Lave-linge s\u00e9chant MIELE WTI 360 WPM","robots":{"index":"index","follow":"follow","max-snippet":"max-snippet:-1","max-image-preview":"max-image-preview:large","max-video-preview":"max-video-preview:-1"},"canonical":"https:\/\/eurosdiscounts.com\/index.php\/produit\/lave-linge-sechant-miele-wti-360-wpm\/","og_locale":"fr_FR","og_type":"article","og_title":"Lave-linge s\u00e9chant MIELE WTI 360 WPM - Eurosdiscounts.com- Achat sur Internet a prix discount, Canap\u00e9s pas cher, Smartphone pas cher, pc portable pas cher..","og_description":"Lave-linge s\u00e9chant MIELE WTI 360 WPM","og_url":"https:\/\/eurosdiscounts.com\/index.php\/produit\/lave-linge-sechant-miele-wti-360-wpm\/","og_site_name":"Eurosdiscounts.com- Achat sur Internet a prix discount, Canap\u00e9s pas cher, Smartphone pas cher, pc portable pas cher..","og_image":[{"width":300,"height":450,"url":"https:\/\/eurosdiscounts.com\/wp-content\/uploads\/2024\/07\/miele_wti_360_wpm_t2009284887832A_165839117.png","type":"image\/png"}],"twitter_card":"summary_large_image","twitter_misc":{"Dur\u00e9e de lecture estim\u00e9e":"3 minutes"},"schema":{"@context":"https:\/\/schema.org","@graph":[{"@type":"WebPage","@id":"https:\/\/eurosdiscounts.com\/index.php\/produit\/lave-linge-sechant-miele-wti-360-wpm\/","url":"https:\/\/eurosdiscounts.com\/index.php\/produit\/lave-linge-sechant-miele-wti-360-wpm\/","name":"Lave-linge s\u00e9chant MIELE WTI 360 WPM - Eurosdiscounts.com- Achat sur Internet a prix discount, Canap\u00e9s pas cher, Smartphone pas cher, pc portable pas cher..","isPartOf":{"@id":"https:\/\/eurosdiscounts.com\/#website"},"primaryImageOfPage":{"@id":"https:\/\/eurosdiscounts.com\/index.php\/produit\/lave-linge-sechant-miele-wti-360-wpm\/#primaryimage"},"image":{"@id":"https:\/\/eurosdiscounts.com\/index.php\/produit\/lave-linge-sechant-miele-wti-360-wpm\/#primaryimage"},"thumbnailUrl":"https:\/\/eurosdiscounts.com\/wp-content\/uploads\/2024\/07\/miele_wti_360_wpm_t2009284887832A_165839117.png","datePublished":"2024-07-12T20:20:00+00:00","description":"Lave-linge s\u00e9chant MIELE WTI 360 WPM","breadcrumb":{"@id":"https:\/\/eurosdiscounts.com\/index.php\/produit\/lave-linge-sechant-miele-wti-360-wpm\/#breadcrumb"},"inLanguage":"fr-FR","potentialAction":[{"@type":"ReadAction","target":["https:\/\/eurosdiscounts.com\/index.php\/produit\/lave-linge-sechant-miele-wti-360-wpm\/"]}]},{"@type":"ImageObject","inLanguage":"fr-FR","@id":"https:\/\/eurosdiscounts.com\/index.php\/produit\/lave-linge-sechant-miele-wti-360-wpm\/#primaryimage","url":"https:\/\/eurosdiscounts.com\/wp-content\/uploads\/2024\/07\/miele_wti_360_wpm_t2009284887832A_165839117.png","contentUrl":"https:\/\/eurosdiscounts.com\/wp-content\/uploads\/2024\/07\/miele_wti_360_wpm_t2009284887832A_165839117.png","width":300,"height":450},{"@type":"BreadcrumbList","@id":"https:\/\/eurosdiscounts.com\/index.php\/produit\/lave-linge-sechant-miele-wti-360-wpm\/#breadcrumb","itemListElement":[{"@type":"ListItem","position":1,"name":"Accueil","item":"https:\/\/eurosdiscounts.com\/"},{"@type":"ListItem","position":2,"name":"Boutique","item":"https:\/\/eurosdiscounts.com\/index.php\/boutique\/"},{"@type":"ListItem","position":3,"name":"Lave-linge s\u00e9chant MIELE WTI 360 WPM"}]},{"@type":"WebSite","@id":"https:\/\/eurosdiscounts.com\/#website","url":"https:\/\/eurosdiscounts.com\/","name":"Eurosdiscounts.com- Achat sur Internet a prix discount, Canap\u00e9s pas cher, Smartphone pas cher, pc portable pas cher..","description":"Eurosdiscounts.com- Achat sur Internet a prix discount, Canap\u00e9s pas cher, Smartphone pas cher, pc portable pas cher..","potentialAction":[{"@type":"SearchAction","target":{"@type":"EntryPoint","urlTemplate":"https:\/\/eurosdiscounts.com\/?s={search_term_string}"},"query-input":{"@type":"PropertyValueSpecification","valueRequired":true,"valueName":"search_term_string"}}],"inLanguage":"fr-FR"}]}},"_links":{"self":[{"href":"https:\/\/eurosdiscounts.com\/index.php\/wp-json\/wp\/v2\/product\/21140","targetHints":{"allow":["GET"]}}],"collection":[{"href":"https:\/\/eurosdiscounts.com\/index.php\/wp-json\/wp\/v2\/product"}],"about":[{"href":"https:\/\/eurosdiscounts.com\/index.php\/wp-json\/wp\/v2\/types\/product"}],"replies":[{"embeddable":true,"href":"https:\/\/eurosdiscounts.com\/index.php\/wp-json\/wp\/v2\/comments?post=21140"}],"wp:featuredmedia":[{"embeddable":true,"href":"https:\/\/eurosdiscounts.com\/index.php\/wp-json\/wp\/v2\/media\/21146"}],"wp:attachment":[{"href":"https:\/\/eurosdiscounts.com\/index.php\/wp-json\/wp\/v2\/media?parent=21140"}],"wp:term":[{"taxonomy":"product_cat","embeddable":true,"href":"https:\/\/eurosdiscounts.com\/index.php\/wp-json\/wp\/v2\/product_cat?post=21140"},{"taxonomy":"product_tag","embeddable":true,"href":"https:\/\/eurosdiscounts.com\/index.php\/wp-json\/wp\/v2\/product_tag?post=21140"}],"curies":[{"name":"wp","href":"https:\/\/api.w.org\/{rel}","templated":true}]}}