{"id":21088,"date":"2024-07-12T10:09:26","date_gmt":"2024-07-12T08:09:26","guid":{"rendered":"https:\/\/eurosdiscounts.com\/?post_type=product&#038;p=21088"},"modified":"2024-07-12T10:09:26","modified_gmt":"2024-07-12T08:09:26","slug":"lave-linge-hublot-miele-wci-960-twindos","status":"publish","type":"product","link":"https:\/\/eurosdiscounts.com\/index.php\/produit\/lave-linge-hublot-miele-wci-960-twindos\/","title":{"rendered":"Lave-linge hublot MIELE WCI 960 TWINDOS"},"content":{"rendered":"<div id=\"product_description\" class=\"product_bloc_aside product_bloc_description anchor\" data-automation-id=\"product_bloc_description\">\n<div class=\"product_bloc_content bloc ombre font-2\">\n<div class=\"columns\">Le\u00a0lave-linge\u00a0\u00a0<b>frontal Miele WCI 960\u00a0<\/b>blanc avec porte chrome, est dot\u00e9 d&rsquo;une capacit\u00e9 de lavage de\u00a0<b>\u00a09 kg, 22 programmes\u00a0<\/b>pour s&rsquo;adapter \u00e0 tous les textiles, d&rsquo;un\u00a0<b>syst\u00e8me TwinDos<\/b>\u00a0dosage automatique, d&rsquo;un\u00a0<b>Tambour HydroGliss<\/b>\u00a0pour un soin in\u00e9gal\u00e9 et d&rsquo;un\u00a0\u00a0<b>syst\u00e8me Anti-Vibrations.<\/p>\n<p>Connect\u00e9 (Wificonn@t : \u00e9quip\u00e9)<br \/>\nContr\u00f4le \u00e0 distance, statut de la machine \u00e0 laver et assistant de lavage.<\/p>\n<p>Syst\u00e8me TwinDos<br \/>\n<\/b><\/p>\n<div>Syst\u00e8me exclusif de dosage automatique. Avec la lessive liquide UltraPhase 1 et 2, obtenez une efficacit\u00e9 renforc\u00e9e sur le blanc et la couleur tout en \u00e9conomisant jusqu&rsquo;\u00e0 30% de lessive.<br \/>\nCartouche Twindos Care : 4732820 &#8211; Ultraphase 1 : 4637038 &amp; 1408399 Ultraphase 2 : 4637860 &amp; 1408402<\/div>\n<div>\n<b>Syst\u00e8me PowerWash<\/b><br \/>\nUne propret\u00e9 irr\u00e9prochable en 49 minutes digne d&rsquo;un programme classique de 2 heures gr\u00e2ce \u00e0\u00a0<b>QuickPowerWash<\/b>.<\/div>\n<div><\/div>\n<div><b>Tambour Hydrogliss + brevet\u00e9 (64 L)<\/b><\/div>\n<div>La structure en nid d&rsquo;abeille du tambour permet la formation d&rsquo;un coussin d&rsquo;eau protecteur, sur lequel le linge glisse d\u00e9licatement. Fini le boulochage,\u00a0\u00a0<b>vos v\u00eatements gardent un aspect neuf plus longtemps !\u00a0<\/b><\/div>\n<p><b><br \/>\n<strong>CapDosing<br \/>\n<\/strong>Le compl\u00e9ment parfait pour les textiles et utilisations sp\u00e9cifiques. Choisissez vos\u00a0capsules unidoses\u00a0entre\u00a06 lessives sp\u00e9cifiques,\u00a03 adoucissants\u00a0et un\u00a0agent Booster.<br \/>\n10 Caps home: 1408372 &#8211; Caps Slikcare: 4610415 &#8211; Caps Collection: 1408364 &#8211; 9 Caps Coccon: 4610458 &#8211; Caps Aqua: 4610466 &#8211; Caps Woolcare:\u00a0 4610385 &#8211; Caps Booster: 4610440 &#8211; Caps Sport: 4610423 &#8211; 9 Caps Nature: 4610393 &#8211; Caps Outdoor: 4610474 &#8211; Caps Nature: 4302320 &#8211; Caps Ultra Dark: 4610431 &#8211; Caps Impra Protect: 4610490 &#8211; Adoucissant Aqua: 1364286 &#8211; Adoucissant Coccon: 1408356 &#8211; Adoucissant Nature: 1408380<\/p>\n<p>Syst\u00e8me Anti-vibrations<br \/>\nLe syst\u00e8me anti-vibrations et les amortisseurs absorbent les bruits et\u00a0garantissent une stabilit\u00e9 extr\u00eame\u00a0\u00e0 la machine \u00e0 laver m\u00eame \u00e0 vitesse d&rsquo;essorage \u00e9lev\u00e9e.<\/p>\n<p><\/b><\/p>\n<div><strong>Bac \u00e0 produits AutoClean<\/strong><\/div>\n<div>Toujours propre gr\u00e2ce \u00e0 son nettoyage automatique \u00e0 forte pression et \u00e0 sa surface anti-adh\u00e9rente. A chaque cycle, l&rsquo;eau de lavage est utilis\u00e9e pour rincer les compartiments \u00e0 produits.<\/div>\n<p><b><br \/>\nD\u00e9part diff\u00e9r\u00e9<br \/>\nEconomique et avantageux, le d\u00e9part diff\u00e9r\u00e9 vous permet de retarder la mise en route de votre lave-linge. Votre appareil peut ainsi fonctionner en votre absence ou la nuit, afin de profiter de la tarification \u00ab\u00a0heures creuses\u00a0\u00bb.<\/p>\n<p><\/b><\/p>\n<div><b>Affichage du temps restant<\/b><\/div>\n<div>Il vous permet de visualiser le temps qu&rsquo;il reste avant que le cycle de lavage se termine.<\/p>\n<p>Machine d\u00e9topable. T\u00f4le compatible : UBS W1-G (codic :\u00a0\u00a04080688 )<\/p><\/div>\n<\/div>\n<\/div>\n<\/div>\n<div id=\"product_brand\" class=\"product_bloc_aside product_bloc_brand anchor\">\n<div class=\"inpage_content_block\"><\/div>\n<\/div>\n","protected":false},"excerpt":{"rendered":"<div>\n<h2 class=\"product_bloc_aside_title font-2\">CARACT\u00c9RISTIQUES<\/h2>\n<\/div>\n<div class=\"product_bloc_content bloc ombre product_bloc_caracteristics_odd\">\n<table class=\"font-2\">\n<caption class=\"caption_hidden\">Caract\u00e9ristiques<\/caption>\n<tbody>\n<tr class=\"odd\">\n<th scope=\"row\">Classe \u00e9nerg\u00e9tique<\/th>\n<td class=\"font-2-b\">\n<ul class=\"characteristics\">\n<li class=\"\">A<\/li>\n<\/ul>\n<\/td>\n<\/tr>\n<tr class=\"\">\n<th scope=\"row\">Consommation d&rsquo;\u00e9nergie sur 100 cycles &#8211; lavage<\/th>\n<td class=\"font-2-b\">\n<ul class=\"characteristics\">\n<li class=\"\">50 kWh<\/li>\n<\/ul>\n<\/td>\n<\/tr>\n<tr class=\"odd\">\n<th scope=\"row\">Capacit\u00e9 de lavage<\/th>\n<td class=\"font-2-b\">\n<ul class=\"characteristics\">\n<li class=\"\">9 kg<\/li>\n<\/ul>\n<\/td>\n<\/tr>\n<tr class=\"\">\n<th scope=\"row\">Dur\u00e9e du programme \u00e9co &#8211; lavage<\/th>\n<td class=\"font-2-b\">\n<ul class=\"characteristics\">\n<li class=\"\">199 min<\/li>\n<\/ul>\n<\/td>\n<\/tr>\n<tr class=\"odd\">\n<th scope=\"row\">Consommation d&rsquo;eau par cycle<\/th>\n<td class=\"font-2-b\">\n<ul class=\"characteristics\">\n<li class=\"\">48 l<\/li>\n<\/ul>\n<\/td>\n<\/tr>\n<tr class=\"\">\n<th scope=\"row\">Cat\u00e9gorie de niveau sonore<\/th>\n<td class=\"font-2-b\">\n<ul class=\"characteristics\">\n<li class=\"\">A<\/li>\n<\/ul>\n<\/td>\n<\/tr>\n<tr class=\"odd\">\n<th scope=\"row\">Niveau sonore<\/th>\n<td class=\"font-2-b\">\n<ul class=\"characteristics\">\n<li class=\"\">68 dB<\/li>\n<\/ul>\n<\/td>\n<\/tr>\n<tr class=\"\">\n<th scope=\"row\">Qualit\u00e9 d&rsquo;essorage<\/th>\n<td class=\"font-2-b\">\n<ul class=\"characteristics\">\n<li class=\"\">A<\/li>\n<\/ul>\n<\/td>\n<\/tr>\n<tr class=\"odd\">\n<th scope=\"row\">Fonctionnalit\u00e9s de l\u2019appareil<\/th>\n<td class=\"font-2-b\">\n<ul class=\"characteristics\">\n<li class=\"\">D\u00e9part diff\u00e9r\u00e9<\/li>\n<li class=\"\">Affichage du temps restant<\/li>\n<li class=\"\">Ecran LCD<\/li>\n<\/ul>\n<\/td>\n<\/tr>\n<tr class=\"\">\n<th scope=\"row\">Type de pose<\/th>\n<td class=\"font-2-b\">\n<ul class=\"characteristics\">\n<li class=\"\">Pose libre<\/li>\n<\/ul>\n<\/td>\n<\/tr>\n<tr class=\"odd\">\n<th scope=\"row\">Vitesse d&rsquo;essorage (tours\/min)<\/th>\n<td class=\"font-2-b\">\n<ul class=\"characteristics\">\n<li class=\"\">1600 tr\/min<\/li>\n<\/ul>\n<\/td>\n<\/tr>\n<tr class=\"\">\n<th scope=\"row\">Dosage automatique<\/th>\n<td class=\"font-2-b\">\n<ul class=\"characteristics\">\n<li class=\"\">Oui<\/li>\n<\/ul>\n<\/td>\n<\/tr>\n<tr class=\"odd\">\n<th scope=\"row\">Connect\u00e9<\/th>\n<td class=\"font-2-b\">\n<ul class=\"characteristics\">\n<li class=\"\">Non<\/li>\n<\/ul>\n<\/td>\n<\/tr>\n<tr class=\"\">\n<th scope=\"row\">D\u00e9lai(s) de d\u00e9part diff\u00e9r\u00e9<\/th>\n<td class=\"font-2-b\">\n<ul class=\"characteristics\">\n<li class=\"\">0 h 30 \u00e0 24 heures<\/li>\n<\/ul>\n<\/td>\n<\/tr>\n<tr class=\"odd\">\n<th scope=\"row\">Bandeau de commande<\/th>\n<td class=\"font-2-b\">\n<ul class=\"characteristics\">\n<li class=\"\">Bandeau ComfortSensor avec bouton rotatif chrom\u00e9<\/li>\n<\/ul>\n<\/td>\n<\/tr>\n<tr class=\"\">\n<th scope=\"row\">Programme de lavage<\/th>\n<td class=\"font-2-b\">\n<ul class=\"characteristics\">\n<li class=\"\">22 programmes de lavage pour s&rsquo;adapter \u00e0 tous les textiles<\/li>\n<\/ul>\n<\/td>\n<\/tr>\n<tr class=\"odd\">\n<th scope=\"row\">Hauteur<\/th>\n<td class=\"font-2-b\">\n<ul class=\"characteristics\">\n<li class=\"\">85 cm<\/li>\n<\/ul>\n<\/td>\n<\/tr>\n<tr class=\"\">\n<th scope=\"row\">Largeur<\/th>\n<td class=\"font-2-b\">\n<ul class=\"characteristics\">\n<li class=\"\">59,6 cm<\/li>\n<\/ul>\n<\/td>\n<\/tr>\n<tr class=\"odd\">\n<th scope=\"row\">Profondeur du produit<\/th>\n<td class=\"font-2-b\">\n<ul class=\"characteristics\">\n<li class=\"\">63,6 cm<\/li>\n<\/ul>\n<\/td>\n<\/tr>\n<tr class=\"\">\n<th scope=\"row\">Poids<\/th>\n<td class=\"font-2-b\">\n<ul class=\"characteristics\">\n<li class=\"\">94 kg<\/li>\n<\/ul>\n<\/td>\n<\/tr>\n<tr class=\"odd\">\n<th scope=\"row\">Avantages produits<\/th>\n<td class=\"font-2-b\">\n<ul class=\"characteristics\">\n<li class=\"\">Bac \u00e0 produits AutoClean &#8211; Syst\u00e8me Anti-vibrations &#8211; AddLoad : ajouter du linge pendant toute la dur\u00e9e du cycle<\/li>\n<\/ul>\n<\/td>\n<\/tr>\n<tr class=\"\">\n<th scope=\"row\">Caract\u00e9ristiques compl\u00e9mentaires<\/th>\n<td class=\"font-2-b\">\n<ul class=\"characteristics\">\n<li class=\"\">Superposition avec un s\u00e8che linge, Top amovible<\/li>\n<\/ul>\n<\/td>\n<\/tr>\n<tr class=\"odd\">\n<th scope=\"row\">Garantie d&rsquo;origine<\/th>\n<td class=\"font-2-b\">\n<ul class=\"characteristics\">\n<li class=\"\">2 ans<\/li>\n<\/ul>\n<\/td>\n<\/tr>\n<tr class=\"\">\n<th scope=\"row\">Couleur<\/th>\n<td class=\"font-2-b\">\n<ul class=\"characteristics\">\n<li class=\"\">Blanc avec hublot chrome<\/li>\n<\/ul>\n<\/td>\n<\/tr>\n<tr class=\"odd\">\n<th scope=\"row\">Pays de fabrication<\/th>\n<td class=\"font-2-b\">\n<ul class=\"characteristics\">\n<li class=\"\">Allemagne<\/li>\n<\/ul>\n<\/td>\n<\/tr>\n<tr class=\"\">\n<th scope=\"row\">Origine de fabrication<\/th>\n<td class=\"font-2-b\">\n<ul class=\"characteristics\">\n<li class=\"\">Fabriqu\u00e9 en Europe<\/li>\n<\/ul>\n<\/td>\n<\/tr>\n<tr class=\"odd\">\n<th scope=\"row\">Indice de r\u00e9parabilit\u00e9<\/th>\n<td class=\"font-2-b\">\n<ul class=\"characteristics\">\n<li class=\"\">7,4 \/10<\/li>\n<\/ul>\n<\/td>\n<\/tr>\n<tr class=\"\">\n<th scope=\"row\">Consommation d&rsquo;eau sur 1 cycle \u00e9co &#8211; lavage<\/th>\n<td class=\"font-2-b\">\n<ul class=\"characteristics\">\n<li class=\"\">48 L<\/li>\n<\/ul>\n<\/td>\n<\/tr>\n<tr class=\"odd\">\n<th scope=\"row\">Co\u00fbt estim\u00e9 d&rsquo;utilisation sur 100 cycles<\/th>\n<td class=\"font-2-b\">\n<ul class=\"characteristics\">\n<li class=\"\">23,1 Euros<\/li>\n<\/ul>\n<\/td>\n<\/tr>\n<tr class=\"\">\n<th scope=\"row\">Disponibilit\u00e9 des pi\u00e8ces d\u00e9tach\u00e9es<\/th>\n<td class=\"font-2-b\">\n<ul class=\"characteristics\">\n<li class=\"\">15 ans<\/li>\n<\/ul>\n<\/td>\n<\/tr>\n<tr class=\"odd\">\n<th scope=\"row\">Code<\/th>\n<td class=\"font-2-b\">\n<ul class=\"characteristics\">\n<li class=\"\">4814118<\/li>\n<\/ul>\n<\/td>\n<\/tr>\n<\/tbody>\n<\/table>\n<\/div>\n","protected":false},"featured_media":21093,"comment_status":"open","ping_status":"closed","template":"","meta":[],"product_cat":[173],"product_tag":[],"class_list":{"0":"post-21088","1":"product","2":"type-product","3":"status-publish","4":"has-post-thumbnail","6":"product_brand-miele","7":"product_cat-lave-linges","9":"first","10":"instock","11":"sale","12":"shipping-taxable","13":"purchasable","14":"product-type-simple","15":"col-xs-6 col-sm-4","16":"col-md-3 col-lg-3","17":"un-4-cols"},"yoast_head":"<!-- This site is optimized with the Yoast SEO plugin v27.0 - https:\/\/yoast.com\/product\/yoast-seo-wordpress\/ -->\n<title>Lave-linge hublot MIELE WCI 960 TWINDOS - Eurosdiscounts.com- Achat sur Internet a prix discount, Canap\u00e9s pas cher, Smartphone pas cher, pc portable pas cher..<\/title>\n<meta name=\"description\" content=\"Lave-linge hublot MIELE WCI 960 TWINDOS\" \/>\n<meta name=\"robots\" content=\"index, follow, max-snippet:-1, max-image-preview:large, max-video-preview:-1\" \/>\n<link rel=\"canonical\" href=\"https:\/\/eurosdiscounts.com\/index.php\/produit\/lave-linge-hublot-miele-wci-960-twindos\/\" \/>\n<meta property=\"og:locale\" content=\"fr_FR\" \/>\n<meta property=\"og:type\" content=\"article\" \/>\n<meta property=\"og:title\" content=\"Lave-linge hublot MIELE WCI 960 TWINDOS - Eurosdiscounts.com- Achat sur Internet a prix discount, Canap\u00e9s pas cher, Smartphone pas cher, pc portable pas cher..\" \/>\n<meta property=\"og:description\" content=\"Lave-linge hublot MIELE WCI 960 TWINDOS\" \/>\n<meta property=\"og:url\" content=\"https:\/\/eurosdiscounts.com\/index.php\/produit\/lave-linge-hublot-miele-wci-960-twindos\/\" \/>\n<meta property=\"og:site_name\" content=\"Eurosdiscounts.com- Achat sur Internet a prix discount, Canap\u00e9s pas cher, Smartphone pas cher, pc portable pas cher..\" \/>\n<meta property=\"og:image\" content=\"https:\/\/eurosdiscounts.com\/wp-content\/uploads\/2024\/07\/miele_wci_960_t2003124814118A_155516348.png\" \/>\n\t<meta property=\"og:image:width\" content=\"300\" \/>\n\t<meta property=\"og:image:height\" content=\"450\" \/>\n\t<meta property=\"og:image:type\" content=\"image\/png\" \/>\n<meta name=\"twitter:card\" content=\"summary_large_image\" \/>\n<meta name=\"twitter:label1\" content=\"Dur\u00e9e de lecture estim\u00e9e\" \/>\n\t<meta name=\"twitter:data1\" content=\"3 minutes\" \/>\n<script type=\"application\/ld+json\" class=\"yoast-schema-graph\">{\"@context\":\"https:\/\/schema.org\",\"@graph\":[{\"@type\":\"WebPage\",\"@id\":\"https:\/\/eurosdiscounts.com\/index.php\/produit\/lave-linge-hublot-miele-wci-960-twindos\/\",\"url\":\"https:\/\/eurosdiscounts.com\/index.php\/produit\/lave-linge-hublot-miele-wci-960-twindos\/\",\"name\":\"Lave-linge hublot MIELE WCI 960 TWINDOS - Eurosdiscounts.com- Achat sur Internet a prix discount, Canap\u00e9s pas cher, Smartphone pas cher, pc portable pas cher..\",\"isPartOf\":{\"@id\":\"https:\/\/eurosdiscounts.com\/#website\"},\"primaryImageOfPage\":{\"@id\":\"https:\/\/eurosdiscounts.com\/index.php\/produit\/lave-linge-hublot-miele-wci-960-twindos\/#primaryimage\"},\"image\":{\"@id\":\"https:\/\/eurosdiscounts.com\/index.php\/produit\/lave-linge-hublot-miele-wci-960-twindos\/#primaryimage\"},\"thumbnailUrl\":\"https:\/\/eurosdiscounts.com\/wp-content\/uploads\/2024\/07\/miele_wci_960_t2003124814118A_155516348.png\",\"datePublished\":\"2024-07-12T08:09:26+00:00\",\"description\":\"Lave-linge hublot MIELE WCI 960 TWINDOS\",\"breadcrumb\":{\"@id\":\"https:\/\/eurosdiscounts.com\/index.php\/produit\/lave-linge-hublot-miele-wci-960-twindos\/#breadcrumb\"},\"inLanguage\":\"fr-FR\",\"potentialAction\":[{\"@type\":\"ReadAction\",\"target\":[\"https:\/\/eurosdiscounts.com\/index.php\/produit\/lave-linge-hublot-miele-wci-960-twindos\/\"]}]},{\"@type\":\"ImageObject\",\"inLanguage\":\"fr-FR\",\"@id\":\"https:\/\/eurosdiscounts.com\/index.php\/produit\/lave-linge-hublot-miele-wci-960-twindos\/#primaryimage\",\"url\":\"https:\/\/eurosdiscounts.com\/wp-content\/uploads\/2024\/07\/miele_wci_960_t2003124814118A_155516348.png\",\"contentUrl\":\"https:\/\/eurosdiscounts.com\/wp-content\/uploads\/2024\/07\/miele_wci_960_t2003124814118A_155516348.png\",\"width\":300,\"height\":450},{\"@type\":\"BreadcrumbList\",\"@id\":\"https:\/\/eurosdiscounts.com\/index.php\/produit\/lave-linge-hublot-miele-wci-960-twindos\/#breadcrumb\",\"itemListElement\":[{\"@type\":\"ListItem\",\"position\":1,\"name\":\"Accueil\",\"item\":\"https:\/\/eurosdiscounts.com\/\"},{\"@type\":\"ListItem\",\"position\":2,\"name\":\"Boutique\",\"item\":\"https:\/\/eurosdiscounts.com\/index.php\/boutique\/\"},{\"@type\":\"ListItem\",\"position\":3,\"name\":\"Lave-linge hublot MIELE WCI 960 TWINDOS\"}]},{\"@type\":\"WebSite\",\"@id\":\"https:\/\/eurosdiscounts.com\/#website\",\"url\":\"https:\/\/eurosdiscounts.com\/\",\"name\":\"Eurosdiscounts.com- Achat sur Internet a prix discount, Canap\u00e9s pas cher, Smartphone pas cher, pc portable pas cher..\",\"description\":\"Eurosdiscounts.com- Achat sur Internet a prix discount, Canap\u00e9s pas cher, Smartphone pas cher, pc portable pas cher..\",\"potentialAction\":[{\"@type\":\"SearchAction\",\"target\":{\"@type\":\"EntryPoint\",\"urlTemplate\":\"https:\/\/eurosdiscounts.com\/?s={search_term_string}\"},\"query-input\":{\"@type\":\"PropertyValueSpecification\",\"valueRequired\":true,\"valueName\":\"search_term_string\"}}],\"inLanguage\":\"fr-FR\"}]}<\/script>\n<!-- \/ Yoast SEO plugin. -->","yoast_head_json":{"title":"Lave-linge hublot MIELE WCI 960 TWINDOS - Eurosdiscounts.com- Achat sur Internet a prix discount, Canap\u00e9s pas cher, Smartphone pas cher, pc portable pas cher..","description":"Lave-linge hublot MIELE WCI 960 TWINDOS","robots":{"index":"index","follow":"follow","max-snippet":"max-snippet:-1","max-image-preview":"max-image-preview:large","max-video-preview":"max-video-preview:-1"},"canonical":"https:\/\/eurosdiscounts.com\/index.php\/produit\/lave-linge-hublot-miele-wci-960-twindos\/","og_locale":"fr_FR","og_type":"article","og_title":"Lave-linge hublot MIELE WCI 960 TWINDOS - Eurosdiscounts.com- Achat sur Internet a prix discount, Canap\u00e9s pas cher, Smartphone pas cher, pc portable pas cher..","og_description":"Lave-linge hublot MIELE WCI 960 TWINDOS","og_url":"https:\/\/eurosdiscounts.com\/index.php\/produit\/lave-linge-hublot-miele-wci-960-twindos\/","og_site_name":"Eurosdiscounts.com- Achat sur Internet a prix discount, Canap\u00e9s pas cher, Smartphone pas cher, pc portable pas cher..","og_image":[{"width":300,"height":450,"url":"https:\/\/eurosdiscounts.com\/wp-content\/uploads\/2024\/07\/miele_wci_960_t2003124814118A_155516348.png","type":"image\/png"}],"twitter_card":"summary_large_image","twitter_misc":{"Dur\u00e9e de lecture estim\u00e9e":"3 minutes"},"schema":{"@context":"https:\/\/schema.org","@graph":[{"@type":"WebPage","@id":"https:\/\/eurosdiscounts.com\/index.php\/produit\/lave-linge-hublot-miele-wci-960-twindos\/","url":"https:\/\/eurosdiscounts.com\/index.php\/produit\/lave-linge-hublot-miele-wci-960-twindos\/","name":"Lave-linge hublot MIELE WCI 960 TWINDOS - Eurosdiscounts.com- Achat sur Internet a prix discount, Canap\u00e9s pas cher, Smartphone pas cher, pc portable pas cher..","isPartOf":{"@id":"https:\/\/eurosdiscounts.com\/#website"},"primaryImageOfPage":{"@id":"https:\/\/eurosdiscounts.com\/index.php\/produit\/lave-linge-hublot-miele-wci-960-twindos\/#primaryimage"},"image":{"@id":"https:\/\/eurosdiscounts.com\/index.php\/produit\/lave-linge-hublot-miele-wci-960-twindos\/#primaryimage"},"thumbnailUrl":"https:\/\/eurosdiscounts.com\/wp-content\/uploads\/2024\/07\/miele_wci_960_t2003124814118A_155516348.png","datePublished":"2024-07-12T08:09:26+00:00","description":"Lave-linge hublot MIELE WCI 960 TWINDOS","breadcrumb":{"@id":"https:\/\/eurosdiscounts.com\/index.php\/produit\/lave-linge-hublot-miele-wci-960-twindos\/#breadcrumb"},"inLanguage":"fr-FR","potentialAction":[{"@type":"ReadAction","target":["https:\/\/eurosdiscounts.com\/index.php\/produit\/lave-linge-hublot-miele-wci-960-twindos\/"]}]},{"@type":"ImageObject","inLanguage":"fr-FR","@id":"https:\/\/eurosdiscounts.com\/index.php\/produit\/lave-linge-hublot-miele-wci-960-twindos\/#primaryimage","url":"https:\/\/eurosdiscounts.com\/wp-content\/uploads\/2024\/07\/miele_wci_960_t2003124814118A_155516348.png","contentUrl":"https:\/\/eurosdiscounts.com\/wp-content\/uploads\/2024\/07\/miele_wci_960_t2003124814118A_155516348.png","width":300,"height":450},{"@type":"BreadcrumbList","@id":"https:\/\/eurosdiscounts.com\/index.php\/produit\/lave-linge-hublot-miele-wci-960-twindos\/#breadcrumb","itemListElement":[{"@type":"ListItem","position":1,"name":"Accueil","item":"https:\/\/eurosdiscounts.com\/"},{"@type":"ListItem","position":2,"name":"Boutique","item":"https:\/\/eurosdiscounts.com\/index.php\/boutique\/"},{"@type":"ListItem","position":3,"name":"Lave-linge hublot MIELE WCI 960 TWINDOS"}]},{"@type":"WebSite","@id":"https:\/\/eurosdiscounts.com\/#website","url":"https:\/\/eurosdiscounts.com\/","name":"Eurosdiscounts.com- Achat sur Internet a prix discount, Canap\u00e9s pas cher, Smartphone pas cher, pc portable pas cher..","description":"Eurosdiscounts.com- Achat sur Internet a prix discount, Canap\u00e9s pas cher, Smartphone pas cher, pc portable pas cher..","potentialAction":[{"@type":"SearchAction","target":{"@type":"EntryPoint","urlTemplate":"https:\/\/eurosdiscounts.com\/?s={search_term_string}"},"query-input":{"@type":"PropertyValueSpecification","valueRequired":true,"valueName":"search_term_string"}}],"inLanguage":"fr-FR"}]}},"_links":{"self":[{"href":"https:\/\/eurosdiscounts.com\/index.php\/wp-json\/wp\/v2\/product\/21088","targetHints":{"allow":["GET"]}}],"collection":[{"href":"https:\/\/eurosdiscounts.com\/index.php\/wp-json\/wp\/v2\/product"}],"about":[{"href":"https:\/\/eurosdiscounts.com\/index.php\/wp-json\/wp\/v2\/types\/product"}],"replies":[{"embeddable":true,"href":"https:\/\/eurosdiscounts.com\/index.php\/wp-json\/wp\/v2\/comments?post=21088"}],"wp:featuredmedia":[{"embeddable":true,"href":"https:\/\/eurosdiscounts.com\/index.php\/wp-json\/wp\/v2\/media\/21093"}],"wp:attachment":[{"href":"https:\/\/eurosdiscounts.com\/index.php\/wp-json\/wp\/v2\/media?parent=21088"}],"wp:term":[{"taxonomy":"product_cat","embeddable":true,"href":"https:\/\/eurosdiscounts.com\/index.php\/wp-json\/wp\/v2\/product_cat?post=21088"},{"taxonomy":"product_tag","embeddable":true,"href":"https:\/\/eurosdiscounts.com\/index.php\/wp-json\/wp\/v2\/product_tag?post=21088"}],"curies":[{"name":"wp","href":"https:\/\/api.w.org\/{rel}","templated":true}]}}