{"id":21000,"date":"2024-05-23T02:23:42","date_gmt":"2024-05-23T00:23:42","guid":{"rendered":"https:\/\/eurosdiscounts.com\/?post_type=product&#038;p=21000"},"modified":"2024-05-23T02:23:42","modified_gmt":"2024-05-23T00:23:42","slug":"lave-vaisselle-miele-g7130-sc-in","status":"publish","type":"product","link":"https:\/\/eurosdiscounts.com\/index.php\/produit\/lave-vaisselle-miele-g7130-sc-in\/","title":{"rendered":"Lave-vaisselle MIELE G7130 SC IN"},"content":{"rendered":"<table class=\"font-2\">\n<tbody>\n<tr class=\"odd\">\n<th scope=\"row\">Classe \u00e9nerg\u00e9tique<\/th>\n<td class=\"font-2-b\">\n<ul class=\"characteristics\">\n<li class=\"\">B<\/li>\n<\/ul>\n<\/td>\n<\/tr>\n<tr class=\"\">\n<th scope=\"row\">Consommation d&rsquo;\u00e9nergie sur 100 cycles \u00e9co<\/th>\n<td class=\"font-2-b\">\n<ul class=\"characteristics\">\n<li class=\"\">64 kWh<\/li>\n<\/ul>\n<\/td>\n<\/tr>\n<tr class=\"odd\">\n<th scope=\"row\">Cat\u00e9gorie de niveau sonore<\/th>\n<td class=\"font-2-b\">\n<ul class=\"characteristics\">\n<li class=\"\">B<\/li>\n<\/ul>\n<\/td>\n<\/tr>\n<tr class=\"\">\n<th scope=\"row\">Nombre de couverts<\/th>\n<td class=\"font-2-b\">\n<ul class=\"characteristics\">\n<li class=\"\">14<\/li>\n<\/ul>\n<\/td>\n<\/tr>\n<tr class=\"odd\">\n<th scope=\"row\">Consommation d&rsquo;eau par cycle<\/th>\n<td class=\"font-2-b\">\n<ul class=\"characteristics\">\n<li class=\"\">8,4 l<\/li>\n<\/ul>\n<\/td>\n<\/tr>\n<tr class=\"\">\n<th scope=\"row\">Dur\u00e9e du programme \u00e9co<\/th>\n<td class=\"font-2-b\">\n<ul class=\"characteristics\">\n<li class=\"\">199 min<\/li>\n<\/ul>\n<\/td>\n<\/tr>\n<tr class=\"odd\">\n<th scope=\"row\">Niveau sonore<\/th>\n<td class=\"font-2-b\">\n<ul class=\"characteristics\">\n<li class=\"\">43 dB<\/li>\n<\/ul>\n<\/td>\n<\/tr>\n<tr class=\"\">\n<th scope=\"row\">Fonctionnalit\u00e9s du lave vaisselle<\/th>\n<td class=\"font-2-b\">\n<ul class=\"characteristics\">\n<li class=\"\">Affichage du temps restant<\/li>\n<li class=\"\">D\u00e9part diff\u00e9r\u00e9<\/li>\n<\/ul>\n<\/td>\n<\/tr>\n<tr class=\"odd\">\n<th scope=\"row\">Type de pose<\/th>\n<td class=\"font-2-b\">\n<ul class=\"characteristics\">\n<li class=\"\">Pose libre<\/li>\n<\/ul>\n<\/td>\n<\/tr>\n<tr class=\"\">\n<th scope=\"row\">Format du lave vaisselle<\/th>\n<td class=\"font-2-b\">\n<ul class=\"characteristics\">\n<li class=\"\">60 cm<\/li>\n<\/ul>\n<\/td>\n<\/tr>\n<tr class=\"odd\">\n<th scope=\"row\">Emplacement commandes<\/th>\n<td class=\"font-2-b\">\n<ul class=\"characteristics\">\n<li class=\"\">Apparent (face avant)<\/li>\n<\/ul>\n<\/td>\n<\/tr>\n<tr class=\"\">\n<th scope=\"row\">Plinthes basses<\/th>\n<td class=\"font-2-b\">\n<ul class=\"characteristics\">\n<li class=\"\">Oui<\/li>\n<\/ul>\n<\/td>\n<\/tr>\n<tr class=\"odd\">\n<th scope=\"row\">Poids<\/th>\n<td class=\"font-2-b\">\n<ul class=\"characteristics\">\n<li class=\"\">56 kg<\/li>\n<\/ul>\n<\/td>\n<\/tr>\n<tr class=\"\">\n<th scope=\"row\">Hauteur<\/th>\n<td class=\"font-2-b\">\n<ul class=\"characteristics\">\n<li class=\"\">84,5 cm<\/li>\n<\/ul>\n<\/td>\n<\/tr>\n<tr class=\"odd\">\n<th scope=\"row\">Largeur<\/th>\n<td class=\"font-2-b\">\n<ul class=\"characteristics\">\n<li class=\"\">59,8 cm<\/li>\n<\/ul>\n<\/td>\n<\/tr>\n<tr class=\"\">\n<th scope=\"row\">Profondeur du produit<\/th>\n<td class=\"font-2-b\">\n<ul class=\"characteristics\">\n<li class=\"\">60 cm<\/li>\n<\/ul>\n<\/td>\n<\/tr>\n<tr class=\"odd\">\n<th scope=\"row\">Dosage automatique<\/th>\n<td class=\"font-2-b\">\n<ul class=\"characteristics\">\n<li class=\"\">Oui<\/li>\n<\/ul>\n<\/td>\n<\/tr>\n<tr class=\"\">\n<th scope=\"row\">Nombre de programmes<\/th>\n<td class=\"font-2-b\">\n<ul class=\"characteristics\">\n<li class=\"\">10<\/li>\n<\/ul>\n<\/td>\n<\/tr>\n<tr class=\"odd\">\n<th scope=\"row\">Programmes<\/th>\n<td class=\"font-2-b\">\n<ul class=\"characteristics\">\n<li class=\"\">ECO, Automatique, QuickPowerWash, ComfortWash 45\u00b0, PowerWash 60\u00b0, Intensif 75\u00b0, ComfortWash+ 55\u00b0, Extra Silencieux 39 dB, Fragile 45\u00b0, Entretien Machine)<\/li>\n<\/ul>\n<\/td>\n<\/tr>\n<tr class=\"\">\n<th scope=\"row\">Temp\u00e9rature de lavage<\/th>\n<td class=\"font-2-b\">\n<ul class=\"characteristics\">\n<li class=\"\">45\u00b0C,55\u00b0C,60\u00b0C,75\u00b0C<\/li>\n<\/ul>\n<\/td>\n<\/tr>\n<tr class=\"odd\">\n<th scope=\"row\">Avantages produits<\/th>\n<td class=\"font-2-b\">\n<ul class=\"characteristics\">\n<li class=\"\">Un nettoyage en moins d&rsquo;une heure avec le programme Quick Power Wash<\/li>\n<\/ul>\n<\/td>\n<\/tr>\n<tr class=\"\">\n<th scope=\"row\">Caract\u00e9ristiques compl\u00e9mentaires<\/th>\n<td class=\"font-2-b\">\n<ul class=\"characteristics\">\n<li class=\"\">\n<div>&#8211; Paniers Extra Comfort<\/div>\n<div>&#8211; 2 Supports pour verres et bouteilles FlexCare<\/div>\n<div>&#8211; 1 Support pour tasses FlexCare<\/div>\n<div>&#8211; 2 MultiClips<\/div>\n<div>&#8211; Des options de lavage : AutoDos, Express, Extra Propre, S\u00e9chage +<\/div>\n<div>&#8211; Fonction S\u00e9chage AutoOpen<\/div>\n<div>&#8211; Affichage de l&rsquo;heure et Affichage texte<\/div>\n<div>&#8211; SensorDry : S\u00e9chage adapt\u00e9 \u00e0 la charge et \u00e0 la temp\u00e9rature ambiante<\/div>\n<div>&#8211; Fonction Eco Feedback<\/div>\n<div>&#8211; Fonction Eco Tehchnology<\/div>\n<div>&#8211; Fermeture de porte ComfortClose<\/div>\n<\/li>\n<\/ul>\n<\/td>\n<\/tr>\n<tr class=\"odd\">\n<th scope=\"row\">Garantie d&rsquo;origine<\/th>\n<td class=\"font-2-b\">\n<ul class=\"characteristics\">\n<li class=\"\">2 ans<\/li>\n<\/ul>\n<\/td>\n<\/tr>\n<tr class=\"\">\n<th scope=\"row\">Couleur<\/th>\n<td class=\"font-2-b\">\n<ul class=\"characteristics\">\n<li class=\"\">Inox<\/li>\n<\/ul>\n<\/td>\n<\/tr>\n<tr class=\"odd\">\n<th scope=\"row\">Co\u00fbt estim\u00e9 d&rsquo;utilisation sur 100 cycles<\/th>\n<td class=\"font-2-b\">\n<ul class=\"characteristics\">\n<li class=\"\">18 Euros<\/li>\n<\/ul>\n<\/td>\n<\/tr>\n<tr class=\"\">\n<th scope=\"row\">Indice de r\u00e9parabilit\u00e9<\/th>\n<td class=\"font-2-b\">\n<ul class=\"characteristics\">\n<li class=\"\">8,7 \/10<\/li>\n<\/ul>\n<\/td>\n<\/tr>\n<tr class=\"odd\">\n<th scope=\"row\">Pays de fabrication<\/th>\n<td class=\"font-2-b\">\n<ul class=\"characteristics\">\n<li class=\"\">R\u00e9publique Tch\u00e8que<\/li>\n<\/ul>\n<\/td>\n<\/tr>\n<tr class=\"\">\n<th scope=\"row\">Origine de fabrication<\/th>\n<td class=\"font-2-b\">\n<ul class=\"characteristics\">\n<li class=\"\">Fabriqu\u00e9 en Europe<\/li>\n<\/ul>\n<\/td>\n<\/tr>\n<tr class=\"odd\">\n<th scope=\"row\">Consommation d&rsquo;\u00e9nergie sur 100 cycles &#8211; lavage<\/th>\n<td class=\"font-2-b\">\n<ul class=\"characteristics\">\n<li class=\"\">64 kWh<\/li>\n<\/ul>\n<\/td>\n<\/tr>\n<tr class=\"\">\n<th scope=\"row\">Disponibilit\u00e9 des pi\u00e8ces d\u00e9tach\u00e9es<\/th>\n<td class=\"font-2-b\">\n<ul class=\"characteristics\">\n<li class=\"\">15 ans<\/li>\n<\/ul>\n<\/td>\n<\/tr>\n<tr class=\"odd\">\n<th scope=\"row\">Code<\/th>\n<td class=\"font-2-b\">\n<ul class=\"characteristics\">\n<li class=\"\">7732988<\/li>\n<\/ul>\n<\/td>\n<\/tr>\n<\/tbody>\n<\/table>\n","protected":false},"excerpt":{"rendered":"<p class=\"product_section_title font-2-b\">Les points forts<\/p>\n<ul class=\"product_details_items font-2-l\">\n<li class=\"product_details_item ellipsis ellipsis-2lines\">Largeur 60 cm (14 couverts) &#8211; 43 db<\/li>\n<li class=\"product_details_item ellipsis ellipsis-2lines\">Consommation d&rsquo;eau 8.4 L\/cycle<\/li>\n<li class=\"product_details_item ellipsis ellipsis-2lines\">L x H x P : 59.8 x 84.5 x 60 cm<\/li>\n<li class=\"product_details_item ellipsis ellipsis-2lines\">AutoDos &#8211; Tiroir \u00e0 couverts 3D MultiFlex &#8211; Fonction AutoOpen<\/li>\n<\/ul>\n<div id=\"product_description\" class=\"product_bloc_aside product_bloc_description anchor\" data-automation-id=\"product_bloc_description\">\n<div class=\"product_bloc_content bloc ombre font-2\">\n<div class=\"columns\">\n<div><b>Le lave-vaisselle Miele G7130 SC IN en inox est dot\u00e9 d&rsquo;une capacit\u00e9 de 14 couverts de 10 programmes dont le programme Quick Power Wash, d&rsquo;un tiroir \u00e0 couverts 3D Multiflex brevet\u00e9, du premier syst\u00e8me de dosage automatique avec AutoDos et de la fonction Auto Open.<\/b><\/div>\n<div><\/div>\n<div><b>Fonction AutoDos<\/b><\/div>\n<div>Avec AutoDos, le premier syst\u00e8me de dosage automatique au monde avec PowerDisk int\u00e9gr\u00e9, obtenez d&rsquo;excellents r\u00e9sultats de lavage et une libert\u00e9 unique.<\/div>\n<div><\/div>\n<div><b>Tiroir \u00e0 couverts 3D MultiFlex<\/b><\/div>\n<div>Une flexibilit\u00e9 maximale avec le tiroir \u00e0 couverts 3D Multiflex brevet\u00e9, r\u00e9glable en hauteur et coulissant pour laisser de la place aux ustensiles volumineux et aux verres \u00e0 vin, et qui permet d\u00e9sormais de placer de petits \u00e9l\u00e9ments tels que des tasses \u00e0 caf\u00e9.<\/div>\n<div><\/div>\n<div><b>Programme Intensif 75\u00b0C<\/b><\/div>\n<div>Lavage ultrapuissant les fait-tout, les po\u00eales sont impeccablement nettoy\u00e9s sans aucun r\u00e9sidu.<\/div>\n<div><\/div>\n<div><b>Programme Quick Power Wash<\/b><\/div>\n<div>Un nettoyage parfait en moins d&rsquo;une heure. Un programme court : des r\u00e9sultats parfaits pour de la vaisselle normalement sale en 58 minutes.<\/div>\n<div><\/div>\n<div><b>Programme Eco\u00a0 \u00a0<\/b><\/div>\n<div>Il vous permet de retrouver une vaisselle \u00e9tincelante tout en \u00e9conomisant l&rsquo;eau et l&rsquo;\u00e9nergie.<\/div>\n<div><\/div>\n<div><b>Programme Automatic<\/b><\/div>\n<div>Il permet d&rsquo;adapter la consommation d&rsquo;eau et d&rsquo;\u00e9lectricit\u00e9 ainsi que la temp\u00e9rature et le temps de s\u00e9chage en fonction de la charge et du degr\u00e9 de salissure de la vaisselle.<\/div>\n<div><\/div>\n<div><b>Fonction Auto Open<\/b><\/div>\n<div>La porte du lave-vaisselle s&rsquo;ouvre automatiquement \u00e0 la fin du programme de lavage, pour un s\u00e9chage encore plus \u00e9conomique et efficace.<\/div>\n<div><\/div>\n<div><b>Fonction EcoFeeback<\/b><\/div>\n<div>Cette technologie permet une\u00a0 ma\u00eetrise de la consommation d&rsquo;eau et d&rsquo;\u00e9nergie \u00e0 chaque cycle de lavage. Le lave-vaisselle vous indique la consommation estim\u00e9e en fonction du programme choisi et confirme les consommations en fin de cycle de lavage.<\/div>\n<div><\/div>\n<div><b>Comfort Close<\/b><\/div>\n<div>Profitez du syst\u00e8me d&rsquo;ouverture et de fermeture de porte Miele. La porte du lave-vaisselle reste toujours dans la position voulue.<\/div>\n<div><\/div>\n<div><b>Brilliant Glasscare<\/b><\/div>\n<div>Un lavage en douceur des verres fragiles. Il lave vos verres tout en douceur.<\/div>\n<div><\/div>\n<div><b>SensorDry<\/b><\/div>\n<div>Un s\u00e9chage parfait avec moins d&rsquo;\u00e9nergie. Des adaptations intelligentes du programme de lavage pour \u00e9conomiser de l&rsquo;\u00e9nergie et du temps au s\u00e9chage.<\/div>\n<div><\/div>\n<div><b>D\u00e9part diff\u00e9r\u00e9<\/b><\/div>\n<div>Programmez la mise en marche de l&rsquo;appareil \u00e0 l&rsquo;avance afin de b\u00e9n\u00e9ficier des tarifs \u00a0\u00bb heures creuses\u00a0\u00bb gr\u00e2ce au d\u00e9part diff\u00e9r\u00e9. Afin de g\u00e9rer au mieux votre temps, ce lave-vaisselle poss\u00e8de l&rsquo;affichage du temps restant.<\/div>\n<div><\/div>\n<div><\/div>\n<\/div>\n<\/div>\n<\/div>\n<div id=\"product_brand\" class=\"product_bloc_aside product_bloc_brand anchor\"><\/div>\n<div id=\"product_caracteristics\" class=\"product_bloc_aside product_bloc_caracteristics anchor\" data-automation-id=\"product_table_characteristics\">\n<div id=\"test\"><\/div>\n<\/div>\n","protected":false},"featured_media":21001,"comment_status":"open","ping_status":"closed","template":"","meta":[],"product_cat":[174],"product_tag":[],"class_list":{"0":"post-21000","1":"product","2":"type-product","3":"status-publish","4":"has-post-thumbnail","6":"product_brand-miele","7":"product_cat-lave-vaisselle","9":"first","10":"instock","11":"sale","12":"shipping-taxable","13":"purchasable","14":"product-type-simple","15":"col-xs-6 col-sm-4","16":"col-md-3 col-lg-3","17":"un-4-cols"},"yoast_head":"<!-- This site is optimized with the Yoast SEO plugin v27.0 - https:\/\/yoast.com\/product\/yoast-seo-wordpress\/ -->\n<title>Lave-vaisselle MIELE G7130 SC IN - Eurosdiscounts.com- Achat sur Internet a prix discount, Canap\u00e9s pas cher, Smartphone pas cher, pc portable pas cher..<\/title>\n<meta name=\"description\" content=\"Lave-vaisselle MIELE G7130 SC IN\" \/>\n<meta name=\"robots\" content=\"index, follow, max-snippet:-1, max-image-preview:large, max-video-preview:-1\" \/>\n<link rel=\"canonical\" href=\"https:\/\/eurosdiscounts.com\/index.php\/produit\/lave-vaisselle-miele-g7130-sc-in\/\" \/>\n<meta property=\"og:locale\" content=\"fr_FR\" \/>\n<meta property=\"og:type\" content=\"article\" \/>\n<meta property=\"og:title\" content=\"Lave-vaisselle MIELE G7130 SC IN - Eurosdiscounts.com- Achat sur Internet a prix discount, Canap\u00e9s pas cher, Smartphone pas cher, pc portable pas cher..\" \/>\n<meta property=\"og:description\" content=\"Lave-vaisselle MIELE G7130 SC IN\" \/>\n<meta property=\"og:url\" content=\"https:\/\/eurosdiscounts.com\/index.php\/produit\/lave-vaisselle-miele-g7130-sc-in\/\" \/>\n<meta property=\"og:site_name\" content=\"Eurosdiscounts.com- Achat sur Internet a prix discount, Canap\u00e9s pas cher, Smartphone pas cher, pc portable pas cher..\" \/>\n<meta property=\"og:image\" content=\"https:\/\/eurosdiscounts.com\/wp-content\/uploads\/2024\/05\/miele_g7130_sc_in_t2403267732988A_135747056.png\" \/>\n\t<meta property=\"og:image:width\" content=\"300\" \/>\n\t<meta property=\"og:image:height\" content=\"450\" \/>\n\t<meta property=\"og:image:type\" content=\"image\/png\" \/>\n<meta name=\"twitter:card\" content=\"summary_large_image\" \/>\n<meta name=\"twitter:label1\" content=\"Dur\u00e9e de lecture estim\u00e9e\" \/>\n\t<meta name=\"twitter:data1\" content=\"2 minutes\" \/>\n<script type=\"application\/ld+json\" class=\"yoast-schema-graph\">{\"@context\":\"https:\/\/schema.org\",\"@graph\":[{\"@type\":\"WebPage\",\"@id\":\"https:\/\/eurosdiscounts.com\/index.php\/produit\/lave-vaisselle-miele-g7130-sc-in\/\",\"url\":\"https:\/\/eurosdiscounts.com\/index.php\/produit\/lave-vaisselle-miele-g7130-sc-in\/\",\"name\":\"Lave-vaisselle MIELE G7130 SC IN - Eurosdiscounts.com- Achat sur Internet a prix discount, Canap\u00e9s pas cher, Smartphone pas cher, pc portable pas cher..\",\"isPartOf\":{\"@id\":\"https:\/\/eurosdiscounts.com\/#website\"},\"primaryImageOfPage\":{\"@id\":\"https:\/\/eurosdiscounts.com\/index.php\/produit\/lave-vaisselle-miele-g7130-sc-in\/#primaryimage\"},\"image\":{\"@id\":\"https:\/\/eurosdiscounts.com\/index.php\/produit\/lave-vaisselle-miele-g7130-sc-in\/#primaryimage\"},\"thumbnailUrl\":\"https:\/\/eurosdiscounts.com\/wp-content\/uploads\/2024\/05\/miele_g7130_sc_in_t2403267732988A_135747056.png\",\"datePublished\":\"2024-05-23T00:23:42+00:00\",\"description\":\"Lave-vaisselle MIELE G7130 SC IN\",\"breadcrumb\":{\"@id\":\"https:\/\/eurosdiscounts.com\/index.php\/produit\/lave-vaisselle-miele-g7130-sc-in\/#breadcrumb\"},\"inLanguage\":\"fr-FR\",\"potentialAction\":[{\"@type\":\"ReadAction\",\"target\":[\"https:\/\/eurosdiscounts.com\/index.php\/produit\/lave-vaisselle-miele-g7130-sc-in\/\"]}]},{\"@type\":\"ImageObject\",\"inLanguage\":\"fr-FR\",\"@id\":\"https:\/\/eurosdiscounts.com\/index.php\/produit\/lave-vaisselle-miele-g7130-sc-in\/#primaryimage\",\"url\":\"https:\/\/eurosdiscounts.com\/wp-content\/uploads\/2024\/05\/miele_g7130_sc_in_t2403267732988A_135747056.png\",\"contentUrl\":\"https:\/\/eurosdiscounts.com\/wp-content\/uploads\/2024\/05\/miele_g7130_sc_in_t2403267732988A_135747056.png\",\"width\":300,\"height\":450},{\"@type\":\"BreadcrumbList\",\"@id\":\"https:\/\/eurosdiscounts.com\/index.php\/produit\/lave-vaisselle-miele-g7130-sc-in\/#breadcrumb\",\"itemListElement\":[{\"@type\":\"ListItem\",\"position\":1,\"name\":\"Accueil\",\"item\":\"https:\/\/eurosdiscounts.com\/\"},{\"@type\":\"ListItem\",\"position\":2,\"name\":\"Boutique\",\"item\":\"https:\/\/eurosdiscounts.com\/index.php\/boutique\/\"},{\"@type\":\"ListItem\",\"position\":3,\"name\":\"Lave-vaisselle MIELE G7130 SC IN\"}]},{\"@type\":\"WebSite\",\"@id\":\"https:\/\/eurosdiscounts.com\/#website\",\"url\":\"https:\/\/eurosdiscounts.com\/\",\"name\":\"Eurosdiscounts.com- Achat sur Internet a prix discount, Canap\u00e9s pas cher, Smartphone pas cher, pc portable pas cher..\",\"description\":\"Eurosdiscounts.com- Achat sur Internet a prix discount, Canap\u00e9s pas cher, Smartphone pas cher, pc portable pas cher..\",\"potentialAction\":[{\"@type\":\"SearchAction\",\"target\":{\"@type\":\"EntryPoint\",\"urlTemplate\":\"https:\/\/eurosdiscounts.com\/?s={search_term_string}\"},\"query-input\":{\"@type\":\"PropertyValueSpecification\",\"valueRequired\":true,\"valueName\":\"search_term_string\"}}],\"inLanguage\":\"fr-FR\"}]}<\/script>\n<!-- \/ Yoast SEO plugin. -->","yoast_head_json":{"title":"Lave-vaisselle MIELE G7130 SC IN - Eurosdiscounts.com- Achat sur Internet a prix discount, Canap\u00e9s pas cher, Smartphone pas cher, pc portable pas cher..","description":"Lave-vaisselle MIELE G7130 SC IN","robots":{"index":"index","follow":"follow","max-snippet":"max-snippet:-1","max-image-preview":"max-image-preview:large","max-video-preview":"max-video-preview:-1"},"canonical":"https:\/\/eurosdiscounts.com\/index.php\/produit\/lave-vaisselle-miele-g7130-sc-in\/","og_locale":"fr_FR","og_type":"article","og_title":"Lave-vaisselle MIELE G7130 SC IN - Eurosdiscounts.com- Achat sur Internet a prix discount, Canap\u00e9s pas cher, Smartphone pas cher, pc portable pas cher..","og_description":"Lave-vaisselle MIELE G7130 SC IN","og_url":"https:\/\/eurosdiscounts.com\/index.php\/produit\/lave-vaisselle-miele-g7130-sc-in\/","og_site_name":"Eurosdiscounts.com- Achat sur Internet a prix discount, Canap\u00e9s pas cher, Smartphone pas cher, pc portable pas cher..","og_image":[{"width":300,"height":450,"url":"https:\/\/eurosdiscounts.com\/wp-content\/uploads\/2024\/05\/miele_g7130_sc_in_t2403267732988A_135747056.png","type":"image\/png"}],"twitter_card":"summary_large_image","twitter_misc":{"Dur\u00e9e de lecture estim\u00e9e":"2 minutes"},"schema":{"@context":"https:\/\/schema.org","@graph":[{"@type":"WebPage","@id":"https:\/\/eurosdiscounts.com\/index.php\/produit\/lave-vaisselle-miele-g7130-sc-in\/","url":"https:\/\/eurosdiscounts.com\/index.php\/produit\/lave-vaisselle-miele-g7130-sc-in\/","name":"Lave-vaisselle MIELE G7130 SC IN - Eurosdiscounts.com- Achat sur Internet a prix discount, Canap\u00e9s pas cher, Smartphone pas cher, pc portable pas cher..","isPartOf":{"@id":"https:\/\/eurosdiscounts.com\/#website"},"primaryImageOfPage":{"@id":"https:\/\/eurosdiscounts.com\/index.php\/produit\/lave-vaisselle-miele-g7130-sc-in\/#primaryimage"},"image":{"@id":"https:\/\/eurosdiscounts.com\/index.php\/produit\/lave-vaisselle-miele-g7130-sc-in\/#primaryimage"},"thumbnailUrl":"https:\/\/eurosdiscounts.com\/wp-content\/uploads\/2024\/05\/miele_g7130_sc_in_t2403267732988A_135747056.png","datePublished":"2024-05-23T00:23:42+00:00","description":"Lave-vaisselle MIELE G7130 SC IN","breadcrumb":{"@id":"https:\/\/eurosdiscounts.com\/index.php\/produit\/lave-vaisselle-miele-g7130-sc-in\/#breadcrumb"},"inLanguage":"fr-FR","potentialAction":[{"@type":"ReadAction","target":["https:\/\/eurosdiscounts.com\/index.php\/produit\/lave-vaisselle-miele-g7130-sc-in\/"]}]},{"@type":"ImageObject","inLanguage":"fr-FR","@id":"https:\/\/eurosdiscounts.com\/index.php\/produit\/lave-vaisselle-miele-g7130-sc-in\/#primaryimage","url":"https:\/\/eurosdiscounts.com\/wp-content\/uploads\/2024\/05\/miele_g7130_sc_in_t2403267732988A_135747056.png","contentUrl":"https:\/\/eurosdiscounts.com\/wp-content\/uploads\/2024\/05\/miele_g7130_sc_in_t2403267732988A_135747056.png","width":300,"height":450},{"@type":"BreadcrumbList","@id":"https:\/\/eurosdiscounts.com\/index.php\/produit\/lave-vaisselle-miele-g7130-sc-in\/#breadcrumb","itemListElement":[{"@type":"ListItem","position":1,"name":"Accueil","item":"https:\/\/eurosdiscounts.com\/"},{"@type":"ListItem","position":2,"name":"Boutique","item":"https:\/\/eurosdiscounts.com\/index.php\/boutique\/"},{"@type":"ListItem","position":3,"name":"Lave-vaisselle MIELE G7130 SC IN"}]},{"@type":"WebSite","@id":"https:\/\/eurosdiscounts.com\/#website","url":"https:\/\/eurosdiscounts.com\/","name":"Eurosdiscounts.com- Achat sur Internet a prix discount, Canap\u00e9s pas cher, Smartphone pas cher, pc portable pas cher..","description":"Eurosdiscounts.com- Achat sur Internet a prix discount, Canap\u00e9s pas cher, Smartphone pas cher, pc portable pas cher..","potentialAction":[{"@type":"SearchAction","target":{"@type":"EntryPoint","urlTemplate":"https:\/\/eurosdiscounts.com\/?s={search_term_string}"},"query-input":{"@type":"PropertyValueSpecification","valueRequired":true,"valueName":"search_term_string"}}],"inLanguage":"fr-FR"}]}},"_links":{"self":[{"href":"https:\/\/eurosdiscounts.com\/index.php\/wp-json\/wp\/v2\/product\/21000","targetHints":{"allow":["GET"]}}],"collection":[{"href":"https:\/\/eurosdiscounts.com\/index.php\/wp-json\/wp\/v2\/product"}],"about":[{"href":"https:\/\/eurosdiscounts.com\/index.php\/wp-json\/wp\/v2\/types\/product"}],"replies":[{"embeddable":true,"href":"https:\/\/eurosdiscounts.com\/index.php\/wp-json\/wp\/v2\/comments?post=21000"}],"wp:featuredmedia":[{"embeddable":true,"href":"https:\/\/eurosdiscounts.com\/index.php\/wp-json\/wp\/v2\/media\/21001"}],"wp:attachment":[{"href":"https:\/\/eurosdiscounts.com\/index.php\/wp-json\/wp\/v2\/media?parent=21000"}],"wp:term":[{"taxonomy":"product_cat","embeddable":true,"href":"https:\/\/eurosdiscounts.com\/index.php\/wp-json\/wp\/v2\/product_cat?post=21000"},{"taxonomy":"product_tag","embeddable":true,"href":"https:\/\/eurosdiscounts.com\/index.php\/wp-json\/wp\/v2\/product_tag?post=21000"}],"curies":[{"name":"wp","href":"https:\/\/api.w.org\/{rel}","templated":true}]}}