{"id":20943,"date":"2024-05-23T00:22:54","date_gmt":"2024-05-22T22:22:54","guid":{"rendered":"https:\/\/eurosdiscounts.com\/?post_type=product&#038;p=20943"},"modified":"2024-05-23T00:22:54","modified_gmt":"2024-05-22T22:22:54","slug":"lave-vaisselle-miele-g-5110-scu-in","status":"publish","type":"product","link":"https:\/\/eurosdiscounts.com\/index.php\/produit\/lave-vaisselle-miele-g-5110-scu-in\/","title":{"rendered":"Lave-vaisselle MIELE G 5110 SCU IN"},"content":{"rendered":"<table class=\"font-2\">\n<tbody>\n<tr class=\"odd\">\n<th scope=\"row\">Classe \u00e9nerg\u00e9tique<\/th>\n<td class=\"font-2-b\">\n<ul class=\"characteristics\">\n<li class=\"\">D<\/li>\n<\/ul>\n<\/td>\n<\/tr>\n<tr class=\"\">\n<th scope=\"row\">Consommation d&rsquo;\u00e9nergie sur 100 cycles \u00e9co<\/th>\n<td class=\"font-2-b\">\n<ul class=\"characteristics\">\n<li class=\"\">84 kWh<\/li>\n<\/ul>\n<\/td>\n<\/tr>\n<tr class=\"odd\">\n<th scope=\"row\">Cat\u00e9gorie de niveau sonore<\/th>\n<td class=\"font-2-b\">\n<ul class=\"characteristics\">\n<li class=\"\">C<\/li>\n<\/ul>\n<\/td>\n<\/tr>\n<tr class=\"\">\n<th scope=\"row\">Nombre de couverts<\/th>\n<td class=\"font-2-b\">\n<ul class=\"characteristics\">\n<li class=\"\">14<\/li>\n<\/ul>\n<\/td>\n<\/tr>\n<tr class=\"odd\">\n<th scope=\"row\">Consommation d&rsquo;eau par cycle<\/th>\n<td class=\"font-2-b\">\n<ul class=\"characteristics\">\n<li class=\"\">8,5 l<\/li>\n<\/ul>\n<\/td>\n<\/tr>\n<tr class=\"\">\n<th scope=\"row\">Dur\u00e9e du programme \u00e9co<\/th>\n<td class=\"font-2-b\">\n<ul class=\"characteristics\">\n<li class=\"\">265 min<\/li>\n<\/ul>\n<\/td>\n<\/tr>\n<tr class=\"odd\">\n<th scope=\"row\">Niveau sonore<\/th>\n<td class=\"font-2-b\">\n<ul class=\"characteristics\">\n<li class=\"\">45 dB<\/li>\n<\/ul>\n<\/td>\n<\/tr>\n<tr class=\"\">\n<th scope=\"row\">Fonctionnalit\u00e9s du lave vaisselle<\/th>\n<td class=\"font-2-b\">\n<ul class=\"characteristics\">\n<li class=\"\">Affichage du temps restant<\/li>\n<li class=\"\">D\u00e9part diff\u00e9r\u00e9<\/li>\n<\/ul>\n<\/td>\n<\/tr>\n<tr class=\"odd\">\n<th scope=\"row\">Type de pose<\/th>\n<td class=\"font-2-b\">\n<ul class=\"characteristics\">\n<li class=\"\">Encastrable<\/li>\n<\/ul>\n<\/td>\n<\/tr>\n<tr class=\"\">\n<th scope=\"row\">Format du lave vaisselle<\/th>\n<td class=\"font-2-b\">\n<ul class=\"characteristics\">\n<li class=\"\">60 cm<\/li>\n<\/ul>\n<\/td>\n<\/tr>\n<tr class=\"odd\">\n<th scope=\"row\">Emplacement commandes<\/th>\n<td class=\"font-2-b\">\n<ul class=\"characteristics\">\n<li class=\"\">Apparent (face avant)<\/li>\n<\/ul>\n<\/td>\n<\/tr>\n<tr class=\"\">\n<th scope=\"row\">Plinthes basses<\/th>\n<td class=\"font-2-b\">\n<ul class=\"characteristics\">\n<li class=\"\">Oui<\/li>\n<\/ul>\n<\/td>\n<\/tr>\n<tr class=\"odd\">\n<th scope=\"row\">Poids<\/th>\n<td class=\"font-2-b\">\n<ul class=\"characteristics\">\n<li class=\"\">45 kg<\/li>\n<\/ul>\n<\/td>\n<\/tr>\n<tr class=\"\">\n<th scope=\"row\">Hauteur<\/th>\n<td class=\"font-2-b\">\n<ul class=\"characteristics\">\n<li class=\"\">80,5 cm<\/li>\n<\/ul>\n<\/td>\n<\/tr>\n<tr class=\"odd\">\n<th scope=\"row\">Largeur<\/th>\n<td class=\"font-2-b\">\n<ul class=\"characteristics\">\n<li class=\"\">59,8 cm<\/li>\n<\/ul>\n<\/td>\n<\/tr>\n<tr class=\"\">\n<th scope=\"row\">Profondeur du produit<\/th>\n<td class=\"font-2-b\">\n<ul class=\"characteristics\">\n<li class=\"\">57 cm<\/li>\n<\/ul>\n<\/td>\n<\/tr>\n<tr class=\"odd\">\n<th scope=\"row\">Connect\u00e9<\/th>\n<td class=\"font-2-b\">\n<ul class=\"characteristics\">\n<li class=\"\">Non<\/li>\n<\/ul>\n<\/td>\n<\/tr>\n<tr class=\"\">\n<th scope=\"row\">Nombre de programmes<\/th>\n<td class=\"font-2-b\">\n<ul class=\"characteristics\">\n<li class=\"\">5<\/li>\n<\/ul>\n<\/td>\n<\/tr>\n<tr class=\"odd\">\n<th scope=\"row\">Programmes<\/th>\n<td class=\"font-2-b\">\n<ul class=\"characteristics\">\n<li class=\"\">ECO, Automatic 45-65\u00b0C, Intensif 75\u00b0, Fragile 45\u00b0C, QuickPowerWash 65\u00b0C<\/li>\n<\/ul>\n<\/td>\n<\/tr>\n<tr class=\"\">\n<th scope=\"row\">S\u00e9curit\u00e9<\/th>\n<td class=\"font-2-b\">\n<ul class=\"characteristics\">\n<li class=\"\">Verrouillage S\u00e9curit\u00e9 enfants, Raccordement eau chaude et eau froide, Aquas\u00e9curit\u00e9: protection absolue contre les fuites d\u2019eau<\/li>\n<\/ul>\n<\/td>\n<\/tr>\n<tr class=\"odd\">\n<th scope=\"row\">Caract\u00e9ristiques compl\u00e9mentaires<\/th>\n<td class=\"font-2-b\">\n<ul class=\"characteristics\">\n<li class=\"\">Lave-vaisselle encastrable la qualit\u00e9 \u00e9prouv\u00e9e Miele \u00e0 un premier prix avantageux.<\/li>\n<\/ul>\n<\/td>\n<\/tr>\n<tr class=\"\">\n<th scope=\"row\">Garantie d&rsquo;origine<\/th>\n<td class=\"font-2-b\">\n<ul class=\"characteristics\">\n<li class=\"\">2 ans<\/li>\n<\/ul>\n<\/td>\n<\/tr>\n<tr class=\"odd\">\n<th scope=\"row\">Couleur<\/th>\n<td class=\"font-2-b\">\n<ul class=\"characteristics\">\n<li class=\"\">INOX<\/li>\n<\/ul>\n<\/td>\n<\/tr>\n<tr class=\"\">\n<th scope=\"row\">Finition bandeau<\/th>\n<td class=\"font-2-b\">\n<ul class=\"characteristics\">\n<li class=\"\">Inox<\/li>\n<\/ul>\n<\/td>\n<\/tr>\n<tr class=\"odd\">\n<th scope=\"row\">Co\u00fbt estim\u00e9 d&rsquo;utilisation sur 100 cycles<\/th>\n<td class=\"font-2-b\">\n<ul class=\"characteristics\">\n<li class=\"\">23 Euros<\/li>\n<\/ul>\n<\/td>\n<\/tr>\n<tr class=\"\">\n<th scope=\"row\">Pays de fabrication<\/th>\n<td class=\"font-2-b\">\n<ul class=\"characteristics\">\n<li class=\"\">R\u00e9publique Tch\u00e8que<\/li>\n<\/ul>\n<\/td>\n<\/tr>\n<tr class=\"odd\">\n<th scope=\"row\">Origine de fabrication<\/th>\n<td class=\"font-2-b\">\n<ul class=\"characteristics\">\n<li class=\"\">Fabriqu\u00e9 en Europe<\/li>\n<\/ul>\n<\/td>\n<\/tr>\n<tr class=\"\">\n<th scope=\"row\">Consommation d&rsquo;\u00e9nergie sur 100 cycles &#8211; lavage<\/th>\n<td class=\"font-2-b\">\n<ul class=\"characteristics\">\n<li class=\"\">84 kWh<\/li>\n<\/ul>\n<\/td>\n<\/tr>\n<tr class=\"odd\">\n<th scope=\"row\">Disponibilit\u00e9 des pi\u00e8ces d\u00e9tach\u00e9es<\/th>\n<td class=\"font-2-b\">\n<ul class=\"characteristics\">\n<li class=\"\">15 ans<\/li>\n<\/ul>\n<\/td>\n<\/tr>\n<tr class=\"\">\n<th scope=\"row\">Code<\/th>\n<td class=\"font-2-b\">\n<ul class=\"characteristics\">\n<li class=\"\">7687249<\/li>\n<\/ul>\n<\/td>\n<\/tr>\n<\/tbody>\n<\/table>\n","protected":false},"excerpt":{"rendered":"<p class=\"product_section_title font-2-b\">Les points forts<\/p>\n<ul class=\"product_details_items font-2-l\">\n<li class=\"product_details_item ellipsis ellipsis-2lines\">Largeur 60 cm (14 couverts) &#8211; 45 dB (classe sonore C)<\/li>\n<li class=\"product_details_item ellipsis ellipsis-2lines\">Consommation d&rsquo;eau 8.5 L\/cycle &#8211; Classe \u00e9nerg\u00e9tique D<\/li>\n<li class=\"product_details_item ellipsis ellipsis-2lines\">D\u00e9part diff\u00e9r\u00e9 \/ Affichage du temps restant<\/li>\n<li class=\"product_details_item ellipsis ellipsis-2lines\">Extra Clean et Extra Dry &#8211; Fermeture ComfortClose<\/li>\n<\/ul>\n<div id=\"product_description\" class=\"product_bloc_aside product_bloc_description anchor\" data-automation-id=\"product_bloc_description\">\n<div class=\"product_bloc_content bloc ombre font-2\">\n<div class=\"columns\">\n<div><b>Le lave-vaisselle Miele\u00a0G 5110 SCU IN, est dot\u00e9 d&rsquo;une capacit\u00e9 de 14 couverts, 5 programmes, 2 options dont l&rsquo;option Express Extra Clean et de supports FlexCare. L&rsquo;appareil est dot\u00e9 du syst\u00e8me ComfortClose, qui permet une fermeture tout en douceur.<\/b><\/div>\n<div>\n<p><b>\u00a0<\/b><\/p>\n<p><b>Programme QuickPowerWash<\/b><\/p>\n<p>Ce programme permet d&rsquo;avoir les meilleurs r\u00e9sultats de nettoyage et de s\u00e9chage (classe d&rsquo;efficacit\u00e9 A) en 58 minutes seulement.<\/p>\n<p><b>Tiroir \u00e0 couverts<\/b><\/p>\n<p>Tous les couverts sont rang\u00e9s s\u00e9par\u00e9ment pour \u00e9viter le risque de rayure. La salissure est totalement \u00e9limin\u00e9e et les couverts sont parfaitement s\u00e9ch\u00e9s.<\/p>\n<p><b>Paniers FlexLine Comfort<\/b><\/p>\n<p>Avec supports FlexCare : pour un maintien stable des verres \u00e0 pied et s\u00e9chage sans trace gr\u00e2ce au silicone souple.<\/p>\n<p><b>Programme Automatic 45-65\u00b0C<\/b><\/p>\n<p>Il reconna\u00eet le taux de chargement et ajuste automatiquement la temp\u00e9rature, la quantit\u00e9 et la consommation d&rsquo;\u00e9nergie selon le degr\u00e9 de salissure de la vaisselle.<\/p>\n<p><b>Programme Eco<\/b><\/p>\n<p>Il vous permet de retrouver une vaisselle \u00e9tincelante tout en \u00e9conomisant l&rsquo;eau et l&rsquo;\u00e9nergie.<\/p>\n<p><b>Programme Intensif \u00e0 75\u00b0C<\/b><\/p>\n<p>Pour la vaisselle tr\u00e8s sale, ce programme assure un nettoyage efficace des plats tr\u00e8s gras et tr\u00e8s sales, comme les plats \u00e0 gratin ou les cocottes.<\/p>\n<p><b>Syst\u00e8me d&rsquo;arriv\u00e9e d&rsquo;eau intelligente<\/b><\/p>\n<p>R\u00e9alisez des \u00e9conomies d&rsquo;eau gr\u00e2ce \u00e0 un syst\u00e8me d&rsquo;arriv\u00e9e d&rsquo;eau intelligemment con\u00e7u et \u00e0 un nouveau syst\u00e8me de filtration tr\u00e8s efficace. Une isolation suppl\u00e9mentaire r\u00e9duit les pertes de chaleur et donc l&rsquo;\u00e9nergie n\u00e9cessaire pour chauffer l&rsquo;eau.<\/p>\n<p><b>D\u00e9part diff\u00e9r\u00e9<\/b><\/p>\n<p>Programmez la mise en marche de l&rsquo;appareil \u00e0 l&rsquo;avance afin de b\u00e9n\u00e9ficier des tarifs \u00a0\u00bb heures creuses\u00a0\u00bb gr\u00e2ce au\u00a0 d\u00e9part diff\u00e9r\u00e9. Afin de g\u00e9rer au mieux votre temps, ce lave-vaisselle poss\u00e8de l&rsquo; affichage du temps restant.<\/p>\n<p><b>ComfortClose<\/b><\/p>\n<p>Tr\u00e8s commode : la porte s&rsquo;ouvre facilement et se maintien dans la position souhait\u00e9e.<\/p>\n<p><b>Lave-vaisselle pr\u00eat-\u00e0-encastrer<\/b><\/p>\n<p>Id\u00e9al pour remplacer un ancien lave-vaisselle dans des cuisines d\u00e9j\u00e0 install\u00e9es.<\/p>\n<p>Cet appareil peut s&rsquo;encastrer sous un plan de travail. Il est livr\u00e9 sans plan de travail, avec une fa\u00e7ade (inox) et une plinthe amovible.<\/p>\n<\/div>\n<\/div>\n<\/div>\n<\/div>\n<div id=\"product_brand\" class=\"product_bloc_aside product_bloc_brand anchor\"><\/div>\n<div id=\"product_caracteristics\" class=\"product_bloc_aside product_bloc_caracteristics anchor\" data-automation-id=\"product_table_characteristics\">\n<div id=\"test\"><\/div>\n<\/div>\n","protected":false},"featured_media":20944,"comment_status":"open","ping_status":"closed","template":"","meta":[],"product_cat":[174],"product_tag":[],"class_list":{"0":"post-20943","1":"product","2":"type-product","3":"status-publish","4":"has-post-thumbnail","6":"product_brand-miele","7":"product_cat-lave-vaisselle","9":"first","10":"instock","11":"sale","12":"shipping-taxable","13":"purchasable","14":"product-type-simple","15":"col-xs-6 col-sm-4","16":"col-md-3 col-lg-3","17":"un-4-cols"},"yoast_head":"<!-- This site is optimized with the Yoast SEO plugin v27.0 - https:\/\/yoast.com\/product\/yoast-seo-wordpress\/ -->\n<title>Lave-vaisselle MIELE G 5110 SCU IN - Eurosdiscounts.com- Achat sur Internet a prix discount, Canap\u00e9s pas cher, Smartphone pas cher, pc portable pas cher..<\/title>\n<meta name=\"description\" content=\"Lave-vaisselle MIELE G 5110 SCU IN\" \/>\n<meta name=\"robots\" content=\"index, follow, max-snippet:-1, max-image-preview:large, max-video-preview:-1\" \/>\n<link rel=\"canonical\" href=\"https:\/\/eurosdiscounts.com\/index.php\/produit\/lave-vaisselle-miele-g-5110-scu-in\/\" \/>\n<meta property=\"og:locale\" content=\"fr_FR\" \/>\n<meta property=\"og:type\" content=\"article\" \/>\n<meta property=\"og:title\" content=\"Lave-vaisselle MIELE G 5110 SCU IN - Eurosdiscounts.com- Achat sur Internet a prix discount, Canap\u00e9s pas cher, Smartphone pas cher, pc portable pas cher..\" \/>\n<meta property=\"og:description\" content=\"Lave-vaisselle MIELE G 5110 SCU IN\" \/>\n<meta property=\"og:url\" content=\"https:\/\/eurosdiscounts.com\/index.php\/produit\/lave-vaisselle-miele-g-5110-scu-in\/\" \/>\n<meta property=\"og:site_name\" content=\"Eurosdiscounts.com- Achat sur Internet a prix discount, Canap\u00e9s pas cher, Smartphone pas cher, pc portable pas cher..\" \/>\n<meta property=\"og:image\" content=\"https:\/\/eurosdiscounts.com\/wp-content\/uploads\/2024\/05\/miele_g_5110_scu_in_t2401057687249A_155751103.png\" \/>\n\t<meta property=\"og:image:width\" content=\"300\" \/>\n\t<meta property=\"og:image:height\" content=\"450\" \/>\n\t<meta property=\"og:image:type\" content=\"image\/png\" \/>\n<meta name=\"twitter:card\" content=\"summary_large_image\" \/>\n<meta name=\"twitter:label1\" content=\"Dur\u00e9e de lecture estim\u00e9e\" \/>\n\t<meta name=\"twitter:data1\" content=\"2 minutes\" \/>\n<script type=\"application\/ld+json\" class=\"yoast-schema-graph\">{\"@context\":\"https:\/\/schema.org\",\"@graph\":[{\"@type\":\"WebPage\",\"@id\":\"https:\/\/eurosdiscounts.com\/index.php\/produit\/lave-vaisselle-miele-g-5110-scu-in\/\",\"url\":\"https:\/\/eurosdiscounts.com\/index.php\/produit\/lave-vaisselle-miele-g-5110-scu-in\/\",\"name\":\"Lave-vaisselle MIELE G 5110 SCU IN - Eurosdiscounts.com- Achat sur Internet a prix discount, Canap\u00e9s pas cher, Smartphone pas cher, pc portable pas cher..\",\"isPartOf\":{\"@id\":\"https:\/\/eurosdiscounts.com\/#website\"},\"primaryImageOfPage\":{\"@id\":\"https:\/\/eurosdiscounts.com\/index.php\/produit\/lave-vaisselle-miele-g-5110-scu-in\/#primaryimage\"},\"image\":{\"@id\":\"https:\/\/eurosdiscounts.com\/index.php\/produit\/lave-vaisselle-miele-g-5110-scu-in\/#primaryimage\"},\"thumbnailUrl\":\"https:\/\/eurosdiscounts.com\/wp-content\/uploads\/2024\/05\/miele_g_5110_scu_in_t2401057687249A_155751103.png\",\"datePublished\":\"2024-05-22T22:22:54+00:00\",\"description\":\"Lave-vaisselle MIELE G 5110 SCU IN\",\"breadcrumb\":{\"@id\":\"https:\/\/eurosdiscounts.com\/index.php\/produit\/lave-vaisselle-miele-g-5110-scu-in\/#breadcrumb\"},\"inLanguage\":\"fr-FR\",\"potentialAction\":[{\"@type\":\"ReadAction\",\"target\":[\"https:\/\/eurosdiscounts.com\/index.php\/produit\/lave-vaisselle-miele-g-5110-scu-in\/\"]}]},{\"@type\":\"ImageObject\",\"inLanguage\":\"fr-FR\",\"@id\":\"https:\/\/eurosdiscounts.com\/index.php\/produit\/lave-vaisselle-miele-g-5110-scu-in\/#primaryimage\",\"url\":\"https:\/\/eurosdiscounts.com\/wp-content\/uploads\/2024\/05\/miele_g_5110_scu_in_t2401057687249A_155751103.png\",\"contentUrl\":\"https:\/\/eurosdiscounts.com\/wp-content\/uploads\/2024\/05\/miele_g_5110_scu_in_t2401057687249A_155751103.png\",\"width\":300,\"height\":450},{\"@type\":\"BreadcrumbList\",\"@id\":\"https:\/\/eurosdiscounts.com\/index.php\/produit\/lave-vaisselle-miele-g-5110-scu-in\/#breadcrumb\",\"itemListElement\":[{\"@type\":\"ListItem\",\"position\":1,\"name\":\"Accueil\",\"item\":\"https:\/\/eurosdiscounts.com\/\"},{\"@type\":\"ListItem\",\"position\":2,\"name\":\"Boutique\",\"item\":\"https:\/\/eurosdiscounts.com\/index.php\/boutique\/\"},{\"@type\":\"ListItem\",\"position\":3,\"name\":\"Lave-vaisselle MIELE G 5110 SCU IN\"}]},{\"@type\":\"WebSite\",\"@id\":\"https:\/\/eurosdiscounts.com\/#website\",\"url\":\"https:\/\/eurosdiscounts.com\/\",\"name\":\"Eurosdiscounts.com- Achat sur Internet a prix discount, Canap\u00e9s pas cher, Smartphone pas cher, pc portable pas cher..\",\"description\":\"Eurosdiscounts.com- Achat sur Internet a prix discount, Canap\u00e9s pas cher, Smartphone pas cher, pc portable pas cher..\",\"potentialAction\":[{\"@type\":\"SearchAction\",\"target\":{\"@type\":\"EntryPoint\",\"urlTemplate\":\"https:\/\/eurosdiscounts.com\/?s={search_term_string}\"},\"query-input\":{\"@type\":\"PropertyValueSpecification\",\"valueRequired\":true,\"valueName\":\"search_term_string\"}}],\"inLanguage\":\"fr-FR\"}]}<\/script>\n<!-- \/ Yoast SEO plugin. -->","yoast_head_json":{"title":"Lave-vaisselle MIELE G 5110 SCU IN - Eurosdiscounts.com- Achat sur Internet a prix discount, Canap\u00e9s pas cher, Smartphone pas cher, pc portable pas cher..","description":"Lave-vaisselle MIELE G 5110 SCU IN","robots":{"index":"index","follow":"follow","max-snippet":"max-snippet:-1","max-image-preview":"max-image-preview:large","max-video-preview":"max-video-preview:-1"},"canonical":"https:\/\/eurosdiscounts.com\/index.php\/produit\/lave-vaisselle-miele-g-5110-scu-in\/","og_locale":"fr_FR","og_type":"article","og_title":"Lave-vaisselle MIELE G 5110 SCU IN - Eurosdiscounts.com- Achat sur Internet a prix discount, Canap\u00e9s pas cher, Smartphone pas cher, pc portable pas cher..","og_description":"Lave-vaisselle MIELE G 5110 SCU IN","og_url":"https:\/\/eurosdiscounts.com\/index.php\/produit\/lave-vaisselle-miele-g-5110-scu-in\/","og_site_name":"Eurosdiscounts.com- Achat sur Internet a prix discount, Canap\u00e9s pas cher, Smartphone pas cher, pc portable pas cher..","og_image":[{"width":300,"height":450,"url":"https:\/\/eurosdiscounts.com\/wp-content\/uploads\/2024\/05\/miele_g_5110_scu_in_t2401057687249A_155751103.png","type":"image\/png"}],"twitter_card":"summary_large_image","twitter_misc":{"Dur\u00e9e de lecture estim\u00e9e":"2 minutes"},"schema":{"@context":"https:\/\/schema.org","@graph":[{"@type":"WebPage","@id":"https:\/\/eurosdiscounts.com\/index.php\/produit\/lave-vaisselle-miele-g-5110-scu-in\/","url":"https:\/\/eurosdiscounts.com\/index.php\/produit\/lave-vaisselle-miele-g-5110-scu-in\/","name":"Lave-vaisselle MIELE G 5110 SCU IN - Eurosdiscounts.com- Achat sur Internet a prix discount, Canap\u00e9s pas cher, Smartphone pas cher, pc portable pas cher..","isPartOf":{"@id":"https:\/\/eurosdiscounts.com\/#website"},"primaryImageOfPage":{"@id":"https:\/\/eurosdiscounts.com\/index.php\/produit\/lave-vaisselle-miele-g-5110-scu-in\/#primaryimage"},"image":{"@id":"https:\/\/eurosdiscounts.com\/index.php\/produit\/lave-vaisselle-miele-g-5110-scu-in\/#primaryimage"},"thumbnailUrl":"https:\/\/eurosdiscounts.com\/wp-content\/uploads\/2024\/05\/miele_g_5110_scu_in_t2401057687249A_155751103.png","datePublished":"2024-05-22T22:22:54+00:00","description":"Lave-vaisselle MIELE G 5110 SCU IN","breadcrumb":{"@id":"https:\/\/eurosdiscounts.com\/index.php\/produit\/lave-vaisselle-miele-g-5110-scu-in\/#breadcrumb"},"inLanguage":"fr-FR","potentialAction":[{"@type":"ReadAction","target":["https:\/\/eurosdiscounts.com\/index.php\/produit\/lave-vaisselle-miele-g-5110-scu-in\/"]}]},{"@type":"ImageObject","inLanguage":"fr-FR","@id":"https:\/\/eurosdiscounts.com\/index.php\/produit\/lave-vaisselle-miele-g-5110-scu-in\/#primaryimage","url":"https:\/\/eurosdiscounts.com\/wp-content\/uploads\/2024\/05\/miele_g_5110_scu_in_t2401057687249A_155751103.png","contentUrl":"https:\/\/eurosdiscounts.com\/wp-content\/uploads\/2024\/05\/miele_g_5110_scu_in_t2401057687249A_155751103.png","width":300,"height":450},{"@type":"BreadcrumbList","@id":"https:\/\/eurosdiscounts.com\/index.php\/produit\/lave-vaisselle-miele-g-5110-scu-in\/#breadcrumb","itemListElement":[{"@type":"ListItem","position":1,"name":"Accueil","item":"https:\/\/eurosdiscounts.com\/"},{"@type":"ListItem","position":2,"name":"Boutique","item":"https:\/\/eurosdiscounts.com\/index.php\/boutique\/"},{"@type":"ListItem","position":3,"name":"Lave-vaisselle MIELE G 5110 SCU IN"}]},{"@type":"WebSite","@id":"https:\/\/eurosdiscounts.com\/#website","url":"https:\/\/eurosdiscounts.com\/","name":"Eurosdiscounts.com- Achat sur Internet a prix discount, Canap\u00e9s pas cher, Smartphone pas cher, pc portable pas cher..","description":"Eurosdiscounts.com- Achat sur Internet a prix discount, Canap\u00e9s pas cher, Smartphone pas cher, pc portable pas cher..","potentialAction":[{"@type":"SearchAction","target":{"@type":"EntryPoint","urlTemplate":"https:\/\/eurosdiscounts.com\/?s={search_term_string}"},"query-input":{"@type":"PropertyValueSpecification","valueRequired":true,"valueName":"search_term_string"}}],"inLanguage":"fr-FR"}]}},"_links":{"self":[{"href":"https:\/\/eurosdiscounts.com\/index.php\/wp-json\/wp\/v2\/product\/20943","targetHints":{"allow":["GET"]}}],"collection":[{"href":"https:\/\/eurosdiscounts.com\/index.php\/wp-json\/wp\/v2\/product"}],"about":[{"href":"https:\/\/eurosdiscounts.com\/index.php\/wp-json\/wp\/v2\/types\/product"}],"replies":[{"embeddable":true,"href":"https:\/\/eurosdiscounts.com\/index.php\/wp-json\/wp\/v2\/comments?post=20943"}],"wp:featuredmedia":[{"embeddable":true,"href":"https:\/\/eurosdiscounts.com\/index.php\/wp-json\/wp\/v2\/media\/20944"}],"wp:attachment":[{"href":"https:\/\/eurosdiscounts.com\/index.php\/wp-json\/wp\/v2\/media?parent=20943"}],"wp:term":[{"taxonomy":"product_cat","embeddable":true,"href":"https:\/\/eurosdiscounts.com\/index.php\/wp-json\/wp\/v2\/product_cat?post=20943"},{"taxonomy":"product_tag","embeddable":true,"href":"https:\/\/eurosdiscounts.com\/index.php\/wp-json\/wp\/v2\/product_tag?post=20943"}],"curies":[{"name":"wp","href":"https:\/\/api.w.org\/{rel}","templated":true}]}}