{"id":20927,"date":"2024-05-23T00:02:52","date_gmt":"2024-05-22T22:02:52","guid":{"rendered":"https:\/\/eurosdiscounts.com\/?post_type=product&#038;p=20927"},"modified":"2024-05-23T00:02:52","modified_gmt":"2024-05-22T22:02:52","slug":"lave-vaisselle-miele-g-5110-bb","status":"publish","type":"product","link":"https:\/\/eurosdiscounts.com\/index.php\/produit\/lave-vaisselle-miele-g-5110-bb\/","title":{"rendered":"Lave-vaisselle MIELE G 5110 BB"},"content":{"rendered":"<table class=\"font-2\">\n<tbody>\n<tr class=\"odd\">\n<th scope=\"row\">Classe \u00e9nerg\u00e9tique<\/th>\n<td class=\"font-2-b\">\n<ul class=\"characteristics\">\n<li class=\"\">D<\/li>\n<\/ul>\n<\/td>\n<\/tr>\n<tr class=\"\">\n<th scope=\"row\">Consommation d&rsquo;\u00e9nergie sur 100 cycles \u00e9co<\/th>\n<td class=\"font-2-b\">\n<ul class=\"characteristics\">\n<li class=\"\">84 kWh<\/li>\n<\/ul>\n<\/td>\n<\/tr>\n<tr class=\"odd\">\n<th scope=\"row\">Cat\u00e9gorie de niveau sonore<\/th>\n<td class=\"font-2-b\">\n<ul class=\"characteristics\">\n<li class=\"\">C<\/li>\n<\/ul>\n<\/td>\n<\/tr>\n<tr class=\"\">\n<th scope=\"row\">Nombre de couverts<\/th>\n<td class=\"font-2-b\">\n<ul class=\"characteristics\">\n<li class=\"\">13<\/li>\n<\/ul>\n<\/td>\n<\/tr>\n<tr class=\"odd\">\n<th scope=\"row\">Consommation d&rsquo;eau par cycle<\/th>\n<td class=\"font-2-b\">\n<ul class=\"characteristics\">\n<li class=\"\">8,5 l<\/li>\n<\/ul>\n<\/td>\n<\/tr>\n<tr class=\"\">\n<th scope=\"row\">Dur\u00e9e du programme \u00e9co<\/th>\n<td class=\"font-2-b\">\n<ul class=\"characteristics\">\n<li class=\"\">255 min<\/li>\n<\/ul>\n<\/td>\n<\/tr>\n<tr class=\"odd\">\n<th scope=\"row\">Niveau sonore<\/th>\n<td class=\"font-2-b\">\n<ul class=\"characteristics\">\n<li class=\"\">45 dB<\/li>\n<\/ul>\n<\/td>\n<\/tr>\n<tr class=\"\">\n<th scope=\"row\">Fonctionnalit\u00e9s du lave vaisselle<\/th>\n<td class=\"font-2-b\">\n<ul class=\"characteristics\">\n<li class=\"\">Affichage du temps restant<\/li>\n<li class=\"\">D\u00e9part diff\u00e9r\u00e9<\/li>\n<\/ul>\n<\/td>\n<\/tr>\n<tr class=\"odd\">\n<th scope=\"row\">Type de pose<\/th>\n<td class=\"font-2-b\">\n<ul class=\"characteristics\">\n<li class=\"\">Pose libre<\/li>\n<\/ul>\n<\/td>\n<\/tr>\n<tr class=\"\">\n<th scope=\"row\">Format du lave vaisselle<\/th>\n<td class=\"font-2-b\">\n<ul class=\"characteristics\">\n<li class=\"\">60 cm<\/li>\n<\/ul>\n<\/td>\n<\/tr>\n<tr class=\"odd\">\n<th scope=\"row\">Emplacement commandes<\/th>\n<td class=\"font-2-b\">\n<ul class=\"characteristics\">\n<li class=\"\">Apparent (face avant)<\/li>\n<\/ul>\n<\/td>\n<\/tr>\n<tr class=\"\">\n<th scope=\"row\">Plinthes basses<\/th>\n<td class=\"font-2-b\">\n<ul class=\"characteristics\">\n<li class=\"\">Oui<\/li>\n<\/ul>\n<\/td>\n<\/tr>\n<tr class=\"odd\">\n<th scope=\"row\">Poids<\/th>\n<td class=\"font-2-b\">\n<ul class=\"characteristics\">\n<li class=\"\">52,5 kg<\/li>\n<\/ul>\n<\/td>\n<\/tr>\n<tr class=\"\">\n<th scope=\"row\">Hauteur<\/th>\n<td class=\"font-2-b\">\n<ul class=\"characteristics\">\n<li class=\"\">84,5 cm<\/li>\n<\/ul>\n<\/td>\n<\/tr>\n<tr class=\"odd\">\n<th scope=\"row\">Largeur<\/th>\n<td class=\"font-2-b\">\n<ul class=\"characteristics\">\n<li class=\"\">59,8 cm<\/li>\n<\/ul>\n<\/td>\n<\/tr>\n<tr class=\"\">\n<th scope=\"row\">Profondeur du produit<\/th>\n<td class=\"font-2-b\">\n<ul class=\"characteristics\">\n<li class=\"\">60 cm<\/li>\n<\/ul>\n<\/td>\n<\/tr>\n<tr class=\"odd\">\n<th scope=\"row\">Nombre de programmes<\/th>\n<td class=\"font-2-b\">\n<ul class=\"characteristics\">\n<li class=\"\">5<\/li>\n<\/ul>\n<\/td>\n<\/tr>\n<tr class=\"\">\n<th scope=\"row\">Programmes<\/th>\n<td class=\"font-2-b\">\n<ul class=\"characteristics\">\n<li class=\"\">5 programmes (ECO, Automatic 45-65\u00b0C, Intensif 75\u00b0, Fragile 45\u00b0C, QuickPowerWash 65\u00b0C)<\/li>\n<\/ul>\n<\/td>\n<\/tr>\n<tr class=\"odd\">\n<th scope=\"row\">S\u00e9curit\u00e9<\/th>\n<td class=\"font-2-b\">\n<ul class=\"characteristics\">\n<li class=\"\">Verrouillage S\u00e9curit\u00e9 enfants, Raccordement eau chaude et eau froide, Aquas\u00e9curit\u00e9: protection absolue contre les fuites d\u2019eau<\/li>\n<\/ul>\n<\/td>\n<\/tr>\n<tr class=\"\">\n<th scope=\"row\">Temp\u00e9rature de lavage<\/th>\n<td class=\"font-2-b\">\n<ul class=\"characteristics\">\n<li class=\"\">Automatic 45-65\u00b0C, Intensif 75\u00b0, Fragile 45\u00b0C, QuickPowerWash 65\u00b0C<\/li>\n<\/ul>\n<\/td>\n<\/tr>\n<tr class=\"odd\">\n<th scope=\"row\">Avantages produits<\/th>\n<td class=\"font-2-b\">\n<ul class=\"characteristics\">\n<li class=\"\">Paniers FlexLine Comfort<\/li>\n<\/ul>\n<\/td>\n<\/tr>\n<tr class=\"\">\n<th scope=\"row\">Caract\u00e9ristiques compl\u00e9mentaires<\/th>\n<td class=\"font-2-b\">\n<ul class=\"characteristics\">\n<li class=\"\">Un syst\u00e8me d&rsquo;arriv\u00e9e d&rsquo;eau intelligemment con\u00e7u et \u00e0 un nouveau syst\u00e8me de filtration tr\u00e8s efficace<\/li>\n<\/ul>\n<\/td>\n<\/tr>\n<tr class=\"odd\">\n<th scope=\"row\">Couleur<\/th>\n<td class=\"font-2-b\">\n<ul class=\"characteristics\">\n<li class=\"\">BLANC<\/li>\n<\/ul>\n<\/td>\n<\/tr>\n<tr class=\"\">\n<th scope=\"row\">Finition bandeau<\/th>\n<td class=\"font-2-b\">\n<ul class=\"characteristics\">\n<li class=\"\">Blanc<\/li>\n<\/ul>\n<\/td>\n<\/tr>\n<tr class=\"odd\">\n<th scope=\"row\">Co\u00fbt estim\u00e9 d&rsquo;utilisation sur 100 cycles<\/th>\n<td class=\"font-2-b\">\n<ul class=\"characteristics\">\n<li class=\"\">17 Euros<\/li>\n<\/ul>\n<\/td>\n<\/tr>\n<tr class=\"\">\n<th scope=\"row\">Indice de r\u00e9parabilit\u00e9<\/th>\n<td class=\"font-2-b\">\n<ul class=\"characteristics\">\n<li class=\"\">6,8 \/10<\/li>\n<\/ul>\n<\/td>\n<\/tr>\n<tr class=\"odd\">\n<th scope=\"row\">Pays de fabrication<\/th>\n<td class=\"font-2-b\">\n<ul class=\"characteristics\">\n<li class=\"\">R\u00e9publique Tch\u00e8que<\/li>\n<\/ul>\n<\/td>\n<\/tr>\n<tr class=\"\">\n<th scope=\"row\">Origine de fabrication<\/th>\n<td class=\"font-2-b\">\n<ul class=\"characteristics\">\n<li class=\"\">Fabriqu\u00e9 en Europe<\/li>\n<\/ul>\n<\/td>\n<\/tr>\n<tr class=\"odd\">\n<th scope=\"row\">Consommation d&rsquo;\u00e9nergie sur 100 cycles &#8211; lavage<\/th>\n<td class=\"font-2-b\">\n<ul class=\"characteristics\">\n<li class=\"\">83 kWh<\/li>\n<\/ul>\n<\/td>\n<\/tr>\n<tr class=\"\">\n<th scope=\"row\">Disponibilit\u00e9 des pi\u00e8ces d\u00e9tach\u00e9es<\/th>\n<td class=\"font-2-b\">\n<ul class=\"characteristics\">\n<li class=\"\">15 ans<\/li>\n<\/ul>\n<\/td>\n<\/tr>\n<tr class=\"odd\">\n<th scope=\"row\">Code<\/th>\n<td class=\"font-2-b\">\n<ul class=\"characteristics\">\n<li class=\"\">7545444<\/li>\n<\/ul>\n<\/td>\n<\/tr>\n<\/tbody>\n<\/table>\n","protected":false},"excerpt":{"rendered":"<p class=\"product_section_title font-2-b\">Les points forts<\/p>\n<ul class=\"product_details_items font-2-l\">\n<li class=\"product_details_item ellipsis ellipsis-2lines\">Largeur 60 cm (13 couverts) &#8211; 45dB (classe sonore C)<\/li>\n<li class=\"product_details_item ellipsis ellipsis-2lines\">Consommation d&rsquo;eau 8.9 L\/cycle &#8211; Classe \u00e9nerg\u00e9tique D<\/li>\n<li class=\"product_details_item ellipsis ellipsis-2lines\">D\u00e9part diff\u00e9r\u00e9 \/ Affichage du temps restant<\/li>\n<li class=\"product_details_item ellipsis ellipsis-2lines\">Programme QuickPowerWash &#8211; Paniers FlexLine Comfort &#8211; Programme intensif 75\u00b0C<\/li>\n<\/ul>\n<div id=\"product_description\" class=\"product_bloc_aside product_bloc_description anchor\" data-automation-id=\"product_bloc_description\">\n<div class=\"product_bloc_content bloc ombre font-2\">\n<div class=\"columns\">\n<div>Le lave-vaisselle\u00a0<b>Mi\u00e8le G 5110 BBB<\/b>\u00a0blanc, est dot\u00e9 d&rsquo;une capacit\u00e9 de 13 couverts de 5 programmes dont\u00a0 QuickPowerWash, d&rsquo;un syst\u00e8me d&rsquo;arriv\u00e9e d&rsquo;eau intelligent, d&rsquo;un Tiroir \u00e0 couverts qui offre de nombreux avantages, de paniers FlexLine et d&rsquo;un\u00a0 syst\u00e8me de ComfortClose, qui permet une facilit\u00e9\u00a0 d&rsquo;ouverture et de\u00a0 fermeture\u00a0 tout en douceur.<\/div>\n<div><\/div>\n<div><b>Syst\u00e8me d&rsquo;arriv\u00e9e d&rsquo;eau intelligemment\u00a0<\/b><\/div>\n<div>R\u00e9alisez des \u00e9conomies d&rsquo;eau gr\u00e2ce \u00e0 ce syst\u00e8me\u00a0<b>\u00a0<\/b>con\u00e7u et \u00e0 un nouveau syst\u00e8me de filtration tr\u00e8s efficace. Une isolation suppl\u00e9mentaire r\u00e9duit les pertes de chaleur et donc l&rsquo;\u00e9nergie n\u00e9cessaire pour chauffer l&rsquo;eau.<\/div>\n<div><\/div>\n<div><b>Panier \u00e0 couverts\u00a0<\/b><\/div>\n<div>Le panier \u00e0 couverts, offre de nombreux avantages : tous les couverts sont rang\u00e9s s\u00e9par\u00e9ment pour \u00e9viter le risque de rayure. La salissure est totalement \u00e9limin\u00e9e et les couverts sont parfaitement s\u00e9ch\u00e9s.<\/div>\n<div><\/div>\n<div><b>Programme QuickPowerWash<\/b><\/div>\n<div>Obtenez les meilleurs r\u00e9sultats de nettoyage et de s\u00e9chage en 58 minutes seulement.<\/div>\n<div><\/div>\n<div><b>Programme Eco\u00a0 \u00a0<\/b><\/div>\n<div>Il vous permet de retrouver une vaisselle \u00e9tincelante tout en \u00e9conomisant l&rsquo;eau et l&rsquo;\u00e9nergie.<\/div>\n<div><\/div>\n<div><b>Programme Automatic\u00a0<\/b><\/div>\n<div>Il permet d&rsquo;adapter la consommation d&rsquo;eau et d&rsquo;\u00e9lectricit\u00e9 ainsi que la temp\u00e9rature et le temps de s\u00e9chage en fonction de la charge et du degr\u00e9 de salissure de la vaisselle.<\/div>\n<div><\/div>\n<div><b>Programme Intensif Plus 75\u00b0C\u00a0 \u00a0<\/b><\/div>\n<div>Pour la vaisselle tr\u00e8s sale, ce programme assure un nettoyage efficace des plats tr\u00e8s gras, comme les plats \u00e0 gratin ou les cocottes.<\/div>\n<div><\/div>\n<div><b>D\u00e9part diff\u00e9r\u00e9\u00a0<\/b><\/div>\n<div>Programmez la mise en marche de l&rsquo;appareil \u00e0 l&rsquo;avance afin de b\u00e9n\u00e9ficier des tarifs \u00a0\u00bb heures creuses\u00a0\u00bb gr\u00e2ce au\u00a0 d\u00e9part diff\u00e9r\u00e9. Afin de g\u00e9rer au mieux votre temps, ce lave-vaisselle poss\u00e8de l&rsquo; affichage du temps restant.<\/div>\n<div><\/div>\n<div><b>Aquas\u00e9curit\u00e9\u00a0<\/b><\/div>\n<div>Pour une s\u00e9curit\u00e9 renforc\u00e9e et une protection absolue contre les fuites d&rsquo;eau, ce lave-vaisselle b\u00e9n\u00e9ficie de la s\u00e9curit\u00e9\u00a0 aquas\u00e9curit\u00e9, du verrouillage de porte avec s\u00e9curit\u00e9 enfants.<\/div>\n<div><\/div>\n<div><b>Raccordement eau chaude\u00a0<\/b><\/div>\n<div>Peut-\u00eatre raccord\u00e9 \u00e0 une arriv\u00e9e d&rsquo;eau chaude. Une r\u00e9duction de la consommation d&rsquo;\u00e9lectricit\u00e9 jusqu&rsquo;\u00e0 60% et un gain de temps jusqu&rsquo;\u00e0 29% sur la dur\u00e9e des programmes.<\/div>\n<div><b>\u00a0<\/b><\/div>\n<div><b>L&rsquo;appareil b\u00e9n\u00e9ficie du verrouillage s\u00e9curit\u00e9 enfants.\u00a0<\/b><\/div>\n<div><\/div>\n<\/div>\n<\/div>\n<\/div>\n<div id=\"product_brand\" class=\"product_bloc_aside product_bloc_brand anchor\"><\/div>\n<div id=\"product_caracteristics\" class=\"product_bloc_aside product_bloc_caracteristics anchor\" data-automation-id=\"product_table_characteristics\">\n<div id=\"test\"><\/div>\n<\/div>\n","protected":false},"featured_media":20928,"comment_status":"open","ping_status":"closed","template":"","meta":[],"product_cat":[174],"product_tag":[],"class_list":{"0":"post-20927","1":"product","2":"type-product","3":"status-publish","4":"has-post-thumbnail","6":"product_brand-miele","7":"product_cat-lave-vaisselle","9":"first","10":"instock","11":"sale","12":"shipping-taxable","13":"purchasable","14":"product-type-simple","15":"col-xs-6 col-sm-4","16":"col-md-3 col-lg-3","17":"un-4-cols"},"yoast_head":"<!-- This site is optimized with the Yoast SEO plugin v27.0 - https:\/\/yoast.com\/product\/yoast-seo-wordpress\/ -->\n<title>Lave-vaisselle MIELE G 5110 BB - Eurosdiscounts.com- Achat sur Internet a prix discount, Canap\u00e9s pas cher, Smartphone pas cher, pc portable pas cher..<\/title>\n<meta name=\"description\" content=\"Lave-vaisselle MIELE G 5110 BB\" \/>\n<meta name=\"robots\" content=\"index, follow, max-snippet:-1, max-image-preview:large, max-video-preview:-1\" \/>\n<link rel=\"canonical\" href=\"https:\/\/eurosdiscounts.com\/index.php\/produit\/lave-vaisselle-miele-g-5110-bb\/\" \/>\n<meta property=\"og:locale\" content=\"fr_FR\" \/>\n<meta property=\"og:type\" content=\"article\" \/>\n<meta property=\"og:title\" content=\"Lave-vaisselle MIELE G 5110 BB - Eurosdiscounts.com- Achat sur Internet a prix discount, Canap\u00e9s pas cher, Smartphone pas cher, pc portable pas cher..\" \/>\n<meta property=\"og:description\" content=\"Lave-vaisselle MIELE G 5110 BB\" \/>\n<meta property=\"og:url\" content=\"https:\/\/eurosdiscounts.com\/index.php\/produit\/lave-vaisselle-miele-g-5110-bb\/\" \/>\n<meta property=\"og:site_name\" content=\"Eurosdiscounts.com- Achat sur Internet a prix discount, Canap\u00e9s pas cher, Smartphone pas cher, pc portable pas cher..\" \/>\n<meta property=\"og:image\" content=\"https:\/\/eurosdiscounts.com\/wp-content\/uploads\/2024\/05\/miele_g_5110_bb_t2305267545444B_102604629.png\" \/>\n\t<meta property=\"og:image:width\" content=\"300\" \/>\n\t<meta property=\"og:image:height\" content=\"450\" \/>\n\t<meta property=\"og:image:type\" content=\"image\/png\" \/>\n<meta name=\"twitter:card\" content=\"summary_large_image\" \/>\n<meta name=\"twitter:label1\" content=\"Dur\u00e9e de lecture estim\u00e9e\" \/>\n\t<meta name=\"twitter:data1\" content=\"2 minutes\" \/>\n<script type=\"application\/ld+json\" class=\"yoast-schema-graph\">{\"@context\":\"https:\/\/schema.org\",\"@graph\":[{\"@type\":\"WebPage\",\"@id\":\"https:\/\/eurosdiscounts.com\/index.php\/produit\/lave-vaisselle-miele-g-5110-bb\/\",\"url\":\"https:\/\/eurosdiscounts.com\/index.php\/produit\/lave-vaisselle-miele-g-5110-bb\/\",\"name\":\"Lave-vaisselle MIELE G 5110 BB - Eurosdiscounts.com- Achat sur Internet a prix discount, Canap\u00e9s pas cher, Smartphone pas cher, pc portable pas cher..\",\"isPartOf\":{\"@id\":\"https:\/\/eurosdiscounts.com\/#website\"},\"primaryImageOfPage\":{\"@id\":\"https:\/\/eurosdiscounts.com\/index.php\/produit\/lave-vaisselle-miele-g-5110-bb\/#primaryimage\"},\"image\":{\"@id\":\"https:\/\/eurosdiscounts.com\/index.php\/produit\/lave-vaisselle-miele-g-5110-bb\/#primaryimage\"},\"thumbnailUrl\":\"https:\/\/eurosdiscounts.com\/wp-content\/uploads\/2024\/05\/miele_g_5110_bb_t2305267545444B_102604629.png\",\"datePublished\":\"2024-05-22T22:02:52+00:00\",\"description\":\"Lave-vaisselle MIELE G 5110 BB\",\"breadcrumb\":{\"@id\":\"https:\/\/eurosdiscounts.com\/index.php\/produit\/lave-vaisselle-miele-g-5110-bb\/#breadcrumb\"},\"inLanguage\":\"fr-FR\",\"potentialAction\":[{\"@type\":\"ReadAction\",\"target\":[\"https:\/\/eurosdiscounts.com\/index.php\/produit\/lave-vaisselle-miele-g-5110-bb\/\"]}]},{\"@type\":\"ImageObject\",\"inLanguage\":\"fr-FR\",\"@id\":\"https:\/\/eurosdiscounts.com\/index.php\/produit\/lave-vaisselle-miele-g-5110-bb\/#primaryimage\",\"url\":\"https:\/\/eurosdiscounts.com\/wp-content\/uploads\/2024\/05\/miele_g_5110_bb_t2305267545444B_102604629.png\",\"contentUrl\":\"https:\/\/eurosdiscounts.com\/wp-content\/uploads\/2024\/05\/miele_g_5110_bb_t2305267545444B_102604629.png\",\"width\":300,\"height\":450},{\"@type\":\"BreadcrumbList\",\"@id\":\"https:\/\/eurosdiscounts.com\/index.php\/produit\/lave-vaisselle-miele-g-5110-bb\/#breadcrumb\",\"itemListElement\":[{\"@type\":\"ListItem\",\"position\":1,\"name\":\"Accueil\",\"item\":\"https:\/\/eurosdiscounts.com\/\"},{\"@type\":\"ListItem\",\"position\":2,\"name\":\"Boutique\",\"item\":\"https:\/\/eurosdiscounts.com\/index.php\/boutique\/\"},{\"@type\":\"ListItem\",\"position\":3,\"name\":\"Lave-vaisselle MIELE G 5110 BB\"}]},{\"@type\":\"WebSite\",\"@id\":\"https:\/\/eurosdiscounts.com\/#website\",\"url\":\"https:\/\/eurosdiscounts.com\/\",\"name\":\"Eurosdiscounts.com- Achat sur Internet a prix discount, Canap\u00e9s pas cher, Smartphone pas cher, pc portable pas cher..\",\"description\":\"Eurosdiscounts.com- Achat sur Internet a prix discount, Canap\u00e9s pas cher, Smartphone pas cher, pc portable pas cher..\",\"potentialAction\":[{\"@type\":\"SearchAction\",\"target\":{\"@type\":\"EntryPoint\",\"urlTemplate\":\"https:\/\/eurosdiscounts.com\/?s={search_term_string}\"},\"query-input\":{\"@type\":\"PropertyValueSpecification\",\"valueRequired\":true,\"valueName\":\"search_term_string\"}}],\"inLanguage\":\"fr-FR\"}]}<\/script>\n<!-- \/ Yoast SEO plugin. -->","yoast_head_json":{"title":"Lave-vaisselle MIELE G 5110 BB - Eurosdiscounts.com- Achat sur Internet a prix discount, Canap\u00e9s pas cher, Smartphone pas cher, pc portable pas cher..","description":"Lave-vaisselle MIELE G 5110 BB","robots":{"index":"index","follow":"follow","max-snippet":"max-snippet:-1","max-image-preview":"max-image-preview:large","max-video-preview":"max-video-preview:-1"},"canonical":"https:\/\/eurosdiscounts.com\/index.php\/produit\/lave-vaisselle-miele-g-5110-bb\/","og_locale":"fr_FR","og_type":"article","og_title":"Lave-vaisselle MIELE G 5110 BB - Eurosdiscounts.com- Achat sur Internet a prix discount, Canap\u00e9s pas cher, Smartphone pas cher, pc portable pas cher..","og_description":"Lave-vaisselle MIELE G 5110 BB","og_url":"https:\/\/eurosdiscounts.com\/index.php\/produit\/lave-vaisselle-miele-g-5110-bb\/","og_site_name":"Eurosdiscounts.com- Achat sur Internet a prix discount, Canap\u00e9s pas cher, Smartphone pas cher, pc portable pas cher..","og_image":[{"width":300,"height":450,"url":"https:\/\/eurosdiscounts.com\/wp-content\/uploads\/2024\/05\/miele_g_5110_bb_t2305267545444B_102604629.png","type":"image\/png"}],"twitter_card":"summary_large_image","twitter_misc":{"Dur\u00e9e de lecture estim\u00e9e":"2 minutes"},"schema":{"@context":"https:\/\/schema.org","@graph":[{"@type":"WebPage","@id":"https:\/\/eurosdiscounts.com\/index.php\/produit\/lave-vaisselle-miele-g-5110-bb\/","url":"https:\/\/eurosdiscounts.com\/index.php\/produit\/lave-vaisselle-miele-g-5110-bb\/","name":"Lave-vaisselle MIELE G 5110 BB - Eurosdiscounts.com- Achat sur Internet a prix discount, Canap\u00e9s pas cher, Smartphone pas cher, pc portable pas cher..","isPartOf":{"@id":"https:\/\/eurosdiscounts.com\/#website"},"primaryImageOfPage":{"@id":"https:\/\/eurosdiscounts.com\/index.php\/produit\/lave-vaisselle-miele-g-5110-bb\/#primaryimage"},"image":{"@id":"https:\/\/eurosdiscounts.com\/index.php\/produit\/lave-vaisselle-miele-g-5110-bb\/#primaryimage"},"thumbnailUrl":"https:\/\/eurosdiscounts.com\/wp-content\/uploads\/2024\/05\/miele_g_5110_bb_t2305267545444B_102604629.png","datePublished":"2024-05-22T22:02:52+00:00","description":"Lave-vaisselle MIELE G 5110 BB","breadcrumb":{"@id":"https:\/\/eurosdiscounts.com\/index.php\/produit\/lave-vaisselle-miele-g-5110-bb\/#breadcrumb"},"inLanguage":"fr-FR","potentialAction":[{"@type":"ReadAction","target":["https:\/\/eurosdiscounts.com\/index.php\/produit\/lave-vaisselle-miele-g-5110-bb\/"]}]},{"@type":"ImageObject","inLanguage":"fr-FR","@id":"https:\/\/eurosdiscounts.com\/index.php\/produit\/lave-vaisselle-miele-g-5110-bb\/#primaryimage","url":"https:\/\/eurosdiscounts.com\/wp-content\/uploads\/2024\/05\/miele_g_5110_bb_t2305267545444B_102604629.png","contentUrl":"https:\/\/eurosdiscounts.com\/wp-content\/uploads\/2024\/05\/miele_g_5110_bb_t2305267545444B_102604629.png","width":300,"height":450},{"@type":"BreadcrumbList","@id":"https:\/\/eurosdiscounts.com\/index.php\/produit\/lave-vaisselle-miele-g-5110-bb\/#breadcrumb","itemListElement":[{"@type":"ListItem","position":1,"name":"Accueil","item":"https:\/\/eurosdiscounts.com\/"},{"@type":"ListItem","position":2,"name":"Boutique","item":"https:\/\/eurosdiscounts.com\/index.php\/boutique\/"},{"@type":"ListItem","position":3,"name":"Lave-vaisselle MIELE G 5110 BB"}]},{"@type":"WebSite","@id":"https:\/\/eurosdiscounts.com\/#website","url":"https:\/\/eurosdiscounts.com\/","name":"Eurosdiscounts.com- Achat sur Internet a prix discount, Canap\u00e9s pas cher, Smartphone pas cher, pc portable pas cher..","description":"Eurosdiscounts.com- Achat sur Internet a prix discount, Canap\u00e9s pas cher, Smartphone pas cher, pc portable pas cher..","potentialAction":[{"@type":"SearchAction","target":{"@type":"EntryPoint","urlTemplate":"https:\/\/eurosdiscounts.com\/?s={search_term_string}"},"query-input":{"@type":"PropertyValueSpecification","valueRequired":true,"valueName":"search_term_string"}}],"inLanguage":"fr-FR"}]}},"_links":{"self":[{"href":"https:\/\/eurosdiscounts.com\/index.php\/wp-json\/wp\/v2\/product\/20927","targetHints":{"allow":["GET"]}}],"collection":[{"href":"https:\/\/eurosdiscounts.com\/index.php\/wp-json\/wp\/v2\/product"}],"about":[{"href":"https:\/\/eurosdiscounts.com\/index.php\/wp-json\/wp\/v2\/types\/product"}],"replies":[{"embeddable":true,"href":"https:\/\/eurosdiscounts.com\/index.php\/wp-json\/wp\/v2\/comments?post=20927"}],"wp:featuredmedia":[{"embeddable":true,"href":"https:\/\/eurosdiscounts.com\/index.php\/wp-json\/wp\/v2\/media\/20928"}],"wp:attachment":[{"href":"https:\/\/eurosdiscounts.com\/index.php\/wp-json\/wp\/v2\/media?parent=20927"}],"wp:term":[{"taxonomy":"product_cat","embeddable":true,"href":"https:\/\/eurosdiscounts.com\/index.php\/wp-json\/wp\/v2\/product_cat?post=20927"},{"taxonomy":"product_tag","embeddable":true,"href":"https:\/\/eurosdiscounts.com\/index.php\/wp-json\/wp\/v2\/product_tag?post=20927"}],"curies":[{"name":"wp","href":"https:\/\/api.w.org\/{rel}","templated":true}]}}