{"id":20851,"date":"2024-01-16T20:50:45","date_gmt":"2024-01-16T19:50:45","guid":{"rendered":"https:\/\/eurosdiscounts.com\/?post_type=product&#038;p=20851"},"modified":"2025-09-23T05:39:26","modified_gmt":"2025-09-23T03:39:26","slug":"palette-de-pellets-tartak-olczyk","status":"publish","type":"product","link":"https:\/\/eurosdiscounts.com\/index.php\/produit\/palette-de-pellets-tartak-olczyk\/","title":{"rendered":"Palette de pellets TARTAK OLCZYK"},"content":{"rendered":"<h2>Description<\/h2>\n<p>Palette de pellets TARTAK OLCZYK (Livraison Incluse)<\/p>\n<p>Optez pour une solution de chauffage de qualit\u00e9 sup\u00e9rieure avec notre palette de Pellets TARTAK, certifi\u00e9s DIN Plus et EN Plus. Ces pellets de bois 100% r\u00e9sineux sont con\u00e7us pour offrir une combustion optimale avec un faible taux de cendres (\u2264 0,60%) et un taux d\u2019humidit\u00e9 minimale (\u2264 10%), garantissant une efficacit\u00e9 \u00e9nerg\u00e9tique exceptionnelle.<\/p>\n<p>Chaque sac p\u00e8se 15Kg, et la palette compl\u00e8te comprend 70 sacs pour un poids total de 1050Kg. Ces pellets de 6mm de diam\u00e8tre sont id\u00e9aux pour tous les types de po\u00eales \u00e0 pellets et chaudi\u00e8res.<\/p>\n<table class=\"caract\">\n<tbody>\n<tr>\n<th class=\"onglet\">Caracteristiques<\/th>\n<th><\/th>\n<\/tr>\n<tr>\n<td colspan=\"2\">\n<table class=\"cliste\">\n<tbody>\n<tr>\n<td>\u2013 Diam\u00e8tre<\/td>\n<td>6mm<\/td>\n<\/tr>\n<tr>\n<td>\u2013 100% R\u00e9sineux<\/td>\n<td><\/td>\n<\/tr>\n<tr>\n<td>\u2013 Taux de cendre<\/td>\n<td>\u2264 0,60%<\/td>\n<\/tr>\n<tr>\n<td>\u2013 Humidit\u00e9<\/td>\n<td>\u2264 10%<\/td>\n<\/tr>\n<tr>\n<td>\u2013 Poids du sac<\/td>\n<td>15Kg<\/td>\n<\/tr>\n<tr>\n<td>\u2013 Palette de 70 sacs soit un poids total de 1050Kg<\/td>\n<td><\/td>\n<\/tr>\n<\/tbody>\n<\/table>\n<\/td>\n<\/tr>\n<\/tbody>\n<\/table>\n","protected":false},"excerpt":{"rendered":"<p>Chaque sac p\u00e8se 15Kg, et la palette compl\u00e8te comprend 70 sacs pour un poids total de 1050Kg. Ces pellets de 6mm de diam\u00e8tre sont id\u00e9aux pour tous les types de po\u00eales \u00e0 pellets et chaudi\u00e8res.<\/p>\n","protected":false},"featured_media":20852,"comment_status":"open","ping_status":"closed","template":"","meta":[],"product_cat":[281],"product_tag":[],"class_list":{"0":"post-20851","1":"product","2":"type-product","3":"status-publish","4":"has-post-thumbnail","6":"product_cat-granule-de-bois","8":"first","9":"instock","10":"sale","11":"shipping-taxable","12":"purchasable","13":"product-type-simple","14":"col-xs-6 col-sm-4","15":"col-md-3 col-lg-3","16":"un-4-cols"},"yoast_head":"<!-- This site is optimized with the Yoast SEO plugin v27.0 - https:\/\/yoast.com\/product\/yoast-seo-wordpress\/ -->\n<title>Palette de pellets TARTAK OLCZYK - Eurosdiscounts.com- Achat sur Internet a prix discount, Canap\u00e9s pas cher, Smartphone pas cher, pc portable pas cher..<\/title>\n<meta name=\"description\" content=\"Palette de pellets TARTAK OLCZYK\" \/>\n<meta name=\"robots\" content=\"index, follow, max-snippet:-1, max-image-preview:large, max-video-preview:-1\" \/>\n<link rel=\"canonical\" href=\"https:\/\/eurosdiscounts.com\/index.php\/produit\/palette-de-pellets-tartak-olczyk\/\" \/>\n<meta property=\"og:locale\" content=\"fr_FR\" \/>\n<meta property=\"og:type\" content=\"article\" \/>\n<meta property=\"og:title\" content=\"Palette de pellets TARTAK OLCZYK - Eurosdiscounts.com- Achat sur Internet a prix discount, Canap\u00e9s pas cher, Smartphone pas cher, pc portable pas cher..\" \/>\n<meta property=\"og:description\" content=\"Palette de pellets TARTAK OLCZYK\" \/>\n<meta property=\"og:url\" content=\"https:\/\/eurosdiscounts.com\/index.php\/produit\/palette-de-pellets-tartak-olczyk\/\" \/>\n<meta property=\"og:site_name\" content=\"Eurosdiscounts.com- Achat sur Internet a prix discount, Canap\u00e9s pas cher, Smartphone pas cher, pc portable pas cher..\" \/>\n<meta property=\"article:modified_time\" content=\"2025-09-23T03:39:26+00:00\" \/>\n<meta property=\"og:image\" content=\"https:\/\/eurosdiscounts.com\/wp-content\/uploads\/2024\/01\/palette-pellets-tartak-livraison.webp\" \/>\n\t<meta property=\"og:image:width\" content=\"1000\" \/>\n\t<meta property=\"og:image:height\" content=\"1000\" \/>\n\t<meta property=\"og:image:type\" content=\"image\/webp\" \/>\n<meta name=\"twitter:card\" content=\"summary_large_image\" \/>\n<meta name=\"twitter:label1\" content=\"Dur\u00e9e de lecture estim\u00e9e\" \/>\n\t<meta name=\"twitter:data1\" content=\"1 minute\" \/>\n<script type=\"application\/ld+json\" class=\"yoast-schema-graph\">{\"@context\":\"https:\/\/schema.org\",\"@graph\":[{\"@type\":\"WebPage\",\"@id\":\"https:\/\/eurosdiscounts.com\/index.php\/produit\/palette-de-pellets-tartak-olczyk\/\",\"url\":\"https:\/\/eurosdiscounts.com\/index.php\/produit\/palette-de-pellets-tartak-olczyk\/\",\"name\":\"Palette de pellets TARTAK OLCZYK - Eurosdiscounts.com- Achat sur Internet a prix discount, Canap\u00e9s pas cher, Smartphone pas cher, pc portable pas cher..\",\"isPartOf\":{\"@id\":\"https:\/\/eurosdiscounts.com\/#website\"},\"primaryImageOfPage\":{\"@id\":\"https:\/\/eurosdiscounts.com\/index.php\/produit\/palette-de-pellets-tartak-olczyk\/#primaryimage\"},\"image\":{\"@id\":\"https:\/\/eurosdiscounts.com\/index.php\/produit\/palette-de-pellets-tartak-olczyk\/#primaryimage\"},\"thumbnailUrl\":\"https:\/\/eurosdiscounts.com\/wp-content\/uploads\/2024\/01\/palette-pellets-tartak-livraison.webp\",\"datePublished\":\"2024-01-16T19:50:45+00:00\",\"dateModified\":\"2025-09-23T03:39:26+00:00\",\"description\":\"Palette de pellets TARTAK OLCZYK\",\"breadcrumb\":{\"@id\":\"https:\/\/eurosdiscounts.com\/index.php\/produit\/palette-de-pellets-tartak-olczyk\/#breadcrumb\"},\"inLanguage\":\"fr-FR\",\"potentialAction\":[{\"@type\":\"ReadAction\",\"target\":[\"https:\/\/eurosdiscounts.com\/index.php\/produit\/palette-de-pellets-tartak-olczyk\/\"]}]},{\"@type\":\"ImageObject\",\"inLanguage\":\"fr-FR\",\"@id\":\"https:\/\/eurosdiscounts.com\/index.php\/produit\/palette-de-pellets-tartak-olczyk\/#primaryimage\",\"url\":\"https:\/\/eurosdiscounts.com\/wp-content\/uploads\/2024\/01\/palette-pellets-tartak-livraison.webp\",\"contentUrl\":\"https:\/\/eurosdiscounts.com\/wp-content\/uploads\/2024\/01\/palette-pellets-tartak-livraison.webp\",\"width\":1000,\"height\":1000},{\"@type\":\"BreadcrumbList\",\"@id\":\"https:\/\/eurosdiscounts.com\/index.php\/produit\/palette-de-pellets-tartak-olczyk\/#breadcrumb\",\"itemListElement\":[{\"@type\":\"ListItem\",\"position\":1,\"name\":\"Accueil\",\"item\":\"https:\/\/eurosdiscounts.com\/\"},{\"@type\":\"ListItem\",\"position\":2,\"name\":\"Boutique\",\"item\":\"https:\/\/eurosdiscounts.com\/index.php\/boutique\/\"},{\"@type\":\"ListItem\",\"position\":3,\"name\":\"Palette de pellets TARTAK OLCZYK\"}]},{\"@type\":\"WebSite\",\"@id\":\"https:\/\/eurosdiscounts.com\/#website\",\"url\":\"https:\/\/eurosdiscounts.com\/\",\"name\":\"Eurosdiscounts.com- Achat sur Internet a prix discount, Canap\u00e9s pas cher, Smartphone pas cher, pc portable pas cher..\",\"description\":\"Eurosdiscounts.com- Achat sur Internet a prix discount, Canap\u00e9s pas cher, Smartphone pas cher, pc portable pas cher..\",\"potentialAction\":[{\"@type\":\"SearchAction\",\"target\":{\"@type\":\"EntryPoint\",\"urlTemplate\":\"https:\/\/eurosdiscounts.com\/?s={search_term_string}\"},\"query-input\":{\"@type\":\"PropertyValueSpecification\",\"valueRequired\":true,\"valueName\":\"search_term_string\"}}],\"inLanguage\":\"fr-FR\"}]}<\/script>\n<!-- \/ Yoast SEO plugin. -->","yoast_head_json":{"title":"Palette de pellets TARTAK OLCZYK - Eurosdiscounts.com- Achat sur Internet a prix discount, Canap\u00e9s pas cher, Smartphone pas cher, pc portable pas cher..","description":"Palette de pellets TARTAK OLCZYK","robots":{"index":"index","follow":"follow","max-snippet":"max-snippet:-1","max-image-preview":"max-image-preview:large","max-video-preview":"max-video-preview:-1"},"canonical":"https:\/\/eurosdiscounts.com\/index.php\/produit\/palette-de-pellets-tartak-olczyk\/","og_locale":"fr_FR","og_type":"article","og_title":"Palette de pellets TARTAK OLCZYK - Eurosdiscounts.com- Achat sur Internet a prix discount, Canap\u00e9s pas cher, Smartphone pas cher, pc portable pas cher..","og_description":"Palette de pellets TARTAK OLCZYK","og_url":"https:\/\/eurosdiscounts.com\/index.php\/produit\/palette-de-pellets-tartak-olczyk\/","og_site_name":"Eurosdiscounts.com- Achat sur Internet a prix discount, Canap\u00e9s pas cher, Smartphone pas cher, pc portable pas cher..","article_modified_time":"2025-09-23T03:39:26+00:00","og_image":[{"width":1000,"height":1000,"url":"https:\/\/eurosdiscounts.com\/wp-content\/uploads\/2024\/01\/palette-pellets-tartak-livraison.webp","type":"image\/webp"}],"twitter_card":"summary_large_image","twitter_misc":{"Dur\u00e9e de lecture estim\u00e9e":"1 minute"},"schema":{"@context":"https:\/\/schema.org","@graph":[{"@type":"WebPage","@id":"https:\/\/eurosdiscounts.com\/index.php\/produit\/palette-de-pellets-tartak-olczyk\/","url":"https:\/\/eurosdiscounts.com\/index.php\/produit\/palette-de-pellets-tartak-olczyk\/","name":"Palette de pellets TARTAK OLCZYK - Eurosdiscounts.com- Achat sur Internet a prix discount, Canap\u00e9s pas cher, Smartphone pas cher, pc portable pas cher..","isPartOf":{"@id":"https:\/\/eurosdiscounts.com\/#website"},"primaryImageOfPage":{"@id":"https:\/\/eurosdiscounts.com\/index.php\/produit\/palette-de-pellets-tartak-olczyk\/#primaryimage"},"image":{"@id":"https:\/\/eurosdiscounts.com\/index.php\/produit\/palette-de-pellets-tartak-olczyk\/#primaryimage"},"thumbnailUrl":"https:\/\/eurosdiscounts.com\/wp-content\/uploads\/2024\/01\/palette-pellets-tartak-livraison.webp","datePublished":"2024-01-16T19:50:45+00:00","dateModified":"2025-09-23T03:39:26+00:00","description":"Palette de pellets TARTAK OLCZYK","breadcrumb":{"@id":"https:\/\/eurosdiscounts.com\/index.php\/produit\/palette-de-pellets-tartak-olczyk\/#breadcrumb"},"inLanguage":"fr-FR","potentialAction":[{"@type":"ReadAction","target":["https:\/\/eurosdiscounts.com\/index.php\/produit\/palette-de-pellets-tartak-olczyk\/"]}]},{"@type":"ImageObject","inLanguage":"fr-FR","@id":"https:\/\/eurosdiscounts.com\/index.php\/produit\/palette-de-pellets-tartak-olczyk\/#primaryimage","url":"https:\/\/eurosdiscounts.com\/wp-content\/uploads\/2024\/01\/palette-pellets-tartak-livraison.webp","contentUrl":"https:\/\/eurosdiscounts.com\/wp-content\/uploads\/2024\/01\/palette-pellets-tartak-livraison.webp","width":1000,"height":1000},{"@type":"BreadcrumbList","@id":"https:\/\/eurosdiscounts.com\/index.php\/produit\/palette-de-pellets-tartak-olczyk\/#breadcrumb","itemListElement":[{"@type":"ListItem","position":1,"name":"Accueil","item":"https:\/\/eurosdiscounts.com\/"},{"@type":"ListItem","position":2,"name":"Boutique","item":"https:\/\/eurosdiscounts.com\/index.php\/boutique\/"},{"@type":"ListItem","position":3,"name":"Palette de pellets TARTAK OLCZYK"}]},{"@type":"WebSite","@id":"https:\/\/eurosdiscounts.com\/#website","url":"https:\/\/eurosdiscounts.com\/","name":"Eurosdiscounts.com- Achat sur Internet a prix discount, Canap\u00e9s pas cher, Smartphone pas cher, pc portable pas cher..","description":"Eurosdiscounts.com- Achat sur Internet a prix discount, Canap\u00e9s pas cher, Smartphone pas cher, pc portable pas cher..","potentialAction":[{"@type":"SearchAction","target":{"@type":"EntryPoint","urlTemplate":"https:\/\/eurosdiscounts.com\/?s={search_term_string}"},"query-input":{"@type":"PropertyValueSpecification","valueRequired":true,"valueName":"search_term_string"}}],"inLanguage":"fr-FR"}]}},"_links":{"self":[{"href":"https:\/\/eurosdiscounts.com\/index.php\/wp-json\/wp\/v2\/product\/20851","targetHints":{"allow":["GET"]}}],"collection":[{"href":"https:\/\/eurosdiscounts.com\/index.php\/wp-json\/wp\/v2\/product"}],"about":[{"href":"https:\/\/eurosdiscounts.com\/index.php\/wp-json\/wp\/v2\/types\/product"}],"replies":[{"embeddable":true,"href":"https:\/\/eurosdiscounts.com\/index.php\/wp-json\/wp\/v2\/comments?post=20851"}],"wp:featuredmedia":[{"embeddable":true,"href":"https:\/\/eurosdiscounts.com\/index.php\/wp-json\/wp\/v2\/media\/20852"}],"wp:attachment":[{"href":"https:\/\/eurosdiscounts.com\/index.php\/wp-json\/wp\/v2\/media?parent=20851"}],"wp:term":[{"taxonomy":"product_cat","embeddable":true,"href":"https:\/\/eurosdiscounts.com\/index.php\/wp-json\/wp\/v2\/product_cat?post=20851"},{"taxonomy":"product_tag","embeddable":true,"href":"https:\/\/eurosdiscounts.com\/index.php\/wp-json\/wp\/v2\/product_tag?post=20851"}],"curies":[{"name":"wp","href":"https:\/\/api.w.org\/{rel}","templated":true}]}}