{"id":20849,"date":"2024-01-16T20:48:46","date_gmt":"2024-01-16T19:48:46","guid":{"rendered":"https:\/\/eurosdiscounts.com\/?post_type=product&#038;p=20849"},"modified":"2026-04-19T15:07:15","modified_gmt":"2026-04-19T13:07:15","slug":"palette-de-pellets-american-premium","status":"publish","type":"product","link":"https:\/\/eurosdiscounts.com\/index.php\/produit\/palette-de-pellets-american-premium\/","title":{"rendered":"Palette de pellets AMERICAN PREMIUM"},"content":{"rendered":"<h2>Description<\/h2>\n<p>Palette de pellets AMERICAN PREMIUM (Livraison Incluse)<\/p>\n<p>\u00c0 la recherche de la meilleure source d\u2019\u00e9nergie pour votre chauffage ? Optez pour la palette de pellets American Premium . Fabriqu\u00e9s \u00e0 partir de bois 100% r\u00e9sineux, ces pellets offrent non seulement une efficacit\u00e9 calorifique \u00e9lev\u00e9e mais sont \u00e9galement respectueux de l\u2019environnement.<\/p>\n<p>Composition des Pellets American Premium<br \/>\nL\u2019une des principales caract\u00e9ristiques de ces pellets est leur composition unique. Exclusivement compos\u00e9s \u00e0 100% de bois r\u00e9sineux, ils garantissent une combustion propre et optimale. Avec un diam\u00e8tre de 6 mm et une longueur moyenne variant entre 3,15 et 40 mm , ces pellets sont con\u00e7us pour une utilisation facile et efficace dans la plupart des po\u00eales et chaudi\u00e8res.<\/p>\n<p>Des Caract\u00e9ristiques Techniques Impressionnantes<br \/>\nL\u2019humidit\u00e9 est un facteur cl\u00e9 pour la qualit\u00e9 des pellets. Avec un taux d\u2019humidit\u00e9 de seulement 5,5% , les pellets American Premium assurent une combustion optimale. La teneur en cendres est un indicateur de la puret\u00e9 des pellets.<\/p>\n<p>Le prix du sac pellet peut varier selon divers facteurs, mais en restant inform\u00e9 et en comparant les offres, vous pouvez optimiser votre investissement. Les pellets restent une solution \u00e9cologique et \u00e9conomique pour de nombreux foyers, et il est pr\u00e9f\u00e9rable d\u2019y investir pour les saisons froides \u00e0 venir.<\/p>\n<p>N\u2019oubliez pas : investir dans un bon sac de pellets, c\u2019est investir dans un chauffage de qualit\u00e9, durable et respectueux de l\u2019environnement.<\/p>\n","protected":false},"excerpt":{"rendered":"<p>Palette de 84 sacs de 15Kg.<br \/>\nExclusivement compos\u00e9s \u00e0 100% de bois r\u00e9sineux, ils garantissent une combustion propre et optimale.<\/p>\n","protected":false},"featured_media":20850,"comment_status":"open","ping_status":"closed","template":"","meta":[],"product_cat":[281],"product_tag":[],"class_list":{"0":"post-20849","1":"product","2":"type-product","3":"status-publish","4":"has-post-thumbnail","6":"product_cat-granule-de-bois","8":"first","9":"instock","10":"sale","11":"shipping-taxable","12":"purchasable","13":"product-type-simple","14":"col-xs-6 col-sm-4","15":"col-md-3 col-lg-3","16":"un-4-cols"},"yoast_head":"<!-- This site is optimized with the Yoast SEO plugin v27.0 - https:\/\/yoast.com\/product\/yoast-seo-wordpress\/ -->\n<title>Palette de pellets AMERICAN PREMIUM - Eurosdiscounts.com- Achat sur Internet a prix discount, Canap\u00e9s pas cher, Smartphone pas cher, pc portable pas cher..<\/title>\n<meta name=\"description\" content=\"Palette de pellets AMERICAN PREMIUM\" \/>\n<meta name=\"robots\" content=\"index, follow, max-snippet:-1, max-image-preview:large, max-video-preview:-1\" \/>\n<link rel=\"canonical\" href=\"https:\/\/eurosdiscounts.com\/index.php\/produit\/palette-de-pellets-american-premium\/\" \/>\n<meta property=\"og:locale\" content=\"fr_FR\" \/>\n<meta property=\"og:type\" content=\"article\" \/>\n<meta property=\"og:title\" content=\"Palette de pellets AMERICAN PREMIUM - Eurosdiscounts.com- Achat sur Internet a prix discount, Canap\u00e9s pas cher, Smartphone pas cher, pc portable pas cher..\" \/>\n<meta property=\"og:description\" content=\"Palette de pellets AMERICAN PREMIUM\" \/>\n<meta property=\"og:url\" content=\"https:\/\/eurosdiscounts.com\/index.php\/produit\/palette-de-pellets-american-premium\/\" \/>\n<meta property=\"og:site_name\" content=\"Eurosdiscounts.com- Achat sur Internet a prix discount, Canap\u00e9s pas cher, Smartphone pas cher, pc portable pas cher..\" \/>\n<meta property=\"article:modified_time\" content=\"2026-04-19T13:07:15+00:00\" \/>\n<meta property=\"og:image\" content=\"https:\/\/eurosdiscounts.com\/wp-content\/uploads\/2024\/01\/american.webp\" \/>\n\t<meta property=\"og:image:width\" content=\"800\" \/>\n\t<meta property=\"og:image:height\" content=\"800\" \/>\n\t<meta property=\"og:image:type\" content=\"image\/webp\" \/>\n<meta name=\"twitter:card\" content=\"summary_large_image\" \/>\n<meta name=\"twitter:label1\" content=\"Dur\u00e9e de lecture estim\u00e9e\" \/>\n\t<meta name=\"twitter:data1\" content=\"2 minutes\" \/>\n<script type=\"application\/ld+json\" class=\"yoast-schema-graph\">{\"@context\":\"https:\/\/schema.org\",\"@graph\":[{\"@type\":\"WebPage\",\"@id\":\"https:\/\/eurosdiscounts.com\/index.php\/produit\/palette-de-pellets-american-premium\/\",\"url\":\"https:\/\/eurosdiscounts.com\/index.php\/produit\/palette-de-pellets-american-premium\/\",\"name\":\"Palette de pellets AMERICAN PREMIUM - Eurosdiscounts.com- Achat sur Internet a prix discount, Canap\u00e9s pas cher, Smartphone pas cher, pc portable pas cher..\",\"isPartOf\":{\"@id\":\"https:\/\/eurosdiscounts.com\/#website\"},\"primaryImageOfPage\":{\"@id\":\"https:\/\/eurosdiscounts.com\/index.php\/produit\/palette-de-pellets-american-premium\/#primaryimage\"},\"image\":{\"@id\":\"https:\/\/eurosdiscounts.com\/index.php\/produit\/palette-de-pellets-american-premium\/#primaryimage\"},\"thumbnailUrl\":\"https:\/\/eurosdiscounts.com\/wp-content\/uploads\/2024\/01\/american.webp\",\"datePublished\":\"2024-01-16T19:48:46+00:00\",\"dateModified\":\"2026-04-19T13:07:15+00:00\",\"description\":\"Palette de pellets AMERICAN PREMIUM\",\"breadcrumb\":{\"@id\":\"https:\/\/eurosdiscounts.com\/index.php\/produit\/palette-de-pellets-american-premium\/#breadcrumb\"},\"inLanguage\":\"fr-FR\",\"potentialAction\":[{\"@type\":\"ReadAction\",\"target\":[\"https:\/\/eurosdiscounts.com\/index.php\/produit\/palette-de-pellets-american-premium\/\"]}]},{\"@type\":\"ImageObject\",\"inLanguage\":\"fr-FR\",\"@id\":\"https:\/\/eurosdiscounts.com\/index.php\/produit\/palette-de-pellets-american-premium\/#primaryimage\",\"url\":\"https:\/\/eurosdiscounts.com\/wp-content\/uploads\/2024\/01\/american.webp\",\"contentUrl\":\"https:\/\/eurosdiscounts.com\/wp-content\/uploads\/2024\/01\/american.webp\",\"width\":800,\"height\":800},{\"@type\":\"BreadcrumbList\",\"@id\":\"https:\/\/eurosdiscounts.com\/index.php\/produit\/palette-de-pellets-american-premium\/#breadcrumb\",\"itemListElement\":[{\"@type\":\"ListItem\",\"position\":1,\"name\":\"Accueil\",\"item\":\"https:\/\/eurosdiscounts.com\/\"},{\"@type\":\"ListItem\",\"position\":2,\"name\":\"Boutique\",\"item\":\"https:\/\/eurosdiscounts.com\/index.php\/boutique\/\"},{\"@type\":\"ListItem\",\"position\":3,\"name\":\"Palette de pellets AMERICAN PREMIUM\"}]},{\"@type\":\"WebSite\",\"@id\":\"https:\/\/eurosdiscounts.com\/#website\",\"url\":\"https:\/\/eurosdiscounts.com\/\",\"name\":\"Eurosdiscounts.com- Achat sur Internet a prix discount, Canap\u00e9s pas cher, Smartphone pas cher, pc portable pas cher..\",\"description\":\"Eurosdiscounts.com- Achat sur Internet a prix discount, Canap\u00e9s pas cher, Smartphone pas cher, pc portable pas cher..\",\"potentialAction\":[{\"@type\":\"SearchAction\",\"target\":{\"@type\":\"EntryPoint\",\"urlTemplate\":\"https:\/\/eurosdiscounts.com\/?s={search_term_string}\"},\"query-input\":{\"@type\":\"PropertyValueSpecification\",\"valueRequired\":true,\"valueName\":\"search_term_string\"}}],\"inLanguage\":\"fr-FR\"}]}<\/script>\n<!-- \/ Yoast SEO plugin. -->","yoast_head_json":{"title":"Palette de pellets AMERICAN PREMIUM - Eurosdiscounts.com- Achat sur Internet a prix discount, Canap\u00e9s pas cher, Smartphone pas cher, pc portable pas cher..","description":"Palette de pellets AMERICAN PREMIUM","robots":{"index":"index","follow":"follow","max-snippet":"max-snippet:-1","max-image-preview":"max-image-preview:large","max-video-preview":"max-video-preview:-1"},"canonical":"https:\/\/eurosdiscounts.com\/index.php\/produit\/palette-de-pellets-american-premium\/","og_locale":"fr_FR","og_type":"article","og_title":"Palette de pellets AMERICAN PREMIUM - Eurosdiscounts.com- Achat sur Internet a prix discount, Canap\u00e9s pas cher, Smartphone pas cher, pc portable pas cher..","og_description":"Palette de pellets AMERICAN PREMIUM","og_url":"https:\/\/eurosdiscounts.com\/index.php\/produit\/palette-de-pellets-american-premium\/","og_site_name":"Eurosdiscounts.com- Achat sur Internet a prix discount, Canap\u00e9s pas cher, Smartphone pas cher, pc portable pas cher..","article_modified_time":"2026-04-19T13:07:15+00:00","og_image":[{"width":800,"height":800,"url":"https:\/\/eurosdiscounts.com\/wp-content\/uploads\/2024\/01\/american.webp","type":"image\/webp"}],"twitter_card":"summary_large_image","twitter_misc":{"Dur\u00e9e de lecture estim\u00e9e":"2 minutes"},"schema":{"@context":"https:\/\/schema.org","@graph":[{"@type":"WebPage","@id":"https:\/\/eurosdiscounts.com\/index.php\/produit\/palette-de-pellets-american-premium\/","url":"https:\/\/eurosdiscounts.com\/index.php\/produit\/palette-de-pellets-american-premium\/","name":"Palette de pellets AMERICAN PREMIUM - Eurosdiscounts.com- Achat sur Internet a prix discount, Canap\u00e9s pas cher, Smartphone pas cher, pc portable pas cher..","isPartOf":{"@id":"https:\/\/eurosdiscounts.com\/#website"},"primaryImageOfPage":{"@id":"https:\/\/eurosdiscounts.com\/index.php\/produit\/palette-de-pellets-american-premium\/#primaryimage"},"image":{"@id":"https:\/\/eurosdiscounts.com\/index.php\/produit\/palette-de-pellets-american-premium\/#primaryimage"},"thumbnailUrl":"https:\/\/eurosdiscounts.com\/wp-content\/uploads\/2024\/01\/american.webp","datePublished":"2024-01-16T19:48:46+00:00","dateModified":"2026-04-19T13:07:15+00:00","description":"Palette de pellets AMERICAN PREMIUM","breadcrumb":{"@id":"https:\/\/eurosdiscounts.com\/index.php\/produit\/palette-de-pellets-american-premium\/#breadcrumb"},"inLanguage":"fr-FR","potentialAction":[{"@type":"ReadAction","target":["https:\/\/eurosdiscounts.com\/index.php\/produit\/palette-de-pellets-american-premium\/"]}]},{"@type":"ImageObject","inLanguage":"fr-FR","@id":"https:\/\/eurosdiscounts.com\/index.php\/produit\/palette-de-pellets-american-premium\/#primaryimage","url":"https:\/\/eurosdiscounts.com\/wp-content\/uploads\/2024\/01\/american.webp","contentUrl":"https:\/\/eurosdiscounts.com\/wp-content\/uploads\/2024\/01\/american.webp","width":800,"height":800},{"@type":"BreadcrumbList","@id":"https:\/\/eurosdiscounts.com\/index.php\/produit\/palette-de-pellets-american-premium\/#breadcrumb","itemListElement":[{"@type":"ListItem","position":1,"name":"Accueil","item":"https:\/\/eurosdiscounts.com\/"},{"@type":"ListItem","position":2,"name":"Boutique","item":"https:\/\/eurosdiscounts.com\/index.php\/boutique\/"},{"@type":"ListItem","position":3,"name":"Palette de pellets AMERICAN PREMIUM"}]},{"@type":"WebSite","@id":"https:\/\/eurosdiscounts.com\/#website","url":"https:\/\/eurosdiscounts.com\/","name":"Eurosdiscounts.com- Achat sur Internet a prix discount, Canap\u00e9s pas cher, Smartphone pas cher, pc portable pas cher..","description":"Eurosdiscounts.com- Achat sur Internet a prix discount, Canap\u00e9s pas cher, Smartphone pas cher, pc portable pas cher..","potentialAction":[{"@type":"SearchAction","target":{"@type":"EntryPoint","urlTemplate":"https:\/\/eurosdiscounts.com\/?s={search_term_string}"},"query-input":{"@type":"PropertyValueSpecification","valueRequired":true,"valueName":"search_term_string"}}],"inLanguage":"fr-FR"}]}},"_links":{"self":[{"href":"https:\/\/eurosdiscounts.com\/index.php\/wp-json\/wp\/v2\/product\/20849","targetHints":{"allow":["GET"]}}],"collection":[{"href":"https:\/\/eurosdiscounts.com\/index.php\/wp-json\/wp\/v2\/product"}],"about":[{"href":"https:\/\/eurosdiscounts.com\/index.php\/wp-json\/wp\/v2\/types\/product"}],"replies":[{"embeddable":true,"href":"https:\/\/eurosdiscounts.com\/index.php\/wp-json\/wp\/v2\/comments?post=20849"}],"wp:featuredmedia":[{"embeddable":true,"href":"https:\/\/eurosdiscounts.com\/index.php\/wp-json\/wp\/v2\/media\/20850"}],"wp:attachment":[{"href":"https:\/\/eurosdiscounts.com\/index.php\/wp-json\/wp\/v2\/media?parent=20849"}],"wp:term":[{"taxonomy":"product_cat","embeddable":true,"href":"https:\/\/eurosdiscounts.com\/index.php\/wp-json\/wp\/v2\/product_cat?post=20849"},{"taxonomy":"product_tag","embeddable":true,"href":"https:\/\/eurosdiscounts.com\/index.php\/wp-json\/wp\/v2\/product_tag?post=20849"}],"curies":[{"name":"wp","href":"https:\/\/api.w.org\/{rel}","templated":true}]}}