{"id":20838,"date":"2024-01-16T20:35:32","date_gmt":"2024-01-16T19:35:32","guid":{"rendered":"https:\/\/eurosdiscounts.com\/?post_type=product&#038;p=20838"},"modified":"2025-10-03T05:55:03","modified_gmt":"2025-10-03T03:55:03","slug":"palette-de-pellets-excellent","status":"publish","type":"product","link":"https:\/\/eurosdiscounts.com\/index.php\/produit\/palette-de-pellets-excellent\/","title":{"rendered":"Palette de pellets EXCELLENT"},"content":{"rendered":"<h2>Description<\/h2>\n<p>Ces. pellets sont fabriqu\u00e9s au sein d\u2019une tr\u00e8s grosse scierie, o\u00f9 les sciures sont directement utilis\u00e9es sur place pour fabriquer les granul\u00e9s. L\u2019utilisation de la sciure en circuit court permet de conserver sa grande fraicheur.<\/p>\n<p>Ces mati\u00e8res premi\u00e8res sont ensuite s\u00e9ch\u00e9es \u00e0 basse temp\u00e9rature (s\u00e9choir \u00e0 bande). Cette maitrise des mati\u00e8res premi\u00e8res permet l\u2019obtention d\u2019un faible taux de cendre et une temp\u00e9rature de d\u00e9formation des cendres \u00e9lev\u00e9e.<\/p>\n<p>La duret\u00e9 importante du granul\u00e9 par un pressage haute densit\u00e9, le faible taux d\u2019humidit\u00e9 et enfin un tamisage effectu\u00e9e avant le remplissage de chaque sac permet un taux de poussi\u00e8re sortie usine tr\u00e8s faible.<\/p>\n<p>Ils d\u00e9passent les normes de qualit\u00e9 les plus strictes DIN Plus ou EN Plus.<\/p>\n<p>Ils conviennent parfaitement pour tous les syst\u00e8mes de chauffage aux granul\u00e9s de bois.<\/p>\n<div class=\"product-reference\"><\/div>\n<div class=\"product-out-of-stock\"><\/div>\n<h3 class=\"h6\">Fiche technique<\/h3>\n<dl class=\"data-sheet\">\n<dt class=\"name\">Certificats<\/dt>\n<dd class=\"value\">DIN Plus, EN Plus A1<\/dd>\n<dt class=\"name\">Pouvoir Calorifique<\/dt>\n<dd class=\"value\">Inf\u00e9rieur \u00e0 4,9 kWh\/kg<\/dd>\n<dt class=\"name\">Taux D\u2019humidit\u00e9<\/dt>\n<dd class=\"value\">Inf\u00e9rieur \u00e0 8%<\/dd>\n<dt class=\"name\">Taux De Cendres<\/dt>\n<dd class=\"value\">Inf\u00e9rieur \u00e0 0,5%<\/dd>\n<dt class=\"name\">Taux De Poussi\u00e8re<\/dt>\n<dd class=\"value\">Inf\u00e9rieur \u00e0 0,21%<\/dd>\n<dt class=\"name\">Essence<\/dt>\n<dd class=\"value\">R\u00e9sineuses<\/dd>\n<dt class=\"name\">Type De Bois<\/dt>\n<dd class=\"value\">100% r\u00e9sineux<\/dd>\n<dt class=\"name\">Conditionnement<\/dt>\n<dd class=\"value\">Palette<\/dd>\n<dt class=\"name\">Origine<\/dt>\n<dd class=\"value\">Belgique<\/dd>\n<\/dl>\n","protected":false},"excerpt":{"rendered":"<p><strong>66 Sacs de 15Kg<\/strong><\/p>\n<p>Granul\u00e9s de bois EXCELLENT PELLETS, certifi\u00e9s DIN Plus et EN Plus A1. Fabriqu\u00e9s en Belgique, un produit local, 100% r\u00e9sineux et naturel.<\/p>\n<p><strong>Palette :<\/strong>\u00a066 Sacs de 15Kg<\/p>\n<p><strong>Poids :<\/strong>\u00a0990Kg<\/p>\n<p><strong>Dimensions :<\/strong>\u00a01,2 X 1 X 1,85m<\/p>\n","protected":false},"featured_media":20839,"comment_status":"open","ping_status":"closed","template":"","meta":[],"product_cat":[281],"product_tag":[],"class_list":{"0":"post-20838","1":"product","2":"type-product","3":"status-publish","4":"has-post-thumbnail","6":"product_cat-granule-de-bois","8":"first","9":"instock","10":"sale","11":"shipping-taxable","12":"purchasable","13":"product-type-simple","14":"col-xs-6 col-sm-4","15":"col-md-3 col-lg-3","16":"un-4-cols"},"yoast_head":"<!-- This site is optimized with the Yoast SEO plugin v27.0 - https:\/\/yoast.com\/product\/yoast-seo-wordpress\/ -->\n<title>Palette de pellets EXCELLENT - Eurosdiscounts.com- Achat sur Internet a prix discount, Canap\u00e9s pas cher, Smartphone pas cher, pc portable pas cher..<\/title>\n<meta name=\"description\" content=\"Palette de pellets EXCELLENT (Livraison Incluse)\" \/>\n<meta name=\"robots\" content=\"index, follow, max-snippet:-1, max-image-preview:large, max-video-preview:-1\" \/>\n<link rel=\"canonical\" href=\"https:\/\/eurosdiscounts.com\/index.php\/produit\/palette-de-pellets-excellent\/\" \/>\n<meta property=\"og:locale\" content=\"fr_FR\" \/>\n<meta property=\"og:type\" content=\"article\" \/>\n<meta property=\"og:title\" content=\"Palette de pellets EXCELLENT - Eurosdiscounts.com- Achat sur Internet a prix discount, Canap\u00e9s pas cher, Smartphone pas cher, pc portable pas cher..\" \/>\n<meta property=\"og:description\" content=\"Palette de pellets EXCELLENT (Livraison Incluse)\" \/>\n<meta property=\"og:url\" content=\"https:\/\/eurosdiscounts.com\/index.php\/produit\/palette-de-pellets-excellent\/\" \/>\n<meta property=\"og:site_name\" content=\"Eurosdiscounts.com- Achat sur Internet a prix discount, Canap\u00e9s pas cher, Smartphone pas cher, pc portable pas cher..\" \/>\n<meta property=\"article:modified_time\" content=\"2025-10-03T03:55:03+00:00\" \/>\n<meta property=\"og:image\" content=\"https:\/\/eurosdiscounts.com\/wp-content\/uploads\/2024\/01\/Pellet-Excellent-Pellets-Palette-de-65-sacs-de-15-kg.webp\" \/>\n\t<meta property=\"og:image:width\" content=\"800\" \/>\n\t<meta property=\"og:image:height\" content=\"800\" \/>\n\t<meta property=\"og:image:type\" content=\"image\/webp\" \/>\n<meta name=\"twitter:card\" content=\"summary_large_image\" \/>\n<meta name=\"twitter:label1\" content=\"Dur\u00e9e de lecture estim\u00e9e\" \/>\n\t<meta name=\"twitter:data1\" content=\"2 minutes\" \/>\n<script type=\"application\/ld+json\" class=\"yoast-schema-graph\">{\"@context\":\"https:\/\/schema.org\",\"@graph\":[{\"@type\":\"WebPage\",\"@id\":\"https:\/\/eurosdiscounts.com\/index.php\/produit\/palette-de-pellets-excellent\/\",\"url\":\"https:\/\/eurosdiscounts.com\/index.php\/produit\/palette-de-pellets-excellent\/\",\"name\":\"Palette de pellets EXCELLENT - Eurosdiscounts.com- Achat sur Internet a prix discount, Canap\u00e9s pas cher, Smartphone pas cher, pc portable pas cher..\",\"isPartOf\":{\"@id\":\"https:\/\/eurosdiscounts.com\/#website\"},\"primaryImageOfPage\":{\"@id\":\"https:\/\/eurosdiscounts.com\/index.php\/produit\/palette-de-pellets-excellent\/#primaryimage\"},\"image\":{\"@id\":\"https:\/\/eurosdiscounts.com\/index.php\/produit\/palette-de-pellets-excellent\/#primaryimage\"},\"thumbnailUrl\":\"https:\/\/eurosdiscounts.com\/wp-content\/uploads\/2024\/01\/Pellet-Excellent-Pellets-Palette-de-65-sacs-de-15-kg.webp\",\"datePublished\":\"2024-01-16T19:35:32+00:00\",\"dateModified\":\"2025-10-03T03:55:03+00:00\",\"description\":\"Palette de pellets EXCELLENT (Livraison Incluse)\",\"breadcrumb\":{\"@id\":\"https:\/\/eurosdiscounts.com\/index.php\/produit\/palette-de-pellets-excellent\/#breadcrumb\"},\"inLanguage\":\"fr-FR\",\"potentialAction\":[{\"@type\":\"ReadAction\",\"target\":[\"https:\/\/eurosdiscounts.com\/index.php\/produit\/palette-de-pellets-excellent\/\"]}]},{\"@type\":\"ImageObject\",\"inLanguage\":\"fr-FR\",\"@id\":\"https:\/\/eurosdiscounts.com\/index.php\/produit\/palette-de-pellets-excellent\/#primaryimage\",\"url\":\"https:\/\/eurosdiscounts.com\/wp-content\/uploads\/2024\/01\/Pellet-Excellent-Pellets-Palette-de-65-sacs-de-15-kg.webp\",\"contentUrl\":\"https:\/\/eurosdiscounts.com\/wp-content\/uploads\/2024\/01\/Pellet-Excellent-Pellets-Palette-de-65-sacs-de-15-kg.webp\",\"width\":800,\"height\":800},{\"@type\":\"BreadcrumbList\",\"@id\":\"https:\/\/eurosdiscounts.com\/index.php\/produit\/palette-de-pellets-excellent\/#breadcrumb\",\"itemListElement\":[{\"@type\":\"ListItem\",\"position\":1,\"name\":\"Accueil\",\"item\":\"https:\/\/eurosdiscounts.com\/\"},{\"@type\":\"ListItem\",\"position\":2,\"name\":\"Boutique\",\"item\":\"https:\/\/eurosdiscounts.com\/index.php\/boutique\/\"},{\"@type\":\"ListItem\",\"position\":3,\"name\":\"Palette de pellets EXCELLENT\"}]},{\"@type\":\"WebSite\",\"@id\":\"https:\/\/eurosdiscounts.com\/#website\",\"url\":\"https:\/\/eurosdiscounts.com\/\",\"name\":\"Eurosdiscounts.com- Achat sur Internet a prix discount, Canap\u00e9s pas cher, Smartphone pas cher, pc portable pas cher..\",\"description\":\"Eurosdiscounts.com- Achat sur Internet a prix discount, Canap\u00e9s pas cher, Smartphone pas cher, pc portable pas cher..\",\"potentialAction\":[{\"@type\":\"SearchAction\",\"target\":{\"@type\":\"EntryPoint\",\"urlTemplate\":\"https:\/\/eurosdiscounts.com\/?s={search_term_string}\"},\"query-input\":{\"@type\":\"PropertyValueSpecification\",\"valueRequired\":true,\"valueName\":\"search_term_string\"}}],\"inLanguage\":\"fr-FR\"}]}<\/script>\n<!-- \/ Yoast SEO plugin. -->","yoast_head_json":{"title":"Palette de pellets EXCELLENT - Eurosdiscounts.com- Achat sur Internet a prix discount, Canap\u00e9s pas cher, Smartphone pas cher, pc portable pas cher..","description":"Palette de pellets EXCELLENT (Livraison Incluse)","robots":{"index":"index","follow":"follow","max-snippet":"max-snippet:-1","max-image-preview":"max-image-preview:large","max-video-preview":"max-video-preview:-1"},"canonical":"https:\/\/eurosdiscounts.com\/index.php\/produit\/palette-de-pellets-excellent\/","og_locale":"fr_FR","og_type":"article","og_title":"Palette de pellets EXCELLENT - Eurosdiscounts.com- Achat sur Internet a prix discount, Canap\u00e9s pas cher, Smartphone pas cher, pc portable pas cher..","og_description":"Palette de pellets EXCELLENT (Livraison Incluse)","og_url":"https:\/\/eurosdiscounts.com\/index.php\/produit\/palette-de-pellets-excellent\/","og_site_name":"Eurosdiscounts.com- Achat sur Internet a prix discount, Canap\u00e9s pas cher, Smartphone pas cher, pc portable pas cher..","article_modified_time":"2025-10-03T03:55:03+00:00","og_image":[{"width":800,"height":800,"url":"https:\/\/eurosdiscounts.com\/wp-content\/uploads\/2024\/01\/Pellet-Excellent-Pellets-Palette-de-65-sacs-de-15-kg.webp","type":"image\/webp"}],"twitter_card":"summary_large_image","twitter_misc":{"Dur\u00e9e de lecture estim\u00e9e":"2 minutes"},"schema":{"@context":"https:\/\/schema.org","@graph":[{"@type":"WebPage","@id":"https:\/\/eurosdiscounts.com\/index.php\/produit\/palette-de-pellets-excellent\/","url":"https:\/\/eurosdiscounts.com\/index.php\/produit\/palette-de-pellets-excellent\/","name":"Palette de pellets EXCELLENT - Eurosdiscounts.com- Achat sur Internet a prix discount, Canap\u00e9s pas cher, Smartphone pas cher, pc portable pas cher..","isPartOf":{"@id":"https:\/\/eurosdiscounts.com\/#website"},"primaryImageOfPage":{"@id":"https:\/\/eurosdiscounts.com\/index.php\/produit\/palette-de-pellets-excellent\/#primaryimage"},"image":{"@id":"https:\/\/eurosdiscounts.com\/index.php\/produit\/palette-de-pellets-excellent\/#primaryimage"},"thumbnailUrl":"https:\/\/eurosdiscounts.com\/wp-content\/uploads\/2024\/01\/Pellet-Excellent-Pellets-Palette-de-65-sacs-de-15-kg.webp","datePublished":"2024-01-16T19:35:32+00:00","dateModified":"2025-10-03T03:55:03+00:00","description":"Palette de pellets EXCELLENT (Livraison Incluse)","breadcrumb":{"@id":"https:\/\/eurosdiscounts.com\/index.php\/produit\/palette-de-pellets-excellent\/#breadcrumb"},"inLanguage":"fr-FR","potentialAction":[{"@type":"ReadAction","target":["https:\/\/eurosdiscounts.com\/index.php\/produit\/palette-de-pellets-excellent\/"]}]},{"@type":"ImageObject","inLanguage":"fr-FR","@id":"https:\/\/eurosdiscounts.com\/index.php\/produit\/palette-de-pellets-excellent\/#primaryimage","url":"https:\/\/eurosdiscounts.com\/wp-content\/uploads\/2024\/01\/Pellet-Excellent-Pellets-Palette-de-65-sacs-de-15-kg.webp","contentUrl":"https:\/\/eurosdiscounts.com\/wp-content\/uploads\/2024\/01\/Pellet-Excellent-Pellets-Palette-de-65-sacs-de-15-kg.webp","width":800,"height":800},{"@type":"BreadcrumbList","@id":"https:\/\/eurosdiscounts.com\/index.php\/produit\/palette-de-pellets-excellent\/#breadcrumb","itemListElement":[{"@type":"ListItem","position":1,"name":"Accueil","item":"https:\/\/eurosdiscounts.com\/"},{"@type":"ListItem","position":2,"name":"Boutique","item":"https:\/\/eurosdiscounts.com\/index.php\/boutique\/"},{"@type":"ListItem","position":3,"name":"Palette de pellets EXCELLENT"}]},{"@type":"WebSite","@id":"https:\/\/eurosdiscounts.com\/#website","url":"https:\/\/eurosdiscounts.com\/","name":"Eurosdiscounts.com- Achat sur Internet a prix discount, Canap\u00e9s pas cher, Smartphone pas cher, pc portable pas cher..","description":"Eurosdiscounts.com- Achat sur Internet a prix discount, Canap\u00e9s pas cher, Smartphone pas cher, pc portable pas cher..","potentialAction":[{"@type":"SearchAction","target":{"@type":"EntryPoint","urlTemplate":"https:\/\/eurosdiscounts.com\/?s={search_term_string}"},"query-input":{"@type":"PropertyValueSpecification","valueRequired":true,"valueName":"search_term_string"}}],"inLanguage":"fr-FR"}]}},"_links":{"self":[{"href":"https:\/\/eurosdiscounts.com\/index.php\/wp-json\/wp\/v2\/product\/20838","targetHints":{"allow":["GET"]}}],"collection":[{"href":"https:\/\/eurosdiscounts.com\/index.php\/wp-json\/wp\/v2\/product"}],"about":[{"href":"https:\/\/eurosdiscounts.com\/index.php\/wp-json\/wp\/v2\/types\/product"}],"replies":[{"embeddable":true,"href":"https:\/\/eurosdiscounts.com\/index.php\/wp-json\/wp\/v2\/comments?post=20838"}],"wp:featuredmedia":[{"embeddable":true,"href":"https:\/\/eurosdiscounts.com\/index.php\/wp-json\/wp\/v2\/media\/20839"}],"wp:attachment":[{"href":"https:\/\/eurosdiscounts.com\/index.php\/wp-json\/wp\/v2\/media?parent=20838"}],"wp:term":[{"taxonomy":"product_cat","embeddable":true,"href":"https:\/\/eurosdiscounts.com\/index.php\/wp-json\/wp\/v2\/product_cat?post=20838"},{"taxonomy":"product_tag","embeddable":true,"href":"https:\/\/eurosdiscounts.com\/index.php\/wp-json\/wp\/v2\/product_tag?post=20838"}],"curies":[{"name":"wp","href":"https:\/\/api.w.org\/{rel}","templated":true}]}}