{"id":20758,"date":"2023-12-12T09:14:59","date_gmt":"2023-12-12T08:14:59","guid":{"rendered":"https:\/\/eurosdiscounts.com\/?post_type=product&#038;p=20758"},"modified":"2023-12-12T09:15:00","modified_gmt":"2023-12-12T08:15:00","slug":"cave-de-vieillissement-liebherr-wkes-4552-21","status":"publish","type":"product","link":"https:\/\/eurosdiscounts.com\/index.php\/produit\/cave-de-vieillissement-liebherr-wkes-4552-21\/","title":{"rendered":"Cave de vieillissement LIEBHERR WKES 4552-21"},"content":{"rendered":"<div><b>La cave Liebherr WKES 4552-21 en inox<\/b>\u00a0est une\u00a0<b>cave de vieillissement dot\u00e9e d&rsquo;une porte en vitr\u00e9e anti-UV<\/b>\u00a0et une\u00a0<b>finition en inox<\/b>\u00a0qui lui conf\u00e8rent un design \u00e9l\u00e9gant.<\/div>\n<div>Elle a une\u00a0<b>capacit\u00e9 de 201 bouteilles.\u00a0<\/b><\/div>\n<div><\/div>\n<div><b>Design<\/b><\/div>\n<div>Sa finition inox lui conf\u00e8re un look\u00a0<b>tr\u00e8s \u00e9l\u00e9gant.\u00a0<\/b><\/div>\n<div><\/div>\n<div><b>Equipement\u00a0<\/b><\/div>\n<div>Les\u00a0<b>5 clayettes en bois\u00a0<\/b>offrent une parfaite stabilit\u00e9 pour le stockage du vin. Les empreintes universelles permettent de ranger facilement tous types de bouteilles.<\/div>\n<div><\/div>\n<div><b>Porte trait\u00e9e anti UV\u00a0<\/b><\/div>\n<div>Elle \u00e9vite toute intrusion de la lumi\u00e8re pour une\u00a0<b>conservation optimale<\/b>\u00a0de vos plus grands crus.<\/div>\n<div><\/div>\n<div><b>Thermostat \u00e9lectronique\u00a0<\/b><\/div>\n<div>Un affichage digital permet de\u00a0<b>visualiser la temp\u00e9rature<\/b>\u00a0ainsi que le taux d&rsquo;hygrom\u00e9trie dans la pi\u00e8ce pour une\u00a0<b>parfaite conservation. \u00a0<\/b><\/div>\n<div><\/div>\n<div>\n<div><b>Capacit\u00e9\u00a0<\/b><\/div>\n<div>Cette cave peut accueillir jusqu&rsquo;\u00e0\u00a0<b>201 bouteilles<\/b>\u00a0de type \u00ab\u00a0Bordeaux tradition de 75 cl\u00a0\u00bb.<\/div>\n<div><b>\u00a0<\/b><\/div>\n<div><b>Filtre \u00e0 charbon actif<\/b><\/div>\n<div>Vos bouteilles respirent \u00e0 travers leur bouchon gr\u00e2ce au filtre \u00e0 charbon. Il agit comme un rempart contre les mauvaises odeurs et les bact\u00e9ries nuisibles \u00e0 la bonne conservation du vin.<\/div>\n<div><\/div>\n<p><b>Pack S\u00e9curit\u00e9 hiver<\/b><\/p>\n<p>Cette \u00e0 vin offre un dispositif complet pour s\u00e9curiser son fonctionnement.<\/p>\n<div>Alarmes, visuelle, sonore lui permettront de r\u00e9sister aux premiers frimas! Son Syst\u00e8me automatique de compensation de temp\u00e9rature s&rsquo;active automatiquement lorsque la consigne de temp\u00e9rature est r\u00e9gl\u00e9e \u00e0 13\u00b0C. Elle r\u00e9siste ainsi ponctuellement \u00e0 des temp\u00e9ratures ambiantes allant jusqu&rsquo;\u00e0 +5\u00b0C.<br \/>\n<b><br \/>\nClasse climatique temp\u00e9r\u00e9e \u00e9largie\u00a0<\/b><\/div>\n<div>Cette fonctionne normalement m\u00eame \u00e0 une temp\u00e9rature ambiante\u00a0<b>allant de +10 \u00e0 +32\u00b0C.<\/b><\/div>\n<\/div>\n","protected":false},"excerpt":{"rendered":"<table class=\"font-2\">\n<tbody>\n<tr class=\"odd\">\n<th scope=\"row\">Classe \u00e9nerg\u00e9tique<\/th>\n<td class=\"font-2-b\">\n<ul class=\"characteristics\">\n<li class=\"\">F<\/li>\n<\/ul>\n<\/td>\n<\/tr>\n<tr class=\"\">\n<th scope=\"row\">Nombre de bouteilles (cave)<\/th>\n<td class=\"font-2-b\">\n<ul class=\"characteristics\">\n<li class=\"\">201<\/li>\n<\/ul>\n<\/td>\n<\/tr>\n<tr class=\"odd\">\n<th scope=\"row\">Niveau sonore<\/th>\n<td class=\"font-2-b\">\n<ul class=\"characteristics\">\n<li class=\"\">38 dB<\/li>\n<\/ul>\n<\/td>\n<\/tr>\n<tr class=\"\">\n<th scope=\"row\">Cat\u00e9gorie de niveau sonore<\/th>\n<td class=\"font-2-b\">\n<ul class=\"characteristics\">\n<li class=\"\">C<\/li>\n<\/ul>\n<\/td>\n<\/tr>\n<tr class=\"odd\">\n<th scope=\"row\">Fonctionnalit\u00e9 appareil du froid<\/th>\n<td class=\"font-2-b\">\n<ul class=\"characteristics\">\n<li class=\"\">Affichage de la temp\u00e9rature<\/li>\n<\/ul>\n<\/td>\n<\/tr>\n<tr class=\"\">\n<th scope=\"row\">Type de pose<\/th>\n<td class=\"font-2-b\">\n<ul class=\"characteristics\">\n<li class=\"\">Pose libre<\/li>\n<\/ul>\n<\/td>\n<\/tr>\n<tr class=\"odd\">\n<th scope=\"row\">Co\u00fbt estim\u00e9 d&rsquo;utilisation annuel<\/th>\n<td class=\"font-2-b\">\n<ul class=\"characteristics\">\n<li class=\"\">20,36 Euros<\/li>\n<\/ul>\n<\/td>\n<\/tr>\n<tr class=\"\">\n<th scope=\"row\">Volume total<\/th>\n<td class=\"font-2-b\">\n<ul class=\"characteristics\">\n<li class=\"\">436 l<\/li>\n<\/ul>\n<\/td>\n<\/tr>\n<tr class=\"odd\">\n<th scope=\"row\">Ouverture de la porte<\/th>\n<td class=\"font-2-b\">\n<ul class=\"characteristics\">\n<li class=\"\">R\u00e9versible droite ou gauche<\/li>\n<\/ul>\n<\/td>\n<\/tr>\n<tr class=\"\">\n<th scope=\"row\">Porte r\u00e9versible<\/th>\n<td class=\"font-2-b\">\n<ul class=\"characteristics\">\n<li class=\"\">Oui<\/li>\n<\/ul>\n<\/td>\n<\/tr>\n<tr class=\"odd\">\n<th scope=\"row\">Connect\u00e9<\/th>\n<td class=\"font-2-b\">\n<ul class=\"characteristics\">\n<li class=\"\">Non<\/li>\n<\/ul>\n<\/td>\n<\/tr>\n<tr class=\"\">\n<th scope=\"row\">Hauteur<\/th>\n<td class=\"font-2-b\">\n<ul class=\"characteristics\">\n<li class=\"\">165 cm<\/li>\n<\/ul>\n<\/td>\n<\/tr>\n<tr class=\"odd\">\n<th scope=\"row\">Largeur<\/th>\n<td class=\"font-2-b\">\n<ul class=\"characteristics\">\n<li class=\"\">70 cm<\/li>\n<\/ul>\n<\/td>\n<\/tr>\n<tr class=\"\">\n<th scope=\"row\">Profondeur du produit<\/th>\n<td class=\"font-2-b\">\n<ul class=\"characteristics\">\n<li class=\"\">74,2 cm<\/li>\n<\/ul>\n<\/td>\n<\/tr>\n<tr class=\"odd\">\n<th scope=\"row\">Nombre de clayettes<\/th>\n<td class=\"font-2-b\">\n<ul class=\"characteristics\">\n<li class=\"\">5<\/li>\n<\/ul>\n<\/td>\n<\/tr>\n<tr class=\"\">\n<th scope=\"row\">Type de porte (cave)<\/th>\n<td class=\"font-2-b\">\n<ul class=\"characteristics\">\n<li class=\"\">Vitr\u00e9e anti-UV<\/li>\n<\/ul>\n<\/td>\n<\/tr>\n<tr class=\"odd\">\n<th scope=\"row\">Avantages produits<\/th>\n<td class=\"font-2-b\">\n<ul class=\"characteristics\">\n<li class=\"\">Porte r\u00e9versible<\/li>\n<\/ul>\n<\/td>\n<\/tr>\n<tr class=\"\">\n<th scope=\"row\">Caract\u00e9ristiques compl\u00e9mentaires<\/th>\n<td class=\"font-2-b\">\n<ul class=\"characteristics\">\n<li class=\"\">Filtre \u00e0 charbon<br \/>\nMode de contr\u00f4le: Electronique<br \/>\nType d&rsquo;alarme: Visuelle et Sonore<\/li>\n<\/ul>\n<\/td>\n<\/tr>\n<tr class=\"odd\">\n<th scope=\"row\">Poids<\/th>\n<td class=\"font-2-b\">\n<ul class=\"characteristics\">\n<li class=\"\">89 kg<\/li>\n<\/ul>\n<\/td>\n<\/tr>\n<tr class=\"\">\n<th scope=\"row\">Finition<\/th>\n<td class=\"font-2-b\">\n<ul class=\"characteristics\">\n<li class=\"\">Inox<\/li>\n<\/ul>\n<\/td>\n<\/tr>\n<tr class=\"odd\">\n<th scope=\"row\">Pays de fabrication<\/th>\n<td class=\"font-2-b\">\n<ul class=\"characteristics\">\n<li class=\"\">Autriche<\/li>\n<\/ul>\n<\/td>\n<\/tr>\n<tr class=\"\">\n<th scope=\"row\">Origine de fabrication<\/th>\n<td class=\"font-2-b\">\n<ul class=\"characteristics\">\n<li class=\"\">Fabriqu\u00e9 hors Europe<\/li>\n<\/ul>\n<\/td>\n<\/tr>\n<tr class=\"odd\">\n<th scope=\"row\">Disponibilit\u00e9 des pi\u00e8ces d\u00e9tach\u00e9es<\/th>\n<td class=\"font-2-b\">\n<ul class=\"characteristics\">\n<li class=\"\">15 ans<\/li>\n<\/ul>\n<\/td>\n<\/tr>\n<tr class=\"\">\n<th scope=\"row\">Code<\/th>\n<td class=\"font-2-b\">\n<ul class=\"characteristics\">\n<li class=\"\">4232895<\/li>\n<\/ul>\n<\/td>\n<\/tr>\n<\/tbody>\n<\/table>\n","protected":false},"featured_media":20759,"comment_status":"open","ping_status":"closed","template":"","meta":[],"product_cat":[217],"product_tag":[],"class_list":{"0":"post-20758","1":"product","2":"type-product","3":"status-publish","4":"has-post-thumbnail","6":"product_brand-liebherr","7":"product_cat-caves-a-vin","9":"first","10":"instock","11":"sale","12":"shipping-taxable","13":"purchasable","14":"product-type-simple","15":"col-xs-6 col-sm-4","16":"col-md-3 col-lg-3","17":"un-4-cols"},"yoast_head":"<!-- This site is optimized with the Yoast SEO plugin v27.0 - https:\/\/yoast.com\/product\/yoast-seo-wordpress\/ -->\n<title>Cave de vieillissement LIEBHERR WKES 4552-21 - Eurosdiscounts.com- Achat sur Internet a prix discount, Canap\u00e9s pas cher, Smartphone pas cher, pc portable pas cher..<\/title>\n<meta name=\"description\" content=\"Cave de vieillissement LIEBHERR WKES 4552-21\" \/>\n<meta name=\"robots\" content=\"index, follow, max-snippet:-1, max-image-preview:large, max-video-preview:-1\" \/>\n<link rel=\"canonical\" href=\"https:\/\/eurosdiscounts.com\/index.php\/produit\/cave-de-vieillissement-liebherr-wkes-4552-21\/\" \/>\n<meta property=\"og:locale\" content=\"fr_FR\" \/>\n<meta property=\"og:type\" content=\"article\" \/>\n<meta property=\"og:title\" content=\"Cave de vieillissement LIEBHERR WKES 4552-21 - Eurosdiscounts.com- Achat sur Internet a prix discount, Canap\u00e9s pas cher, Smartphone pas cher, pc portable pas cher..\" \/>\n<meta property=\"og:description\" content=\"Cave de vieillissement LIEBHERR WKES 4552-21\" \/>\n<meta property=\"og:url\" content=\"https:\/\/eurosdiscounts.com\/index.php\/produit\/cave-de-vieillissement-liebherr-wkes-4552-21\/\" \/>\n<meta property=\"og:site_name\" content=\"Eurosdiscounts.com- Achat sur Internet a prix discount, Canap\u00e9s pas cher, Smartphone pas cher, pc portable pas cher..\" \/>\n<meta property=\"article:modified_time\" content=\"2023-12-12T08:15:00+00:00\" \/>\n<meta property=\"og:image\" content=\"https:\/\/eurosdiscounts.com\/wp-content\/uploads\/2023\/12\/liebherr_wkes_4552-21_t1608034232895A_122846239.png\" \/>\n\t<meta property=\"og:image:width\" content=\"300\" \/>\n\t<meta property=\"og:image:height\" content=\"450\" \/>\n\t<meta property=\"og:image:type\" content=\"image\/png\" \/>\n<meta name=\"twitter:card\" content=\"summary_large_image\" \/>\n<meta name=\"twitter:label1\" content=\"Dur\u00e9e de lecture estim\u00e9e\" \/>\n\t<meta name=\"twitter:data1\" content=\"2 minutes\" \/>\n<script type=\"application\/ld+json\" class=\"yoast-schema-graph\">{\"@context\":\"https:\/\/schema.org\",\"@graph\":[{\"@type\":\"WebPage\",\"@id\":\"https:\/\/eurosdiscounts.com\/index.php\/produit\/cave-de-vieillissement-liebherr-wkes-4552-21\/\",\"url\":\"https:\/\/eurosdiscounts.com\/index.php\/produit\/cave-de-vieillissement-liebherr-wkes-4552-21\/\",\"name\":\"Cave de vieillissement LIEBHERR WKES 4552-21 - Eurosdiscounts.com- Achat sur Internet a prix discount, Canap\u00e9s pas cher, Smartphone pas cher, pc portable pas cher..\",\"isPartOf\":{\"@id\":\"https:\/\/eurosdiscounts.com\/#website\"},\"primaryImageOfPage\":{\"@id\":\"https:\/\/eurosdiscounts.com\/index.php\/produit\/cave-de-vieillissement-liebherr-wkes-4552-21\/#primaryimage\"},\"image\":{\"@id\":\"https:\/\/eurosdiscounts.com\/index.php\/produit\/cave-de-vieillissement-liebherr-wkes-4552-21\/#primaryimage\"},\"thumbnailUrl\":\"https:\/\/eurosdiscounts.com\/wp-content\/uploads\/2023\/12\/liebherr_wkes_4552-21_t1608034232895A_122846239.png\",\"datePublished\":\"2023-12-12T08:14:59+00:00\",\"dateModified\":\"2023-12-12T08:15:00+00:00\",\"description\":\"Cave de vieillissement LIEBHERR WKES 4552-21\",\"breadcrumb\":{\"@id\":\"https:\/\/eurosdiscounts.com\/index.php\/produit\/cave-de-vieillissement-liebherr-wkes-4552-21\/#breadcrumb\"},\"inLanguage\":\"fr-FR\",\"potentialAction\":[{\"@type\":\"ReadAction\",\"target\":[\"https:\/\/eurosdiscounts.com\/index.php\/produit\/cave-de-vieillissement-liebherr-wkes-4552-21\/\"]}]},{\"@type\":\"ImageObject\",\"inLanguage\":\"fr-FR\",\"@id\":\"https:\/\/eurosdiscounts.com\/index.php\/produit\/cave-de-vieillissement-liebherr-wkes-4552-21\/#primaryimage\",\"url\":\"https:\/\/eurosdiscounts.com\/wp-content\/uploads\/2023\/12\/liebherr_wkes_4552-21_t1608034232895A_122846239.png\",\"contentUrl\":\"https:\/\/eurosdiscounts.com\/wp-content\/uploads\/2023\/12\/liebherr_wkes_4552-21_t1608034232895A_122846239.png\",\"width\":300,\"height\":450},{\"@type\":\"BreadcrumbList\",\"@id\":\"https:\/\/eurosdiscounts.com\/index.php\/produit\/cave-de-vieillissement-liebherr-wkes-4552-21\/#breadcrumb\",\"itemListElement\":[{\"@type\":\"ListItem\",\"position\":1,\"name\":\"Accueil\",\"item\":\"https:\/\/eurosdiscounts.com\/\"},{\"@type\":\"ListItem\",\"position\":2,\"name\":\"Boutique\",\"item\":\"https:\/\/eurosdiscounts.com\/index.php\/boutique\/\"},{\"@type\":\"ListItem\",\"position\":3,\"name\":\"Cave de vieillissement LIEBHERR WKES 4552-21\"}]},{\"@type\":\"WebSite\",\"@id\":\"https:\/\/eurosdiscounts.com\/#website\",\"url\":\"https:\/\/eurosdiscounts.com\/\",\"name\":\"Eurosdiscounts.com- Achat sur Internet a prix discount, Canap\u00e9s pas cher, Smartphone pas cher, pc portable pas cher..\",\"description\":\"Eurosdiscounts.com- Achat sur Internet a prix discount, Canap\u00e9s pas cher, Smartphone pas cher, pc portable pas cher..\",\"potentialAction\":[{\"@type\":\"SearchAction\",\"target\":{\"@type\":\"EntryPoint\",\"urlTemplate\":\"https:\/\/eurosdiscounts.com\/?s={search_term_string}\"},\"query-input\":{\"@type\":\"PropertyValueSpecification\",\"valueRequired\":true,\"valueName\":\"search_term_string\"}}],\"inLanguage\":\"fr-FR\"}]}<\/script>\n<!-- \/ Yoast SEO plugin. -->","yoast_head_json":{"title":"Cave de vieillissement LIEBHERR WKES 4552-21 - Eurosdiscounts.com- Achat sur Internet a prix discount, Canap\u00e9s pas cher, Smartphone pas cher, pc portable pas cher..","description":"Cave de vieillissement LIEBHERR WKES 4552-21","robots":{"index":"index","follow":"follow","max-snippet":"max-snippet:-1","max-image-preview":"max-image-preview:large","max-video-preview":"max-video-preview:-1"},"canonical":"https:\/\/eurosdiscounts.com\/index.php\/produit\/cave-de-vieillissement-liebherr-wkes-4552-21\/","og_locale":"fr_FR","og_type":"article","og_title":"Cave de vieillissement LIEBHERR WKES 4552-21 - Eurosdiscounts.com- Achat sur Internet a prix discount, Canap\u00e9s pas cher, Smartphone pas cher, pc portable pas cher..","og_description":"Cave de vieillissement LIEBHERR WKES 4552-21","og_url":"https:\/\/eurosdiscounts.com\/index.php\/produit\/cave-de-vieillissement-liebherr-wkes-4552-21\/","og_site_name":"Eurosdiscounts.com- Achat sur Internet a prix discount, Canap\u00e9s pas cher, Smartphone pas cher, pc portable pas cher..","article_modified_time":"2023-12-12T08:15:00+00:00","og_image":[{"width":300,"height":450,"url":"https:\/\/eurosdiscounts.com\/wp-content\/uploads\/2023\/12\/liebherr_wkes_4552-21_t1608034232895A_122846239.png","type":"image\/png"}],"twitter_card":"summary_large_image","twitter_misc":{"Dur\u00e9e de lecture estim\u00e9e":"2 minutes"},"schema":{"@context":"https:\/\/schema.org","@graph":[{"@type":"WebPage","@id":"https:\/\/eurosdiscounts.com\/index.php\/produit\/cave-de-vieillissement-liebherr-wkes-4552-21\/","url":"https:\/\/eurosdiscounts.com\/index.php\/produit\/cave-de-vieillissement-liebherr-wkes-4552-21\/","name":"Cave de vieillissement LIEBHERR WKES 4552-21 - Eurosdiscounts.com- Achat sur Internet a prix discount, Canap\u00e9s pas cher, Smartphone pas cher, pc portable pas cher..","isPartOf":{"@id":"https:\/\/eurosdiscounts.com\/#website"},"primaryImageOfPage":{"@id":"https:\/\/eurosdiscounts.com\/index.php\/produit\/cave-de-vieillissement-liebherr-wkes-4552-21\/#primaryimage"},"image":{"@id":"https:\/\/eurosdiscounts.com\/index.php\/produit\/cave-de-vieillissement-liebherr-wkes-4552-21\/#primaryimage"},"thumbnailUrl":"https:\/\/eurosdiscounts.com\/wp-content\/uploads\/2023\/12\/liebherr_wkes_4552-21_t1608034232895A_122846239.png","datePublished":"2023-12-12T08:14:59+00:00","dateModified":"2023-12-12T08:15:00+00:00","description":"Cave de vieillissement LIEBHERR WKES 4552-21","breadcrumb":{"@id":"https:\/\/eurosdiscounts.com\/index.php\/produit\/cave-de-vieillissement-liebherr-wkes-4552-21\/#breadcrumb"},"inLanguage":"fr-FR","potentialAction":[{"@type":"ReadAction","target":["https:\/\/eurosdiscounts.com\/index.php\/produit\/cave-de-vieillissement-liebherr-wkes-4552-21\/"]}]},{"@type":"ImageObject","inLanguage":"fr-FR","@id":"https:\/\/eurosdiscounts.com\/index.php\/produit\/cave-de-vieillissement-liebherr-wkes-4552-21\/#primaryimage","url":"https:\/\/eurosdiscounts.com\/wp-content\/uploads\/2023\/12\/liebherr_wkes_4552-21_t1608034232895A_122846239.png","contentUrl":"https:\/\/eurosdiscounts.com\/wp-content\/uploads\/2023\/12\/liebherr_wkes_4552-21_t1608034232895A_122846239.png","width":300,"height":450},{"@type":"BreadcrumbList","@id":"https:\/\/eurosdiscounts.com\/index.php\/produit\/cave-de-vieillissement-liebherr-wkes-4552-21\/#breadcrumb","itemListElement":[{"@type":"ListItem","position":1,"name":"Accueil","item":"https:\/\/eurosdiscounts.com\/"},{"@type":"ListItem","position":2,"name":"Boutique","item":"https:\/\/eurosdiscounts.com\/index.php\/boutique\/"},{"@type":"ListItem","position":3,"name":"Cave de vieillissement LIEBHERR WKES 4552-21"}]},{"@type":"WebSite","@id":"https:\/\/eurosdiscounts.com\/#website","url":"https:\/\/eurosdiscounts.com\/","name":"Eurosdiscounts.com- Achat sur Internet a prix discount, Canap\u00e9s pas cher, Smartphone pas cher, pc portable pas cher..","description":"Eurosdiscounts.com- Achat sur Internet a prix discount, Canap\u00e9s pas cher, Smartphone pas cher, pc portable pas cher..","potentialAction":[{"@type":"SearchAction","target":{"@type":"EntryPoint","urlTemplate":"https:\/\/eurosdiscounts.com\/?s={search_term_string}"},"query-input":{"@type":"PropertyValueSpecification","valueRequired":true,"valueName":"search_term_string"}}],"inLanguage":"fr-FR"}]}},"_links":{"self":[{"href":"https:\/\/eurosdiscounts.com\/index.php\/wp-json\/wp\/v2\/product\/20758","targetHints":{"allow":["GET"]}}],"collection":[{"href":"https:\/\/eurosdiscounts.com\/index.php\/wp-json\/wp\/v2\/product"}],"about":[{"href":"https:\/\/eurosdiscounts.com\/index.php\/wp-json\/wp\/v2\/types\/product"}],"replies":[{"embeddable":true,"href":"https:\/\/eurosdiscounts.com\/index.php\/wp-json\/wp\/v2\/comments?post=20758"}],"wp:featuredmedia":[{"embeddable":true,"href":"https:\/\/eurosdiscounts.com\/index.php\/wp-json\/wp\/v2\/media\/20759"}],"wp:attachment":[{"href":"https:\/\/eurosdiscounts.com\/index.php\/wp-json\/wp\/v2\/media?parent=20758"}],"wp:term":[{"taxonomy":"product_cat","embeddable":true,"href":"https:\/\/eurosdiscounts.com\/index.php\/wp-json\/wp\/v2\/product_cat?post=20758"},{"taxonomy":"product_tag","embeddable":true,"href":"https:\/\/eurosdiscounts.com\/index.php\/wp-json\/wp\/v2\/product_tag?post=20758"}],"curies":[{"name":"wp","href":"https:\/\/api.w.org\/{rel}","templated":true}]}}