{"id":20731,"date":"2023-12-12T08:35:09","date_gmt":"2023-12-12T07:35:09","guid":{"rendered":"https:\/\/eurosdiscounts.com\/?post_type=product&#038;p=20731"},"modified":"2023-12-12T08:35:09","modified_gmt":"2023-12-12T07:35:09","slug":"cave-multi-temperatures-haier-hws79gdg","status":"publish","type":"product","link":"https:\/\/eurosdiscounts.com\/index.php\/produit\/cave-multi-temperatures-haier-hws79gdg\/","title":{"rendered":"Cave multi-temp\u00e9ratures HAIER HWS79GDG"},"content":{"rendered":"<div><b>La cave \u00e0 vin double zone Haier HWS79GDG est dot\u00e9e du froid brass\u00e9 et d&rsquo;une capacit\u00e9 de 190 litres afin de stocker jusqu&rsquo;\u00e0 79 bouteilles. Son froid brass\u00e9 allie \u00e9l\u00e9gance et efficacit\u00e9 de conservation.<\/b><\/div>\n<div><\/div>\n<div><b>Design<\/b><\/div>\n<div>\u00c9l\u00e9gante, son \u00e9clairage LED Top +c\u00f4t\u00e9s, les clayettes en bois, la porte en verre et le display int\u00e9gr\u00e9 dans la porte sont le r\u00e9sultat d&rsquo;une recherche approfondie pour obtenir l&rsquo;association parfaite entre \u00e9l\u00e9gance et facilit\u00e9 d\u2019utilisation.<\/div>\n<div><\/div>\n<div><b>Double zone<\/b><\/div>\n<div>Deux zones de temp\u00e9rature distinctes vous permettent de stocker ensemble vos vins rouge et blanc \u00e0 des temp\u00e9ratures id\u00e9ales.<\/div>\n<div><\/div>\n<div>\n<div><b>Grille de protection<\/b><\/div>\n<div>Prenez soin de vos bouteilles gr\u00e2ce \u00e0 cette grille de protection anti chocs thermiques.<\/div>\n<\/div>\n<div><\/div>\n<div>\n<div><b>Porte verre trait\u00e9e anti-UV<\/b><\/div>\n<div>Les rayons UV sont les ennemis de votre vin. Gr\u00e2ce \u00e0 la porte en verre \u00e0 filtres anti-UV, vos vins sont prot\u00e9g\u00e9s contre les rayons ind\u00e9sirables.<\/div>\n<\/div>\n<div><\/div>\n<div><b>Clayettes en bois semi-coulissantes<\/b><\/div>\n<div>Afin de stocker votre vin de fa\u00e7on optimale, la cave \u00e0 vin dispose de clayettes en bois.<\/div>\n<div><\/div>\n<div><b>Syst\u00e8me anti-vibration<\/b><\/div>\n<div>Le compresseur de la cave \u00e0 vin est dot\u00e9 d&rsquo;un syst\u00e8me qui neutralise les micro vibrations nocives pour votre vin ainsi que les bruits.<\/div>\n<div><\/div>\n<div>\n<div><b>Filtre \u00e0 charbon<\/b><\/div>\n<div>Il purifie l&rsquo;air et neutralise les odeurs.<\/div>\n<\/div>\n<div><\/div>\n<div>\n<div><b>Alarme<\/b><\/div>\n<div>Visuelle et sonore, elle signale une remont\u00e9e anormale de la temp\u00e9rature.<\/div>\n<\/div>\n<div><\/div>\n<div><b>Eclairage LED<\/b><\/div>\n<div>Un syst\u00e8me d&rsquo;\u00e9clairage est \u00e9galement con\u00e7u pour une meilleure visibilit\u00e9 de vos bouteilles.<\/div>\n<div><\/div>\n<div>\n<div><b>Classe climatique\u00a0subtropicale<\/b><\/div>\n<div>Cette cave fonctionne normalement \u00e0 une temp\u00e9rature ambiante allant de +10 \u00e0 +38\u00b0C.<\/div>\n<\/div>\n<div>\n<div><b>Application HON<\/b><\/div>\n<div>D\u00e9couvrez le contenu de votre cave \u00e0 vin gr\u00e2ce \u00e0 notre application intuitive \u00abhOn\u00bb, d\u00e9velopp\u00e9e en partenariat avec Vivino, la plus grande communaut\u00e9 viticole mondiale.<br \/>\nLa fonction \u00ab Scan du vin \u00bb, par exemple, vous permet de num\u00e9riser une \u00e9tiquette de bouteille et d&rsquo;obtenir toutes les informations pertinentes telles que le vignoble, les c\u00e9pages, l&rsquo;ann\u00e9e de production et l&rsquo;\u00e9valuation de l&rsquo;utilisateur Vivino. De plus, l&rsquo;application hOn ins\u00e9rera automatiquement ce vin dans votre banque des vins.<br \/>\nVous pouvez \u00e9galement consulter la note des utilisateurs de chaque bouteille de vin et m\u00eame d\u00e9couvrir de nouveaux vins qui correspondent \u00e0 vos go\u00fbts gr\u00e2ce \u00e0 des suggestions de vins d\u00e9di\u00e9es adapt\u00e9es \u00e0 vos pr\u00e9f\u00e9rences personnelles.<\/div>\n<\/div>\n","protected":false},"excerpt":{"rendered":"<table class=\"font-2\">\n<tbody>\n<tr class=\"odd\">\n<th scope=\"row\">Classe \u00e9nerg\u00e9tique<\/th>\n<td class=\"font-2-b\">\n<ul class=\"characteristics\">\n<li class=\"\">G<\/li>\n<\/ul>\n<\/td>\n<\/tr>\n<tr class=\"\">\n<th scope=\"row\">Consommation d&rsquo;\u00e9nergie annuelle<\/th>\n<td class=\"font-2-b\">\n<ul class=\"characteristics\">\n<li class=\"\">152 kWh<\/li>\n<\/ul>\n<\/td>\n<\/tr>\n<tr class=\"odd\">\n<th scope=\"row\">Nombre de bouteilles (cave)<\/th>\n<td class=\"font-2-b\">\n<ul class=\"characteristics\">\n<li class=\"\">79<\/li>\n<\/ul>\n<\/td>\n<\/tr>\n<tr class=\"\">\n<th scope=\"row\">Niveau sonore<\/th>\n<td class=\"font-2-b\">\n<ul class=\"characteristics\">\n<li class=\"\">37 dB<\/li>\n<\/ul>\n<\/td>\n<\/tr>\n<tr class=\"odd\">\n<th scope=\"row\">Cat\u00e9gorie de niveau sonore<\/th>\n<td class=\"font-2-b\">\n<ul class=\"characteristics\">\n<li class=\"\">C<\/li>\n<\/ul>\n<\/td>\n<\/tr>\n<tr class=\"\">\n<th scope=\"row\">Fonctionnalit\u00e9 appareil du froid<\/th>\n<td class=\"font-2-b\">\n<ul class=\"characteristics\">\n<li class=\"\">Affichage de la temp\u00e9rature<\/li>\n<li class=\"\">Registre de cave<\/li>\n<\/ul>\n<\/td>\n<\/tr>\n<tr class=\"odd\">\n<th scope=\"row\">Type de pose<\/th>\n<td class=\"font-2-b\">\n<ul class=\"characteristics\">\n<li class=\"\">Pose libre<\/li>\n<\/ul>\n<\/td>\n<\/tr>\n<tr class=\"\">\n<th scope=\"row\">Co\u00fbt estim\u00e9 d&rsquo;utilisation annuel<\/th>\n<td class=\"font-2-b\">\n<ul class=\"characteristics\">\n<li class=\"\">26,45 Euros<\/li>\n<\/ul>\n<\/td>\n<\/tr>\n<tr class=\"odd\">\n<th scope=\"row\">Volume total<\/th>\n<td class=\"font-2-b\">\n<ul class=\"characteristics\">\n<li class=\"\">190 l<\/li>\n<\/ul>\n<\/td>\n<\/tr>\n<tr class=\"\">\n<th scope=\"row\">Nombre de porte<\/th>\n<td class=\"font-2-b\">\n<ul class=\"characteristics\">\n<li class=\"\">1<\/li>\n<\/ul>\n<\/td>\n<\/tr>\n<tr class=\"odd\">\n<th scope=\"row\">Ouverture de la porte<\/th>\n<td class=\"font-2-b\">\n<ul class=\"characteristics\">\n<li class=\"\">\u00c0 gauche<\/li>\n<\/ul>\n<\/td>\n<\/tr>\n<tr class=\"\">\n<th scope=\"row\">Porte r\u00e9versible<\/th>\n<td class=\"font-2-b\">\n<ul class=\"characteristics\">\n<li class=\"\">Non<\/li>\n<\/ul>\n<\/td>\n<\/tr>\n<tr class=\"odd\">\n<th scope=\"row\">Connect\u00e9<\/th>\n<td class=\"font-2-b\">\n<ul class=\"characteristics\">\n<li class=\"\">Non<\/li>\n<\/ul>\n<\/td>\n<\/tr>\n<tr class=\"\">\n<th scope=\"row\">Hauteur<\/th>\n<td class=\"font-2-b\">\n<ul class=\"characteristics\">\n<li class=\"\">127 cm<\/li>\n<\/ul>\n<\/td>\n<\/tr>\n<tr class=\"odd\">\n<th scope=\"row\">Largeur<\/th>\n<td class=\"font-2-b\">\n<ul class=\"characteristics\">\n<li class=\"\">49,7 cm<\/li>\n<\/ul>\n<\/td>\n<\/tr>\n<tr class=\"\">\n<th scope=\"row\">Profondeur du produit<\/th>\n<td class=\"font-2-b\">\n<ul class=\"characteristics\">\n<li class=\"\">58,5 cm<\/li>\n<\/ul>\n<\/td>\n<\/tr>\n<tr class=\"odd\">\n<th scope=\"row\">Classe climatique<\/th>\n<td class=\"font-2-b\">\n<ul class=\"characteristics\">\n<li class=\"\">SN-ST<\/li>\n<\/ul>\n<\/td>\n<\/tr>\n<tr class=\"\">\n<th scope=\"row\">Nombre de clayettes<\/th>\n<td class=\"font-2-b\">\n<ul class=\"characteristics\">\n<li class=\"\">5<\/li>\n<\/ul>\n<\/td>\n<\/tr>\n<tr class=\"odd\">\n<th scope=\"row\">Type de clayettes<\/th>\n<td class=\"font-2-b\">\n<ul class=\"characteristics\">\n<li class=\"\">Bois<\/li>\n<\/ul>\n<\/td>\n<\/tr>\n<tr class=\"\">\n<th scope=\"row\">Filtre cave \u00e0 vin<\/th>\n<td class=\"font-2-b\">\n<ul class=\"characteristics\">\n<li class=\"\">Filtre \u00e0 charbon<\/li>\n<\/ul>\n<\/td>\n<\/tr>\n<tr class=\"odd\">\n<th scope=\"row\">Type de porte (cave)<\/th>\n<td class=\"font-2-b\">\n<ul class=\"characteristics\">\n<li class=\"\">Vitr\u00e9e<\/li>\n<\/ul>\n<\/td>\n<\/tr>\n<tr class=\"\">\n<th scope=\"row\">Caract\u00e9ristiques compl\u00e9mentaires<\/th>\n<td class=\"font-2-b\">\n<ul class=\"characteristics\">\n<li class=\"\">Contr\u00f4le d&rsquo;Hygrom\u00e9trie : automatique &#8211; Porte : trait\u00e9e anti-Uv (3 verres) &#8211; Poign\u00e9e int\u00e9gr\u00e9e &#8211; \u00c9tendue de la temp\u00e9rature 5\u00b0C \u00e0 20\u00b0C &#8211; 2 pieds ajustables &#8211; 2 roulettes<\/li>\n<\/ul>\n<\/td>\n<\/tr>\n<tr class=\"odd\">\n<th scope=\"row\">Garantie d&rsquo;origine<\/th>\n<td class=\"font-2-b\">\n<ul class=\"characteristics\">\n<li class=\"\">2 ans<\/li>\n<\/ul>\n<\/td>\n<\/tr>\n<tr class=\"\">\n<th scope=\"row\">Couleur<\/th>\n<td class=\"font-2-b\">\n<ul class=\"characteristics\">\n<li class=\"\">Noir<\/li>\n<\/ul>\n<\/td>\n<\/tr>\n<tr class=\"odd\">\n<th scope=\"row\">Poids<\/th>\n<td class=\"font-2-b\">\n<ul class=\"characteristics\">\n<li class=\"\">52,5 kg<\/li>\n<\/ul>\n<\/td>\n<\/tr>\n<tr class=\"\">\n<th scope=\"row\">Type de r\u00e9frig\u00e9ration<\/th>\n<td class=\"font-2-b\">\n<ul class=\"characteristics\">\n<li class=\"\">Froid brass\u00e9<\/li>\n<\/ul>\n<\/td>\n<\/tr>\n<tr class=\"odd\">\n<th scope=\"row\">Style et design<\/th>\n<td class=\"font-2-b\">\n<ul class=\"characteristics\">\n<li class=\"\">Classique<\/li>\n<\/ul>\n<\/td>\n<\/tr>\n<tr class=\"\">\n<th scope=\"row\">Pays de fabrication<\/th>\n<td class=\"font-2-b\">\n<ul class=\"characteristics\">\n<li class=\"\">Chine<\/li>\n<\/ul>\n<\/td>\n<\/tr>\n<tr class=\"odd\">\n<th scope=\"row\">Origine de fabrication<\/th>\n<td class=\"font-2-b\">\n<ul class=\"characteristics\">\n<li class=\"\">Fabriqu\u00e9 hors Europe<\/li>\n<\/ul>\n<\/td>\n<\/tr>\n<tr class=\"\">\n<th scope=\"row\">Disponibilit\u00e9 des pi\u00e8ces d\u00e9tach\u00e9es<\/th>\n<td class=\"font-2-b\">\n<ul class=\"characteristics\">\n<li class=\"\">11 ans<\/li>\n<\/ul>\n<\/td>\n<\/tr>\n<tr class=\"odd\">\n<th scope=\"row\">Code<\/th>\n<td class=\"font-2-b\">\n<ul class=\"characteristics\">\n<li class=\"\">7046561<\/li>\n<\/ul>\n<\/td>\n<\/tr>\n<\/tbody>\n<\/table>\n","protected":false},"featured_media":20732,"comment_status":"open","ping_status":"closed","template":"","meta":[],"product_cat":[217],"product_tag":[],"class_list":{"0":"post-20731","1":"product","2":"type-product","3":"status-publish","4":"has-post-thumbnail","6":"product_brand-haier","7":"product_cat-caves-a-vin","9":"first","10":"instock","11":"sale","12":"shipping-taxable","13":"purchasable","14":"product-type-simple","15":"col-xs-6 col-sm-4","16":"col-md-3 col-lg-3","17":"un-4-cols"},"yoast_head":"<!-- This site is optimized with the Yoast SEO plugin v27.0 - https:\/\/yoast.com\/product\/yoast-seo-wordpress\/ -->\n<title>Cave multi-temp\u00e9ratures HAIER HWS79GDG - Eurosdiscounts.com- Achat sur Internet a prix discount, Canap\u00e9s pas cher, Smartphone pas cher, pc portable pas cher..<\/title>\n<meta name=\"description\" content=\"Cave multi-temp\u00e9ratures HAIER HWS79GDG\" \/>\n<meta name=\"robots\" content=\"index, follow, max-snippet:-1, max-image-preview:large, max-video-preview:-1\" \/>\n<link rel=\"canonical\" href=\"https:\/\/eurosdiscounts.com\/index.php\/produit\/cave-multi-temperatures-haier-hws79gdg\/\" \/>\n<meta property=\"og:locale\" content=\"fr_FR\" \/>\n<meta property=\"og:type\" content=\"article\" \/>\n<meta property=\"og:title\" content=\"Cave multi-temp\u00e9ratures HAIER HWS79GDG - Eurosdiscounts.com- Achat sur Internet a prix discount, Canap\u00e9s pas cher, Smartphone pas cher, pc portable pas cher..\" \/>\n<meta property=\"og:description\" content=\"Cave multi-temp\u00e9ratures HAIER HWS79GDG\" \/>\n<meta property=\"og:url\" content=\"https:\/\/eurosdiscounts.com\/index.php\/produit\/cave-multi-temperatures-haier-hws79gdg\/\" \/>\n<meta property=\"og:site_name\" content=\"Eurosdiscounts.com- Achat sur Internet a prix discount, Canap\u00e9s pas cher, Smartphone pas cher, pc portable pas cher..\" \/>\n<meta property=\"og:image\" content=\"https:\/\/eurosdiscounts.com\/wp-content\/uploads\/2023\/12\/haier_hws79gdg_t2201127046561A_145052236.png\" \/>\n\t<meta property=\"og:image:width\" content=\"300\" \/>\n\t<meta property=\"og:image:height\" content=\"450\" \/>\n\t<meta property=\"og:image:type\" content=\"image\/png\" \/>\n<meta name=\"twitter:card\" content=\"summary_large_image\" \/>\n<meta name=\"twitter:label1\" content=\"Dur\u00e9e de lecture estim\u00e9e\" \/>\n\t<meta name=\"twitter:data1\" content=\"2 minutes\" \/>\n<script type=\"application\/ld+json\" class=\"yoast-schema-graph\">{\"@context\":\"https:\/\/schema.org\",\"@graph\":[{\"@type\":\"WebPage\",\"@id\":\"https:\/\/eurosdiscounts.com\/index.php\/produit\/cave-multi-temperatures-haier-hws79gdg\/\",\"url\":\"https:\/\/eurosdiscounts.com\/index.php\/produit\/cave-multi-temperatures-haier-hws79gdg\/\",\"name\":\"Cave multi-temp\u00e9ratures HAIER HWS79GDG - Eurosdiscounts.com- Achat sur Internet a prix discount, Canap\u00e9s pas cher, Smartphone pas cher, pc portable pas cher..\",\"isPartOf\":{\"@id\":\"https:\/\/eurosdiscounts.com\/#website\"},\"primaryImageOfPage\":{\"@id\":\"https:\/\/eurosdiscounts.com\/index.php\/produit\/cave-multi-temperatures-haier-hws79gdg\/#primaryimage\"},\"image\":{\"@id\":\"https:\/\/eurosdiscounts.com\/index.php\/produit\/cave-multi-temperatures-haier-hws79gdg\/#primaryimage\"},\"thumbnailUrl\":\"https:\/\/eurosdiscounts.com\/wp-content\/uploads\/2023\/12\/haier_hws79gdg_t2201127046561A_145052236.png\",\"datePublished\":\"2023-12-12T07:35:09+00:00\",\"description\":\"Cave multi-temp\u00e9ratures HAIER HWS79GDG\",\"breadcrumb\":{\"@id\":\"https:\/\/eurosdiscounts.com\/index.php\/produit\/cave-multi-temperatures-haier-hws79gdg\/#breadcrumb\"},\"inLanguage\":\"fr-FR\",\"potentialAction\":[{\"@type\":\"ReadAction\",\"target\":[\"https:\/\/eurosdiscounts.com\/index.php\/produit\/cave-multi-temperatures-haier-hws79gdg\/\"]}]},{\"@type\":\"ImageObject\",\"inLanguage\":\"fr-FR\",\"@id\":\"https:\/\/eurosdiscounts.com\/index.php\/produit\/cave-multi-temperatures-haier-hws79gdg\/#primaryimage\",\"url\":\"https:\/\/eurosdiscounts.com\/wp-content\/uploads\/2023\/12\/haier_hws79gdg_t2201127046561A_145052236.png\",\"contentUrl\":\"https:\/\/eurosdiscounts.com\/wp-content\/uploads\/2023\/12\/haier_hws79gdg_t2201127046561A_145052236.png\",\"width\":300,\"height\":450},{\"@type\":\"BreadcrumbList\",\"@id\":\"https:\/\/eurosdiscounts.com\/index.php\/produit\/cave-multi-temperatures-haier-hws79gdg\/#breadcrumb\",\"itemListElement\":[{\"@type\":\"ListItem\",\"position\":1,\"name\":\"Accueil\",\"item\":\"https:\/\/eurosdiscounts.com\/\"},{\"@type\":\"ListItem\",\"position\":2,\"name\":\"Boutique\",\"item\":\"https:\/\/eurosdiscounts.com\/index.php\/boutique\/\"},{\"@type\":\"ListItem\",\"position\":3,\"name\":\"Cave multi-temp\u00e9ratures HAIER HWS79GDG\"}]},{\"@type\":\"WebSite\",\"@id\":\"https:\/\/eurosdiscounts.com\/#website\",\"url\":\"https:\/\/eurosdiscounts.com\/\",\"name\":\"Eurosdiscounts.com- Achat sur Internet a prix discount, Canap\u00e9s pas cher, Smartphone pas cher, pc portable pas cher..\",\"description\":\"Eurosdiscounts.com- Achat sur Internet a prix discount, Canap\u00e9s pas cher, Smartphone pas cher, pc portable pas cher..\",\"potentialAction\":[{\"@type\":\"SearchAction\",\"target\":{\"@type\":\"EntryPoint\",\"urlTemplate\":\"https:\/\/eurosdiscounts.com\/?s={search_term_string}\"},\"query-input\":{\"@type\":\"PropertyValueSpecification\",\"valueRequired\":true,\"valueName\":\"search_term_string\"}}],\"inLanguage\":\"fr-FR\"}]}<\/script>\n<!-- \/ Yoast SEO plugin. -->","yoast_head_json":{"title":"Cave multi-temp\u00e9ratures HAIER HWS79GDG - Eurosdiscounts.com- Achat sur Internet a prix discount, Canap\u00e9s pas cher, Smartphone pas cher, pc portable pas cher..","description":"Cave multi-temp\u00e9ratures HAIER HWS79GDG","robots":{"index":"index","follow":"follow","max-snippet":"max-snippet:-1","max-image-preview":"max-image-preview:large","max-video-preview":"max-video-preview:-1"},"canonical":"https:\/\/eurosdiscounts.com\/index.php\/produit\/cave-multi-temperatures-haier-hws79gdg\/","og_locale":"fr_FR","og_type":"article","og_title":"Cave multi-temp\u00e9ratures HAIER HWS79GDG - Eurosdiscounts.com- Achat sur Internet a prix discount, Canap\u00e9s pas cher, Smartphone pas cher, pc portable pas cher..","og_description":"Cave multi-temp\u00e9ratures HAIER HWS79GDG","og_url":"https:\/\/eurosdiscounts.com\/index.php\/produit\/cave-multi-temperatures-haier-hws79gdg\/","og_site_name":"Eurosdiscounts.com- Achat sur Internet a prix discount, Canap\u00e9s pas cher, Smartphone pas cher, pc portable pas cher..","og_image":[{"width":300,"height":450,"url":"https:\/\/eurosdiscounts.com\/wp-content\/uploads\/2023\/12\/haier_hws79gdg_t2201127046561A_145052236.png","type":"image\/png"}],"twitter_card":"summary_large_image","twitter_misc":{"Dur\u00e9e de lecture estim\u00e9e":"2 minutes"},"schema":{"@context":"https:\/\/schema.org","@graph":[{"@type":"WebPage","@id":"https:\/\/eurosdiscounts.com\/index.php\/produit\/cave-multi-temperatures-haier-hws79gdg\/","url":"https:\/\/eurosdiscounts.com\/index.php\/produit\/cave-multi-temperatures-haier-hws79gdg\/","name":"Cave multi-temp\u00e9ratures HAIER HWS79GDG - Eurosdiscounts.com- Achat sur Internet a prix discount, Canap\u00e9s pas cher, Smartphone pas cher, pc portable pas cher..","isPartOf":{"@id":"https:\/\/eurosdiscounts.com\/#website"},"primaryImageOfPage":{"@id":"https:\/\/eurosdiscounts.com\/index.php\/produit\/cave-multi-temperatures-haier-hws79gdg\/#primaryimage"},"image":{"@id":"https:\/\/eurosdiscounts.com\/index.php\/produit\/cave-multi-temperatures-haier-hws79gdg\/#primaryimage"},"thumbnailUrl":"https:\/\/eurosdiscounts.com\/wp-content\/uploads\/2023\/12\/haier_hws79gdg_t2201127046561A_145052236.png","datePublished":"2023-12-12T07:35:09+00:00","description":"Cave multi-temp\u00e9ratures HAIER HWS79GDG","breadcrumb":{"@id":"https:\/\/eurosdiscounts.com\/index.php\/produit\/cave-multi-temperatures-haier-hws79gdg\/#breadcrumb"},"inLanguage":"fr-FR","potentialAction":[{"@type":"ReadAction","target":["https:\/\/eurosdiscounts.com\/index.php\/produit\/cave-multi-temperatures-haier-hws79gdg\/"]}]},{"@type":"ImageObject","inLanguage":"fr-FR","@id":"https:\/\/eurosdiscounts.com\/index.php\/produit\/cave-multi-temperatures-haier-hws79gdg\/#primaryimage","url":"https:\/\/eurosdiscounts.com\/wp-content\/uploads\/2023\/12\/haier_hws79gdg_t2201127046561A_145052236.png","contentUrl":"https:\/\/eurosdiscounts.com\/wp-content\/uploads\/2023\/12\/haier_hws79gdg_t2201127046561A_145052236.png","width":300,"height":450},{"@type":"BreadcrumbList","@id":"https:\/\/eurosdiscounts.com\/index.php\/produit\/cave-multi-temperatures-haier-hws79gdg\/#breadcrumb","itemListElement":[{"@type":"ListItem","position":1,"name":"Accueil","item":"https:\/\/eurosdiscounts.com\/"},{"@type":"ListItem","position":2,"name":"Boutique","item":"https:\/\/eurosdiscounts.com\/index.php\/boutique\/"},{"@type":"ListItem","position":3,"name":"Cave multi-temp\u00e9ratures HAIER HWS79GDG"}]},{"@type":"WebSite","@id":"https:\/\/eurosdiscounts.com\/#website","url":"https:\/\/eurosdiscounts.com\/","name":"Eurosdiscounts.com- Achat sur Internet a prix discount, Canap\u00e9s pas cher, Smartphone pas cher, pc portable pas cher..","description":"Eurosdiscounts.com- Achat sur Internet a prix discount, Canap\u00e9s pas cher, Smartphone pas cher, pc portable pas cher..","potentialAction":[{"@type":"SearchAction","target":{"@type":"EntryPoint","urlTemplate":"https:\/\/eurosdiscounts.com\/?s={search_term_string}"},"query-input":{"@type":"PropertyValueSpecification","valueRequired":true,"valueName":"search_term_string"}}],"inLanguage":"fr-FR"}]}},"_links":{"self":[{"href":"https:\/\/eurosdiscounts.com\/index.php\/wp-json\/wp\/v2\/product\/20731","targetHints":{"allow":["GET"]}}],"collection":[{"href":"https:\/\/eurosdiscounts.com\/index.php\/wp-json\/wp\/v2\/product"}],"about":[{"href":"https:\/\/eurosdiscounts.com\/index.php\/wp-json\/wp\/v2\/types\/product"}],"replies":[{"embeddable":true,"href":"https:\/\/eurosdiscounts.com\/index.php\/wp-json\/wp\/v2\/comments?post=20731"}],"wp:featuredmedia":[{"embeddable":true,"href":"https:\/\/eurosdiscounts.com\/index.php\/wp-json\/wp\/v2\/media\/20732"}],"wp:attachment":[{"href":"https:\/\/eurosdiscounts.com\/index.php\/wp-json\/wp\/v2\/media?parent=20731"}],"wp:term":[{"taxonomy":"product_cat","embeddable":true,"href":"https:\/\/eurosdiscounts.com\/index.php\/wp-json\/wp\/v2\/product_cat?post=20731"},{"taxonomy":"product_tag","embeddable":true,"href":"https:\/\/eurosdiscounts.com\/index.php\/wp-json\/wp\/v2\/product_tag?post=20731"}],"curies":[{"name":"wp","href":"https:\/\/api.w.org\/{rel}","templated":true}]}}